{"id":181858,"date":"2025-07-31T12:51:03","date_gmt":"2025-07-31T10:51:12","guid":{"rendered":"https:\/\/www.versiegelung24.com\/?post_type=product&#038;p=181858"},"modified":"2025-09-05T13:51:41","modified_gmt":"2025-09-05T11:51:41","slug":"holzimpragnierung-silanbasis","status":"publish","type":"product","link":"https:\/\/www.versiegelung24.com\/lv\/holzimpragnierung-silanbasis.html","title":{"rendered":"Koksnes impregn\u0113\u0161ana &#8211; dabiska koksnes aizsardz\u012bba uz sil\u0101na b\u0101zes"},"content":{"rendered":"\n<h2 class=\"wp-block-heading\" id=\"h-holzschutz-naturimpragnierung-auf-silanbasis-wasserbasierend\"><strong>Koksnes aizsardz\u012bba: dabiskais impregn\u0113jums uz sil\u0101na b\u0101zes (uz \u016bdens b\u0101zes).<\/strong><\/h2>\n\n<p>Augsta kvalit\u0101te Ra\u017eots V\u0101cij\u0101.<\/p>\n\n<hr\/>\n\n<div class=\"wp-block-columns is-layout-flex wp-container-core-columns-is-layout-9d6595d7 wp-block-columns-is-layout-flex\">\n<div class=\"wp-block-column is-layout-flow wp-block-column-is-layout-flow\">\n<p>M\u016bsu koksnes impregn\u0113\u0161anas sist\u0113ma ir lieto\u0161anai gatava impregn\u0113\u0161anas sist\u0113ma uz sil\u0101na b\u0101zes. T\u0101 stabiliz\u0113 lign\u012bnu un t\u0101d\u0113j\u0101di iev\u0113rojami aizsarg\u0101 koksni no pel\u0113kuma. T\u0101s hidrofob\u0101s \u012bpa\u0161\u012bbas nov\u0113r\u0161 nev\u0113lama mitruma un net\u012brumu iek\u013c\u016b\u0161anu koksn\u0113.  <\/p>\n\n\n\n<p><strong>Piem\u0113rots:<\/strong> Piem\u0113rots: kokam, celi\u0146iem, nojum\u0113m, nojum\u0113m, palodz\u0113m, d\u0101rza nojum\u0113m, d\u0101rza m\u0113bel\u0113m, celtniec\u012bbas kokmateri\u0101liem, fas\u0101d\u0113m, st\u0101diem, teras\u0113m, \u017eogiem un daudz kam citam.<\/p>\n<\/div>\n\n\n\n<div class=\"wp-block-column is-layout-flow wp-block-column-is-layout-flow\">\n<figure class=\"wp-block-image size-large\"><img fetchpriority=\"high\" decoding=\"async\" width=\"1300\" height=\"851\" src=\"https:\/\/www.versiegelung24.com\/wp-content\/uploads\/2025\/07\/image-1300x851.png\" alt=\"\" class=\"wp-image-181965\" srcset=\"https:\/\/www.versiegelung24.com\/wp-content\/uploads\/2025\/07\/image-1300x851.png 1300w, https:\/\/www.versiegelung24.com\/wp-content\/uploads\/2025\/07\/image-300x196.png 300w, https:\/\/www.versiegelung24.com\/wp-content\/uploads\/2025\/07\/image-768x503.png 768w, https:\/\/www.versiegelung24.com\/wp-content\/uploads\/2025\/07\/image-1536x1006.png 1536w, https:\/\/www.versiegelung24.com\/wp-content\/uploads\/2025\/07\/image-600x393.png 600w, https:\/\/www.versiegelung24.com\/wp-content\/uploads\/2025\/07\/image.png 1784w\" sizes=\"(max-width: 1300px) 100vw, 1300px\" \/><\/figure>\n<\/div>\n<\/div>\n\n<h4 class=\"wp-block-heading\" id=\"properties\">Produkta \u012bpa\u0161\u012bbas<\/h4>\n\n<div class=\"wp-block-columns is-layout-flex wp-container-core-columns-is-layout-9d6595d7 wp-block-columns-is-layout-flex\">\n<div class=\"wp-block-column is-layout-flow wp-block-column-is-layout-flow\">\n<ul class=\"wp-block-list\">\n<li><strong>Notur\u012bga kr\u0101sa<\/strong> &#8211; caursp\u012bd\u012bga aizsardz\u012bba koksnes kr\u0101sas saglab\u0101\u0161anai  <\/li>\n\n\n\n<li><strong>Nesatur naftas produktus<\/strong> &#8211; Videi draudz\u012bgs sast\u0101vs  <\/li>\n\n\n\n<li><strong>Gruntskr\u0101sa un aizsargfunkcija vien\u0101 sol\u012b<\/strong> &#8211; Viegla uzkl\u0101\u0161ana  <\/li>\n\n\n\n<li><strong>\u013boti \u0101tra \u017e\u0101v\u0113\u0161ana<\/strong> &#8211; apstr\u0101de, kas ietaupa laiku  <\/li>\n\n\n\n<li><strong>Ilgm\u016b\u017e\u012bba<\/strong> &#8211; 2-5 gadi (iev\u0113rojami ilg\u0101k, ja to izmanto iek\u0161telp\u0101s)<\/li>\n\n\n\n<li><strong>Lign\u012bna aizsardz\u012bba<\/strong> iev\u0113rojami <strong>aizkav\u0113<\/strong> <strong>pel\u0113\u0161anas procesu<\/strong> par <strong>vair\u0101kiem m\u0113ne\u0161iem<\/strong>.<\/li>\n<\/ul>\n<\/div>\n\n\n\n<div class=\"wp-block-column is-layout-flow wp-block-column-is-layout-flow\">\n<ul class=\"wp-block-list\">\n<li><strong>Nesatur PFAS, PFOA un PFOS<\/strong><\/li>\n\n\n\n<li><strong>Aizsarg\u0101 pret pel\u0113ko nokr\u0101su saules staru ietekm\u0113<\/strong> &#8211; UV aizsardz\u012bba  <\/li>\n\n\n\n<li><strong>\u016adens un net\u012brumu atgr\u016bdo\u0161s<\/strong> &#8211; hidrofob\u0101s \u012bpa\u0161\u012bbas  <\/li>\n\n\n\n<li><strong>Nov\u0113r\u0161 a\u013c\u0123u, s\u016bnu un \u0137\u0113rpju aug\u0161anu<\/strong> &#8211; Ilgnotur\u012bga aizsardz\u012bba  <\/li>\n\n\n\n<li><strong>Pat\u0113ri\u0146\u0161: 1 litrs ir pietiekams apm\u0113ram 30 &#8211; 40 m\u00b2<\/strong> (atkar\u012bb\u0101 no substr\u0101ta).<\/li>\n\n\n\n<li><strong>Piem\u0113rots vertik\u0101l\u0101m<\/strong> koka virsm\u0101m virs (koka \u017eogi, &#8230; ) un zem z\u0101liena (koka stabi).<\/li>\n<\/ul>\n<\/div>\n<\/div>\n\n<p>Pieg\u0101des apjoms: 1 x litra pudele, 1 x s\u016bk\u0146a smidzin\u0101\u0161anas galvi\u0146a.<br\/><\/p>\n\n<hr\/>\n\n<h4 class=\"wp-block-heading\" id=\"application\">Pieteikums<\/h4>\n\n<div class=\"wp-block-columns is-layout-flex wp-container-core-columns-is-layout-9d6595d7 wp-block-columns-is-layout-flex\">\n<div class=\"wp-block-column is-layout-flow wp-block-column-is-layout-flow\">\n<p><strong>Sagatavo\u0161ana:<\/strong><\/p>\n\n\n\n<ul class=\"wp-block-list\">\n<li>Pirms lieto\u0161anas 1 min\u016bti ener\u0123iski kratiet.<\/li>\n\n\n\n<li>Apstr\u0101d\u0101jamaj\u0101m virsm\u0101m j\u0101b\u016bt t\u012br\u0101m, piln\u012bgi saus\u0101m un bez putek\u013ciem, un t\u0101s nedr\u012bkst b\u016bt iepriek\u0161 apstr\u0101d\u0101tas ar citiem p\u0101rkl\u0101jumiem.<\/li>\n\n\n\n<li>Kr\u0101sas, tauku, e\u013c\u013cas vai organisko aug\u0101ju (a\u013c\u0123u, \u0137\u0113rpju, s\u016bnu) rad\u012btais pies\u0101r\u0146ojums ir j\u0101nov\u0113r\u0161 iepriek\u0161.<\/li>\n<\/ul>\n\n\n\n<p><strong>Pieteikums:<\/strong><\/p>\n\n\n\n<ul class=\"wp-block-list\">\n<li><strong>Ieteicam\u0101 metode:<\/strong> l\u012bdzekli v\u0113lams izsmidzin\u0101t, izmantojot smidzin\u0101t\u0101ju\/zemspiediena s\u016bk\u0146a smidzin\u0101t\u0101ju.<\/li>\n\n\n\n<li>Piel\u0101gojiet att\u0101lumu l\u012bdz virsmai atbilsto\u0161i smidzin\u0101t\u0101ja jaudai.<\/li>\n\n\n\n<li>Virsmai j\u0101b\u016bt vienm\u0113r\u012bgai, mitrai un mitrai.<\/li>\n\n\n\n<li><strong>Alternat\u012bva:<\/strong> Iesp\u0113jama ar\u012b uzkl\u0101\u0161ana ar otu\/riteni, ta\u010du pirms tam to vajadz\u0113tu izm\u0113\u0123in\u0101t uz neliela laukuma. Izvair\u012bties no pe\u013c\u0137u veido\u0161an\u0101s! <\/li>\n<\/ul>\n\n\n\n<p><strong>Apstr\u0101de:<\/strong><\/p>\n\n\n\n<ul class=\"wp-block-list\">\n<li>Uzsmidziniet vismaz divas reizes uz apstr\u0101d\u0101jam\u0101s virsmas, lai pan\u0101ktu optim\u0101lu p\u0101rkl\u0101jumu.<\/li>\n\n\n\n<li>Atkar\u012bb\u0101 no pamatnes uzs\u016bktsp\u0113jas un pras\u012bb\u0101m \u0161o procesu var atk\u0101rtot p\u0113c pirm\u0101 p\u0101rkl\u0101juma iz\u017e\u016b\u0161anas.<\/li>\n\n\n\n<li>Ja uz virsmas ir uzkl\u0101ts p\u0101r\u0101k liels produkta daudzums, to var no\u0146emt ar mitru dr\u0101nu, kam\u0113r t\u0101 v\u0113l ir mitra.<\/li>\n\n\n\n<li>P\u0113c lieto\u0161anas izmantotie instrumenti j\u0101not\u012bra ar lielu \u016bdens daudzumu.<\/li>\n<\/ul>\n\n\n\n<p><strong>\u017d\u0101v\u0113\u0161anas laiks:<\/strong><\/p>\n\n\n\n<ul class=\"wp-block-list\">\n<li>Atst\u0101jiet l\u012bdzekli iedarboties vismaz 30 min\u016btes.<\/li>\n\n\n\n<li>Pilns saciet\u0113\u0161anas laiks ir aptuveni 6-12 stundas.<\/li>\n\n\n\n<li>\u0160aj\u0101 laik\u0101 virsmai j\u0101b\u016bt sausai un t\u0101 nedr\u012bkst b\u016bt pak\u013cauta slodzei.<\/li>\n<\/ul>\n\n\n\n<p><strong>Impregn\u0113t\u0101s virsmas kop\u0161ana un t\u012br\u012b\u0161ana:<\/strong><\/p>\n\n\n\n<ul class=\"wp-block-list\">\n<li>Virsmas t\u012briet tikai ar \u016bdeni vai vieglu organisku t\u012br\u012b\u0161anas l\u012bdzekli, piem\u0113ram, m\u016bsu <a href=\"https:\/\/www.versiegelung24.com\/lv\/biosativa-biologiskais-pirmtiritajs.html\">BIOSATIVA\u00ae organisko t\u012br\u012b\u0161anas l\u012bdzekli &#8211; 100% dab\u012bgs &#8211; 100% organisks.<\/a> <\/li>\n\n\n\n<li>Agres\u012bvi t\u012br\u012b\u0161anas l\u012bdzek\u013ci (\u0137\u012bmiskie t\u012br\u012b\u0161anas l\u012bdzek\u013ci, t\u012br\u012b\u0161anas spilventi\u0146i u. c.) nav nepiecie\u0161ami, jo tie pasliktin\u0101tu aizsargfunkciju.<\/li>\n\n\n\n<li>Regul\u0101ra, saudz\u012bga t\u012br\u012b\u0161ana un kop\u0161ana nodro\u0161ina ilg\u0101ku iztur\u012bbu un ilgnotur\u012bgu skaistu izskatu.<\/li>\n<\/ul>\n\n\n\n<p><strong>Uzglab\u0101\u0161ana:<\/strong><\/p>\n\n\n\n<ul class=\"wp-block-list\">\n<li>Uzglab\u0101t saus\u0101 un neaizsalsto\u0161\u0101 viet\u0101 5-25 \u00b0C temperat\u016br\u0101.<\/li>\n\n\n\n<li>Uzglab\u0101 vismaz 24 m\u0113ne\u0161us neatv\u0113rt\u0101 ori\u0123in\u0101laj\u0101 iepakojum\u0101, ja tas tiek pareizi uzglab\u0101ts.<\/li>\n<\/ul>\n<\/div>\n<\/div>\n\n<h2 class=\"wp-block-heading\" id=\"h-galerie\">Galerija<\/h2>\n\n<div class=\"wp-block-getwid-images-slider gallery-wood has-arrows-inside has-dots-inside has-images-center has-fitted-images has-fixed-height\"><div class=\"wp-block-getwid-images-slider__wrapper\" data-effect=\"slide\" data-slides-show=\"1\" data-slides-show-laptop=\"1\" data-slides-show-tablet=\"1\" data-slides-show-mobile=\"1\" data-slides-scroll=\"1\" data-autoplay=\"true\" data-pause-hover=\"true\" data-autoplay-speed=\"3000\" data-infinite=\"true\" data-animation-speed=\"800\" data-center-mode=\"false\" data-variable-width=\"false\" data-arrows=\"inside\" data-dots=\"inside\" data-spacing=\"none\"><div class=\"wp-block-getwid-images-slider__item\" style=\"height:500px\"><figure><img decoding=\"async\" width=\"1634\" height=\"1620\" src=\"https:\/\/www.versiegelung24.com\/wp-content\/uploads\/2025\/07\/Holzimpraegnierung-pfloecke.png\" data-id=\"181994\" data-link=\"https:\/\/www.versiegelung24.com\/holzversiegelung-in-profi-qualitaet-kopie.html\/attachment\/holzimpraegnierung-pfloecke\/\" data-original-link=\"https:\/\/www.versiegelung24.com\/wp-content\/uploads\/2025\/07\/Holzimpraegnierung-pfloecke.png\" class=\"wp-block-getwid-images-slider__image wp-image-181994\" srcset=\"https:\/\/www.versiegelung24.com\/wp-content\/uploads\/2025\/07\/Holzimpraegnierung-pfloecke.png 1634w, https:\/\/www.versiegelung24.com\/wp-content\/uploads\/2025\/07\/Holzimpraegnierung-pfloecke-300x297.png 300w, https:\/\/www.versiegelung24.com\/wp-content\/uploads\/2025\/07\/Holzimpraegnierung-pfloecke-1300x1289.png 1300w, https:\/\/www.versiegelung24.com\/wp-content\/uploads\/2025\/07\/Holzimpraegnierung-pfloecke-80x80.png 80w, https:\/\/www.versiegelung24.com\/wp-content\/uploads\/2025\/07\/Holzimpraegnierung-pfloecke-768x761.png 768w, https:\/\/www.versiegelung24.com\/wp-content\/uploads\/2025\/07\/Holzimpraegnierung-pfloecke-1536x1523.png 1536w, https:\/\/www.versiegelung24.com\/wp-content\/uploads\/2025\/07\/Holzimpraegnierung-pfloecke-70x70.png 70w, https:\/\/www.versiegelung24.com\/wp-content\/uploads\/2025\/07\/Holzimpraegnierung-pfloecke-600x595.png 600w, https:\/\/www.versiegelung24.com\/wp-content\/uploads\/2025\/07\/Holzimpraegnierung-pfloecke-100x100.png 100w\" sizes=\"(max-width: 1634px) 100vw, 1634px\" \/><\/figure><\/div><div class=\"wp-block-getwid-images-slider__item\" style=\"height:500px\"><figure><img decoding=\"async\" width=\"1726\" height=\"1252\" src=\"https:\/\/www.versiegelung24.com\/wp-content\/uploads\/2025\/07\/Holzimpraegnierung-bank.png\" data-id=\"182022\" data-link=\"https:\/\/www.versiegelung24.com\/holzversiegelung-in-profi-qualitaet-kopie.html\/attachment\/holzimpraegnierung-bank\/\" data-original-link=\"https:\/\/www.versiegelung24.com\/wp-content\/uploads\/2025\/07\/Holzimpraegnierung-bank.png\" class=\"wp-block-getwid-images-slider__image wp-image-182022\" srcset=\"https:\/\/www.versiegelung24.com\/wp-content\/uploads\/2025\/07\/Holzimpraegnierung-bank.png 1726w, https:\/\/www.versiegelung24.com\/wp-content\/uploads\/2025\/07\/Holzimpraegnierung-bank-300x218.png 300w, https:\/\/www.versiegelung24.com\/wp-content\/uploads\/2025\/07\/Holzimpraegnierung-bank-1300x943.png 1300w, https:\/\/www.versiegelung24.com\/wp-content\/uploads\/2025\/07\/Holzimpraegnierung-bank-768x557.png 768w, https:\/\/www.versiegelung24.com\/wp-content\/uploads\/2025\/07\/Holzimpraegnierung-bank-1536x1114.png 1536w, https:\/\/www.versiegelung24.com\/wp-content\/uploads\/2025\/07\/Holzimpraegnierung-bank-600x435.png 600w\" sizes=\"(max-width: 1726px) 100vw, 1726px\" \/><\/figure><\/div><div class=\"wp-block-getwid-images-slider__item\" style=\"height:500px\"><figure><img loading=\"lazy\" decoding=\"async\" width=\"1982\" height=\"1274\" src=\"https:\/\/www.versiegelung24.com\/wp-content\/uploads\/2025\/07\/Holzimpraegnierung-eigenschaften.png\" data-id=\"182050\" data-link=\"https:\/\/www.versiegelung24.com\/holzversiegelung-in-profi-qualitaet-kopie.html\/attachment\/holzimpraegnierung-eigenschaften\/\" data-original-link=\"https:\/\/www.versiegelung24.com\/wp-content\/uploads\/2025\/07\/Holzimpraegnierung-eigenschaften.png\" class=\"wp-block-getwid-images-slider__image wp-image-182050\" srcset=\"https:\/\/www.versiegelung24.com\/wp-content\/uploads\/2025\/07\/Holzimpraegnierung-eigenschaften.png 1982w, https:\/\/www.versiegelung24.com\/wp-content\/uploads\/2025\/07\/Holzimpraegnierung-eigenschaften-300x193.png 300w, https:\/\/www.versiegelung24.com\/wp-content\/uploads\/2025\/07\/Holzimpraegnierung-eigenschaften-1300x836.png 1300w, https:\/\/www.versiegelung24.com\/wp-content\/uploads\/2025\/07\/Holzimpraegnierung-eigenschaften-768x494.png 768w, https:\/\/www.versiegelung24.com\/wp-content\/uploads\/2025\/07\/Holzimpraegnierung-eigenschaften-1536x987.png 1536w, https:\/\/www.versiegelung24.com\/wp-content\/uploads\/2025\/07\/Holzimpraegnierung-eigenschaften-600x386.png 600w\" sizes=\"(max-width: 1982px) 100vw, 1982px\" \/><\/figure><\/div><\/div><\/div>\n\n<p><\/p>\n","protected":false},"excerpt":{"rendered":"<p><strong>\u013boti efekt\u012bvs herm\u0113ti\u0137is iek\u0161\u0113j\u0101m un \u0101r\u0113j\u0101m koka virsm\u0101m<\/strong><\/p>\n<p>\u2713 Notur\u012bga kr\u0101sa un aizsardz\u012bba pret pel\u0113k\u0161anu<\/p>\n<p>\u2713 \u016adens un net\u012brumu atbaid\u012b\u0161anas l\u012bdzeklis<\/p>\n<p>\u2713 Grunt\u0113\u0161ana un aizsardz\u012bba vien\u0101 sol\u012b<\/p>\n<p>\u2713 Bez PFAS, PFOA un PFOS<\/p>\n<p>&nbsp;<\/p>\n","protected":false},"featured_media":183269,"template":"","meta":{"_acf_changed":false,"neve_meta_sidebar":"","neve_meta_container":"","neve_meta_enable_content_width":"","neve_meta_content_width":0,"neve_meta_title_alignment":"","neve_meta_author_avatar":"","neve_post_elements_order":"","neve_meta_disable_header":"","neve_meta_disable_footer":"","neve_meta_disable_title":"","neve_meta_reading_time":"","_surfaces":[],"_ver_product_tabs":null,"footnotes":""},"product_brand":[],"product_cat":[2314],"product_tag":[],"class_list":{"0":"post-181858","1":"product","2":"type-product","3":"status-publish","4":"has-post-thumbnail","6":"product_cat-koka-blivejums","7":"pa_gebinde-100-ml-pudele","8":"pa_gebinde-150-ml-pudele","9":"pa_gebinde-500-ml-pudele","10":"pa_gebinde-200-ml-pudele","11":"pa_gebinde-1000-ml-pudele","12":"pa_gebinde-5-l-kanna","13":"pa_gebinde-10-ml-pudele","14":"pa_gebinde-5-ml-pudele","15":"pa_gebinde-125-ml-sukna-aerosola-pudele","16":"pa_gebinde-1000-ml-uzpildes-pudele","17":"pa_gebinde-20l-tvertne","18":"pa_gebinde-10-l-kanna","19":"pa_gebinde-ricibas-komplekts-ar-100-ml-pudeliti","20":"pa_gebinde-50-ml-pudele","21":"pa_gebinde-ricibas-komplekts-ar-50-ml-pudeliti","23":"first","24":"instock","25":"taxable","26":"shipping-taxable","27":"purchasable","28":"product-type-variable","29":"has-default-attributes"},"acf":[],"yoast_head":"<!-- This site is optimized with the Yoast SEO Premium plugin v22.8 (Yoast SEO v27.5) - https:\/\/yoast.com\/product\/yoast-seo-premium-wordpress\/ -->\n<title>Koksnes impregn\u0113\u0161ana - dabiska koksnes aizsardz\u012bba uz sil\u0101na b\u0101zes - versiegelung24.com<\/title>\n<meta name=\"robots\" content=\"index, follow, max-snippet:-1, max-image-preview:large, max-video-preview:-1\" \/>\n<link rel=\"canonical\" href=\"https:\/\/www.versiegelung24.com\/lv\/holzimpragnierung-silanbasis.html\" \/>\n<meta property=\"og:locale\" content=\"lv_LV\" \/>\n<meta property=\"og:type\" content=\"article\" \/>\n<meta property=\"og:title\" content=\"Koksnes impregn\u0113\u0161ana - dabiska koksnes aizsardz\u012bba uz sil\u0101na b\u0101zes\" \/>\n<meta property=\"og:description\" content=\"\u013boti efekt\u012bvs herm\u0113ti\u0137is iek\u0161\u0113j\u0101m un \u0101r\u0113j\u0101m koka virsm\u0101m \u2713 Notur\u012bga kr\u0101sa un aizsardz\u012bba pret pel\u0113k\u0161anu \u2713 \u016adens un net\u012brumu atbaid\u012b\u0161anas l\u012bdzeklis \u2713 Grunt\u0113\u0161ana un aizsardz\u012bba vien\u0101 sol\u012b \u2713 Bez PFAS, PFOA un PFOS &nbsp;\" \/>\n<meta property=\"og:url\" content=\"https:\/\/www.versiegelung24.com\/lv\/holzimpragnierung-silanbasis.html\" \/>\n<meta property=\"og:site_name\" content=\"versiegelung24.com\" \/>\n<meta property=\"article:modified_time\" content=\"2025-09-05T11:51:41+00:00\" \/>\n<meta property=\"og:image\" content=\"https:\/\/www.versiegelung24.com\/wp-content\/uploads\/2025\/07\/V24-Holzimpraegnierung-4008-693.jpg\" \/>\n\t<meta property=\"og:image:width\" content=\"2560\" \/>\n\t<meta property=\"og:image:height\" content=\"2560\" \/>\n\t<meta property=\"og:image:type\" content=\"image\/jpeg\" \/>\n<meta name=\"twitter:card\" content=\"summary_large_image\" \/>\n<meta name=\"twitter:label1\" content=\"Availability\" \/>\n\t<meta name=\"twitter:data1\" content=\"In stock\" \/>\n<script type=\"application\/ld+json\" class=\"yoast-schema-graph\">{\"@context\":\"https:\\\/\\\/schema.org\",\"@graph\":[{\"@type\":\"WebPage\",\"@id\":\"https:\\\/\\\/www.versiegelung24.com\\\/lv\\\/holzimpragnierung-silanbasis.html\",\"url\":\"https:\\\/\\\/www.versiegelung24.com\\\/lv\\\/holzimpragnierung-silanbasis.html\",\"name\":\"Koksnes impregn\u0113\u0161ana - dabiska koksnes aizsardz\u012bba uz sil\u0101na b\u0101zes - versiegelung24.com\",\"isPartOf\":{\"@id\":\"https:\\\/\\\/www.versiegelung24.com\\\/lv\\\/#website\"},\"primaryImageOfPage\":{\"@id\":\"https:\\\/\\\/www.versiegelung24.com\\\/lv\\\/holzimpragnierung-silanbasis.html#primaryimage\"},\"image\":{\"@id\":\"https:\\\/\\\/www.versiegelung24.com\\\/lv\\\/holzimpragnierung-silanbasis.html#primaryimage\"},\"thumbnailUrl\":\"https:\\\/\\\/www.versiegelung24.com\\\/wp-content\\\/uploads\\\/2025\\\/07\\\/V24-Holzimpraegnierung-4008-693.jpg\",\"datePublished\":\"2025-07-31T10:51:12+00:00\",\"dateModified\":\"2025-09-05T11:51:41+00:00\",\"breadcrumb\":{\"@id\":\"https:\\\/\\\/www.versiegelung24.com\\\/lv\\\/holzimpragnierung-silanbasis.html#breadcrumb\"},\"inLanguage\":\"lv-LV\",\"potentialAction\":[{\"@type\":\"ReadAction\",\"target\":[\"https:\\\/\\\/www.versiegelung24.com\\\/lv\\\/holzimpragnierung-silanbasis.html\"]}]},{\"@type\":\"ImageObject\",\"inLanguage\":\"lv-LV\",\"@id\":\"https:\\\/\\\/www.versiegelung24.com\\\/lv\\\/holzimpragnierung-silanbasis.html#primaryimage\",\"url\":\"https:\\\/\\\/www.versiegelung24.com\\\/wp-content\\\/uploads\\\/2025\\\/07\\\/V24-Holzimpraegnierung-4008-693.jpg\",\"contentUrl\":\"https:\\\/\\\/www.versiegelung24.com\\\/wp-content\\\/uploads\\\/2025\\\/07\\\/V24-Holzimpraegnierung-4008-693.jpg\",\"width\":2560,\"height\":2560},{\"@type\":\"BreadcrumbList\",\"@id\":\"https:\\\/\\\/www.versiegelung24.com\\\/lv\\\/holzimpragnierung-silanbasis.html#breadcrumb\",\"itemListElement\":[{\"@type\":\"ListItem\",\"position\":1,\"name\":\"M\u0101jas lapa\",\"item\":\"https:\\\/\\\/www.versiegelung24.com\\\/lv\\\/prieksejais\\\/\"},{\"@type\":\"ListItem\",\"position\":2,\"name\":\"Veikals\",\"item\":\"https:\\\/\\\/www.versiegelung24.com\\\/lv\\\/veikals\\\/\"},{\"@type\":\"ListItem\",\"position\":3,\"name\":\"Koksnes impregn\u0113\u0161ana &#8211; dabiska koksnes aizsardz\u012bba uz sil\u0101na b\u0101zes\"}]},{\"@type\":\"WebSite\",\"@id\":\"https:\\\/\\\/www.versiegelung24.com\\\/lv\\\/#website\",\"url\":\"https:\\\/\\\/www.versiegelung24.com\\\/lv\\\/\",\"name\":\"versiegelung24.com\",\"description\":\"Fl\u00fcssigglas-Versiegelung - Made in Germany\",\"publisher\":{\"@id\":\"https:\\\/\\\/www.versiegelung24.com\\\/lv\\\/#organization\"},\"potentialAction\":[{\"@type\":\"SearchAction\",\"target\":{\"@type\":\"EntryPoint\",\"urlTemplate\":\"https:\\\/\\\/www.versiegelung24.com\\\/lv\\\/?s={search_term_string}\"},\"query-input\":{\"@type\":\"PropertyValueSpecification\",\"valueRequired\":true,\"valueName\":\"search_term_string\"}}],\"inLanguage\":\"lv-LV\"},{\"@type\":\"Organization\",\"@id\":\"https:\\\/\\\/www.versiegelung24.com\\\/lv\\\/#organization\",\"name\":\"versiegelung24\",\"url\":\"https:\\\/\\\/www.versiegelung24.com\\\/lv\\\/\",\"logo\":{\"@type\":\"ImageObject\",\"inLanguage\":\"lv-LV\",\"@id\":\"https:\\\/\\\/www.versiegelung24.com\\\/lv\\\/#\\\/schema\\\/logo\\\/image\\\/\",\"url\":\"https:\\\/\\\/www.versiegelung24.com\\\/wp-content\\\/uploads\\\/2020\\\/04\\\/versiegelung24.png\",\"contentUrl\":\"https:\\\/\\\/www.versiegelung24.com\\\/wp-content\\\/uploads\\\/2020\\\/04\\\/versiegelung24.png\",\"width\":470,\"height\":102,\"caption\":\"versiegelung24\"},\"image\":{\"@id\":\"https:\\\/\\\/www.versiegelung24.com\\\/lv\\\/#\\\/schema\\\/logo\\\/image\\\/\"}}]}<\/script>\n<meta property=\"og:availability\" content=\"instock\" \/>\n<meta property=\"product:availability\" content=\"instock\" \/>\n<meta property=\"product:retailer_item_id\" content=\"4008-693\" \/>\n<meta property=\"product:condition\" content=\"new\" \/>\n<!-- \/ Yoast SEO Premium plugin. -->","yoast_head_json":{"title":"Koksnes impregn\u0113\u0161ana - dabiska koksnes aizsardz\u012bba uz sil\u0101na b\u0101zes - versiegelung24.com","robots":{"index":"index","follow":"follow","max-snippet":"max-snippet:-1","max-image-preview":"max-image-preview:large","max-video-preview":"max-video-preview:-1"},"canonical":"https:\/\/www.versiegelung24.com\/lv\/holzimpragnierung-silanbasis.html","og_locale":"lv_LV","og_type":"article","og_title":"Koksnes impregn\u0113\u0161ana - dabiska koksnes aizsardz\u012bba uz sil\u0101na b\u0101zes","og_description":"\u013boti efekt\u012bvs herm\u0113ti\u0137is iek\u0161\u0113j\u0101m un \u0101r\u0113j\u0101m koka virsm\u0101m \u2713 Notur\u012bga kr\u0101sa un aizsardz\u012bba pret pel\u0113k\u0161anu \u2713 \u016adens un net\u012brumu atbaid\u012b\u0161anas l\u012bdzeklis \u2713 Grunt\u0113\u0161ana un aizsardz\u012bba vien\u0101 sol\u012b \u2713 Bez PFAS, PFOA un PFOS &nbsp;","og_url":"https:\/\/www.versiegelung24.com\/lv\/holzimpragnierung-silanbasis.html","og_site_name":"versiegelung24.com","article_modified_time":"2025-09-05T11:51:41+00:00","og_image":[{"width":2560,"height":2560,"url":"https:\/\/www.versiegelung24.com\/wp-content\/uploads\/2025\/07\/V24-Holzimpraegnierung-4008-693.jpg","type":"image\/jpeg"}],"twitter_card":"summary_large_image","twitter_misc":{"Availability":"In stock"},"schema":{"@context":"https:\/\/schema.org","@graph":[{"@type":"WebPage","@id":"https:\/\/www.versiegelung24.com\/lv\/holzimpragnierung-silanbasis.html","url":"https:\/\/www.versiegelung24.com\/lv\/holzimpragnierung-silanbasis.html","name":"Koksnes impregn\u0113\u0161ana - dabiska koksnes aizsardz\u012bba uz sil\u0101na b\u0101zes - versiegelung24.com","isPartOf":{"@id":"https:\/\/www.versiegelung24.com\/lv\/#website"},"primaryImageOfPage":{"@id":"https:\/\/www.versiegelung24.com\/lv\/holzimpragnierung-silanbasis.html#primaryimage"},"image":{"@id":"https:\/\/www.versiegelung24.com\/lv\/holzimpragnierung-silanbasis.html#primaryimage"},"thumbnailUrl":"https:\/\/www.versiegelung24.com\/wp-content\/uploads\/2025\/07\/V24-Holzimpraegnierung-4008-693.jpg","datePublished":"2025-07-31T10:51:12+00:00","dateModified":"2025-09-05T11:51:41+00:00","breadcrumb":{"@id":"https:\/\/www.versiegelung24.com\/lv\/holzimpragnierung-silanbasis.html#breadcrumb"},"inLanguage":"lv-LV","potentialAction":[{"@type":"ReadAction","target":["https:\/\/www.versiegelung24.com\/lv\/holzimpragnierung-silanbasis.html"]}]},{"@type":"ImageObject","inLanguage":"lv-LV","@id":"https:\/\/www.versiegelung24.com\/lv\/holzimpragnierung-silanbasis.html#primaryimage","url":"https:\/\/www.versiegelung24.com\/wp-content\/uploads\/2025\/07\/V24-Holzimpraegnierung-4008-693.jpg","contentUrl":"https:\/\/www.versiegelung24.com\/wp-content\/uploads\/2025\/07\/V24-Holzimpraegnierung-4008-693.jpg","width":2560,"height":2560},{"@type":"BreadcrumbList","@id":"https:\/\/www.versiegelung24.com\/lv\/holzimpragnierung-silanbasis.html#breadcrumb","itemListElement":[{"@type":"ListItem","position":1,"name":"M\u0101jas lapa","item":"https:\/\/www.versiegelung24.com\/lv\/prieksejais\/"},{"@type":"ListItem","position":2,"name":"Veikals","item":"https:\/\/www.versiegelung24.com\/lv\/veikals\/"},{"@type":"ListItem","position":3,"name":"Koksnes impregn\u0113\u0161ana &#8211; dabiska koksnes aizsardz\u012bba uz sil\u0101na b\u0101zes"}]},{"@type":"WebSite","@id":"https:\/\/www.versiegelung24.com\/lv\/#website","url":"https:\/\/www.versiegelung24.com\/lv\/","name":"versiegelung24.com","description":"Fl\u00fcssigglas-Versiegelung - Made in Germany","publisher":{"@id":"https:\/\/www.versiegelung24.com\/lv\/#organization"},"potentialAction":[{"@type":"SearchAction","target":{"@type":"EntryPoint","urlTemplate":"https:\/\/www.versiegelung24.com\/lv\/?s={search_term_string}"},"query-input":{"@type":"PropertyValueSpecification","valueRequired":true,"valueName":"search_term_string"}}],"inLanguage":"lv-LV"},{"@type":"Organization","@id":"https:\/\/www.versiegelung24.com\/lv\/#organization","name":"versiegelung24","url":"https:\/\/www.versiegelung24.com\/lv\/","logo":{"@type":"ImageObject","inLanguage":"lv-LV","@id":"https:\/\/www.versiegelung24.com\/lv\/#\/schema\/logo\/image\/","url":"https:\/\/www.versiegelung24.com\/wp-content\/uploads\/2020\/04\/versiegelung24.png","contentUrl":"https:\/\/www.versiegelung24.com\/wp-content\/uploads\/2020\/04\/versiegelung24.png","width":470,"height":102,"caption":"versiegelung24"},"image":{"@id":"https:\/\/www.versiegelung24.com\/lv\/#\/schema\/logo\/image\/"}}]},"og_availability":"instock","product_availability":"instock","product_retailer_item_id":"4008-693","product_condition":"new"},"_links":{"self":[{"href":"https:\/\/www.versiegelung24.com\/lv\/wp-json\/wp\/v2\/product\/181858","targetHints":{"allow":["GET"]}}],"collection":[{"href":"https:\/\/www.versiegelung24.com\/lv\/wp-json\/wp\/v2\/product"}],"about":[{"href":"https:\/\/www.versiegelung24.com\/lv\/wp-json\/wp\/v2\/types\/product"}],"version-history":[{"count":4,"href":"https:\/\/www.versiegelung24.com\/lv\/wp-json\/wp\/v2\/product\/181858\/revisions"}],"predecessor-version":[{"id":182833,"href":"https:\/\/www.versiegelung24.com\/lv\/wp-json\/wp\/v2\/product\/181858\/revisions\/182833"}],"wp:featuredmedia":[{"embeddable":true,"href":"https:\/\/www.versiegelung24.com\/lv\/wp-json\/wp\/v2\/media\/183269"}],"wp:attachment":[{"href":"https:\/\/www.versiegelung24.com\/lv\/wp-json\/wp\/v2\/media?parent=181858"}],"wp:term":[{"taxonomy":"product_brand","embeddable":true,"href":"https:\/\/www.versiegelung24.com\/lv\/wp-json\/wp\/v2\/product_brand?post=181858"},{"taxonomy":"product_cat","embeddable":true,"href":"https:\/\/www.versiegelung24.com\/lv\/wp-json\/wp\/v2\/product_cat?post=181858"},{"taxonomy":"product_tag","embeddable":true,"href":"https:\/\/www.versiegelung24.com\/lv\/wp-json\/wp\/v2\/product_tag?post=181858"}],"curies":[{"name":"wp","href":"https:\/\/api.w.org\/{rel}","templated":true}]}}