{"id":182983,"date":"2025-08-28T14:07:51","date_gmt":"2025-08-28T12:07:51","guid":{"rendered":"https:\/\/www.versiegelung24.com\/?post_type=product&#038;p=182983"},"modified":"2025-09-08T16:04:13","modified_gmt":"2025-09-08T14:04:13","slug":"permanent-protector-646","status":"publish","type":"product","link":"https:\/\/www.versiegelung24.com\/lv\/permanent-protector-646.html","title":{"rendered":"Past\u0101v\u012bg\u0101 aizsardz\u012bba 646 5M"},"content":{"rendered":"\n<p>Permanent Protect 646 Ultra Thin ir augstas kvalit\u0101tes keramikas herm\u0113ti\u0137is, kas paredz\u0113ts gludu virsmu, piem\u0113ram, met\u0101la, stikla, plastmasas vai kr\u0101sotu materi\u0101lu, notur\u012bgai p\u0101rkl\u0101\u0161anai. \u012apa\u0161i pl\u0101ns, caursp\u012bd\u012bgs aizsargsl\u0101nis nodro\u0161ina izcilu iztur\u012bbu pret net\u012brumiem, \u0137imik\u0101lij\u0101m, UV starojumu un meh\u0101nisku iedarb\u012bbu. Pateicoties hidrofobaj\u0101m un oleofobaj\u0101m \u012bpa\u0161\u012bb\u0101m, herm\u0113ti\u0137is nodro\u0161ina ilgsto\u0161u un viegli t\u012br\u0101mu efektu.  <\/p>\n\n<p>Permanent Protect 646 Ultra Thin ir ide\u0101li piem\u0113rots automobi\u013cu un ku\u0123u vajadz\u012bb\u0101m, k\u0101 antigrafiti p\u0101rkl\u0101jums vai augstas kvalit\u0101tes kr\u0101sotu virsmu apdarei &#8211; Permanent Protect 646 Ultra Thin nosaka jaunus virsmas aizsardz\u012bbas un iztur\u012bbas standartus.<\/p>\n\n<hr class=\"wp-block-separator has-text-color has-css-opacity has-background is-style-wide\" style=\"background-color:#e1e1e1;color:#e1e1e1\"\/>\n\n<h2 class=\"wp-block-heading\" id=\"properties\">Produkta \u012bpa\u0161\u012bbas<\/h2>\n\n<div class=\"wp-block-columns is-layout-flex wp-container-core-columns-is-layout-9d6595d7 wp-block-columns-is-layout-flex\">\n<div class=\"wp-block-column is-layout-flow wp-block-column-is-layout-flow\">\n<ul id=\"block-5ec6b591-a82a-45bd-aa1b-599082db3ae8\" class=\"wp-block-list\">\n<li><strong>Izteikta hidrofobiska un oleofobiska iedarb\u012bba<\/strong> &#8211; \u016bdens un e\u013c\u013cas atgr\u016bdo\u0161s <strong>efekts<\/strong>.<\/li>\n\n\n\n<li><strong>Viegli t\u012br\u0101ms efekts<\/strong> &#8211; net\u012brumus var viegli not\u012br\u012bt<\/li>\n\n\n\n<li><strong>Augsta nodilumiztur\u012bba<\/strong> &#8211; past\u0101v\u012bga \u0137\u012bmisk\u0101 sa\u0137ere ar pamatni<\/li>\n\n\n\n<li><strong>Temperat\u016bras un UV starojuma iztur\u012bba<\/strong> &#8211; piem\u0113rots lieto\u0161anai \u0101rpus telp\u0101m<\/li>\n\n\n\n<li><strong>Elpojo\u0161s<\/strong> &#8211; atv\u0113rts dif\u016bzijai<\/li>\n\n\n\n<li><strong>Ilgm\u016b\u017e\u012bba <\/strong>&#8211; 2-5 gadi lieto\u0161anai \u0101rpus telp\u0101m, iev\u0113rojami ilg\u0101k lieto\u0161anai iek\u0161telp\u0101s.  <\/li>\n\n\n\n<li><strong>Pat\u0113ri\u0146\u0161 <\/strong>&#8211; 5-10ml\/m\u00b2 (=&gt; l\u012bdz 200 m\u00b2 uz litru)<\/li>\n\n\n\n<li><strong>iztur\u012bgs pret daudziem sadz\u012bv\u0113 lietotiem t\u012br\u012b\u0161anas l\u012bdzek\u013ciem<\/strong> (iz\u0146emot koncentr\u0113tus s\u0101rmu \u0161\u0137\u012bdumus).<\/li>\n\n\n\n<li><strong>uz \u0161\u0137\u012bdin\u0101t\u0101ja b\u0101zes<\/strong> (aptuveni 60 % akt\u012bv\u0101s vielas saturs)<\/li>\n<\/ul>\n<\/div>\n\n\n\n<div class=\"wp-block-column is-layout-flow wp-block-column-is-layout-flow\">\n<ul id=\"block-6091e271-3752-4132-9f5b-206019bd2d6b\" class=\"wp-block-list\">\n<li><strong>\u013boti labas antigrafiti \u012bpa\u0161\u012bbas uz<\/strong> neporain\u0101m virsm\u0101m<\/li>\n\n\n\n<li><strong>Keramikas sl\u0101\u0146a strukt\u016bra<\/strong> &#8211; karstumiztur\u012bga l\u012bdz 600 \u00b0C (pl\u0113ves integrit\u0101te), 300 \u00b0C bez kr\u0101sas mai\u0146as.<\/li>\n\n\n\n<li><strong>Pl\u0101na sl\u0101\u0146a biezums<\/strong>: aptuveni 0,5-2 \u03bcm<\/li>\n\n\n\n<li><strong>Satur gaisto\u0161os organiskos savienojumus<\/strong> (butila propion\u0101tu)<\/li>\n\n\n\n<li><strong>Biostatisk\u0101 iedarb\u012bba<\/strong> &#8211; \u013coti kav\u0113 mikroorganismu aug\u0161anu.  <\/li>\n\n\n\n<li><strong>Kr\u0101sa<\/strong> &#8211; bezkr\u0101saina l\u012bdz viegli dzelten\u012bga<\/li>\n\n\n\n<li><strong>PFAS piez\u012bme <\/strong>&#8211; nesatur PFOA un PFOS. Fluora saturs ir zem\u0101ks par likum\u0101 noteiktaj\u0101m robe\u017ev\u0113rt\u012bb\u0101m saska\u0146\u0101 ar ES Regulu 2024\/2462. Izmantot\u0101s fluor\u0113t\u0101s piedevas kalpo tikai net\u012brumu atgr\u016bdam\u012bbas optimiz\u0113\u0161anai.  <\/li>\n<\/ul>\n<\/div>\n<\/div>\n\n<hr class=\"wp-block-separator has-text-color has-background is-style-wide\" style=\"background-color:#e1e1e1;color:#e1e1e1\"\/>\n\n<h2 class=\"wp-block-heading\" id=\"application\">Piem\u0113ro\u0161anas jomas<\/h2>\n\n<div class=\"wp-block-columns is-layout-flex wp-container-core-columns-is-layout-9d6595d7 wp-block-columns-is-layout-flex\">\n<div class=\"wp-block-column is-layout-flow wp-block-column-is-layout-flow\">\n<ul id=\"block-6091e271-3752-4132-9f5b-206019bd2d6b\" class=\"wp-block-list\">\n<li>Transportl\u012bdzek\u013cu virsmu p\u0101rkl\u0101jumi (piem\u0113ram, virsb\u016bves, rite\u0146u diski).<\/li>\n\n\n\n<li>Viegli t\u012br\u0101mi p\u0101rkl\u0101jumi iek\u0161telp\u0101m un \u0101ra telp\u0101m<\/li>\n\n\n\n<li>Iztur\u012bgi aizsargp\u0101rkl\u0101jumi j\u016bras nozar\u0113<\/li>\n<\/ul>\n<\/div>\n\n\n\n<div class=\"wp-block-column is-layout-flow wp-block-column-is-layout-flow\">\n<ul class=\"wp-block-list\">\n<li>Jachtu un laivu kr\u0101su uzlabo\u0161ana<\/li>\n\n\n\n<li>Automobi\u013cu p\u0113capstr\u0101de (keramiskais bl\u012bv\u0113jums)n<\/li>\n\n\n\n<li>Antigrafiti p\u0101rkl\u0101jumi uz neporain\u0101m virsm\u0101m<\/li>\n<\/ul>\n<\/div>\n<\/div>\n\n<h2 class=\"wp-block-heading\" id=\"h-anwendung\">Pieteikums<\/h2>\n\n<p><strong>Visp\u0101r\u012bgi  <\/strong><\/p>\n\n<ol class=\"wp-block-list\">\n<li>R\u016bp\u012bgi <a href=\"https:\/\/www.versiegelung24.com\/lv\/biosativa-biologiskais-pirmtiritajs.html\">not\u012briet<\/a> un attaukojiet virsmu (piem\u0113ram, ar <a href=\"https:\/\/www.versiegelung24.com\/lv\/100-augstas-tiribas-pakapes-bioetanols-profesionalai-pirmajai-tirisanai-kopie.html\">izopropanolu<\/a>, etilacet\u0101tu vai balto spirtu). <\/li>\n\n\n\n<li>Virsmai j\u0101b\u016bt piln\u012bgi sausai un bez taukiem.<\/li>\n\n\n\n<li>Apstr\u0101des temperat\u016bra: 15-30 \u00b0C, relat\u012bvais mitrums: 50-80 %. <\/li>\n\n\n\n<li>Izvairieties no tie\u0161iem saules stariem.<\/li>\n<\/ol>\n\n<p><strong>Pieteik\u0161an\u0101s, p\u0101rvelkot  <\/strong><\/p>\n\n<ol class=\"wp-block-list\">\n<li>Uzkl\u0101jiet da\u017eus pilienus (5-10\/ml m\u00b2) uz mikro\u0161\u0137iedras dr\u0101nas.<\/li>\n\n\n\n<li>Ar vieglu spiedienu line\u0101r\u0101m kust\u012bb\u0101m uzkl\u0101jiet vienm\u0113r\u012bgi.<\/li>\n\n\n\n<li>P\u0113c ne vair\u0101k k\u0101 30 min\u016bt\u0113m noslaukiet ar m\u012bkstu dr\u0101nu. <\/li>\n\n\n\n<li>Ja nepiecie\u0161ams, atk\u0101rtojiet procesu.<\/li>\n<\/ol>\n\n<p><strong>Apstr\u0101de ar izsmidzin\u0101\u0161anu  <\/strong><\/p>\n\n<ol class=\"wp-block-list\">\n<li>Sprauslas izm\u0113rs: 0,8-1,0 mm \/ spiediens: 0,6-1,0 bar \/ att\u0101lums: aptuveni 20 cm.<\/li>\n\n\n\n<li>Sl\u0101\u0146a biezums (sauss): 2,5-25 \u03bcm (atkar\u012bb\u0101 no caurlaides).<\/li>\n\n\n\n<li>Alternat\u012bva: rot\u0101cijas zvanu burka (30 000 apgr.\/min, 2 b\u0101ri, 0,2-0,4 m\/s, 50-150 ml\/min).  <\/li>\n<\/ol>\n\n<h2 class=\"wp-block-heading\" id=\"h-reinigung-amp-pflege\">T\u012br\u012b\u0161ana un kop\u0161ana<\/h2>\n\n<p>Virsmas t\u012br\u012b\u0161anai pietiek ar maigu t\u012br\u012b\u0161anas l\u012bdzekli, piem\u0113ram, m\u016bsu <a href=\"https:\/\/www.versiegelung24.com\/lv\/biosativa-biologiskais-pirmtiritajs.html\">V24 Biosativa\u00ae<\/a> t\u012br\u012b\u0161anas l\u012bdzekli. Agres\u012bvi t\u012br\u012b\u0161anas l\u012bdzek\u013ci nav nepiecie\u0161ami vai ieteicami. <\/p>\n\n<hr class=\"wp-block-separator has-text-color has-css-opacity has-background is-style-wide\" style=\"background-color:#e1e1e1;color:#e1e1e1\"\/>\n\n<h2 class=\"wp-block-heading\" id=\"h-produktsicherheit-amp-lagerung\">Produktu dro\u0161\u012bba un uzglab\u0101\u0161ana<\/h2>\n\n<p>Inform\u0101ciju par produkta klasifik\u0101ciju saska\u0146\u0101 ar R\u012bkojumu par b\u012bstam\u0101m viel\u0101m, dro\u0161\u012bbas datus un toksikolo\u0123ijas un uzglab\u0101\u0161anas datus <a href=\"https:\/\/www.versiegelung24.com\/lv\/kontakti\/\">p\u0113c piepras\u012bjuma<\/a> var atrast m\u016bsu dro\u0161\u012bbas datu lap\u0101.<\/p>\n\n<ul class=\"wp-block-list\">\n<li>Permanent Protect 646 nedr\u012bkst non\u0101kt saskar\u0113 ar mitrumu.<\/li>\n\n\n\n<li>Materi\u0101la uzglab\u0101\u0161anas temperat\u016bra: +5\u00b0C l\u012bdz +20\u00b0C.<\/li>\n\n\n\n<li>Individu\u0101lie aizsardz\u012bbas l\u012bdzek\u013ci: cimdi, aizsargbrilles, piem\u0113rots aizsargap\u0123\u0113rbs.<\/li>\n\n\n\n<li>Pirm\u0101 pal\u012bdz\u012bba: Saskaroties ar ac\u012bm vai \u0101du, nekav\u0113joties noskalot ar \u016bdeni un konsult\u0113ties ar \u0101rstu.<\/li>\n\n\n\n<li>Uzglab\u0101\u0161ana: v\u0113s\u0101, saus\u0101 un labi v\u0113din\u0101m\u0101 viet\u0101. Atveriet trauku reizi m\u0113nes\u012b, v\u0113dinot, lai mazin\u0101tu spiedienu. <\/li>\n\n\n\n<li>Uzpild\u012b\u0161anai ieteicams izmantot sl\u0101pek\u013ca iepriek\u0161\u0113ju att\u012br\u012b\u0161anu.<\/li>\n<\/ul>\n\n<p><strong>Permanent Protect 646 <\/strong>der\u012bguma termi\u0146\u0161 ir 12 m\u0113ne\u0161i, ja tas tiek uzglab\u0101ts neatv\u0113rt\u0101 un ori\u0123in\u0101l\u0101 aizz\u012bmogot\u0101 iepakojum\u0101.<\/p>\n\n<hr class=\"wp-block-separator has-text-color has-css-opacity has-background is-style-wide\" style=\"background-color:#e1e1e1;color:#e1e1e1\"\/>\n\n<h2 class=\"wp-block-heading\">Tests pret laikapst\u0101k\u013cu iedarb\u012bbu<\/h2>\n\n<figure class=\"wp-block-table aligncenter\"><table class=\"has-fixed-layout\"><thead><tr><th class=\"has-text-align-left\" data-align=\"left\">\u00a0<\/th><th class=\"has-text-align-left\" data-align=\"left\">S\u0101ls smidzin\u0101\u0161anas tests NSS<\/th><th>Kondens\u0101cijas atmosf\u0113ra,<br\/>past\u0101v\u012bgs mitrums<\/th><th>M\u0101ksl\u012bg\u0101 atmosf\u0113ras iedarb\u012bba<br\/>ar ksenona loku<\/th><\/tr><\/thead><tbody><tr><td class=\"has-text-align-left\" data-align=\"left\">DIN<\/td><td class=\"has-text-align-left\" data-align=\"left\">EN ISO 9227<\/td><td>EN ISO 6270-2<\/td><td>EN ISO 16474-2<\/td><\/tr><tr><td class=\"has-text-align-left\" data-align=\"left\">\u00a0<\/td><td class=\"has-text-align-left\" data-align=\"left\" colspan=\"3\"><strong>S\u0101ls smidzin\u0101\u0161anas tests ner\u016bs\u0113jo\u0161ais t\u0113rauds 2,5 \u03bcm, p\u0101rkl\u0101ts<\/strong><\/td><\/tr><tr><td class=\"has-text-align-left\" data-align=\"left\">Ilgums<\/td><td class=\"has-text-align-left\" data-align=\"left\">1.500 h<\/td><td>1.400 h<\/td><td>1.400 h<\/td><\/tr><tr><td class=\"has-text-align-left\" data-align=\"left\">Rezult\u0101ts<\/td><td class=\"has-text-align-left\" data-align=\"left\">P\u016bsl\u012b\u0161u veido\u0161an\u0101s: n\u0113<br\/>R\u016bsas: n\u0113<br\/>Korozija skrib\u0101 &lt; 0,5 mm<\/td><td>P\u016bsl\u012b\u0161u veido\u0161an\u0101s: n\u0113<br\/>R\u016bsas: n\u0113<\/td><td>Sp\u012bduma zudums: 5%<br\/>Plaisas: nav<br\/>Kr\u0101su at\u0161\u0137ir\u012bba \u0394E* = 0,40<\/td><\/tr><tr><td class=\"has-text-align-left\" data-align=\"left\">\u00a0<\/td><td class=\"has-text-align-left\" data-align=\"left\" colspan=\"3\"><strong>S\u0101ls izsmidzin\u0101\u0161anas tests Alum\u012bnijs 2,5 \u03bcm, p\u0101rkl\u0101ts<\/strong><\/td><\/tr><tr><td class=\"has-text-align-left\" data-align=\"left\">Ilgums<\/td><td class=\"has-text-align-left\" data-align=\"left\">1.500 h<\/td><td>1.400 h<\/td><td>1.400 h<\/td><\/tr><tr><td class=\"has-text-align-left\" data-align=\"left\">Rezult\u0101ts<\/td><td class=\"has-text-align-left\" data-align=\"left\">P\u016bsl\u012b\u0161u veido\u0161an\u0101s: n\u0113<br\/>R\u016bsas: n\u0113<br\/>Korozija skrib\u0101 &lt; 0,5 mm<\/td><td>P\u016bsl\u012b\u0161u veido\u0161an\u0101s: n\u0113<br\/>R\u016bsas: n\u0113<\/td><td>Sp\u012bduma zudums: 5 %<br\/>Plaisas: nav<br\/>Kr\u0101su at\u0161\u0137ir\u012bba \u0394E* = 0,17<\/td><\/tr><tr><td class=\"has-text-align-left\" data-align=\"left\">\u00a0<\/td><td class=\"has-text-align-left\" data-align=\"left\" colspan=\"3\"><strong>Smil\u0161str\u016bklas t\u0113rauds 2,5 \u03bcm, ar p\u0101rkl\u0101jumu<\/strong><\/td><\/tr><tr><td class=\"has-text-align-left\" data-align=\"left\">Ilgums<\/td><td class=\"has-text-align-left\" data-align=\"left\">1.000 h<\/td><td>1.000 h<\/td><td>1.400 h<\/td><\/tr><tr><td class=\"has-text-align-left\" data-align=\"left\">Rezult\u0101ts<\/td><td class=\"has-text-align-left\" data-align=\"left\">P\u016bsl\u012b\u0161u veido\u0161an\u0101s: n\u0113<br\/>R\u016bsas: n\u0113<br\/>Korozija skrib\u0101 &lt; 0,5 mm<\/td><td>P\u016bsl\u012b\u0161u veido\u0161an\u0101s: n\u0113<br\/>R\u016bsas: n\u0113<\/td><td>Sp\u012bduma zudums: 12 %<br\/>Plaisas: nav<br\/>Kr\u0101su at\u0161\u0137ir\u012bba \u0394E* = 0,51<\/td><\/tr><\/tbody><\/table><\/figure>\n\n<hr class=\"wp-block-separator has-text-color has-css-opacity has-background is-style-wide\" style=\"background-color:#e1e1e1;color:#e1e1e1\"\/>\n","protected":false},"excerpt":{"rendered":"<p><strong>Augstas kvalit\u0101tes iztur\u012bgs keramikas p\u0101rkl\u0101jums glud\u0101m virsm\u0101m<\/strong><\/p>\n<p>\u2713 \u012apa\u0161i pl\u0101ns sl\u0101\u0146a biezums<\/p>\n<p>\u2713 Der\u012bguma termi\u0146\u0161 2-5 gadi<\/p>\n<p>\u2713 Augsta nodilumiztur\u012bba<\/p>\n<p>\u2713 Biostatiskais efekts<\/p>\n","protected":false},"featured_media":183063,"template":"","meta":{"_acf_changed":false,"neve_meta_sidebar":"","neve_meta_container":"","neve_meta_enable_content_width":"","neve_meta_content_width":0,"neve_meta_title_alignment":"","neve_meta_author_avatar":"","neve_post_elements_order":"","neve_meta_disable_header":"","neve_meta_disable_footer":"","neve_meta_disable_title":"","neve_meta_reading_time":"","_surfaces":[],"_ver_product_tabs":[],"footnotes":""},"product_brand":[],"product_cat":[2196,2310,2475,2990],"product_tag":[],"class_list":{"0":"post-182983","1":"product","2":"type-product","3":"status-publish","4":"has-post-thumbnail","6":"product_cat-automasinas-blivejums","7":"product_cat-metala-un-plastmasas-blivejums","8":"product_cat-universals-blivejums","9":"product_cat-skidra-stikla-blivejums","10":"pa_gebinde-100-ml-pudele","11":"pa_gebinde-1000-ml-pudele","13":"first","14":"instock","15":"taxable","16":"shipping-taxable","17":"purchasable","18":"product-type-variable","19":"has-default-attributes"},"acf":[],"yoast_head":"<!-- This site is optimized with the Yoast SEO Premium plugin v22.8 (Yoast SEO v27.5) - https:\/\/yoast.com\/product\/yoast-seo-premium-wordpress\/ -->\n<title>Permanent Protector 646 Ultra Thin - 9H keramikas herm\u0113ti\u0137is<\/title>\n<meta name=\"description\" content=\"Vienk\u0101r\u0161a lieto\u0161ana, sp\u0113c\u012bga aizsardz\u012bba. Jaunais Permanent Protector 646 Ultra Thin - 9H keramikas herm\u0113ti\u0137is nodro\u0161ina uzticamu aizsardz\u012bbu pret \u0101r\u0113j\u0101m ietekm\u0113m.\" \/>\n<meta name=\"robots\" content=\"index, follow, max-snippet:-1, max-image-preview:large, max-video-preview:-1\" \/>\n<link rel=\"canonical\" href=\"https:\/\/www.versiegelung24.com\/lv\/permanent-protector-646.html\" \/>\n<meta property=\"og:locale\" content=\"lv_LV\" \/>\n<meta property=\"og:type\" content=\"article\" \/>\n<meta property=\"og:title\" content=\"Past\u0101v\u012bg\u0101 aizsardz\u012bba 646 5M\" \/>\n<meta property=\"og:description\" content=\"Vienk\u0101r\u0161a lieto\u0161ana, sp\u0113c\u012bga aizsardz\u012bba. Jaunais Permanent Protector 646 Ultra Thin - 9H keramikas herm\u0113ti\u0137is nodro\u0161ina uzticamu aizsardz\u012bbu pret \u0101r\u0113j\u0101m ietekm\u0113m.\" \/>\n<meta property=\"og:url\" content=\"https:\/\/www.versiegelung24.com\/lv\/permanent-protector-646.html\" \/>\n<meta property=\"og:site_name\" content=\"versiegelung24.com\" \/>\n<meta property=\"article:modified_time\" content=\"2025-09-08T14:04:13+00:00\" \/>\n<meta property=\"og:image\" content=\"https:\/\/www.versiegelung24.com\/wp-content\/uploads\/2025\/08\/V24-Permanent-Protector-646-Keramikversiegelung-scaled-1.jpg\" \/>\n\t<meta property=\"og:image:width\" content=\"2560\" \/>\n\t<meta property=\"og:image:height\" content=\"2560\" \/>\n\t<meta property=\"og:image:type\" content=\"image\/jpeg\" \/>\n<meta name=\"twitter:card\" content=\"summary_large_image\" \/>\n<meta name=\"twitter:label1\" content=\"Availability\" \/>\n\t<meta name=\"twitter:data1\" content=\"In stock\" \/>\n<script type=\"application\/ld+json\" class=\"yoast-schema-graph\">{\"@context\":\"https:\\\/\\\/schema.org\",\"@graph\":[{\"@type\":\"WebPage\",\"@id\":\"https:\\\/\\\/www.versiegelung24.com\\\/lv\\\/permanent-protector-646.html\",\"url\":\"https:\\\/\\\/www.versiegelung24.com\\\/lv\\\/permanent-protector-646.html\",\"name\":\"Permanent Protector 646 Ultra Thin - 9H keramikas herm\u0113ti\u0137is\",\"isPartOf\":{\"@id\":\"https:\\\/\\\/www.versiegelung24.com\\\/lv\\\/#website\"},\"primaryImageOfPage\":{\"@id\":\"https:\\\/\\\/www.versiegelung24.com\\\/lv\\\/permanent-protector-646.html#primaryimage\"},\"image\":{\"@id\":\"https:\\\/\\\/www.versiegelung24.com\\\/lv\\\/permanent-protector-646.html#primaryimage\"},\"thumbnailUrl\":\"https:\\\/\\\/www.versiegelung24.com\\\/wp-content\\\/uploads\\\/2025\\\/08\\\/V24-Permanent-Protector-646-Keramikversiegelung-scaled-1.jpg\",\"datePublished\":\"2025-08-28T12:07:51+00:00\",\"dateModified\":\"2025-09-08T14:04:13+00:00\",\"description\":\"Vienk\u0101r\u0161a lieto\u0161ana, sp\u0113c\u012bga aizsardz\u012bba. Jaunais Permanent Protector 646 Ultra Thin - 9H keramikas herm\u0113ti\u0137is nodro\u0161ina uzticamu aizsardz\u012bbu pret \u0101r\u0113j\u0101m ietekm\u0113m.\",\"breadcrumb\":{\"@id\":\"https:\\\/\\\/www.versiegelung24.com\\\/lv\\\/permanent-protector-646.html#breadcrumb\"},\"inLanguage\":\"lv-LV\",\"potentialAction\":[{\"@type\":\"ReadAction\",\"target\":[\"https:\\\/\\\/www.versiegelung24.com\\\/lv\\\/permanent-protector-646.html\"]}]},{\"@type\":\"ImageObject\",\"inLanguage\":\"lv-LV\",\"@id\":\"https:\\\/\\\/www.versiegelung24.com\\\/lv\\\/permanent-protector-646.html#primaryimage\",\"url\":\"https:\\\/\\\/www.versiegelung24.com\\\/wp-content\\\/uploads\\\/2025\\\/08\\\/V24-Permanent-Protector-646-Keramikversiegelung-scaled-1.jpg\",\"contentUrl\":\"https:\\\/\\\/www.versiegelung24.com\\\/wp-content\\\/uploads\\\/2025\\\/08\\\/V24-Permanent-Protector-646-Keramikversiegelung-scaled-1.jpg\",\"width\":2560,\"height\":2560},{\"@type\":\"BreadcrumbList\",\"@id\":\"https:\\\/\\\/www.versiegelung24.com\\\/lv\\\/permanent-protector-646.html#breadcrumb\",\"itemListElement\":[{\"@type\":\"ListItem\",\"position\":1,\"name\":\"M\u0101jas lapa\",\"item\":\"https:\\\/\\\/www.versiegelung24.com\\\/lv\\\/prieksejais\\\/\"},{\"@type\":\"ListItem\",\"position\":2,\"name\":\"Veikals\",\"item\":\"https:\\\/\\\/www.versiegelung24.com\\\/lv\\\/veikals\\\/\"},{\"@type\":\"ListItem\",\"position\":3,\"name\":\"Past\u0101v\u012bg\u0101 aizsardz\u012bba 646 5M\"}]},{\"@type\":\"WebSite\",\"@id\":\"https:\\\/\\\/www.versiegelung24.com\\\/lv\\\/#website\",\"url\":\"https:\\\/\\\/www.versiegelung24.com\\\/lv\\\/\",\"name\":\"versiegelung24.com\",\"description\":\"Fl\u00fcssigglas-Versiegelung - Made in Germany\",\"publisher\":{\"@id\":\"https:\\\/\\\/www.versiegelung24.com\\\/lv\\\/#organization\"},\"potentialAction\":[{\"@type\":\"SearchAction\",\"target\":{\"@type\":\"EntryPoint\",\"urlTemplate\":\"https:\\\/\\\/www.versiegelung24.com\\\/lv\\\/?s={search_term_string}\"},\"query-input\":{\"@type\":\"PropertyValueSpecification\",\"valueRequired\":true,\"valueName\":\"search_term_string\"}}],\"inLanguage\":\"lv-LV\"},{\"@type\":\"Organization\",\"@id\":\"https:\\\/\\\/www.versiegelung24.com\\\/lv\\\/#organization\",\"name\":\"versiegelung24\",\"url\":\"https:\\\/\\\/www.versiegelung24.com\\\/lv\\\/\",\"logo\":{\"@type\":\"ImageObject\",\"inLanguage\":\"lv-LV\",\"@id\":\"https:\\\/\\\/www.versiegelung24.com\\\/lv\\\/#\\\/schema\\\/logo\\\/image\\\/\",\"url\":\"https:\\\/\\\/www.versiegelung24.com\\\/wp-content\\\/uploads\\\/2020\\\/04\\\/versiegelung24.png\",\"contentUrl\":\"https:\\\/\\\/www.versiegelung24.com\\\/wp-content\\\/uploads\\\/2020\\\/04\\\/versiegelung24.png\",\"width\":470,\"height\":102,\"caption\":\"versiegelung24\"},\"image\":{\"@id\":\"https:\\\/\\\/www.versiegelung24.com\\\/lv\\\/#\\\/schema\\\/logo\\\/image\\\/\"}}]}<\/script>\n<meta property=\"og:availability\" content=\"instock\" \/>\n<meta property=\"product:availability\" content=\"instock\" \/>\n<meta property=\"product:retailer_item_id\" content=\"8056-646\" \/>\n<meta property=\"product:condition\" content=\"new\" \/>\n<!-- \/ Yoast SEO Premium plugin. -->","yoast_head_json":{"title":"Permanent Protector 646 Ultra Thin - 9H keramikas herm\u0113ti\u0137is","description":"Vienk\u0101r\u0161a lieto\u0161ana, sp\u0113c\u012bga aizsardz\u012bba. Jaunais Permanent Protector 646 Ultra Thin - 9H keramikas herm\u0113ti\u0137is nodro\u0161ina uzticamu aizsardz\u012bbu pret \u0101r\u0113j\u0101m ietekm\u0113m.","robots":{"index":"index","follow":"follow","max-snippet":"max-snippet:-1","max-image-preview":"max-image-preview:large","max-video-preview":"max-video-preview:-1"},"canonical":"https:\/\/www.versiegelung24.com\/lv\/permanent-protector-646.html","og_locale":"lv_LV","og_type":"article","og_title":"Past\u0101v\u012bg\u0101 aizsardz\u012bba 646 5M","og_description":"Vienk\u0101r\u0161a lieto\u0161ana, sp\u0113c\u012bga aizsardz\u012bba. Jaunais Permanent Protector 646 Ultra Thin - 9H keramikas herm\u0113ti\u0137is nodro\u0161ina uzticamu aizsardz\u012bbu pret \u0101r\u0113j\u0101m ietekm\u0113m.","og_url":"https:\/\/www.versiegelung24.com\/lv\/permanent-protector-646.html","og_site_name":"versiegelung24.com","article_modified_time":"2025-09-08T14:04:13+00:00","og_image":[{"width":2560,"height":2560,"url":"https:\/\/www.versiegelung24.com\/wp-content\/uploads\/2025\/08\/V24-Permanent-Protector-646-Keramikversiegelung-scaled-1.jpg","type":"image\/jpeg"}],"twitter_card":"summary_large_image","twitter_misc":{"Availability":"In stock"},"schema":{"@context":"https:\/\/schema.org","@graph":[{"@type":"WebPage","@id":"https:\/\/www.versiegelung24.com\/lv\/permanent-protector-646.html","url":"https:\/\/www.versiegelung24.com\/lv\/permanent-protector-646.html","name":"Permanent Protector 646 Ultra Thin - 9H keramikas herm\u0113ti\u0137is","isPartOf":{"@id":"https:\/\/www.versiegelung24.com\/lv\/#website"},"primaryImageOfPage":{"@id":"https:\/\/www.versiegelung24.com\/lv\/permanent-protector-646.html#primaryimage"},"image":{"@id":"https:\/\/www.versiegelung24.com\/lv\/permanent-protector-646.html#primaryimage"},"thumbnailUrl":"https:\/\/www.versiegelung24.com\/wp-content\/uploads\/2025\/08\/V24-Permanent-Protector-646-Keramikversiegelung-scaled-1.jpg","datePublished":"2025-08-28T12:07:51+00:00","dateModified":"2025-09-08T14:04:13+00:00","description":"Vienk\u0101r\u0161a lieto\u0161ana, sp\u0113c\u012bga aizsardz\u012bba. Jaunais Permanent Protector 646 Ultra Thin - 9H keramikas herm\u0113ti\u0137is nodro\u0161ina uzticamu aizsardz\u012bbu pret \u0101r\u0113j\u0101m ietekm\u0113m.","breadcrumb":{"@id":"https:\/\/www.versiegelung24.com\/lv\/permanent-protector-646.html#breadcrumb"},"inLanguage":"lv-LV","potentialAction":[{"@type":"ReadAction","target":["https:\/\/www.versiegelung24.com\/lv\/permanent-protector-646.html"]}]},{"@type":"ImageObject","inLanguage":"lv-LV","@id":"https:\/\/www.versiegelung24.com\/lv\/permanent-protector-646.html#primaryimage","url":"https:\/\/www.versiegelung24.com\/wp-content\/uploads\/2025\/08\/V24-Permanent-Protector-646-Keramikversiegelung-scaled-1.jpg","contentUrl":"https:\/\/www.versiegelung24.com\/wp-content\/uploads\/2025\/08\/V24-Permanent-Protector-646-Keramikversiegelung-scaled-1.jpg","width":2560,"height":2560},{"@type":"BreadcrumbList","@id":"https:\/\/www.versiegelung24.com\/lv\/permanent-protector-646.html#breadcrumb","itemListElement":[{"@type":"ListItem","position":1,"name":"M\u0101jas lapa","item":"https:\/\/www.versiegelung24.com\/lv\/prieksejais\/"},{"@type":"ListItem","position":2,"name":"Veikals","item":"https:\/\/www.versiegelung24.com\/lv\/veikals\/"},{"@type":"ListItem","position":3,"name":"Past\u0101v\u012bg\u0101 aizsardz\u012bba 646 5M"}]},{"@type":"WebSite","@id":"https:\/\/www.versiegelung24.com\/lv\/#website","url":"https:\/\/www.versiegelung24.com\/lv\/","name":"versiegelung24.com","description":"Fl\u00fcssigglas-Versiegelung - Made in Germany","publisher":{"@id":"https:\/\/www.versiegelung24.com\/lv\/#organization"},"potentialAction":[{"@type":"SearchAction","target":{"@type":"EntryPoint","urlTemplate":"https:\/\/www.versiegelung24.com\/lv\/?s={search_term_string}"},"query-input":{"@type":"PropertyValueSpecification","valueRequired":true,"valueName":"search_term_string"}}],"inLanguage":"lv-LV"},{"@type":"Organization","@id":"https:\/\/www.versiegelung24.com\/lv\/#organization","name":"versiegelung24","url":"https:\/\/www.versiegelung24.com\/lv\/","logo":{"@type":"ImageObject","inLanguage":"lv-LV","@id":"https:\/\/www.versiegelung24.com\/lv\/#\/schema\/logo\/image\/","url":"https:\/\/www.versiegelung24.com\/wp-content\/uploads\/2020\/04\/versiegelung24.png","contentUrl":"https:\/\/www.versiegelung24.com\/wp-content\/uploads\/2020\/04\/versiegelung24.png","width":470,"height":102,"caption":"versiegelung24"},"image":{"@id":"https:\/\/www.versiegelung24.com\/lv\/#\/schema\/logo\/image\/"}}]},"og_availability":"instock","product_availability":"instock","product_retailer_item_id":"8056-646","product_condition":"new"},"_links":{"self":[{"href":"https:\/\/www.versiegelung24.com\/lv\/wp-json\/wp\/v2\/product\/182983","targetHints":{"allow":["GET"]}}],"collection":[{"href":"https:\/\/www.versiegelung24.com\/lv\/wp-json\/wp\/v2\/product"}],"about":[{"href":"https:\/\/www.versiegelung24.com\/lv\/wp-json\/wp\/v2\/types\/product"}],"version-history":[{"count":3,"href":"https:\/\/www.versiegelung24.com\/lv\/wp-json\/wp\/v2\/product\/182983\/revisions"}],"predecessor-version":[{"id":183574,"href":"https:\/\/www.versiegelung24.com\/lv\/wp-json\/wp\/v2\/product\/182983\/revisions\/183574"}],"wp:featuredmedia":[{"embeddable":true,"href":"https:\/\/www.versiegelung24.com\/lv\/wp-json\/wp\/v2\/media\/183063"}],"wp:attachment":[{"href":"https:\/\/www.versiegelung24.com\/lv\/wp-json\/wp\/v2\/media?parent=182983"}],"wp:term":[{"taxonomy":"product_brand","embeddable":true,"href":"https:\/\/www.versiegelung24.com\/lv\/wp-json\/wp\/v2\/product_brand?post=182983"},{"taxonomy":"product_cat","embeddable":true,"href":"https:\/\/www.versiegelung24.com\/lv\/wp-json\/wp\/v2\/product_cat?post=182983"},{"taxonomy":"product_tag","embeddable":true,"href":"https:\/\/www.versiegelung24.com\/lv\/wp-json\/wp\/v2\/product_tag?post=182983"}],"curies":[{"name":"wp","href":"https:\/\/api.w.org\/{rel}","templated":true}]}}