{"id":22834,"date":"2020-04-04T18:53:13","date_gmt":"2020-04-04T16:53:13","guid":{"rendered":"https:\/\/www.versiegelung24.com\/produkt\/auto-stikla-blivejums-profesionala-kvalitate"},"modified":"2025-01-03T23:40:29","modified_gmt":"2025-01-03T22:40:29","slug":"automasinu-stikla-blivejums-profesionala-kvalitate","status":"publish","type":"product","link":"https:\/\/www.versiegelung24.com\/lv\/auto-stikla-blivejums-profesionala-kvalitate.html","title":{"rendered":"Auto stikla bl\u012bv\u0113jums profesion\u0101l\u0101 kvalit\u0101t\u0113"},"content":{"rendered":"\n<p><strong>\u013boti efekt\u012bvs bl\u012bv\u0113jums automa\u0161\u012bnu stiklam un piekabei, profesion\u0101la kvalit\u0101te, JAUNUMS, gandr\u012bz bez skr\u0101p\u0113jumiem ziem\u0101, iev\u0113rojami uzlabota redzam\u012bba sliktos laika apst\u0101k\u013cos<\/strong><\/p>\n\n<p>Augsta kvalit\u0101te Ra\u017eots V\u0101cij\u0101.<\/p>\n\n<hr\/>\n\n<h4 class=\"wp-block-heading\" id=\"properties\">Produkta \u012bpa\u0161\u012bbas<\/h4>\n\n<div class=\"wp-block-columns is-layout-flex wp-container-core-columns-is-layout-9d6595d7 wp-block-columns-is-layout-flex\">\n<div class=\"wp-block-column is-layout-flow wp-block-column-is-layout-flow\">\n<ul class=\"wp-block-list\">\n<li>Dzidrs, bezkr\u0101sains \u0161\u0137idrums, neredzams un neman\u0101ms<\/li>\n\n\n\n<li>Izcils viegli t\u012br\u0101ms efekts net\u012brumu adh\u0113zijai<\/li>\n\n\n\n<li>\u016adens, e\u013c\u013cas un net\u012brumu atbaid\u012b\u0161anas l\u012bdzeklis, lietus un sniegs nokr\u012bt no r\u016bts, net\u012brumi, putnu m\u0113sli, kukai\u0146i un ledus vairs nevar stingri pie\u0137erties<\/li>\n\n\n\n<li>Atvieglo ledus skr\u0101p\u0113\u0161anu ziem\u0101<\/li>\n\n\n\n<li>No aptuveni 70 km \/ h lietus brauk\u0161anas laik\u0101 rull\u0113 \u0101r\u0101 pat bez v\u0113jstikla t\u012br\u012bt\u0101ja un nodro\u0161ina skaidru skatu<\/li>\n\n\n\n<li>Iztur\u012bgs aptuveni 25 000 km vai l\u012bdz gadam<\/li>\n\n\n\n<li>Samazina mikroorganismu un bakt\u0113riju aug\u0161anu, uzlabo higi\u0113nu<\/li>\n\n\n\n<li>Iztur\u012bgs pret salu, \u0101rk\u0101rt\u0113ju karstumu, UV starojumu, s\u0101ls\u016bdeni un s\u0101\u013cu gaisu, miner\u0101lviel\u0101m no ciet\u0101 \u016bdens un s\u0101rmiem, iztur\u012bgs pret ce\u013ca s\u0101li<\/li>\n\n\n\n<li>Fiziolo\u0123iski nekait\u012bgs<\/li>\n<\/ul>\n<\/div>\n\n\n\n<div class=\"wp-block-column is-layout-flow wp-block-column-is-layout-flow\">\n<ul class=\"wp-block-list\" id=\"block-4d08488f-e4e2-46e9-af9b-8ca16197df33\">\n<li>Virsmas paliek t\u012bras daudz ilg\u0101k, kas pagarina t\u012br\u012b\u0161anas ciklus un iev\u0113rojami samazina t\u012br\u012b\u0161anas un apkopes izmaksas, laiku un ener\u0123iju<\/li>\n\n\n\n<li>\u0136\u012bmiskie t\u012br\u012b\u0161anas l\u012bdzek\u013ci vairs nav nepiecie\u0161ami (bl\u012bv\u0113jo\u0161i, bet ar\u012b \u0137\u012bmiski iztur\u012bgi pret t\u012br\u012b\u0161anas l\u012bdzek\u013ciem, l\u012bdz pH 12)<\/li>\n\n\n\n<li>UV stabils \/ sala iztur\u012bgs \/ s\u0101ls\u016bdens iztur\u012bgs \/ neredzams (sl\u0101\u0146a biezums: 100-150 nm)<\/li>\n\n\n\n<li>Var viegli atk\u0101rtoti lietot, kad efekts izz\u016bd<\/li>\n<\/ul>\n\n\n\n<p><br\/><br\/>Pieg\u0101des apjoms: 1 x litra pudele 1 x s\u016bk\u0146a smidzin\u0101\u0161anas galvi\u0146a<br\/><\/p>\n<\/div>\n<\/div>\n\n<hr\/>\n\n<h4 class=\"wp-block-heading\" id=\"application\">Pieteikums<\/h4>\n\n<ul class=\"wp-block-list\">\n<li>Visi logi un spogu\u013ci automa\u0161\u012bn\u0101s, treileros, motociklos utt.<\/li>\n<\/ul>\n\n<p>Pat\u0113ri\u0146\u0161 ir atkar\u012bgs no virsmas strukt\u016bras aptuveni 100-200m\u00b2\/l.<\/p>\n\n<p>Der\u012bguma termi\u0146\u0161: aptuveni 12 m\u0113ne\u0161i<\/p>\n","protected":false},"excerpt":{"rendered":"<p><strong>\u013boti efekt\u012bvs bl\u012bv\u0113jums auto stikliem un treileriem:<\/strong><\/p>\n<p>\u2713 Profesion\u0101la kvalit\u0101te <\/p>\n<p>\u2713 P\u0101rdz\u012bvojiet ziemu gandr\u012bz bez skr\u0101p\u0113jumiem<\/p>\n<p>\u2713 B\u016btiski uzlabota redzam\u012bba sliktos laikapst\u0101k\u013cos<\/p>\n<p>\u2713 No aptuveni 70 km\/h lietus ripo braucot pat bez logu t\u012br\u012bt\u0101jiem un nodro\u0161ina skaidru skatu<\/p>\n","protected":false},"featured_media":17614,"template":"","meta":{"_acf_changed":false,"neve_meta_sidebar":"","neve_meta_container":"","neve_meta_enable_content_width":"","neve_meta_content_width":0,"neve_meta_title_alignment":"","neve_meta_author_avatar":"","neve_post_elements_order":"","neve_meta_disable_header":"","neve_meta_disable_footer":"","neve_meta_disable_title":"","neve_meta_reading_time":"","_surfaces":[],"_ver_product_tabs":[],"footnotes":""},"product_brand":[],"product_cat":[2196],"product_tag":[],"class_list":{"0":"post-22834","1":"product","2":"type-product","3":"status-publish","4":"has-post-thumbnail","6":"product_cat-automasinas-blivejums","7":"pa_gebinde-1000-ml-pudele","8":"pa_gebinde-20l-tvertne","10":"first","11":"instock","12":"taxable","13":"shipping-taxable","14":"purchasable","15":"product-type-variable","16":"has-default-attributes"},"acf":[],"yoast_head":"<!-- This site is optimized with the Yoast SEO Premium plugin v22.8 (Yoast SEO v27.5) - https:\/\/yoast.com\/product\/yoast-seo-premium-wordpress\/ -->\n<title>Auto stikla bl\u012bv\u0113jums profesion\u0101l\u0101 kvalit\u0101t\u0113 - versiegelung24.com<\/title>\n<meta name=\"robots\" content=\"index, follow, max-snippet:-1, max-image-preview:large, max-video-preview:-1\" \/>\n<link rel=\"canonical\" href=\"https:\/\/www.versiegelung24.com\/lv\/auto-stikla-blivejums-profesionala-kvalitate.html\" \/>\n<meta property=\"og:locale\" content=\"lv_LV\" \/>\n<meta property=\"og:type\" content=\"article\" \/>\n<meta property=\"og:title\" content=\"Auto stikla bl\u012bv\u0113jums profesion\u0101l\u0101 kvalit\u0101t\u0113\" \/>\n<meta property=\"og:description\" content=\"\u013boti efekt\u012bvs bl\u012bv\u0113jums auto stikliem un treileriem: \u2713 Profesion\u0101la kvalit\u0101te \u2713 P\u0101rdz\u012bvojiet ziemu gandr\u012bz bez skr\u0101p\u0113jumiem \u2713 B\u016btiski uzlabota redzam\u012bba sliktos laikapst\u0101k\u013cos \u2713 No aptuveni 70 km\/h lietus ripo braucot pat bez logu t\u012br\u012bt\u0101jiem un nodro\u0161ina skaidru skatu\" \/>\n<meta property=\"og:url\" content=\"https:\/\/www.versiegelung24.com\/lv\/auto-stikla-blivejums-profesionala-kvalitate.html\" \/>\n<meta property=\"og:site_name\" content=\"versiegelung24.com\" \/>\n<meta property=\"article:modified_time\" content=\"2025-01-03T22:40:29+00:00\" \/>\n<meta property=\"og:image\" content=\"https:\/\/www.versiegelung24.com\/wp-content\/uploads\/2020\/06\/produkt-1002-7601-1000-Autoglasversiegelung-scaled.jpg\" \/>\n\t<meta property=\"og:image:width\" content=\"2560\" \/>\n\t<meta property=\"og:image:height\" content=\"2560\" \/>\n\t<meta property=\"og:image:type\" content=\"image\/jpeg\" \/>\n<meta name=\"twitter:card\" content=\"summary_large_image\" \/>\n<meta name=\"twitter:label1\" content=\"Availability\" \/>\n\t<meta name=\"twitter:data1\" content=\"In stock\" \/>\n<script type=\"application\/ld+json\" class=\"yoast-schema-graph\">{\"@context\":\"https:\\\/\\\/schema.org\",\"@graph\":[{\"@type\":\"WebPage\",\"@id\":\"https:\\\/\\\/www.versiegelung24.com\\\/lv\\\/auto-stikla-blivejums-profesionala-kvalitate.html\",\"url\":\"https:\\\/\\\/www.versiegelung24.com\\\/lv\\\/auto-stikla-blivejums-profesionala-kvalitate.html\",\"name\":\"Auto stikla bl\u012bv\u0113jums profesion\u0101l\u0101 kvalit\u0101t\u0113 - versiegelung24.com\",\"isPartOf\":{\"@id\":\"https:\\\/\\\/www.versiegelung24.com\\\/lv\\\/#website\"},\"primaryImageOfPage\":{\"@id\":\"https:\\\/\\\/www.versiegelung24.com\\\/lv\\\/auto-stikla-blivejums-profesionala-kvalitate.html#primaryimage\"},\"image\":{\"@id\":\"https:\\\/\\\/www.versiegelung24.com\\\/lv\\\/auto-stikla-blivejums-profesionala-kvalitate.html#primaryimage\"},\"thumbnailUrl\":\"https:\\\/\\\/www.versiegelung24.com\\\/wp-content\\\/uploads\\\/2020\\\/06\\\/produkt-1002-7601-1000-Autoglasversiegelung-scaled.jpg\",\"datePublished\":\"2020-04-04T16:53:13+00:00\",\"dateModified\":\"2025-01-03T22:40:29+00:00\",\"breadcrumb\":{\"@id\":\"https:\\\/\\\/www.versiegelung24.com\\\/lv\\\/auto-stikla-blivejums-profesionala-kvalitate.html#breadcrumb\"},\"inLanguage\":\"lv-LV\",\"potentialAction\":[{\"@type\":\"ReadAction\",\"target\":[\"https:\\\/\\\/www.versiegelung24.com\\\/lv\\\/auto-stikla-blivejums-profesionala-kvalitate.html\"]}]},{\"@type\":\"ImageObject\",\"inLanguage\":\"lv-LV\",\"@id\":\"https:\\\/\\\/www.versiegelung24.com\\\/lv\\\/auto-stikla-blivejums-profesionala-kvalitate.html#primaryimage\",\"url\":\"https:\\\/\\\/www.versiegelung24.com\\\/wp-content\\\/uploads\\\/2020\\\/06\\\/produkt-1002-7601-1000-Autoglasversiegelung-scaled.jpg\",\"contentUrl\":\"https:\\\/\\\/www.versiegelung24.com\\\/wp-content\\\/uploads\\\/2020\\\/06\\\/produkt-1002-7601-1000-Autoglasversiegelung-scaled.jpg\",\"width\":2560,\"height\":2560},{\"@type\":\"BreadcrumbList\",\"@id\":\"https:\\\/\\\/www.versiegelung24.com\\\/lv\\\/auto-stikla-blivejums-profesionala-kvalitate.html#breadcrumb\",\"itemListElement\":[{\"@type\":\"ListItem\",\"position\":1,\"name\":\"M\u0101jas lapa\",\"item\":\"https:\\\/\\\/www.versiegelung24.com\\\/lv\\\/prieksejais\\\/\"},{\"@type\":\"ListItem\",\"position\":2,\"name\":\"Veikals\",\"item\":\"https:\\\/\\\/www.versiegelung24.com\\\/lv\\\/veikals\\\/\"},{\"@type\":\"ListItem\",\"position\":3,\"name\":\"Auto stikla bl\u012bv\u0113jums profesion\u0101l\u0101 kvalit\u0101t\u0113\"}]},{\"@type\":\"WebSite\",\"@id\":\"https:\\\/\\\/www.versiegelung24.com\\\/lv\\\/#website\",\"url\":\"https:\\\/\\\/www.versiegelung24.com\\\/lv\\\/\",\"name\":\"versiegelung24.com\",\"description\":\"Fl\u00fcssigglas-Versiegelung - Made in Germany\",\"publisher\":{\"@id\":\"https:\\\/\\\/www.versiegelung24.com\\\/lv\\\/#organization\"},\"potentialAction\":[{\"@type\":\"SearchAction\",\"target\":{\"@type\":\"EntryPoint\",\"urlTemplate\":\"https:\\\/\\\/www.versiegelung24.com\\\/lv\\\/?s={search_term_string}\"},\"query-input\":{\"@type\":\"PropertyValueSpecification\",\"valueRequired\":true,\"valueName\":\"search_term_string\"}}],\"inLanguage\":\"lv-LV\"},{\"@type\":\"Organization\",\"@id\":\"https:\\\/\\\/www.versiegelung24.com\\\/lv\\\/#organization\",\"name\":\"versiegelung24\",\"url\":\"https:\\\/\\\/www.versiegelung24.com\\\/lv\\\/\",\"logo\":{\"@type\":\"ImageObject\",\"inLanguage\":\"lv-LV\",\"@id\":\"https:\\\/\\\/www.versiegelung24.com\\\/lv\\\/#\\\/schema\\\/logo\\\/image\\\/\",\"url\":\"https:\\\/\\\/www.versiegelung24.com\\\/wp-content\\\/uploads\\\/2020\\\/04\\\/versiegelung24.png\",\"contentUrl\":\"https:\\\/\\\/www.versiegelung24.com\\\/wp-content\\\/uploads\\\/2020\\\/04\\\/versiegelung24.png\",\"width\":470,\"height\":102,\"caption\":\"versiegelung24\"},\"image\":{\"@id\":\"https:\\\/\\\/www.versiegelung24.com\\\/lv\\\/#\\\/schema\\\/logo\\\/image\\\/\"}}]}<\/script>\n<meta property=\"og:availability\" content=\"instock\" \/>\n<meta property=\"product:availability\" content=\"instock\" \/>\n<meta property=\"product:retailer_item_id\" content=\"1002-7601\" \/>\n<meta property=\"product:condition\" content=\"new\" \/>\n<!-- \/ Yoast SEO Premium plugin. -->","yoast_head_json":{"title":"Auto stikla bl\u012bv\u0113jums profesion\u0101l\u0101 kvalit\u0101t\u0113 - versiegelung24.com","robots":{"index":"index","follow":"follow","max-snippet":"max-snippet:-1","max-image-preview":"max-image-preview:large","max-video-preview":"max-video-preview:-1"},"canonical":"https:\/\/www.versiegelung24.com\/lv\/auto-stikla-blivejums-profesionala-kvalitate.html","og_locale":"lv_LV","og_type":"article","og_title":"Auto stikla bl\u012bv\u0113jums profesion\u0101l\u0101 kvalit\u0101t\u0113","og_description":"\u013boti efekt\u012bvs bl\u012bv\u0113jums auto stikliem un treileriem: \u2713 Profesion\u0101la kvalit\u0101te \u2713 P\u0101rdz\u012bvojiet ziemu gandr\u012bz bez skr\u0101p\u0113jumiem \u2713 B\u016btiski uzlabota redzam\u012bba sliktos laikapst\u0101k\u013cos \u2713 No aptuveni 70 km\/h lietus ripo braucot pat bez logu t\u012br\u012bt\u0101jiem un nodro\u0161ina skaidru skatu","og_url":"https:\/\/www.versiegelung24.com\/lv\/auto-stikla-blivejums-profesionala-kvalitate.html","og_site_name":"versiegelung24.com","article_modified_time":"2025-01-03T22:40:29+00:00","og_image":[{"width":2560,"height":2560,"url":"https:\/\/www.versiegelung24.com\/wp-content\/uploads\/2020\/06\/produkt-1002-7601-1000-Autoglasversiegelung-scaled.jpg","type":"image\/jpeg"}],"twitter_card":"summary_large_image","twitter_misc":{"Availability":"In stock"},"schema":{"@context":"https:\/\/schema.org","@graph":[{"@type":"WebPage","@id":"https:\/\/www.versiegelung24.com\/lv\/auto-stikla-blivejums-profesionala-kvalitate.html","url":"https:\/\/www.versiegelung24.com\/lv\/auto-stikla-blivejums-profesionala-kvalitate.html","name":"Auto stikla bl\u012bv\u0113jums profesion\u0101l\u0101 kvalit\u0101t\u0113 - versiegelung24.com","isPartOf":{"@id":"https:\/\/www.versiegelung24.com\/lv\/#website"},"primaryImageOfPage":{"@id":"https:\/\/www.versiegelung24.com\/lv\/auto-stikla-blivejums-profesionala-kvalitate.html#primaryimage"},"image":{"@id":"https:\/\/www.versiegelung24.com\/lv\/auto-stikla-blivejums-profesionala-kvalitate.html#primaryimage"},"thumbnailUrl":"https:\/\/www.versiegelung24.com\/wp-content\/uploads\/2020\/06\/produkt-1002-7601-1000-Autoglasversiegelung-scaled.jpg","datePublished":"2020-04-04T16:53:13+00:00","dateModified":"2025-01-03T22:40:29+00:00","breadcrumb":{"@id":"https:\/\/www.versiegelung24.com\/lv\/auto-stikla-blivejums-profesionala-kvalitate.html#breadcrumb"},"inLanguage":"lv-LV","potentialAction":[{"@type":"ReadAction","target":["https:\/\/www.versiegelung24.com\/lv\/auto-stikla-blivejums-profesionala-kvalitate.html"]}]},{"@type":"ImageObject","inLanguage":"lv-LV","@id":"https:\/\/www.versiegelung24.com\/lv\/auto-stikla-blivejums-profesionala-kvalitate.html#primaryimage","url":"https:\/\/www.versiegelung24.com\/wp-content\/uploads\/2020\/06\/produkt-1002-7601-1000-Autoglasversiegelung-scaled.jpg","contentUrl":"https:\/\/www.versiegelung24.com\/wp-content\/uploads\/2020\/06\/produkt-1002-7601-1000-Autoglasversiegelung-scaled.jpg","width":2560,"height":2560},{"@type":"BreadcrumbList","@id":"https:\/\/www.versiegelung24.com\/lv\/auto-stikla-blivejums-profesionala-kvalitate.html#breadcrumb","itemListElement":[{"@type":"ListItem","position":1,"name":"M\u0101jas lapa","item":"https:\/\/www.versiegelung24.com\/lv\/prieksejais\/"},{"@type":"ListItem","position":2,"name":"Veikals","item":"https:\/\/www.versiegelung24.com\/lv\/veikals\/"},{"@type":"ListItem","position":3,"name":"Auto stikla bl\u012bv\u0113jums profesion\u0101l\u0101 kvalit\u0101t\u0113"}]},{"@type":"WebSite","@id":"https:\/\/www.versiegelung24.com\/lv\/#website","url":"https:\/\/www.versiegelung24.com\/lv\/","name":"versiegelung24.com","description":"Fl\u00fcssigglas-Versiegelung - Made in Germany","publisher":{"@id":"https:\/\/www.versiegelung24.com\/lv\/#organization"},"potentialAction":[{"@type":"SearchAction","target":{"@type":"EntryPoint","urlTemplate":"https:\/\/www.versiegelung24.com\/lv\/?s={search_term_string}"},"query-input":{"@type":"PropertyValueSpecification","valueRequired":true,"valueName":"search_term_string"}}],"inLanguage":"lv-LV"},{"@type":"Organization","@id":"https:\/\/www.versiegelung24.com\/lv\/#organization","name":"versiegelung24","url":"https:\/\/www.versiegelung24.com\/lv\/","logo":{"@type":"ImageObject","inLanguage":"lv-LV","@id":"https:\/\/www.versiegelung24.com\/lv\/#\/schema\/logo\/image\/","url":"https:\/\/www.versiegelung24.com\/wp-content\/uploads\/2020\/04\/versiegelung24.png","contentUrl":"https:\/\/www.versiegelung24.com\/wp-content\/uploads\/2020\/04\/versiegelung24.png","width":470,"height":102,"caption":"versiegelung24"},"image":{"@id":"https:\/\/www.versiegelung24.com\/lv\/#\/schema\/logo\/image\/"}}]},"og_availability":"instock","product_availability":"instock","product_retailer_item_id":"1002-7601","product_condition":"new"},"_links":{"self":[{"href":"https:\/\/www.versiegelung24.com\/lv\/wp-json\/wp\/v2\/product\/22834","targetHints":{"allow":["GET"]}}],"collection":[{"href":"https:\/\/www.versiegelung24.com\/lv\/wp-json\/wp\/v2\/product"}],"about":[{"href":"https:\/\/www.versiegelung24.com\/lv\/wp-json\/wp\/v2\/types\/product"}],"version-history":[{"count":14,"href":"https:\/\/www.versiegelung24.com\/lv\/wp-json\/wp\/v2\/product\/22834\/revisions"}],"predecessor-version":[{"id":177548,"href":"https:\/\/www.versiegelung24.com\/lv\/wp-json\/wp\/v2\/product\/22834\/revisions\/177548"}],"wp:featuredmedia":[{"embeddable":true,"href":"https:\/\/www.versiegelung24.com\/lv\/wp-json\/wp\/v2\/media\/17614"}],"wp:attachment":[{"href":"https:\/\/www.versiegelung24.com\/lv\/wp-json\/wp\/v2\/media?parent=22834"}],"wp:term":[{"taxonomy":"product_brand","embeddable":true,"href":"https:\/\/www.versiegelung24.com\/lv\/wp-json\/wp\/v2\/product_brand?post=22834"},{"taxonomy":"product_cat","embeddable":true,"href":"https:\/\/www.versiegelung24.com\/lv\/wp-json\/wp\/v2\/product_cat?post=22834"},{"taxonomy":"product_tag","embeddable":true,"href":"https:\/\/www.versiegelung24.com\/lv\/wp-json\/wp\/v2\/product_tag?post=22834"}],"curies":[{"name":"wp","href":"https:\/\/api.w.org\/{rel}","templated":true}]}}