{"id":22878,"date":"2020-04-04T18:53:16","date_gmt":"2021-08-02T19:06:22","guid":{"rendered":"https:\/\/www.versiegelung24.com\/produkt\/1-litrs-bacoban-koncentrata-100-litriem-ilgstosas-virsmas-dezinfekcijas"},"modified":"2025-01-13T16:36:02","modified_gmt":"2025-01-13T15:36:02","slug":"bacoban-ilgtermina-virsmu-dezinfekcijas-koncentrats","status":"publish","type":"product","link":"https:\/\/www.versiegelung24.com\/lv\/bacoban-ilgtermina-virsmu-dezinfekcijas-koncentrats.html","title":{"rendered":"1 litrs BACOBAN\u00ae koncentr\u0101ta 100 litriem ilgsto\u0161as virsmas dezinfekcijas"},"content":{"rendered":"\n<h2 class=\"wp-block-heading\" id=\"1-liter-flasche-bacoban-langzeit-flachendesinfektion-konzentrat\">1 litra pudele BACOBAN\u00ae ilgsto\u0161as virsmas dezinfekcijas koncentr\u0101ta<\/h2>\n\n<p><strong>Pietiek 100 litriem dezinfekcijas l\u012bdzek\u013ca (at\u0161\u0137aid\u012bts ar \u016bdeni 1: 100)<\/strong><\/p>\n\n<p><strong>R\u016bp\u012bgi lietojiet dezinfekcijas l\u012bdzek\u013cus. Pirms lieto\u0161anas vienm\u0113r izlasiet eti\u0137eti un inform\u0101ciju par produktu.<\/strong><\/p>\n\n<hr \/>\n\n<h4 class=\"wp-block-heading\" id=\"properties\">Produkta \u012bpa\u0161\u012bbas<\/h4>\n\n<ul class=\"wp-block-list\"><li><br \/>Ilgsto\u0161a pretmikrobu iedarb\u012bba (remanences efekts) l\u012bdz 10 dien\u0101m<\/li><li>Uzskait\u012bti VAH<\/li><li>efekt\u012bvs pret koronav\u012brusu<\/li><li>\u013coti laba \u0101das tolerance<\/li><li>augsts t\u012br\u012b\u0161anas efekts<\/li><li>Praktiskais pielietojums p\u0101rbaud\u012bts 4 lauku test\u0101<\/li><\/ul>\n\n<p><strong>Bacoban<\/strong><sup> \u00ae<\/sup><strong> WB<\/strong> ir \u016bdens b\u0101zes koncentr\u0101ts invent\u0101ra un gr\u012bdu kombin\u0113tai dezinfekcijai un t\u012br\u012b\u0161anai ar ilgsto\u0161u, pretmikrobu efektu (remanences efektu).<\/p>\n\n<hr \/>\n\n<h4 class=\"wp-block-heading\" id=\"application\">Pieteikums<\/h4>\n\n<h3 class=\"wp-block-heading\" id=\"gebrauch\">izmantot<\/h3>\n\n<p>\u0100r\u0101<strong> Bacoban<\/strong><sup> \u00ae<\/sup><strong> WB<\/strong> Sagatavojiet lieto\u0161anai gatavu \u0161\u0137\u012bdumu saska\u0146\u0101 ar mais\u012b\u0161anas tabulu un pietiekami samitriniet virsmas. Neskalojiet un neberziet saus\u0101 veid\u0101. Svaigi pagatavota darba \u0161\u0137\u012bduma nost\u0101v\u0113\u0161anas laiks: 8 stundas<\/p>\n\n<figure class=\"wp-block-table\"><table><tbody><tr><td>Mais\u012b\u0161anas galds<\/td><\/tr><tr><td>Gal\u012bgais apjoms<\/td><td>0,5 %<\/td><td>1 %<\/td><td>2 %<\/td><td>3 %<\/td><\/tr><tr><td>1 litrs<\/td><td>5 ml<\/td><td>10 ml<\/td><td>20 ml<\/td><td>30 ml<\/td><\/tr><tr><td>2 litri<\/td><td>10 ml<\/td><td>20 ml<\/td><td>40 ml<\/td><td>60 ml<\/td><\/tr><tr><td>4 litri<\/td><td>20 ml<\/td><td>40 ml<\/td><td>80 ml<\/td><td>120 ml<\/td><\/tr><tr><td>8 litri<\/td><td>40 ml<\/td><td>80 ml<\/td><td>160 ml<\/td><td>240 ml<\/td><\/tr><tr><td>10 litri<\/td><td>50 ml<\/td><td>100 ml<\/td><td>200 ml<\/td><td>300 ml<\/td><\/tr><\/tbody><\/table><\/figure>\n\n<p><br \/>Ilgsto\u0161a pretmikrobu iedarb\u012bba <strong>(remanences efekts<\/strong> ) l\u012bdz <strong>10 dien\u0101m<\/strong> (test\u0113ts saska\u0146\u0101 ar ASTM E 2180). Dermatolo\u0123iski test\u0113ts (*l\u012bdz 1%): \u013coti laba sader\u012bba ar \u0101du.<\/p>\n\n<h3 class=\"wp-block-heading\" id=\"lagerung\">uzglab\u0101\u0161ana<\/h3>\n\n<p><strong>Bacoban<\/strong><sup> \u00ae<\/sup><strong> WB<\/strong> uzglab\u0101t temperat\u016br\u0101 no +5 l\u012bdz + 25 \u00b0 C. Sarg\u0101t no sala un tie\u0161iem saules stariem.<\/p>\n\n<hr \/>\n\n<h4 class=\"wp-block-heading\" id=\"advisor\">Konsultants<\/h4>\n\n<h3 class=\"wp-block-heading\" id=\"gutachten\">Nov\u0113rt\u0113jums<\/h3>\n\n<p>M\u016bsu produkti ir pla\u0161i p\u0101rbaud\u012bti. M\u0113s labpr\u0101t sniegsim jums m\u016bsu mikrobiolo\u0123iskos un dermatolo\u0123iskos zi\u0146ojumus p\u0113c piepras\u012bjuma.<\/p>\n\n<h3 class=\"wp-block-heading\" id=\"sicherheitshinweis\">Dro\u0161\u012bbas piez\u012bme<\/h3>\n\n<p>Dro\u0161\u012bbas datu lapa ir pieejama p\u0113c piepras\u012bjuma.<\/p>\n\n<p><strong>Svar\u012bgs<\/strong> ! Pretmikrobu remanents efekts<strong> Bacoban<\/strong><sup> \u00ae<\/sup><strong> WB<\/strong> nedr\u012bkst izrais\u012bt vajadz\u012bgo dezinfekcijas pas\u0101kumu izlai\u0161anu redzama un \/ vai ap\u0161aub\u0101ma pies\u0101r\u0146ojuma gad\u012bjum\u0101!<\/p>\n\n<p>Darba dev\u0113ju civiltiesisk\u0101s atbild\u012bbas apdro\u0161in\u0101\u0161anas asoci\u0101cija nosaka, ka, str\u0101d\u0101jot ar dezinfekcijas l\u012bdzek\u013ciem, j\u0101lieto cimdi. Kait\u012bgs norijot. Izraisa smagus \u0101das apdegumus un acu boj\u0101jumus. \u013boti toksisks \u016bdens organismiem. Toksisks \u016bdens organismiem, ar ilgsto\u0161u iedarb\u012bbu. Produkta lieto\u0161anas laik\u0101 ne\u0113diet, nedzeriet un nesm\u0113\u0137\u0113jiet. Ja norij: Izskalot muti. Neizraisiet vem\u0161anu. Ja non\u0101k saskar\u0113 ar \u0101du (vai matiem): T\u016bl\u012bt novilkt visu pies\u0101r\u0146oto ap\u0123\u0113rbu. Noskalojiet \u0101du ar \u016bdeni\/du\u0161u. Ja nok\u013c\u016bst ac\u012bs: vair\u0101kas min\u016btes piesardz\u012bgi skalot ar \u016bdeni. Ja iesp\u0113jams, iz\u0146emiet eso\u0161\u0101s kontaktl\u0113cas. Turpiniet skalo\u0161anu. Nekav\u0113joties izsaukt toksikolo\u0123ijas centru vai \u0101rstu. Ja nepiecie\u0161ama medic\u012bniska konsult\u0101cija, sagatavojiet iepakojumu vai eti\u0137eti. <br \/>Uzglab\u0101t b\u0113rniem nepieejam\u0101 viet\u0101. Lietot tikai ar \u016bdeni un saska\u0146\u0101 ar sajauk\u0161anas tabulu. Nelietot kop\u0101 ar citiem t\u012br\u012b\u0161anas vai dezinfekcijas l\u012bdzek\u013ciem.<\/p>\n\n<p>Var izmantot uz vis\u0101m virsm\u0101m. Attiec\u012bb\u0101 uz \u012bpa\u0161i jut\u012bg\u0101m virsm\u0101m m\u0113s iesak\u0101m veikt pretest\u012bbas testu neuzkr\u012bto\u0161\u0101 viet\u0101. Uzglab\u0101t tikai sl\u0113gt\u0101 trauk\u0101. Uzglab\u0101t v\u0113s\u0101 un saus\u0101 viet\u0101.<\/p>\n\n<p>Tvertni var p\u0101rstr\u0101d\u0101t tikai tad, kad t\u0101 ir piln\u012bgi tuk\u0161a. Nelietot p\u0113c der\u012bguma termi\u0146a beig\u0101m. Izn\u012bcin\u0101t saska\u0146\u0101 ar viet\u0113jiem un ofici\u0101lajiem noteikumiem.<\/p>\n\n<p>Bioc\u012bda re\u0123istr\u0101cijas Nr.: N-28795 (D). 263\/17\/L (Lu)<\/p>\n\n<p>Lieto\u0161anai <strong>gatavam<\/strong> \u0161\u0137\u012bdumam saska\u0146\u0101 ar sajauk\u0161anas tabulu nav nepiecie\u0161ams b\u012bstam\u012bbas simbols.<\/p>\n\n<h3 class=\"wp-block-heading\" id=\"zusammensetzung\">sast\u0101vs<\/h3>\n\n<p>100 g \u0161\u0137\u012bduma satur: 26 g benzalkonija hlor\u012bda, 2,5 g n\u0101trija piritiona, polikondens\u0101tus, smar\u017evielas, att\u012br\u012btu \u016bdeni. Sast\u0101vda\u013cas saska\u0146\u0101 ar Regulu (EK) Nr. 648\/2004: 15% un vair\u0101k, bet maz\u0101k nek\u0101 30% katjonu virsmakt\u012bv\u0101s vielas, dezinfekcijas l\u012bdzek\u013ci, smar\u017evielas (linalols, limon\u0113ns, citr\u0101ls, geraniols, citronelols).<br \/>Nesatur formaldeh\u012bdus, nesatur fenolu.<\/p>\n\n<figure class=\"wp-block-table\"><table><tbody><tr><td>efektivit\u0101ti<\/td><\/tr><tr><td>P\u0101rbaude saska\u0146\u0101 ar DVV \/ RKI vadl\u012bnij\u0101m<\/td><td>at\u0161\u0137aid\u012b\u0161ana<\/td><td>Iedarb\u012bbas laiks<\/td><\/tr><tr><td><br \/>Ierobe\u017eota viruic\u012bda iedarb\u012bba (apvalka v\u012brusi, tostarp <strong>koronav\u012brusi,<\/strong> HIV, HBV, HCV, gripa, herpes, Ebolas v\u012bruss&#8230;.).<\/td><td>1,00 %<\/td><td>5 min<\/td><\/tr><tr><td>Adenov\u012bruss<\/td><td>2,00 %<\/td><td>240 min<\/td><\/tr><tr><td>Cilv\u0113ka papilomas v\u012bruss (HPV)<\/td><td>1,00 %<\/td><td>60 min<\/td><\/tr><tr><td>Norov\u012bruss<\/td><td>1,00 %<\/td><td>30 min<\/td><\/tr><tr><td>P\u0101rbaude saska\u0146\u0101 ar DGHM vadl\u012bnij\u0101m (ar meh\u0101niku, liela slodze)<\/td><\/tr><tr><td>bakteric\u012bds un rauga<\/td><td>1,00 %<\/td><td>5 min<\/td><\/tr><tr><td>EN standartiem<\/td><\/tr><tr><td>EN 1040 (bakteric\u012bds)<\/td><td>0,25 %<\/td><td>5 min<\/td><\/tr><tr><td>EN 1275 (rauga izn\u012bcin\u0101\u0161anas l\u012bdzeklis)<\/td><td>0,25 %<\/td><td>5 min<\/td><\/tr><tr><td>EN 1276 (bakteric\u012bds)<\/td><td>0,75 %<\/td><td>5 min<\/td><\/tr><tr><td>\u00a0<\/td><td>0,50 %<\/td><td>15 min\u016btes<\/td><\/tr><tr><td>EN 13727 (bakteric\u012bds)<\/td><td>1,00 %<\/td><td>5 min<\/td><\/tr><tr><td>EN 13624 (rauga, fungic\u012bds)<\/td><td>1,00 %<\/td><td>5 min<\/td><\/tr><tr><td>EN 1650 (rauga izn\u012bcin\u0101\u0161anas l\u012bdzeklis)<\/td><td>0,50 %<\/td><td>5 min<\/td><\/tr><tr><td>\u00a0<\/td><td>0,25 %<\/td><td>15 min\u016btes<\/td><\/tr><tr><td>EN 13697 (bakteric\u012bds)<\/td><td>0,50 %<\/td><td>15 min\u016btes<\/td><\/tr><tr><td>EN 14561 (bakteric\u012bds)<\/td><td>0,50 %<\/td><td>15 min\u016btes<\/td><\/tr><tr><td>\u00a0<\/td><td>0,50 %<\/td><td>60 min<\/td><\/tr><tr><td>EN 14562 (rauga izn\u012bcin\u0101\u0161anas l\u012bdzeklis)<\/td><td>0,50 %<\/td><td>60 min<\/td><\/tr><tr><td>EN 16615 (bakteric\u012bds, rauga izn\u012bcino\u0161s) (4 lauku tests)<\/td><td>1,00 %<\/td><td>5 min<\/td><\/tr><\/tbody><\/table><\/figure>\n\n<p><strong>R\u016bp\u012bgi lietojiet dezinfekcijas l\u012bdzek\u013cus. Pirms lieto\u0161anas vienm\u0113r izlasiet eti\u0137eti un inform\u0101ciju par produktu.<\/strong><\/p>\n","protected":false},"excerpt":{"rendered":"<p style=\"color: #545454;font-family: Verdana, sans-serif;font-size: 11px;line-height: 15.666666984558105px\"><strong>Virsmu dezinfekcija un t\u012br\u012b\u0161ana bez alkohola<\/strong><\/p>\n","protected":false},"featured_media":21957,"template":"","meta":{"_acf_changed":false,"neve_meta_sidebar":"","neve_meta_container":"","neve_meta_enable_content_width":"","neve_meta_content_width":0,"neve_meta_title_alignment":"","neve_meta_author_avatar":"","neve_post_elements_order":"","neve_meta_disable_header":"","neve_meta_disable_footer":"","neve_meta_disable_title":"","neve_meta_reading_time":"","_surfaces":[],"_ver_product_tabs":[],"footnotes":""},"product_brand":[],"product_cat":[2352,2353,2355],"product_tag":[],"class_list":{"0":"post-22878","1":"product","2":"type-product","3":"status-publish","4":"has-post-thumbnail","6":"product_cat-dezinfekcijas-lidzekli","7":"product_cat-virsmas-dezinfekcijas-lidzekli","8":"product_cat-dezinfekcijas-koncentrati","10":"first","11":"instock","12":"taxable","13":"shipping-taxable","14":"purchasable","15":"product-type-simple"},"acf":[],"yoast_head":"<!-- This site is optimized with the Yoast SEO Premium plugin v22.8 (Yoast SEO v27.5) - https:\/\/yoast.com\/product\/yoast-seo-premium-wordpress\/ -->\n<title>1 litrs BACOBAN\u00ae koncentr\u0101ta 100 litriem ilgsto\u0161as virsmas dezinfekcijas - versiegelung24.com<\/title>\n<meta name=\"robots\" content=\"index, follow, max-snippet:-1, max-image-preview:large, max-video-preview:-1\" \/>\n<link rel=\"canonical\" href=\"https:\/\/www.versiegelung24.com\/lv\/bacoban-ilgtermina-virsmu-dezinfekcijas-koncentrats.html\" \/>\n<meta property=\"og:locale\" content=\"lv_LV\" \/>\n<meta property=\"og:type\" content=\"article\" \/>\n<meta property=\"og:title\" content=\"1 litrs BACOBAN\u00ae koncentr\u0101ta 100 litriem ilgsto\u0161as virsmas dezinfekcijas\" \/>\n<meta property=\"og:description\" content=\"Virsmu dezinfekcija un t\u012br\u012b\u0161ana bez alkohola\" \/>\n<meta property=\"og:url\" content=\"https:\/\/www.versiegelung24.com\/lv\/bacoban-ilgtermina-virsmu-dezinfekcijas-koncentrats.html\" \/>\n<meta property=\"og:site_name\" content=\"versiegelung24.com\" \/>\n<meta property=\"article:modified_time\" content=\"2025-01-13T15:36:02+00:00\" \/>\n<meta property=\"og:image\" content=\"https:\/\/www.versiegelung24.com\/wp-content\/uploads\/2020\/04\/bacwb1-bacoban-langzeitdesinfektion-konzentrat-1-liter.png\" \/>\n\t<meta property=\"og:image:width\" content=\"1000\" \/>\n\t<meta property=\"og:image:height\" content=\"1000\" \/>\n\t<meta property=\"og:image:type\" content=\"image\/png\" \/>\n<meta name=\"twitter:card\" content=\"summary_large_image\" \/>\n<meta name=\"twitter:label1\" content=\"Price\" \/>\n\t<meta name=\"twitter:data1\" content=\"89,90&euro;\" \/>\n\t<meta name=\"twitter:label2\" content=\"Availability\" \/>\n\t<meta name=\"twitter:data2\" content=\"In stock\" \/>\n<script type=\"application\/ld+json\" class=\"yoast-schema-graph\">{\"@context\":\"https:\\\/\\\/schema.org\",\"@graph\":[{\"@type\":\"WebPage\",\"@id\":\"https:\\\/\\\/www.versiegelung24.com\\\/lv\\\/bacoban-ilgtermina-virsmu-dezinfekcijas-koncentrats.html\",\"url\":\"https:\\\/\\\/www.versiegelung24.com\\\/lv\\\/bacoban-ilgtermina-virsmu-dezinfekcijas-koncentrats.html\",\"name\":\"1 litrs BACOBAN\u00ae koncentr\u0101ta 100 litriem ilgsto\u0161as virsmas dezinfekcijas - versiegelung24.com\",\"isPartOf\":{\"@id\":\"https:\\\/\\\/www.versiegelung24.com\\\/lv\\\/#website\"},\"primaryImageOfPage\":{\"@id\":\"https:\\\/\\\/www.versiegelung24.com\\\/lv\\\/bacoban-ilgtermina-virsmu-dezinfekcijas-koncentrats.html#primaryimage\"},\"image\":{\"@id\":\"https:\\\/\\\/www.versiegelung24.com\\\/lv\\\/bacoban-ilgtermina-virsmu-dezinfekcijas-koncentrats.html#primaryimage\"},\"thumbnailUrl\":\"https:\\\/\\\/www.versiegelung24.com\\\/wp-content\\\/uploads\\\/2020\\\/04\\\/bacwb1-bacoban-langzeitdesinfektion-konzentrat-1-liter.png\",\"datePublished\":\"2021-08-02T19:06:22+00:00\",\"dateModified\":\"2025-01-13T15:36:02+00:00\",\"breadcrumb\":{\"@id\":\"https:\\\/\\\/www.versiegelung24.com\\\/lv\\\/bacoban-ilgtermina-virsmu-dezinfekcijas-koncentrats.html#breadcrumb\"},\"inLanguage\":\"lv-LV\",\"potentialAction\":[{\"@type\":\"ReadAction\",\"target\":[\"https:\\\/\\\/www.versiegelung24.com\\\/lv\\\/bacoban-ilgtermina-virsmu-dezinfekcijas-koncentrats.html\"]}]},{\"@type\":\"ImageObject\",\"inLanguage\":\"lv-LV\",\"@id\":\"https:\\\/\\\/www.versiegelung24.com\\\/lv\\\/bacoban-ilgtermina-virsmu-dezinfekcijas-koncentrats.html#primaryimage\",\"url\":\"https:\\\/\\\/www.versiegelung24.com\\\/wp-content\\\/uploads\\\/2020\\\/04\\\/bacwb1-bacoban-langzeitdesinfektion-konzentrat-1-liter.png\",\"contentUrl\":\"https:\\\/\\\/www.versiegelung24.com\\\/wp-content\\\/uploads\\\/2020\\\/04\\\/bacwb1-bacoban-langzeitdesinfektion-konzentrat-1-liter.png\",\"width\":1000,\"height\":1000},{\"@type\":\"BreadcrumbList\",\"@id\":\"https:\\\/\\\/www.versiegelung24.com\\\/lv\\\/bacoban-ilgtermina-virsmu-dezinfekcijas-koncentrats.html#breadcrumb\",\"itemListElement\":[{\"@type\":\"ListItem\",\"position\":1,\"name\":\"M\u0101jas lapa\",\"item\":\"https:\\\/\\\/www.versiegelung24.com\\\/lv\\\/prieksejais\\\/\"},{\"@type\":\"ListItem\",\"position\":2,\"name\":\"Veikals\",\"item\":\"https:\\\/\\\/www.versiegelung24.com\\\/lv\\\/veikals\\\/\"},{\"@type\":\"ListItem\",\"position\":3,\"name\":\"1 litrs BACOBAN\u00ae koncentr\u0101ta 100 litriem ilgsto\u0161as virsmas dezinfekcijas\"}]},{\"@type\":\"WebSite\",\"@id\":\"https:\\\/\\\/www.versiegelung24.com\\\/lv\\\/#website\",\"url\":\"https:\\\/\\\/www.versiegelung24.com\\\/lv\\\/\",\"name\":\"versiegelung24.com\",\"description\":\"Fl\u00fcssigglas-Versiegelung - Made in Germany\",\"publisher\":{\"@id\":\"https:\\\/\\\/www.versiegelung24.com\\\/lv\\\/#organization\"},\"potentialAction\":[{\"@type\":\"SearchAction\",\"target\":{\"@type\":\"EntryPoint\",\"urlTemplate\":\"https:\\\/\\\/www.versiegelung24.com\\\/lv\\\/?s={search_term_string}\"},\"query-input\":{\"@type\":\"PropertyValueSpecification\",\"valueRequired\":true,\"valueName\":\"search_term_string\"}}],\"inLanguage\":\"lv-LV\"},{\"@type\":\"Organization\",\"@id\":\"https:\\\/\\\/www.versiegelung24.com\\\/lv\\\/#organization\",\"name\":\"versiegelung24\",\"url\":\"https:\\\/\\\/www.versiegelung24.com\\\/lv\\\/\",\"logo\":{\"@type\":\"ImageObject\",\"inLanguage\":\"lv-LV\",\"@id\":\"https:\\\/\\\/www.versiegelung24.com\\\/lv\\\/#\\\/schema\\\/logo\\\/image\\\/\",\"url\":\"https:\\\/\\\/www.versiegelung24.com\\\/wp-content\\\/uploads\\\/2020\\\/04\\\/versiegelung24.png\",\"contentUrl\":\"https:\\\/\\\/www.versiegelung24.com\\\/wp-content\\\/uploads\\\/2020\\\/04\\\/versiegelung24.png\",\"width\":470,\"height\":102,\"caption\":\"versiegelung24\"},\"image\":{\"@id\":\"https:\\\/\\\/www.versiegelung24.com\\\/lv\\\/#\\\/schema\\\/logo\\\/image\\\/\"}}]}<\/script>\n<meta property=\"product:price:amount\" content=\"89.90\" \/>\n<meta property=\"product:price:currency\" content=\"EUR\" \/>\n<meta property=\"og:availability\" content=\"instock\" \/>\n<meta property=\"product:availability\" content=\"instock\" \/>\n<meta property=\"product:retailer_item_id\" content=\"BACWB1D\" \/>\n<meta property=\"product:condition\" content=\"new\" \/>\n<!-- \/ Yoast SEO Premium plugin. -->","yoast_head_json":{"title":"1 litrs BACOBAN\u00ae koncentr\u0101ta 100 litriem ilgsto\u0161as virsmas dezinfekcijas - versiegelung24.com","robots":{"index":"index","follow":"follow","max-snippet":"max-snippet:-1","max-image-preview":"max-image-preview:large","max-video-preview":"max-video-preview:-1"},"canonical":"https:\/\/www.versiegelung24.com\/lv\/bacoban-ilgtermina-virsmu-dezinfekcijas-koncentrats.html","og_locale":"lv_LV","og_type":"article","og_title":"1 litrs BACOBAN\u00ae koncentr\u0101ta 100 litriem ilgsto\u0161as virsmas dezinfekcijas","og_description":"Virsmu dezinfekcija un t\u012br\u012b\u0161ana bez alkohola","og_url":"https:\/\/www.versiegelung24.com\/lv\/bacoban-ilgtermina-virsmu-dezinfekcijas-koncentrats.html","og_site_name":"versiegelung24.com","article_modified_time":"2025-01-13T15:36:02+00:00","og_image":[{"width":1000,"height":1000,"url":"https:\/\/www.versiegelung24.com\/wp-content\/uploads\/2020\/04\/bacwb1-bacoban-langzeitdesinfektion-konzentrat-1-liter.png","type":"image\/png"}],"twitter_card":"summary_large_image","twitter_misc":{"Price":"89,90&euro;","Availability":"In stock"},"schema":{"@context":"https:\/\/schema.org","@graph":[{"@type":"WebPage","@id":"https:\/\/www.versiegelung24.com\/lv\/bacoban-ilgtermina-virsmu-dezinfekcijas-koncentrats.html","url":"https:\/\/www.versiegelung24.com\/lv\/bacoban-ilgtermina-virsmu-dezinfekcijas-koncentrats.html","name":"1 litrs BACOBAN\u00ae koncentr\u0101ta 100 litriem ilgsto\u0161as virsmas dezinfekcijas - versiegelung24.com","isPartOf":{"@id":"https:\/\/www.versiegelung24.com\/lv\/#website"},"primaryImageOfPage":{"@id":"https:\/\/www.versiegelung24.com\/lv\/bacoban-ilgtermina-virsmu-dezinfekcijas-koncentrats.html#primaryimage"},"image":{"@id":"https:\/\/www.versiegelung24.com\/lv\/bacoban-ilgtermina-virsmu-dezinfekcijas-koncentrats.html#primaryimage"},"thumbnailUrl":"https:\/\/www.versiegelung24.com\/wp-content\/uploads\/2020\/04\/bacwb1-bacoban-langzeitdesinfektion-konzentrat-1-liter.png","datePublished":"2021-08-02T19:06:22+00:00","dateModified":"2025-01-13T15:36:02+00:00","breadcrumb":{"@id":"https:\/\/www.versiegelung24.com\/lv\/bacoban-ilgtermina-virsmu-dezinfekcijas-koncentrats.html#breadcrumb"},"inLanguage":"lv-LV","potentialAction":[{"@type":"ReadAction","target":["https:\/\/www.versiegelung24.com\/lv\/bacoban-ilgtermina-virsmu-dezinfekcijas-koncentrats.html"]}]},{"@type":"ImageObject","inLanguage":"lv-LV","@id":"https:\/\/www.versiegelung24.com\/lv\/bacoban-ilgtermina-virsmu-dezinfekcijas-koncentrats.html#primaryimage","url":"https:\/\/www.versiegelung24.com\/wp-content\/uploads\/2020\/04\/bacwb1-bacoban-langzeitdesinfektion-konzentrat-1-liter.png","contentUrl":"https:\/\/www.versiegelung24.com\/wp-content\/uploads\/2020\/04\/bacwb1-bacoban-langzeitdesinfektion-konzentrat-1-liter.png","width":1000,"height":1000},{"@type":"BreadcrumbList","@id":"https:\/\/www.versiegelung24.com\/lv\/bacoban-ilgtermina-virsmu-dezinfekcijas-koncentrats.html#breadcrumb","itemListElement":[{"@type":"ListItem","position":1,"name":"M\u0101jas lapa","item":"https:\/\/www.versiegelung24.com\/lv\/prieksejais\/"},{"@type":"ListItem","position":2,"name":"Veikals","item":"https:\/\/www.versiegelung24.com\/lv\/veikals\/"},{"@type":"ListItem","position":3,"name":"1 litrs BACOBAN\u00ae koncentr\u0101ta 100 litriem ilgsto\u0161as virsmas dezinfekcijas"}]},{"@type":"WebSite","@id":"https:\/\/www.versiegelung24.com\/lv\/#website","url":"https:\/\/www.versiegelung24.com\/lv\/","name":"versiegelung24.com","description":"Fl\u00fcssigglas-Versiegelung - Made in Germany","publisher":{"@id":"https:\/\/www.versiegelung24.com\/lv\/#organization"},"potentialAction":[{"@type":"SearchAction","target":{"@type":"EntryPoint","urlTemplate":"https:\/\/www.versiegelung24.com\/lv\/?s={search_term_string}"},"query-input":{"@type":"PropertyValueSpecification","valueRequired":true,"valueName":"search_term_string"}}],"inLanguage":"lv-LV"},{"@type":"Organization","@id":"https:\/\/www.versiegelung24.com\/lv\/#organization","name":"versiegelung24","url":"https:\/\/www.versiegelung24.com\/lv\/","logo":{"@type":"ImageObject","inLanguage":"lv-LV","@id":"https:\/\/www.versiegelung24.com\/lv\/#\/schema\/logo\/image\/","url":"https:\/\/www.versiegelung24.com\/wp-content\/uploads\/2020\/04\/versiegelung24.png","contentUrl":"https:\/\/www.versiegelung24.com\/wp-content\/uploads\/2020\/04\/versiegelung24.png","width":470,"height":102,"caption":"versiegelung24"},"image":{"@id":"https:\/\/www.versiegelung24.com\/lv\/#\/schema\/logo\/image\/"}}]},"product_price_amount":"89.90","product_price_currency":"EUR","og_availability":"instock","product_availability":"instock","product_retailer_item_id":"BACWB1D","product_condition":"new"},"_links":{"self":[{"href":"https:\/\/www.versiegelung24.com\/lv\/wp-json\/wp\/v2\/product\/22878","targetHints":{"allow":["GET"]}}],"collection":[{"href":"https:\/\/www.versiegelung24.com\/lv\/wp-json\/wp\/v2\/product"}],"about":[{"href":"https:\/\/www.versiegelung24.com\/lv\/wp-json\/wp\/v2\/types\/product"}],"version-history":[{"count":17,"href":"https:\/\/www.versiegelung24.com\/lv\/wp-json\/wp\/v2\/product\/22878\/revisions"}],"predecessor-version":[{"id":180483,"href":"https:\/\/www.versiegelung24.com\/lv\/wp-json\/wp\/v2\/product\/22878\/revisions\/180483"}],"wp:featuredmedia":[{"embeddable":true,"href":"https:\/\/www.versiegelung24.com\/lv\/wp-json\/wp\/v2\/media\/21957"}],"wp:attachment":[{"href":"https:\/\/www.versiegelung24.com\/lv\/wp-json\/wp\/v2\/media?parent=22878"}],"wp:term":[{"taxonomy":"product_brand","embeddable":true,"href":"https:\/\/www.versiegelung24.com\/lv\/wp-json\/wp\/v2\/product_brand?post=22878"},{"taxonomy":"product_cat","embeddable":true,"href":"https:\/\/www.versiegelung24.com\/lv\/wp-json\/wp\/v2\/product_cat?post=22878"},{"taxonomy":"product_tag","embeddable":true,"href":"https:\/\/www.versiegelung24.com\/lv\/wp-json\/wp\/v2\/product_tag?post=22878"}],"curies":[{"name":"wp","href":"https:\/\/api.w.org\/{rel}","templated":true}]}}