{"id":22939,"date":"2020-04-04T18:53:18","date_gmt":"2021-08-02T19:08:34","guid":{"rendered":"https:\/\/www.versiegelung24.com\/produkt\/bacoban-ilgstosas-virsmas-dezinfekcijas-salvetes-50-gabali-plakana-iepakojuma"},"modified":"2025-01-13T16:37:58","modified_gmt":"2025-01-13T15:37:58","slug":"bacoban-ilgtermina-virsmas-dezinfekcijas-lupatas-50-gabali-in-flat-pack-audums-formats-180-x-200mm","status":"publish","type":"product","link":"https:\/\/www.versiegelung24.com\/lv\/bacoban-ilgtermina-virsmas-dezinfekcijas-lupatas-50-gabali-in-flat-pack-audums-formats-180-x-200mm.html","title":{"rendered":"BACOBAN\u00ae ilgsto\u0161as virsmas dezinfekcijas salvetes, 50 gabali plakan\u0101 iepakojum\u0101"},"content":{"rendered":"\n<p>Lieto\u0161anai gatavas mitras salvetes pret spirtu iztur\u012bgu virsmu dezinfekcijai<\/p>\n\n<hr \/>\n\n<h4 class=\"wp-block-heading\" id=\"properties\">Produkta \u012bpa\u0161\u012bbas<\/h4>\n\n<div class=\"wp-block-columns is-layout-flex wp-container-core-columns-is-layout-9d6595d7 wp-block-columns-is-layout-flex\">\n<div class=\"wp-block-column is-layout-flow wp-block-column-is-layout-flow\">\n<ul class=\"wp-block-list\">\n<li><br \/>Ilgsto\u0161a pretmikrobu iedarb\u012bba (remanences efekts) l\u012bdz 10 dien\u0101m<\/li>\n\n\n\n<li>efekt\u012bvs pret koronav\u012brusu<\/li>\n\n\n\n<li>\u013coti laba \u0101das tolerance<\/li>\n\n\n\n<li>augsts t\u012br\u012b\u0161anas efekts<\/li>\n\n\n\n<li>Praktiskais pielietojums p\u0101rbaud\u012bts 4 lauku test\u0101<\/li>\n<\/ul>\n<\/div>\n\n\n\n<div class=\"wp-block-column is-layout-flow wp-block-column-is-layout-flow\">\n<h3 class=\"wp-block-heading\" id=\"zusammensetzung\">sast\u0101vs<\/h3>\n\n\n\n<p>100 g \u0161\u0137\u012bduma satur:<br \/><br \/>Sast\u0101vda\u013cas saska\u0146\u0101 ar Regulu (EK) Nr. 648\/2004: maz\u0101k nek\u0101 5% katjonu virsmakt\u012bvo vielu, dezinfekcijas l\u012bdzeklis, smar\u017evielas. Bez formaldeh\u012bda, bez fenola.<\/p>\n<\/div>\n<\/div>\n\n<hr \/>\n\n<h4 class=\"wp-block-heading\" id=\"application\">Pieteikums<\/h4>\n\n<p><strong>Bacoban<\/strong><sup> \u00ae<\/sup><strong> DL<\/strong> ir lieto\u0161anai gatavs, uz \u016bdens b\u0101zes veidots \u0161\u0137\u012bdums virsmu dezinfekcijai un t\u012br\u012b\u0161anai ar notur\u012bgu, pretmikrobu efektu (remanences efekts).<\/p>\n\n<h3 class=\"wp-block-heading\" id=\"gebrauch\">izmantot<\/h3>\n\n<p><strong>Bacoban<\/strong><sup> \u00ae<\/sup><strong> DL<\/strong> No\u0146emiet lieto\u0161anai gatavu dr\u0101nu un vienm\u0113r\u012bgi sadaliet \u0161\u0137idrumu uz virsmas. P\u0113c tam \u013caujiet tai no\u017e\u016bt. Neskalojiet un neberziet saus\u0101 veid\u0101.<\/p>\n\n<figure class=\"wp-block-table\"><table><tbody><tr><td>efektivit\u0101ti<\/td><\/tr><tr><td>P\u0101rbaude saska\u0146\u0101 ar DVV \/ RKI vadl\u012bnij\u0101m<\/td><td>Iedarb\u012bbas laiks<\/td><\/tr><tr><td><br \/>Ierobe\u017eota viruic\u012bda iedarb\u012bba (apvalka v\u012brusi, tostarp <strong>koronav\u012brusi,<\/strong> HIV, HBV, HCV, gripa, herpes, Ebolas v\u012bruss&#8230;.).<\/td><td>5 min<\/td><\/tr><tr><td>Rotav\u012bruss<\/td><td>5 min<\/td><\/tr><tr><td>Norov\u012bruss<\/td><td>30 min<\/td><\/tr><tr><td>Papilomas v\u012bruss (HPV)<\/td><td>60 min<\/td><\/tr><tr><td>P\u0101rbaude saska\u0146\u0101 ar DGHM vadl\u012bnij\u0101m (ar meh\u0101niku, liela slodze)<\/td><\/tr><tr><td>bakteric\u012bds un rauga<\/td><td>5 min<\/td><\/tr><tr><td>EN standartiem<\/td><\/tr><tr><td>EN 1040 (bakteric\u012bds)<\/td><td>5 min<\/td><\/tr><tr><td>EN 1275 (rauga izn\u012bcin\u0101\u0161anas l\u012bdzeklis)<\/td><td>5 min<\/td><\/tr><tr><td>EN 1276 (bakteric\u012bds)<\/td><td>5 min<\/td><\/tr><tr><td>EN 13727 (bakteric\u012bds)<\/td><td>5 min<\/td><\/tr><tr><td>EN 13624 (rauga, fungic\u012bds)<\/td><td>5 min<\/td><\/tr><tr><td>EN 1650 (rauga izn\u012bcin\u0101\u0161anas l\u012bdzeklis)<\/td><td>5 min<\/td><\/tr><tr><td>EN 13697 (bakteric\u012bds)<\/td><td>5 min<\/td><\/tr><tr><td>EN 14561 (bakteric\u012bds)<\/td><td>60 min<\/td><\/tr><tr><td>EN 14562 (rauga izn\u012bcin\u0101\u0161anas l\u012bdzeklis)<\/td><td>60 min<\/td><\/tr><tr><td>EN 16615 (bakteric\u012bds, rauga izn\u012bcino\u0161s) (4 lauku tests)<\/td><td>5 min<\/td><\/tr><\/tbody><\/table><\/figure>\n\n<hr \/>\n\n<h4 class=\"wp-block-heading\" id=\"advisor\">Konsultants<\/h4>\n\n<h3 class=\"wp-block-heading\" id=\"lagerung\">uzglab\u0101\u0161ana<\/h3>\n\n<p><strong>Bacoban<\/strong><sup> \u00ae<\/sup><strong> DL<\/strong> uzglab\u0101t temperat\u016br\u0101 no +5 l\u012bdz + 25 \u00b0 C. Sarg\u0101t no sala un tie\u0161iem saules stariem.<\/p>\n\n<h3 class=\"wp-block-heading\" id=\"gutachten\">Nov\u0113rt\u0113jums<\/h3>\n\n<p>M\u016bsu produkti ir pla\u0161i p\u0101rbaud\u012bti. M\u0113s labpr\u0101t sniegsim jums m\u016bsu mikrobiolo\u0123iskos un dermatolo\u0123iskos zi\u0146ojumus p\u0113c piepras\u012bjuma.<\/p>\n\n<h3 class=\"wp-block-heading\" id=\"sicherheitshinweis\">Dro\u0161\u012bbas piez\u012bme<\/h3>\n\n<p>Dro\u0161\u012bbas datu lapa ir pieejama p\u0113c piepras\u012bjuma.<\/p>\n\n<p><br \/>Ilgsto\u0161a pretmikrobu iedarb\u012bba <strong>(remanences efekts<\/strong> ) l\u012bdz <strong>10 dien\u0101m<\/strong> (test\u0113ts saska\u0146\u0101 ar ASTM E 2180). Dermatolo\u0123iski test\u0113ts (epikut\u0101na tests ar 30 test\u0113t\u0101jiem): \u013coti laba sader\u012bba ar \u0101du.<\/p>\n\n<p><strong>Svar\u012bgs<\/strong> ! Pretmikrobu remanents efekts<strong> Bacoban<\/strong><sup> \u00ae<\/sup><strong> DL<\/strong> nedr\u012bkst izrais\u012bt vajadz\u012bgo dezinfekcijas pas\u0101kumu izlai\u0161anu redzama un \/ vai ap\u0161aub\u0101ma pies\u0101r\u0146ojuma gad\u012bjum\u0101!<\/p>\n\n<p><strong>R\u016bp\u012bgi lietojiet dezinfekcijas l\u012bdzek\u013cus. Pirms lieto\u0161anas vienm\u0113r izlasiet eti\u0137eti un inform\u0101ciju par produktu.<\/strong><\/p>\n\n<p>Bioc\u012bda re\u0123. Nr .: N-34071 (D), 262\/17 \/ L (Lu), PT2<\/p>\n","protected":false},"excerpt":{"rendered":"<p><strong>Lieto\u0161anai gatavas mitras salvetes virsmu dezinfekcijai<\/strong><\/p>\n","protected":false},"featured_media":176467,"template":"","meta":{"_acf_changed":false,"neve_meta_sidebar":"","neve_meta_container":"","neve_meta_enable_content_width":"","neve_meta_content_width":0,"neve_meta_title_alignment":"","neve_meta_author_avatar":"","neve_post_elements_order":"","neve_meta_disable_header":"","neve_meta_disable_footer":"","neve_meta_disable_title":"","neve_meta_reading_time":"","_surfaces":[],"_ver_product_tabs":[],"footnotes":""},"product_brand":[],"product_cat":[2352,2353],"product_tag":[],"class_list":{"0":"post-22939","1":"product","2":"type-product","3":"status-publish","4":"has-post-thumbnail","6":"product_cat-dezinfekcijas-lidzekli","7":"product_cat-virsmas-dezinfekcijas-lidzekli","9":"first","10":"onbackorder","11":"taxable","12":"shipping-taxable","13":"purchasable","14":"product-type-simple"},"acf":[],"yoast_head":"<!-- This site is optimized with the Yoast SEO Premium plugin v22.8 (Yoast SEO v27.5) - https:\/\/yoast.com\/product\/yoast-seo-premium-wordpress\/ -->\n<title>BACOBAN\u00ae ilgsto\u0161as virsmas dezinfekcijas salvetes, 50 gabali plakan\u0101 iepakojum\u0101 - versiegelung24.com<\/title>\n<meta name=\"robots\" content=\"index, follow, max-snippet:-1, max-image-preview:large, max-video-preview:-1\" \/>\n<link rel=\"canonical\" href=\"https:\/\/www.versiegelung24.com\/lv\/bacoban-ilgtermina-virsmas-dezinfekcijas-lupatas-50-gabali-in-flat-pack-audums-formats-180-x-200mm.html\" \/>\n<meta property=\"og:locale\" content=\"lv_LV\" \/>\n<meta property=\"og:type\" content=\"article\" \/>\n<meta property=\"og:title\" content=\"BACOBAN\u00ae ilgsto\u0161as virsmas dezinfekcijas salvetes, 50 gabali plakan\u0101 iepakojum\u0101\" \/>\n<meta property=\"og:description\" content=\"Lieto\u0161anai gatavas mitras salvetes virsmu dezinfekcijai\" \/>\n<meta property=\"og:url\" content=\"https:\/\/www.versiegelung24.com\/lv\/bacoban-ilgtermina-virsmas-dezinfekcijas-lupatas-50-gabali-in-flat-pack-audums-formats-180-x-200mm.html\" \/>\n<meta property=\"og:site_name\" content=\"versiegelung24.com\" \/>\n<meta property=\"article:modified_time\" content=\"2025-01-13T15:37:58+00:00\" \/>\n<meta property=\"og:image\" content=\"https:\/\/www.versiegelung24.com\/wp-content\/uploads\/2020\/04\/bacotue-produktbild-schraeg.webp\" \/>\n\t<meta property=\"og:image:width\" content=\"2000\" \/>\n\t<meta property=\"og:image:height\" content=\"2000\" \/>\n\t<meta property=\"og:image:type\" content=\"image\/webp\" \/>\n<meta name=\"twitter:card\" content=\"summary_large_image\" \/>\n<meta name=\"twitter:label1\" content=\"Price\" \/>\n\t<meta name=\"twitter:data1\" content=\"7,79&euro;\" \/>\n\t<meta name=\"twitter:label2\" content=\"Availability\" \/>\n\t<meta name=\"twitter:data2\" content=\"On backorder\" \/>\n<script type=\"application\/ld+json\" class=\"yoast-schema-graph\">{\"@context\":\"https:\\\/\\\/schema.org\",\"@graph\":[{\"@type\":\"WebPage\",\"@id\":\"https:\\\/\\\/www.versiegelung24.com\\\/lv\\\/bacoban-ilgtermina-virsmas-dezinfekcijas-lupatas-50-gabali-in-flat-pack-audums-formats-180-x-200mm.html\",\"url\":\"https:\\\/\\\/www.versiegelung24.com\\\/lv\\\/bacoban-ilgtermina-virsmas-dezinfekcijas-lupatas-50-gabali-in-flat-pack-audums-formats-180-x-200mm.html\",\"name\":\"BACOBAN\u00ae ilgsto\u0161as virsmas dezinfekcijas salvetes, 50 gabali plakan\u0101 iepakojum\u0101 - versiegelung24.com\",\"isPartOf\":{\"@id\":\"https:\\\/\\\/www.versiegelung24.com\\\/lv\\\/#website\"},\"primaryImageOfPage\":{\"@id\":\"https:\\\/\\\/www.versiegelung24.com\\\/lv\\\/bacoban-ilgtermina-virsmas-dezinfekcijas-lupatas-50-gabali-in-flat-pack-audums-formats-180-x-200mm.html#primaryimage\"},\"image\":{\"@id\":\"https:\\\/\\\/www.versiegelung24.com\\\/lv\\\/bacoban-ilgtermina-virsmas-dezinfekcijas-lupatas-50-gabali-in-flat-pack-audums-formats-180-x-200mm.html#primaryimage\"},\"thumbnailUrl\":\"https:\\\/\\\/www.versiegelung24.com\\\/wp-content\\\/uploads\\\/2020\\\/04\\\/bacotue-produktbild-schraeg.webp\",\"datePublished\":\"2021-08-02T19:08:34+00:00\",\"dateModified\":\"2025-01-13T15:37:58+00:00\",\"breadcrumb\":{\"@id\":\"https:\\\/\\\/www.versiegelung24.com\\\/lv\\\/bacoban-ilgtermina-virsmas-dezinfekcijas-lupatas-50-gabali-in-flat-pack-audums-formats-180-x-200mm.html#breadcrumb\"},\"inLanguage\":\"lv-LV\",\"potentialAction\":[{\"@type\":\"ReadAction\",\"target\":[\"https:\\\/\\\/www.versiegelung24.com\\\/lv\\\/bacoban-ilgtermina-virsmas-dezinfekcijas-lupatas-50-gabali-in-flat-pack-audums-formats-180-x-200mm.html\"]}]},{\"@type\":\"ImageObject\",\"inLanguage\":\"lv-LV\",\"@id\":\"https:\\\/\\\/www.versiegelung24.com\\\/lv\\\/bacoban-ilgtermina-virsmas-dezinfekcijas-lupatas-50-gabali-in-flat-pack-audums-formats-180-x-200mm.html#primaryimage\",\"url\":\"https:\\\/\\\/www.versiegelung24.com\\\/wp-content\\\/uploads\\\/2020\\\/04\\\/bacotue-produktbild-schraeg.webp\",\"contentUrl\":\"https:\\\/\\\/www.versiegelung24.com\\\/wp-content\\\/uploads\\\/2020\\\/04\\\/bacotue-produktbild-schraeg.webp\",\"width\":2000,\"height\":2000},{\"@type\":\"BreadcrumbList\",\"@id\":\"https:\\\/\\\/www.versiegelung24.com\\\/lv\\\/bacoban-ilgtermina-virsmas-dezinfekcijas-lupatas-50-gabali-in-flat-pack-audums-formats-180-x-200mm.html#breadcrumb\",\"itemListElement\":[{\"@type\":\"ListItem\",\"position\":1,\"name\":\"M\u0101jas lapa\",\"item\":\"https:\\\/\\\/www.versiegelung24.com\\\/lv\\\/prieksejais\\\/\"},{\"@type\":\"ListItem\",\"position\":2,\"name\":\"Veikals\",\"item\":\"https:\\\/\\\/www.versiegelung24.com\\\/lv\\\/veikals\\\/\"},{\"@type\":\"ListItem\",\"position\":3,\"name\":\"BACOBAN\u00ae ilgsto\u0161as virsmas dezinfekcijas salvetes, 50 gabali plakan\u0101 iepakojum\u0101\"}]},{\"@type\":\"WebSite\",\"@id\":\"https:\\\/\\\/www.versiegelung24.com\\\/lv\\\/#website\",\"url\":\"https:\\\/\\\/www.versiegelung24.com\\\/lv\\\/\",\"name\":\"versiegelung24.com\",\"description\":\"Fl\u00fcssigglas-Versiegelung - Made in Germany\",\"publisher\":{\"@id\":\"https:\\\/\\\/www.versiegelung24.com\\\/lv\\\/#organization\"},\"potentialAction\":[{\"@type\":\"SearchAction\",\"target\":{\"@type\":\"EntryPoint\",\"urlTemplate\":\"https:\\\/\\\/www.versiegelung24.com\\\/lv\\\/?s={search_term_string}\"},\"query-input\":{\"@type\":\"PropertyValueSpecification\",\"valueRequired\":true,\"valueName\":\"search_term_string\"}}],\"inLanguage\":\"lv-LV\"},{\"@type\":\"Organization\",\"@id\":\"https:\\\/\\\/www.versiegelung24.com\\\/lv\\\/#organization\",\"name\":\"versiegelung24\",\"url\":\"https:\\\/\\\/www.versiegelung24.com\\\/lv\\\/\",\"logo\":{\"@type\":\"ImageObject\",\"inLanguage\":\"lv-LV\",\"@id\":\"https:\\\/\\\/www.versiegelung24.com\\\/lv\\\/#\\\/schema\\\/logo\\\/image\\\/\",\"url\":\"https:\\\/\\\/www.versiegelung24.com\\\/wp-content\\\/uploads\\\/2020\\\/04\\\/versiegelung24.png\",\"contentUrl\":\"https:\\\/\\\/www.versiegelung24.com\\\/wp-content\\\/uploads\\\/2020\\\/04\\\/versiegelung24.png\",\"width\":470,\"height\":102,\"caption\":\"versiegelung24\"},\"image\":{\"@id\":\"https:\\\/\\\/www.versiegelung24.com\\\/lv\\\/#\\\/schema\\\/logo\\\/image\\\/\"}}]}<\/script>\n<meta property=\"product:price:amount\" content=\"7.79\" \/>\n<meta property=\"product:price:currency\" content=\"EUR\" \/>\n<meta property=\"og:availability\" content=\"backorder\" \/>\n<meta property=\"product:availability\" content=\"available for order\" \/>\n<meta property=\"product:retailer_item_id\" content=\"BACTUE\" \/>\n<meta property=\"product:condition\" content=\"new\" \/>\n<!-- \/ Yoast SEO Premium plugin. -->","yoast_head_json":{"title":"BACOBAN\u00ae ilgsto\u0161as virsmas dezinfekcijas salvetes, 50 gabali plakan\u0101 iepakojum\u0101 - versiegelung24.com","robots":{"index":"index","follow":"follow","max-snippet":"max-snippet:-1","max-image-preview":"max-image-preview:large","max-video-preview":"max-video-preview:-1"},"canonical":"https:\/\/www.versiegelung24.com\/lv\/bacoban-ilgtermina-virsmas-dezinfekcijas-lupatas-50-gabali-in-flat-pack-audums-formats-180-x-200mm.html","og_locale":"lv_LV","og_type":"article","og_title":"BACOBAN\u00ae ilgsto\u0161as virsmas dezinfekcijas salvetes, 50 gabali plakan\u0101 iepakojum\u0101","og_description":"Lieto\u0161anai gatavas mitras salvetes virsmu dezinfekcijai","og_url":"https:\/\/www.versiegelung24.com\/lv\/bacoban-ilgtermina-virsmas-dezinfekcijas-lupatas-50-gabali-in-flat-pack-audums-formats-180-x-200mm.html","og_site_name":"versiegelung24.com","article_modified_time":"2025-01-13T15:37:58+00:00","og_image":[{"width":2000,"height":2000,"url":"https:\/\/www.versiegelung24.com\/wp-content\/uploads\/2020\/04\/bacotue-produktbild-schraeg.webp","type":"image\/webp"}],"twitter_card":"summary_large_image","twitter_misc":{"Price":"7,79&euro;","Availability":"On backorder"},"schema":{"@context":"https:\/\/schema.org","@graph":[{"@type":"WebPage","@id":"https:\/\/www.versiegelung24.com\/lv\/bacoban-ilgtermina-virsmas-dezinfekcijas-lupatas-50-gabali-in-flat-pack-audums-formats-180-x-200mm.html","url":"https:\/\/www.versiegelung24.com\/lv\/bacoban-ilgtermina-virsmas-dezinfekcijas-lupatas-50-gabali-in-flat-pack-audums-formats-180-x-200mm.html","name":"BACOBAN\u00ae ilgsto\u0161as virsmas dezinfekcijas salvetes, 50 gabali plakan\u0101 iepakojum\u0101 - versiegelung24.com","isPartOf":{"@id":"https:\/\/www.versiegelung24.com\/lv\/#website"},"primaryImageOfPage":{"@id":"https:\/\/www.versiegelung24.com\/lv\/bacoban-ilgtermina-virsmas-dezinfekcijas-lupatas-50-gabali-in-flat-pack-audums-formats-180-x-200mm.html#primaryimage"},"image":{"@id":"https:\/\/www.versiegelung24.com\/lv\/bacoban-ilgtermina-virsmas-dezinfekcijas-lupatas-50-gabali-in-flat-pack-audums-formats-180-x-200mm.html#primaryimage"},"thumbnailUrl":"https:\/\/www.versiegelung24.com\/wp-content\/uploads\/2020\/04\/bacotue-produktbild-schraeg.webp","datePublished":"2021-08-02T19:08:34+00:00","dateModified":"2025-01-13T15:37:58+00:00","breadcrumb":{"@id":"https:\/\/www.versiegelung24.com\/lv\/bacoban-ilgtermina-virsmas-dezinfekcijas-lupatas-50-gabali-in-flat-pack-audums-formats-180-x-200mm.html#breadcrumb"},"inLanguage":"lv-LV","potentialAction":[{"@type":"ReadAction","target":["https:\/\/www.versiegelung24.com\/lv\/bacoban-ilgtermina-virsmas-dezinfekcijas-lupatas-50-gabali-in-flat-pack-audums-formats-180-x-200mm.html"]}]},{"@type":"ImageObject","inLanguage":"lv-LV","@id":"https:\/\/www.versiegelung24.com\/lv\/bacoban-ilgtermina-virsmas-dezinfekcijas-lupatas-50-gabali-in-flat-pack-audums-formats-180-x-200mm.html#primaryimage","url":"https:\/\/www.versiegelung24.com\/wp-content\/uploads\/2020\/04\/bacotue-produktbild-schraeg.webp","contentUrl":"https:\/\/www.versiegelung24.com\/wp-content\/uploads\/2020\/04\/bacotue-produktbild-schraeg.webp","width":2000,"height":2000},{"@type":"BreadcrumbList","@id":"https:\/\/www.versiegelung24.com\/lv\/bacoban-ilgtermina-virsmas-dezinfekcijas-lupatas-50-gabali-in-flat-pack-audums-formats-180-x-200mm.html#breadcrumb","itemListElement":[{"@type":"ListItem","position":1,"name":"M\u0101jas lapa","item":"https:\/\/www.versiegelung24.com\/lv\/prieksejais\/"},{"@type":"ListItem","position":2,"name":"Veikals","item":"https:\/\/www.versiegelung24.com\/lv\/veikals\/"},{"@type":"ListItem","position":3,"name":"BACOBAN\u00ae ilgsto\u0161as virsmas dezinfekcijas salvetes, 50 gabali plakan\u0101 iepakojum\u0101"}]},{"@type":"WebSite","@id":"https:\/\/www.versiegelung24.com\/lv\/#website","url":"https:\/\/www.versiegelung24.com\/lv\/","name":"versiegelung24.com","description":"Fl\u00fcssigglas-Versiegelung - Made in Germany","publisher":{"@id":"https:\/\/www.versiegelung24.com\/lv\/#organization"},"potentialAction":[{"@type":"SearchAction","target":{"@type":"EntryPoint","urlTemplate":"https:\/\/www.versiegelung24.com\/lv\/?s={search_term_string}"},"query-input":{"@type":"PropertyValueSpecification","valueRequired":true,"valueName":"search_term_string"}}],"inLanguage":"lv-LV"},{"@type":"Organization","@id":"https:\/\/www.versiegelung24.com\/lv\/#organization","name":"versiegelung24","url":"https:\/\/www.versiegelung24.com\/lv\/","logo":{"@type":"ImageObject","inLanguage":"lv-LV","@id":"https:\/\/www.versiegelung24.com\/lv\/#\/schema\/logo\/image\/","url":"https:\/\/www.versiegelung24.com\/wp-content\/uploads\/2020\/04\/versiegelung24.png","contentUrl":"https:\/\/www.versiegelung24.com\/wp-content\/uploads\/2020\/04\/versiegelung24.png","width":470,"height":102,"caption":"versiegelung24"},"image":{"@id":"https:\/\/www.versiegelung24.com\/lv\/#\/schema\/logo\/image\/"}}]},"product_price_amount":"7.79","product_price_currency":"EUR","og_availability":"backorder","product_availability":"available for order","product_retailer_item_id":"BACTUE","product_condition":"new"},"_links":{"self":[{"href":"https:\/\/www.versiegelung24.com\/lv\/wp-json\/wp\/v2\/product\/22939","targetHints":{"allow":["GET"]}}],"collection":[{"href":"https:\/\/www.versiegelung24.com\/lv\/wp-json\/wp\/v2\/product"}],"about":[{"href":"https:\/\/www.versiegelung24.com\/lv\/wp-json\/wp\/v2\/types\/product"}],"version-history":[{"count":15,"href":"https:\/\/www.versiegelung24.com\/lv\/wp-json\/wp\/v2\/product\/22939\/revisions"}],"predecessor-version":[{"id":180564,"href":"https:\/\/www.versiegelung24.com\/lv\/wp-json\/wp\/v2\/product\/22939\/revisions\/180564"}],"wp:featuredmedia":[{"embeddable":true,"href":"https:\/\/www.versiegelung24.com\/lv\/wp-json\/wp\/v2\/media\/176467"}],"wp:attachment":[{"href":"https:\/\/www.versiegelung24.com\/lv\/wp-json\/wp\/v2\/media?parent=22939"}],"wp:term":[{"taxonomy":"product_brand","embeddable":true,"href":"https:\/\/www.versiegelung24.com\/lv\/wp-json\/wp\/v2\/product_brand?post=22939"},{"taxonomy":"product_cat","embeddable":true,"href":"https:\/\/www.versiegelung24.com\/lv\/wp-json\/wp\/v2\/product_cat?post=22939"},{"taxonomy":"product_tag","embeddable":true,"href":"https:\/\/www.versiegelung24.com\/lv\/wp-json\/wp\/v2\/product_tag?post=22939"}],"curies":[{"name":"wp","href":"https:\/\/api.w.org\/{rel}","templated":true}]}}