{"id":22940,"date":"2020-04-04T18:53:11","date_gmt":"2021-08-02T19:08:36","guid":{"rendered":"https:\/\/www.versiegelung24.com\/produkt\/tekstila-blivejums-profesionala-kvalitate"},"modified":"2025-01-03T23:26:27","modified_gmt":"2025-01-03T22:26:27","slug":"tekstilizstradajumu-blivejums-profesionala-kvalitate","status":"publish","type":"product","link":"https:\/\/www.versiegelung24.com\/lv\/tekstilizstradajumu-blivejums-profesionala-kvalitate.html","title":{"rendered":"Rapid Tex &#8211; tekstila bl\u012bv\u0113jums profesion\u0101l\u0101 kvalit\u0101t\u0113"},"content":{"rendered":"\n<p><strong>Profesion\u0101ls tekstila bl\u012bv\u0113jums ar lotosa efektu (\u016bdens atgr\u016bdo\u0161s) lieto\u0161anai iek\u0161telp\u0101s un \u0101r\u0101<\/strong><\/p>\n\n<p>Augsta kvalit\u0101te Ra\u017eots V\u0101cij\u0101.<\/p>\n\n<hr\/>\n\n<h4 class=\"wp-block-heading\" id=\"properties\">Produkta \u012bpa\u0161\u012bbas<\/h4>\n\n<div class=\"wp-block-columns is-layout-flex wp-container-core-columns-is-layout-9d6595d7 wp-block-columns-is-layout-flex\">\n<div class=\"wp-block-column is-layout-flow wp-block-column-is-layout-flow\">\n<ul class=\"wp-block-list\">\n<li>Sp\u0113c\u012bga hidrofob\u0101 un oleofob\u0101 iedarb\u012bba (\u016bdens un e\u013c\u013cas atgr\u016b\u0161ana)<\/li>\n\n\n\n<li>Lielisks viegli t\u012br\u0101ms efekts<\/li>\n\n\n\n<li>Piemais\u012bjumus var viegli no\u0146emt ar mitru dr\u0101nu<\/li>\n\n\n\n<li>Elpojo\u0161s<\/li>\n\n\n\n<li>Neredzams (nemain\u0101s izskats un saj\u016bta)<\/li>\n\n\n\n<li>Sp\u0113c\u012bgas nelip\u0161anas \u012bpa\u0161\u012bbas<\/li>\n\n\n\n<li>Aizsardz\u012bba pret traipiem<\/li>\n\n\n\n<li>Samazina \u0137\u012bmisko t\u012br\u012b\u0161anas l\u012bdzek\u013cu izmanto\u0161anu<\/li>\n<\/ul>\n<\/div>\n\n\n\n<div class=\"wp-block-column is-layout-flow wp-block-column-is-layout-flow\">\n<ul id=\"block-f0be9b0c-a029-4c3c-a6e1-740fba50b471\" class=\"wp-block-list\">\n<li>Palielina iztur\u012bbu pret nodilumu<\/li>\n\n\n\n<li>Nav izskata pasliktin\u0101\u0161an\u0101s<\/li>\n\n\n\n<li>SiO\u00b2 nano tehnolo\u0123ija<\/li>\n\n\n\n<li>\u0160\u0137iedru aizsardz\u012bba pret net\u012brumu da\u013ci\u0146u iek\u013c\u016b\u0161anu<\/li>\n\n\n\n<li>Vienk\u0101r\u0161a aplik\u0101cija<\/li>\n\n\n\n<li>Ilgs glab\u0101\u0161anas laiks atkar\u012bb\u0101 no meh\u0101nisk\u0101 sprieguma<\/li>\n<\/ul>\n\n\n\n<p><br\/><br\/>Pieg\u0101des apjoms: 1 x litra pudele 1 x s\u016bk\u0146a smidzin\u0101\u0161anas galvi\u0146a<br\/><\/p>\n<\/div>\n<\/div>\n\n<hr\/>\n\n<h4 class=\"wp-block-heading\" id=\"application\">Pieteikums<\/h4>\n\n<div class=\"wp-block-columns is-layout-flex wp-container-core-columns-is-layout-9d6595d7 wp-block-columns-is-layout-flex\">\n<div class=\"wp-block-column is-layout-flow wp-block-column-is-layout-flow\">\n<ul class=\"wp-block-list\">\n<li>ap\u0123\u0113rbu<\/li>\n\n\n\n<li>M\u0101jas tekstils (polster\u0113jums, m\u0113beles, pakl\u0101ji)<\/li>\n\n\n\n<li>Zam\u0161\u0101das \/ \u0101das<\/li>\n\n\n\n<li>Pap\u012bra kast\u012bte<\/li>\n<\/ul>\n\n\n\n<p>Pat\u0113ri\u0146\u0161 ir \u013coti atkar\u012bgs no p\u0101rkl\u0101juma materi\u0101la strukt\u016bras, absorbcijas un biezuma, aptuveni 10-50 m\u00b2 \/ litr\u0101 (apm\u0113ram 10 ml \/ m\u00b2 uz 1 mm biezuma atkar\u012bb\u0101 no absorbcijas).<\/p>\n<\/div>\n\n\n\n<div class=\"wp-block-column is-layout-flow wp-block-column-is-layout-flow\">\n<p><em>Uzman\u012bbu: Bl\u012bv\u0113jums tika izstr\u0101d\u0101ts tekstilizstr\u0101d\u0101jumiem, kas nekad vai reti tiek mazg\u0101ti. Bl\u012bv\u0113juma iztur\u012bba uz regul\u0101ri mazg\u0101t\u0101m dr\u0113b\u0113m ir l\u012bdz 5 mazg\u0101\u0161anas reiz\u0113m, maks. 30 \u00b0 C un mazg\u0101\u0161ana tikai ar \u016bdeni, bez mazg\u0101\u0161anas l\u012bdzek\u013ca.<\/em><\/p>\n\n\n\n<p><br\/><br\/>Viegli uzkl\u0101t: 1. Uzsmidziniet uz t\u012bras virsmas. 3. \u013baujiet no\u017e\u016bt un ies\u016bkties 12 stundas &#8211; gatavs.<\/p>\n\n\n\n<p>Ilgm\u016b\u017e\u012bba: l\u012bdz 1-5 gadiem (atkar\u012bb\u0101 no tekstilmateri\u0101la).<\/p>\n<\/div>\n<\/div>\n\n<p><strong>Piem\u0113rots:<\/strong><br\/>Piem\u0113rots m\u012bkstaj\u0101m m\u0113bel\u0113m, matra\u010diem, auduma p\u0101rvalkiem, automa\u0161\u012bnu s\u0113dek\u013ciem, telt\u012bm, br\u012bv\u0101 laika un darba ap\u0123\u0113rbiem, uzvalkiem, krekliem\/bl\u016bz\u0113m, kaklasait\u0113m, mark\u012bz\u0113m, m\u0101jas tekstilizstr\u0101d\u0101jumiem, \u017eaket\u0113m, zam\u0161ai (tikai tad, ja nav iepriek\u0161 p\u0101rkl\u0101ts), piedz\u012bvojumu ap\u0123\u0113rbiem, portfe\u013ciem, anorakiem, uzvalki, auto virsjakas, kokvilna, aizkari, auduma cimdi, tekstila \u017eal\u016bzijas, b\u0113rnu s\u0113dekl\u012b\u0161i, b\u0113rnu rati\u0146i, spilveni, auduma kost\u012bmi, auduma l\u012bstes, nappa \u0101da, m\u0113te\u013ci, cepures, m\u012bkst\u0101s rota\u013clietas, mugursomas, jakas, z\u012bds, saulessargi, auduma rota\u013clietas, galdauti un daudz kas cits.<\/p>\n","protected":false},"excerpt":{"rendered":"<p><strong>Profesion\u0101la tekstila bl\u012bv\u0113\u0161ana:<\/strong><\/p>\n<p>\u2713 Ar lotosa efektu (\u016bdeni atgr\u016bdo\u0161s)<\/p>\n<p>\u2713 Lieto\u0161anai iek\u0161telp\u0101s un \u0101r\u0101<\/p>\n","protected":false},"featured_media":125354,"template":"","meta":{"_acf_changed":false,"neve_meta_sidebar":"","neve_meta_container":"","neve_meta_enable_content_width":"","neve_meta_content_width":0,"neve_meta_title_alignment":"","neve_meta_author_avatar":"","neve_post_elements_order":"","neve_meta_disable_header":"","neve_meta_disable_footer":"","neve_meta_disable_title":"","neve_meta_reading_time":"","_surfaces":[],"_ver_product_tabs":[],"footnotes":""},"product_brand":[],"product_cat":[2308],"product_tag":[],"class_list":{"0":"post-22940","1":"product","2":"type-product","3":"status-publish","4":"has-post-thumbnail","6":"product_cat-adas-un-tekstila-blivejums","8":"first","9":"instock","10":"taxable","11":"shipping-taxable","12":"purchasable","13":"product-type-simple"},"acf":[],"yoast_head":"<!-- This site is optimized with the Yoast SEO Premium plugin v22.8 (Yoast SEO v27.5) - https:\/\/yoast.com\/product\/yoast-seo-premium-wordpress\/ -->\n<title>Rapid Tex - tekstila bl\u012bv\u0113jums profesion\u0101l\u0101 kvalit\u0101t\u0113 - versiegelung24.com<\/title>\n<meta name=\"robots\" content=\"index, follow, max-snippet:-1, max-image-preview:large, max-video-preview:-1\" \/>\n<link rel=\"canonical\" href=\"https:\/\/www.versiegelung24.com\/lv\/tekstilizstradajumu-blivejums-profesionala-kvalitate.html\" \/>\n<meta property=\"og:locale\" content=\"lv_LV\" \/>\n<meta property=\"og:type\" content=\"article\" \/>\n<meta property=\"og:title\" content=\"Rapid Tex - tekstila bl\u012bv\u0113jums profesion\u0101l\u0101 kvalit\u0101t\u0113\" \/>\n<meta property=\"og:description\" content=\"Profesion\u0101la tekstila bl\u012bv\u0113\u0161ana: \u2713 Ar lotosa efektu (\u016bdeni atgr\u016bdo\u0161s) \u2713 Lieto\u0161anai iek\u0161telp\u0101s un \u0101r\u0101\" \/>\n<meta property=\"og:url\" content=\"https:\/\/www.versiegelung24.com\/lv\/tekstilizstradajumu-blivejums-profesionala-kvalitate.html\" \/>\n<meta property=\"og:site_name\" content=\"versiegelung24.com\" \/>\n<meta property=\"article:modified_time\" content=\"2025-01-03T22:26:27+00:00\" \/>\n<meta property=\"og:image\" content=\"https:\/\/www.versiegelung24.com\/wp-content\/uploads\/2020\/04\/produkt-6000-689-1000-rapid-tex-Textilversiegelung-scaled.webp\" \/>\n\t<meta property=\"og:image:width\" content=\"2560\" \/>\n\t<meta property=\"og:image:height\" content=\"2560\" \/>\n\t<meta property=\"og:image:type\" content=\"image\/webp\" \/>\n<meta name=\"twitter:card\" content=\"summary_large_image\" \/>\n<meta name=\"twitter:label1\" content=\"Price\" \/>\n\t<meta name=\"twitter:data1\" content=\"49,00&euro;\" \/>\n\t<meta name=\"twitter:label2\" content=\"Availability\" \/>\n\t<meta name=\"twitter:data2\" content=\"In stock\" \/>\n<script type=\"application\/ld+json\" class=\"yoast-schema-graph\">{\"@context\":\"https:\\\/\\\/schema.org\",\"@graph\":[{\"@type\":\"WebPage\",\"@id\":\"https:\\\/\\\/www.versiegelung24.com\\\/lv\\\/tekstilizstradajumu-blivejums-profesionala-kvalitate.html\",\"url\":\"https:\\\/\\\/www.versiegelung24.com\\\/lv\\\/tekstilizstradajumu-blivejums-profesionala-kvalitate.html\",\"name\":\"Rapid Tex - tekstila bl\u012bv\u0113jums profesion\u0101l\u0101 kvalit\u0101t\u0113 - versiegelung24.com\",\"isPartOf\":{\"@id\":\"https:\\\/\\\/www.versiegelung24.com\\\/lv\\\/#website\"},\"primaryImageOfPage\":{\"@id\":\"https:\\\/\\\/www.versiegelung24.com\\\/lv\\\/tekstilizstradajumu-blivejums-profesionala-kvalitate.html#primaryimage\"},\"image\":{\"@id\":\"https:\\\/\\\/www.versiegelung24.com\\\/lv\\\/tekstilizstradajumu-blivejums-profesionala-kvalitate.html#primaryimage\"},\"thumbnailUrl\":\"https:\\\/\\\/www.versiegelung24.com\\\/wp-content\\\/uploads\\\/2020\\\/04\\\/produkt-6000-689-1000-rapid-tex-Textilversiegelung-scaled.webp\",\"datePublished\":\"2021-08-02T19:08:36+00:00\",\"dateModified\":\"2025-01-03T22:26:27+00:00\",\"breadcrumb\":{\"@id\":\"https:\\\/\\\/www.versiegelung24.com\\\/lv\\\/tekstilizstradajumu-blivejums-profesionala-kvalitate.html#breadcrumb\"},\"inLanguage\":\"lv-LV\",\"potentialAction\":[{\"@type\":\"ReadAction\",\"target\":[\"https:\\\/\\\/www.versiegelung24.com\\\/lv\\\/tekstilizstradajumu-blivejums-profesionala-kvalitate.html\"]}]},{\"@type\":\"ImageObject\",\"inLanguage\":\"lv-LV\",\"@id\":\"https:\\\/\\\/www.versiegelung24.com\\\/lv\\\/tekstilizstradajumu-blivejums-profesionala-kvalitate.html#primaryimage\",\"url\":\"https:\\\/\\\/www.versiegelung24.com\\\/wp-content\\\/uploads\\\/2020\\\/04\\\/produkt-6000-689-1000-rapid-tex-Textilversiegelung-scaled.webp\",\"contentUrl\":\"https:\\\/\\\/www.versiegelung24.com\\\/wp-content\\\/uploads\\\/2020\\\/04\\\/produkt-6000-689-1000-rapid-tex-Textilversiegelung-scaled.webp\",\"width\":2560,\"height\":2560},{\"@type\":\"BreadcrumbList\",\"@id\":\"https:\\\/\\\/www.versiegelung24.com\\\/lv\\\/tekstilizstradajumu-blivejums-profesionala-kvalitate.html#breadcrumb\",\"itemListElement\":[{\"@type\":\"ListItem\",\"position\":1,\"name\":\"M\u0101jas lapa\",\"item\":\"https:\\\/\\\/www.versiegelung24.com\\\/lv\\\/prieksejais\\\/\"},{\"@type\":\"ListItem\",\"position\":2,\"name\":\"Veikals\",\"item\":\"https:\\\/\\\/www.versiegelung24.com\\\/lv\\\/veikals\\\/\"},{\"@type\":\"ListItem\",\"position\":3,\"name\":\"Rapid Tex &#8211; tekstila bl\u012bv\u0113jums profesion\u0101l\u0101 kvalit\u0101t\u0113\"}]},{\"@type\":\"WebSite\",\"@id\":\"https:\\\/\\\/www.versiegelung24.com\\\/lv\\\/#website\",\"url\":\"https:\\\/\\\/www.versiegelung24.com\\\/lv\\\/\",\"name\":\"versiegelung24.com\",\"description\":\"Fl\u00fcssigglas-Versiegelung - Made in Germany\",\"publisher\":{\"@id\":\"https:\\\/\\\/www.versiegelung24.com\\\/lv\\\/#organization\"},\"potentialAction\":[{\"@type\":\"SearchAction\",\"target\":{\"@type\":\"EntryPoint\",\"urlTemplate\":\"https:\\\/\\\/www.versiegelung24.com\\\/lv\\\/?s={search_term_string}\"},\"query-input\":{\"@type\":\"PropertyValueSpecification\",\"valueRequired\":true,\"valueName\":\"search_term_string\"}}],\"inLanguage\":\"lv-LV\"},{\"@type\":\"Organization\",\"@id\":\"https:\\\/\\\/www.versiegelung24.com\\\/lv\\\/#organization\",\"name\":\"versiegelung24\",\"url\":\"https:\\\/\\\/www.versiegelung24.com\\\/lv\\\/\",\"logo\":{\"@type\":\"ImageObject\",\"inLanguage\":\"lv-LV\",\"@id\":\"https:\\\/\\\/www.versiegelung24.com\\\/lv\\\/#\\\/schema\\\/logo\\\/image\\\/\",\"url\":\"https:\\\/\\\/www.versiegelung24.com\\\/wp-content\\\/uploads\\\/2020\\\/04\\\/versiegelung24.png\",\"contentUrl\":\"https:\\\/\\\/www.versiegelung24.com\\\/wp-content\\\/uploads\\\/2020\\\/04\\\/versiegelung24.png\",\"width\":470,\"height\":102,\"caption\":\"versiegelung24\"},\"image\":{\"@id\":\"https:\\\/\\\/www.versiegelung24.com\\\/lv\\\/#\\\/schema\\\/logo\\\/image\\\/\"}}]}<\/script>\n<meta property=\"product:price:amount\" content=\"49.00\" \/>\n<meta property=\"product:price:currency\" content=\"EUR\" \/>\n<meta property=\"og:availability\" content=\"instock\" \/>\n<meta property=\"product:availability\" content=\"instock\" \/>\n<meta property=\"product:retailer_item_id\" content=\"6000-689-1000\" \/>\n<meta property=\"product:condition\" content=\"new\" \/>\n<!-- \/ Yoast SEO Premium plugin. -->","yoast_head_json":{"title":"Rapid Tex - tekstila bl\u012bv\u0113jums profesion\u0101l\u0101 kvalit\u0101t\u0113 - versiegelung24.com","robots":{"index":"index","follow":"follow","max-snippet":"max-snippet:-1","max-image-preview":"max-image-preview:large","max-video-preview":"max-video-preview:-1"},"canonical":"https:\/\/www.versiegelung24.com\/lv\/tekstilizstradajumu-blivejums-profesionala-kvalitate.html","og_locale":"lv_LV","og_type":"article","og_title":"Rapid Tex - tekstila bl\u012bv\u0113jums profesion\u0101l\u0101 kvalit\u0101t\u0113","og_description":"Profesion\u0101la tekstila bl\u012bv\u0113\u0161ana: \u2713 Ar lotosa efektu (\u016bdeni atgr\u016bdo\u0161s) \u2713 Lieto\u0161anai iek\u0161telp\u0101s un \u0101r\u0101","og_url":"https:\/\/www.versiegelung24.com\/lv\/tekstilizstradajumu-blivejums-profesionala-kvalitate.html","og_site_name":"versiegelung24.com","article_modified_time":"2025-01-03T22:26:27+00:00","og_image":[{"width":2560,"height":2560,"url":"https:\/\/www.versiegelung24.com\/wp-content\/uploads\/2020\/04\/produkt-6000-689-1000-rapid-tex-Textilversiegelung-scaled.webp","type":"image\/webp"}],"twitter_card":"summary_large_image","twitter_misc":{"Price":"49,00&euro;","Availability":"In stock"},"schema":{"@context":"https:\/\/schema.org","@graph":[{"@type":"WebPage","@id":"https:\/\/www.versiegelung24.com\/lv\/tekstilizstradajumu-blivejums-profesionala-kvalitate.html","url":"https:\/\/www.versiegelung24.com\/lv\/tekstilizstradajumu-blivejums-profesionala-kvalitate.html","name":"Rapid Tex - tekstila bl\u012bv\u0113jums profesion\u0101l\u0101 kvalit\u0101t\u0113 - versiegelung24.com","isPartOf":{"@id":"https:\/\/www.versiegelung24.com\/lv\/#website"},"primaryImageOfPage":{"@id":"https:\/\/www.versiegelung24.com\/lv\/tekstilizstradajumu-blivejums-profesionala-kvalitate.html#primaryimage"},"image":{"@id":"https:\/\/www.versiegelung24.com\/lv\/tekstilizstradajumu-blivejums-profesionala-kvalitate.html#primaryimage"},"thumbnailUrl":"https:\/\/www.versiegelung24.com\/wp-content\/uploads\/2020\/04\/produkt-6000-689-1000-rapid-tex-Textilversiegelung-scaled.webp","datePublished":"2021-08-02T19:08:36+00:00","dateModified":"2025-01-03T22:26:27+00:00","breadcrumb":{"@id":"https:\/\/www.versiegelung24.com\/lv\/tekstilizstradajumu-blivejums-profesionala-kvalitate.html#breadcrumb"},"inLanguage":"lv-LV","potentialAction":[{"@type":"ReadAction","target":["https:\/\/www.versiegelung24.com\/lv\/tekstilizstradajumu-blivejums-profesionala-kvalitate.html"]}]},{"@type":"ImageObject","inLanguage":"lv-LV","@id":"https:\/\/www.versiegelung24.com\/lv\/tekstilizstradajumu-blivejums-profesionala-kvalitate.html#primaryimage","url":"https:\/\/www.versiegelung24.com\/wp-content\/uploads\/2020\/04\/produkt-6000-689-1000-rapid-tex-Textilversiegelung-scaled.webp","contentUrl":"https:\/\/www.versiegelung24.com\/wp-content\/uploads\/2020\/04\/produkt-6000-689-1000-rapid-tex-Textilversiegelung-scaled.webp","width":2560,"height":2560},{"@type":"BreadcrumbList","@id":"https:\/\/www.versiegelung24.com\/lv\/tekstilizstradajumu-blivejums-profesionala-kvalitate.html#breadcrumb","itemListElement":[{"@type":"ListItem","position":1,"name":"M\u0101jas lapa","item":"https:\/\/www.versiegelung24.com\/lv\/prieksejais\/"},{"@type":"ListItem","position":2,"name":"Veikals","item":"https:\/\/www.versiegelung24.com\/lv\/veikals\/"},{"@type":"ListItem","position":3,"name":"Rapid Tex &#8211; tekstila bl\u012bv\u0113jums profesion\u0101l\u0101 kvalit\u0101t\u0113"}]},{"@type":"WebSite","@id":"https:\/\/www.versiegelung24.com\/lv\/#website","url":"https:\/\/www.versiegelung24.com\/lv\/","name":"versiegelung24.com","description":"Fl\u00fcssigglas-Versiegelung - Made in Germany","publisher":{"@id":"https:\/\/www.versiegelung24.com\/lv\/#organization"},"potentialAction":[{"@type":"SearchAction","target":{"@type":"EntryPoint","urlTemplate":"https:\/\/www.versiegelung24.com\/lv\/?s={search_term_string}"},"query-input":{"@type":"PropertyValueSpecification","valueRequired":true,"valueName":"search_term_string"}}],"inLanguage":"lv-LV"},{"@type":"Organization","@id":"https:\/\/www.versiegelung24.com\/lv\/#organization","name":"versiegelung24","url":"https:\/\/www.versiegelung24.com\/lv\/","logo":{"@type":"ImageObject","inLanguage":"lv-LV","@id":"https:\/\/www.versiegelung24.com\/lv\/#\/schema\/logo\/image\/","url":"https:\/\/www.versiegelung24.com\/wp-content\/uploads\/2020\/04\/versiegelung24.png","contentUrl":"https:\/\/www.versiegelung24.com\/wp-content\/uploads\/2020\/04\/versiegelung24.png","width":470,"height":102,"caption":"versiegelung24"},"image":{"@id":"https:\/\/www.versiegelung24.com\/lv\/#\/schema\/logo\/image\/"}}]},"product_price_amount":"49.00","product_price_currency":"EUR","og_availability":"instock","product_availability":"instock","product_retailer_item_id":"6000-689-1000","product_condition":"new"},"_links":{"self":[{"href":"https:\/\/www.versiegelung24.com\/lv\/wp-json\/wp\/v2\/product\/22940","targetHints":{"allow":["GET"]}}],"collection":[{"href":"https:\/\/www.versiegelung24.com\/lv\/wp-json\/wp\/v2\/product"}],"about":[{"href":"https:\/\/www.versiegelung24.com\/lv\/wp-json\/wp\/v2\/types\/product"}],"version-history":[{"count":13,"href":"https:\/\/www.versiegelung24.com\/lv\/wp-json\/wp\/v2\/product\/22940\/revisions"}],"predecessor-version":[{"id":174335,"href":"https:\/\/www.versiegelung24.com\/lv\/wp-json\/wp\/v2\/product\/22940\/revisions\/174335"}],"wp:featuredmedia":[{"embeddable":true,"href":"https:\/\/www.versiegelung24.com\/lv\/wp-json\/wp\/v2\/media\/125354"}],"wp:attachment":[{"href":"https:\/\/www.versiegelung24.com\/lv\/wp-json\/wp\/v2\/media?parent=22940"}],"wp:term":[{"taxonomy":"product_brand","embeddable":true,"href":"https:\/\/www.versiegelung24.com\/lv\/wp-json\/wp\/v2\/product_brand?post=22940"},{"taxonomy":"product_cat","embeddable":true,"href":"https:\/\/www.versiegelung24.com\/lv\/wp-json\/wp\/v2\/product_cat?post=22940"},{"taxonomy":"product_tag","embeddable":true,"href":"https:\/\/www.versiegelung24.com\/lv\/wp-json\/wp\/v2\/product_tag?post=22940"}],"curies":[{"name":"wp","href":"https:\/\/api.w.org\/{rel}","templated":true}]}}