{"id":23180,"date":"2020-04-04T18:53:14","date_gmt":"2021-08-02T19:25:44","guid":{"rendered":"https:\/\/www.versiegelung24.com\/produkt\/koka-blivejums-profesionala-kvalitate"},"modified":"2025-01-03T23:38:44","modified_gmt":"2025-01-03T22:38:44","slug":"koka-blivejums-profesionala-kvalitate","status":"publish","type":"product","link":"https:\/\/www.versiegelung24.com\/lv\/koka-blivejums-profesionala-kvalitate.html","title":{"rendered":"Koka bl\u012bv\u0113jums profesion\u0101l\u0101 kvalit\u0101t\u0113"},"content":{"rendered":"\n<p><strong>\u013boti efekt\u012bvs profesion\u0101ls koka bl\u012bv\u0113t\u0101js ar dzi\u013cuma un lotosa efektu (\u016bdeni atgr\u016bdo\u0161s), iek\u0161pus\u0113 un \u0101rpus\u0113, JAUNS<\/strong><\/p>\n\n<p>Augsta kvalit\u0101te Ra\u017eots V\u0101cij\u0101.<\/p>\n\n<hr\/>\n\n<h4 class=\"wp-block-heading\" id=\"properties\">Produkta \u012bpa\u0161\u012bbas<\/h4>\n\n<div class=\"wp-block-columns is-layout-flex wp-container-core-columns-is-layout-9d6595d7 wp-block-columns-is-layout-flex\">\n<div class=\"wp-block-column is-layout-flow wp-block-column-is-layout-flow\">\n<ul class=\"wp-block-list\">\n<li>sp\u0113c\u012bga hidrofob\u0101 un oleofob\u0101 iedarb\u012bba (\u016bdens un e\u013c\u013cas atgr\u016b\u0161ana)<\/li>\n\n\n\n<li>Dzi\u013cuma efekts &#8211; iek\u013c\u016bst kok\u0101 l\u012bdz 10 mm (atkar\u012bb\u0101 no strukt\u016bras)<\/li>\n\n\n\n<li>Aizsarg\u0101 pret pel\u0113jumu, a\u013c\u0123\u0113m un atmosf\u0113ras iedarb\u012bbu<\/li>\n\n\n\n<li>Izmaksu, laika un ener\u0123ijas ietaup\u012bjums, pateicoties pagarin\u0101tiem t\u012br\u012b\u0161anas cikliem<\/li>\n\n\n\n<li>Samazin\u0101s mitruma iek\u013c\u016b\u0161anas \u0101trums, saskaroties ar \u016bdeni<\/li>\n\n\n\n<li>Viegli t\u012br\u0101ms efekts<\/li>\n<\/ul>\n<\/div>\n\n\n\n<div class=\"wp-block-column is-layout-flow wp-block-column-is-layout-flow\">\n<ul class=\"wp-block-list\">\n<li>herm\u0113tisk\u0101s virsmas paliek elpojo\u0161as<\/li>\n\n\n\n<li>Laika apst\u0101k\u013cu kr\u0101sas mai\u0146a<\/li>\n\n\n\n<li>UV notur\u012bgs, sala iztur\u012bgs un gandr\u012bz neman\u0101ms<\/li>\n\n\n\n<li>Vienk\u0101r\u0161a uzkl\u0101\u0161ana (var izsmidzin\u0101t uz lielas plat\u012bbas)<\/li>\n\n\n\n<li>Der\u012bguma termi\u0146\u0161: l\u012bdz 3-10 gadiem<\/li>\n<\/ul>\n\n\n\n<p><br\/><br\/>Pieg\u0101des apjoms: 1 x litra pudele 1 x s\u016bk\u0146a smidzin\u0101\u0161anas galvi\u0146a<br\/><\/p>\n<\/div>\n<\/div>\n\n<hr\/>\n\n<h4 class=\"wp-block-heading\" id=\"application\">Pieteikums<\/h4>\n\n<div class=\"wp-block-columns is-layout-flex wp-container-core-columns-is-layout-9d6595d7 wp-block-columns-is-layout-flex\">\n<div class=\"wp-block-column is-layout-flow wp-block-column-is-layout-flow\">\n<ul class=\"wp-block-list\">\n<li>Visi cietie un m\u012bkstie koki<\/li>\n\n\n\n<li>Koka ap\u0161uvums iek\u0161telp\u0101s un \u0101r\u0101<\/li>\n\n\n\n<li>K\u016btis<\/li>\n\n\n\n<li>Koka griesti \/ koka gr\u012bdas<\/li>\n\n\n\n<li>B\u016bvmateri\u0101li<\/li>\n\n\n\n<li>Logu un durvju r\u0101mji no koka<\/li>\n<\/ul>\n<\/div>\n\n\n\n<div class=\"wp-block-column is-layout-flow wp-block-column-is-layout-flow\">\n<ul class=\"wp-block-list\" id=\"block-bd0826c4-8c3a-4f56-9878-ce5fe93599ff\">\n<li>Sijas, burbu\u013ci un gr\u012bdas d\u0113\u013ci<\/li>\n\n\n\n<li>Ant\u012bki me\u017ei<\/li>\n\n\n\n<li>Koka pane\u013ci sanit\u0101raj\u0101 zon\u0101<\/li>\n<\/ul>\n\n\n\n<p><strong>Pat\u0113ri\u0146\u0161 ir atkar\u012bgs no virsmas uzs\u016bktsp\u0113jas aptuveni 10-40m\u00b2 \/ litr\u0101.<\/strong><\/p>\n<\/div>\n<\/div>\n","protected":false},"excerpt":{"rendered":"<p><strong>**JAUNUMS** \u013boti efekt\u012bvs bl\u012bv\u0113jums absorb\u0113jo\u0161\u0101m koka virsm\u0101m:<\/strong><\/p>\n<p>\u2713 Ar dzi\u013cuma efektu<\/p>\n<p>\u2713 Ar lotosa efektu (\u016bdeni atgr\u016bdo\u0161s)<\/p>\n<p>\u2713 Iek\u0161pus\u0113 un \u0101r\u0101<\/p>\n","protected":false},"featured_media":18184,"template":"","meta":{"_acf_changed":false,"neve_meta_sidebar":"","neve_meta_container":"","neve_meta_enable_content_width":"","neve_meta_content_width":0,"neve_meta_title_alignment":"","neve_meta_author_avatar":"","neve_post_elements_order":"","neve_meta_disable_header":"","neve_meta_disable_footer":"","neve_meta_disable_title":"","neve_meta_reading_time":"","_surfaces":[],"_ver_product_tabs":[],"footnotes":""},"product_brand":[],"product_cat":[2314],"product_tag":[],"class_list":{"0":"post-23180","1":"product","2":"type-product","3":"status-publish","4":"has-post-thumbnail","6":"product_cat-koka-blivejums","7":"pa_gebinde-10-ml-pudele","8":"pa_gebinde-5-ml-pudele","9":"pa_gebinde-125-ml-sukna-aerosola-pudele","10":"pa_gebinde-1000-ml-uzpildes-pudele","11":"pa_gebinde-20l-tvertne","12":"pa_gebinde-10-l-kanna","13":"pa_gebinde-ricibas-komplekts-ar-100-ml-pudeliti","14":"pa_gebinde-50-ml-pudele","15":"pa_gebinde-ricibas-komplekts-ar-50-ml-pudeliti","16":"pa_gebinde-100-ml-pudele","17":"pa_gebinde-150-ml-pudele","18":"pa_gebinde-500-ml-pudele","19":"pa_gebinde-200-ml-pudele","20":"pa_gebinde-1000-ml-pudele","22":"first","23":"instock","24":"taxable","25":"shipping-taxable","26":"purchasable","27":"product-type-variable","28":"has-default-attributes"},"acf":[],"yoast_head":"<!-- This site is optimized with the Yoast SEO Premium plugin v22.8 (Yoast SEO v27.5) - https:\/\/yoast.com\/product\/yoast-seo-premium-wordpress\/ -->\n<title>Koka bl\u012bv\u0113jums profesion\u0101l\u0101 kvalit\u0101t\u0113 - versiegelung24.com<\/title>\n<meta name=\"robots\" content=\"index, follow, max-snippet:-1, max-image-preview:large, max-video-preview:-1\" \/>\n<link rel=\"canonical\" href=\"https:\/\/www.versiegelung24.com\/lv\/koka-blivejums-profesionala-kvalitate.html\" \/>\n<meta property=\"og:locale\" content=\"lv_LV\" \/>\n<meta property=\"og:type\" content=\"article\" \/>\n<meta property=\"og:title\" content=\"Koka bl\u012bv\u0113jums profesion\u0101l\u0101 kvalit\u0101t\u0113\" \/>\n<meta property=\"og:description\" content=\"**JAUNUMS** \u013boti efekt\u012bvs bl\u012bv\u0113jums absorb\u0113jo\u0161\u0101m koka virsm\u0101m: \u2713 Ar dzi\u013cuma efektu \u2713 Ar lotosa efektu (\u016bdeni atgr\u016bdo\u0161s) \u2713 Iek\u0161pus\u0113 un \u0101r\u0101\" \/>\n<meta property=\"og:url\" content=\"https:\/\/www.versiegelung24.com\/lv\/koka-blivejums-profesionala-kvalitate.html\" \/>\n<meta property=\"og:site_name\" content=\"versiegelung24.com\" \/>\n<meta property=\"article:modified_time\" content=\"2025-01-03T22:38:44+00:00\" \/>\n<meta property=\"og:image\" content=\"https:\/\/www.versiegelung24.com\/wp-content\/uploads\/2020\/06\/produkt-4000-695-1000-Holzversiegelung-scaled.jpg\" \/>\n\t<meta property=\"og:image:width\" content=\"2560\" \/>\n\t<meta property=\"og:image:height\" content=\"2560\" \/>\n\t<meta property=\"og:image:type\" content=\"image\/jpeg\" \/>\n<meta name=\"twitter:card\" content=\"summary_large_image\" \/>\n<meta name=\"twitter:label1\" content=\"Availability\" \/>\n\t<meta name=\"twitter:data1\" content=\"In stock\" \/>\n<script type=\"application\/ld+json\" class=\"yoast-schema-graph\">{\"@context\":\"https:\\\/\\\/schema.org\",\"@graph\":[{\"@type\":\"WebPage\",\"@id\":\"https:\\\/\\\/www.versiegelung24.com\\\/lv\\\/koka-blivejums-profesionala-kvalitate.html\",\"url\":\"https:\\\/\\\/www.versiegelung24.com\\\/lv\\\/koka-blivejums-profesionala-kvalitate.html\",\"name\":\"Koka bl\u012bv\u0113jums profesion\u0101l\u0101 kvalit\u0101t\u0113 - versiegelung24.com\",\"isPartOf\":{\"@id\":\"https:\\\/\\\/www.versiegelung24.com\\\/lv\\\/#website\"},\"primaryImageOfPage\":{\"@id\":\"https:\\\/\\\/www.versiegelung24.com\\\/lv\\\/koka-blivejums-profesionala-kvalitate.html#primaryimage\"},\"image\":{\"@id\":\"https:\\\/\\\/www.versiegelung24.com\\\/lv\\\/koka-blivejums-profesionala-kvalitate.html#primaryimage\"},\"thumbnailUrl\":\"https:\\\/\\\/www.versiegelung24.com\\\/wp-content\\\/uploads\\\/2020\\\/06\\\/produkt-4000-695-1000-Holzversiegelung-scaled.jpg\",\"datePublished\":\"2021-08-02T19:25:44+00:00\",\"dateModified\":\"2025-01-03T22:38:44+00:00\",\"breadcrumb\":{\"@id\":\"https:\\\/\\\/www.versiegelung24.com\\\/lv\\\/koka-blivejums-profesionala-kvalitate.html#breadcrumb\"},\"inLanguage\":\"lv-LV\",\"potentialAction\":[{\"@type\":\"ReadAction\",\"target\":[\"https:\\\/\\\/www.versiegelung24.com\\\/lv\\\/koka-blivejums-profesionala-kvalitate.html\"]}]},{\"@type\":\"ImageObject\",\"inLanguage\":\"lv-LV\",\"@id\":\"https:\\\/\\\/www.versiegelung24.com\\\/lv\\\/koka-blivejums-profesionala-kvalitate.html#primaryimage\",\"url\":\"https:\\\/\\\/www.versiegelung24.com\\\/wp-content\\\/uploads\\\/2020\\\/06\\\/produkt-4000-695-1000-Holzversiegelung-scaled.jpg\",\"contentUrl\":\"https:\\\/\\\/www.versiegelung24.com\\\/wp-content\\\/uploads\\\/2020\\\/06\\\/produkt-4000-695-1000-Holzversiegelung-scaled.jpg\",\"width\":2560,\"height\":2560},{\"@type\":\"BreadcrumbList\",\"@id\":\"https:\\\/\\\/www.versiegelung24.com\\\/lv\\\/koka-blivejums-profesionala-kvalitate.html#breadcrumb\",\"itemListElement\":[{\"@type\":\"ListItem\",\"position\":1,\"name\":\"M\u0101jas lapa\",\"item\":\"https:\\\/\\\/www.versiegelung24.com\\\/lv\\\/prieksejais\\\/\"},{\"@type\":\"ListItem\",\"position\":2,\"name\":\"Veikals\",\"item\":\"https:\\\/\\\/www.versiegelung24.com\\\/lv\\\/veikals\\\/\"},{\"@type\":\"ListItem\",\"position\":3,\"name\":\"Koka bl\u012bv\u0113jums profesion\u0101l\u0101 kvalit\u0101t\u0113\"}]},{\"@type\":\"WebSite\",\"@id\":\"https:\\\/\\\/www.versiegelung24.com\\\/lv\\\/#website\",\"url\":\"https:\\\/\\\/www.versiegelung24.com\\\/lv\\\/\",\"name\":\"versiegelung24.com\",\"description\":\"Fl\u00fcssigglas-Versiegelung - Made in Germany\",\"publisher\":{\"@id\":\"https:\\\/\\\/www.versiegelung24.com\\\/lv\\\/#organization\"},\"potentialAction\":[{\"@type\":\"SearchAction\",\"target\":{\"@type\":\"EntryPoint\",\"urlTemplate\":\"https:\\\/\\\/www.versiegelung24.com\\\/lv\\\/?s={search_term_string}\"},\"query-input\":{\"@type\":\"PropertyValueSpecification\",\"valueRequired\":true,\"valueName\":\"search_term_string\"}}],\"inLanguage\":\"lv-LV\"},{\"@type\":\"Organization\",\"@id\":\"https:\\\/\\\/www.versiegelung24.com\\\/lv\\\/#organization\",\"name\":\"versiegelung24\",\"url\":\"https:\\\/\\\/www.versiegelung24.com\\\/lv\\\/\",\"logo\":{\"@type\":\"ImageObject\",\"inLanguage\":\"lv-LV\",\"@id\":\"https:\\\/\\\/www.versiegelung24.com\\\/lv\\\/#\\\/schema\\\/logo\\\/image\\\/\",\"url\":\"https:\\\/\\\/www.versiegelung24.com\\\/wp-content\\\/uploads\\\/2020\\\/04\\\/versiegelung24.png\",\"contentUrl\":\"https:\\\/\\\/www.versiegelung24.com\\\/wp-content\\\/uploads\\\/2020\\\/04\\\/versiegelung24.png\",\"width\":470,\"height\":102,\"caption\":\"versiegelung24\"},\"image\":{\"@id\":\"https:\\\/\\\/www.versiegelung24.com\\\/lv\\\/#\\\/schema\\\/logo\\\/image\\\/\"}}]}<\/script>\n<meta property=\"og:availability\" content=\"instock\" \/>\n<meta property=\"product:availability\" content=\"instock\" \/>\n<meta property=\"product:retailer_item_id\" content=\"4000-695\" \/>\n<meta property=\"product:condition\" content=\"new\" \/>\n<!-- \/ Yoast SEO Premium plugin. -->","yoast_head_json":{"title":"Koka bl\u012bv\u0113jums profesion\u0101l\u0101 kvalit\u0101t\u0113 - versiegelung24.com","robots":{"index":"index","follow":"follow","max-snippet":"max-snippet:-1","max-image-preview":"max-image-preview:large","max-video-preview":"max-video-preview:-1"},"canonical":"https:\/\/www.versiegelung24.com\/lv\/koka-blivejums-profesionala-kvalitate.html","og_locale":"lv_LV","og_type":"article","og_title":"Koka bl\u012bv\u0113jums profesion\u0101l\u0101 kvalit\u0101t\u0113","og_description":"**JAUNUMS** \u013boti efekt\u012bvs bl\u012bv\u0113jums absorb\u0113jo\u0161\u0101m koka virsm\u0101m: \u2713 Ar dzi\u013cuma efektu \u2713 Ar lotosa efektu (\u016bdeni atgr\u016bdo\u0161s) \u2713 Iek\u0161pus\u0113 un \u0101r\u0101","og_url":"https:\/\/www.versiegelung24.com\/lv\/koka-blivejums-profesionala-kvalitate.html","og_site_name":"versiegelung24.com","article_modified_time":"2025-01-03T22:38:44+00:00","og_image":[{"width":2560,"height":2560,"url":"https:\/\/www.versiegelung24.com\/wp-content\/uploads\/2020\/06\/produkt-4000-695-1000-Holzversiegelung-scaled.jpg","type":"image\/jpeg"}],"twitter_card":"summary_large_image","twitter_misc":{"Availability":"In stock"},"schema":{"@context":"https:\/\/schema.org","@graph":[{"@type":"WebPage","@id":"https:\/\/www.versiegelung24.com\/lv\/koka-blivejums-profesionala-kvalitate.html","url":"https:\/\/www.versiegelung24.com\/lv\/koka-blivejums-profesionala-kvalitate.html","name":"Koka bl\u012bv\u0113jums profesion\u0101l\u0101 kvalit\u0101t\u0113 - versiegelung24.com","isPartOf":{"@id":"https:\/\/www.versiegelung24.com\/lv\/#website"},"primaryImageOfPage":{"@id":"https:\/\/www.versiegelung24.com\/lv\/koka-blivejums-profesionala-kvalitate.html#primaryimage"},"image":{"@id":"https:\/\/www.versiegelung24.com\/lv\/koka-blivejums-profesionala-kvalitate.html#primaryimage"},"thumbnailUrl":"https:\/\/www.versiegelung24.com\/wp-content\/uploads\/2020\/06\/produkt-4000-695-1000-Holzversiegelung-scaled.jpg","datePublished":"2021-08-02T19:25:44+00:00","dateModified":"2025-01-03T22:38:44+00:00","breadcrumb":{"@id":"https:\/\/www.versiegelung24.com\/lv\/koka-blivejums-profesionala-kvalitate.html#breadcrumb"},"inLanguage":"lv-LV","potentialAction":[{"@type":"ReadAction","target":["https:\/\/www.versiegelung24.com\/lv\/koka-blivejums-profesionala-kvalitate.html"]}]},{"@type":"ImageObject","inLanguage":"lv-LV","@id":"https:\/\/www.versiegelung24.com\/lv\/koka-blivejums-profesionala-kvalitate.html#primaryimage","url":"https:\/\/www.versiegelung24.com\/wp-content\/uploads\/2020\/06\/produkt-4000-695-1000-Holzversiegelung-scaled.jpg","contentUrl":"https:\/\/www.versiegelung24.com\/wp-content\/uploads\/2020\/06\/produkt-4000-695-1000-Holzversiegelung-scaled.jpg","width":2560,"height":2560},{"@type":"BreadcrumbList","@id":"https:\/\/www.versiegelung24.com\/lv\/koka-blivejums-profesionala-kvalitate.html#breadcrumb","itemListElement":[{"@type":"ListItem","position":1,"name":"M\u0101jas lapa","item":"https:\/\/www.versiegelung24.com\/lv\/prieksejais\/"},{"@type":"ListItem","position":2,"name":"Veikals","item":"https:\/\/www.versiegelung24.com\/lv\/veikals\/"},{"@type":"ListItem","position":3,"name":"Koka bl\u012bv\u0113jums profesion\u0101l\u0101 kvalit\u0101t\u0113"}]},{"@type":"WebSite","@id":"https:\/\/www.versiegelung24.com\/lv\/#website","url":"https:\/\/www.versiegelung24.com\/lv\/","name":"versiegelung24.com","description":"Fl\u00fcssigglas-Versiegelung - Made in Germany","publisher":{"@id":"https:\/\/www.versiegelung24.com\/lv\/#organization"},"potentialAction":[{"@type":"SearchAction","target":{"@type":"EntryPoint","urlTemplate":"https:\/\/www.versiegelung24.com\/lv\/?s={search_term_string}"},"query-input":{"@type":"PropertyValueSpecification","valueRequired":true,"valueName":"search_term_string"}}],"inLanguage":"lv-LV"},{"@type":"Organization","@id":"https:\/\/www.versiegelung24.com\/lv\/#organization","name":"versiegelung24","url":"https:\/\/www.versiegelung24.com\/lv\/","logo":{"@type":"ImageObject","inLanguage":"lv-LV","@id":"https:\/\/www.versiegelung24.com\/lv\/#\/schema\/logo\/image\/","url":"https:\/\/www.versiegelung24.com\/wp-content\/uploads\/2020\/04\/versiegelung24.png","contentUrl":"https:\/\/www.versiegelung24.com\/wp-content\/uploads\/2020\/04\/versiegelung24.png","width":470,"height":102,"caption":"versiegelung24"},"image":{"@id":"https:\/\/www.versiegelung24.com\/lv\/#\/schema\/logo\/image\/"}}]},"og_availability":"instock","product_availability":"instock","product_retailer_item_id":"4000-695","product_condition":"new"},"_links":{"self":[{"href":"https:\/\/www.versiegelung24.com\/lv\/wp-json\/wp\/v2\/product\/23180","targetHints":{"allow":["GET"]}}],"collection":[{"href":"https:\/\/www.versiegelung24.com\/lv\/wp-json\/wp\/v2\/product"}],"about":[{"href":"https:\/\/www.versiegelung24.com\/lv\/wp-json\/wp\/v2\/types\/product"}],"version-history":[{"count":16,"href":"https:\/\/www.versiegelung24.com\/lv\/wp-json\/wp\/v2\/product\/23180\/revisions"}],"predecessor-version":[{"id":177520,"href":"https:\/\/www.versiegelung24.com\/lv\/wp-json\/wp\/v2\/product\/23180\/revisions\/177520"}],"wp:featuredmedia":[{"embeddable":true,"href":"https:\/\/www.versiegelung24.com\/lv\/wp-json\/wp\/v2\/media\/18184"}],"wp:attachment":[{"href":"https:\/\/www.versiegelung24.com\/lv\/wp-json\/wp\/v2\/media?parent=23180"}],"wp:term":[{"taxonomy":"product_brand","embeddable":true,"href":"https:\/\/www.versiegelung24.com\/lv\/wp-json\/wp\/v2\/product_brand?post=23180"},{"taxonomy":"product_cat","embeddable":true,"href":"https:\/\/www.versiegelung24.com\/lv\/wp-json\/wp\/v2\/product_cat?post=23180"},{"taxonomy":"product_tag","embeddable":true,"href":"https:\/\/www.versiegelung24.com\/lv\/wp-json\/wp\/v2\/product_tag?post=23180"}],"curies":[{"name":"wp","href":"https:\/\/api.w.org\/{rel}","templated":true}]}}