{"id":23219,"date":"2020-04-04T18:53:42","date_gmt":"2021-08-02T19:27:58","guid":{"rendered":"https:\/\/www.versiegelung24.com\/produkt\/universals-blivejums-7675-cietam-neabsorbejosam-virsmam-stikls-keramika-nerusejosais-terauds-plastmasa-metals"},"modified":"2025-03-20T10:10:20","modified_gmt":"2025-03-20T09:10:20","slug":"universals-blivejums-7675-cietam-neabsorbejosam-virsmam-stikla-keramika-nerusejosais-terauds-plastmasa-metals","status":"publish","type":"product","link":"https:\/\/www.versiegelung24.com\/lv\/universals-blivejums-7675-cietam-neabsorbejosam-virsmam-stikla-keramika-nerusejosais-terauds-plastmasa-metals.html","title":{"rendered":"Univers\u0101ls bl\u012bv\u0113jums 7675 &#8220;ciet\u0101m&#8221; \/ neabsorb\u0113jo\u0161\u0101m virsm\u0101m (stikls \/ keramika +++, ner\u016bs\u0113jo\u0161ais t\u0113rauds +++, plastmasa \/ met\u0101ls ++)"},"content":{"rendered":"\n<p><strong>\u013boti efekt\u012bvs profesion\u0101ls univers\u0101ls herm\u0113ti\u0137is &#8220;ciet\u0101m&#8221;\/neabsorb\u0113jo\u0161\u0101m virsm\u0101m, piem\u0113ram, stikla, keramikas, plastmasas un met\u0101la virsm\u0101m, ar viegli t\u012br\u0101mu efektu JAUNUMS, iek\u0161telp\u0101m un \u0101rtelp\u0101m.<\/strong><\/p>\n\n<p>Ide\u0101li piem\u0113rots stiklam \/ keramikai un ner\u016bs\u0113jo\u0161ajam t\u0113raudam, piem\u0113rots ar\u012b plastmasai un met\u0101lam<\/p>\n\n<p>Augsta kvalit\u0101te Ra\u017eots V\u0101cij\u0101.<\/p>\n\n<p><strong>V24 univers\u0101lais herm\u0113ti\u0137is 4005-7675<\/strong> ir spirta b\u0101zes (IPA) p\u0101rkl\u0101juma materi\u0101ls, kas rada viegli t\u012br\u0101mu efektu uz stikla, plastmasas, keramikas un met\u0101la virsm\u0101m (hroma, ner\u016bs\u0113jo\u0161\u0101 t\u0113rauda, alum\u012bnija). Materi\u0101ls uz virsmas veido pl\u0101nu pl\u0113vi, kas samazina net\u012brumu un sve\u0161\u0137erme\u0146u sa\u0137eri un \u013cauj \u016bdenim lab\u0101k noripot. P\u0101rkl\u0101to virsmu ir \u012bpa\u0161i viegli t\u012br\u012bt<\/p>\n\n<hr \/>\n\n<h4 class=\"wp-block-heading\" id=\"properties\">Produkta \u012bpa\u0161\u012bbas<\/h4>\n\n<div class=\"wp-block-columns is-layout-flex wp-container-core-columns-is-layout-9d6595d7 wp-block-columns-is-layout-flex\">\n<div class=\"wp-block-column is-layout-flow wp-block-column-is-layout-flow\">\n<ul class=\"wp-block-list\">\n<li>Pieg\u0101d\u0101ts gatavs lieto\u0161anai<\/li>\n\n\n\n<li>\u013cauj \u016bdenim lab\u0101k nokrist<\/li>\n\n\n\n<li>Viegli t\u012br\u0101ms efekts attiec\u012bb\u0101 uz net\u012brumiem un ka\u013c\u0137akmeni<\/li>\n\n\n\n<li>dzidrs, bezkr\u0101sains \u0161\u0137idrums, neredzams un neman\u0101ms<\/li>\n\n\n\n<li>Virsmas paliek t\u012bras daudz ilg\u0101k, kas pagarina t\u012br\u012b\u0161anas ciklus un iev\u0113rojami samazina t\u012br\u012b\u0161anas un apkopes izmaksas, laiku un ener\u0123iju<\/li>\n\n\n\n<li>samazina mikroorganismu un bakt\u0113riju aug\u0161anu un t\u0101d\u0113j\u0101di uzlabo higi\u0113nu<\/li>\n<\/ul>\n<\/div>\n\n\n\n<div class=\"wp-block-column is-layout-flow wp-block-column-is-layout-flow\">\n<ul class=\"wp-block-list\">\n<li>Iztur\u012bgs pret salu, \u0101rk\u0101rt\u0113ju karstumu, UV starojumu, s\u0101ls\u016bdeni un s\u0101\u013cu gaisu, miner\u0101lviel\u0101m no ciet\u0101 \u016bdens un s\u0101rmiem<\/li>\n\n\n\n<li>A\u013c\u0123u un putnu m\u0113sli vairs nevar stingri pie\u0137erties<\/li>\n\n\n\n<li>bez fluora<\/li>\n<\/ul>\n\n\n\n<p><br \/><br \/>Pieg\u0101des apjoms: 1 x litra pudele 1 x s\u016bk\u0146a smidzin\u0101\u0161anas galvi\u0146a<\/p>\n<\/div>\n<\/div>\n\n<hr \/>\n\n<h4 class=\"wp-block-heading\" id=\"application\">Pieteikums<\/h4>\n\n<div class=\"wp-block-columns is-layout-flex wp-container-core-columns-is-layout-9d6595d7 wp-block-columns-is-layout-flex\">\n<div class=\"wp-block-column is-layout-flow wp-block-column-is-layout-flow\">\n<ul class=\"wp-block-list\">\n<li>Sanit\u0101rtehnikas izstr\u0101d\u0101jumi (tualetes, bid\u0113, keramikas vannas, du\u0161as, izlietnes, spogu\u013ci)<\/li>\n\n\n\n<li>Peldbaseini (keramika \u0101rpus\u0113, nav piem\u0113rota zem \u016bdens)<\/li>\n\n\n\n<li>Visu veidu keramikas fl\u012bzes, piem\u0113ram, virtuv\u0113s<\/li>\n\n\n\n<li>Logu un celtniec\u012bbas stikli (ziemas d\u0101rzi, daudzst\u0101vu \u0113kas, nojumes)<\/li>\n\n\n\n<li>Plastmasas un met\u0101la virsmas<\/li>\n\n\n\n<li>Automa\u0161\u012bnu stiklam m\u0113s iesak\u0101m m\u016bsu<a href=\"https:\/\/www.versiegelung24.com\/autoglas-versiegelung\/\"> Augst\u0101k\u0101s klases automa\u0161\u012bnu stikla bl\u012bv\u0113jums<\/a><\/li>\n<\/ul>\n<\/div>\n\n\n\n<div class=\"wp-block-column is-layout-flow wp-block-column-is-layout-flow\">\n<p><br \/><br \/><br \/><br \/>Viegla uzkl\u0101\u0161ana: 1. \u013boti labi not\u012briet virsmu (jo t\u012br\u0101ka t\u0101 b\u016bs, jo ilg\u0101k uzgleznot\u0101js saglab\u0101sies). 2. Pirms lieto\u0161anas v\u0113lreiz not\u012briet virsmu ar spirtu (piem\u0113ram, izopropilspirtu). 3. Uzsmidziniet uzgleznot\u0101ju uz dr\u0101nas un uzkl\u0101jiet uz virsmas. 4. Uzkl\u0101jiet uz virsmas.<br \/>P\u0113c 5 min\u016bt\u0113m uzman\u012bgi noslaukiet ar mikro\u0161\u0137iedras dr\u0101nu, nespie\u017eot 5. Uzkl\u0101jiet un noslaukiet. \u013baujiet saciet\u0113t 12 stundas &#8211; gatavs<\/p>\n\n\n\n<p>Der\u012bguma termi\u0146\u0161: l\u012bdz 3-10 gadiem<\/p>\n\n\n\n<p>Ar 1 litru var aizz\u012bmogot l\u012bdz 200m\u00b2.<\/p>\n<\/div>\n<\/div>\n\n<hr \/>\n\n<h4 class=\"wp-block-heading\" id=\"h-ratgeber\">Konsultants<\/h4>\n\n<p>M\u016bsu univers\u0101lie bl\u012bv\u0113jumi ir \u012bpa\u0161i piem\u0113roti dari-pats sektoram.<\/p>\n\n<p>Tie apvieno profesion\u0101lu darb\u012bbas veidu uz da\u017e\u0101d\u0101m virsm\u0101m ar vieglu apstr\u0101di uzkl\u0101\u0161anas laik\u0101. Un tas viss, nepie\u013caujot lielus kompromisus kvalit\u0101tes zi\u0146\u0101.<\/p>\n\n<p>T\u0101d\u0101 veid\u0101 var uzkl\u0101t uz vair\u0101kiem materi\u0101liem tikai ar vienu univers\u0101lu herm\u0113ti\u0137i un pan\u0101kt ar\u012b kvalitat\u012bvu efektu un ilgu notur\u012bbu.<\/p>\n\n<p>Tom\u0113r komerci\u0101liem un r\u016bpnieciskiem lietojumiem, kur uz noteiktas virsmas ir j\u0101sasniedz augst\u0101kais iesp\u0113jamais veiktsp\u0113jas l\u012bmenis, m\u0113s iesak\u0101m izmantot m\u016bsu \u012bpa\u0161o apdari \u0161ai virsmai.<\/p>\n","protected":false},"excerpt":{"rendered":"<p><strong>**JAUNUMS** \u013boti efekt\u012bvs profesion\u0101lais univers\u0101ls bl\u012bv\u0113jums &#8220;ciet\u0101m&#8221;\/neabsorb\u0113jo\u0161\u0101m virsm\u0101m, piem\u0113ram:<\/strong><\/p>\n<p>\u2713 Stikls<\/p>\n<p>\u2713 Keramikas virsmas<\/p>\n<p>\u2713 Plastmasas virsmas<\/p>\n<p>\u2713 Met\u0101la virsmas<\/p>\n<p>\u2713 Ar viegli t\u012br\u0101mu efektu<\/p>\n","protected":false},"featured_media":18256,"template":"","meta":{"_acf_changed":false,"neve_meta_sidebar":"","neve_meta_container":"","neve_meta_enable_content_width":"","neve_meta_content_width":0,"neve_meta_title_alignment":"","neve_meta_author_avatar":"","neve_post_elements_order":"","neve_meta_disable_header":"","neve_meta_disable_footer":"","neve_meta_disable_title":"","neve_meta_reading_time":"","_surfaces":[],"_ver_product_tabs":[],"footnotes":""},"product_brand":[],"product_cat":[2475],"product_tag":[],"class_list":{"0":"post-23219","1":"product","2":"type-product","3":"status-publish","4":"has-post-thumbnail","6":"product_cat-universals-blivejums","8":"first","9":"instock","10":"taxable","11":"shipping-taxable","12":"purchasable","13":"product-type-simple"},"acf":[],"yoast_head":"<!-- This site is optimized with the Yoast SEO Premium plugin v22.8 (Yoast SEO v27.5) - https:\/\/yoast.com\/product\/yoast-seo-premium-wordpress\/ -->\n<title>Univers\u0101ls bl\u012bv\u0113jums 7675 &quot;ciet\u0101m&quot; \/ neabsorb\u0113jo\u0161\u0101m virsm\u0101m (stikls \/ keramika +++, ner\u016bs\u0113jo\u0161ais t\u0113rauds +++, plastmasa \/ met\u0101ls ++) - versiegelung24.com<\/title>\n<meta name=\"robots\" content=\"index, follow, max-snippet:-1, max-image-preview:large, max-video-preview:-1\" \/>\n<link rel=\"canonical\" href=\"https:\/\/www.versiegelung24.com\/lv\/universals-blivejums-7675-cietam-neabsorbejosam-virsmam-stikla-keramika-nerusejosais-terauds-plastmasa-metals.html\" \/>\n<meta property=\"og:locale\" content=\"lv_LV\" \/>\n<meta property=\"og:type\" content=\"article\" \/>\n<meta property=\"og:title\" content=\"Univers\u0101ls bl\u012bv\u0113jums 7675 &quot;ciet\u0101m&quot; \/ neabsorb\u0113jo\u0161\u0101m virsm\u0101m (stikls \/ keramika +++, ner\u016bs\u0113jo\u0161ais t\u0113rauds +++, plastmasa \/ met\u0101ls ++)\" \/>\n<meta property=\"og:description\" content=\"**JAUNUMS** \u013boti efekt\u012bvs profesion\u0101lais univers\u0101ls bl\u012bv\u0113jums &quot;ciet\u0101m&quot;\/neabsorb\u0113jo\u0161\u0101m virsm\u0101m, piem\u0113ram: \u2713 Stikls \u2713 Keramikas virsmas \u2713 Plastmasas virsmas \u2713 Met\u0101la virsmas \u2713 Ar viegli t\u012br\u0101mu efektu\" \/>\n<meta property=\"og:url\" content=\"https:\/\/www.versiegelung24.com\/lv\/universals-blivejums-7675-cietam-neabsorbejosam-virsmam-stikla-keramika-nerusejosais-terauds-plastmasa-metals.html\" \/>\n<meta property=\"og:site_name\" content=\"versiegelung24.com\" \/>\n<meta property=\"article:modified_time\" content=\"2025-03-20T09:10:20+00:00\" \/>\n<meta property=\"og:image\" content=\"https:\/\/www.versiegelung24.com\/wp-content\/uploads\/2020\/06\/produkt-4005-7675-1000-Universalversiegelung-7675-scaled.jpg\" \/>\n\t<meta property=\"og:image:width\" content=\"2560\" \/>\n\t<meta property=\"og:image:height\" content=\"2560\" \/>\n\t<meta property=\"og:image:type\" content=\"image\/jpeg\" \/>\n<meta name=\"twitter:card\" content=\"summary_large_image\" \/>\n<meta name=\"twitter:label1\" content=\"Price\" \/>\n\t<meta name=\"twitter:data1\" content=\"89,99&euro;\" \/>\n\t<meta name=\"twitter:label2\" content=\"Availability\" \/>\n\t<meta name=\"twitter:data2\" content=\"In stock\" \/>\n<script type=\"application\/ld+json\" class=\"yoast-schema-graph\">{\"@context\":\"https:\\\/\\\/schema.org\",\"@graph\":[{\"@type\":\"WebPage\",\"@id\":\"https:\\\/\\\/www.versiegelung24.com\\\/lv\\\/universals-blivejums-7675-cietam-neabsorbejosam-virsmam-stikla-keramika-nerusejosais-terauds-plastmasa-metals.html\",\"url\":\"https:\\\/\\\/www.versiegelung24.com\\\/lv\\\/universals-blivejums-7675-cietam-neabsorbejosam-virsmam-stikla-keramika-nerusejosais-terauds-plastmasa-metals.html\",\"name\":\"Univers\u0101ls bl\u012bv\u0113jums 7675 \\\"ciet\u0101m\\\" \\\/ neabsorb\u0113jo\u0161\u0101m virsm\u0101m (stikls \\\/ keramika +++, ner\u016bs\u0113jo\u0161ais t\u0113rauds +++, plastmasa \\\/ met\u0101ls ++) - versiegelung24.com\",\"isPartOf\":{\"@id\":\"https:\\\/\\\/www.versiegelung24.com\\\/lv\\\/#website\"},\"primaryImageOfPage\":{\"@id\":\"https:\\\/\\\/www.versiegelung24.com\\\/lv\\\/universals-blivejums-7675-cietam-neabsorbejosam-virsmam-stikla-keramika-nerusejosais-terauds-plastmasa-metals.html#primaryimage\"},\"image\":{\"@id\":\"https:\\\/\\\/www.versiegelung24.com\\\/lv\\\/universals-blivejums-7675-cietam-neabsorbejosam-virsmam-stikla-keramika-nerusejosais-terauds-plastmasa-metals.html#primaryimage\"},\"thumbnailUrl\":\"https:\\\/\\\/www.versiegelung24.com\\\/wp-content\\\/uploads\\\/2020\\\/06\\\/produkt-4005-7675-1000-Universalversiegelung-7675-scaled.jpg\",\"datePublished\":\"2021-08-02T19:27:58+00:00\",\"dateModified\":\"2025-03-20T09:10:20+00:00\",\"breadcrumb\":{\"@id\":\"https:\\\/\\\/www.versiegelung24.com\\\/lv\\\/universals-blivejums-7675-cietam-neabsorbejosam-virsmam-stikla-keramika-nerusejosais-terauds-plastmasa-metals.html#breadcrumb\"},\"inLanguage\":\"lv-LV\",\"potentialAction\":[{\"@type\":\"ReadAction\",\"target\":[\"https:\\\/\\\/www.versiegelung24.com\\\/lv\\\/universals-blivejums-7675-cietam-neabsorbejosam-virsmam-stikla-keramika-nerusejosais-terauds-plastmasa-metals.html\"]}]},{\"@type\":\"ImageObject\",\"inLanguage\":\"lv-LV\",\"@id\":\"https:\\\/\\\/www.versiegelung24.com\\\/lv\\\/universals-blivejums-7675-cietam-neabsorbejosam-virsmam-stikla-keramika-nerusejosais-terauds-plastmasa-metals.html#primaryimage\",\"url\":\"https:\\\/\\\/www.versiegelung24.com\\\/wp-content\\\/uploads\\\/2020\\\/06\\\/produkt-4005-7675-1000-Universalversiegelung-7675-scaled.jpg\",\"contentUrl\":\"https:\\\/\\\/www.versiegelung24.com\\\/wp-content\\\/uploads\\\/2020\\\/06\\\/produkt-4005-7675-1000-Universalversiegelung-7675-scaled.jpg\",\"width\":2560,\"height\":2560},{\"@type\":\"BreadcrumbList\",\"@id\":\"https:\\\/\\\/www.versiegelung24.com\\\/lv\\\/universals-blivejums-7675-cietam-neabsorbejosam-virsmam-stikla-keramika-nerusejosais-terauds-plastmasa-metals.html#breadcrumb\",\"itemListElement\":[{\"@type\":\"ListItem\",\"position\":1,\"name\":\"M\u0101jas lapa\",\"item\":\"https:\\\/\\\/www.versiegelung24.com\\\/lv\\\/prieksejais\\\/\"},{\"@type\":\"ListItem\",\"position\":2,\"name\":\"Veikals\",\"item\":\"https:\\\/\\\/www.versiegelung24.com\\\/lv\\\/veikals\\\/\"},{\"@type\":\"ListItem\",\"position\":3,\"name\":\"Univers\u0101ls bl\u012bv\u0113jums 7675 &#8220;ciet\u0101m&#8221; \\\/ neabsorb\u0113jo\u0161\u0101m virsm\u0101m (stikls \\\/ keramika +++, ner\u016bs\u0113jo\u0161ais t\u0113rauds +++, plastmasa \\\/ met\u0101ls ++)\"}]},{\"@type\":\"WebSite\",\"@id\":\"https:\\\/\\\/www.versiegelung24.com\\\/lv\\\/#website\",\"url\":\"https:\\\/\\\/www.versiegelung24.com\\\/lv\\\/\",\"name\":\"versiegelung24.com\",\"description\":\"Fl\u00fcssigglas-Versiegelung - Made in Germany\",\"publisher\":{\"@id\":\"https:\\\/\\\/www.versiegelung24.com\\\/lv\\\/#organization\"},\"potentialAction\":[{\"@type\":\"SearchAction\",\"target\":{\"@type\":\"EntryPoint\",\"urlTemplate\":\"https:\\\/\\\/www.versiegelung24.com\\\/lv\\\/?s={search_term_string}\"},\"query-input\":{\"@type\":\"PropertyValueSpecification\",\"valueRequired\":true,\"valueName\":\"search_term_string\"}}],\"inLanguage\":\"lv-LV\"},{\"@type\":\"Organization\",\"@id\":\"https:\\\/\\\/www.versiegelung24.com\\\/lv\\\/#organization\",\"name\":\"versiegelung24\",\"url\":\"https:\\\/\\\/www.versiegelung24.com\\\/lv\\\/\",\"logo\":{\"@type\":\"ImageObject\",\"inLanguage\":\"lv-LV\",\"@id\":\"https:\\\/\\\/www.versiegelung24.com\\\/lv\\\/#\\\/schema\\\/logo\\\/image\\\/\",\"url\":\"https:\\\/\\\/www.versiegelung24.com\\\/wp-content\\\/uploads\\\/2020\\\/04\\\/versiegelung24.png\",\"contentUrl\":\"https:\\\/\\\/www.versiegelung24.com\\\/wp-content\\\/uploads\\\/2020\\\/04\\\/versiegelung24.png\",\"width\":470,\"height\":102,\"caption\":\"versiegelung24\"},\"image\":{\"@id\":\"https:\\\/\\\/www.versiegelung24.com\\\/lv\\\/#\\\/schema\\\/logo\\\/image\\\/\"}}]}<\/script>\n<meta property=\"product:price:amount\" content=\"89.99\" \/>\n<meta property=\"product:price:currency\" content=\"EUR\" \/>\n<meta property=\"og:availability\" content=\"instock\" \/>\n<meta property=\"product:availability\" content=\"instock\" \/>\n<meta property=\"product:retailer_item_id\" content=\"4005-7675\" \/>\n<meta property=\"product:condition\" content=\"new\" \/>\n<!-- \/ Yoast SEO Premium plugin. -->","yoast_head_json":{"title":"Univers\u0101ls bl\u012bv\u0113jums 7675 \"ciet\u0101m\" \/ neabsorb\u0113jo\u0161\u0101m virsm\u0101m (stikls \/ keramika +++, ner\u016bs\u0113jo\u0161ais t\u0113rauds +++, plastmasa \/ met\u0101ls ++) - versiegelung24.com","robots":{"index":"index","follow":"follow","max-snippet":"max-snippet:-1","max-image-preview":"max-image-preview:large","max-video-preview":"max-video-preview:-1"},"canonical":"https:\/\/www.versiegelung24.com\/lv\/universals-blivejums-7675-cietam-neabsorbejosam-virsmam-stikla-keramika-nerusejosais-terauds-plastmasa-metals.html","og_locale":"lv_LV","og_type":"article","og_title":"Univers\u0101ls bl\u012bv\u0113jums 7675 \"ciet\u0101m\" \/ neabsorb\u0113jo\u0161\u0101m virsm\u0101m (stikls \/ keramika +++, ner\u016bs\u0113jo\u0161ais t\u0113rauds +++, plastmasa \/ met\u0101ls ++)","og_description":"**JAUNUMS** \u013boti efekt\u012bvs profesion\u0101lais univers\u0101ls bl\u012bv\u0113jums \"ciet\u0101m\"\/neabsorb\u0113jo\u0161\u0101m virsm\u0101m, piem\u0113ram: \u2713 Stikls \u2713 Keramikas virsmas \u2713 Plastmasas virsmas \u2713 Met\u0101la virsmas \u2713 Ar viegli t\u012br\u0101mu efektu","og_url":"https:\/\/www.versiegelung24.com\/lv\/universals-blivejums-7675-cietam-neabsorbejosam-virsmam-stikla-keramika-nerusejosais-terauds-plastmasa-metals.html","og_site_name":"versiegelung24.com","article_modified_time":"2025-03-20T09:10:20+00:00","og_image":[{"width":2560,"height":2560,"url":"https:\/\/www.versiegelung24.com\/wp-content\/uploads\/2020\/06\/produkt-4005-7675-1000-Universalversiegelung-7675-scaled.jpg","type":"image\/jpeg"}],"twitter_card":"summary_large_image","twitter_misc":{"Price":"89,99&euro;","Availability":"In stock"},"schema":{"@context":"https:\/\/schema.org","@graph":[{"@type":"WebPage","@id":"https:\/\/www.versiegelung24.com\/lv\/universals-blivejums-7675-cietam-neabsorbejosam-virsmam-stikla-keramika-nerusejosais-terauds-plastmasa-metals.html","url":"https:\/\/www.versiegelung24.com\/lv\/universals-blivejums-7675-cietam-neabsorbejosam-virsmam-stikla-keramika-nerusejosais-terauds-plastmasa-metals.html","name":"Univers\u0101ls bl\u012bv\u0113jums 7675 \"ciet\u0101m\" \/ neabsorb\u0113jo\u0161\u0101m virsm\u0101m (stikls \/ keramika +++, ner\u016bs\u0113jo\u0161ais t\u0113rauds +++, plastmasa \/ met\u0101ls ++) - versiegelung24.com","isPartOf":{"@id":"https:\/\/www.versiegelung24.com\/lv\/#website"},"primaryImageOfPage":{"@id":"https:\/\/www.versiegelung24.com\/lv\/universals-blivejums-7675-cietam-neabsorbejosam-virsmam-stikla-keramika-nerusejosais-terauds-plastmasa-metals.html#primaryimage"},"image":{"@id":"https:\/\/www.versiegelung24.com\/lv\/universals-blivejums-7675-cietam-neabsorbejosam-virsmam-stikla-keramika-nerusejosais-terauds-plastmasa-metals.html#primaryimage"},"thumbnailUrl":"https:\/\/www.versiegelung24.com\/wp-content\/uploads\/2020\/06\/produkt-4005-7675-1000-Universalversiegelung-7675-scaled.jpg","datePublished":"2021-08-02T19:27:58+00:00","dateModified":"2025-03-20T09:10:20+00:00","breadcrumb":{"@id":"https:\/\/www.versiegelung24.com\/lv\/universals-blivejums-7675-cietam-neabsorbejosam-virsmam-stikla-keramika-nerusejosais-terauds-plastmasa-metals.html#breadcrumb"},"inLanguage":"lv-LV","potentialAction":[{"@type":"ReadAction","target":["https:\/\/www.versiegelung24.com\/lv\/universals-blivejums-7675-cietam-neabsorbejosam-virsmam-stikla-keramika-nerusejosais-terauds-plastmasa-metals.html"]}]},{"@type":"ImageObject","inLanguage":"lv-LV","@id":"https:\/\/www.versiegelung24.com\/lv\/universals-blivejums-7675-cietam-neabsorbejosam-virsmam-stikla-keramika-nerusejosais-terauds-plastmasa-metals.html#primaryimage","url":"https:\/\/www.versiegelung24.com\/wp-content\/uploads\/2020\/06\/produkt-4005-7675-1000-Universalversiegelung-7675-scaled.jpg","contentUrl":"https:\/\/www.versiegelung24.com\/wp-content\/uploads\/2020\/06\/produkt-4005-7675-1000-Universalversiegelung-7675-scaled.jpg","width":2560,"height":2560},{"@type":"BreadcrumbList","@id":"https:\/\/www.versiegelung24.com\/lv\/universals-blivejums-7675-cietam-neabsorbejosam-virsmam-stikla-keramika-nerusejosais-terauds-plastmasa-metals.html#breadcrumb","itemListElement":[{"@type":"ListItem","position":1,"name":"M\u0101jas lapa","item":"https:\/\/www.versiegelung24.com\/lv\/prieksejais\/"},{"@type":"ListItem","position":2,"name":"Veikals","item":"https:\/\/www.versiegelung24.com\/lv\/veikals\/"},{"@type":"ListItem","position":3,"name":"Univers\u0101ls bl\u012bv\u0113jums 7675 &#8220;ciet\u0101m&#8221; \/ neabsorb\u0113jo\u0161\u0101m virsm\u0101m (stikls \/ keramika +++, ner\u016bs\u0113jo\u0161ais t\u0113rauds +++, plastmasa \/ met\u0101ls ++)"}]},{"@type":"WebSite","@id":"https:\/\/www.versiegelung24.com\/lv\/#website","url":"https:\/\/www.versiegelung24.com\/lv\/","name":"versiegelung24.com","description":"Fl\u00fcssigglas-Versiegelung - Made in Germany","publisher":{"@id":"https:\/\/www.versiegelung24.com\/lv\/#organization"},"potentialAction":[{"@type":"SearchAction","target":{"@type":"EntryPoint","urlTemplate":"https:\/\/www.versiegelung24.com\/lv\/?s={search_term_string}"},"query-input":{"@type":"PropertyValueSpecification","valueRequired":true,"valueName":"search_term_string"}}],"inLanguage":"lv-LV"},{"@type":"Organization","@id":"https:\/\/www.versiegelung24.com\/lv\/#organization","name":"versiegelung24","url":"https:\/\/www.versiegelung24.com\/lv\/","logo":{"@type":"ImageObject","inLanguage":"lv-LV","@id":"https:\/\/www.versiegelung24.com\/lv\/#\/schema\/logo\/image\/","url":"https:\/\/www.versiegelung24.com\/wp-content\/uploads\/2020\/04\/versiegelung24.png","contentUrl":"https:\/\/www.versiegelung24.com\/wp-content\/uploads\/2020\/04\/versiegelung24.png","width":470,"height":102,"caption":"versiegelung24"},"image":{"@id":"https:\/\/www.versiegelung24.com\/lv\/#\/schema\/logo\/image\/"}}]},"product_price_amount":"89.99","product_price_currency":"EUR","og_availability":"instock","product_availability":"instock","product_retailer_item_id":"4005-7675","product_condition":"new"},"_links":{"self":[{"href":"https:\/\/www.versiegelung24.com\/lv\/wp-json\/wp\/v2\/product\/23219","targetHints":{"allow":["GET"]}}],"collection":[{"href":"https:\/\/www.versiegelung24.com\/lv\/wp-json\/wp\/v2\/product"}],"about":[{"href":"https:\/\/www.versiegelung24.com\/lv\/wp-json\/wp\/v2\/types\/product"}],"version-history":[{"count":16,"href":"https:\/\/www.versiegelung24.com\/lv\/wp-json\/wp\/v2\/product\/23219\/revisions"}],"predecessor-version":[{"id":181099,"href":"https:\/\/www.versiegelung24.com\/lv\/wp-json\/wp\/v2\/product\/23219\/revisions\/181099"}],"wp:featuredmedia":[{"embeddable":true,"href":"https:\/\/www.versiegelung24.com\/lv\/wp-json\/wp\/v2\/media\/18256"}],"wp:attachment":[{"href":"https:\/\/www.versiegelung24.com\/lv\/wp-json\/wp\/v2\/media?parent=23219"}],"wp:term":[{"taxonomy":"product_brand","embeddable":true,"href":"https:\/\/www.versiegelung24.com\/lv\/wp-json\/wp\/v2\/product_brand?post=23219"},{"taxonomy":"product_cat","embeddable":true,"href":"https:\/\/www.versiegelung24.com\/lv\/wp-json\/wp\/v2\/product_cat?post=23219"},{"taxonomy":"product_tag","embeddable":true,"href":"https:\/\/www.versiegelung24.com\/lv\/wp-json\/wp\/v2\/product_tag?post=23219"}],"curies":[{"name":"wp","href":"https:\/\/api.w.org\/{rel}","templated":true}]}}