{"id":23328,"date":"2020-04-04T18:53:12","date_gmt":"2021-08-02T19:32:01","guid":{"rendered":"https:\/\/www.versiegelung24.com\/produkt\/plastmasas-metala-blivejums-profesionala-kvalitate"},"modified":"2025-01-03T23:28:32","modified_gmt":"2025-01-03T22:28:32","slug":"plastmasas-metala-blivejums-profesionala-kvalitate","status":"publish","type":"product","link":"https:\/\/www.versiegelung24.com\/lv\/plastmasas-metala-blivejums-profesionala-kvalitate.html","title":{"rendered":"Plastmasas + met\u0101la bl\u012bv\u0113jums profesion\u0101l\u0101 kvalit\u0101t\u0113"},"content":{"rendered":"\n<p><strong>*** Jauna produkta versija ar uzlabotu efektu *** <\/strong><\/p>\n\n<p><strong>\u013boti efekt\u012bvs profesion\u0101lais aizsargbl\u012bv\u0113jums plastmasai un met\u0101lam (piem., ner\u016bs\u0113jo\u0161ajam t\u0113raudam), ar lotosa efektu (\u016bdeni atgr\u016bdo\u0161s), iek\u0161pusei un \u0101rpusei. JAUNS<\/strong><\/p>\n\n<p>Augsta kvalit\u0101te Ra\u017eots V\u0101cij\u0101.<\/p>\n\n<hr\/>\n\n<h4 class=\"wp-block-heading\" id=\"properties\">Produkta \u012bpa\u0161\u012bbas<\/h4>\n\n<div class=\"wp-block-columns is-layout-flex wp-container-core-columns-is-layout-9d6595d7 wp-block-columns-is-layout-flex\">\n<div class=\"wp-block-column is-layout-flow wp-block-column-is-layout-flow\">\n<ul class=\"wp-block-list\">\n<li>Izcils viegli t\u012br\u0101ms efekts net\u012brumu adh\u0113zijai<\/li>\n\n\n\n<li>Hidrofobs un oleofobs efekts (\u016bdens un e\u013c\u013cas atgr\u016b\u0161ana)<\/li>\n\n\n\n<li>\u013boti augsta nodilumiztur\u012bba, pateicoties SiO\u00b2 nano tehnolo\u0123ijai.<\/li>\n\n\n\n<li>\u0137\u012bmiski iztur\u012bgs pret t\u012br\u012b\u0161anas l\u012bdzek\u013ciem (l\u012bdz pH 12)<\/li>\n\n\n\n<li>UV stabils \/ sala iztur\u012bgs \/ s\u0101ls\u016bdens iztur\u012bgs \/ neredzams (sl\u0101\u0146a biezums: 100-150 nm)<\/li>\n<\/ul>\n<\/div>\n\n\n\n<div class=\"wp-block-column is-layout-flow wp-block-column-is-layout-flow\">\n<ul class=\"wp-block-list\">\n<li>Izmaksu, laika un ener\u0123ijas ietaup\u012bjums, pateicoties pagarin\u0101tiem t\u012br\u012b\u0161anas cikliem<\/li>\n\n\n\n<li>Vienk\u0101r\u0161a aplik\u0101cija<\/li>\n\n\n\n<li>Elpojo\u0161s<\/li>\n\n\n\n<li>Sp\u0113c\u012bgas nelip\u0161anas \u012bpa\u0161\u012bbas<\/li>\n\n\n\n<li>Iztur\u012bba: l\u012bdz 1 gadam (atkar\u012bb\u0101 no lieto\u0161anas veida)<\/li>\n<\/ul>\n\n\n\n<p><br\/><br\/>Pieg\u0101des apjoms: 1 x litra pudele 1 x produkta apraksts<\/p>\n<\/div>\n<\/div>\n\n<hr\/>\n\n<h4 class=\"wp-block-heading\" id=\"application\">Pieteikums<\/h4>\n\n<div class=\"wp-block-columns is-layout-flex wp-container-core-columns-is-layout-9d6595d7 wp-block-columns-is-layout-flex\">\n<div class=\"wp-block-column is-layout-flow wp-block-column-is-layout-flow\">\n<ul class=\"wp-block-list\">\n<li>ner\u016bs\u0113jo\u0161\u0101 t\u0113rauda virsmas<\/li>\n\n\n\n<li>auto kr\u0101sa<\/li>\n\n\n\n<li>alum\u012bnija diski<\/li>\n\n\n\n<li>Kr\u0101sotas virsmas<\/li>\n\n\n\n<li>Gludas plastmasas virsmas<\/li>\n\n\n\n<li>organiskais stikls<\/li>\n\n\n\n<li>met\u0101la virsmas<\/li>\n<\/ul>\n\n\n\n<p>Pat\u0113ri\u0146\u0161 ir atkar\u012bgs no virsmas strukt\u016bras, aptuveni 100-200m\u00b2\/l.<\/p>\n<\/div>\n\n\n\n<div class=\"wp-block-column is-layout-flow wp-block-column-is-layout-flow\">\n<p>Viegli uzkl\u0101jams: <\/p>\n\n\n\n<p><br\/>1.manu\u0101li: uzkl\u0101j ar ap\u013cveida kust\u012bb\u0101m ar t\u012bru pap\u012bra, lina vai mikro\u0161\u0137iedras dr\u0101nu. 2.r\u016bpnieciski: var izmantot gan pul\u0113\u0161anas, gan smidzin\u0101\u0161anas p\u0101rkl\u0101jumu sist\u0113m\u0101s.<\/p>\n\n\n\n<p>\u0160is SiO2 p\u0101rkl\u0101jums ir piln\u012bb\u0101 sa\u0161\u016bts un saciet\u0113jis p\u0113c 24 stund\u0101m. Viegli t\u012br\u0101mo efektu var p\u0101rbaud\u012bt pirmo reizi p\u0113c \u0161\u012bs saciet\u0113\u0161anas f\u0101zes.<\/p>\n\n\n\n<p><br\/><br\/><br\/><br\/>Pat\u0113ri\u0146\u0161: Ar 1 litru var aizz\u012bmogot l\u012bdz 200 m\u00b2 Manu\u0101li: 5-10 ml\/m\u00b2 R\u016bpnieciski: 10-15 ml\/m\u00b2<\/p>\n<\/div>\n<\/div>\n","protected":false},"excerpt":{"rendered":"<p><strong>\u013boti efekt\u012bva profesion\u0101la aizsargbl\u012bve plastmasai un met\u0101lam (piem\u0113ram, ner\u016bs\u0113jo\u0161ajam t\u0113raudam):<\/strong><\/p>\n<p>\u2713 Ar lotosa efektu (\u016bdeni atgr\u016bdo\u0161s)<\/p>\n<p>\u2713 Iek\u0161pus\u0113 un \u0101r\u0101. JAUNS<\/p>\n","protected":false},"featured_media":18360,"template":"","meta":{"_acf_changed":false,"neve_meta_sidebar":"","neve_meta_container":"","neve_meta_enable_content_width":"","neve_meta_content_width":0,"neve_meta_title_alignment":"","neve_meta_author_avatar":"","neve_post_elements_order":"","neve_meta_disable_header":"","neve_meta_disable_footer":"","neve_meta_disable_title":"","neve_meta_reading_time":"","_surfaces":[],"_ver_product_tabs":[],"footnotes":""},"product_brand":[],"product_cat":[2310],"product_tag":[],"class_list":{"0":"post-23328","1":"product","2":"type-product","3":"status-publish","4":"has-post-thumbnail","6":"product_cat-metala-un-plastmasas-blivejums","8":"first","9":"instock","10":"taxable","11":"shipping-taxable","12":"purchasable","13":"product-type-simple"},"acf":[],"yoast_head":"<!-- This site is optimized with the Yoast SEO Premium plugin v22.8 (Yoast SEO v27.5) - https:\/\/yoast.com\/product\/yoast-seo-premium-wordpress\/ -->\n<title>Plastmasas + met\u0101la bl\u012bv\u0113jums profesion\u0101l\u0101 kvalit\u0101t\u0113 - versiegelung24.com<\/title>\n<meta name=\"robots\" content=\"index, follow, max-snippet:-1, max-image-preview:large, max-video-preview:-1\" \/>\n<link rel=\"canonical\" href=\"https:\/\/www.versiegelung24.com\/lv\/plastmasas-metala-blivejums-profesionala-kvalitate.html\" \/>\n<meta property=\"og:locale\" content=\"lv_LV\" \/>\n<meta property=\"og:type\" content=\"article\" \/>\n<meta property=\"og:title\" content=\"Plastmasas + met\u0101la bl\u012bv\u0113jums profesion\u0101l\u0101 kvalit\u0101t\u0113\" \/>\n<meta property=\"og:description\" content=\"\u013boti efekt\u012bva profesion\u0101la aizsargbl\u012bve plastmasai un met\u0101lam (piem\u0113ram, ner\u016bs\u0113jo\u0161ajam t\u0113raudam): \u2713 Ar lotosa efektu (\u016bdeni atgr\u016bdo\u0161s) \u2713 Iek\u0161pus\u0113 un \u0101r\u0101. JAUNS\" \/>\n<meta property=\"og:url\" content=\"https:\/\/www.versiegelung24.com\/lv\/plastmasas-metala-blivejums-profesionala-kvalitate.html\" \/>\n<meta property=\"og:site_name\" content=\"versiegelung24.com\" \/>\n<meta property=\"article:modified_time\" content=\"2025-01-03T22:28:32+00:00\" \/>\n<meta property=\"og:image\" content=\"https:\/\/www.versiegelung24.com\/wp-content\/uploads\/2020\/06\/produkt-5000-7656-1000-Kunststoff-Metallversiegelung-scaled.jpg\" \/>\n\t<meta property=\"og:image:width\" content=\"2560\" \/>\n\t<meta property=\"og:image:height\" content=\"2560\" \/>\n\t<meta property=\"og:image:type\" content=\"image\/jpeg\" \/>\n<meta name=\"twitter:card\" content=\"summary_large_image\" \/>\n<meta name=\"twitter:label1\" content=\"Price\" \/>\n\t<meta name=\"twitter:data1\" content=\"149,00&euro;\" \/>\n\t<meta name=\"twitter:label2\" content=\"Availability\" \/>\n\t<meta name=\"twitter:data2\" content=\"In stock\" \/>\n<script type=\"application\/ld+json\" class=\"yoast-schema-graph\">{\"@context\":\"https:\\\/\\\/schema.org\",\"@graph\":[{\"@type\":\"WebPage\",\"@id\":\"https:\\\/\\\/www.versiegelung24.com\\\/lv\\\/plastmasas-metala-blivejums-profesionala-kvalitate.html\",\"url\":\"https:\\\/\\\/www.versiegelung24.com\\\/lv\\\/plastmasas-metala-blivejums-profesionala-kvalitate.html\",\"name\":\"Plastmasas + met\u0101la bl\u012bv\u0113jums profesion\u0101l\u0101 kvalit\u0101t\u0113 - versiegelung24.com\",\"isPartOf\":{\"@id\":\"https:\\\/\\\/www.versiegelung24.com\\\/lv\\\/#website\"},\"primaryImageOfPage\":{\"@id\":\"https:\\\/\\\/www.versiegelung24.com\\\/lv\\\/plastmasas-metala-blivejums-profesionala-kvalitate.html#primaryimage\"},\"image\":{\"@id\":\"https:\\\/\\\/www.versiegelung24.com\\\/lv\\\/plastmasas-metala-blivejums-profesionala-kvalitate.html#primaryimage\"},\"thumbnailUrl\":\"https:\\\/\\\/www.versiegelung24.com\\\/wp-content\\\/uploads\\\/2020\\\/06\\\/produkt-5000-7656-1000-Kunststoff-Metallversiegelung-scaled.jpg\",\"datePublished\":\"2021-08-02T19:32:01+00:00\",\"dateModified\":\"2025-01-03T22:28:32+00:00\",\"breadcrumb\":{\"@id\":\"https:\\\/\\\/www.versiegelung24.com\\\/lv\\\/plastmasas-metala-blivejums-profesionala-kvalitate.html#breadcrumb\"},\"inLanguage\":\"lv-LV\",\"potentialAction\":[{\"@type\":\"ReadAction\",\"target\":[\"https:\\\/\\\/www.versiegelung24.com\\\/lv\\\/plastmasas-metala-blivejums-profesionala-kvalitate.html\"]}]},{\"@type\":\"ImageObject\",\"inLanguage\":\"lv-LV\",\"@id\":\"https:\\\/\\\/www.versiegelung24.com\\\/lv\\\/plastmasas-metala-blivejums-profesionala-kvalitate.html#primaryimage\",\"url\":\"https:\\\/\\\/www.versiegelung24.com\\\/wp-content\\\/uploads\\\/2020\\\/06\\\/produkt-5000-7656-1000-Kunststoff-Metallversiegelung-scaled.jpg\",\"contentUrl\":\"https:\\\/\\\/www.versiegelung24.com\\\/wp-content\\\/uploads\\\/2020\\\/06\\\/produkt-5000-7656-1000-Kunststoff-Metallversiegelung-scaled.jpg\",\"width\":2560,\"height\":2560},{\"@type\":\"BreadcrumbList\",\"@id\":\"https:\\\/\\\/www.versiegelung24.com\\\/lv\\\/plastmasas-metala-blivejums-profesionala-kvalitate.html#breadcrumb\",\"itemListElement\":[{\"@type\":\"ListItem\",\"position\":1,\"name\":\"M\u0101jas lapa\",\"item\":\"https:\\\/\\\/www.versiegelung24.com\\\/lv\\\/prieksejais\\\/\"},{\"@type\":\"ListItem\",\"position\":2,\"name\":\"Veikals\",\"item\":\"https:\\\/\\\/www.versiegelung24.com\\\/lv\\\/veikals\\\/\"},{\"@type\":\"ListItem\",\"position\":3,\"name\":\"Plastmasas + met\u0101la bl\u012bv\u0113jums profesion\u0101l\u0101 kvalit\u0101t\u0113\"}]},{\"@type\":\"WebSite\",\"@id\":\"https:\\\/\\\/www.versiegelung24.com\\\/lv\\\/#website\",\"url\":\"https:\\\/\\\/www.versiegelung24.com\\\/lv\\\/\",\"name\":\"versiegelung24.com\",\"description\":\"Fl\u00fcssigglas-Versiegelung - Made in Germany\",\"publisher\":{\"@id\":\"https:\\\/\\\/www.versiegelung24.com\\\/lv\\\/#organization\"},\"potentialAction\":[{\"@type\":\"SearchAction\",\"target\":{\"@type\":\"EntryPoint\",\"urlTemplate\":\"https:\\\/\\\/www.versiegelung24.com\\\/lv\\\/?s={search_term_string}\"},\"query-input\":{\"@type\":\"PropertyValueSpecification\",\"valueRequired\":true,\"valueName\":\"search_term_string\"}}],\"inLanguage\":\"lv-LV\"},{\"@type\":\"Organization\",\"@id\":\"https:\\\/\\\/www.versiegelung24.com\\\/lv\\\/#organization\",\"name\":\"versiegelung24\",\"url\":\"https:\\\/\\\/www.versiegelung24.com\\\/lv\\\/\",\"logo\":{\"@type\":\"ImageObject\",\"inLanguage\":\"lv-LV\",\"@id\":\"https:\\\/\\\/www.versiegelung24.com\\\/lv\\\/#\\\/schema\\\/logo\\\/image\\\/\",\"url\":\"https:\\\/\\\/www.versiegelung24.com\\\/wp-content\\\/uploads\\\/2020\\\/04\\\/versiegelung24.png\",\"contentUrl\":\"https:\\\/\\\/www.versiegelung24.com\\\/wp-content\\\/uploads\\\/2020\\\/04\\\/versiegelung24.png\",\"width\":470,\"height\":102,\"caption\":\"versiegelung24\"},\"image\":{\"@id\":\"https:\\\/\\\/www.versiegelung24.com\\\/lv\\\/#\\\/schema\\\/logo\\\/image\\\/\"}}]}<\/script>\n<meta property=\"product:price:amount\" content=\"149.00\" \/>\n<meta property=\"product:price:currency\" content=\"EUR\" \/>\n<meta property=\"og:availability\" content=\"instock\" \/>\n<meta property=\"product:availability\" content=\"instock\" \/>\n<meta property=\"product:retailer_item_id\" content=\"5000-7656-1000\" \/>\n<meta property=\"product:condition\" content=\"new\" \/>\n<!-- \/ Yoast SEO Premium plugin. -->","yoast_head_json":{"title":"Plastmasas + met\u0101la bl\u012bv\u0113jums profesion\u0101l\u0101 kvalit\u0101t\u0113 - versiegelung24.com","robots":{"index":"index","follow":"follow","max-snippet":"max-snippet:-1","max-image-preview":"max-image-preview:large","max-video-preview":"max-video-preview:-1"},"canonical":"https:\/\/www.versiegelung24.com\/lv\/plastmasas-metala-blivejums-profesionala-kvalitate.html","og_locale":"lv_LV","og_type":"article","og_title":"Plastmasas + met\u0101la bl\u012bv\u0113jums profesion\u0101l\u0101 kvalit\u0101t\u0113","og_description":"\u013boti efekt\u012bva profesion\u0101la aizsargbl\u012bve plastmasai un met\u0101lam (piem\u0113ram, ner\u016bs\u0113jo\u0161ajam t\u0113raudam): \u2713 Ar lotosa efektu (\u016bdeni atgr\u016bdo\u0161s) \u2713 Iek\u0161pus\u0113 un \u0101r\u0101. JAUNS","og_url":"https:\/\/www.versiegelung24.com\/lv\/plastmasas-metala-blivejums-profesionala-kvalitate.html","og_site_name":"versiegelung24.com","article_modified_time":"2025-01-03T22:28:32+00:00","og_image":[{"width":2560,"height":2560,"url":"https:\/\/www.versiegelung24.com\/wp-content\/uploads\/2020\/06\/produkt-5000-7656-1000-Kunststoff-Metallversiegelung-scaled.jpg","type":"image\/jpeg"}],"twitter_card":"summary_large_image","twitter_misc":{"Price":"149,00&euro;","Availability":"In stock"},"schema":{"@context":"https:\/\/schema.org","@graph":[{"@type":"WebPage","@id":"https:\/\/www.versiegelung24.com\/lv\/plastmasas-metala-blivejums-profesionala-kvalitate.html","url":"https:\/\/www.versiegelung24.com\/lv\/plastmasas-metala-blivejums-profesionala-kvalitate.html","name":"Plastmasas + met\u0101la bl\u012bv\u0113jums profesion\u0101l\u0101 kvalit\u0101t\u0113 - versiegelung24.com","isPartOf":{"@id":"https:\/\/www.versiegelung24.com\/lv\/#website"},"primaryImageOfPage":{"@id":"https:\/\/www.versiegelung24.com\/lv\/plastmasas-metala-blivejums-profesionala-kvalitate.html#primaryimage"},"image":{"@id":"https:\/\/www.versiegelung24.com\/lv\/plastmasas-metala-blivejums-profesionala-kvalitate.html#primaryimage"},"thumbnailUrl":"https:\/\/www.versiegelung24.com\/wp-content\/uploads\/2020\/06\/produkt-5000-7656-1000-Kunststoff-Metallversiegelung-scaled.jpg","datePublished":"2021-08-02T19:32:01+00:00","dateModified":"2025-01-03T22:28:32+00:00","breadcrumb":{"@id":"https:\/\/www.versiegelung24.com\/lv\/plastmasas-metala-blivejums-profesionala-kvalitate.html#breadcrumb"},"inLanguage":"lv-LV","potentialAction":[{"@type":"ReadAction","target":["https:\/\/www.versiegelung24.com\/lv\/plastmasas-metala-blivejums-profesionala-kvalitate.html"]}]},{"@type":"ImageObject","inLanguage":"lv-LV","@id":"https:\/\/www.versiegelung24.com\/lv\/plastmasas-metala-blivejums-profesionala-kvalitate.html#primaryimage","url":"https:\/\/www.versiegelung24.com\/wp-content\/uploads\/2020\/06\/produkt-5000-7656-1000-Kunststoff-Metallversiegelung-scaled.jpg","contentUrl":"https:\/\/www.versiegelung24.com\/wp-content\/uploads\/2020\/06\/produkt-5000-7656-1000-Kunststoff-Metallversiegelung-scaled.jpg","width":2560,"height":2560},{"@type":"BreadcrumbList","@id":"https:\/\/www.versiegelung24.com\/lv\/plastmasas-metala-blivejums-profesionala-kvalitate.html#breadcrumb","itemListElement":[{"@type":"ListItem","position":1,"name":"M\u0101jas lapa","item":"https:\/\/www.versiegelung24.com\/lv\/prieksejais\/"},{"@type":"ListItem","position":2,"name":"Veikals","item":"https:\/\/www.versiegelung24.com\/lv\/veikals\/"},{"@type":"ListItem","position":3,"name":"Plastmasas + met\u0101la bl\u012bv\u0113jums profesion\u0101l\u0101 kvalit\u0101t\u0113"}]},{"@type":"WebSite","@id":"https:\/\/www.versiegelung24.com\/lv\/#website","url":"https:\/\/www.versiegelung24.com\/lv\/","name":"versiegelung24.com","description":"Fl\u00fcssigglas-Versiegelung - Made in Germany","publisher":{"@id":"https:\/\/www.versiegelung24.com\/lv\/#organization"},"potentialAction":[{"@type":"SearchAction","target":{"@type":"EntryPoint","urlTemplate":"https:\/\/www.versiegelung24.com\/lv\/?s={search_term_string}"},"query-input":{"@type":"PropertyValueSpecification","valueRequired":true,"valueName":"search_term_string"}}],"inLanguage":"lv-LV"},{"@type":"Organization","@id":"https:\/\/www.versiegelung24.com\/lv\/#organization","name":"versiegelung24","url":"https:\/\/www.versiegelung24.com\/lv\/","logo":{"@type":"ImageObject","inLanguage":"lv-LV","@id":"https:\/\/www.versiegelung24.com\/lv\/#\/schema\/logo\/image\/","url":"https:\/\/www.versiegelung24.com\/wp-content\/uploads\/2020\/04\/versiegelung24.png","contentUrl":"https:\/\/www.versiegelung24.com\/wp-content\/uploads\/2020\/04\/versiegelung24.png","width":470,"height":102,"caption":"versiegelung24"},"image":{"@id":"https:\/\/www.versiegelung24.com\/lv\/#\/schema\/logo\/image\/"}}]},"product_price_amount":"149.00","product_price_currency":"EUR","og_availability":"instock","product_availability":"instock","product_retailer_item_id":"5000-7656-1000","product_condition":"new"},"_links":{"self":[{"href":"https:\/\/www.versiegelung24.com\/lv\/wp-json\/wp\/v2\/product\/23328","targetHints":{"allow":["GET"]}}],"collection":[{"href":"https:\/\/www.versiegelung24.com\/lv\/wp-json\/wp\/v2\/product"}],"about":[{"href":"https:\/\/www.versiegelung24.com\/lv\/wp-json\/wp\/v2\/types\/product"}],"version-history":[{"count":16,"href":"https:\/\/www.versiegelung24.com\/lv\/wp-json\/wp\/v2\/product\/23328\/revisions"}],"predecessor-version":[{"id":177389,"href":"https:\/\/www.versiegelung24.com\/lv\/wp-json\/wp\/v2\/product\/23328\/revisions\/177389"}],"wp:featuredmedia":[{"embeddable":true,"href":"https:\/\/www.versiegelung24.com\/lv\/wp-json\/wp\/v2\/media\/18360"}],"wp:attachment":[{"href":"https:\/\/www.versiegelung24.com\/lv\/wp-json\/wp\/v2\/media?parent=23328"}],"wp:term":[{"taxonomy":"product_brand","embeddable":true,"href":"https:\/\/www.versiegelung24.com\/lv\/wp-json\/wp\/v2\/product_brand?post=23328"},{"taxonomy":"product_cat","embeddable":true,"href":"https:\/\/www.versiegelung24.com\/lv\/wp-json\/wp\/v2\/product_cat?post=23328"},{"taxonomy":"product_tag","embeddable":true,"href":"https:\/\/www.versiegelung24.com\/lv\/wp-json\/wp\/v2\/product_tag?post=23328"}],"curies":[{"name":"wp","href":"https:\/\/api.w.org\/{rel}","templated":true}]}}