{"id":23483,"date":"2020-04-04T18:53:44","date_gmt":"2021-08-02T19:39:17","guid":{"rendered":"https:\/\/www.versiegelung24.com\/produkt\/automasinas-krasas-un-ritenu-loka-blivejums"},"modified":"2025-01-03T23:49:01","modified_gmt":"2025-01-03T22:49:01","slug":"auto-krasojums-un-disku-blivesana","status":"publish","type":"product","link":"https:\/\/www.versiegelung24.com\/lv\/automasinas-krasas-un-ritenu-loka-blivejums.html","title":{"rendered":"Auto kr\u0101sojums un loku bl\u012bv\u0113jums"},"content":{"rendered":"\n<p><strong>*** Jauna produkta versija ar uzlabotu efektu *** <\/strong><\/p>\n\n<p><strong>\u013boti efekt\u012bva profesion\u0101la aizsargbl\u012bve auto kr\u0101sojumam un alum\u012bnija diskiem ar lotosa efektu (\u016bdeni atgr\u016bdo\u0161s)<\/strong><\/p>\n\n<p>Preces numurs: 2003-7656<\/p>\n\n<p>Augsta kvalit\u0101te Ra\u017eots V\u0101cij\u0101.<\/p>\n\n<p>Glud\u0101m virsm\u0101m, kas izgatavotas no plastmasas, kr\u0101sot\u0101m virsm\u0101m, ner\u016bs\u0113jo\u0161\u0101 t\u0113rauda un met\u0101la, ir hidrofobs un oleofobs efekts, un net\u012brumu da\u013ci\u0146as, piem\u0113ram, tauki, e\u013c\u013cainas vielas, ka\u013c\u0137akmens un vides pies\u0101r\u0146ojuma vielas, maz\u0101k sa\u0137eras vai ir viegli no\u0146emamas no p\u0101rkl\u0101juma, ti, neizmantojot. abraz\u012bvie l\u012bdzek\u013ci (&#8220;Viegli t\u012br\u0101mi&#8221;)<\/p>\n\n<hr\/>\n\n<h4 class=\"wp-block-heading\" id=\"properties\">Produkta \u012bpa\u0161\u012bbas<\/h4>\n\n<div class=\"wp-block-columns is-layout-flex wp-container-core-columns-is-layout-9d6595d7 wp-block-columns-is-layout-flex\">\n<div class=\"wp-block-column is-layout-flow wp-block-column-is-layout-flow\">\n<ul class=\"wp-block-list\">\n<li>Izcils viegli t\u012br\u0101ms efekts net\u012brumu adh\u0113zijai<\/li>\n\n\n\n<li>\u0136\u012bmiski iztur\u012bgs pret automa\u0161\u012bnu t\u012br\u012b\u0161anas l\u012bdzek\u013ciem (l\u012bdz pH 12)<\/li>\n\n\n\n<li>Hidrofobs un oleofobs efekts (\u016bdens un e\u013c\u013cas atgr\u016b\u0161ana)<\/li>\n\n\n\n<li>\u013boti augsta nodilumiztur\u012bba, pateicoties SiO\u00b2 nano tehnolo\u0123ijai.<\/li>\n\n\n\n<li>Putnu izk\u0101rn\u012bjumi, kukai\u0146i un citi net\u012brumi ir viegl\u0101k no\u0146emami<\/li>\n\n\n\n<li>UV stabils \/ sala iztur\u012bgs \/ s\u0101ls\u016bdens iztur\u012bgs \/ neredzams (sl\u0101\u0146a biezums: 100-150 nm)<\/li>\n\n\n\n<li>Izmaksu, laika un ener\u0123ijas ietaup\u012bjums, pateicoties pagarin\u0101tiem t\u012br\u012b\u0161anas cikliem<\/li>\n<\/ul>\n<\/div>\n\n\n\n<div class=\"wp-block-column is-layout-flow wp-block-column-is-layout-flow\">\n<ul class=\"wp-block-list\">\n<li>Vienk\u0101r\u0161a aplik\u0101cija<\/li>\n\n\n\n<li>Elpojo\u0161s<\/li>\n\n\n\n<li>Sp\u0113c\u012bgas nelip\u0161anas \u012bpa\u0161\u012bbas<\/li>\n\n\n\n<li>Iztur\u012bba: l\u012bdz 1 gadam (atkar\u012bb\u0101 no lieto\u0161anas veida)<\/li>\n<\/ul>\n\n\n\n<p><br\/><br\/><br\/>Pat\u0113ri\u0146\u0161: Ar 1 litru var aizz\u012bmogot l\u012bdz 200 m\u00b2 Manu\u0101li: 5-10 ml\/m\u00b2 R\u016bpnieciski: 10-15 ml\/m\u00b2<\/p>\n\n\n\n<p><br\/><br\/>Pieg\u0101des apjoms: 1 x litra pudele 1 x produkta apraksts<\/p>\n<\/div>\n<\/div>\n\n<hr\/>\n\n<h4 class=\"wp-block-heading\" id=\"application\">Pieteikums<\/h4>\n\n<div class=\"wp-block-columns is-layout-flex wp-container-core-columns-is-layout-9d6595d7 wp-block-columns-is-layout-flex\">\n<div class=\"wp-block-column is-layout-flow wp-block-column-is-layout-flow\">\n<ul class=\"wp-block-list\">\n<li>auto kr\u0101sa<\/li>\n\n\n\n<li>alum\u012bnija diski<\/li>\n\n\n\n<li>Kr\u0101soti diski<\/li>\n\n\n\n<li>Kr\u0101soti plastmasas stiprin\u0101jumi (bamperi, sliek\u0161\u0146i, spoileri)<\/li>\n\n\n\n<li>Gludas plastmasas virsmas<\/li>\n\n\n\n<li>ner\u016bs\u0113jo\u0161ais t\u0113rauds<\/li>\n\n\n\n<li>organiskais stikls<\/li>\n\n\n\n<li>met\u0101la virsmas<\/li>\n<\/ul>\n\n\n\n<p>Pat\u0113ri\u0146\u0161 ir atkar\u012bgs no virsmas strukt\u016bras aptuveni 100-200m\u00b2\/l.<\/p>\n<\/div>\n\n\n\n<div class=\"wp-block-column is-layout-flow wp-block-column-is-layout-flow\">\n<p>Viegli uzkl\u0101jams: <\/p>\n\n\n\n<p><br\/>1.manu\u0101li: uzkl\u0101j ar ap\u013cveida kust\u012bb\u0101m ar t\u012bru pap\u012bra, lina vai mikro\u0161\u0137iedras dr\u0101nu. 2.r\u016bpnieciski: var izmantot gan pul\u0113\u0161anas, gan smidzin\u0101\u0161anas p\u0101rkl\u0101jumu sist\u0113m\u0101s.<\/p>\n\n\n\n<p>\u0160is SiO2 p\u0101rkl\u0101jums ir piln\u012bb\u0101 sa\u0161\u016bts un saciet\u0113jis p\u0113c 24 stund\u0101m. Viegli t\u012br\u0101mo efektu var p\u0101rbaud\u012bt pirmo reizi p\u0113c \u0161\u012bs saciet\u0113\u0161anas f\u0101zes.<\/p>\n<\/div>\n<\/div>\n","protected":false},"excerpt":{"rendered":"<p><strong>\u013boti efekt\u012bvs profesion\u0101lais aizsargbl\u012bv\u0113jums auto kr\u0101sojumam un alum\u012bnija diskiem:<\/strong><\/p>\n<p>\u2713 ar lotosa efektu (\u016bdens atgr\u016bdo\u0161s)<\/p>\n","protected":false},"featured_media":17865,"template":"","meta":{"_acf_changed":false,"neve_meta_sidebar":"","neve_meta_container":"","neve_meta_enable_content_width":"","neve_meta_content_width":0,"neve_meta_title_alignment":"","neve_meta_author_avatar":"","neve_post_elements_order":"","neve_meta_disable_header":"","neve_meta_disable_footer":"","neve_meta_disable_title":"","neve_meta_reading_time":"","_surfaces":[],"_ver_product_tabs":[],"footnotes":""},"product_brand":[],"product_cat":[2196],"product_tag":[],"class_list":{"0":"post-23483","1":"product","2":"type-product","3":"status-publish","4":"has-post-thumbnail","6":"product_cat-automasinas-blivejums","8":"first","9":"instock","10":"taxable","11":"shipping-taxable","12":"purchasable","13":"product-type-simple"},"acf":[],"yoast_head":"<!-- This site is optimized with the Yoast SEO Premium plugin v22.8 (Yoast SEO v27.5) - https:\/\/yoast.com\/product\/yoast-seo-premium-wordpress\/ -->\n<title>Auto kr\u0101sojums un loku bl\u012bv\u0113jums - versiegelung24.com<\/title>\n<meta name=\"robots\" content=\"index, follow, max-snippet:-1, max-image-preview:large, max-video-preview:-1\" \/>\n<link rel=\"canonical\" href=\"https:\/\/www.versiegelung24.com\/lv\/automasinas-krasas-un-ritenu-loka-blivejums.html\" \/>\n<meta property=\"og:locale\" content=\"lv_LV\" \/>\n<meta property=\"og:type\" content=\"article\" \/>\n<meta property=\"og:title\" content=\"Auto kr\u0101sojums un loku bl\u012bv\u0113jums\" \/>\n<meta property=\"og:description\" content=\"\u013boti efekt\u012bvs profesion\u0101lais aizsargbl\u012bv\u0113jums auto kr\u0101sojumam un alum\u012bnija diskiem: \u2713 ar lotosa efektu (\u016bdens atgr\u016bdo\u0161s)\" \/>\n<meta property=\"og:url\" content=\"https:\/\/www.versiegelung24.com\/lv\/automasinas-krasas-un-ritenu-loka-blivejums.html\" \/>\n<meta property=\"og:site_name\" content=\"versiegelung24.com\" \/>\n<meta property=\"article:modified_time\" content=\"2025-01-03T22:49:01+00:00\" \/>\n<meta property=\"og:image\" content=\"https:\/\/www.versiegelung24.com\/wp-content\/uploads\/2020\/06\/produkt-2003-7656-1000-Autolack-Felgenversiegelung-scaled.jpg\" \/>\n\t<meta property=\"og:image:width\" content=\"2560\" \/>\n\t<meta property=\"og:image:height\" content=\"2560\" \/>\n\t<meta property=\"og:image:type\" content=\"image\/jpeg\" \/>\n<meta name=\"twitter:card\" content=\"summary_large_image\" \/>\n<meta name=\"twitter:label1\" content=\"Price\" \/>\n\t<meta name=\"twitter:data1\" content=\"149,00&euro;\" \/>\n\t<meta name=\"twitter:label2\" content=\"Availability\" \/>\n\t<meta name=\"twitter:data2\" content=\"In stock\" \/>\n<script type=\"application\/ld+json\" class=\"yoast-schema-graph\">{\"@context\":\"https:\\\/\\\/schema.org\",\"@graph\":[{\"@type\":\"WebPage\",\"@id\":\"https:\\\/\\\/www.versiegelung24.com\\\/lv\\\/automasinas-krasas-un-ritenu-loka-blivejums.html\",\"url\":\"https:\\\/\\\/www.versiegelung24.com\\\/lv\\\/automasinas-krasas-un-ritenu-loka-blivejums.html\",\"name\":\"Auto kr\u0101sojums un loku bl\u012bv\u0113jums - versiegelung24.com\",\"isPartOf\":{\"@id\":\"https:\\\/\\\/www.versiegelung24.com\\\/lv\\\/#website\"},\"primaryImageOfPage\":{\"@id\":\"https:\\\/\\\/www.versiegelung24.com\\\/lv\\\/automasinas-krasas-un-ritenu-loka-blivejums.html#primaryimage\"},\"image\":{\"@id\":\"https:\\\/\\\/www.versiegelung24.com\\\/lv\\\/automasinas-krasas-un-ritenu-loka-blivejums.html#primaryimage\"},\"thumbnailUrl\":\"https:\\\/\\\/www.versiegelung24.com\\\/wp-content\\\/uploads\\\/2020\\\/06\\\/produkt-2003-7656-1000-Autolack-Felgenversiegelung-scaled.jpg\",\"datePublished\":\"2021-08-02T19:39:17+00:00\",\"dateModified\":\"2025-01-03T22:49:01+00:00\",\"breadcrumb\":{\"@id\":\"https:\\\/\\\/www.versiegelung24.com\\\/lv\\\/automasinas-krasas-un-ritenu-loka-blivejums.html#breadcrumb\"},\"inLanguage\":\"lv-LV\",\"potentialAction\":[{\"@type\":\"ReadAction\",\"target\":[\"https:\\\/\\\/www.versiegelung24.com\\\/lv\\\/automasinas-krasas-un-ritenu-loka-blivejums.html\"]}]},{\"@type\":\"ImageObject\",\"inLanguage\":\"lv-LV\",\"@id\":\"https:\\\/\\\/www.versiegelung24.com\\\/lv\\\/automasinas-krasas-un-ritenu-loka-blivejums.html#primaryimage\",\"url\":\"https:\\\/\\\/www.versiegelung24.com\\\/wp-content\\\/uploads\\\/2020\\\/06\\\/produkt-2003-7656-1000-Autolack-Felgenversiegelung-scaled.jpg\",\"contentUrl\":\"https:\\\/\\\/www.versiegelung24.com\\\/wp-content\\\/uploads\\\/2020\\\/06\\\/produkt-2003-7656-1000-Autolack-Felgenversiegelung-scaled.jpg\",\"width\":2560,\"height\":2560},{\"@type\":\"BreadcrumbList\",\"@id\":\"https:\\\/\\\/www.versiegelung24.com\\\/lv\\\/automasinas-krasas-un-ritenu-loka-blivejums.html#breadcrumb\",\"itemListElement\":[{\"@type\":\"ListItem\",\"position\":1,\"name\":\"M\u0101jas lapa\",\"item\":\"https:\\\/\\\/www.versiegelung24.com\\\/lv\\\/prieksejais\\\/\"},{\"@type\":\"ListItem\",\"position\":2,\"name\":\"Veikals\",\"item\":\"https:\\\/\\\/www.versiegelung24.com\\\/lv\\\/veikals\\\/\"},{\"@type\":\"ListItem\",\"position\":3,\"name\":\"Auto kr\u0101sojums un loku bl\u012bv\u0113jums\"}]},{\"@type\":\"WebSite\",\"@id\":\"https:\\\/\\\/www.versiegelung24.com\\\/lv\\\/#website\",\"url\":\"https:\\\/\\\/www.versiegelung24.com\\\/lv\\\/\",\"name\":\"versiegelung24.com\",\"description\":\"Fl\u00fcssigglas-Versiegelung - Made in Germany\",\"publisher\":{\"@id\":\"https:\\\/\\\/www.versiegelung24.com\\\/lv\\\/#organization\"},\"potentialAction\":[{\"@type\":\"SearchAction\",\"target\":{\"@type\":\"EntryPoint\",\"urlTemplate\":\"https:\\\/\\\/www.versiegelung24.com\\\/lv\\\/?s={search_term_string}\"},\"query-input\":{\"@type\":\"PropertyValueSpecification\",\"valueRequired\":true,\"valueName\":\"search_term_string\"}}],\"inLanguage\":\"lv-LV\"},{\"@type\":\"Organization\",\"@id\":\"https:\\\/\\\/www.versiegelung24.com\\\/lv\\\/#organization\",\"name\":\"versiegelung24\",\"url\":\"https:\\\/\\\/www.versiegelung24.com\\\/lv\\\/\",\"logo\":{\"@type\":\"ImageObject\",\"inLanguage\":\"lv-LV\",\"@id\":\"https:\\\/\\\/www.versiegelung24.com\\\/lv\\\/#\\\/schema\\\/logo\\\/image\\\/\",\"url\":\"https:\\\/\\\/www.versiegelung24.com\\\/wp-content\\\/uploads\\\/2020\\\/04\\\/versiegelung24.png\",\"contentUrl\":\"https:\\\/\\\/www.versiegelung24.com\\\/wp-content\\\/uploads\\\/2020\\\/04\\\/versiegelung24.png\",\"width\":470,\"height\":102,\"caption\":\"versiegelung24\"},\"image\":{\"@id\":\"https:\\\/\\\/www.versiegelung24.com\\\/lv\\\/#\\\/schema\\\/logo\\\/image\\\/\"}}]}<\/script>\n<meta property=\"product:price:amount\" content=\"149.00\" \/>\n<meta property=\"product:price:currency\" content=\"EUR\" \/>\n<meta property=\"og:availability\" content=\"instock\" \/>\n<meta property=\"product:availability\" content=\"instock\" \/>\n<meta property=\"product:retailer_item_id\" content=\"2003-7656-1000\" \/>\n<meta property=\"product:condition\" content=\"new\" \/>\n<!-- \/ Yoast SEO Premium plugin. -->","yoast_head_json":{"title":"Auto kr\u0101sojums un loku bl\u012bv\u0113jums - versiegelung24.com","robots":{"index":"index","follow":"follow","max-snippet":"max-snippet:-1","max-image-preview":"max-image-preview:large","max-video-preview":"max-video-preview:-1"},"canonical":"https:\/\/www.versiegelung24.com\/lv\/automasinas-krasas-un-ritenu-loka-blivejums.html","og_locale":"lv_LV","og_type":"article","og_title":"Auto kr\u0101sojums un loku bl\u012bv\u0113jums","og_description":"\u013boti efekt\u012bvs profesion\u0101lais aizsargbl\u012bv\u0113jums auto kr\u0101sojumam un alum\u012bnija diskiem: \u2713 ar lotosa efektu (\u016bdens atgr\u016bdo\u0161s)","og_url":"https:\/\/www.versiegelung24.com\/lv\/automasinas-krasas-un-ritenu-loka-blivejums.html","og_site_name":"versiegelung24.com","article_modified_time":"2025-01-03T22:49:01+00:00","og_image":[{"width":2560,"height":2560,"url":"https:\/\/www.versiegelung24.com\/wp-content\/uploads\/2020\/06\/produkt-2003-7656-1000-Autolack-Felgenversiegelung-scaled.jpg","type":"image\/jpeg"}],"twitter_card":"summary_large_image","twitter_misc":{"Price":"149,00&euro;","Availability":"In stock"},"schema":{"@context":"https:\/\/schema.org","@graph":[{"@type":"WebPage","@id":"https:\/\/www.versiegelung24.com\/lv\/automasinas-krasas-un-ritenu-loka-blivejums.html","url":"https:\/\/www.versiegelung24.com\/lv\/automasinas-krasas-un-ritenu-loka-blivejums.html","name":"Auto kr\u0101sojums un loku bl\u012bv\u0113jums - versiegelung24.com","isPartOf":{"@id":"https:\/\/www.versiegelung24.com\/lv\/#website"},"primaryImageOfPage":{"@id":"https:\/\/www.versiegelung24.com\/lv\/automasinas-krasas-un-ritenu-loka-blivejums.html#primaryimage"},"image":{"@id":"https:\/\/www.versiegelung24.com\/lv\/automasinas-krasas-un-ritenu-loka-blivejums.html#primaryimage"},"thumbnailUrl":"https:\/\/www.versiegelung24.com\/wp-content\/uploads\/2020\/06\/produkt-2003-7656-1000-Autolack-Felgenversiegelung-scaled.jpg","datePublished":"2021-08-02T19:39:17+00:00","dateModified":"2025-01-03T22:49:01+00:00","breadcrumb":{"@id":"https:\/\/www.versiegelung24.com\/lv\/automasinas-krasas-un-ritenu-loka-blivejums.html#breadcrumb"},"inLanguage":"lv-LV","potentialAction":[{"@type":"ReadAction","target":["https:\/\/www.versiegelung24.com\/lv\/automasinas-krasas-un-ritenu-loka-blivejums.html"]}]},{"@type":"ImageObject","inLanguage":"lv-LV","@id":"https:\/\/www.versiegelung24.com\/lv\/automasinas-krasas-un-ritenu-loka-blivejums.html#primaryimage","url":"https:\/\/www.versiegelung24.com\/wp-content\/uploads\/2020\/06\/produkt-2003-7656-1000-Autolack-Felgenversiegelung-scaled.jpg","contentUrl":"https:\/\/www.versiegelung24.com\/wp-content\/uploads\/2020\/06\/produkt-2003-7656-1000-Autolack-Felgenversiegelung-scaled.jpg","width":2560,"height":2560},{"@type":"BreadcrumbList","@id":"https:\/\/www.versiegelung24.com\/lv\/automasinas-krasas-un-ritenu-loka-blivejums.html#breadcrumb","itemListElement":[{"@type":"ListItem","position":1,"name":"M\u0101jas lapa","item":"https:\/\/www.versiegelung24.com\/lv\/prieksejais\/"},{"@type":"ListItem","position":2,"name":"Veikals","item":"https:\/\/www.versiegelung24.com\/lv\/veikals\/"},{"@type":"ListItem","position":3,"name":"Auto kr\u0101sojums un loku bl\u012bv\u0113jums"}]},{"@type":"WebSite","@id":"https:\/\/www.versiegelung24.com\/lv\/#website","url":"https:\/\/www.versiegelung24.com\/lv\/","name":"versiegelung24.com","description":"Fl\u00fcssigglas-Versiegelung - Made in Germany","publisher":{"@id":"https:\/\/www.versiegelung24.com\/lv\/#organization"},"potentialAction":[{"@type":"SearchAction","target":{"@type":"EntryPoint","urlTemplate":"https:\/\/www.versiegelung24.com\/lv\/?s={search_term_string}"},"query-input":{"@type":"PropertyValueSpecification","valueRequired":true,"valueName":"search_term_string"}}],"inLanguage":"lv-LV"},{"@type":"Organization","@id":"https:\/\/www.versiegelung24.com\/lv\/#organization","name":"versiegelung24","url":"https:\/\/www.versiegelung24.com\/lv\/","logo":{"@type":"ImageObject","inLanguage":"lv-LV","@id":"https:\/\/www.versiegelung24.com\/lv\/#\/schema\/logo\/image\/","url":"https:\/\/www.versiegelung24.com\/wp-content\/uploads\/2020\/04\/versiegelung24.png","contentUrl":"https:\/\/www.versiegelung24.com\/wp-content\/uploads\/2020\/04\/versiegelung24.png","width":470,"height":102,"caption":"versiegelung24"},"image":{"@id":"https:\/\/www.versiegelung24.com\/lv\/#\/schema\/logo\/image\/"}}]},"product_price_amount":"149.00","product_price_currency":"EUR","og_availability":"instock","product_availability":"instock","product_retailer_item_id":"2003-7656-1000","product_condition":"new"},"_links":{"self":[{"href":"https:\/\/www.versiegelung24.com\/lv\/wp-json\/wp\/v2\/product\/23483","targetHints":{"allow":["GET"]}}],"collection":[{"href":"https:\/\/www.versiegelung24.com\/lv\/wp-json\/wp\/v2\/product"}],"about":[{"href":"https:\/\/www.versiegelung24.com\/lv\/wp-json\/wp\/v2\/types\/product"}],"version-history":[{"count":17,"href":"https:\/\/www.versiegelung24.com\/lv\/wp-json\/wp\/v2\/product\/23483\/revisions"}],"predecessor-version":[{"id":177662,"href":"https:\/\/www.versiegelung24.com\/lv\/wp-json\/wp\/v2\/product\/23483\/revisions\/177662"}],"wp:featuredmedia":[{"embeddable":true,"href":"https:\/\/www.versiegelung24.com\/lv\/wp-json\/wp\/v2\/media\/17865"}],"wp:attachment":[{"href":"https:\/\/www.versiegelung24.com\/lv\/wp-json\/wp\/v2\/media?parent=23483"}],"wp:term":[{"taxonomy":"product_brand","embeddable":true,"href":"https:\/\/www.versiegelung24.com\/lv\/wp-json\/wp\/v2\/product_brand?post=23483"},{"taxonomy":"product_cat","embeddable":true,"href":"https:\/\/www.versiegelung24.com\/lv\/wp-json\/wp\/v2\/product_cat?post=23483"},{"taxonomy":"product_tag","embeddable":true,"href":"https:\/\/www.versiegelung24.com\/lv\/wp-json\/wp\/v2\/product_tag?post=23483"}],"curies":[{"name":"wp","href":"https:\/\/api.w.org\/{rel}","templated":true}]}}