{"id":23546,"date":"2020-04-04T18:53:42","date_gmt":"2020-04-04T16:53:42","guid":{"rendered":"https:\/\/www.versiegelung24.com\/produkt\/izcils-stikla-un-keramikas-blivejums-ar-arkartigu-izturibu"},"modified":"2025-01-03T23:44:31","modified_gmt":"2025-01-03T22:44:31","slug":"augstakas-klases-stikla-un-keramikas-blivejums-ar-arkartigu-izturibu","status":"publish","type":"product","link":"https:\/\/www.versiegelung24.com\/lv\/augstakas-klases-stikla-un-keramikas-blivejums-ar-arkartigu-izturibu.html","title":{"rendered":"Augstas kvalit\u0101tes herm\u0113ti\u0137is stiklam un keramikai ar izcilu iztur\u012bbu"},"content":{"rendered":"\n<p><strong>\u013boti efekt\u012bvs stikla un keramikas bl\u012bv\u0113jums vis\u0101m virsm\u0101m, uz kur\u0101m v\u0113laties sasniegt p\u0113c iesp\u0113jas ilg\u0101ku iztur\u012bbu, piem\u0113ram, logu r\u016bt\u012bm, stikla fas\u0101d\u0113m, ieejas durv\u012bm (l\u012bdz 3 gadiem) u.c., ar lotosa efektu (\u016bdens atgr\u016bdo\u0161s), iek\u0161telp\u0101m un \u0101rpus\u0113<\/strong> .<\/p>\n\n<p>Artikuls: 1003-7601 &#8211; Augsta kvalit\u0101te Ra\u017eots V\u0101cij\u0101.<\/p>\n\n<div class=\"wp-block-columns is-layout-flex wp-container-core-columns-is-layout-9d6595d7 wp-block-columns-is-layout-flex\">\n<div class=\"wp-block-column is-layout-flow wp-block-column-is-layout-flow\">\n<figure class=\"wp-block-embed is-type-video is-provider-youtube wp-block-embed-youtube wp-embed-aspect-16-9 wp-has-aspect-ratio\"><div class=\"wp-block-embed__wrapper\"> \n<div class=\"nv-iframe-embed\"><iframe title=\"(Nano-)Versiegelungen f\u00fcrs Badezimmer, die wirklich halten! Versiegelung24.com\" width=\"1200\" height=\"675\" src=\"https:\/\/www.youtube.com\/embed\/l6YldCwuye0?feature=oembed\" frameborder=\"0\" allow=\"accelerometer; autoplay; clipboard-write; encrypted-media; gyroscope; picture-in-picture; web-share\" referrerpolicy=\"strict-origin-when-cross-origin\" allowfullscreen><\/iframe><\/div>\n <\/div><\/figure>\n<\/div>\n\n\n\n<div class=\"wp-block-column is-layout-flow wp-block-column-is-layout-flow\">\n<figure class=\"wp-block-embed is-type-video is-provider-youtube wp-block-embed-youtube wp-embed-aspect-16-9 wp-has-aspect-ratio\"><div class=\"wp-block-embed__wrapper\"> \n<div class=\"nv-iframe-embed\"><iframe title=\"Kalk in der Dusche entfernen und mit einer Glasversiegelung vorbeugen!\" width=\"1200\" height=\"675\" src=\"https:\/\/www.youtube.com\/embed\/vnJHIGeb_7I?feature=oembed\" frameborder=\"0\" allow=\"accelerometer; autoplay; clipboard-write; encrypted-media; gyroscope; picture-in-picture; web-share\" referrerpolicy=\"strict-origin-when-cross-origin\" allowfullscreen><\/iframe><\/div>\n <\/div><\/figure>\n<\/div>\n<\/div>\n\n<hr\/>\n\n<h4 class=\"wp-block-heading\" id=\"properties\">Produkta \u012bpa\u0161\u012bbas<\/h4>\n\n<div class=\"wp-block-columns is-layout-flex wp-container-core-columns-is-layout-9d6595d7 wp-block-columns-is-layout-flex\">\n<div class=\"wp-block-column is-layout-flow wp-block-column-is-layout-flow\">\n<ul class=\"wp-block-list\" id=\"block-fbfff1f6-f7fb-4162-9feb-4a71c2f1f5b7\">\n<li>Lielisks net\u012brumu un ka\u013c\u0137akmens nos\u0113dumu t\u012br\u012b\u0161anas efekts<\/li>\n\n\n\n<li>\u013boti sp\u0113c\u012bga hidrofob\u0101 un oleofob\u0101 iedarb\u012bba (\u016bdens un e\u013c\u013cas atgr\u016b\u0161ana).<\/li>\n\n\n\n<li>\u013boti augsta nodilumiztur\u012bba, pateicoties SiO\u00b2 nano tehnolo\u0123ijai.<\/li>\n\n\n\n<li>\u0137\u012bmiski iztur\u012bgs pret t\u012br\u012b\u0161anas l\u012bdzek\u013ciem (l\u012bdz pH 12)<\/li>\n\n\n\n<li>Iztur\u012bba: l\u012bdz 3-5 gadiem (atkar\u012bb\u0101 no lieto\u0161anas veida)<\/li>\n<\/ul>\n<\/div>\n\n\n\n<div class=\"wp-block-column is-layout-flow wp-block-column-is-layout-flow\">\n<ul class=\"wp-block-list\" id=\"block-da198c4e-3517-4612-b9e4-86eb030d8594\">\n<li>Samazina mikroorganismu un bakt\u0113riju aug\u0161anu un t\u0101d\u0113j\u0101di uzlabo higi\u0113nu<\/li>\n\n\n\n<li>UV stabils \/ sala iztur\u012bgs \/ s\u0101ls\u016bdens iztur\u012bgs \/ neredzams (sl\u0101\u0146a biezums: 100-150 nm)<\/li>\n\n\n\n<li>Pa\u0161att\u012br\u012b\u0161an\u0101s efekts uz vertik\u0101l\u0101m stikla virsm\u0101m liet\u016b<\/li>\n\n\n\n<li>Izmaksu, laika un ener\u0123ijas ietaup\u012bjums, pateicoties pagarin\u0101tiem t\u012br\u012b\u0161anas cikliem<\/li>\n<\/ul>\n\n\n\n<p><br\/><br\/><br\/>Pieg\u0101des apjoms: 1 x litra pudele 1 x s\u016bk\u0146a smidzin\u0101\u0161anas galvi\u0146a 1 x produkta apraksts<\/p>\n<\/div>\n<\/div>\n\n<figure class=\"wp-block-image size-large is-resized\"><img fetchpriority=\"high\" decoding=\"async\" width=\"1300\" height=\"260\" src=\"https:\/\/www.versiegelung24.com\/wp-content\/uploads\/2022\/01\/bad_glas-1300x260.jpg\" alt=\"\" class=\"wp-image-59538\" style=\"width:1500px\" srcset=\"https:\/\/www.versiegelung24.com\/wp-content\/uploads\/2022\/01\/bad_glas-1300x260.jpg 1300w, https:\/\/www.versiegelung24.com\/wp-content\/uploads\/2022\/01\/bad_glas-300x60.jpg 300w, https:\/\/www.versiegelung24.com\/wp-content\/uploads\/2022\/01\/bad_glas-768x154.jpg 768w, https:\/\/www.versiegelung24.com\/wp-content\/uploads\/2022\/01\/bad_glas-600x120.jpg 600w, https:\/\/www.versiegelung24.com\/wp-content\/uploads\/2022\/01\/bad_glas.jpg 1500w\" sizes=\"(max-width: 1300px) 100vw, 1300px\" \/><\/figure>\n\n<h4 class=\"wp-block-heading\" id=\"application\">Pieteikums<\/h4>\n\n<div class=\"wp-block-columns is-layout-flex wp-container-core-columns-is-layout-9d6595d7 wp-block-columns-is-layout-flex\">\n<div class=\"wp-block-column is-layout-flow wp-block-column-is-layout-flow\">\n<ul class=\"wp-block-list\">\n<li>Logu stikls (no iek\u0161puses un \u0101rpuses)<\/li>\n\n\n\n<li>Stikla virsmas sanit\u0101raj\u0101 zon\u0101 (spogu\u013ci, du\u0161as kab\u012bnes)<\/li>\n\n\n\n<li>Celtniec\u012bbas stikls (ziemas d\u0101rzi, siltumn\u012bcas, nojumes, sienu stiklojums)<\/li>\n<\/ul>\n<\/div>\n\n\n\n<div class=\"wp-block-column is-layout-flow wp-block-column-is-layout-flow\">\n<ul class=\"wp-block-list\">\n<li>Glaz\u0113tas gr\u012bdas un sienas fl\u012bzes<\/li>\n\n\n\n<li>Stiklotas keramikas virsmas (tualetes, izlietnes, izlietnes, vannas)<\/li>\n<\/ul>\n\n\n\n<p>Pat\u0113ri\u0146\u0161 ir atkar\u012bgs no virsmas strukt\u016bras aptuveni 100-200m\u00b2\/l.<\/p>\n<\/div>\n<\/div>\n\n<p><\/p>\n","protected":false},"excerpt":{"rendered":"<p><strong>Augst\u0101k\u0101s kvalit\u0101tes stikla un keramikas bl\u012bv\u0113jums profesion\u0101l\u0101 kvalit\u0101t\u0113:<\/strong><\/p>\n<p>\u2713 ar papildu iztur\u012bbu<\/p>\n<p>\u2713Ra\u017eots V\u0101cij\u0101<\/p>\n","protected":false},"featured_media":17753,"template":"","meta":{"_acf_changed":false,"neve_meta_sidebar":"","neve_meta_container":"","neve_meta_enable_content_width":"","neve_meta_content_width":0,"neve_meta_title_alignment":"","neve_meta_author_avatar":"","neve_post_elements_order":"","neve_meta_disable_header":"","neve_meta_disable_footer":"","neve_meta_disable_title":"","neve_meta_reading_time":"","_surfaces":[],"_ver_product_tabs":[],"footnotes":""},"product_brand":[],"product_cat":[2306],"product_tag":[],"class_list":{"0":"post-23546","1":"product","2":"type-product","3":"status-publish","4":"has-post-thumbnail","6":"product_cat-stikla-un-keramikas-blivejums","7":"pa_gebinde-1000-ml-pudele","8":"pa_gebinde-20l-tvertne","10":"first","11":"instock","12":"taxable","13":"shipping-taxable","14":"purchasable","15":"product-type-variable","16":"has-default-attributes"},"acf":[],"yoast_head":"<!-- This site is optimized with the Yoast SEO Premium plugin v22.8 (Yoast SEO v27.5) - https:\/\/yoast.com\/product\/yoast-seo-premium-wordpress\/ -->\n<title>Augstas kvalit\u0101tes herm\u0113ti\u0137is stiklam un keramikai ar izcilu iztur\u012bbu - versiegelung24.com<\/title>\n<meta name=\"robots\" content=\"index, follow, max-snippet:-1, max-image-preview:large, max-video-preview:-1\" \/>\n<link rel=\"canonical\" href=\"https:\/\/www.versiegelung24.com\/lv\/augstakas-klases-stikla-un-keramikas-blivejums-ar-arkartigu-izturibu.html\" \/>\n<meta property=\"og:locale\" content=\"lv_LV\" \/>\n<meta property=\"og:type\" content=\"article\" \/>\n<meta property=\"og:title\" content=\"Augstas kvalit\u0101tes herm\u0113ti\u0137is stiklam un keramikai ar izcilu iztur\u012bbu\" \/>\n<meta property=\"og:description\" content=\"Augst\u0101k\u0101s kvalit\u0101tes stikla un keramikas bl\u012bv\u0113jums profesion\u0101l\u0101 kvalit\u0101t\u0113: \u2713 ar papildu iztur\u012bbu \u2713Ra\u017eots V\u0101cij\u0101\" \/>\n<meta property=\"og:url\" content=\"https:\/\/www.versiegelung24.com\/lv\/augstakas-klases-stikla-un-keramikas-blivejums-ar-arkartigu-izturibu.html\" \/>\n<meta property=\"og:site_name\" content=\"versiegelung24.com\" \/>\n<meta property=\"article:modified_time\" content=\"2025-01-03T22:44:31+00:00\" \/>\n<meta property=\"og:image\" content=\"https:\/\/www.versiegelung24.com\/wp-content\/uploads\/2020\/06\/produkt-1003-7601-1000-Premium-Versiegelung-Glas-Keramik-scaled.jpg\" \/>\n\t<meta property=\"og:image:width\" content=\"2560\" \/>\n\t<meta property=\"og:image:height\" content=\"2560\" \/>\n\t<meta property=\"og:image:type\" content=\"image\/jpeg\" \/>\n<meta name=\"twitter:card\" content=\"summary_large_image\" \/>\n<meta name=\"twitter:label1\" content=\"Availability\" \/>\n\t<meta name=\"twitter:data1\" content=\"In stock\" \/>\n<script type=\"application\/ld+json\" class=\"yoast-schema-graph\">{\"@context\":\"https:\\\/\\\/schema.org\",\"@graph\":[{\"@type\":\"WebPage\",\"@id\":\"https:\\\/\\\/www.versiegelung24.com\\\/lv\\\/augstakas-klases-stikla-un-keramikas-blivejums-ar-arkartigu-izturibu.html\",\"url\":\"https:\\\/\\\/www.versiegelung24.com\\\/lv\\\/augstakas-klases-stikla-un-keramikas-blivejums-ar-arkartigu-izturibu.html\",\"name\":\"Augstas kvalit\u0101tes herm\u0113ti\u0137is stiklam un keramikai ar izcilu iztur\u012bbu - versiegelung24.com\",\"isPartOf\":{\"@id\":\"https:\\\/\\\/www.versiegelung24.com\\\/lv\\\/#website\"},\"primaryImageOfPage\":{\"@id\":\"https:\\\/\\\/www.versiegelung24.com\\\/lv\\\/augstakas-klases-stikla-un-keramikas-blivejums-ar-arkartigu-izturibu.html#primaryimage\"},\"image\":{\"@id\":\"https:\\\/\\\/www.versiegelung24.com\\\/lv\\\/augstakas-klases-stikla-un-keramikas-blivejums-ar-arkartigu-izturibu.html#primaryimage\"},\"thumbnailUrl\":\"https:\\\/\\\/www.versiegelung24.com\\\/wp-content\\\/uploads\\\/2020\\\/06\\\/produkt-1003-7601-1000-Premium-Versiegelung-Glas-Keramik-scaled.jpg\",\"datePublished\":\"2020-04-04T16:53:42+00:00\",\"dateModified\":\"2025-01-03T22:44:31+00:00\",\"breadcrumb\":{\"@id\":\"https:\\\/\\\/www.versiegelung24.com\\\/lv\\\/augstakas-klases-stikla-un-keramikas-blivejums-ar-arkartigu-izturibu.html#breadcrumb\"},\"inLanguage\":\"lv-LV\",\"potentialAction\":[{\"@type\":\"ReadAction\",\"target\":[\"https:\\\/\\\/www.versiegelung24.com\\\/lv\\\/augstakas-klases-stikla-un-keramikas-blivejums-ar-arkartigu-izturibu.html\"]}]},{\"@type\":\"ImageObject\",\"inLanguage\":\"lv-LV\",\"@id\":\"https:\\\/\\\/www.versiegelung24.com\\\/lv\\\/augstakas-klases-stikla-un-keramikas-blivejums-ar-arkartigu-izturibu.html#primaryimage\",\"url\":\"https:\\\/\\\/www.versiegelung24.com\\\/wp-content\\\/uploads\\\/2020\\\/06\\\/produkt-1003-7601-1000-Premium-Versiegelung-Glas-Keramik-scaled.jpg\",\"contentUrl\":\"https:\\\/\\\/www.versiegelung24.com\\\/wp-content\\\/uploads\\\/2020\\\/06\\\/produkt-1003-7601-1000-Premium-Versiegelung-Glas-Keramik-scaled.jpg\",\"width\":2560,\"height\":2560},{\"@type\":\"BreadcrumbList\",\"@id\":\"https:\\\/\\\/www.versiegelung24.com\\\/lv\\\/augstakas-klases-stikla-un-keramikas-blivejums-ar-arkartigu-izturibu.html#breadcrumb\",\"itemListElement\":[{\"@type\":\"ListItem\",\"position\":1,\"name\":\"M\u0101jas lapa\",\"item\":\"https:\\\/\\\/www.versiegelung24.com\\\/lv\\\/prieksejais\\\/\"},{\"@type\":\"ListItem\",\"position\":2,\"name\":\"Veikals\",\"item\":\"https:\\\/\\\/www.versiegelung24.com\\\/lv\\\/veikals\\\/\"},{\"@type\":\"ListItem\",\"position\":3,\"name\":\"Augstas kvalit\u0101tes herm\u0113ti\u0137is stiklam un keramikai ar izcilu iztur\u012bbu\"}]},{\"@type\":\"WebSite\",\"@id\":\"https:\\\/\\\/www.versiegelung24.com\\\/lv\\\/#website\",\"url\":\"https:\\\/\\\/www.versiegelung24.com\\\/lv\\\/\",\"name\":\"versiegelung24.com\",\"description\":\"Fl\u00fcssigglas-Versiegelung - Made in Germany\",\"publisher\":{\"@id\":\"https:\\\/\\\/www.versiegelung24.com\\\/lv\\\/#organization\"},\"potentialAction\":[{\"@type\":\"SearchAction\",\"target\":{\"@type\":\"EntryPoint\",\"urlTemplate\":\"https:\\\/\\\/www.versiegelung24.com\\\/lv\\\/?s={search_term_string}\"},\"query-input\":{\"@type\":\"PropertyValueSpecification\",\"valueRequired\":true,\"valueName\":\"search_term_string\"}}],\"inLanguage\":\"lv-LV\"},{\"@type\":\"Organization\",\"@id\":\"https:\\\/\\\/www.versiegelung24.com\\\/lv\\\/#organization\",\"name\":\"versiegelung24\",\"url\":\"https:\\\/\\\/www.versiegelung24.com\\\/lv\\\/\",\"logo\":{\"@type\":\"ImageObject\",\"inLanguage\":\"lv-LV\",\"@id\":\"https:\\\/\\\/www.versiegelung24.com\\\/lv\\\/#\\\/schema\\\/logo\\\/image\\\/\",\"url\":\"https:\\\/\\\/www.versiegelung24.com\\\/wp-content\\\/uploads\\\/2020\\\/04\\\/versiegelung24.png\",\"contentUrl\":\"https:\\\/\\\/www.versiegelung24.com\\\/wp-content\\\/uploads\\\/2020\\\/04\\\/versiegelung24.png\",\"width\":470,\"height\":102,\"caption\":\"versiegelung24\"},\"image\":{\"@id\":\"https:\\\/\\\/www.versiegelung24.com\\\/lv\\\/#\\\/schema\\\/logo\\\/image\\\/\"}}]}<\/script>\n<meta property=\"og:availability\" content=\"instock\" \/>\n<meta property=\"product:availability\" content=\"instock\" \/>\n<meta property=\"product:retailer_item_id\" content=\"1003-7601\" \/>\n<meta property=\"product:condition\" content=\"new\" \/>\n<!-- \/ Yoast SEO Premium plugin. -->","yoast_head_json":{"title":"Augstas kvalit\u0101tes herm\u0113ti\u0137is stiklam un keramikai ar izcilu iztur\u012bbu - versiegelung24.com","robots":{"index":"index","follow":"follow","max-snippet":"max-snippet:-1","max-image-preview":"max-image-preview:large","max-video-preview":"max-video-preview:-1"},"canonical":"https:\/\/www.versiegelung24.com\/lv\/augstakas-klases-stikla-un-keramikas-blivejums-ar-arkartigu-izturibu.html","og_locale":"lv_LV","og_type":"article","og_title":"Augstas kvalit\u0101tes herm\u0113ti\u0137is stiklam un keramikai ar izcilu iztur\u012bbu","og_description":"Augst\u0101k\u0101s kvalit\u0101tes stikla un keramikas bl\u012bv\u0113jums profesion\u0101l\u0101 kvalit\u0101t\u0113: \u2713 ar papildu iztur\u012bbu \u2713Ra\u017eots V\u0101cij\u0101","og_url":"https:\/\/www.versiegelung24.com\/lv\/augstakas-klases-stikla-un-keramikas-blivejums-ar-arkartigu-izturibu.html","og_site_name":"versiegelung24.com","article_modified_time":"2025-01-03T22:44:31+00:00","og_image":[{"width":2560,"height":2560,"url":"https:\/\/www.versiegelung24.com\/wp-content\/uploads\/2020\/06\/produkt-1003-7601-1000-Premium-Versiegelung-Glas-Keramik-scaled.jpg","type":"image\/jpeg"}],"twitter_card":"summary_large_image","twitter_misc":{"Availability":"In stock"},"schema":{"@context":"https:\/\/schema.org","@graph":[{"@type":"WebPage","@id":"https:\/\/www.versiegelung24.com\/lv\/augstakas-klases-stikla-un-keramikas-blivejums-ar-arkartigu-izturibu.html","url":"https:\/\/www.versiegelung24.com\/lv\/augstakas-klases-stikla-un-keramikas-blivejums-ar-arkartigu-izturibu.html","name":"Augstas kvalit\u0101tes herm\u0113ti\u0137is stiklam un keramikai ar izcilu iztur\u012bbu - versiegelung24.com","isPartOf":{"@id":"https:\/\/www.versiegelung24.com\/lv\/#website"},"primaryImageOfPage":{"@id":"https:\/\/www.versiegelung24.com\/lv\/augstakas-klases-stikla-un-keramikas-blivejums-ar-arkartigu-izturibu.html#primaryimage"},"image":{"@id":"https:\/\/www.versiegelung24.com\/lv\/augstakas-klases-stikla-un-keramikas-blivejums-ar-arkartigu-izturibu.html#primaryimage"},"thumbnailUrl":"https:\/\/www.versiegelung24.com\/wp-content\/uploads\/2020\/06\/produkt-1003-7601-1000-Premium-Versiegelung-Glas-Keramik-scaled.jpg","datePublished":"2020-04-04T16:53:42+00:00","dateModified":"2025-01-03T22:44:31+00:00","breadcrumb":{"@id":"https:\/\/www.versiegelung24.com\/lv\/augstakas-klases-stikla-un-keramikas-blivejums-ar-arkartigu-izturibu.html#breadcrumb"},"inLanguage":"lv-LV","potentialAction":[{"@type":"ReadAction","target":["https:\/\/www.versiegelung24.com\/lv\/augstakas-klases-stikla-un-keramikas-blivejums-ar-arkartigu-izturibu.html"]}]},{"@type":"ImageObject","inLanguage":"lv-LV","@id":"https:\/\/www.versiegelung24.com\/lv\/augstakas-klases-stikla-un-keramikas-blivejums-ar-arkartigu-izturibu.html#primaryimage","url":"https:\/\/www.versiegelung24.com\/wp-content\/uploads\/2020\/06\/produkt-1003-7601-1000-Premium-Versiegelung-Glas-Keramik-scaled.jpg","contentUrl":"https:\/\/www.versiegelung24.com\/wp-content\/uploads\/2020\/06\/produkt-1003-7601-1000-Premium-Versiegelung-Glas-Keramik-scaled.jpg","width":2560,"height":2560},{"@type":"BreadcrumbList","@id":"https:\/\/www.versiegelung24.com\/lv\/augstakas-klases-stikla-un-keramikas-blivejums-ar-arkartigu-izturibu.html#breadcrumb","itemListElement":[{"@type":"ListItem","position":1,"name":"M\u0101jas lapa","item":"https:\/\/www.versiegelung24.com\/lv\/prieksejais\/"},{"@type":"ListItem","position":2,"name":"Veikals","item":"https:\/\/www.versiegelung24.com\/lv\/veikals\/"},{"@type":"ListItem","position":3,"name":"Augstas kvalit\u0101tes herm\u0113ti\u0137is stiklam un keramikai ar izcilu iztur\u012bbu"}]},{"@type":"WebSite","@id":"https:\/\/www.versiegelung24.com\/lv\/#website","url":"https:\/\/www.versiegelung24.com\/lv\/","name":"versiegelung24.com","description":"Fl\u00fcssigglas-Versiegelung - Made in Germany","publisher":{"@id":"https:\/\/www.versiegelung24.com\/lv\/#organization"},"potentialAction":[{"@type":"SearchAction","target":{"@type":"EntryPoint","urlTemplate":"https:\/\/www.versiegelung24.com\/lv\/?s={search_term_string}"},"query-input":{"@type":"PropertyValueSpecification","valueRequired":true,"valueName":"search_term_string"}}],"inLanguage":"lv-LV"},{"@type":"Organization","@id":"https:\/\/www.versiegelung24.com\/lv\/#organization","name":"versiegelung24","url":"https:\/\/www.versiegelung24.com\/lv\/","logo":{"@type":"ImageObject","inLanguage":"lv-LV","@id":"https:\/\/www.versiegelung24.com\/lv\/#\/schema\/logo\/image\/","url":"https:\/\/www.versiegelung24.com\/wp-content\/uploads\/2020\/04\/versiegelung24.png","contentUrl":"https:\/\/www.versiegelung24.com\/wp-content\/uploads\/2020\/04\/versiegelung24.png","width":470,"height":102,"caption":"versiegelung24"},"image":{"@id":"https:\/\/www.versiegelung24.com\/lv\/#\/schema\/logo\/image\/"}}]},"og_availability":"instock","product_availability":"instock","product_retailer_item_id":"1003-7601","product_condition":"new"},"_links":{"self":[{"href":"https:\/\/www.versiegelung24.com\/lv\/wp-json\/wp\/v2\/product\/23546","targetHints":{"allow":["GET"]}}],"collection":[{"href":"https:\/\/www.versiegelung24.com\/lv\/wp-json\/wp\/v2\/product"}],"about":[{"href":"https:\/\/www.versiegelung24.com\/lv\/wp-json\/wp\/v2\/types\/product"}],"version-history":[{"count":28,"href":"https:\/\/www.versiegelung24.com\/lv\/wp-json\/wp\/v2\/product\/23546\/revisions"}],"predecessor-version":[{"id":177606,"href":"https:\/\/www.versiegelung24.com\/lv\/wp-json\/wp\/v2\/product\/23546\/revisions\/177606"}],"wp:featuredmedia":[{"embeddable":true,"href":"https:\/\/www.versiegelung24.com\/lv\/wp-json\/wp\/v2\/media\/17753"}],"wp:attachment":[{"href":"https:\/\/www.versiegelung24.com\/lv\/wp-json\/wp\/v2\/media?parent=23546"}],"wp:term":[{"taxonomy":"product_brand","embeddable":true,"href":"https:\/\/www.versiegelung24.com\/lv\/wp-json\/wp\/v2\/product_brand?post=23546"},{"taxonomy":"product_cat","embeddable":true,"href":"https:\/\/www.versiegelung24.com\/lv\/wp-json\/wp\/v2\/product_cat?post=23546"},{"taxonomy":"product_tag","embeddable":true,"href":"https:\/\/www.versiegelung24.com\/lv\/wp-json\/wp\/v2\/product_tag?post=23546"}],"curies":[{"name":"wp","href":"https:\/\/api.w.org\/{rel}","templated":true}]}}