{"id":23554,"date":"2020-04-04T18:53:44","date_gmt":"2021-08-02T19:43:56","guid":{"rendered":"https:\/\/www.versiegelung24.com\/produkt\/universals-blivejums-673-cietam-neabsorbejosam-virsmam-krasa-plastmasa-stikls-keramika-metals-nerusejosais-terauds"},"modified":"2025-01-04T00:14:10","modified_gmt":"2025-01-03T23:14:10","slug":"universals-blivejums-673-cietam-neabsorbejosam-virsmam-lakam-plastmasai-stiklam-keramikai-metalam-nerusejosam-teraudam","status":"publish","type":"product","link":"https:\/\/www.versiegelung24.com\/lv\/universals-blivejums-673-cietam-neabsorbejosam-virsmam-krasa-plastmasa-stikls-keramika-metals-nerusejosais-terauds.html","title":{"rendered":"Univers\u0101ls bl\u012bv\u0113jums 673 &#8220;ciet\u0101m&#8221; \/ neabsorb\u0113jo\u0161\u0101m virsm\u0101m (kr\u0101sa \/ plastmasa +++, stikls \/ keramika ++, met\u0101ls \/ ner\u016bs\u0113jo\u0161ais t\u0113rauds ++)"},"content":{"rendered":"\n<p><strong>Univers\u0101ls bl\u012bv\u0113jums &#8220;ciet\u0101m&#8221; \/ neabsorb\u0113jo\u0161\u0101m virsm\u0101m profesion\u0101l\u0101 kvalit\u0101t\u0113 &#8211; Ra\u017eots V\u0101cij\u0101<\/strong><\/p>\n\n<p>Ide\u0101li piem\u0113rots plastmasai un kr\u0101sot\u0101m virsm\u0101m (sl\u0101\u0146ojams), var izmantot ar\u012b uz stikla \/ keramikas; Met\u0101ls un ner\u016bs\u0113jo\u0161ais t\u0113rauds<\/p>\n\n<p>Preces numurs: 4004-673<\/p>\n\n<p>Augsta kvalit\u0101te Ra\u017eots V\u0101cij\u0101<\/p>\n\n<p><strong>V24 univers\u0101lais bl\u012bv\u0113jums 4004-673<\/strong> ir uz spirta balst\u012bta sist\u0113ma, kas rada \u012bslaic\u012bgu viegli t\u012br\u0101mu efektu uz stikla un keramikas virsm\u0101m, k\u0101 ar\u012b uz noteikt\u0101m met\u0101la virsm\u0101m (hroms, ner\u016bs\u0113jo\u0161ais t\u0113rauds, alum\u012bnijs). Noberztais materi\u0101ls uz virsmas veido pl\u0101nu pl\u0113vi, kas samazina net\u012brumu un sve\u0161\u0137erme\u0146u sa\u0137eri un \u013cauj \u016bdenim vienk\u0101r\u0161i nokrist. P\u0101rkl\u0101tas virsmas ir \u012bpa\u0161i viegli t\u012br\u0101mas un maz\u0101k net\u012bras.<\/p>\n\n<hr\/>\n\n<h4 class=\"wp-block-heading\" id=\"properties\">Produkta \u012bpa\u0161\u012bbas<\/h4>\n\n<div class=\"wp-block-columns is-layout-flex wp-container-core-columns-is-layout-9d6595d7 wp-block-columns-is-layout-flex\">\n<div class=\"wp-block-column is-layout-flow wp-block-column-is-layout-flow\">\n<figure class=\"wp-block-table is-style-stripes\"><table><tbody><tr><td class=\"has-text-align-center\" data-align=\"center\">\u0136\u012bmija:<\/td><td class=\"has-text-align-center\" data-align=\"center\">Neorganiski-organiskais polim\u0113rs, bez halog\u0113niem, bez fluora<\/td><\/tr><tr><td class=\"has-text-align-center\" data-align=\"center\">Apraksts:<\/td><td class=\"has-text-align-center\" data-align=\"center\">Univers\u0101ls herm\u0113ti\u0137is<\/td><\/tr><tr><td class=\"has-text-align-center\" data-align=\"center\">Izskats:<\/td><td class=\"has-text-align-center\" data-align=\"center\">\u0160\u0137idrs, bezkr\u0101sains &#8211; roz\u0101<\/td><\/tr><tr><td class=\"has-text-align-center\" data-align=\"center\">At\u0161\u0137aid\u012b\u0161ana: <\/td><td class=\"has-text-align-center\" data-align=\"center\">At\u0161\u0137aid\u012bts, gatavs lieto\u0161anai<\/td><\/tr><tr><td class=\"has-text-align-center\" data-align=\"center\">Koncentr\u0101cija: <\/td><td class=\"has-text-align-center\" data-align=\"center\">0,5-1,5% no svara<\/td><\/tr><tr><td class=\"has-text-align-center\" data-align=\"center\">Apstr\u0101de:<\/td><td class=\"has-text-align-center\" data-align=\"center\">Svar\u012bga inform\u0101cija par lieto\u0161anu un dro\u0161\u012bbu ir atrodama pa\u0161reiz\u0113j\u0101 dro\u0161\u012bbas datu lap\u0101. Apstr\u0101des laik\u0101 j\u0101izmanto piem\u0113roti individu\u0101lie aizsardz\u012bbas l\u012bdzek\u013ci.<\/td><\/tr><\/tbody><\/table><\/figure>\n<\/div>\n\n\n\n<div class=\"wp-block-column is-layout-flow wp-block-column-is-layout-flow\">\n<p><br\/><br\/>Pieg\u0101des apjoms: 1 x litra pudele 1 x s\u016bk\u0146a smidzin\u0101\u0161anas galvi\u0146a<\/p>\n<\/div>\n<\/div>\n\n<hr\/>\n\n<h4 class=\"wp-block-heading\" id=\"h-ratgeber\">Konsultants<\/h4>\n\n<p>M\u016bsu univers\u0101lie bl\u012bv\u0113jumi ir \u012bpa\u0161i piem\u0113roti dari-pats sektoram.<\/p>\n\n<p>Tie apvieno profesion\u0101lu darb\u012bbas veidu uz da\u017e\u0101d\u0101m virsm\u0101m ar vieglu apstr\u0101di uzkl\u0101\u0161anas laik\u0101. Un tas viss, nepie\u013caujot lielus kompromisus kvalit\u0101tes zi\u0146\u0101.<\/p>\n\n<p>T\u0101d\u0101 veid\u0101 var uzkl\u0101t uz vair\u0101kiem materi\u0101liem tikai ar vienu univers\u0101lu herm\u0113ti\u0137i un pan\u0101kt ar\u012b kvalitat\u012bvu efektu un ilgu notur\u012bbu.<\/p>\n\n<p>Tom\u0113r komerci\u0101liem un r\u016bpnieciskiem lietojumiem, kur uz noteiktas virsmas ir j\u0101sasniedz augst\u0101kais iesp\u0113jamais veiktsp\u0113jas l\u012bmenis, m\u0113s iesak\u0101m izmantot m\u016bsu \u012bpa\u0161o apdari \u0161ai virsmai.<\/p>\n","protected":false},"excerpt":{"rendered":"<p><strong>\u013boti efekt\u012bvs profesion\u0101ls univers\u0101ls herm\u0113ti\u0137is &#8220;ciet\u0101m&#8221;\/neabsorb\u0113jo\u0161\u0101m virsm\u0101m, piem\u0113ram:<\/strong><\/p>\n<p>\u2713 Stikls<\/p>\n<p>\u2713 Keramikas virsmas<\/p>\n<p>\u2713 Plastmasas virsmas<\/p>\n<p>\u2713 Met\u0101la virsmas<\/p>\n<p>\u2713 Ar viegli t\u012br\u0101mu efektu<\/p>\n","protected":false},"featured_media":18221,"template":"","meta":{"_acf_changed":false,"neve_meta_sidebar":"","neve_meta_container":"","neve_meta_enable_content_width":"","neve_meta_content_width":0,"neve_meta_title_alignment":"","neve_meta_author_avatar":"","neve_post_elements_order":"","neve_meta_disable_header":"","neve_meta_disable_footer":"","neve_meta_disable_title":"","neve_meta_reading_time":"","_surfaces":[],"_ver_product_tabs":[],"footnotes":""},"product_brand":[],"product_cat":[2475],"product_tag":[],"class_list":{"0":"post-23554","1":"product","2":"type-product","3":"status-publish","4":"has-post-thumbnail","6":"product_cat-universals-blivejums","8":"first","9":"instock","10":"taxable","11":"shipping-taxable","12":"purchasable","13":"product-type-simple"},"acf":[],"yoast_head":"<!-- This site is optimized with the Yoast SEO Premium plugin v22.8 (Yoast SEO v27.5) - https:\/\/yoast.com\/product\/yoast-seo-premium-wordpress\/ -->\n<title>Univers\u0101ls bl\u012bv\u0113jums 673 &quot;ciet\u0101m&quot; \/ neabsorb\u0113jo\u0161\u0101m virsm\u0101m (kr\u0101sa \/ plastmasa +++, stikls \/ keramika ++, met\u0101ls \/ ner\u016bs\u0113jo\u0161ais t\u0113rauds ++) - versiegelung24.com<\/title>\n<meta name=\"robots\" content=\"index, follow, max-snippet:-1, max-image-preview:large, max-video-preview:-1\" \/>\n<link rel=\"canonical\" href=\"https:\/\/www.versiegelung24.com\/lv\/universals-blivejums-673-cietam-neabsorbejosam-virsmam-krasa-plastmasa-stikls-keramika-metals-nerusejosais-terauds.html\" \/>\n<meta property=\"og:locale\" content=\"lv_LV\" \/>\n<meta property=\"og:type\" content=\"article\" \/>\n<meta property=\"og:title\" content=\"Univers\u0101ls bl\u012bv\u0113jums 673 &quot;ciet\u0101m&quot; \/ neabsorb\u0113jo\u0161\u0101m virsm\u0101m (kr\u0101sa \/ plastmasa +++, stikls \/ keramika ++, met\u0101ls \/ ner\u016bs\u0113jo\u0161ais t\u0113rauds ++)\" \/>\n<meta property=\"og:description\" content=\"\u013boti efekt\u012bvs profesion\u0101ls univers\u0101ls herm\u0113ti\u0137is &quot;ciet\u0101m&quot;\/neabsorb\u0113jo\u0161\u0101m virsm\u0101m, piem\u0113ram: \u2713 Stikls \u2713 Keramikas virsmas \u2713 Plastmasas virsmas \u2713 Met\u0101la virsmas \u2713 Ar viegli t\u012br\u0101mu efektu\" \/>\n<meta property=\"og:url\" content=\"https:\/\/www.versiegelung24.com\/lv\/universals-blivejums-673-cietam-neabsorbejosam-virsmam-krasa-plastmasa-stikls-keramika-metals-nerusejosais-terauds.html\" \/>\n<meta property=\"og:site_name\" content=\"versiegelung24.com\" \/>\n<meta property=\"article:modified_time\" content=\"2025-01-03T23:14:10+00:00\" \/>\n<meta property=\"og:image\" content=\"https:\/\/www.versiegelung24.com\/wp-content\/uploads\/2020\/06\/produkt-4004-673-1000-Universalversiegelung-673-scaled.jpg\" \/>\n\t<meta property=\"og:image:width\" content=\"2560\" \/>\n\t<meta property=\"og:image:height\" content=\"2560\" \/>\n\t<meta property=\"og:image:type\" content=\"image\/jpeg\" \/>\n<meta name=\"twitter:card\" content=\"summary_large_image\" \/>\n<meta name=\"twitter:label1\" content=\"Price\" \/>\n\t<meta name=\"twitter:data1\" content=\"99,00&euro;\" \/>\n\t<meta name=\"twitter:label2\" content=\"Availability\" \/>\n\t<meta name=\"twitter:data2\" content=\"In stock\" \/>\n<script type=\"application\/ld+json\" class=\"yoast-schema-graph\">{\"@context\":\"https:\\\/\\\/schema.org\",\"@graph\":[{\"@type\":\"WebPage\",\"@id\":\"https:\\\/\\\/www.versiegelung24.com\\\/lv\\\/universals-blivejums-673-cietam-neabsorbejosam-virsmam-krasa-plastmasa-stikls-keramika-metals-nerusejosais-terauds.html\",\"url\":\"https:\\\/\\\/www.versiegelung24.com\\\/lv\\\/universals-blivejums-673-cietam-neabsorbejosam-virsmam-krasa-plastmasa-stikls-keramika-metals-nerusejosais-terauds.html\",\"name\":\"Univers\u0101ls bl\u012bv\u0113jums 673 \\\"ciet\u0101m\\\" \\\/ neabsorb\u0113jo\u0161\u0101m virsm\u0101m (kr\u0101sa \\\/ plastmasa +++, stikls \\\/ keramika ++, met\u0101ls \\\/ ner\u016bs\u0113jo\u0161ais t\u0113rauds ++) - versiegelung24.com\",\"isPartOf\":{\"@id\":\"https:\\\/\\\/www.versiegelung24.com\\\/lv\\\/#website\"},\"primaryImageOfPage\":{\"@id\":\"https:\\\/\\\/www.versiegelung24.com\\\/lv\\\/universals-blivejums-673-cietam-neabsorbejosam-virsmam-krasa-plastmasa-stikls-keramika-metals-nerusejosais-terauds.html#primaryimage\"},\"image\":{\"@id\":\"https:\\\/\\\/www.versiegelung24.com\\\/lv\\\/universals-blivejums-673-cietam-neabsorbejosam-virsmam-krasa-plastmasa-stikls-keramika-metals-nerusejosais-terauds.html#primaryimage\"},\"thumbnailUrl\":\"https:\\\/\\\/www.versiegelung24.com\\\/wp-content\\\/uploads\\\/2020\\\/06\\\/produkt-4004-673-1000-Universalversiegelung-673-scaled.jpg\",\"datePublished\":\"2021-08-02T19:43:56+00:00\",\"dateModified\":\"2025-01-03T23:14:10+00:00\",\"breadcrumb\":{\"@id\":\"https:\\\/\\\/www.versiegelung24.com\\\/lv\\\/universals-blivejums-673-cietam-neabsorbejosam-virsmam-krasa-plastmasa-stikls-keramika-metals-nerusejosais-terauds.html#breadcrumb\"},\"inLanguage\":\"lv-LV\",\"potentialAction\":[{\"@type\":\"ReadAction\",\"target\":[\"https:\\\/\\\/www.versiegelung24.com\\\/lv\\\/universals-blivejums-673-cietam-neabsorbejosam-virsmam-krasa-plastmasa-stikls-keramika-metals-nerusejosais-terauds.html\"]}]},{\"@type\":\"ImageObject\",\"inLanguage\":\"lv-LV\",\"@id\":\"https:\\\/\\\/www.versiegelung24.com\\\/lv\\\/universals-blivejums-673-cietam-neabsorbejosam-virsmam-krasa-plastmasa-stikls-keramika-metals-nerusejosais-terauds.html#primaryimage\",\"url\":\"https:\\\/\\\/www.versiegelung24.com\\\/wp-content\\\/uploads\\\/2020\\\/06\\\/produkt-4004-673-1000-Universalversiegelung-673-scaled.jpg\",\"contentUrl\":\"https:\\\/\\\/www.versiegelung24.com\\\/wp-content\\\/uploads\\\/2020\\\/06\\\/produkt-4004-673-1000-Universalversiegelung-673-scaled.jpg\",\"width\":2560,\"height\":2560},{\"@type\":\"BreadcrumbList\",\"@id\":\"https:\\\/\\\/www.versiegelung24.com\\\/lv\\\/universals-blivejums-673-cietam-neabsorbejosam-virsmam-krasa-plastmasa-stikls-keramika-metals-nerusejosais-terauds.html#breadcrumb\",\"itemListElement\":[{\"@type\":\"ListItem\",\"position\":1,\"name\":\"M\u0101jas lapa\",\"item\":\"https:\\\/\\\/www.versiegelung24.com\\\/lv\\\/prieksejais\\\/\"},{\"@type\":\"ListItem\",\"position\":2,\"name\":\"Veikals\",\"item\":\"https:\\\/\\\/www.versiegelung24.com\\\/lv\\\/veikals\\\/\"},{\"@type\":\"ListItem\",\"position\":3,\"name\":\"Univers\u0101ls bl\u012bv\u0113jums 673 &#8220;ciet\u0101m&#8221; \\\/ neabsorb\u0113jo\u0161\u0101m virsm\u0101m (kr\u0101sa \\\/ plastmasa +++, stikls \\\/ keramika ++, met\u0101ls \\\/ ner\u016bs\u0113jo\u0161ais t\u0113rauds ++)\"}]},{\"@type\":\"WebSite\",\"@id\":\"https:\\\/\\\/www.versiegelung24.com\\\/lv\\\/#website\",\"url\":\"https:\\\/\\\/www.versiegelung24.com\\\/lv\\\/\",\"name\":\"versiegelung24.com\",\"description\":\"Fl\u00fcssigglas-Versiegelung - Made in Germany\",\"publisher\":{\"@id\":\"https:\\\/\\\/www.versiegelung24.com\\\/lv\\\/#organization\"},\"potentialAction\":[{\"@type\":\"SearchAction\",\"target\":{\"@type\":\"EntryPoint\",\"urlTemplate\":\"https:\\\/\\\/www.versiegelung24.com\\\/lv\\\/?s={search_term_string}\"},\"query-input\":{\"@type\":\"PropertyValueSpecification\",\"valueRequired\":true,\"valueName\":\"search_term_string\"}}],\"inLanguage\":\"lv-LV\"},{\"@type\":\"Organization\",\"@id\":\"https:\\\/\\\/www.versiegelung24.com\\\/lv\\\/#organization\",\"name\":\"versiegelung24\",\"url\":\"https:\\\/\\\/www.versiegelung24.com\\\/lv\\\/\",\"logo\":{\"@type\":\"ImageObject\",\"inLanguage\":\"lv-LV\",\"@id\":\"https:\\\/\\\/www.versiegelung24.com\\\/lv\\\/#\\\/schema\\\/logo\\\/image\\\/\",\"url\":\"https:\\\/\\\/www.versiegelung24.com\\\/wp-content\\\/uploads\\\/2020\\\/04\\\/versiegelung24.png\",\"contentUrl\":\"https:\\\/\\\/www.versiegelung24.com\\\/wp-content\\\/uploads\\\/2020\\\/04\\\/versiegelung24.png\",\"width\":470,\"height\":102,\"caption\":\"versiegelung24\"},\"image\":{\"@id\":\"https:\\\/\\\/www.versiegelung24.com\\\/lv\\\/#\\\/schema\\\/logo\\\/image\\\/\"}}]}<\/script>\n<meta property=\"product:price:amount\" content=\"99.00\" \/>\n<meta property=\"product:price:currency\" content=\"EUR\" \/>\n<meta property=\"og:availability\" content=\"instock\" \/>\n<meta property=\"product:availability\" content=\"instock\" \/>\n<meta property=\"product:retailer_item_id\" content=\"4004-673-1000\" \/>\n<meta property=\"product:condition\" content=\"new\" \/>\n<!-- \/ Yoast SEO Premium plugin. -->","yoast_head_json":{"title":"Univers\u0101ls bl\u012bv\u0113jums 673 \"ciet\u0101m\" \/ neabsorb\u0113jo\u0161\u0101m virsm\u0101m (kr\u0101sa \/ plastmasa +++, stikls \/ keramika ++, met\u0101ls \/ ner\u016bs\u0113jo\u0161ais t\u0113rauds ++) - versiegelung24.com","robots":{"index":"index","follow":"follow","max-snippet":"max-snippet:-1","max-image-preview":"max-image-preview:large","max-video-preview":"max-video-preview:-1"},"canonical":"https:\/\/www.versiegelung24.com\/lv\/universals-blivejums-673-cietam-neabsorbejosam-virsmam-krasa-plastmasa-stikls-keramika-metals-nerusejosais-terauds.html","og_locale":"lv_LV","og_type":"article","og_title":"Univers\u0101ls bl\u012bv\u0113jums 673 \"ciet\u0101m\" \/ neabsorb\u0113jo\u0161\u0101m virsm\u0101m (kr\u0101sa \/ plastmasa +++, stikls \/ keramika ++, met\u0101ls \/ ner\u016bs\u0113jo\u0161ais t\u0113rauds ++)","og_description":"\u013boti efekt\u012bvs profesion\u0101ls univers\u0101ls herm\u0113ti\u0137is \"ciet\u0101m\"\/neabsorb\u0113jo\u0161\u0101m virsm\u0101m, piem\u0113ram: \u2713 Stikls \u2713 Keramikas virsmas \u2713 Plastmasas virsmas \u2713 Met\u0101la virsmas \u2713 Ar viegli t\u012br\u0101mu efektu","og_url":"https:\/\/www.versiegelung24.com\/lv\/universals-blivejums-673-cietam-neabsorbejosam-virsmam-krasa-plastmasa-stikls-keramika-metals-nerusejosais-terauds.html","og_site_name":"versiegelung24.com","article_modified_time":"2025-01-03T23:14:10+00:00","og_image":[{"width":2560,"height":2560,"url":"https:\/\/www.versiegelung24.com\/wp-content\/uploads\/2020\/06\/produkt-4004-673-1000-Universalversiegelung-673-scaled.jpg","type":"image\/jpeg"}],"twitter_card":"summary_large_image","twitter_misc":{"Price":"99,00&euro;","Availability":"In stock"},"schema":{"@context":"https:\/\/schema.org","@graph":[{"@type":"WebPage","@id":"https:\/\/www.versiegelung24.com\/lv\/universals-blivejums-673-cietam-neabsorbejosam-virsmam-krasa-plastmasa-stikls-keramika-metals-nerusejosais-terauds.html","url":"https:\/\/www.versiegelung24.com\/lv\/universals-blivejums-673-cietam-neabsorbejosam-virsmam-krasa-plastmasa-stikls-keramika-metals-nerusejosais-terauds.html","name":"Univers\u0101ls bl\u012bv\u0113jums 673 \"ciet\u0101m\" \/ neabsorb\u0113jo\u0161\u0101m virsm\u0101m (kr\u0101sa \/ plastmasa +++, stikls \/ keramika ++, met\u0101ls \/ ner\u016bs\u0113jo\u0161ais t\u0113rauds ++) - versiegelung24.com","isPartOf":{"@id":"https:\/\/www.versiegelung24.com\/lv\/#website"},"primaryImageOfPage":{"@id":"https:\/\/www.versiegelung24.com\/lv\/universals-blivejums-673-cietam-neabsorbejosam-virsmam-krasa-plastmasa-stikls-keramika-metals-nerusejosais-terauds.html#primaryimage"},"image":{"@id":"https:\/\/www.versiegelung24.com\/lv\/universals-blivejums-673-cietam-neabsorbejosam-virsmam-krasa-plastmasa-stikls-keramika-metals-nerusejosais-terauds.html#primaryimage"},"thumbnailUrl":"https:\/\/www.versiegelung24.com\/wp-content\/uploads\/2020\/06\/produkt-4004-673-1000-Universalversiegelung-673-scaled.jpg","datePublished":"2021-08-02T19:43:56+00:00","dateModified":"2025-01-03T23:14:10+00:00","breadcrumb":{"@id":"https:\/\/www.versiegelung24.com\/lv\/universals-blivejums-673-cietam-neabsorbejosam-virsmam-krasa-plastmasa-stikls-keramika-metals-nerusejosais-terauds.html#breadcrumb"},"inLanguage":"lv-LV","potentialAction":[{"@type":"ReadAction","target":["https:\/\/www.versiegelung24.com\/lv\/universals-blivejums-673-cietam-neabsorbejosam-virsmam-krasa-plastmasa-stikls-keramika-metals-nerusejosais-terauds.html"]}]},{"@type":"ImageObject","inLanguage":"lv-LV","@id":"https:\/\/www.versiegelung24.com\/lv\/universals-blivejums-673-cietam-neabsorbejosam-virsmam-krasa-plastmasa-stikls-keramika-metals-nerusejosais-terauds.html#primaryimage","url":"https:\/\/www.versiegelung24.com\/wp-content\/uploads\/2020\/06\/produkt-4004-673-1000-Universalversiegelung-673-scaled.jpg","contentUrl":"https:\/\/www.versiegelung24.com\/wp-content\/uploads\/2020\/06\/produkt-4004-673-1000-Universalversiegelung-673-scaled.jpg","width":2560,"height":2560},{"@type":"BreadcrumbList","@id":"https:\/\/www.versiegelung24.com\/lv\/universals-blivejums-673-cietam-neabsorbejosam-virsmam-krasa-plastmasa-stikls-keramika-metals-nerusejosais-terauds.html#breadcrumb","itemListElement":[{"@type":"ListItem","position":1,"name":"M\u0101jas lapa","item":"https:\/\/www.versiegelung24.com\/lv\/prieksejais\/"},{"@type":"ListItem","position":2,"name":"Veikals","item":"https:\/\/www.versiegelung24.com\/lv\/veikals\/"},{"@type":"ListItem","position":3,"name":"Univers\u0101ls bl\u012bv\u0113jums 673 &#8220;ciet\u0101m&#8221; \/ neabsorb\u0113jo\u0161\u0101m virsm\u0101m (kr\u0101sa \/ plastmasa +++, stikls \/ keramika ++, met\u0101ls \/ ner\u016bs\u0113jo\u0161ais t\u0113rauds ++)"}]},{"@type":"WebSite","@id":"https:\/\/www.versiegelung24.com\/lv\/#website","url":"https:\/\/www.versiegelung24.com\/lv\/","name":"versiegelung24.com","description":"Fl\u00fcssigglas-Versiegelung - Made in Germany","publisher":{"@id":"https:\/\/www.versiegelung24.com\/lv\/#organization"},"potentialAction":[{"@type":"SearchAction","target":{"@type":"EntryPoint","urlTemplate":"https:\/\/www.versiegelung24.com\/lv\/?s={search_term_string}"},"query-input":{"@type":"PropertyValueSpecification","valueRequired":true,"valueName":"search_term_string"}}],"inLanguage":"lv-LV"},{"@type":"Organization","@id":"https:\/\/www.versiegelung24.com\/lv\/#organization","name":"versiegelung24","url":"https:\/\/www.versiegelung24.com\/lv\/","logo":{"@type":"ImageObject","inLanguage":"lv-LV","@id":"https:\/\/www.versiegelung24.com\/lv\/#\/schema\/logo\/image\/","url":"https:\/\/www.versiegelung24.com\/wp-content\/uploads\/2020\/04\/versiegelung24.png","contentUrl":"https:\/\/www.versiegelung24.com\/wp-content\/uploads\/2020\/04\/versiegelung24.png","width":470,"height":102,"caption":"versiegelung24"},"image":{"@id":"https:\/\/www.versiegelung24.com\/lv\/#\/schema\/logo\/image\/"}}]},"product_price_amount":"99.00","product_price_currency":"EUR","og_availability":"instock","product_availability":"instock","product_retailer_item_id":"4004-673-1000","product_condition":"new"},"_links":{"self":[{"href":"https:\/\/www.versiegelung24.com\/lv\/wp-json\/wp\/v2\/product\/23554","targetHints":{"allow":["GET"]}}],"collection":[{"href":"https:\/\/www.versiegelung24.com\/lv\/wp-json\/wp\/v2\/product"}],"about":[{"href":"https:\/\/www.versiegelung24.com\/lv\/wp-json\/wp\/v2\/types\/product"}],"version-history":[{"count":17,"href":"https:\/\/www.versiegelung24.com\/lv\/wp-json\/wp\/v2\/product\/23554\/revisions"}],"predecessor-version":[{"id":177910,"href":"https:\/\/www.versiegelung24.com\/lv\/wp-json\/wp\/v2\/product\/23554\/revisions\/177910"}],"wp:featuredmedia":[{"embeddable":true,"href":"https:\/\/www.versiegelung24.com\/lv\/wp-json\/wp\/v2\/media\/18221"}],"wp:attachment":[{"href":"https:\/\/www.versiegelung24.com\/lv\/wp-json\/wp\/v2\/media?parent=23554"}],"wp:term":[{"taxonomy":"product_brand","embeddable":true,"href":"https:\/\/www.versiegelung24.com\/lv\/wp-json\/wp\/v2\/product_brand?post=23554"},{"taxonomy":"product_cat","embeddable":true,"href":"https:\/\/www.versiegelung24.com\/lv\/wp-json\/wp\/v2\/product_cat?post=23554"},{"taxonomy":"product_tag","embeddable":true,"href":"https:\/\/www.versiegelung24.com\/lv\/wp-json\/wp\/v2\/product_tag?post=23554"}],"curies":[{"name":"wp","href":"https:\/\/api.w.org\/{rel}","templated":true}]}}