{"id":23632,"date":"2020-04-04T18:53:41","date_gmt":"2020-04-04T16:53:41","guid":{"rendered":"https:\/\/www.versiegelung24.com\/produkt\/bioetanols-966-profesionalai-ieprieksejai-tirisanai"},"modified":"2025-01-13T17:00:08","modified_gmt":"2025-01-13T16:00:08","slug":"bioetanols-966-profesionalai-ieprieksejai-tirisanai","status":"publish","type":"product","link":"https:\/\/www.versiegelung24.com\/lv\/bioetanols-966-profesionalai-ieprieksejai-tirisanai.html","title":{"rendered":"Bioetanols 96,6% profesion\u0101lai iepriek\u0161\u0113jai t\u012br\u012b\u0161anai"},"content":{"rendered":"\n<h4 class=\"wp-block-heading\" id=\"h-beschreibung\">Apraksts<\/h4>\n\n<p>Tehnisk\u0101s kvalit\u0101tes bioetanols 96,6% piem\u0113rots r\u016bp\u012bgai neuzs\u016bco\u0161u virsmu iepriek\u0161\u0113jai t\u012br\u012b\u0161anai un attauko\u0161anai. <\/p>\n\n<p>\u013boti labi var izmantot kop\u0101 ar m\u016bsu biolo\u0123isko, <a href=\"https:\/\/www.versiegelung24.com\/lv\/biosativa-biologiskais-pirmtiritajs.html\">bezatlikumu priek\u0161t\u012br\u012bt\u0101ju BIOSATIVA<\/a> \u00ae, lai sagatavotu, piem\u0113ram, stikla, keramikas, kr\u0101sotas virsmas m\u016bsu virsmas bl\u012bv\u0113jumu uzkl\u0101\u0161anai.<\/p>\n\n<hr \/>\n\n<h4 class=\"wp-block-heading\" id=\"properties\">Produkta \u012bpa\u0161\u012bbas<\/h4>\n\n<p>\u2713 Bioetanols, kas izgatavots no 100% kukur\u016bzas un cukurbiet\u0113m<\/p>\n\n<p>\u2713 Re\u0123ion\u0101l\u0101 ra\u017eo\u0161ana ar sast\u0101vda\u013c\u0101m no Eiropas<\/p>\n\n<p>\u2713 Ra\u017eo\u0161ana saska\u0146\u0101 ar augst\u0101m Eiropas vadl\u012bnij\u0101m<\/p>\n\n<p>\u2713 Dro\u0161\u012bba un kvalit\u0101te ar augstiem standartiem<\/p>\n\n<p>Augstas t\u012br\u012bbas pak\u0101pe, ar 1% MEK, 1% izopropanolu un Bitrex piln\u012bb\u0101 denatur\u0113tu bioetanolu 96,6% (etil\u0113na spirts) no ilgtsp\u0113j\u012bgas ra\u017eo\u0161anas (biomasa).<\/p>\n\n<hr \/>\n\n<h4 class=\"wp-block-heading\" id=\"application\">Pieteikums<\/h4>\n\n<p>Lai not\u012br\u012btu gludas, neuzs\u016bco\u0161as virsmas, m\u0113s iesak\u0101m t\u012br\u012bt divos posmos:<\/p>\n\n<p>1. Virsmas intens\u012bva iepriek\u0161\u0113ja t\u012br\u012b\u0161ana, izmantojot parasto t\u012br\u012b\u0161anas l\u012bdzekli bez atliek\u0101m vai m\u016bsu biolo\u0123isko t\u012br\u012b\u0161anas <a href=\"https:\/\/www.versiegelung24.com\/lv\/biosativa-biologiskais-pirmtiritajs.html\">koncentr\u0101tu BIOSATIVA<\/a> <a href=\"https:\/\/www.versiegelung24.com\/biosativa-biologischer-vorreiniger.html\">\u00ae<\/a><\/p>\n\n<p>2. P\u0113c t\u012br\u012b\u0161anas procesa pabeig\u0161anas v\u0113lreiz not\u012briet virsmu ar 96,6% bioetanolu, lai tiktu no\u0146emti visi net\u012brumi un virsma b\u016btu piln\u012bb\u0101 bez taukiem. Atk\u0101rtojiet \u0161o procesu, l\u012bdz uz mikro\u0161\u0137iedras auduma vairs nav net\u012brumu.<\/p>\n\n<p>P\u0113c \u012bsa jebk\u0101du spirta atlikumu uz virsmas iztvaiko\u0161anas laika var s\u0101kties m\u016bsu nanop\u0101rkl\u0101jumu un impregn\u0113\u0161anas uzkl\u0101\u0161ana.<\/p>\n\n<p><em>B\u016bt\u012bb\u0101, veicot katru virsmas t\u012br\u012b\u0161anu un bl\u012bv\u0113\u0161anu, vienm\u0113r ir j\u0101veic p\u0101rbaude uz neuzkr\u012bto\u0161as vietas, lai noteiktu virsmas sader\u012bbu ar izmantotajiem l\u012bdzek\u013ciem.<\/em><\/p>\n\n<hr \/>\n\n<h4 class=\"wp-block-heading\" id=\"advisor\">Konsultants<\/h4>\n\n<p><strong>Bio-Ethanol 96,6% &#8211; lieliski piem\u0113rots galda kam\u012bniem<\/strong><\/p>\n\n<p>Tikpat at\u0161\u0137ir\u012bgas k\u0101 m\u016bsu gaumes, etanola kam\u012bni ir k\u013cuvu\u0161i neaizst\u0101jami daudz\u0101s m\u0101jsaimniec\u012bb\u0101s. 1 litra pudeles ir lieliski piem\u0113rotas neregul\u0101riem lietot\u0101jiem vai lietot\u0101jiem, kuri pirmo reizi v\u0113las iepaz\u012bties ar savu etanola kam\u012bnu vai m\u016bsu \u0161\u0137idro bioetanola degvielu.<\/p>\n\n<p><strong>Cik ilgi der 1 litrs bioetanola?<\/strong><\/p>\n\n<p>Vid\u0113jais deg\u0161anas laiks 1 litram 96,6% bioetanola ir aptuveni 2 l\u012bdz 3 stundas. Ta\u010du to prec\u012bzi pateikt nevar, jo deg\u0161anas laiks ir atkar\u012bgs no virsmas, uz kuras \u0161\u0137idrums deg. Jo liel\u0101ka plat\u012bba, jo \u0101tr\u0101k sadeg premium klases bioetanols.<\/p>\n\n<hr \/>\n\n<h4 class=\"wp-block-heading\" id=\"faq\">BIE\u017d\u0100K UZDOTIE JAUT\u0100JUMI<\/h4>\n\n<div class=\"schema-faq wp-block-yoast-faq-block\"><div class=\"schema-faq-section\" id=\"faq-question-1645793617330\"><strong class=\"schema-faq-question\">Vai bioetanols ir apstiprin\u0101ts lieto\u0161anai medic\u012bnas nozar\u0113?<\/strong> <p class=\"schema-faq-answer\">N\u0113! Ja mekl\u0113jat virsmu dezinfekcijas l\u012bdzekli, vair\u0101k inform\u0101cijas varat atrast \u0161eit: <a href=\"https:\/\/www.versiegelung24.com\/desinfektionsmittel\/\">Dezinfekcijas l\u012bdzek\u013cu p\u0101rskats<\/a><\/p> <\/div> <div class=\"schema-faq-section\" id=\"faq-question-1645793819353\"><strong class=\"schema-faq-question\">Cik b\u012bstams ir bioetanols?<\/strong> <p class=\"schema-faq-answer\">Deg\u0161ana rada \u016bdens tvaikus (H2O) un oglek\u013ca dioks\u012bdu (CO2), t\u0101pat k\u0101 m\u0113s to dar\u0101m, kad elpojam. Bioetanols 96,6% deg bez smar\u017eas un bez atliek\u0101m. Lietojot kam\u012bn\u0101s, vienm\u0113r ir j\u0101iev\u0113ro prec\u012bzi br\u012bdin\u0101jumi par b\u012bstam\u012bbu!<br>Bioetanols 96,6% ir viegli uzliesmojo\u0161s. Lietojot k\u0101 t\u012br\u012bt\u0101ju, rodas viegli uzliesmojo\u0161as g\u0101zes. <br><\/p> <\/div> <div class=\"schema-faq-section\" id=\"faq-question-1645794918526\"><strong class=\"schema-faq-question\">Vai bioetanols (izmanto k\u0101 t\u012br\u012b\u0161anas l\u012bdzekli) var uzbrukt virsm\u0101m?<\/strong> <p class=\"schema-faq-answer\">Jo \u012bpa\u0161i attiec\u012bb\u0101 uz plastmasu \u0161eit ir j\u0101b\u016bt uzman\u012bgiem. M\u012bkstas plastmasas, piem\u0113ram, bl\u012bves un \u0161\u013c\u016btenes, var rea\u0123\u0113t ar plastifikatoriem un saboj\u0101t virsmas vai materi\u0101lus.<br><br>B\u016bt\u012bb\u0101, t\u012brot virsmu, vispirms vienm\u0113r ir j\u0101veic p\u0101rbaude uz neuzkr\u012bto\u0161as vietas.<\/p> <\/div> <\/div>\n","protected":false},"excerpt":{"rendered":"<p>\u2713 Bioetanols, kas izgatavots no 100% kukur\u016bzas un cukurbiet\u0113m<\/p>\n<p>\u2713 Re\u0123ion\u0101l\u0101 ra\u017eo\u0161ana ar sast\u0101vda\u013c\u0101m no Eiropas<\/p>\n<p>\u2713 Ra\u017eo\u0161ana saska\u0146\u0101 ar augst\u0101m Eiropas vadl\u012bnij\u0101m<\/p>\n<p>\u2713 Dro\u0161\u012bba un kvalit\u0101te ar augstiem standartiem<\/p>\n","protected":false},"featured_media":65156,"template":"","meta":{"_acf_changed":false,"neve_meta_sidebar":"","neve_meta_container":"","neve_meta_enable_content_width":"","neve_meta_content_width":0,"neve_meta_title_alignment":"","neve_meta_author_avatar":"","neve_post_elements_order":"","neve_meta_disable_header":"","neve_meta_disable_footer":"","neve_meta_disable_title":"","neve_meta_reading_time":"","_surfaces":[],"_ver_product_tabs":[],"footnotes":""},"product_brand":[],"product_cat":[2196,2306,2310,2318,2619],"product_tag":[],"class_list":{"0":"post-23632","1":"product","2":"type-product","3":"status-publish","4":"has-post-thumbnail","6":"product_cat-automasinas-blivejums","7":"product_cat-stikla-un-keramikas-blivejums","8":"product_cat-metala-un-plastmasas-blivejums","9":"product_cat-tirisanas-piederumi","10":"product_cat-bioetanols","12":"first","13":"instock","14":"taxable","15":"shipping-taxable","16":"purchasable","17":"product-type-simple"},"acf":[],"yoast_head":"<!-- This site is optimized with the Yoast SEO Premium plugin v22.8 (Yoast SEO v27.5) - https:\/\/yoast.com\/product\/yoast-seo-premium-wordpress\/ -->\n<title>Bioetanols 96,6% profesion\u0101lai iepriek\u0161\u0113jai t\u012br\u012b\u0161anai - versiegelung24.com<\/title>\n<meta name=\"robots\" content=\"index, follow, max-snippet:-1, max-image-preview:large, max-video-preview:-1\" \/>\n<link rel=\"canonical\" href=\"https:\/\/www.versiegelung24.com\/lv\/bioetanols-966-profesionalai-ieprieksejai-tirisanai.html\" \/>\n<meta property=\"og:locale\" content=\"lv_LV\" \/>\n<meta property=\"og:type\" content=\"article\" \/>\n<meta property=\"og:title\" content=\"Bioetanols 96,6% profesion\u0101lai iepriek\u0161\u0113jai t\u012br\u012b\u0161anai\" \/>\n<meta property=\"og:description\" content=\"\u2713 Bioetanols, kas izgatavots no 100% kukur\u016bzas un cukurbiet\u0113m \u2713 Re\u0123ion\u0101l\u0101 ra\u017eo\u0161ana ar sast\u0101vda\u013c\u0101m no Eiropas \u2713 Ra\u017eo\u0161ana saska\u0146\u0101 ar augst\u0101m Eiropas vadl\u012bnij\u0101m \u2713 Dro\u0161\u012bba un kvalit\u0101te ar augstiem standartiem\" \/>\n<meta property=\"og:url\" content=\"https:\/\/www.versiegelung24.com\/lv\/bioetanols-966-profesionalai-ieprieksejai-tirisanai.html\" \/>\n<meta property=\"og:site_name\" content=\"versiegelung24.com\" \/>\n<meta property=\"article:modified_time\" content=\"2025-01-13T16:00:08+00:00\" \/>\n<meta property=\"og:image\" content=\"https:\/\/www.versiegelung24.com\/wp-content\/uploads\/2020\/04\/produkt_9100-950-1000-bioethanol-flasche.jpeg\" \/>\n\t<meta property=\"og:image:width\" content=\"2560\" \/>\n\t<meta property=\"og:image:height\" content=\"2560\" \/>\n\t<meta property=\"og:image:type\" content=\"image\/jpeg\" \/>\n<meta name=\"twitter:card\" content=\"summary_large_image\" \/>\n<meta name=\"twitter:label1\" content=\"Price\" \/>\n\t<meta name=\"twitter:data1\" content=\"9,99&euro;\" \/>\n\t<meta name=\"twitter:label2\" content=\"Availability\" \/>\n\t<meta name=\"twitter:data2\" content=\"In stock\" \/>\n<script type=\"application\/ld+json\" class=\"yoast-schema-graph\">{\"@context\":\"https:\\\/\\\/schema.org\",\"@graph\":[{\"@type\":[\"WebPage\",\"FAQPage\"],\"@id\":\"https:\\\/\\\/www.versiegelung24.com\\\/lv\\\/bioetanols-966-profesionalai-ieprieksejai-tirisanai.html\",\"url\":\"https:\\\/\\\/www.versiegelung24.com\\\/lv\\\/bioetanols-966-profesionalai-ieprieksejai-tirisanai.html\",\"name\":\"Bioetanols 96,6% profesion\u0101lai iepriek\u0161\u0113jai t\u012br\u012b\u0161anai - versiegelung24.com\",\"isPartOf\":{\"@id\":\"https:\\\/\\\/www.versiegelung24.com\\\/lv\\\/#website\"},\"primaryImageOfPage\":{\"@id\":\"https:\\\/\\\/www.versiegelung24.com\\\/lv\\\/bioetanols-966-profesionalai-ieprieksejai-tirisanai.html#primaryimage\"},\"image\":{\"@id\":\"https:\\\/\\\/www.versiegelung24.com\\\/lv\\\/bioetanols-966-profesionalai-ieprieksejai-tirisanai.html#primaryimage\"},\"thumbnailUrl\":\"https:\\\/\\\/www.versiegelung24.com\\\/wp-content\\\/uploads\\\/2020\\\/04\\\/produkt_9100-950-1000-bioethanol-flasche.jpeg\",\"datePublished\":\"2020-04-04T16:53:41+00:00\",\"dateModified\":\"2025-01-13T16:00:08+00:00\",\"breadcrumb\":{\"@id\":\"https:\\\/\\\/www.versiegelung24.com\\\/lv\\\/bioetanols-966-profesionalai-ieprieksejai-tirisanai.html#breadcrumb\"},\"mainEntity\":[{\"@id\":\"https:\\\/\\\/www.versiegelung24.com\\\/lv\\\/bioetanols-966-profesionalai-ieprieksejai-tirisanai.html#faq-question-1645793617330\"},{\"@id\":\"https:\\\/\\\/www.versiegelung24.com\\\/lv\\\/bioetanols-966-profesionalai-ieprieksejai-tirisanai.html#faq-question-1645793819353\"},{\"@id\":\"https:\\\/\\\/www.versiegelung24.com\\\/lv\\\/bioetanols-966-profesionalai-ieprieksejai-tirisanai.html#faq-question-1645794918526\"}],\"inLanguage\":\"lv-LV\",\"potentialAction\":[{\"@type\":\"ReadAction\",\"target\":[\"https:\\\/\\\/www.versiegelung24.com\\\/lv\\\/bioetanols-966-profesionalai-ieprieksejai-tirisanai.html\"]}]},{\"@type\":\"ImageObject\",\"inLanguage\":\"lv-LV\",\"@id\":\"https:\\\/\\\/www.versiegelung24.com\\\/lv\\\/bioetanols-966-profesionalai-ieprieksejai-tirisanai.html#primaryimage\",\"url\":\"https:\\\/\\\/www.versiegelung24.com\\\/wp-content\\\/uploads\\\/2020\\\/04\\\/produkt_9100-950-1000-bioethanol-flasche.jpeg\",\"contentUrl\":\"https:\\\/\\\/www.versiegelung24.com\\\/wp-content\\\/uploads\\\/2020\\\/04\\\/produkt_9100-950-1000-bioethanol-flasche.jpeg\",\"width\":2560,\"height\":2560},{\"@type\":\"BreadcrumbList\",\"@id\":\"https:\\\/\\\/www.versiegelung24.com\\\/lv\\\/bioetanols-966-profesionalai-ieprieksejai-tirisanai.html#breadcrumb\",\"itemListElement\":[{\"@type\":\"ListItem\",\"position\":1,\"name\":\"M\u0101jas lapa\",\"item\":\"https:\\\/\\\/www.versiegelung24.com\\\/lv\\\/prieksejais\\\/\"},{\"@type\":\"ListItem\",\"position\":2,\"name\":\"Veikals\",\"item\":\"https:\\\/\\\/www.versiegelung24.com\\\/lv\\\/veikals\\\/\"},{\"@type\":\"ListItem\",\"position\":3,\"name\":\"Bioetanols 96,6% profesion\u0101lai iepriek\u0161\u0113jai t\u012br\u012b\u0161anai\"}]},{\"@type\":\"WebSite\",\"@id\":\"https:\\\/\\\/www.versiegelung24.com\\\/lv\\\/#website\",\"url\":\"https:\\\/\\\/www.versiegelung24.com\\\/lv\\\/\",\"name\":\"versiegelung24.com\",\"description\":\"Fl\u00fcssigglas-Versiegelung - Made in Germany\",\"publisher\":{\"@id\":\"https:\\\/\\\/www.versiegelung24.com\\\/lv\\\/#organization\"},\"potentialAction\":[{\"@type\":\"SearchAction\",\"target\":{\"@type\":\"EntryPoint\",\"urlTemplate\":\"https:\\\/\\\/www.versiegelung24.com\\\/lv\\\/?s={search_term_string}\"},\"query-input\":{\"@type\":\"PropertyValueSpecification\",\"valueRequired\":true,\"valueName\":\"search_term_string\"}}],\"inLanguage\":\"lv-LV\"},{\"@type\":\"Organization\",\"@id\":\"https:\\\/\\\/www.versiegelung24.com\\\/lv\\\/#organization\",\"name\":\"versiegelung24\",\"url\":\"https:\\\/\\\/www.versiegelung24.com\\\/lv\\\/\",\"logo\":{\"@type\":\"ImageObject\",\"inLanguage\":\"lv-LV\",\"@id\":\"https:\\\/\\\/www.versiegelung24.com\\\/lv\\\/#\\\/schema\\\/logo\\\/image\\\/\",\"url\":\"https:\\\/\\\/www.versiegelung24.com\\\/wp-content\\\/uploads\\\/2020\\\/04\\\/versiegelung24.png\",\"contentUrl\":\"https:\\\/\\\/www.versiegelung24.com\\\/wp-content\\\/uploads\\\/2020\\\/04\\\/versiegelung24.png\",\"width\":470,\"height\":102,\"caption\":\"versiegelung24\"},\"image\":{\"@id\":\"https:\\\/\\\/www.versiegelung24.com\\\/lv\\\/#\\\/schema\\\/logo\\\/image\\\/\"}},{\"@type\":\"Question\",\"@id\":\"https:\\\/\\\/www.versiegelung24.com\\\/lv\\\/bioetanols-966-profesionalai-ieprieksejai-tirisanai.html#faq-question-1645793617330\",\"position\":1,\"url\":\"https:\\\/\\\/www.versiegelung24.com\\\/lv\\\/bioetanols-966-profesionalai-ieprieksejai-tirisanai.html#faq-question-1645793617330\",\"name\":\"Ist Bioethanol f\u00fcr den medizinischen Bereich zugelassen?\",\"answerCount\":1,\"acceptedAnswer\":{\"@type\":\"Answer\",\"text\":\"Nein! Wenn Sie ein Fl\u00e4chendesinfektionsmittel suchen, finden Sie weitere Informationen hier: <a href=\\\"https:\\\/\\\/www.versiegelung24.com\\\/desinfektionsmittel\\\/\\\">\u00dcbersicht Desinfektionsmittel<\\\/a>\",\"inLanguage\":\"lv-LV\"},\"inLanguage\":\"lv-LV\"},{\"@type\":\"Question\",\"@id\":\"https:\\\/\\\/www.versiegelung24.com\\\/lv\\\/bioetanols-966-profesionalai-ieprieksejai-tirisanai.html#faq-question-1645793819353\",\"position\":2,\"url\":\"https:\\\/\\\/www.versiegelung24.com\\\/lv\\\/bioetanols-966-profesionalai-ieprieksejai-tirisanai.html#faq-question-1645793819353\",\"name\":\"Wie gef\u00e4hrlich ist Bioethanol?\",\"answerCount\":1,\"acceptedAnswer\":{\"@type\":\"Answer\",\"text\":\"Bei der Verbrennung entstehen genau wie bei unserer Atmung Wasserdampf (H2O) und Kohlendioxid (CO2). Bioethanol 96,6% verbrennt geruchs- und r\u00fcckstandsfrei. Bei Nutzung in Feuerstellen sind stets die genauen Gefahrenhinweise zu beachten!<br \\\/>Bioethanol 96,6% ist leicht entz\u00fcndlich. Bei der Nutzung als Reiniger entstehen leicht brennbare Gase. <br \\\/>\",\"inLanguage\":\"lv-LV\"},\"inLanguage\":\"lv-LV\"},{\"@type\":\"Question\",\"@id\":\"https:\\\/\\\/www.versiegelung24.com\\\/lv\\\/bioetanols-966-profesionalai-ieprieksejai-tirisanai.html#faq-question-1645794918526\",\"position\":3,\"url\":\"https:\\\/\\\/www.versiegelung24.com\\\/lv\\\/bioetanols-966-profesionalai-ieprieksejai-tirisanai.html#faq-question-1645794918526\",\"name\":\"Kann Bioethanol (als Reiniger eingesetzt) Oberfl\u00e4chen angreifen?\",\"answerCount\":1,\"acceptedAnswer\":{\"@type\":\"Answer\",\"text\":\"Besonders bei Kunststoffen ist hier mit Achtsamkeit vor zu gehen. Weiche Kunststoffe wie z.B. bei Dichtungen und Schl\u00e4uchen kann dieser mit den Weichmachern reagieren und Oberfl\u00e4chen bzw. Materialien sch\u00e4digen.<br \\\/><br \\\/>Grunds\u00e4tzlich sollte bei der Oberfl\u00e4chenreinigung immer erst ein Test an unauff\u00e4lliger Stelle durchgef\u00fchrt werden.\",\"inLanguage\":\"lv-LV\"},\"inLanguage\":\"lv-LV\"}]}<\/script>\n<meta property=\"product:price:amount\" content=\"9.99\" \/>\n<meta property=\"product:price:currency\" content=\"EUR\" \/>\n<meta property=\"og:availability\" content=\"instock\" \/>\n<meta property=\"product:availability\" content=\"instock\" \/>\n<meta property=\"product:retailer_item_id\" content=\"9100-BE96-1\" \/>\n<meta property=\"product:condition\" content=\"new\" \/>\n<!-- \/ Yoast SEO Premium plugin. -->","yoast_head_json":{"title":"Bioetanols 96,6% profesion\u0101lai iepriek\u0161\u0113jai t\u012br\u012b\u0161anai - versiegelung24.com","robots":{"index":"index","follow":"follow","max-snippet":"max-snippet:-1","max-image-preview":"max-image-preview:large","max-video-preview":"max-video-preview:-1"},"canonical":"https:\/\/www.versiegelung24.com\/lv\/bioetanols-966-profesionalai-ieprieksejai-tirisanai.html","og_locale":"lv_LV","og_type":"article","og_title":"Bioetanols 96,6% profesion\u0101lai iepriek\u0161\u0113jai t\u012br\u012b\u0161anai","og_description":"\u2713 Bioetanols, kas izgatavots no 100% kukur\u016bzas un cukurbiet\u0113m \u2713 Re\u0123ion\u0101l\u0101 ra\u017eo\u0161ana ar sast\u0101vda\u013c\u0101m no Eiropas \u2713 Ra\u017eo\u0161ana saska\u0146\u0101 ar augst\u0101m Eiropas vadl\u012bnij\u0101m \u2713 Dro\u0161\u012bba un kvalit\u0101te ar augstiem standartiem","og_url":"https:\/\/www.versiegelung24.com\/lv\/bioetanols-966-profesionalai-ieprieksejai-tirisanai.html","og_site_name":"versiegelung24.com","article_modified_time":"2025-01-13T16:00:08+00:00","og_image":[{"width":2560,"height":2560,"url":"https:\/\/www.versiegelung24.com\/wp-content\/uploads\/2020\/04\/produkt_9100-950-1000-bioethanol-flasche.jpeg","type":"image\/jpeg"}],"twitter_card":"summary_large_image","twitter_misc":{"Price":"9,99&euro;","Availability":"In stock"},"schema":{"@context":"https:\/\/schema.org","@graph":[{"@type":["WebPage","FAQPage"],"@id":"https:\/\/www.versiegelung24.com\/lv\/bioetanols-966-profesionalai-ieprieksejai-tirisanai.html","url":"https:\/\/www.versiegelung24.com\/lv\/bioetanols-966-profesionalai-ieprieksejai-tirisanai.html","name":"Bioetanols 96,6% profesion\u0101lai iepriek\u0161\u0113jai t\u012br\u012b\u0161anai - versiegelung24.com","isPartOf":{"@id":"https:\/\/www.versiegelung24.com\/lv\/#website"},"primaryImageOfPage":{"@id":"https:\/\/www.versiegelung24.com\/lv\/bioetanols-966-profesionalai-ieprieksejai-tirisanai.html#primaryimage"},"image":{"@id":"https:\/\/www.versiegelung24.com\/lv\/bioetanols-966-profesionalai-ieprieksejai-tirisanai.html#primaryimage"},"thumbnailUrl":"https:\/\/www.versiegelung24.com\/wp-content\/uploads\/2020\/04\/produkt_9100-950-1000-bioethanol-flasche.jpeg","datePublished":"2020-04-04T16:53:41+00:00","dateModified":"2025-01-13T16:00:08+00:00","breadcrumb":{"@id":"https:\/\/www.versiegelung24.com\/lv\/bioetanols-966-profesionalai-ieprieksejai-tirisanai.html#breadcrumb"},"mainEntity":[{"@id":"https:\/\/www.versiegelung24.com\/lv\/bioetanols-966-profesionalai-ieprieksejai-tirisanai.html#faq-question-1645793617330"},{"@id":"https:\/\/www.versiegelung24.com\/lv\/bioetanols-966-profesionalai-ieprieksejai-tirisanai.html#faq-question-1645793819353"},{"@id":"https:\/\/www.versiegelung24.com\/lv\/bioetanols-966-profesionalai-ieprieksejai-tirisanai.html#faq-question-1645794918526"}],"inLanguage":"lv-LV","potentialAction":[{"@type":"ReadAction","target":["https:\/\/www.versiegelung24.com\/lv\/bioetanols-966-profesionalai-ieprieksejai-tirisanai.html"]}]},{"@type":"ImageObject","inLanguage":"lv-LV","@id":"https:\/\/www.versiegelung24.com\/lv\/bioetanols-966-profesionalai-ieprieksejai-tirisanai.html#primaryimage","url":"https:\/\/www.versiegelung24.com\/wp-content\/uploads\/2020\/04\/produkt_9100-950-1000-bioethanol-flasche.jpeg","contentUrl":"https:\/\/www.versiegelung24.com\/wp-content\/uploads\/2020\/04\/produkt_9100-950-1000-bioethanol-flasche.jpeg","width":2560,"height":2560},{"@type":"BreadcrumbList","@id":"https:\/\/www.versiegelung24.com\/lv\/bioetanols-966-profesionalai-ieprieksejai-tirisanai.html#breadcrumb","itemListElement":[{"@type":"ListItem","position":1,"name":"M\u0101jas lapa","item":"https:\/\/www.versiegelung24.com\/lv\/prieksejais\/"},{"@type":"ListItem","position":2,"name":"Veikals","item":"https:\/\/www.versiegelung24.com\/lv\/veikals\/"},{"@type":"ListItem","position":3,"name":"Bioetanols 96,6% profesion\u0101lai iepriek\u0161\u0113jai t\u012br\u012b\u0161anai"}]},{"@type":"WebSite","@id":"https:\/\/www.versiegelung24.com\/lv\/#website","url":"https:\/\/www.versiegelung24.com\/lv\/","name":"versiegelung24.com","description":"Fl\u00fcssigglas-Versiegelung - Made in Germany","publisher":{"@id":"https:\/\/www.versiegelung24.com\/lv\/#organization"},"potentialAction":[{"@type":"SearchAction","target":{"@type":"EntryPoint","urlTemplate":"https:\/\/www.versiegelung24.com\/lv\/?s={search_term_string}"},"query-input":{"@type":"PropertyValueSpecification","valueRequired":true,"valueName":"search_term_string"}}],"inLanguage":"lv-LV"},{"@type":"Organization","@id":"https:\/\/www.versiegelung24.com\/lv\/#organization","name":"versiegelung24","url":"https:\/\/www.versiegelung24.com\/lv\/","logo":{"@type":"ImageObject","inLanguage":"lv-LV","@id":"https:\/\/www.versiegelung24.com\/lv\/#\/schema\/logo\/image\/","url":"https:\/\/www.versiegelung24.com\/wp-content\/uploads\/2020\/04\/versiegelung24.png","contentUrl":"https:\/\/www.versiegelung24.com\/wp-content\/uploads\/2020\/04\/versiegelung24.png","width":470,"height":102,"caption":"versiegelung24"},"image":{"@id":"https:\/\/www.versiegelung24.com\/lv\/#\/schema\/logo\/image\/"}},{"@type":"Question","@id":"https:\/\/www.versiegelung24.com\/lv\/bioetanols-966-profesionalai-ieprieksejai-tirisanai.html#faq-question-1645793617330","position":1,"url":"https:\/\/www.versiegelung24.com\/lv\/bioetanols-966-profesionalai-ieprieksejai-tirisanai.html#faq-question-1645793617330","name":"Ist Bioethanol f\u00fcr den medizinischen Bereich zugelassen?","answerCount":1,"acceptedAnswer":{"@type":"Answer","text":"Nein! Wenn Sie ein Fl\u00e4chendesinfektionsmittel suchen, finden Sie weitere Informationen hier: <a href=\"https:\/\/www.versiegelung24.com\/desinfektionsmittel\/\">\u00dcbersicht Desinfektionsmittel<\/a>","inLanguage":"lv-LV"},"inLanguage":"lv-LV"},{"@type":"Question","@id":"https:\/\/www.versiegelung24.com\/lv\/bioetanols-966-profesionalai-ieprieksejai-tirisanai.html#faq-question-1645793819353","position":2,"url":"https:\/\/www.versiegelung24.com\/lv\/bioetanols-966-profesionalai-ieprieksejai-tirisanai.html#faq-question-1645793819353","name":"Wie gef\u00e4hrlich ist Bioethanol?","answerCount":1,"acceptedAnswer":{"@type":"Answer","text":"Bei der Verbrennung entstehen genau wie bei unserer Atmung Wasserdampf (H2O) und Kohlendioxid (CO2). Bioethanol 96,6% verbrennt geruchs- und r\u00fcckstandsfrei. Bei Nutzung in Feuerstellen sind stets die genauen Gefahrenhinweise zu beachten!<br \/>Bioethanol 96,6% ist leicht entz\u00fcndlich. Bei der Nutzung als Reiniger entstehen leicht brennbare Gase. <br \/>","inLanguage":"lv-LV"},"inLanguage":"lv-LV"},{"@type":"Question","@id":"https:\/\/www.versiegelung24.com\/lv\/bioetanols-966-profesionalai-ieprieksejai-tirisanai.html#faq-question-1645794918526","position":3,"url":"https:\/\/www.versiegelung24.com\/lv\/bioetanols-966-profesionalai-ieprieksejai-tirisanai.html#faq-question-1645794918526","name":"Kann Bioethanol (als Reiniger eingesetzt) Oberfl\u00e4chen angreifen?","answerCount":1,"acceptedAnswer":{"@type":"Answer","text":"Besonders bei Kunststoffen ist hier mit Achtsamkeit vor zu gehen. Weiche Kunststoffe wie z.B. bei Dichtungen und Schl\u00e4uchen kann dieser mit den Weichmachern reagieren und Oberfl\u00e4chen bzw. Materialien sch\u00e4digen.<br \/><br \/>Grunds\u00e4tzlich sollte bei der Oberfl\u00e4chenreinigung immer erst ein Test an unauff\u00e4lliger Stelle durchgef\u00fchrt werden.","inLanguage":"lv-LV"},"inLanguage":"lv-LV"}]},"product_price_amount":"9.99","product_price_currency":"EUR","og_availability":"instock","product_availability":"instock","product_retailer_item_id":"9100-BE96-1","product_condition":"new"},"_links":{"self":[{"href":"https:\/\/www.versiegelung24.com\/lv\/wp-json\/wp\/v2\/product\/23632","targetHints":{"allow":["GET"]}}],"collection":[{"href":"https:\/\/www.versiegelung24.com\/lv\/wp-json\/wp\/v2\/product"}],"about":[{"href":"https:\/\/www.versiegelung24.com\/lv\/wp-json\/wp\/v2\/types\/product"}],"version-history":[{"count":49,"href":"https:\/\/www.versiegelung24.com\/lv\/wp-json\/wp\/v2\/product\/23632\/revisions"}],"predecessor-version":[{"id":180700,"href":"https:\/\/www.versiegelung24.com\/lv\/wp-json\/wp\/v2\/product\/23632\/revisions\/180700"}],"wp:featuredmedia":[{"embeddable":true,"href":"https:\/\/www.versiegelung24.com\/lv\/wp-json\/wp\/v2\/media\/65156"}],"wp:attachment":[{"href":"https:\/\/www.versiegelung24.com\/lv\/wp-json\/wp\/v2\/media?parent=23632"}],"wp:term":[{"taxonomy":"product_brand","embeddable":true,"href":"https:\/\/www.versiegelung24.com\/lv\/wp-json\/wp\/v2\/product_brand?post=23632"},{"taxonomy":"product_cat","embeddable":true,"href":"https:\/\/www.versiegelung24.com\/lv\/wp-json\/wp\/v2\/product_cat?post=23632"},{"taxonomy":"product_tag","embeddable":true,"href":"https:\/\/www.versiegelung24.com\/lv\/wp-json\/wp\/v2\/product_tag?post=23632"}],"curies":[{"name":"wp","href":"https:\/\/api.w.org\/{rel}","templated":true}]}}