{"id":23659,"date":"2020-04-04T18:53:44","date_gmt":"2021-08-02T19:52:59","guid":{"rendered":"https:\/\/www.versiegelung24.com\/produkt\/universals-blivejums-691-mikstam-absorbejosam-virsmam-tekstils-koks-akmens"},"modified":"2025-01-04T00:13:29","modified_gmt":"2025-01-03T23:13:29","slug":"universals-blivejums-691-mikstam-absorbejosam-virsmam-tekstils-koks-akmens","status":"publish","type":"product","link":"https:\/\/www.versiegelung24.com\/lv\/universals-blivejums-691-mikstam-absorbejosam-virsmam-tekstils-koks-akmens.html","title":{"rendered":"Univers\u0101ls bl\u012bv\u0113jums 691 &#8220;m\u012bkst\u0101m&#8221; \/ absorb\u0113jo\u0161\u0101m virsm\u0101m (tekstils +++, koks ++, akmens ++)"},"content":{"rendered":"\n<p><strong>\u013boti efekt\u012bvs profesion\u0101ls univers\u0101ls herm\u0113ti\u0137is absorb\u0113jo\u0161\u0101m \/ \u201cm\u012bkst\u0101m\u201d virsm\u0101m (tekstils, akmens, koks) ar viegli t\u012br\u0101mu efektu<\/strong><\/p>\n\n<p>Ide\u0101li piem\u0113rots tekstilizstr\u0101d\u0101jumiem, var izmantot ar\u012b uz akmens un koka<\/p>\n\n<p>Augsta kvalit\u0101te &#8211; ra\u017eots V\u0101cij\u0101.<\/p>\n\n<p>Preces numurs: 4006-691<\/p>\n\n<p><strong>V24 univers\u0101lais bl\u012bv\u0113jums 4006-691<\/strong> ir \u016bdens pies\u016bcin\u0101\u0161ana absorb\u0113jo\u0161\u0101m \/ \u201cm\u012bkst\u0101m\u201d virsm\u0101m ar \u013coti labu \u016bdens atgr\u016bdo\u0161u (\u016bdens atgr\u016bdo\u0161u) un e\u013c\u013cu atgr\u016bdo\u0161u (e\u013c\u013cu atgr\u016bdo\u0161u) virsmu. Produkts veido gandr\u012bz neredzamu, pl\u0101nu virsmas pl\u0113vi. \u016adens atgr\u016bdo\u0161ais efekts iev\u0113rojami samazina mitruma iek\u013c\u016b\u0161anas \u0101trumu uz apstr\u0101d\u0101t\u0101m virsm\u0101m un atk\u0101rtotu pies\u0101r\u0146ojumu. E\u013c\u013cas un kr\u0101sas maino\u0161o vielu iek\u013c\u016b\u0161ana virsm\u0101 ir samazin\u0101ta, un to var viegli no\u0146emt \/ not\u012br\u012bt.<\/p>\n\n<hr\/>\n\n<h4 class=\"wp-block-heading\" id=\"properties\">Produkta \u012bpa\u0161\u012bbas<\/h4>\n\n<div class=\"wp-block-columns is-layout-flex wp-container-core-columns-is-layout-9d6595d7 wp-block-columns-is-layout-flex\">\n<div class=\"wp-block-column is-layout-flow wp-block-column-is-layout-flow\">\n<ul class=\"wp-block-list\">\n<li>Akt\u012bv\u0101s sast\u0101vda\u013cas b\u0101ze: fluora saturo\u0161s polim\u0113rs<\/li>\n\n\n\n<li>Izskats: balts, caursp\u012bd\u012bgs \u0161\u0137idrums<\/li>\n\n\n\n<li>Cietais saturs: ~ 1%<\/li>\n\n\n\n<li>pH v\u0113rt\u012bba: 7<\/li>\n\n\n\n<li>At\u0161\u0137aid\u012b\u0161ana: at\u0161\u0137aid\u012bta lieto\u0161anai gatava. Atkar\u012bb\u0101 no v\u0113lam\u0101 efekta to var v\u0113l vair\u0101k at\u0161\u0137aid\u012bt ar \u016bdeni.<\/li>\n<\/ul>\n<\/div>\n\n\n\n<div class=\"wp-block-column is-layout-flow wp-block-column-is-layout-flow\">\n<p><br\/><br\/>Pieg\u0101des apjoms: 1 x litra pudele 1 x s\u016bk\u0146a smidzin\u0101\u0161anas galvi\u0146a<\/p>\n<\/div>\n<\/div>\n\n<hr\/>\n\n<h4 class=\"wp-block-heading\" id=\"h-ratgeber\">Konsultants<\/h4>\n\n<p>M\u016bsu univers\u0101lie bl\u012bv\u0113jumi ir \u012bpa\u0161i piem\u0113roti dari-pats sektoram.<\/p>\n\n<p>Tie apvieno profesion\u0101lu darb\u012bbas veidu uz da\u017e\u0101d\u0101m virsm\u0101m ar vieglu apstr\u0101di uzkl\u0101\u0161anas laik\u0101. Un tas viss, nepie\u013caujot lielus kompromisus kvalit\u0101tes zi\u0146\u0101.<\/p>\n\n<p>T\u0101d\u0101 veid\u0101 var uzkl\u0101t uz vair\u0101kiem materi\u0101liem tikai ar vienu univers\u0101lu herm\u0113ti\u0137i un pan\u0101kt ar\u012b kvalitat\u012bvu efektu un ilgu notur\u012bbu.<\/p>\n\n<p>Tom\u0113r komerci\u0101liem un r\u016bpnieciskiem lietojumiem, kur uz noteiktas virsmas ir j\u0101sasniedz augst\u0101kais iesp\u0113jamais veiktsp\u0113jas l\u012bmenis, m\u0113s iesak\u0101m izmantot m\u016bsu \u012bpa\u0161o apdari \u0161ai virsmai.<\/p>\n","protected":false},"excerpt":{"rendered":"<p><strong>\u013boti efekt\u012bvs profesion\u0101ls univers\u0101ls bl\u012bv\u0113jums absorb\u0113jo\u0161\u0101m \/ &#8220;m\u012bkst\u0101m&#8221; virsm\u0101m:<\/strong><\/p>\n<p>\u2713 Tekstils<\/p>\n<p>\u2713 Akmens<\/p>\n<p>\u2713 koks<\/p>\n<p>\u2713 Ar viegli t\u012br\u0101mu efektu<\/p>\n","protected":false},"featured_media":18290,"template":"","meta":{"_acf_changed":false,"neve_meta_sidebar":"","neve_meta_container":"","neve_meta_enable_content_width":"","neve_meta_content_width":0,"neve_meta_title_alignment":"","neve_meta_author_avatar":"","neve_post_elements_order":"","neve_meta_disable_header":"","neve_meta_disable_footer":"","neve_meta_disable_title":"","neve_meta_reading_time":"","_surfaces":[],"_ver_product_tabs":[],"footnotes":""},"product_brand":[],"product_cat":[2475],"product_tag":[],"class_list":{"0":"post-23659","1":"product","2":"type-product","3":"status-publish","4":"has-post-thumbnail","6":"product_cat-universals-blivejums","8":"first","9":"instock","10":"taxable","11":"shipping-taxable","12":"purchasable","13":"product-type-simple"},"acf":[],"yoast_head":"<!-- This site is optimized with the Yoast SEO Premium plugin v22.8 (Yoast SEO v27.3) - https:\/\/yoast.com\/product\/yoast-seo-premium-wordpress\/ -->\n<title>Univers\u0101ls bl\u012bv\u0113jums 691 &quot;m\u012bkst\u0101m&quot; \/ absorb\u0113jo\u0161\u0101m virsm\u0101m (tekstils +++, koks ++, akmens ++) - versiegelung24.com<\/title>\n<meta name=\"robots\" content=\"index, follow, max-snippet:-1, max-image-preview:large, max-video-preview:-1\" \/>\n<link rel=\"canonical\" href=\"https:\/\/www.versiegelung24.com\/lv\/universals-blivejums-691-mikstam-absorbejosam-virsmam-tekstils-koks-akmens.html\" \/>\n<meta property=\"og:locale\" content=\"lv_LV\" \/>\n<meta property=\"og:type\" content=\"article\" \/>\n<meta property=\"og:title\" content=\"Univers\u0101ls bl\u012bv\u0113jums 691 &quot;m\u012bkst\u0101m&quot; \/ absorb\u0113jo\u0161\u0101m virsm\u0101m (tekstils +++, koks ++, akmens ++)\" \/>\n<meta property=\"og:description\" content=\"\u013boti efekt\u012bvs profesion\u0101ls univers\u0101ls bl\u012bv\u0113jums absorb\u0113jo\u0161\u0101m \/ &quot;m\u012bkst\u0101m&quot; virsm\u0101m: \u2713 Tekstils \u2713 Akmens \u2713 koks \u2713 Ar viegli t\u012br\u0101mu efektu\" \/>\n<meta property=\"og:url\" content=\"https:\/\/www.versiegelung24.com\/lv\/universals-blivejums-691-mikstam-absorbejosam-virsmam-tekstils-koks-akmens.html\" \/>\n<meta property=\"og:site_name\" content=\"versiegelung24.com\" \/>\n<meta property=\"article:modified_time\" content=\"2025-01-03T23:13:29+00:00\" \/>\n<meta property=\"og:image\" content=\"https:\/\/www.versiegelung24.com\/wp-content\/uploads\/2020\/06\/produkt-4006-691-1000-Universalversiegelung-691-scaled.jpg\" \/>\n\t<meta property=\"og:image:width\" content=\"2560\" \/>\n\t<meta property=\"og:image:height\" content=\"2560\" \/>\n\t<meta property=\"og:image:type\" content=\"image\/jpeg\" \/>\n<meta name=\"twitter:card\" content=\"summary_large_image\" \/>\n<meta name=\"twitter:label1\" content=\"Price\" \/>\n\t<meta name=\"twitter:data1\" content=\"74,99&euro;\" \/>\n\t<meta name=\"twitter:label2\" content=\"Availability\" \/>\n\t<meta name=\"twitter:data2\" content=\"In stock\" \/>\n<script type=\"application\/ld+json\" class=\"yoast-schema-graph\">{\"@context\":\"https:\\\/\\\/schema.org\",\"@graph\":[{\"@type\":\"WebPage\",\"@id\":\"https:\\\/\\\/www.versiegelung24.com\\\/lv\\\/universals-blivejums-691-mikstam-absorbejosam-virsmam-tekstils-koks-akmens.html\",\"url\":\"https:\\\/\\\/www.versiegelung24.com\\\/lv\\\/universals-blivejums-691-mikstam-absorbejosam-virsmam-tekstils-koks-akmens.html\",\"name\":\"Univers\u0101ls bl\u012bv\u0113jums 691 \\\"m\u012bkst\u0101m\\\" \\\/ absorb\u0113jo\u0161\u0101m virsm\u0101m (tekstils +++, koks ++, akmens ++) - versiegelung24.com\",\"isPartOf\":{\"@id\":\"https:\\\/\\\/www.versiegelung24.com\\\/lv\\\/#website\"},\"primaryImageOfPage\":{\"@id\":\"https:\\\/\\\/www.versiegelung24.com\\\/lv\\\/universals-blivejums-691-mikstam-absorbejosam-virsmam-tekstils-koks-akmens.html#primaryimage\"},\"image\":{\"@id\":\"https:\\\/\\\/www.versiegelung24.com\\\/lv\\\/universals-blivejums-691-mikstam-absorbejosam-virsmam-tekstils-koks-akmens.html#primaryimage\"},\"thumbnailUrl\":\"https:\\\/\\\/www.versiegelung24.com\\\/wp-content\\\/uploads\\\/2020\\\/06\\\/produkt-4006-691-1000-Universalversiegelung-691-scaled.jpg\",\"datePublished\":\"2021-08-02T19:52:59+00:00\",\"dateModified\":\"2025-01-03T23:13:29+00:00\",\"breadcrumb\":{\"@id\":\"https:\\\/\\\/www.versiegelung24.com\\\/lv\\\/universals-blivejums-691-mikstam-absorbejosam-virsmam-tekstils-koks-akmens.html#breadcrumb\"},\"inLanguage\":\"lv-LV\",\"potentialAction\":[{\"@type\":\"ReadAction\",\"target\":[\"https:\\\/\\\/www.versiegelung24.com\\\/lv\\\/universals-blivejums-691-mikstam-absorbejosam-virsmam-tekstils-koks-akmens.html\"]}]},{\"@type\":\"ImageObject\",\"inLanguage\":\"lv-LV\",\"@id\":\"https:\\\/\\\/www.versiegelung24.com\\\/lv\\\/universals-blivejums-691-mikstam-absorbejosam-virsmam-tekstils-koks-akmens.html#primaryimage\",\"url\":\"https:\\\/\\\/www.versiegelung24.com\\\/wp-content\\\/uploads\\\/2020\\\/06\\\/produkt-4006-691-1000-Universalversiegelung-691-scaled.jpg\",\"contentUrl\":\"https:\\\/\\\/www.versiegelung24.com\\\/wp-content\\\/uploads\\\/2020\\\/06\\\/produkt-4006-691-1000-Universalversiegelung-691-scaled.jpg\",\"width\":2560,\"height\":2560},{\"@type\":\"BreadcrumbList\",\"@id\":\"https:\\\/\\\/www.versiegelung24.com\\\/lv\\\/universals-blivejums-691-mikstam-absorbejosam-virsmam-tekstils-koks-akmens.html#breadcrumb\",\"itemListElement\":[{\"@type\":\"ListItem\",\"position\":1,\"name\":\"M\u0101jas lapa\",\"item\":\"https:\\\/\\\/www.versiegelung24.com\\\/lv\\\/prieksejais\\\/\"},{\"@type\":\"ListItem\",\"position\":2,\"name\":\"Veikals\",\"item\":\"https:\\\/\\\/www.versiegelung24.com\\\/lv\\\/veikals\\\/\"},{\"@type\":\"ListItem\",\"position\":3,\"name\":\"Univers\u0101ls bl\u012bv\u0113jums 691 &#8220;m\u012bkst\u0101m&#8221; \\\/ absorb\u0113jo\u0161\u0101m virsm\u0101m (tekstils +++, koks ++, akmens ++)\"}]},{\"@type\":\"WebSite\",\"@id\":\"https:\\\/\\\/www.versiegelung24.com\\\/lv\\\/#website\",\"url\":\"https:\\\/\\\/www.versiegelung24.com\\\/lv\\\/\",\"name\":\"versiegelung24.com\",\"description\":\"Fl\u00fcssigglas-Versiegelung - Made in Germany\",\"publisher\":{\"@id\":\"https:\\\/\\\/www.versiegelung24.com\\\/lv\\\/#organization\"},\"potentialAction\":[{\"@type\":\"SearchAction\",\"target\":{\"@type\":\"EntryPoint\",\"urlTemplate\":\"https:\\\/\\\/www.versiegelung24.com\\\/lv\\\/?s={search_term_string}\"},\"query-input\":{\"@type\":\"PropertyValueSpecification\",\"valueRequired\":true,\"valueName\":\"search_term_string\"}}],\"inLanguage\":\"lv-LV\"},{\"@type\":\"Organization\",\"@id\":\"https:\\\/\\\/www.versiegelung24.com\\\/lv\\\/#organization\",\"name\":\"versiegelung24\",\"url\":\"https:\\\/\\\/www.versiegelung24.com\\\/lv\\\/\",\"logo\":{\"@type\":\"ImageObject\",\"inLanguage\":\"lv-LV\",\"@id\":\"https:\\\/\\\/www.versiegelung24.com\\\/lv\\\/#\\\/schema\\\/logo\\\/image\\\/\",\"url\":\"https:\\\/\\\/www.versiegelung24.com\\\/wp-content\\\/uploads\\\/2020\\\/04\\\/versiegelung24.png\",\"contentUrl\":\"https:\\\/\\\/www.versiegelung24.com\\\/wp-content\\\/uploads\\\/2020\\\/04\\\/versiegelung24.png\",\"width\":470,\"height\":102,\"caption\":\"versiegelung24\"},\"image\":{\"@id\":\"https:\\\/\\\/www.versiegelung24.com\\\/lv\\\/#\\\/schema\\\/logo\\\/image\\\/\"}}]}<\/script>\n<meta property=\"product:price:amount\" content=\"74.99\" \/>\n<meta property=\"product:price:currency\" content=\"EUR\" \/>\n<meta property=\"og:availability\" content=\"instock\" \/>\n<meta property=\"product:availability\" content=\"instock\" \/>\n<meta property=\"product:retailer_item_id\" content=\"4006-691-1000\" \/>\n<meta property=\"product:condition\" content=\"new\" \/>\n<!-- \/ Yoast SEO Premium plugin. -->","yoast_head_json":{"title":"Univers\u0101ls bl\u012bv\u0113jums 691 \"m\u012bkst\u0101m\" \/ absorb\u0113jo\u0161\u0101m virsm\u0101m (tekstils +++, koks ++, akmens ++) - versiegelung24.com","robots":{"index":"index","follow":"follow","max-snippet":"max-snippet:-1","max-image-preview":"max-image-preview:large","max-video-preview":"max-video-preview:-1"},"canonical":"https:\/\/www.versiegelung24.com\/lv\/universals-blivejums-691-mikstam-absorbejosam-virsmam-tekstils-koks-akmens.html","og_locale":"lv_LV","og_type":"article","og_title":"Univers\u0101ls bl\u012bv\u0113jums 691 \"m\u012bkst\u0101m\" \/ absorb\u0113jo\u0161\u0101m virsm\u0101m (tekstils +++, koks ++, akmens ++)","og_description":"\u013boti efekt\u012bvs profesion\u0101ls univers\u0101ls bl\u012bv\u0113jums absorb\u0113jo\u0161\u0101m \/ \"m\u012bkst\u0101m\" virsm\u0101m: \u2713 Tekstils \u2713 Akmens \u2713 koks \u2713 Ar viegli t\u012br\u0101mu efektu","og_url":"https:\/\/www.versiegelung24.com\/lv\/universals-blivejums-691-mikstam-absorbejosam-virsmam-tekstils-koks-akmens.html","og_site_name":"versiegelung24.com","article_modified_time":"2025-01-03T23:13:29+00:00","og_image":[{"width":2560,"height":2560,"url":"https:\/\/www.versiegelung24.com\/wp-content\/uploads\/2020\/06\/produkt-4006-691-1000-Universalversiegelung-691-scaled.jpg","type":"image\/jpeg"}],"twitter_card":"summary_large_image","twitter_misc":{"Price":"74,99&euro;","Availability":"In stock"},"schema":{"@context":"https:\/\/schema.org","@graph":[{"@type":"WebPage","@id":"https:\/\/www.versiegelung24.com\/lv\/universals-blivejums-691-mikstam-absorbejosam-virsmam-tekstils-koks-akmens.html","url":"https:\/\/www.versiegelung24.com\/lv\/universals-blivejums-691-mikstam-absorbejosam-virsmam-tekstils-koks-akmens.html","name":"Univers\u0101ls bl\u012bv\u0113jums 691 \"m\u012bkst\u0101m\" \/ absorb\u0113jo\u0161\u0101m virsm\u0101m (tekstils +++, koks ++, akmens ++) - versiegelung24.com","isPartOf":{"@id":"https:\/\/www.versiegelung24.com\/lv\/#website"},"primaryImageOfPage":{"@id":"https:\/\/www.versiegelung24.com\/lv\/universals-blivejums-691-mikstam-absorbejosam-virsmam-tekstils-koks-akmens.html#primaryimage"},"image":{"@id":"https:\/\/www.versiegelung24.com\/lv\/universals-blivejums-691-mikstam-absorbejosam-virsmam-tekstils-koks-akmens.html#primaryimage"},"thumbnailUrl":"https:\/\/www.versiegelung24.com\/wp-content\/uploads\/2020\/06\/produkt-4006-691-1000-Universalversiegelung-691-scaled.jpg","datePublished":"2021-08-02T19:52:59+00:00","dateModified":"2025-01-03T23:13:29+00:00","breadcrumb":{"@id":"https:\/\/www.versiegelung24.com\/lv\/universals-blivejums-691-mikstam-absorbejosam-virsmam-tekstils-koks-akmens.html#breadcrumb"},"inLanguage":"lv-LV","potentialAction":[{"@type":"ReadAction","target":["https:\/\/www.versiegelung24.com\/lv\/universals-blivejums-691-mikstam-absorbejosam-virsmam-tekstils-koks-akmens.html"]}]},{"@type":"ImageObject","inLanguage":"lv-LV","@id":"https:\/\/www.versiegelung24.com\/lv\/universals-blivejums-691-mikstam-absorbejosam-virsmam-tekstils-koks-akmens.html#primaryimage","url":"https:\/\/www.versiegelung24.com\/wp-content\/uploads\/2020\/06\/produkt-4006-691-1000-Universalversiegelung-691-scaled.jpg","contentUrl":"https:\/\/www.versiegelung24.com\/wp-content\/uploads\/2020\/06\/produkt-4006-691-1000-Universalversiegelung-691-scaled.jpg","width":2560,"height":2560},{"@type":"BreadcrumbList","@id":"https:\/\/www.versiegelung24.com\/lv\/universals-blivejums-691-mikstam-absorbejosam-virsmam-tekstils-koks-akmens.html#breadcrumb","itemListElement":[{"@type":"ListItem","position":1,"name":"M\u0101jas lapa","item":"https:\/\/www.versiegelung24.com\/lv\/prieksejais\/"},{"@type":"ListItem","position":2,"name":"Veikals","item":"https:\/\/www.versiegelung24.com\/lv\/veikals\/"},{"@type":"ListItem","position":3,"name":"Univers\u0101ls bl\u012bv\u0113jums 691 &#8220;m\u012bkst\u0101m&#8221; \/ absorb\u0113jo\u0161\u0101m virsm\u0101m (tekstils +++, koks ++, akmens ++)"}]},{"@type":"WebSite","@id":"https:\/\/www.versiegelung24.com\/lv\/#website","url":"https:\/\/www.versiegelung24.com\/lv\/","name":"versiegelung24.com","description":"Fl\u00fcssigglas-Versiegelung - Made in Germany","publisher":{"@id":"https:\/\/www.versiegelung24.com\/lv\/#organization"},"potentialAction":[{"@type":"SearchAction","target":{"@type":"EntryPoint","urlTemplate":"https:\/\/www.versiegelung24.com\/lv\/?s={search_term_string}"},"query-input":{"@type":"PropertyValueSpecification","valueRequired":true,"valueName":"search_term_string"}}],"inLanguage":"lv-LV"},{"@type":"Organization","@id":"https:\/\/www.versiegelung24.com\/lv\/#organization","name":"versiegelung24","url":"https:\/\/www.versiegelung24.com\/lv\/","logo":{"@type":"ImageObject","inLanguage":"lv-LV","@id":"https:\/\/www.versiegelung24.com\/lv\/#\/schema\/logo\/image\/","url":"https:\/\/www.versiegelung24.com\/wp-content\/uploads\/2020\/04\/versiegelung24.png","contentUrl":"https:\/\/www.versiegelung24.com\/wp-content\/uploads\/2020\/04\/versiegelung24.png","width":470,"height":102,"caption":"versiegelung24"},"image":{"@id":"https:\/\/www.versiegelung24.com\/lv\/#\/schema\/logo\/image\/"}}]},"product_price_amount":"74.99","product_price_currency":"EUR","og_availability":"instock","product_availability":"instock","product_retailer_item_id":"4006-691-1000","product_condition":"new"},"_links":{"self":[{"href":"https:\/\/www.versiegelung24.com\/lv\/wp-json\/wp\/v2\/product\/23659","targetHints":{"allow":["GET"]}}],"collection":[{"href":"https:\/\/www.versiegelung24.com\/lv\/wp-json\/wp\/v2\/product"}],"about":[{"href":"https:\/\/www.versiegelung24.com\/lv\/wp-json\/wp\/v2\/types\/product"}],"version-history":[{"count":16,"href":"https:\/\/www.versiegelung24.com\/lv\/wp-json\/wp\/v2\/product\/23659\/revisions"}],"predecessor-version":[{"id":177892,"href":"https:\/\/www.versiegelung24.com\/lv\/wp-json\/wp\/v2\/product\/23659\/revisions\/177892"}],"wp:featuredmedia":[{"embeddable":true,"href":"https:\/\/www.versiegelung24.com\/lv\/wp-json\/wp\/v2\/media\/18290"}],"wp:attachment":[{"href":"https:\/\/www.versiegelung24.com\/lv\/wp-json\/wp\/v2\/media?parent=23659"}],"wp:term":[{"taxonomy":"product_brand","embeddable":true,"href":"https:\/\/www.versiegelung24.com\/lv\/wp-json\/wp\/v2\/product_brand?post=23659"},{"taxonomy":"product_cat","embeddable":true,"href":"https:\/\/www.versiegelung24.com\/lv\/wp-json\/wp\/v2\/product_cat?post=23659"},{"taxonomy":"product_tag","embeddable":true,"href":"https:\/\/www.versiegelung24.com\/lv\/wp-json\/wp\/v2\/product_tag?post=23659"}],"curies":[{"name":"wp","href":"https:\/\/api.w.org\/{rel}","templated":true}]}}