{"id":23732,"date":"2020-04-04T18:53:45","date_gmt":"2021-08-02T19:59:02","guid":{"rendered":"https:\/\/www.versiegelung24.com\/produkt\/nerusejosa-terauda-tiritajs-blu1000-profesionalai-nerusejosa-terauda-virsmu-tirisanai-un-sagatavosanai"},"modified":"2025-03-20T10:01:19","modified_gmt":"2025-03-20T09:01:19","slug":"nerusejosa-terauda-tiritajs-blu1000-profesionalai-nerusejosa-terauda-virsmu-tirisanai-un-sagatavosanai","status":"publish","type":"product","link":"https:\/\/www.versiegelung24.com\/lv\/nerusejosa-terauda-tiritajs-blu1000-profesionalai-nerusejosa-terauda-virsmu-tirisanai-un-sagatavosanai.html","title":{"rendered":"Ner\u016bs\u0113jo\u0161\u0101 t\u0113rauda t\u012br\u012bt\u0101js BLU1000 &#8211; profesion\u0101lai ner\u016bs\u0113jo\u0161\u0101 t\u0113rauda virsmu t\u012br\u012b\u0161anai un sagatavo\u0161anai"},"content":{"rendered":"\n<p><strong>\u012apa\u0161s ner\u016bs\u0113jo\u0161\u0101 t\u0113rauda t\u012br\u012b\u0161anas l\u012bdzeklis BLU1000<\/strong><\/p>\n\n<hr \/>\n\n<h4 class=\"wp-block-heading\" id=\"properties\">Produkta \u012bpa\u0161\u012bbas<\/h4>\n\n<p>Produkts satur \u013coti akt\u012bvus t\u012br\u012b\u0161anas l\u012bdzek\u013cus un piedevas, lai atjaunotu notur\u012bg\u0101kos net\u012brumus, boj\u0101tas, korozijas un neizskat\u012bgas ner\u016bs\u0113jo\u0161\u0101 t\u0113rauda virsmas. Rezult\u0101ts ir laba optisk\u0101 l\u012bdz sp\u012bd\u012bga virsma.<\/p>\n\n<p><br \/><br \/>Pieg\u0101des apjoms: 1 x litra pudele 1 x produkta apraksts<\/p>\n\n<hr \/>\n\n<h4 class=\"wp-block-heading\" id=\"application\">Pieteikums<\/h4>\n\n<p>Iek\u0161\u0113j\u0101s un \u0101r\u0113j\u0101s virsmas no ner\u016bs\u0113jo\u0161\u0101 t\u0113rauda, p\u0101rkl\u0101jumi (met\u0101la, organiskie, neorganiskie) r\u016bpniec\u012bb\u0101, amatniec\u012bb\u0101, luksusa un p\u0101rtikas r\u016bpniec\u012bb\u0101, koplieto\u0161anas telp\u0101s (piem\u0113ram, peldbaseinos, kl\u012bnik\u0101s) un m\u0101jsaimniec\u012bb\u0101.<\/p>\n\n<p>Ner\u016bs\u0113jo\u0161\u0101 t\u0113rauda speci\u0101lais t\u012br\u012b\u0161anas l\u012bdzeklis BLU1000 tiek izmantots k\u0101 \u012bpa\u0161s t\u012br\u012b\u0161anas l\u012bdzeklis, lai not\u012br\u012btu konteinerus, alus dar\u012btavas sist\u0113mas, k\u0101pnes, margas, margas, peldbaseinus, t\u0113rauda fas\u0101des, t\u0113rauda m\u0113beles un daudz ko citu. lietotas.<\/p>\n\n<p>BLU1000 ir \u012bpa\u0161s ner\u016bs\u0113jo\u0161\u0101 t\u0113rauda t\u012br\u012b\u0161anas l\u012bdzeklis, ta\u010du to var izmantot ar\u012b uz cit\u0101m virsm\u0101m. Tom\u0113r \u0161eit, l\u016bdzu, vispirms p\u0101rbaudiet neuzkr\u012bto\u0161\u0101 viet\u0101.<\/p>\n\n<p><br \/>P<strong>at\u0113ri\u0146\u0161<\/strong>: 0,5-1 kg uz 10 m\u00b2.<\/p>\n\n<p>Visa inform\u0101cija nav saisto\u0161a. <br \/>Pirms lieto\u0161anas j\u0101p\u0101rbauda, vai produkts ir piem\u0113rots. Tehnisk\u0101s izmai\u0146as ir iesp\u0113jamas.<\/p>\n","protected":false},"excerpt":{"rendered":"<p><strong>Produkts satur:<\/strong><\/p>\n<p>\u2713 \u013boti akt\u012bvi t\u012br\u012b\u0161anas l\u012bdzek\u013ci un piedevas, lai apstr\u0101d\u0101tu vissmag\u0101ko pies\u0101r\u0146ojumu, boj\u0101tas, korozijas un neizskat\u012bgas ner\u016bs\u0113jo\u0161\u0101 t\u0113rauda virsmas.<\/p>\n<p>\u2713 Tiek izveidota laba optisk\u0101 l\u012bdz sp\u012bd\u012bga virsma.<\/p>\n","protected":false},"featured_media":13213,"template":"","meta":{"_acf_changed":false,"neve_meta_sidebar":"","neve_meta_container":"","neve_meta_enable_content_width":"","neve_meta_content_width":0,"neve_meta_title_alignment":"","neve_meta_author_avatar":"","neve_post_elements_order":"","neve_meta_disable_header":"","neve_meta_disable_footer":"","neve_meta_disable_title":"","neve_meta_reading_time":"","_surfaces":[],"_ver_product_tabs":[],"footnotes":""},"product_brand":[],"product_cat":[2196,2310,2318,2674],"product_tag":[],"class_list":{"0":"post-23732","1":"product","2":"type-product","3":"status-publish","4":"has-post-thumbnail","6":"product_cat-automasinas-blivejums","7":"product_cat-metala-un-plastmasas-blivejums","8":"product_cat-tirisanas-piederumi","9":"product_cat-nerusejosa-terauda-tiritajs","11":"first","12":"instock","13":"taxable","14":"shipping-taxable","15":"purchasable","16":"product-type-simple"},"acf":[],"yoast_head":"<!-- This site is optimized with the Yoast SEO Premium plugin v22.8 (Yoast SEO v27.5) - https:\/\/yoast.com\/product\/yoast-seo-premium-wordpress\/ -->\n<title>Ner\u016bs\u0113jo\u0161\u0101 t\u0113rauda t\u012br\u012bt\u0101js BLU1000 - profesion\u0101lai ner\u016bs\u0113jo\u0161\u0101 t\u0113rauda virsmu t\u012br\u012b\u0161anai un sagatavo\u0161anai - versiegelung24.com<\/title>\n<meta name=\"robots\" content=\"index, follow, max-snippet:-1, max-image-preview:large, max-video-preview:-1\" \/>\n<link rel=\"canonical\" href=\"https:\/\/www.versiegelung24.com\/lv\/nerusejosa-terauda-tiritajs-blu1000-profesionalai-nerusejosa-terauda-virsmu-tirisanai-un-sagatavosanai.html\" \/>\n<meta property=\"og:locale\" content=\"lv_LV\" \/>\n<meta property=\"og:type\" content=\"article\" \/>\n<meta property=\"og:title\" content=\"Ner\u016bs\u0113jo\u0161\u0101 t\u0113rauda t\u012br\u012bt\u0101js BLU1000 - profesion\u0101lai ner\u016bs\u0113jo\u0161\u0101 t\u0113rauda virsmu t\u012br\u012b\u0161anai un sagatavo\u0161anai\" \/>\n<meta property=\"og:description\" content=\"Produkts satur: \u2713 \u013boti akt\u012bvi t\u012br\u012b\u0161anas l\u012bdzek\u013ci un piedevas, lai apstr\u0101d\u0101tu vissmag\u0101ko pies\u0101r\u0146ojumu, boj\u0101tas, korozijas un neizskat\u012bgas ner\u016bs\u0113jo\u0161\u0101 t\u0113rauda virsmas. \u2713 Tiek izveidota laba optisk\u0101 l\u012bdz sp\u012bd\u012bga virsma.\" \/>\n<meta property=\"og:url\" content=\"https:\/\/www.versiegelung24.com\/lv\/nerusejosa-terauda-tiritajs-blu1000-profesionalai-nerusejosa-terauda-virsmu-tirisanai-un-sagatavosanai.html\" \/>\n<meta property=\"og:site_name\" content=\"versiegelung24.com\" \/>\n<meta property=\"article:modified_time\" content=\"2025-03-20T09:01:19+00:00\" \/>\n<meta property=\"og:image\" content=\"https:\/\/www.versiegelung24.com\/wp-content\/uploads\/2020\/04\/produktfoto_edelstahlreiniger.jpg\" \/>\n\t<meta property=\"og:image:width\" content=\"1000\" \/>\n\t<meta property=\"og:image:height\" content=\"1000\" \/>\n\t<meta property=\"og:image:type\" content=\"image\/jpeg\" \/>\n<meta name=\"twitter:card\" content=\"summary_large_image\" \/>\n<meta name=\"twitter:label1\" content=\"Price\" \/>\n\t<meta name=\"twitter:data1\" content=\"49,99&euro;\" \/>\n\t<meta name=\"twitter:label2\" content=\"Availability\" \/>\n\t<meta name=\"twitter:data2\" content=\"In stock\" \/>\n<script type=\"application\/ld+json\" class=\"yoast-schema-graph\">{\"@context\":\"https:\\\/\\\/schema.org\",\"@graph\":[{\"@type\":\"WebPage\",\"@id\":\"https:\\\/\\\/www.versiegelung24.com\\\/lv\\\/nerusejosa-terauda-tiritajs-blu1000-profesionalai-nerusejosa-terauda-virsmu-tirisanai-un-sagatavosanai.html\",\"url\":\"https:\\\/\\\/www.versiegelung24.com\\\/lv\\\/nerusejosa-terauda-tiritajs-blu1000-profesionalai-nerusejosa-terauda-virsmu-tirisanai-un-sagatavosanai.html\",\"name\":\"Ner\u016bs\u0113jo\u0161\u0101 t\u0113rauda t\u012br\u012bt\u0101js BLU1000 - profesion\u0101lai ner\u016bs\u0113jo\u0161\u0101 t\u0113rauda virsmu t\u012br\u012b\u0161anai un sagatavo\u0161anai - versiegelung24.com\",\"isPartOf\":{\"@id\":\"https:\\\/\\\/www.versiegelung24.com\\\/lv\\\/#website\"},\"primaryImageOfPage\":{\"@id\":\"https:\\\/\\\/www.versiegelung24.com\\\/lv\\\/nerusejosa-terauda-tiritajs-blu1000-profesionalai-nerusejosa-terauda-virsmu-tirisanai-un-sagatavosanai.html#primaryimage\"},\"image\":{\"@id\":\"https:\\\/\\\/www.versiegelung24.com\\\/lv\\\/nerusejosa-terauda-tiritajs-blu1000-profesionalai-nerusejosa-terauda-virsmu-tirisanai-un-sagatavosanai.html#primaryimage\"},\"thumbnailUrl\":\"https:\\\/\\\/www.versiegelung24.com\\\/wp-content\\\/uploads\\\/2020\\\/04\\\/produktfoto_edelstahlreiniger.jpg\",\"datePublished\":\"2021-08-02T19:59:02+00:00\",\"dateModified\":\"2025-03-20T09:01:19+00:00\",\"breadcrumb\":{\"@id\":\"https:\\\/\\\/www.versiegelung24.com\\\/lv\\\/nerusejosa-terauda-tiritajs-blu1000-profesionalai-nerusejosa-terauda-virsmu-tirisanai-un-sagatavosanai.html#breadcrumb\"},\"inLanguage\":\"lv-LV\",\"potentialAction\":[{\"@type\":\"ReadAction\",\"target\":[\"https:\\\/\\\/www.versiegelung24.com\\\/lv\\\/nerusejosa-terauda-tiritajs-blu1000-profesionalai-nerusejosa-terauda-virsmu-tirisanai-un-sagatavosanai.html\"]}]},{\"@type\":\"ImageObject\",\"inLanguage\":\"lv-LV\",\"@id\":\"https:\\\/\\\/www.versiegelung24.com\\\/lv\\\/nerusejosa-terauda-tiritajs-blu1000-profesionalai-nerusejosa-terauda-virsmu-tirisanai-un-sagatavosanai.html#primaryimage\",\"url\":\"https:\\\/\\\/www.versiegelung24.com\\\/wp-content\\\/uploads\\\/2020\\\/04\\\/produktfoto_edelstahlreiniger.jpg\",\"contentUrl\":\"https:\\\/\\\/www.versiegelung24.com\\\/wp-content\\\/uploads\\\/2020\\\/04\\\/produktfoto_edelstahlreiniger.jpg\",\"width\":1000,\"height\":1000},{\"@type\":\"BreadcrumbList\",\"@id\":\"https:\\\/\\\/www.versiegelung24.com\\\/lv\\\/nerusejosa-terauda-tiritajs-blu1000-profesionalai-nerusejosa-terauda-virsmu-tirisanai-un-sagatavosanai.html#breadcrumb\",\"itemListElement\":[{\"@type\":\"ListItem\",\"position\":1,\"name\":\"M\u0101jas lapa\",\"item\":\"https:\\\/\\\/www.versiegelung24.com\\\/lv\\\/prieksejais\\\/\"},{\"@type\":\"ListItem\",\"position\":2,\"name\":\"Veikals\",\"item\":\"https:\\\/\\\/www.versiegelung24.com\\\/lv\\\/veikals\\\/\"},{\"@type\":\"ListItem\",\"position\":3,\"name\":\"Ner\u016bs\u0113jo\u0161\u0101 t\u0113rauda t\u012br\u012bt\u0101js BLU1000 &#8211; profesion\u0101lai ner\u016bs\u0113jo\u0161\u0101 t\u0113rauda virsmu t\u012br\u012b\u0161anai un sagatavo\u0161anai\"}]},{\"@type\":\"WebSite\",\"@id\":\"https:\\\/\\\/www.versiegelung24.com\\\/lv\\\/#website\",\"url\":\"https:\\\/\\\/www.versiegelung24.com\\\/lv\\\/\",\"name\":\"versiegelung24.com\",\"description\":\"Fl\u00fcssigglas-Versiegelung - Made in Germany\",\"publisher\":{\"@id\":\"https:\\\/\\\/www.versiegelung24.com\\\/lv\\\/#organization\"},\"potentialAction\":[{\"@type\":\"SearchAction\",\"target\":{\"@type\":\"EntryPoint\",\"urlTemplate\":\"https:\\\/\\\/www.versiegelung24.com\\\/lv\\\/?s={search_term_string}\"},\"query-input\":{\"@type\":\"PropertyValueSpecification\",\"valueRequired\":true,\"valueName\":\"search_term_string\"}}],\"inLanguage\":\"lv-LV\"},{\"@type\":\"Organization\",\"@id\":\"https:\\\/\\\/www.versiegelung24.com\\\/lv\\\/#organization\",\"name\":\"versiegelung24\",\"url\":\"https:\\\/\\\/www.versiegelung24.com\\\/lv\\\/\",\"logo\":{\"@type\":\"ImageObject\",\"inLanguage\":\"lv-LV\",\"@id\":\"https:\\\/\\\/www.versiegelung24.com\\\/lv\\\/#\\\/schema\\\/logo\\\/image\\\/\",\"url\":\"https:\\\/\\\/www.versiegelung24.com\\\/wp-content\\\/uploads\\\/2020\\\/04\\\/versiegelung24.png\",\"contentUrl\":\"https:\\\/\\\/www.versiegelung24.com\\\/wp-content\\\/uploads\\\/2020\\\/04\\\/versiegelung24.png\",\"width\":470,\"height\":102,\"caption\":\"versiegelung24\"},\"image\":{\"@id\":\"https:\\\/\\\/www.versiegelung24.com\\\/lv\\\/#\\\/schema\\\/logo\\\/image\\\/\"}}]}<\/script>\n<meta property=\"product:price:amount\" content=\"49.99\" \/>\n<meta property=\"product:price:currency\" content=\"EUR\" \/>\n<meta property=\"og:availability\" content=\"instock\" \/>\n<meta property=\"product:availability\" content=\"instock\" \/>\n<meta property=\"product:retailer_item_id\" content=\"9001-BLU1000\" \/>\n<meta property=\"product:condition\" content=\"new\" \/>\n<!-- \/ Yoast SEO Premium plugin. -->","yoast_head_json":{"title":"Ner\u016bs\u0113jo\u0161\u0101 t\u0113rauda t\u012br\u012bt\u0101js BLU1000 - profesion\u0101lai ner\u016bs\u0113jo\u0161\u0101 t\u0113rauda virsmu t\u012br\u012b\u0161anai un sagatavo\u0161anai - versiegelung24.com","robots":{"index":"index","follow":"follow","max-snippet":"max-snippet:-1","max-image-preview":"max-image-preview:large","max-video-preview":"max-video-preview:-1"},"canonical":"https:\/\/www.versiegelung24.com\/lv\/nerusejosa-terauda-tiritajs-blu1000-profesionalai-nerusejosa-terauda-virsmu-tirisanai-un-sagatavosanai.html","og_locale":"lv_LV","og_type":"article","og_title":"Ner\u016bs\u0113jo\u0161\u0101 t\u0113rauda t\u012br\u012bt\u0101js BLU1000 - profesion\u0101lai ner\u016bs\u0113jo\u0161\u0101 t\u0113rauda virsmu t\u012br\u012b\u0161anai un sagatavo\u0161anai","og_description":"Produkts satur: \u2713 \u013boti akt\u012bvi t\u012br\u012b\u0161anas l\u012bdzek\u013ci un piedevas, lai apstr\u0101d\u0101tu vissmag\u0101ko pies\u0101r\u0146ojumu, boj\u0101tas, korozijas un neizskat\u012bgas ner\u016bs\u0113jo\u0161\u0101 t\u0113rauda virsmas. \u2713 Tiek izveidota laba optisk\u0101 l\u012bdz sp\u012bd\u012bga virsma.","og_url":"https:\/\/www.versiegelung24.com\/lv\/nerusejosa-terauda-tiritajs-blu1000-profesionalai-nerusejosa-terauda-virsmu-tirisanai-un-sagatavosanai.html","og_site_name":"versiegelung24.com","article_modified_time":"2025-03-20T09:01:19+00:00","og_image":[{"width":1000,"height":1000,"url":"https:\/\/www.versiegelung24.com\/wp-content\/uploads\/2020\/04\/produktfoto_edelstahlreiniger.jpg","type":"image\/jpeg"}],"twitter_card":"summary_large_image","twitter_misc":{"Price":"49,99&euro;","Availability":"In stock"},"schema":{"@context":"https:\/\/schema.org","@graph":[{"@type":"WebPage","@id":"https:\/\/www.versiegelung24.com\/lv\/nerusejosa-terauda-tiritajs-blu1000-profesionalai-nerusejosa-terauda-virsmu-tirisanai-un-sagatavosanai.html","url":"https:\/\/www.versiegelung24.com\/lv\/nerusejosa-terauda-tiritajs-blu1000-profesionalai-nerusejosa-terauda-virsmu-tirisanai-un-sagatavosanai.html","name":"Ner\u016bs\u0113jo\u0161\u0101 t\u0113rauda t\u012br\u012bt\u0101js BLU1000 - profesion\u0101lai ner\u016bs\u0113jo\u0161\u0101 t\u0113rauda virsmu t\u012br\u012b\u0161anai un sagatavo\u0161anai - versiegelung24.com","isPartOf":{"@id":"https:\/\/www.versiegelung24.com\/lv\/#website"},"primaryImageOfPage":{"@id":"https:\/\/www.versiegelung24.com\/lv\/nerusejosa-terauda-tiritajs-blu1000-profesionalai-nerusejosa-terauda-virsmu-tirisanai-un-sagatavosanai.html#primaryimage"},"image":{"@id":"https:\/\/www.versiegelung24.com\/lv\/nerusejosa-terauda-tiritajs-blu1000-profesionalai-nerusejosa-terauda-virsmu-tirisanai-un-sagatavosanai.html#primaryimage"},"thumbnailUrl":"https:\/\/www.versiegelung24.com\/wp-content\/uploads\/2020\/04\/produktfoto_edelstahlreiniger.jpg","datePublished":"2021-08-02T19:59:02+00:00","dateModified":"2025-03-20T09:01:19+00:00","breadcrumb":{"@id":"https:\/\/www.versiegelung24.com\/lv\/nerusejosa-terauda-tiritajs-blu1000-profesionalai-nerusejosa-terauda-virsmu-tirisanai-un-sagatavosanai.html#breadcrumb"},"inLanguage":"lv-LV","potentialAction":[{"@type":"ReadAction","target":["https:\/\/www.versiegelung24.com\/lv\/nerusejosa-terauda-tiritajs-blu1000-profesionalai-nerusejosa-terauda-virsmu-tirisanai-un-sagatavosanai.html"]}]},{"@type":"ImageObject","inLanguage":"lv-LV","@id":"https:\/\/www.versiegelung24.com\/lv\/nerusejosa-terauda-tiritajs-blu1000-profesionalai-nerusejosa-terauda-virsmu-tirisanai-un-sagatavosanai.html#primaryimage","url":"https:\/\/www.versiegelung24.com\/wp-content\/uploads\/2020\/04\/produktfoto_edelstahlreiniger.jpg","contentUrl":"https:\/\/www.versiegelung24.com\/wp-content\/uploads\/2020\/04\/produktfoto_edelstahlreiniger.jpg","width":1000,"height":1000},{"@type":"BreadcrumbList","@id":"https:\/\/www.versiegelung24.com\/lv\/nerusejosa-terauda-tiritajs-blu1000-profesionalai-nerusejosa-terauda-virsmu-tirisanai-un-sagatavosanai.html#breadcrumb","itemListElement":[{"@type":"ListItem","position":1,"name":"M\u0101jas lapa","item":"https:\/\/www.versiegelung24.com\/lv\/prieksejais\/"},{"@type":"ListItem","position":2,"name":"Veikals","item":"https:\/\/www.versiegelung24.com\/lv\/veikals\/"},{"@type":"ListItem","position":3,"name":"Ner\u016bs\u0113jo\u0161\u0101 t\u0113rauda t\u012br\u012bt\u0101js BLU1000 &#8211; profesion\u0101lai ner\u016bs\u0113jo\u0161\u0101 t\u0113rauda virsmu t\u012br\u012b\u0161anai un sagatavo\u0161anai"}]},{"@type":"WebSite","@id":"https:\/\/www.versiegelung24.com\/lv\/#website","url":"https:\/\/www.versiegelung24.com\/lv\/","name":"versiegelung24.com","description":"Fl\u00fcssigglas-Versiegelung - Made in Germany","publisher":{"@id":"https:\/\/www.versiegelung24.com\/lv\/#organization"},"potentialAction":[{"@type":"SearchAction","target":{"@type":"EntryPoint","urlTemplate":"https:\/\/www.versiegelung24.com\/lv\/?s={search_term_string}"},"query-input":{"@type":"PropertyValueSpecification","valueRequired":true,"valueName":"search_term_string"}}],"inLanguage":"lv-LV"},{"@type":"Organization","@id":"https:\/\/www.versiegelung24.com\/lv\/#organization","name":"versiegelung24","url":"https:\/\/www.versiegelung24.com\/lv\/","logo":{"@type":"ImageObject","inLanguage":"lv-LV","@id":"https:\/\/www.versiegelung24.com\/lv\/#\/schema\/logo\/image\/","url":"https:\/\/www.versiegelung24.com\/wp-content\/uploads\/2020\/04\/versiegelung24.png","contentUrl":"https:\/\/www.versiegelung24.com\/wp-content\/uploads\/2020\/04\/versiegelung24.png","width":470,"height":102,"caption":"versiegelung24"},"image":{"@id":"https:\/\/www.versiegelung24.com\/lv\/#\/schema\/logo\/image\/"}}]},"product_price_amount":"49.99","product_price_currency":"EUR","og_availability":"instock","product_availability":"instock","product_retailer_item_id":"9001-BLU1000","product_condition":"new"},"_links":{"self":[{"href":"https:\/\/www.versiegelung24.com\/lv\/wp-json\/wp\/v2\/product\/23732","targetHints":{"allow":["GET"]}}],"collection":[{"href":"https:\/\/www.versiegelung24.com\/lv\/wp-json\/wp\/v2\/product"}],"about":[{"href":"https:\/\/www.versiegelung24.com\/lv\/wp-json\/wp\/v2\/types\/product"}],"version-history":[{"count":14,"href":"https:\/\/www.versiegelung24.com\/lv\/wp-json\/wp\/v2\/product\/23732\/revisions"}],"predecessor-version":[{"id":181072,"href":"https:\/\/www.versiegelung24.com\/lv\/wp-json\/wp\/v2\/product\/23732\/revisions\/181072"}],"wp:featuredmedia":[{"embeddable":true,"href":"https:\/\/www.versiegelung24.com\/lv\/wp-json\/wp\/v2\/media\/13213"}],"wp:attachment":[{"href":"https:\/\/www.versiegelung24.com\/lv\/wp-json\/wp\/v2\/media?parent=23732"}],"wp:term":[{"taxonomy":"product_brand","embeddable":true,"href":"https:\/\/www.versiegelung24.com\/lv\/wp-json\/wp\/v2\/product_brand?post=23732"},{"taxonomy":"product_cat","embeddable":true,"href":"https:\/\/www.versiegelung24.com\/lv\/wp-json\/wp\/v2\/product_cat?post=23732"},{"taxonomy":"product_tag","embeddable":true,"href":"https:\/\/www.versiegelung24.com\/lv\/wp-json\/wp\/v2\/product_tag?post=23732"}],"curies":[{"name":"wp","href":"https:\/\/api.w.org\/{rel}","templated":true}]}}