{"id":24011,"date":"2020-04-04T18:53:45","date_gmt":"2021-08-02T20:18:44","guid":{"rendered":"https:\/\/www.versiegelung24.com\/produkt\/augstas-kvalitates-tekstilizstradajumu-un-papira-blivejums-ar-arkartigi-udens-atgrudosu-iedarbibu"},"modified":"2025-01-04T00:09:47","modified_gmt":"2025-01-03T23:09:47","slug":"augstakas-kvalitates-tekstilizstradajumu-un-papira-blivejums-ar-arkarteju-udensnecaurlaidibu","status":"publish","type":"product","link":"https:\/\/www.versiegelung24.com\/lv\/augstakas-kvalitates-tekstilizstradajumu-un-papira-blivejums-ar-arkarteju-udensnecaurlaidibu.html","title":{"rendered":"Dura Tex &#8211; augst\u0101k\u0101s kvalit\u0101tes tekstilmateri\u0101lu herm\u0113ti\u0137is ar \u012bpa\u0161i augstu \u016bdensnecaurlaid\u012bbu"},"content":{"rendered":"\n<p><strong>\u013boti efekt\u012bvs augst\u0101k\u0101s kvalit\u0101tes tekstila herm\u0113ti\u0137is ar \u012bpa\u0161i augstu \u016bdensnecaurlaid\u012bbu, piem\u0113rots gan iek\u0161telp\u0101s, gan \u0101rpus t\u0101m.<\/strong><\/p>\n\n<p>Profesion\u0101la kvalit\u0101te &#8211; ra\u017eots V\u0101cij\u0101<\/p>\n\n<p>Preces numurs: 6002-7689<\/p>\n\n<p><strong>V24 Dura Tex &#8211; Premium Textile Sealer<\/strong> aizsarg\u0101 gandr\u012bz visu veidu tekstilmateri\u0101lus un pap\u012bru no \u016bdens, net\u012brumiem un traipiem un pats paliek neredzams. Tas nek\u0101d\u0101 veid\u0101 neietekm\u0113 to izskatu, elpojam\u012bbu, kr\u0101su vai saj\u016btu un ir viegli kopjams.<\/p>\n\n<p>P\u0101rkl\u0101jums ir \u0101rk\u0101rt\u012bgi \u016bdensnecaurlaid\u012bgs \u0101ra audumiem; t\u0101p\u0113c tie ilg\u0101k paliek sausi. E\u013c\u013ca, kafija un citi izplat\u012bti traipi ir pag\u0101tne, ja tekstilizstr\u0101d\u0101jumi ir iepriek\u0161 apstr\u0101d\u0101ti.<\/p>\n\n<hr\/>\n\n<h4 class=\"wp-block-heading\" id=\"properties\">Produkta \u012bpa\u0161\u012bbas<\/h4>\n\n<div class=\"wp-block-columns is-layout-flex wp-container-core-columns-is-layout-9d6595d7 wp-block-columns-is-layout-flex\">\n<div class=\"wp-block-column is-layout-flow wp-block-column-is-layout-flow\">\n<ul class=\"wp-block-list\">\n<li>\u013boti sp\u0113c\u012bga hidrofob\u0101 un oleofob\u0101 iedarb\u012bba (\u016bdens un e\u013c\u013cas atgr\u016b\u0161ana).<\/li>\n\n\n\n<li>Nodilumiztur\u012bgs, viegli t\u012br\u0101ms efekts: cieta \u0137\u012bmiska saite nodro\u0161ina lielisku nodilumiztur\u012bbu un ve\u013cas mazg\u0101jam\u0101s ma\u0161\u012bnas iztur\u012bbu-p\u0101rkl\u0101jums pie\u0137eras \u0161\u0137iedrai, l\u012bdz to izn\u012bcina \u0101r\u0113ja ietekme<\/li>\n\n\n\n<li>Piemais\u012bjumus var viegli no\u0146emt ar mitru dr\u0101nu<\/li>\n\n\n\n<li>Elpojo\u0161s<\/li>\n\n\n\n<li>Neredzams (nemain\u0101s izskats un saj\u016bta)<\/li>\n\n\n\n<li>Sp\u0113c\u012bgas nelip\u0161anas \u012bpa\u0161\u012bbas<\/li>\n\n\n\n<li>Aizsardz\u012bba pret traipiem<\/li>\n<\/ul>\n<\/div>\n\n\n\n<div class=\"wp-block-column is-layout-flow wp-block-column-is-layout-flow\">\n<ul class=\"wp-block-list\">\n<li>Palielina iztur\u012bbu pret nodilumu<\/li>\n\n\n\n<li>Nav izskata pasliktin\u0101\u0161an\u0101s<\/li>\n\n\n\n<li>SiO\u00b2 nano tehnolo\u0123ija<\/li>\n\n\n\n<li>\u0160\u0137iedru aizsardz\u012bba pret net\u012brumu da\u013ci\u0146u iek\u013c\u016b\u0161anu<\/li>\n\n\n\n<li>Vienk\u0101r\u0161a aplik\u0101cija<\/li>\n\n\n\n<li>Ilgs glab\u0101\u0161anas laiks atkar\u012bb\u0101 no meh\u0101nisk\u0101 sprieguma<\/li>\n<\/ul>\n\n\n\n<p><br\/><br\/>Pieg\u0101des apjoms: 1 x litra pudele 1 x produkta apraksts<\/p>\n<\/div>\n<\/div>\n\n<hr\/>\n\n<h4 class=\"wp-block-heading\" id=\"application\">Pieteikums<\/h4>\n\n<div class=\"wp-block-columns is-layout-flex wp-container-core-columns-is-layout-9d6595d7 wp-block-columns-is-layout-flex\">\n<div class=\"wp-block-column is-layout-flow wp-block-column-is-layout-flow\">\n<ul class=\"wp-block-list\">\n<li>ap\u0123\u0113rbu<\/li>\n\n\n\n<li>\u0100ra audumi<\/li>\n\n\n\n<li>M\u0101jas tekstils (polster\u0113jums, m\u0113beles, pakl\u0101ji)<\/li>\n\n\n\n<li>Zam\u0161\u0101das \/ \u0101das<\/li>\n\n\n\n<li>Pap\u012bra kast\u012bte<\/li>\n<\/ul>\n\n\n\n<p>Pat\u0113ri\u0146\u0161 ir \u013coti atkar\u012bgs no p\u0101rkl\u0101juma materi\u0101la strukt\u016bras, absorbcijas un biezuma, aptuveni 10-50 m\u00b2 \/ litr\u0101 (apm\u0113ram 10 ml \/ m\u00b2 uz 1 mm biezuma atkar\u012bb\u0101 no absorbcijas).<\/p>\n<\/div>\n\n\n\n<div class=\"wp-block-column is-layout-flow wp-block-column-is-layout-flow\">\n<p>Vienk\u0101r\u0161a pielieto\u0161ana:<\/p>\n\n\n\n<p>1. Manu\u0101ls: uzkl\u0101\u0161ana, samitrinot tekstilizstr\u0101d\u0101jumus (izsmidzinot vai iegremd\u0113jot)<\/p>\n\n\n\n<p>2. R\u016bpnieciskais: lietojums, kas pieejams komerci\u0101li pieejam\u0101s sist\u0113m\u0101s<\/p>\n\n\n\n<p><br\/>\u0160is SiO2 p\u0101rkl\u0101jums ir piln\u012bb\u0101 sa\u0161\u016bts un saciet\u0113 p\u0113c 24 stund\u0101m. Viegli t\u012br\u0101mo efektu pirmo reizi var p\u0101rbaud\u012bt p\u0113c \u0161\u012bs saciet\u0113\u0161anas f\u0101zes.<\/p>\n<\/div>\n<\/div>\n","protected":false},"excerpt":{"rendered":"<p>\u2713 Elpojo\u0161s<\/p>\n<p>\u2713 Aizsardz\u012bba pret traipiem<\/p>\n<p>\u2713 Ar izcilu \u016bdens atgr\u016b\u0161anas sp\u0113ju<\/p>\n<p>\u2713 Iek\u0161pus\u0113 un \u0101r\u0101<\/p>\n","protected":false},"featured_media":125326,"template":"","meta":{"_acf_changed":false,"neve_meta_sidebar":"","neve_meta_container":"","neve_meta_enable_content_width":"","neve_meta_content_width":0,"neve_meta_title_alignment":"","neve_meta_author_avatar":"","neve_post_elements_order":"","neve_meta_disable_header":"","neve_meta_disable_footer":"","neve_meta_disable_title":"","neve_meta_reading_time":"","_surfaces":[],"_ver_product_tabs":[],"footnotes":""},"product_brand":[],"product_cat":[2308],"product_tag":[],"class_list":{"0":"post-24011","1":"product","2":"type-product","3":"status-publish","4":"has-post-thumbnail","6":"product_cat-adas-un-tekstila-blivejums","8":"first","9":"instock","10":"taxable","11":"shipping-taxable","12":"purchasable","13":"product-type-simple"},"acf":[],"yoast_head":"<!-- This site is optimized with the Yoast SEO Premium plugin v22.8 (Yoast SEO v27.5) - https:\/\/yoast.com\/product\/yoast-seo-premium-wordpress\/ -->\n<title>Dura Tex - augst\u0101k\u0101s kvalit\u0101tes tekstilmateri\u0101lu herm\u0113ti\u0137is ar \u012bpa\u0161i augstu \u016bdensnecaurlaid\u012bbu - versiegelung24.com<\/title>\n<meta name=\"robots\" content=\"index, follow, max-snippet:-1, max-image-preview:large, max-video-preview:-1\" \/>\n<link rel=\"canonical\" href=\"https:\/\/www.versiegelung24.com\/lv\/augstakas-kvalitates-tekstilizstradajumu-un-papira-blivejums-ar-arkarteju-udensnecaurlaidibu.html\" \/>\n<meta property=\"og:locale\" content=\"lv_LV\" \/>\n<meta property=\"og:type\" content=\"article\" \/>\n<meta property=\"og:title\" content=\"Dura Tex - augst\u0101k\u0101s kvalit\u0101tes tekstilmateri\u0101lu herm\u0113ti\u0137is ar \u012bpa\u0161i augstu \u016bdensnecaurlaid\u012bbu\" \/>\n<meta property=\"og:description\" content=\"\u2713 Elpojo\u0161s \u2713 Aizsardz\u012bba pret traipiem \u2713 Ar izcilu \u016bdens atgr\u016b\u0161anas sp\u0113ju \u2713 Iek\u0161pus\u0113 un \u0101r\u0101\" \/>\n<meta property=\"og:url\" content=\"https:\/\/www.versiegelung24.com\/lv\/augstakas-kvalitates-tekstilizstradajumu-un-papira-blivejums-ar-arkarteju-udensnecaurlaidibu.html\" \/>\n<meta property=\"og:site_name\" content=\"versiegelung24.com\" \/>\n<meta property=\"article:modified_time\" content=\"2025-01-03T23:09:47+00:00\" \/>\n<meta property=\"og:image\" content=\"https:\/\/www.versiegelung24.com\/wp-content\/uploads\/2020\/04\/produkt-6002-7689-1000-dura-tex-Premium-Textil-Papierversiegelung-scaled.webp\" \/>\n\t<meta property=\"og:image:width\" content=\"2560\" \/>\n\t<meta property=\"og:image:height\" content=\"2560\" \/>\n\t<meta property=\"og:image:type\" content=\"image\/webp\" \/>\n<meta name=\"twitter:card\" content=\"summary_large_image\" \/>\n<meta name=\"twitter:label1\" content=\"Price\" \/>\n\t<meta name=\"twitter:data1\" content=\"89,99&euro;\" \/>\n\t<meta name=\"twitter:label2\" content=\"Availability\" \/>\n\t<meta name=\"twitter:data2\" content=\"In stock\" \/>\n<script type=\"application\/ld+json\" class=\"yoast-schema-graph\">{\"@context\":\"https:\\\/\\\/schema.org\",\"@graph\":[{\"@type\":\"WebPage\",\"@id\":\"https:\\\/\\\/www.versiegelung24.com\\\/lv\\\/augstakas-kvalitates-tekstilizstradajumu-un-papira-blivejums-ar-arkarteju-udensnecaurlaidibu.html\",\"url\":\"https:\\\/\\\/www.versiegelung24.com\\\/lv\\\/augstakas-kvalitates-tekstilizstradajumu-un-papira-blivejums-ar-arkarteju-udensnecaurlaidibu.html\",\"name\":\"Dura Tex - augst\u0101k\u0101s kvalit\u0101tes tekstilmateri\u0101lu herm\u0113ti\u0137is ar \u012bpa\u0161i augstu \u016bdensnecaurlaid\u012bbu - versiegelung24.com\",\"isPartOf\":{\"@id\":\"https:\\\/\\\/www.versiegelung24.com\\\/lv\\\/#website\"},\"primaryImageOfPage\":{\"@id\":\"https:\\\/\\\/www.versiegelung24.com\\\/lv\\\/augstakas-kvalitates-tekstilizstradajumu-un-papira-blivejums-ar-arkarteju-udensnecaurlaidibu.html#primaryimage\"},\"image\":{\"@id\":\"https:\\\/\\\/www.versiegelung24.com\\\/lv\\\/augstakas-kvalitates-tekstilizstradajumu-un-papira-blivejums-ar-arkarteju-udensnecaurlaidibu.html#primaryimage\"},\"thumbnailUrl\":\"https:\\\/\\\/www.versiegelung24.com\\\/wp-content\\\/uploads\\\/2020\\\/04\\\/produkt-6002-7689-1000-dura-tex-Premium-Textil-Papierversiegelung-scaled.webp\",\"datePublished\":\"2021-08-02T20:18:44+00:00\",\"dateModified\":\"2025-01-03T23:09:47+00:00\",\"breadcrumb\":{\"@id\":\"https:\\\/\\\/www.versiegelung24.com\\\/lv\\\/augstakas-kvalitates-tekstilizstradajumu-un-papira-blivejums-ar-arkarteju-udensnecaurlaidibu.html#breadcrumb\"},\"inLanguage\":\"lv-LV\",\"potentialAction\":[{\"@type\":\"ReadAction\",\"target\":[\"https:\\\/\\\/www.versiegelung24.com\\\/lv\\\/augstakas-kvalitates-tekstilizstradajumu-un-papira-blivejums-ar-arkarteju-udensnecaurlaidibu.html\"]}]},{\"@type\":\"ImageObject\",\"inLanguage\":\"lv-LV\",\"@id\":\"https:\\\/\\\/www.versiegelung24.com\\\/lv\\\/augstakas-kvalitates-tekstilizstradajumu-un-papira-blivejums-ar-arkarteju-udensnecaurlaidibu.html#primaryimage\",\"url\":\"https:\\\/\\\/www.versiegelung24.com\\\/wp-content\\\/uploads\\\/2020\\\/04\\\/produkt-6002-7689-1000-dura-tex-Premium-Textil-Papierversiegelung-scaled.webp\",\"contentUrl\":\"https:\\\/\\\/www.versiegelung24.com\\\/wp-content\\\/uploads\\\/2020\\\/04\\\/produkt-6002-7689-1000-dura-tex-Premium-Textil-Papierversiegelung-scaled.webp\",\"width\":2560,\"height\":2560},{\"@type\":\"BreadcrumbList\",\"@id\":\"https:\\\/\\\/www.versiegelung24.com\\\/lv\\\/augstakas-kvalitates-tekstilizstradajumu-un-papira-blivejums-ar-arkarteju-udensnecaurlaidibu.html#breadcrumb\",\"itemListElement\":[{\"@type\":\"ListItem\",\"position\":1,\"name\":\"M\u0101jas lapa\",\"item\":\"https:\\\/\\\/www.versiegelung24.com\\\/lv\\\/prieksejais\\\/\"},{\"@type\":\"ListItem\",\"position\":2,\"name\":\"Veikals\",\"item\":\"https:\\\/\\\/www.versiegelung24.com\\\/lv\\\/veikals\\\/\"},{\"@type\":\"ListItem\",\"position\":3,\"name\":\"Dura Tex &#8211; augst\u0101k\u0101s kvalit\u0101tes tekstilmateri\u0101lu herm\u0113ti\u0137is ar \u012bpa\u0161i augstu \u016bdensnecaurlaid\u012bbu\"}]},{\"@type\":\"WebSite\",\"@id\":\"https:\\\/\\\/www.versiegelung24.com\\\/lv\\\/#website\",\"url\":\"https:\\\/\\\/www.versiegelung24.com\\\/lv\\\/\",\"name\":\"versiegelung24.com\",\"description\":\"Fl\u00fcssigglas-Versiegelung - Made in Germany\",\"publisher\":{\"@id\":\"https:\\\/\\\/www.versiegelung24.com\\\/lv\\\/#organization\"},\"potentialAction\":[{\"@type\":\"SearchAction\",\"target\":{\"@type\":\"EntryPoint\",\"urlTemplate\":\"https:\\\/\\\/www.versiegelung24.com\\\/lv\\\/?s={search_term_string}\"},\"query-input\":{\"@type\":\"PropertyValueSpecification\",\"valueRequired\":true,\"valueName\":\"search_term_string\"}}],\"inLanguage\":\"lv-LV\"},{\"@type\":\"Organization\",\"@id\":\"https:\\\/\\\/www.versiegelung24.com\\\/lv\\\/#organization\",\"name\":\"versiegelung24\",\"url\":\"https:\\\/\\\/www.versiegelung24.com\\\/lv\\\/\",\"logo\":{\"@type\":\"ImageObject\",\"inLanguage\":\"lv-LV\",\"@id\":\"https:\\\/\\\/www.versiegelung24.com\\\/lv\\\/#\\\/schema\\\/logo\\\/image\\\/\",\"url\":\"https:\\\/\\\/www.versiegelung24.com\\\/wp-content\\\/uploads\\\/2020\\\/04\\\/versiegelung24.png\",\"contentUrl\":\"https:\\\/\\\/www.versiegelung24.com\\\/wp-content\\\/uploads\\\/2020\\\/04\\\/versiegelung24.png\",\"width\":470,\"height\":102,\"caption\":\"versiegelung24\"},\"image\":{\"@id\":\"https:\\\/\\\/www.versiegelung24.com\\\/lv\\\/#\\\/schema\\\/logo\\\/image\\\/\"}}]}<\/script>\n<meta property=\"product:price:amount\" content=\"89.99\" \/>\n<meta property=\"product:price:currency\" content=\"EUR\" \/>\n<meta property=\"og:availability\" content=\"instock\" \/>\n<meta property=\"product:availability\" content=\"instock\" \/>\n<meta property=\"product:retailer_item_id\" content=\"6002-7689-1000\" \/>\n<meta property=\"product:condition\" content=\"new\" \/>\n<!-- \/ Yoast SEO Premium plugin. -->","yoast_head_json":{"title":"Dura Tex - augst\u0101k\u0101s kvalit\u0101tes tekstilmateri\u0101lu herm\u0113ti\u0137is ar \u012bpa\u0161i augstu \u016bdensnecaurlaid\u012bbu - versiegelung24.com","robots":{"index":"index","follow":"follow","max-snippet":"max-snippet:-1","max-image-preview":"max-image-preview:large","max-video-preview":"max-video-preview:-1"},"canonical":"https:\/\/www.versiegelung24.com\/lv\/augstakas-kvalitates-tekstilizstradajumu-un-papira-blivejums-ar-arkarteju-udensnecaurlaidibu.html","og_locale":"lv_LV","og_type":"article","og_title":"Dura Tex - augst\u0101k\u0101s kvalit\u0101tes tekstilmateri\u0101lu herm\u0113ti\u0137is ar \u012bpa\u0161i augstu \u016bdensnecaurlaid\u012bbu","og_description":"\u2713 Elpojo\u0161s \u2713 Aizsardz\u012bba pret traipiem \u2713 Ar izcilu \u016bdens atgr\u016b\u0161anas sp\u0113ju \u2713 Iek\u0161pus\u0113 un \u0101r\u0101","og_url":"https:\/\/www.versiegelung24.com\/lv\/augstakas-kvalitates-tekstilizstradajumu-un-papira-blivejums-ar-arkarteju-udensnecaurlaidibu.html","og_site_name":"versiegelung24.com","article_modified_time":"2025-01-03T23:09:47+00:00","og_image":[{"width":2560,"height":2560,"url":"https:\/\/www.versiegelung24.com\/wp-content\/uploads\/2020\/04\/produkt-6002-7689-1000-dura-tex-Premium-Textil-Papierversiegelung-scaled.webp","type":"image\/webp"}],"twitter_card":"summary_large_image","twitter_misc":{"Price":"89,99&euro;","Availability":"In stock"},"schema":{"@context":"https:\/\/schema.org","@graph":[{"@type":"WebPage","@id":"https:\/\/www.versiegelung24.com\/lv\/augstakas-kvalitates-tekstilizstradajumu-un-papira-blivejums-ar-arkarteju-udensnecaurlaidibu.html","url":"https:\/\/www.versiegelung24.com\/lv\/augstakas-kvalitates-tekstilizstradajumu-un-papira-blivejums-ar-arkarteju-udensnecaurlaidibu.html","name":"Dura Tex - augst\u0101k\u0101s kvalit\u0101tes tekstilmateri\u0101lu herm\u0113ti\u0137is ar \u012bpa\u0161i augstu \u016bdensnecaurlaid\u012bbu - versiegelung24.com","isPartOf":{"@id":"https:\/\/www.versiegelung24.com\/lv\/#website"},"primaryImageOfPage":{"@id":"https:\/\/www.versiegelung24.com\/lv\/augstakas-kvalitates-tekstilizstradajumu-un-papira-blivejums-ar-arkarteju-udensnecaurlaidibu.html#primaryimage"},"image":{"@id":"https:\/\/www.versiegelung24.com\/lv\/augstakas-kvalitates-tekstilizstradajumu-un-papira-blivejums-ar-arkarteju-udensnecaurlaidibu.html#primaryimage"},"thumbnailUrl":"https:\/\/www.versiegelung24.com\/wp-content\/uploads\/2020\/04\/produkt-6002-7689-1000-dura-tex-Premium-Textil-Papierversiegelung-scaled.webp","datePublished":"2021-08-02T20:18:44+00:00","dateModified":"2025-01-03T23:09:47+00:00","breadcrumb":{"@id":"https:\/\/www.versiegelung24.com\/lv\/augstakas-kvalitates-tekstilizstradajumu-un-papira-blivejums-ar-arkarteju-udensnecaurlaidibu.html#breadcrumb"},"inLanguage":"lv-LV","potentialAction":[{"@type":"ReadAction","target":["https:\/\/www.versiegelung24.com\/lv\/augstakas-kvalitates-tekstilizstradajumu-un-papira-blivejums-ar-arkarteju-udensnecaurlaidibu.html"]}]},{"@type":"ImageObject","inLanguage":"lv-LV","@id":"https:\/\/www.versiegelung24.com\/lv\/augstakas-kvalitates-tekstilizstradajumu-un-papira-blivejums-ar-arkarteju-udensnecaurlaidibu.html#primaryimage","url":"https:\/\/www.versiegelung24.com\/wp-content\/uploads\/2020\/04\/produkt-6002-7689-1000-dura-tex-Premium-Textil-Papierversiegelung-scaled.webp","contentUrl":"https:\/\/www.versiegelung24.com\/wp-content\/uploads\/2020\/04\/produkt-6002-7689-1000-dura-tex-Premium-Textil-Papierversiegelung-scaled.webp","width":2560,"height":2560},{"@type":"BreadcrumbList","@id":"https:\/\/www.versiegelung24.com\/lv\/augstakas-kvalitates-tekstilizstradajumu-un-papira-blivejums-ar-arkarteju-udensnecaurlaidibu.html#breadcrumb","itemListElement":[{"@type":"ListItem","position":1,"name":"M\u0101jas lapa","item":"https:\/\/www.versiegelung24.com\/lv\/prieksejais\/"},{"@type":"ListItem","position":2,"name":"Veikals","item":"https:\/\/www.versiegelung24.com\/lv\/veikals\/"},{"@type":"ListItem","position":3,"name":"Dura Tex &#8211; augst\u0101k\u0101s kvalit\u0101tes tekstilmateri\u0101lu herm\u0113ti\u0137is ar \u012bpa\u0161i augstu \u016bdensnecaurlaid\u012bbu"}]},{"@type":"WebSite","@id":"https:\/\/www.versiegelung24.com\/lv\/#website","url":"https:\/\/www.versiegelung24.com\/lv\/","name":"versiegelung24.com","description":"Fl\u00fcssigglas-Versiegelung - Made in Germany","publisher":{"@id":"https:\/\/www.versiegelung24.com\/lv\/#organization"},"potentialAction":[{"@type":"SearchAction","target":{"@type":"EntryPoint","urlTemplate":"https:\/\/www.versiegelung24.com\/lv\/?s={search_term_string}"},"query-input":{"@type":"PropertyValueSpecification","valueRequired":true,"valueName":"search_term_string"}}],"inLanguage":"lv-LV"},{"@type":"Organization","@id":"https:\/\/www.versiegelung24.com\/lv\/#organization","name":"versiegelung24","url":"https:\/\/www.versiegelung24.com\/lv\/","logo":{"@type":"ImageObject","inLanguage":"lv-LV","@id":"https:\/\/www.versiegelung24.com\/lv\/#\/schema\/logo\/image\/","url":"https:\/\/www.versiegelung24.com\/wp-content\/uploads\/2020\/04\/versiegelung24.png","contentUrl":"https:\/\/www.versiegelung24.com\/wp-content\/uploads\/2020\/04\/versiegelung24.png","width":470,"height":102,"caption":"versiegelung24"},"image":{"@id":"https:\/\/www.versiegelung24.com\/lv\/#\/schema\/logo\/image\/"}}]},"product_price_amount":"89.99","product_price_currency":"EUR","og_availability":"instock","product_availability":"instock","product_retailer_item_id":"6002-7689-1000","product_condition":"new"},"_links":{"self":[{"href":"https:\/\/www.versiegelung24.com\/lv\/wp-json\/wp\/v2\/product\/24011","targetHints":{"allow":["GET"]}}],"collection":[{"href":"https:\/\/www.versiegelung24.com\/lv\/wp-json\/wp\/v2\/product"}],"about":[{"href":"https:\/\/www.versiegelung24.com\/lv\/wp-json\/wp\/v2\/types\/product"}],"version-history":[{"count":13,"href":"https:\/\/www.versiegelung24.com\/lv\/wp-json\/wp\/v2\/product\/24011\/revisions"}],"predecessor-version":[{"id":177842,"href":"https:\/\/www.versiegelung24.com\/lv\/wp-json\/wp\/v2\/product\/24011\/revisions\/177842"}],"wp:featuredmedia":[{"embeddable":true,"href":"https:\/\/www.versiegelung24.com\/lv\/wp-json\/wp\/v2\/media\/125326"}],"wp:attachment":[{"href":"https:\/\/www.versiegelung24.com\/lv\/wp-json\/wp\/v2\/media?parent=24011"}],"wp:term":[{"taxonomy":"product_brand","embeddable":true,"href":"https:\/\/www.versiegelung24.com\/lv\/wp-json\/wp\/v2\/product_brand?post=24011"},{"taxonomy":"product_cat","embeddable":true,"href":"https:\/\/www.versiegelung24.com\/lv\/wp-json\/wp\/v2\/product_cat?post=24011"},{"taxonomy":"product_tag","embeddable":true,"href":"https:\/\/www.versiegelung24.com\/lv\/wp-json\/wp\/v2\/product_tag?post=24011"}],"curies":[{"name":"wp","href":"https:\/\/api.w.org\/{rel}","templated":true}]}}