{"id":24112,"date":"2020-04-27T21:49:59","date_gmt":"2021-08-02T20:25:48","guid":{"rendered":"https:\/\/www.versiegelung24.com\/produkt\/pieminekla-akmens-akmens-un-betona-augstas-veiktspejas-blivejums"},"modified":"2025-03-20T09:53:57","modified_gmt":"2025-03-20T08:53:57","slug":"piemineklis-akmens-akmens-un-betons-augstas-veiktspejas-blivejums","status":"publish","type":"product","link":"https:\/\/www.versiegelung24.com\/lv\/piemineklu-akmens-akmens-un-betona-augstas-veiktspejas-blivejums.html","title":{"rendered":"Pieminek\u013cu akmens&nbsp;\u2014 akmens un betona \u0161\u0137idr\u0101 stikla bl\u012bv\u0113t\u0101js"},"content":{"rendered":"\n<p>M\u016bsu Monument Stone augstas veiktsp\u0113jas bl\u012bv\u0113jums efekt\u012bvi un past\u0101v\u012bgi aizsarg\u0101 augstas kvalit\u0101tes betona akmens izstr\u0101d\u0101jumus no visp\u0101r\u0113ja pies\u0101r\u0146ojuma ar \u016bdeni, p\u0101rtiku un e\u013c\u013c\u0101m.<\/p>\n\n<hr \/>\n\n<h4 class=\"wp-block-heading\" id=\"properties\">Produkta \u012bpa\u0161\u012bbas<\/h4>\n\n<div class=\"wp-block-columns is-layout-flex wp-container-core-columns-is-layout-9d6595d7 wp-block-columns-is-layout-flex\">\n<div class=\"wp-block-column is-layout-flow wp-block-column-is-layout-flow\">\n<p><strong>Augstas veiktsp\u0113jas bl\u012bv\u0113jums akmens un betona bloku izstr\u0101d\u0101jumiem, lai samazin\u0101tu visp\u0101r\u0113jo tendenci pies\u0101r\u0146oties ar \u016bdeni, p\u0101rtiku un e\u013c\u013c\u0101m<\/strong><\/p>\n\n\n\n<p>Preces numurs: 3009-8637<\/p>\n\n\n\n<p>Augsta kvalit\u0101te Ra\u017eots V\u0101cij\u0101<\/p>\n\n\n\n<p><strong>produktu dro\u0161\u012bba<\/strong><\/p>\n\n\n\n<p>Inform\u0101cija par produkta klasifik\u0101ciju saska\u0146\u0101 ar r\u012bkojumu par b\u012bstam\u0101m viel\u0101m, dro\u0161\u012bbas dati un dati par toksikolo\u0123iju un uzglab\u0101\u0161anu ir atrodami m\u016bsu dro\u0161\u012bbas datu lap\u0101.<\/p>\n\n\n\n<p><strong>uzglab\u0101\u0161ana<\/strong><\/p>\n\n\n\n<p>J\u0101iev\u0113ro inform\u0101cija attiec\u012bgaj\u0101 dro\u0161\u012bbas datu lap\u0101 (MSDS).<\/p>\n\n\n\n<p>V24 pieminek\u013cu akmens j\u0101uzglab\u0101 saus\u0101, labi v\u0113din\u0101m\u0101 un v\u0113s\u0101 (20\u00b0C) viet\u0101. Uzglab\u0101t\/uzglab\u0101t tikai cie\u0161i nosl\u0113gt\u0101 ori\u0123in\u0101laj\u0101 iepakojum\u0101. Sarg\u0101t no tie\u0161iem saules stariem. Pareizi uzglab\u0101jot, minim\u0101lais glab\u0101\u0161anas laiks ir 12 m\u0113ne\u0161i no izgatavo\u0161anas datuma.<\/p>\n\n\n\n<p>Ilg\u0101ks glab\u0101\u0161anas laiks neb\u016bt nenoz\u012bm\u0113, ka prece ir nelietojama, tom\u0113r kvalit\u0101tes nodro\u0161in\u0101\u0161anas zi\u0146\u0101 ir j\u0101p\u0101rbauda paredz\u0113tajam lietojumam v\u0113lam\u0101s \u012bpa\u0161\u012bbas.<\/p>\n<\/div>\n\n\n\n<div class=\"wp-block-column is-layout-flow wp-block-column-is-layout-flow\">\n<p>\u2713 Augstas veiktsp\u0113jas impregn\u0113\u0161ana uz \u016bdens b\u0101zes<\/p>\n\n\n\n<p>\u2713 Sp\u0113k\u0101 l\u012bdz 10 gadiem (pie\u0146emot, ka tiek pareizi lietots)<\/p>\n\n\n\n<p>\u2713 \u012apa\u0161i piem\u0113rots ilgsto\u0161ai pieminek\u013cu aizsardz\u012bbai<\/p>\n\n\n\n<p>\u2713 \u013coti koncentr\u0113ts<\/p>\n\n\n\n<p>\u2713 Ilgtermi\u0146a aizsardz\u012bba ar substr\u0101ta \u0137\u012bmisko saist\u012b\u0161anu<\/p>\n\n\n\n<p>\u2713 S\u0101rmu iztur\u012bgs l\u012bdz pH 10-11*<\/p>\n\n\n\n<p>\u2713 Nepiedego\u0161s efekts<\/p>\n\n\n\n<p>\u2713 \u013boti e\u013c\u013cu, \u016bdeni un net\u012brumus atgr\u016bdo\u0161s<\/p>\n\n\n\n<p>\u2713 Iztur\u012bgs pret s\u0101rmiem<\/p>\n\n\n\n<p>\u2713 Samazin\u0101ta zied\u0113\u0161ana<\/p>\n\n\n\n<p>\u2713 Net\u012brumu sa\u0137eres samazin\u0101\u0161ana l\u012bdz minimumam<\/p>\n\n\n\n<p>\u2713 A\u013c\u0123u un s\u016bnu aug\u0161anas samazin\u0101\u0161ana<\/p>\n\n\n\n<p>\u2713 samazina atk\u0101rtotu net\u012brumu veido\u0161anos<\/p>\n\n\n\n<p>\u2713 Atv\u0113rts tvaiku dif\u016bzijai<\/p>\n\n\n\n<p>\u2713 \u0101tri \u017e\u016bst un nel\u012bp<\/p>\n\n\n\n<p>\u2713 Augsta UV stabilit\u0101te<\/p>\n\n\n\n<p>\u2713 Lieto\u0161anai gatavs risin\u0101jums<\/p>\n\n\n\n<p>\u2713 neredzams<\/p>\n<\/div>\n<\/div>\n\n<hr \/>\n\n<h4 class=\"wp-block-heading\" id=\"application\">Pieteikums<\/h4>\n\n<div class=\"wp-block-columns is-layout-flex wp-container-core-columns-is-layout-9d6595d7 wp-block-columns-is-layout-flex\">\n<div class=\"wp-block-column is-layout-flow wp-block-column-is-layout-flow\">\n<ul class=\"wp-block-list\">\n<li><strong>V24 Monument Stone &#8211; \u0161\u0137idr\u0101<\/strong> stikla bl\u012bv\u0113jums tiek uzkl\u0101ts neat\u0161\u0137aid\u012bts uz iepriek\u0161 not\u012br\u012btas un iz\u017e\u0101v\u0113tas virsmas, jo tikai t\u0101 var nodro\u0161in\u0101t dzi\u013cu bl\u012bv\u0113juma iespie\u0161anos, kas rada optim\u0101lu ilgsto\u0161u un dzi\u013cu efektu.<\/li>\n<\/ul>\n\n\n\n<ul class=\"wp-block-list\">\n<li>Bl\u012bv\u0113jums tiek vienm\u0113r\u012bgi un pl\u0101n\u0101 k\u0101rt\u0101 uzkl\u0101ts uz pamatnes, l\u012bdz virsma \u0161\u0137iet mat\u0113ta mitra.<\/li>\n<\/ul>\n\n\n\n<ul class=\"wp-block-list\">\n<li>To uzkl\u0101j ar otu, putu rull\u012bti, mikro\u0161\u0137iedras lupati\u0146u vai izsmidzinot.<\/li>\n<\/ul>\n\n\n\n<ul class=\"wp-block-list\">\n<li>J\u0101izvair\u0101s no pe\u013c\u0137u veido\u0161an\u0101s. Hidroizol\u0101cijas l\u012bdzek\u013ca p\u0101rpalikums ir j\u0101no\u0146em no pamatnes.<\/li>\n<\/ul>\n<\/div>\n\n\n\n<div class=\"wp-block-column is-layout-flow wp-block-column-is-layout-flow\">\n<ul class=\"wp-block-list\">\n<li>P\u0113c uzkl\u0101\u0161anas <strong>pieminek\u013ca akmenim V24<\/strong> j\u0101paliek saskar\u0113 ar virsmu k\u0101 \u0161\u0137idrai pl\u0113vei vair\u0101kas sekundes.<\/li>\n<\/ul>\n\n\n\n<ul class=\"wp-block-list\">\n<li>Pilna funkcionalit\u0101te notiek p\u0113c 48 stund\u0101m \u017e\u0101v\u0113\u0161anas istabas temperat\u016br\u0101. Dzi\u013ca \u017e\u0101v\u0113\u0161ana var at\u0161\u0137irties ar\u012b atkar\u012bb\u0101 no substr\u0101ta.<\/li>\n<\/ul>\n\n\n\n<p>Detaliz\u0113tu pieteikuma aprakstu var atrast m\u016bsu datu lap\u0101<\/p>\n\n\n\n<p>\u013boti efekt\u012bvs \u0161\u0137idr\u0101 stikla bl\u012bv\u0113jums pieminek\u013ciem &#8211; akmens un betona bloku izstr\u0101d\u0101jumiem.<\/p>\n\n\n\n<p>\u2713 Betons (izstr\u0101d\u0101jumi)<\/p>\n\n\n\n<p>\u2713 Akmens (izstr\u0101d\u0101jumi)<\/p>\n\n\n\n<p>\u2713 Pl\u0101t\u0146u un bru\u0123akmens sist\u0113mas<\/p>\n\n\n\n<p>\u2713 Pieminek\u013cu akme\u0146i<\/p>\n<\/div>\n<\/div>\n","protected":false},"excerpt":{"rendered":"<p><strong>E\u013c\u013cu, \u016bdeni un net\u012brumus atgr\u016bdo\u0161s \u0161\u0137idrs stikla herm\u0113ti\u0137is akmens un betona virsm\u0101m<\/strong><\/p>\n<p>\u2713 Ilgtermi\u0146a aizsardz\u012bba ar substr\u0101ta \u0137\u012bmisko saist\u012b\u0161anu<\/p>\n<p>\u2713 \u013boti e\u013c\u013cu, \u016bdeni un net\u012brumus atgr\u016bdo\u0161s<\/p>\n<p>\u2713 Pieminek\u013cu akmens ilgtermi\u0146a aizsardz\u012bba<\/p>\n<p>\u2713 A\u013c\u0123u un s\u016bnu aug\u0161anas samazin\u0101\u0161ana<\/p>\n<p>\u2713 Nepiedego\u0161s efekts<\/p>\n","protected":false},"featured_media":18146,"template":"","meta":{"_acf_changed":false,"neve_meta_sidebar":"","neve_meta_container":"","neve_meta_enable_content_width":"","neve_meta_content_width":0,"neve_meta_title_alignment":"","neve_meta_author_avatar":"","neve_post_elements_order":"","neve_meta_disable_header":"","neve_meta_disable_footer":"","neve_meta_disable_title":"","neve_meta_reading_time":"","_surfaces":[],"_ver_product_tabs":[],"footnotes":""},"product_brand":[],"product_cat":[2315],"product_tag":[],"class_list":{"0":"post-24112","1":"product","2":"type-product","3":"status-publish","4":"has-post-thumbnail","6":"product_cat-akmens-un-betona-blivejums","8":"first","9":"onbackorder","10":"taxable","11":"shipping-taxable","12":"purchasable","13":"product-type-simple"},"acf":[],"yoast_head":"<!-- This site is optimized with the Yoast SEO Premium plugin v22.8 (Yoast SEO v27.5) - https:\/\/yoast.com\/product\/yoast-seo-premium-wordpress\/ -->\n<title>Pieminek\u013cu akmens&nbsp;\u2014 akmens un betona \u0161\u0137idr\u0101 stikla bl\u012bv\u0113t\u0101js - versiegelung24.com<\/title>\n<meta name=\"robots\" content=\"index, follow, max-snippet:-1, max-image-preview:large, max-video-preview:-1\" \/>\n<link rel=\"canonical\" href=\"https:\/\/www.versiegelung24.com\/lv\/piemineklu-akmens-akmens-un-betona-augstas-veiktspejas-blivejums.html\" \/>\n<meta property=\"og:locale\" content=\"lv_LV\" \/>\n<meta property=\"og:type\" content=\"article\" \/>\n<meta property=\"og:title\" content=\"Pieminek\u013cu akmens&nbsp;\u2014 akmens un betona \u0161\u0137idr\u0101 stikla bl\u012bv\u0113t\u0101js\" \/>\n<meta property=\"og:description\" content=\"E\u013c\u013cu, \u016bdeni un net\u012brumus atgr\u016bdo\u0161s \u0161\u0137idrs stikla herm\u0113ti\u0137is akmens un betona virsm\u0101m \u2713 Ilgtermi\u0146a aizsardz\u012bba ar substr\u0101ta \u0137\u012bmisko saist\u012b\u0161anu \u2713 \u013boti e\u013c\u013cu, \u016bdeni un net\u012brumus atgr\u016bdo\u0161s \u2713 Pieminek\u013cu akmens ilgtermi\u0146a aizsardz\u012bba \u2713 A\u013c\u0123u un s\u016bnu aug\u0161anas samazin\u0101\u0161ana \u2713 Nepiedego\u0161s efekts\" \/>\n<meta property=\"og:url\" content=\"https:\/\/www.versiegelung24.com\/lv\/piemineklu-akmens-akmens-un-betona-augstas-veiktspejas-blivejums.html\" \/>\n<meta property=\"og:site_name\" content=\"versiegelung24.com\" \/>\n<meta property=\"article:modified_time\" content=\"2025-03-20T08:53:57+00:00\" \/>\n<meta property=\"og:image\" content=\"https:\/\/www.versiegelung24.com\/wp-content\/uploads\/2020\/06\/produkt-3009-7637-1000-Monument-Stone-scaled.jpg\" \/>\n\t<meta property=\"og:image:width\" content=\"2560\" \/>\n\t<meta property=\"og:image:height\" content=\"2560\" \/>\n\t<meta property=\"og:image:type\" content=\"image\/jpeg\" \/>\n<meta name=\"twitter:card\" content=\"summary_large_image\" \/>\n<meta name=\"twitter:label1\" content=\"Price\" \/>\n\t<meta name=\"twitter:data1\" content=\"89,99&euro;\" \/>\n\t<meta name=\"twitter:label2\" content=\"Availability\" \/>\n\t<meta name=\"twitter:data2\" content=\"On backorder\" \/>\n<script type=\"application\/ld+json\" class=\"yoast-schema-graph\">{\"@context\":\"https:\\\/\\\/schema.org\",\"@graph\":[{\"@type\":\"WebPage\",\"@id\":\"https:\\\/\\\/www.versiegelung24.com\\\/lv\\\/piemineklu-akmens-akmens-un-betona-augstas-veiktspejas-blivejums.html\",\"url\":\"https:\\\/\\\/www.versiegelung24.com\\\/lv\\\/piemineklu-akmens-akmens-un-betona-augstas-veiktspejas-blivejums.html\",\"name\":\"Pieminek\u013cu akmens&nbsp;\u2014 akmens un betona \u0161\u0137idr\u0101 stikla bl\u012bv\u0113t\u0101js - versiegelung24.com\",\"isPartOf\":{\"@id\":\"https:\\\/\\\/www.versiegelung24.com\\\/lv\\\/#website\"},\"primaryImageOfPage\":{\"@id\":\"https:\\\/\\\/www.versiegelung24.com\\\/lv\\\/piemineklu-akmens-akmens-un-betona-augstas-veiktspejas-blivejums.html#primaryimage\"},\"image\":{\"@id\":\"https:\\\/\\\/www.versiegelung24.com\\\/lv\\\/piemineklu-akmens-akmens-un-betona-augstas-veiktspejas-blivejums.html#primaryimage\"},\"thumbnailUrl\":\"https:\\\/\\\/www.versiegelung24.com\\\/wp-content\\\/uploads\\\/2020\\\/06\\\/produkt-3009-7637-1000-Monument-Stone-scaled.jpg\",\"datePublished\":\"2021-08-02T20:25:48+00:00\",\"dateModified\":\"2025-03-20T08:53:57+00:00\",\"breadcrumb\":{\"@id\":\"https:\\\/\\\/www.versiegelung24.com\\\/lv\\\/piemineklu-akmens-akmens-un-betona-augstas-veiktspejas-blivejums.html#breadcrumb\"},\"inLanguage\":\"lv-LV\",\"potentialAction\":[{\"@type\":\"ReadAction\",\"target\":[\"https:\\\/\\\/www.versiegelung24.com\\\/lv\\\/piemineklu-akmens-akmens-un-betona-augstas-veiktspejas-blivejums.html\"]}]},{\"@type\":\"ImageObject\",\"inLanguage\":\"lv-LV\",\"@id\":\"https:\\\/\\\/www.versiegelung24.com\\\/lv\\\/piemineklu-akmens-akmens-un-betona-augstas-veiktspejas-blivejums.html#primaryimage\",\"url\":\"https:\\\/\\\/www.versiegelung24.com\\\/wp-content\\\/uploads\\\/2020\\\/06\\\/produkt-3009-7637-1000-Monument-Stone-scaled.jpg\",\"contentUrl\":\"https:\\\/\\\/www.versiegelung24.com\\\/wp-content\\\/uploads\\\/2020\\\/06\\\/produkt-3009-7637-1000-Monument-Stone-scaled.jpg\",\"width\":2560,\"height\":2560},{\"@type\":\"BreadcrumbList\",\"@id\":\"https:\\\/\\\/www.versiegelung24.com\\\/lv\\\/piemineklu-akmens-akmens-un-betona-augstas-veiktspejas-blivejums.html#breadcrumb\",\"itemListElement\":[{\"@type\":\"ListItem\",\"position\":1,\"name\":\"M\u0101jas lapa\",\"item\":\"https:\\\/\\\/www.versiegelung24.com\\\/lv\\\/prieksejais\\\/\"},{\"@type\":\"ListItem\",\"position\":2,\"name\":\"Veikals\",\"item\":\"https:\\\/\\\/www.versiegelung24.com\\\/lv\\\/veikals\\\/\"},{\"@type\":\"ListItem\",\"position\":3,\"name\":\"Pieminek\u013cu akmens&nbsp;\u2014 akmens un betona \u0161\u0137idr\u0101 stikla bl\u012bv\u0113t\u0101js\"}]},{\"@type\":\"WebSite\",\"@id\":\"https:\\\/\\\/www.versiegelung24.com\\\/lv\\\/#website\",\"url\":\"https:\\\/\\\/www.versiegelung24.com\\\/lv\\\/\",\"name\":\"versiegelung24.com\",\"description\":\"Fl\u00fcssigglas-Versiegelung - Made in Germany\",\"publisher\":{\"@id\":\"https:\\\/\\\/www.versiegelung24.com\\\/lv\\\/#organization\"},\"potentialAction\":[{\"@type\":\"SearchAction\",\"target\":{\"@type\":\"EntryPoint\",\"urlTemplate\":\"https:\\\/\\\/www.versiegelung24.com\\\/lv\\\/?s={search_term_string}\"},\"query-input\":{\"@type\":\"PropertyValueSpecification\",\"valueRequired\":true,\"valueName\":\"search_term_string\"}}],\"inLanguage\":\"lv-LV\"},{\"@type\":\"Organization\",\"@id\":\"https:\\\/\\\/www.versiegelung24.com\\\/lv\\\/#organization\",\"name\":\"versiegelung24\",\"url\":\"https:\\\/\\\/www.versiegelung24.com\\\/lv\\\/\",\"logo\":{\"@type\":\"ImageObject\",\"inLanguage\":\"lv-LV\",\"@id\":\"https:\\\/\\\/www.versiegelung24.com\\\/lv\\\/#\\\/schema\\\/logo\\\/image\\\/\",\"url\":\"https:\\\/\\\/www.versiegelung24.com\\\/wp-content\\\/uploads\\\/2020\\\/04\\\/versiegelung24.png\",\"contentUrl\":\"https:\\\/\\\/www.versiegelung24.com\\\/wp-content\\\/uploads\\\/2020\\\/04\\\/versiegelung24.png\",\"width\":470,\"height\":102,\"caption\":\"versiegelung24\"},\"image\":{\"@id\":\"https:\\\/\\\/www.versiegelung24.com\\\/lv\\\/#\\\/schema\\\/logo\\\/image\\\/\"}}]}<\/script>\n<meta property=\"product:price:amount\" content=\"89.99\" \/>\n<meta property=\"product:price:currency\" content=\"EUR\" \/>\n<meta property=\"og:availability\" content=\"backorder\" \/>\n<meta property=\"product:availability\" content=\"available for order\" \/>\n<meta property=\"product:retailer_item_id\" content=\"3009-8637-1\" \/>\n<meta property=\"product:condition\" content=\"new\" \/>\n<!-- \/ Yoast SEO Premium plugin. -->","yoast_head_json":{"title":"Pieminek\u013cu akmens&nbsp;\u2014 akmens un betona \u0161\u0137idr\u0101 stikla bl\u012bv\u0113t\u0101js - versiegelung24.com","robots":{"index":"index","follow":"follow","max-snippet":"max-snippet:-1","max-image-preview":"max-image-preview:large","max-video-preview":"max-video-preview:-1"},"canonical":"https:\/\/www.versiegelung24.com\/lv\/piemineklu-akmens-akmens-un-betona-augstas-veiktspejas-blivejums.html","og_locale":"lv_LV","og_type":"article","og_title":"Pieminek\u013cu akmens&nbsp;\u2014 akmens un betona \u0161\u0137idr\u0101 stikla bl\u012bv\u0113t\u0101js","og_description":"E\u013c\u013cu, \u016bdeni un net\u012brumus atgr\u016bdo\u0161s \u0161\u0137idrs stikla herm\u0113ti\u0137is akmens un betona virsm\u0101m \u2713 Ilgtermi\u0146a aizsardz\u012bba ar substr\u0101ta \u0137\u012bmisko saist\u012b\u0161anu \u2713 \u013boti e\u013c\u013cu, \u016bdeni un net\u012brumus atgr\u016bdo\u0161s \u2713 Pieminek\u013cu akmens ilgtermi\u0146a aizsardz\u012bba \u2713 A\u013c\u0123u un s\u016bnu aug\u0161anas samazin\u0101\u0161ana \u2713 Nepiedego\u0161s efekts","og_url":"https:\/\/www.versiegelung24.com\/lv\/piemineklu-akmens-akmens-un-betona-augstas-veiktspejas-blivejums.html","og_site_name":"versiegelung24.com","article_modified_time":"2025-03-20T08:53:57+00:00","og_image":[{"width":2560,"height":2560,"url":"https:\/\/www.versiegelung24.com\/wp-content\/uploads\/2020\/06\/produkt-3009-7637-1000-Monument-Stone-scaled.jpg","type":"image\/jpeg"}],"twitter_card":"summary_large_image","twitter_misc":{"Price":"89,99&euro;","Availability":"On backorder"},"schema":{"@context":"https:\/\/schema.org","@graph":[{"@type":"WebPage","@id":"https:\/\/www.versiegelung24.com\/lv\/piemineklu-akmens-akmens-un-betona-augstas-veiktspejas-blivejums.html","url":"https:\/\/www.versiegelung24.com\/lv\/piemineklu-akmens-akmens-un-betona-augstas-veiktspejas-blivejums.html","name":"Pieminek\u013cu akmens&nbsp;\u2014 akmens un betona \u0161\u0137idr\u0101 stikla bl\u012bv\u0113t\u0101js - versiegelung24.com","isPartOf":{"@id":"https:\/\/www.versiegelung24.com\/lv\/#website"},"primaryImageOfPage":{"@id":"https:\/\/www.versiegelung24.com\/lv\/piemineklu-akmens-akmens-un-betona-augstas-veiktspejas-blivejums.html#primaryimage"},"image":{"@id":"https:\/\/www.versiegelung24.com\/lv\/piemineklu-akmens-akmens-un-betona-augstas-veiktspejas-blivejums.html#primaryimage"},"thumbnailUrl":"https:\/\/www.versiegelung24.com\/wp-content\/uploads\/2020\/06\/produkt-3009-7637-1000-Monument-Stone-scaled.jpg","datePublished":"2021-08-02T20:25:48+00:00","dateModified":"2025-03-20T08:53:57+00:00","breadcrumb":{"@id":"https:\/\/www.versiegelung24.com\/lv\/piemineklu-akmens-akmens-un-betona-augstas-veiktspejas-blivejums.html#breadcrumb"},"inLanguage":"lv-LV","potentialAction":[{"@type":"ReadAction","target":["https:\/\/www.versiegelung24.com\/lv\/piemineklu-akmens-akmens-un-betona-augstas-veiktspejas-blivejums.html"]}]},{"@type":"ImageObject","inLanguage":"lv-LV","@id":"https:\/\/www.versiegelung24.com\/lv\/piemineklu-akmens-akmens-un-betona-augstas-veiktspejas-blivejums.html#primaryimage","url":"https:\/\/www.versiegelung24.com\/wp-content\/uploads\/2020\/06\/produkt-3009-7637-1000-Monument-Stone-scaled.jpg","contentUrl":"https:\/\/www.versiegelung24.com\/wp-content\/uploads\/2020\/06\/produkt-3009-7637-1000-Monument-Stone-scaled.jpg","width":2560,"height":2560},{"@type":"BreadcrumbList","@id":"https:\/\/www.versiegelung24.com\/lv\/piemineklu-akmens-akmens-un-betona-augstas-veiktspejas-blivejums.html#breadcrumb","itemListElement":[{"@type":"ListItem","position":1,"name":"M\u0101jas lapa","item":"https:\/\/www.versiegelung24.com\/lv\/prieksejais\/"},{"@type":"ListItem","position":2,"name":"Veikals","item":"https:\/\/www.versiegelung24.com\/lv\/veikals\/"},{"@type":"ListItem","position":3,"name":"Pieminek\u013cu akmens&nbsp;\u2014 akmens un betona \u0161\u0137idr\u0101 stikla bl\u012bv\u0113t\u0101js"}]},{"@type":"WebSite","@id":"https:\/\/www.versiegelung24.com\/lv\/#website","url":"https:\/\/www.versiegelung24.com\/lv\/","name":"versiegelung24.com","description":"Fl\u00fcssigglas-Versiegelung - Made in Germany","publisher":{"@id":"https:\/\/www.versiegelung24.com\/lv\/#organization"},"potentialAction":[{"@type":"SearchAction","target":{"@type":"EntryPoint","urlTemplate":"https:\/\/www.versiegelung24.com\/lv\/?s={search_term_string}"},"query-input":{"@type":"PropertyValueSpecification","valueRequired":true,"valueName":"search_term_string"}}],"inLanguage":"lv-LV"},{"@type":"Organization","@id":"https:\/\/www.versiegelung24.com\/lv\/#organization","name":"versiegelung24","url":"https:\/\/www.versiegelung24.com\/lv\/","logo":{"@type":"ImageObject","inLanguage":"lv-LV","@id":"https:\/\/www.versiegelung24.com\/lv\/#\/schema\/logo\/image\/","url":"https:\/\/www.versiegelung24.com\/wp-content\/uploads\/2020\/04\/versiegelung24.png","contentUrl":"https:\/\/www.versiegelung24.com\/wp-content\/uploads\/2020\/04\/versiegelung24.png","width":470,"height":102,"caption":"versiegelung24"},"image":{"@id":"https:\/\/www.versiegelung24.com\/lv\/#\/schema\/logo\/image\/"}}]},"product_price_amount":"89.99","product_price_currency":"EUR","og_availability":"backorder","product_availability":"available for order","product_retailer_item_id":"3009-8637-1","product_condition":"new"},"_links":{"self":[{"href":"https:\/\/www.versiegelung24.com\/lv\/wp-json\/wp\/v2\/product\/24112","targetHints":{"allow":["GET"]}}],"collection":[{"href":"https:\/\/www.versiegelung24.com\/lv\/wp-json\/wp\/v2\/product"}],"about":[{"href":"https:\/\/www.versiegelung24.com\/lv\/wp-json\/wp\/v2\/types\/product"}],"version-history":[{"count":26,"href":"https:\/\/www.versiegelung24.com\/lv\/wp-json\/wp\/v2\/product\/24112\/revisions"}],"predecessor-version":[{"id":181045,"href":"https:\/\/www.versiegelung24.com\/lv\/wp-json\/wp\/v2\/product\/24112\/revisions\/181045"}],"wp:featuredmedia":[{"embeddable":true,"href":"https:\/\/www.versiegelung24.com\/lv\/wp-json\/wp\/v2\/media\/18146"}],"wp:attachment":[{"href":"https:\/\/www.versiegelung24.com\/lv\/wp-json\/wp\/v2\/media?parent=24112"}],"wp:term":[{"taxonomy":"product_brand","embeddable":true,"href":"https:\/\/www.versiegelung24.com\/lv\/wp-json\/wp\/v2\/product_brand?post=24112"},{"taxonomy":"product_cat","embeddable":true,"href":"https:\/\/www.versiegelung24.com\/lv\/wp-json\/wp\/v2\/product_cat?post=24112"},{"taxonomy":"product_tag","embeddable":true,"href":"https:\/\/www.versiegelung24.com\/lv\/wp-json\/wp\/v2\/product_tag?post=24112"}],"curies":[{"name":"wp","href":"https:\/\/api.w.org\/{rel}","templated":true}]}}