{"id":24169,"date":"2020-04-04T18:53:46","date_gmt":"2021-08-02T20:30:38","guid":{"rendered":"https:\/\/www.versiegelung24.com\/produkt\/liquid-glass-cell-phone-sealing-skidrais-ekrana-aizsargs"},"modified":"2025-01-06T15:11:00","modified_gmt":"2025-01-06T14:11:00","slug":"skidruma-stikla-mobila-telefona-blivejuma-skidruma-ekrana-aizsardziba","status":"publish","type":"product","link":"https:\/\/www.versiegelung24.com\/lv\/skidruma-stikla-mobila-telefona-blivejuma-skidruma-ekrana-aizsardziba.html","title":{"rendered":"Liquid Glass Cell Phone Sealing &#8211; \u0161\u0137idrais ekr\u0101na aizsargs"},"content":{"rendered":"\n<p><strong>\u013boti efekt\u012bvs \u0161\u0137idr\u0101 stikla p\u0101rkl\u0101jums mobilo t\u0101lru\u0146u displejiem &#8211; nano aizsardz\u012bba pret skr\u0101p\u0113jumiem, bakt\u0113rij\u0101m, starojumu, net\u012brumiem un mitrumu<\/strong><\/p>\n\n<p>Augsta kvalit\u0101te &#8211; ra\u017eots V\u0101cij\u0101<\/p>\n\n<hr\/>\n\n<h4 class=\"wp-block-heading\" id=\"properties\">Produkta \u012bpa\u0161\u012bbas<\/h4>\n\n<div class=\"wp-block-columns is-layout-flex wp-container-core-columns-is-layout-9d6595d7 wp-block-columns-is-layout-flex\">\n<div class=\"wp-block-column is-layout-flow wp-block-column-is-layout-flow\">\n<ul class=\"wp-block-list\"><li>\u013boti viegli uzkl\u0101jams<\/li><li>Piem\u0113rots visiem mobilo t\u0101lru\u0146u mode\u013ciem, plan\u0161etdatoriem, viedt\u0101lru\u0146iem. Ieskaitot &#8220;Edge&#8221;<\/li><li>Piln\u012bgi bez burbu\u013ciem un neredzams<\/li><li>Skr\u0101p\u0113jumu aizsardz\u012bba pret mikroskr\u0101p\u0113m<\/li><li>Piln\u012bgi bez burbu\u013ciem un neredzams<\/li><li>Nov\u0113r\u0161 bakt\u0113riju aug\u0161anu<\/li><\/ul>\n<\/div>\n\n\n\n<div class=\"wp-block-column is-layout-flow wp-block-column-is-layout-flow\">\n<ul class=\"wp-block-list\" id=\"block-f0da57e8-d3f5-402c-8f3a-1888e700b7ff\"><li>Samazina pirkstu nospiedumus<\/li><li>Samazina gamma starojumu<\/li><li>Virsma k\u013c\u016bst \u013coti viegli t\u012br\u0101ma<\/li><li>Nav sk\u0101rienjut\u012bgo funkciju, ritin\u0101\u0161ana k\u013c\u016bst pat\u012bkam\u0101ka<\/li><li>Var uzglab\u0101t daudzus m\u0113ne\u0161us<\/li><\/ul>\n<\/div>\n<\/div>\n\n<p>Pieg\u0101des apjoms:<\/p>\n\n<p>2 spirta iepriek\u0161\u0113jas t\u012br\u012b\u0161anas lupati\u0146as un 2 \u0161\u0137idr\u0101 stikla bl\u012bv\u0113juma lupati\u0146as sk\u0101rienekr\u0101niem (stikls un plastmasa, katrs apm\u0113ram 0,5 m\u00b2) 1 mikro\u0161\u0137iedras lupati\u0146a, 2 aizsargcimdi<\/p>\n","protected":false},"excerpt":{"rendered":"<p><strong>Pietiek ar 2 ier\u012bc\u0113m:<\/strong><\/p>\n<p>\u2713 \u0160\u0137idr\u0101 stikla mobil\u0101 t\u0101lru\u0146a aizz\u012bmogo\u0161anas ekr\u0101na aizsargs<\/p>\n<p>\u2713 Nano p\u0101rkl\u0101jums<\/p>\n<p>\u2713 100% bez burbu\u013ciem.<\/p>\n","protected":false},"featured_media":13238,"template":"","meta":{"_acf_changed":false,"neve_meta_sidebar":"","neve_meta_container":"","neve_meta_enable_content_width":"","neve_meta_content_width":0,"neve_meta_title_alignment":"","neve_meta_author_avatar":"","neve_post_elements_order":"","neve_meta_disable_header":"","neve_meta_disable_footer":"","neve_meta_disable_title":"","neve_meta_reading_time":"","_surfaces":[],"_ver_product_tabs":[],"footnotes":""},"product_brand":[],"product_cat":[2306,2310],"product_tag":[],"class_list":{"0":"post-24169","1":"product","2":"type-product","3":"status-publish","4":"has-post-thumbnail","6":"product_cat-stikla-un-keramikas-blivejums","7":"product_cat-metala-un-plastmasas-blivejums","9":"first","10":"instock","11":"taxable","12":"shipping-taxable","13":"purchasable","14":"product-type-simple"},"acf":[],"yoast_head":"<!-- This site is optimized with the Yoast SEO Premium plugin v22.8 (Yoast SEO v27.5) - https:\/\/yoast.com\/product\/yoast-seo-premium-wordpress\/ -->\n<title>Liquid Glass Cell Phone Sealing - \u0161\u0137idrais ekr\u0101na aizsargs - versiegelung24.com<\/title>\n<meta name=\"robots\" content=\"index, follow, max-snippet:-1, max-image-preview:large, max-video-preview:-1\" \/>\n<link rel=\"canonical\" href=\"https:\/\/www.versiegelung24.com\/lv\/skidruma-stikla-mobila-telefona-blivejuma-skidruma-ekrana-aizsardziba.html\" \/>\n<meta property=\"og:locale\" content=\"lv_LV\" \/>\n<meta property=\"og:type\" content=\"article\" \/>\n<meta property=\"og:title\" content=\"Liquid Glass Cell Phone Sealing - \u0161\u0137idrais ekr\u0101na aizsargs\" \/>\n<meta property=\"og:description\" content=\"Pietiek ar 2 ier\u012bc\u0113m: \u2713 \u0160\u0137idr\u0101 stikla mobil\u0101 t\u0101lru\u0146a aizz\u012bmogo\u0161anas ekr\u0101na aizsargs \u2713 Nano p\u0101rkl\u0101jums \u2713 100% bez burbu\u013ciem.\" \/>\n<meta property=\"og:url\" content=\"https:\/\/www.versiegelung24.com\/lv\/skidruma-stikla-mobila-telefona-blivejuma-skidruma-ekrana-aizsardziba.html\" \/>\n<meta property=\"og:site_name\" content=\"versiegelung24.com\" \/>\n<meta property=\"article:modified_time\" content=\"2025-01-06T14:11:00+00:00\" \/>\n<meta property=\"og:image\" content=\"https:\/\/www.versiegelung24.com\/wp-content\/uploads\/2020\/04\/handy-versiegelung-web.jpg\" \/>\n\t<meta property=\"og:image:width\" content=\"1500\" \/>\n\t<meta property=\"og:image:height\" content=\"1500\" \/>\n\t<meta property=\"og:image:type\" content=\"image\/jpeg\" \/>\n<meta name=\"twitter:card\" content=\"summary_large_image\" \/>\n<meta name=\"twitter:label1\" content=\"Price\" \/>\n\t<meta name=\"twitter:data1\" content=\"9,99&euro;\" \/>\n\t<meta name=\"twitter:label2\" content=\"Availability\" \/>\n\t<meta name=\"twitter:data2\" content=\"In stock\" \/>\n<script type=\"application\/ld+json\" class=\"yoast-schema-graph\">{\"@context\":\"https:\\\/\\\/schema.org\",\"@graph\":[{\"@type\":\"WebPage\",\"@id\":\"https:\\\/\\\/www.versiegelung24.com\\\/lv\\\/skidruma-stikla-mobila-telefona-blivejuma-skidruma-ekrana-aizsardziba.html\",\"url\":\"https:\\\/\\\/www.versiegelung24.com\\\/lv\\\/skidruma-stikla-mobila-telefona-blivejuma-skidruma-ekrana-aizsardziba.html\",\"name\":\"Liquid Glass Cell Phone Sealing - \u0161\u0137idrais ekr\u0101na aizsargs - versiegelung24.com\",\"isPartOf\":{\"@id\":\"https:\\\/\\\/www.versiegelung24.com\\\/lv\\\/#website\"},\"primaryImageOfPage\":{\"@id\":\"https:\\\/\\\/www.versiegelung24.com\\\/lv\\\/skidruma-stikla-mobila-telefona-blivejuma-skidruma-ekrana-aizsardziba.html#primaryimage\"},\"image\":{\"@id\":\"https:\\\/\\\/www.versiegelung24.com\\\/lv\\\/skidruma-stikla-mobila-telefona-blivejuma-skidruma-ekrana-aizsardziba.html#primaryimage\"},\"thumbnailUrl\":\"https:\\\/\\\/www.versiegelung24.com\\\/wp-content\\\/uploads\\\/2020\\\/04\\\/handy-versiegelung-web.jpg\",\"datePublished\":\"2021-08-02T20:30:38+00:00\",\"dateModified\":\"2025-01-06T14:11:00+00:00\",\"breadcrumb\":{\"@id\":\"https:\\\/\\\/www.versiegelung24.com\\\/lv\\\/skidruma-stikla-mobila-telefona-blivejuma-skidruma-ekrana-aizsardziba.html#breadcrumb\"},\"inLanguage\":\"lv-LV\",\"potentialAction\":[{\"@type\":\"ReadAction\",\"target\":[\"https:\\\/\\\/www.versiegelung24.com\\\/lv\\\/skidruma-stikla-mobila-telefona-blivejuma-skidruma-ekrana-aizsardziba.html\"]}]},{\"@type\":\"ImageObject\",\"inLanguage\":\"lv-LV\",\"@id\":\"https:\\\/\\\/www.versiegelung24.com\\\/lv\\\/skidruma-stikla-mobila-telefona-blivejuma-skidruma-ekrana-aizsardziba.html#primaryimage\",\"url\":\"https:\\\/\\\/www.versiegelung24.com\\\/wp-content\\\/uploads\\\/2020\\\/04\\\/handy-versiegelung-web.jpg\",\"contentUrl\":\"https:\\\/\\\/www.versiegelung24.com\\\/wp-content\\\/uploads\\\/2020\\\/04\\\/handy-versiegelung-web.jpg\",\"width\":1500,\"height\":1500},{\"@type\":\"BreadcrumbList\",\"@id\":\"https:\\\/\\\/www.versiegelung24.com\\\/lv\\\/skidruma-stikla-mobila-telefona-blivejuma-skidruma-ekrana-aizsardziba.html#breadcrumb\",\"itemListElement\":[{\"@type\":\"ListItem\",\"position\":1,\"name\":\"M\u0101jas lapa\",\"item\":\"https:\\\/\\\/www.versiegelung24.com\\\/lv\\\/prieksejais\\\/\"},{\"@type\":\"ListItem\",\"position\":2,\"name\":\"Veikals\",\"item\":\"https:\\\/\\\/www.versiegelung24.com\\\/lv\\\/veikals\\\/\"},{\"@type\":\"ListItem\",\"position\":3,\"name\":\"Liquid Glass Cell Phone Sealing &#8211; \u0161\u0137idrais ekr\u0101na aizsargs\"}]},{\"@type\":\"WebSite\",\"@id\":\"https:\\\/\\\/www.versiegelung24.com\\\/lv\\\/#website\",\"url\":\"https:\\\/\\\/www.versiegelung24.com\\\/lv\\\/\",\"name\":\"versiegelung24.com\",\"description\":\"Fl\u00fcssigglas-Versiegelung - Made in Germany\",\"publisher\":{\"@id\":\"https:\\\/\\\/www.versiegelung24.com\\\/lv\\\/#organization\"},\"potentialAction\":[{\"@type\":\"SearchAction\",\"target\":{\"@type\":\"EntryPoint\",\"urlTemplate\":\"https:\\\/\\\/www.versiegelung24.com\\\/lv\\\/?s={search_term_string}\"},\"query-input\":{\"@type\":\"PropertyValueSpecification\",\"valueRequired\":true,\"valueName\":\"search_term_string\"}}],\"inLanguage\":\"lv-LV\"},{\"@type\":\"Organization\",\"@id\":\"https:\\\/\\\/www.versiegelung24.com\\\/lv\\\/#organization\",\"name\":\"versiegelung24\",\"url\":\"https:\\\/\\\/www.versiegelung24.com\\\/lv\\\/\",\"logo\":{\"@type\":\"ImageObject\",\"inLanguage\":\"lv-LV\",\"@id\":\"https:\\\/\\\/www.versiegelung24.com\\\/lv\\\/#\\\/schema\\\/logo\\\/image\\\/\",\"url\":\"https:\\\/\\\/www.versiegelung24.com\\\/wp-content\\\/uploads\\\/2020\\\/04\\\/versiegelung24.png\",\"contentUrl\":\"https:\\\/\\\/www.versiegelung24.com\\\/wp-content\\\/uploads\\\/2020\\\/04\\\/versiegelung24.png\",\"width\":470,\"height\":102,\"caption\":\"versiegelung24\"},\"image\":{\"@id\":\"https:\\\/\\\/www.versiegelung24.com\\\/lv\\\/#\\\/schema\\\/logo\\\/image\\\/\"}}]}<\/script>\n<meta property=\"product:price:amount\" content=\"9.99\" \/>\n<meta property=\"product:price:currency\" content=\"EUR\" \/>\n<meta property=\"og:availability\" content=\"instock\" \/>\n<meta property=\"product:availability\" content=\"instock\" \/>\n<meta property=\"product:retailer_item_id\" content=\"4008-901\" \/>\n<meta property=\"product:condition\" content=\"new\" \/>\n<!-- \/ Yoast SEO Premium plugin. -->","yoast_head_json":{"title":"Liquid Glass Cell Phone Sealing - \u0161\u0137idrais ekr\u0101na aizsargs - versiegelung24.com","robots":{"index":"index","follow":"follow","max-snippet":"max-snippet:-1","max-image-preview":"max-image-preview:large","max-video-preview":"max-video-preview:-1"},"canonical":"https:\/\/www.versiegelung24.com\/lv\/skidruma-stikla-mobila-telefona-blivejuma-skidruma-ekrana-aizsardziba.html","og_locale":"lv_LV","og_type":"article","og_title":"Liquid Glass Cell Phone Sealing - \u0161\u0137idrais ekr\u0101na aizsargs","og_description":"Pietiek ar 2 ier\u012bc\u0113m: \u2713 \u0160\u0137idr\u0101 stikla mobil\u0101 t\u0101lru\u0146a aizz\u012bmogo\u0161anas ekr\u0101na aizsargs \u2713 Nano p\u0101rkl\u0101jums \u2713 100% bez burbu\u013ciem.","og_url":"https:\/\/www.versiegelung24.com\/lv\/skidruma-stikla-mobila-telefona-blivejuma-skidruma-ekrana-aizsardziba.html","og_site_name":"versiegelung24.com","article_modified_time":"2025-01-06T14:11:00+00:00","og_image":[{"width":1500,"height":1500,"url":"https:\/\/www.versiegelung24.com\/wp-content\/uploads\/2020\/04\/handy-versiegelung-web.jpg","type":"image\/jpeg"}],"twitter_card":"summary_large_image","twitter_misc":{"Price":"9,99&euro;","Availability":"In stock"},"schema":{"@context":"https:\/\/schema.org","@graph":[{"@type":"WebPage","@id":"https:\/\/www.versiegelung24.com\/lv\/skidruma-stikla-mobila-telefona-blivejuma-skidruma-ekrana-aizsardziba.html","url":"https:\/\/www.versiegelung24.com\/lv\/skidruma-stikla-mobila-telefona-blivejuma-skidruma-ekrana-aizsardziba.html","name":"Liquid Glass Cell Phone Sealing - \u0161\u0137idrais ekr\u0101na aizsargs - versiegelung24.com","isPartOf":{"@id":"https:\/\/www.versiegelung24.com\/lv\/#website"},"primaryImageOfPage":{"@id":"https:\/\/www.versiegelung24.com\/lv\/skidruma-stikla-mobila-telefona-blivejuma-skidruma-ekrana-aizsardziba.html#primaryimage"},"image":{"@id":"https:\/\/www.versiegelung24.com\/lv\/skidruma-stikla-mobila-telefona-blivejuma-skidruma-ekrana-aizsardziba.html#primaryimage"},"thumbnailUrl":"https:\/\/www.versiegelung24.com\/wp-content\/uploads\/2020\/04\/handy-versiegelung-web.jpg","datePublished":"2021-08-02T20:30:38+00:00","dateModified":"2025-01-06T14:11:00+00:00","breadcrumb":{"@id":"https:\/\/www.versiegelung24.com\/lv\/skidruma-stikla-mobila-telefona-blivejuma-skidruma-ekrana-aizsardziba.html#breadcrumb"},"inLanguage":"lv-LV","potentialAction":[{"@type":"ReadAction","target":["https:\/\/www.versiegelung24.com\/lv\/skidruma-stikla-mobila-telefona-blivejuma-skidruma-ekrana-aizsardziba.html"]}]},{"@type":"ImageObject","inLanguage":"lv-LV","@id":"https:\/\/www.versiegelung24.com\/lv\/skidruma-stikla-mobila-telefona-blivejuma-skidruma-ekrana-aizsardziba.html#primaryimage","url":"https:\/\/www.versiegelung24.com\/wp-content\/uploads\/2020\/04\/handy-versiegelung-web.jpg","contentUrl":"https:\/\/www.versiegelung24.com\/wp-content\/uploads\/2020\/04\/handy-versiegelung-web.jpg","width":1500,"height":1500},{"@type":"BreadcrumbList","@id":"https:\/\/www.versiegelung24.com\/lv\/skidruma-stikla-mobila-telefona-blivejuma-skidruma-ekrana-aizsardziba.html#breadcrumb","itemListElement":[{"@type":"ListItem","position":1,"name":"M\u0101jas lapa","item":"https:\/\/www.versiegelung24.com\/lv\/prieksejais\/"},{"@type":"ListItem","position":2,"name":"Veikals","item":"https:\/\/www.versiegelung24.com\/lv\/veikals\/"},{"@type":"ListItem","position":3,"name":"Liquid Glass Cell Phone Sealing &#8211; \u0161\u0137idrais ekr\u0101na aizsargs"}]},{"@type":"WebSite","@id":"https:\/\/www.versiegelung24.com\/lv\/#website","url":"https:\/\/www.versiegelung24.com\/lv\/","name":"versiegelung24.com","description":"Fl\u00fcssigglas-Versiegelung - Made in Germany","publisher":{"@id":"https:\/\/www.versiegelung24.com\/lv\/#organization"},"potentialAction":[{"@type":"SearchAction","target":{"@type":"EntryPoint","urlTemplate":"https:\/\/www.versiegelung24.com\/lv\/?s={search_term_string}"},"query-input":{"@type":"PropertyValueSpecification","valueRequired":true,"valueName":"search_term_string"}}],"inLanguage":"lv-LV"},{"@type":"Organization","@id":"https:\/\/www.versiegelung24.com\/lv\/#organization","name":"versiegelung24","url":"https:\/\/www.versiegelung24.com\/lv\/","logo":{"@type":"ImageObject","inLanguage":"lv-LV","@id":"https:\/\/www.versiegelung24.com\/lv\/#\/schema\/logo\/image\/","url":"https:\/\/www.versiegelung24.com\/wp-content\/uploads\/2020\/04\/versiegelung24.png","contentUrl":"https:\/\/www.versiegelung24.com\/wp-content\/uploads\/2020\/04\/versiegelung24.png","width":470,"height":102,"caption":"versiegelung24"},"image":{"@id":"https:\/\/www.versiegelung24.com\/lv\/#\/schema\/logo\/image\/"}}]},"product_price_amount":"9.99","product_price_currency":"EUR","og_availability":"instock","product_availability":"instock","product_retailer_item_id":"4008-901","product_condition":"new"},"_links":{"self":[{"href":"https:\/\/www.versiegelung24.com\/lv\/wp-json\/wp\/v2\/product\/24169","targetHints":{"allow":["GET"]}}],"collection":[{"href":"https:\/\/www.versiegelung24.com\/lv\/wp-json\/wp\/v2\/product"}],"about":[{"href":"https:\/\/www.versiegelung24.com\/lv\/wp-json\/wp\/v2\/types\/product"}],"version-history":[{"count":9,"href":"https:\/\/www.versiegelung24.com\/lv\/wp-json\/wp\/v2\/product\/24169\/revisions"}],"predecessor-version":[{"id":180180,"href":"https:\/\/www.versiegelung24.com\/lv\/wp-json\/wp\/v2\/product\/24169\/revisions\/180180"}],"wp:featuredmedia":[{"embeddable":true,"href":"https:\/\/www.versiegelung24.com\/lv\/wp-json\/wp\/v2\/media\/13238"}],"wp:attachment":[{"href":"https:\/\/www.versiegelung24.com\/lv\/wp-json\/wp\/v2\/media?parent=24169"}],"wp:term":[{"taxonomy":"product_brand","embeddable":true,"href":"https:\/\/www.versiegelung24.com\/lv\/wp-json\/wp\/v2\/product_brand?post=24169"},{"taxonomy":"product_cat","embeddable":true,"href":"https:\/\/www.versiegelung24.com\/lv\/wp-json\/wp\/v2\/product_cat?post=24169"},{"taxonomy":"product_tag","embeddable":true,"href":"https:\/\/www.versiegelung24.com\/lv\/wp-json\/wp\/v2\/product_tag?post=24169"}],"curies":[{"name":"wp","href":"https:\/\/api.w.org\/{rel}","templated":true}]}}