{"id":24436,"date":"2020-05-23T17:02:37","date_gmt":"2021-08-02T20:43:50","guid":{"rendered":"https:\/\/www.versiegelung24.com\/produkt\/roku-dezinfekcijas-lidzeklis-dexan-5-litru-tvertne"},"modified":"2025-01-13T16:41:01","modified_gmt":"2025-01-13T15:41:01","slug":"roku-dezinfekcijas-lidzeklis-deksans-5-litru-tvertne","status":"publish","type":"product","link":"https:\/\/www.versiegelung24.com\/lv\/roku-dezinfekcijas-lidzeklis-deksans-5-litru-tvertne.html","title":{"rendered":"Roku dezinfekcijas l\u012bdzeklis Dexan 5 litru tvertne"},"content":{"rendered":"\n<h2 class=\"wp-block-heading\" id=\"gebrauchsfertige-alkoholbasierte-handedesinfektion-mit-pflegekomponente-aloe-vera\">Lieto\u0161anai gatava roku dezinfekcija uz alkohola b\u0101zes ar kop\u0161anas sast\u0101vda\u013c\u0101m (alveja)<\/h2>\n\n<p>Ierobe\u017eots virucid\u0101ls (apvalka v\u012brusi <strong>Iesk. Koronav\u012bruss<\/strong>, HIV, HBV, HCV, gripa, herpes, Ebolas v\u012bruss utt.)<\/p>\n\n<hr \/>\n\n<h4 class=\"wp-block-heading\" id=\"properties\">Produkta \u012bpa\u0161\u012bbas<\/h4>\n\n<div class=\"wp-block-columns is-layout-flex wp-container-core-columns-is-layout-9d6595d7 wp-block-columns-is-layout-flex\">\n<div class=\"wp-block-column is-layout-flow wp-block-column-is-layout-flow\">\n<p><br \/>E<strong>fektivit\u0101te:<\/strong> test\u0113ts saska\u0146\u0101 ar Eiropas slimn\u012bcu standartiem: EN 1040, EN 1275, EN 1276, EN 1500: 1 min; prEN 12054: 30s. Ierobe\u017eots virucid\u0101ls (apvalki, ieskaitot koronav\u012brusu, HIV, HBV, HCV, gripu, herpes, Ebolas v\u012brusu utt.) Saska\u0146\u0101 ar DVV \/ RKI vadl\u012bnij\u0101m: 15s.<\/p>\n<\/div>\n\n\n\n<div class=\"wp-block-column is-layout-flow wp-block-column-is-layout-flow\">\n<p><br \/>P<strong>aredz\u0113tais lietojums:<\/strong> Higi\u0113niskai roku dezinfekcijai.<\/p>\n\n\n\n<p><br \/>100g satur: 50,0g etanola, 10,0g izopropanola, 0,10g benzalkonija hlor\u012bda, att\u012br\u012btu \u016bdeni, alvejas ekstraktu.<\/p>\n<\/div>\n<\/div>\n\n<hr \/>\n\n<h4 class=\"wp-block-heading\" id=\"application\">Pieteikums<\/h4>\n\n<p>Ielieciet pietiekami daudz Dexan saus\u0101 rok\u0101, lai visas plaukstas b\u016btu piln\u012bb\u0101 p\u0101rkl\u0101tas ar prepar\u0101tu. R\u016bp\u012bgi berz\u0113jiet rok\u0101s, berzes laik\u0101 turiet rokas mitras.<\/p>\n\n<hr \/>\n\n<h4 class=\"wp-block-heading\" id=\"advisor\">Konsultants<\/h4>\n\n<p><br \/>D<strong>ro\u0161\u012bbas ieteikumi<\/strong>: Viegli uzliesmojo\u0161s \u0161\u0137idrums un tvaiki. Izraisa nopietnu acu kairin\u0101jumu. Sarg\u0101t no karstuma, karst\u0101m virsm\u0101m, dzirkste\u013c\u0101m, atkl\u0101tas liesmas un citiem aizdeg\u0161an\u0101s avotiem. Nedm\u0113\u0137\u0113t. Uzglab\u0101t trauku cie\u0161i nosl\u0113gtu. Ja nok\u013c\u016bst ac\u012bs: vair\u0101kas min\u016btes piesardz\u012bgi skalot ar \u016bdeni. Ja iesp\u0113jams, no\u0146emt kontaktl\u0113cas. Turpin\u0101t skalo\u0161anu. Glab\u0101t b\u0113rniem nepieejam\u0101 viet\u0101. Bioc\u012bda re\u0123. nr.: 75940 Lietojiet dezinfekcijas l\u012bdzekli uzman\u012bgi. Pirms lieto\u0161anas vienm\u0113r izlasiet eti\u0137eti un inform\u0101ciju par produktu.<\/p>\n","protected":false},"excerpt":{"rendered":"<p><strong>Lieto\u0161anai gatava roku dezinfekcija uz alkohola b\u0101zes:<\/strong><\/p>\n<p>\u2713 Ar kop\u0161anas komponentu (alveju)<\/p>\n<p>\u2713 Ierobe\u017eota viruc\u012bda iedarb\u012bba (apvalkoti v\u012brusi, tostarp koronav\u012bruss, HIV, HBV, HCV, gripa, herpes, Ebolas v\u012bruss utt.)<\/p>\n","protected":false},"featured_media":15788,"template":"","meta":{"_acf_changed":false,"neve_meta_sidebar":"","neve_meta_container":"","neve_meta_enable_content_width":"","neve_meta_content_width":0,"neve_meta_title_alignment":"","neve_meta_author_avatar":"","neve_post_elements_order":"","neve_meta_disable_header":"","neve_meta_disable_footer":"","neve_meta_disable_title":"","neve_meta_reading_time":"","_surfaces":[],"_ver_product_tabs":[],"footnotes":""},"product_brand":[],"product_cat":[2352,2740],"product_tag":[],"class_list":{"0":"post-24436","1":"product","2":"type-product","3":"status-publish","4":"has-post-thumbnail","6":"product_cat-dezinfekcijas-lidzekli","7":"product_cat-roku-dezinfekcijas-lidzeklis","9":"first","10":"onbackorder","11":"taxable","12":"shipping-taxable","13":"purchasable","14":"product-type-simple"},"acf":[],"yoast_head":"<!-- This site is optimized with the Yoast SEO Premium plugin v22.8 (Yoast SEO v27.5) - https:\/\/yoast.com\/product\/yoast-seo-premium-wordpress\/ -->\n<title>Roku dezinfekcijas l\u012bdzeklis Dexan 5 litru tvertne - versiegelung24.com<\/title>\n<meta name=\"robots\" content=\"index, follow, max-snippet:-1, max-image-preview:large, max-video-preview:-1\" \/>\n<link rel=\"canonical\" href=\"https:\/\/www.versiegelung24.com\/lv\/roku-dezinfekcijas-lidzeklis-deksans-5-litru-tvertne.html\" \/>\n<meta property=\"og:locale\" content=\"lv_LV\" \/>\n<meta property=\"og:type\" content=\"article\" \/>\n<meta property=\"og:title\" content=\"Roku dezinfekcijas l\u012bdzeklis Dexan 5 litru tvertne\" \/>\n<meta property=\"og:description\" content=\"Lieto\u0161anai gatava roku dezinfekcija uz alkohola b\u0101zes: \u2713 Ar kop\u0161anas komponentu (alveju) \u2713 Ierobe\u017eota viruc\u012bda iedarb\u012bba (apvalkoti v\u012brusi, tostarp koronav\u012bruss, HIV, HBV, HCV, gripa, herpes, Ebolas v\u012bruss utt.)\" \/>\n<meta property=\"og:url\" content=\"https:\/\/www.versiegelung24.com\/lv\/roku-dezinfekcijas-lidzeklis-deksans-5-litru-tvertne.html\" \/>\n<meta property=\"og:site_name\" content=\"versiegelung24.com\" \/>\n<meta property=\"article:modified_time\" content=\"2025-01-13T15:41:01+00:00\" \/>\n<meta property=\"og:image\" content=\"https:\/\/www.versiegelung24.com\/wp-content\/uploads\/2020\/05\/dexan-5000ml-1.png\" \/>\n\t<meta property=\"og:image:width\" content=\"2000\" \/>\n\t<meta property=\"og:image:height\" content=\"2000\" \/>\n\t<meta property=\"og:image:type\" content=\"image\/png\" \/>\n<meta name=\"twitter:card\" content=\"summary_large_image\" \/>\n<meta name=\"twitter:label1\" content=\"Price\" \/>\n\t<meta name=\"twitter:data1\" content=\"99,00&euro;\" \/>\n\t<meta name=\"twitter:label2\" content=\"Availability\" \/>\n\t<meta name=\"twitter:data2\" content=\"On backorder\" \/>\n<script type=\"application\/ld+json\" class=\"yoast-schema-graph\">{\"@context\":\"https:\\\/\\\/schema.org\",\"@graph\":[{\"@type\":\"WebPage\",\"@id\":\"https:\\\/\\\/www.versiegelung24.com\\\/lv\\\/roku-dezinfekcijas-lidzeklis-deksans-5-litru-tvertne.html\",\"url\":\"https:\\\/\\\/www.versiegelung24.com\\\/lv\\\/roku-dezinfekcijas-lidzeklis-deksans-5-litru-tvertne.html\",\"name\":\"Roku dezinfekcijas l\u012bdzeklis Dexan 5 litru tvertne - versiegelung24.com\",\"isPartOf\":{\"@id\":\"https:\\\/\\\/www.versiegelung24.com\\\/lv\\\/#website\"},\"primaryImageOfPage\":{\"@id\":\"https:\\\/\\\/www.versiegelung24.com\\\/lv\\\/roku-dezinfekcijas-lidzeklis-deksans-5-litru-tvertne.html#primaryimage\"},\"image\":{\"@id\":\"https:\\\/\\\/www.versiegelung24.com\\\/lv\\\/roku-dezinfekcijas-lidzeklis-deksans-5-litru-tvertne.html#primaryimage\"},\"thumbnailUrl\":\"https:\\\/\\\/www.versiegelung24.com\\\/wp-content\\\/uploads\\\/2020\\\/05\\\/dexan-5000ml-1.png\",\"datePublished\":\"2021-08-02T20:43:50+00:00\",\"dateModified\":\"2025-01-13T15:41:01+00:00\",\"breadcrumb\":{\"@id\":\"https:\\\/\\\/www.versiegelung24.com\\\/lv\\\/roku-dezinfekcijas-lidzeklis-deksans-5-litru-tvertne.html#breadcrumb\"},\"inLanguage\":\"lv-LV\",\"potentialAction\":[{\"@type\":\"ReadAction\",\"target\":[\"https:\\\/\\\/www.versiegelung24.com\\\/lv\\\/roku-dezinfekcijas-lidzeklis-deksans-5-litru-tvertne.html\"]}]},{\"@type\":\"ImageObject\",\"inLanguage\":\"lv-LV\",\"@id\":\"https:\\\/\\\/www.versiegelung24.com\\\/lv\\\/roku-dezinfekcijas-lidzeklis-deksans-5-litru-tvertne.html#primaryimage\",\"url\":\"https:\\\/\\\/www.versiegelung24.com\\\/wp-content\\\/uploads\\\/2020\\\/05\\\/dexan-5000ml-1.png\",\"contentUrl\":\"https:\\\/\\\/www.versiegelung24.com\\\/wp-content\\\/uploads\\\/2020\\\/05\\\/dexan-5000ml-1.png\",\"width\":2000,\"height\":2000},{\"@type\":\"BreadcrumbList\",\"@id\":\"https:\\\/\\\/www.versiegelung24.com\\\/lv\\\/roku-dezinfekcijas-lidzeklis-deksans-5-litru-tvertne.html#breadcrumb\",\"itemListElement\":[{\"@type\":\"ListItem\",\"position\":1,\"name\":\"M\u0101jas lapa\",\"item\":\"https:\\\/\\\/www.versiegelung24.com\\\/lv\\\/prieksejais\\\/\"},{\"@type\":\"ListItem\",\"position\":2,\"name\":\"Veikals\",\"item\":\"https:\\\/\\\/www.versiegelung24.com\\\/lv\\\/veikals\\\/\"},{\"@type\":\"ListItem\",\"position\":3,\"name\":\"Roku dezinfekcijas l\u012bdzeklis Dexan 5 litru tvertne\"}]},{\"@type\":\"WebSite\",\"@id\":\"https:\\\/\\\/www.versiegelung24.com\\\/lv\\\/#website\",\"url\":\"https:\\\/\\\/www.versiegelung24.com\\\/lv\\\/\",\"name\":\"versiegelung24.com\",\"description\":\"Fl\u00fcssigglas-Versiegelung - Made in Germany\",\"publisher\":{\"@id\":\"https:\\\/\\\/www.versiegelung24.com\\\/lv\\\/#organization\"},\"potentialAction\":[{\"@type\":\"SearchAction\",\"target\":{\"@type\":\"EntryPoint\",\"urlTemplate\":\"https:\\\/\\\/www.versiegelung24.com\\\/lv\\\/?s={search_term_string}\"},\"query-input\":{\"@type\":\"PropertyValueSpecification\",\"valueRequired\":true,\"valueName\":\"search_term_string\"}}],\"inLanguage\":\"lv-LV\"},{\"@type\":\"Organization\",\"@id\":\"https:\\\/\\\/www.versiegelung24.com\\\/lv\\\/#organization\",\"name\":\"versiegelung24\",\"url\":\"https:\\\/\\\/www.versiegelung24.com\\\/lv\\\/\",\"logo\":{\"@type\":\"ImageObject\",\"inLanguage\":\"lv-LV\",\"@id\":\"https:\\\/\\\/www.versiegelung24.com\\\/lv\\\/#\\\/schema\\\/logo\\\/image\\\/\",\"url\":\"https:\\\/\\\/www.versiegelung24.com\\\/wp-content\\\/uploads\\\/2020\\\/04\\\/versiegelung24.png\",\"contentUrl\":\"https:\\\/\\\/www.versiegelung24.com\\\/wp-content\\\/uploads\\\/2020\\\/04\\\/versiegelung24.png\",\"width\":470,\"height\":102,\"caption\":\"versiegelung24\"},\"image\":{\"@id\":\"https:\\\/\\\/www.versiegelung24.com\\\/lv\\\/#\\\/schema\\\/logo\\\/image\\\/\"}}]}<\/script>\n<meta property=\"product:price:amount\" content=\"99.00\" \/>\n<meta property=\"product:price:currency\" content=\"EUR\" \/>\n<meta property=\"og:availability\" content=\"backorder\" \/>\n<meta property=\"product:availability\" content=\"available for order\" \/>\n<meta property=\"product:retailer_item_id\" content=\"dexan-5000\" \/>\n<meta property=\"product:condition\" content=\"new\" \/>\n<!-- \/ Yoast SEO Premium plugin. -->","yoast_head_json":{"title":"Roku dezinfekcijas l\u012bdzeklis Dexan 5 litru tvertne - versiegelung24.com","robots":{"index":"index","follow":"follow","max-snippet":"max-snippet:-1","max-image-preview":"max-image-preview:large","max-video-preview":"max-video-preview:-1"},"canonical":"https:\/\/www.versiegelung24.com\/lv\/roku-dezinfekcijas-lidzeklis-deksans-5-litru-tvertne.html","og_locale":"lv_LV","og_type":"article","og_title":"Roku dezinfekcijas l\u012bdzeklis Dexan 5 litru tvertne","og_description":"Lieto\u0161anai gatava roku dezinfekcija uz alkohola b\u0101zes: \u2713 Ar kop\u0161anas komponentu (alveju) \u2713 Ierobe\u017eota viruc\u012bda iedarb\u012bba (apvalkoti v\u012brusi, tostarp koronav\u012bruss, HIV, HBV, HCV, gripa, herpes, Ebolas v\u012bruss utt.)","og_url":"https:\/\/www.versiegelung24.com\/lv\/roku-dezinfekcijas-lidzeklis-deksans-5-litru-tvertne.html","og_site_name":"versiegelung24.com","article_modified_time":"2025-01-13T15:41:01+00:00","og_image":[{"width":2000,"height":2000,"url":"https:\/\/www.versiegelung24.com\/wp-content\/uploads\/2020\/05\/dexan-5000ml-1.png","type":"image\/png"}],"twitter_card":"summary_large_image","twitter_misc":{"Price":"99,00&euro;","Availability":"On backorder"},"schema":{"@context":"https:\/\/schema.org","@graph":[{"@type":"WebPage","@id":"https:\/\/www.versiegelung24.com\/lv\/roku-dezinfekcijas-lidzeklis-deksans-5-litru-tvertne.html","url":"https:\/\/www.versiegelung24.com\/lv\/roku-dezinfekcijas-lidzeklis-deksans-5-litru-tvertne.html","name":"Roku dezinfekcijas l\u012bdzeklis Dexan 5 litru tvertne - versiegelung24.com","isPartOf":{"@id":"https:\/\/www.versiegelung24.com\/lv\/#website"},"primaryImageOfPage":{"@id":"https:\/\/www.versiegelung24.com\/lv\/roku-dezinfekcijas-lidzeklis-deksans-5-litru-tvertne.html#primaryimage"},"image":{"@id":"https:\/\/www.versiegelung24.com\/lv\/roku-dezinfekcijas-lidzeklis-deksans-5-litru-tvertne.html#primaryimage"},"thumbnailUrl":"https:\/\/www.versiegelung24.com\/wp-content\/uploads\/2020\/05\/dexan-5000ml-1.png","datePublished":"2021-08-02T20:43:50+00:00","dateModified":"2025-01-13T15:41:01+00:00","breadcrumb":{"@id":"https:\/\/www.versiegelung24.com\/lv\/roku-dezinfekcijas-lidzeklis-deksans-5-litru-tvertne.html#breadcrumb"},"inLanguage":"lv-LV","potentialAction":[{"@type":"ReadAction","target":["https:\/\/www.versiegelung24.com\/lv\/roku-dezinfekcijas-lidzeklis-deksans-5-litru-tvertne.html"]}]},{"@type":"ImageObject","inLanguage":"lv-LV","@id":"https:\/\/www.versiegelung24.com\/lv\/roku-dezinfekcijas-lidzeklis-deksans-5-litru-tvertne.html#primaryimage","url":"https:\/\/www.versiegelung24.com\/wp-content\/uploads\/2020\/05\/dexan-5000ml-1.png","contentUrl":"https:\/\/www.versiegelung24.com\/wp-content\/uploads\/2020\/05\/dexan-5000ml-1.png","width":2000,"height":2000},{"@type":"BreadcrumbList","@id":"https:\/\/www.versiegelung24.com\/lv\/roku-dezinfekcijas-lidzeklis-deksans-5-litru-tvertne.html#breadcrumb","itemListElement":[{"@type":"ListItem","position":1,"name":"M\u0101jas lapa","item":"https:\/\/www.versiegelung24.com\/lv\/prieksejais\/"},{"@type":"ListItem","position":2,"name":"Veikals","item":"https:\/\/www.versiegelung24.com\/lv\/veikals\/"},{"@type":"ListItem","position":3,"name":"Roku dezinfekcijas l\u012bdzeklis Dexan 5 litru tvertne"}]},{"@type":"WebSite","@id":"https:\/\/www.versiegelung24.com\/lv\/#website","url":"https:\/\/www.versiegelung24.com\/lv\/","name":"versiegelung24.com","description":"Fl\u00fcssigglas-Versiegelung - Made in Germany","publisher":{"@id":"https:\/\/www.versiegelung24.com\/lv\/#organization"},"potentialAction":[{"@type":"SearchAction","target":{"@type":"EntryPoint","urlTemplate":"https:\/\/www.versiegelung24.com\/lv\/?s={search_term_string}"},"query-input":{"@type":"PropertyValueSpecification","valueRequired":true,"valueName":"search_term_string"}}],"inLanguage":"lv-LV"},{"@type":"Organization","@id":"https:\/\/www.versiegelung24.com\/lv\/#organization","name":"versiegelung24","url":"https:\/\/www.versiegelung24.com\/lv\/","logo":{"@type":"ImageObject","inLanguage":"lv-LV","@id":"https:\/\/www.versiegelung24.com\/lv\/#\/schema\/logo\/image\/","url":"https:\/\/www.versiegelung24.com\/wp-content\/uploads\/2020\/04\/versiegelung24.png","contentUrl":"https:\/\/www.versiegelung24.com\/wp-content\/uploads\/2020\/04\/versiegelung24.png","width":470,"height":102,"caption":"versiegelung24"},"image":{"@id":"https:\/\/www.versiegelung24.com\/lv\/#\/schema\/logo\/image\/"}}]},"product_price_amount":"99.00","product_price_currency":"EUR","og_availability":"backorder","product_availability":"available for order","product_retailer_item_id":"dexan-5000","product_condition":"new"},"_links":{"self":[{"href":"https:\/\/www.versiegelung24.com\/lv\/wp-json\/wp\/v2\/product\/24436","targetHints":{"allow":["GET"]}}],"collection":[{"href":"https:\/\/www.versiegelung24.com\/lv\/wp-json\/wp\/v2\/product"}],"about":[{"href":"https:\/\/www.versiegelung24.com\/lv\/wp-json\/wp\/v2\/types\/product"}],"version-history":[{"count":11,"href":"https:\/\/www.versiegelung24.com\/lv\/wp-json\/wp\/v2\/product\/24436\/revisions"}],"predecessor-version":[{"id":180619,"href":"https:\/\/www.versiegelung24.com\/lv\/wp-json\/wp\/v2\/product\/24436\/revisions\/180619"}],"wp:featuredmedia":[{"embeddable":true,"href":"https:\/\/www.versiegelung24.com\/lv\/wp-json\/wp\/v2\/media\/15788"}],"wp:attachment":[{"href":"https:\/\/www.versiegelung24.com\/lv\/wp-json\/wp\/v2\/media?parent=24436"}],"wp:term":[{"taxonomy":"product_brand","embeddable":true,"href":"https:\/\/www.versiegelung24.com\/lv\/wp-json\/wp\/v2\/product_brand?post=24436"},{"taxonomy":"product_cat","embeddable":true,"href":"https:\/\/www.versiegelung24.com\/lv\/wp-json\/wp\/v2\/product_cat?post=24436"},{"taxonomy":"product_tag","embeddable":true,"href":"https:\/\/www.versiegelung24.com\/lv\/wp-json\/wp\/v2\/product_tag?post=24436"}],"curies":[{"name":"wp","href":"https:\/\/api.w.org\/{rel}","templated":true}]}}