{"id":24611,"date":"2020-04-27T22:20:08","date_gmt":"2021-08-02T20:50:16","guid":{"rendered":"https:\/\/www.versiegelung24.com\/produkt\/wb-rapid-on-dzili-spidigs-automasinu-krasas-hermetikis-un-apdares-lidzeklis"},"modified":"2025-01-04T00:05:16","modified_gmt":"2025-01-03T23:05:16","slug":"wb-rapid-on-deep-spiduma-autolack-sealing-finisher","status":"publish","type":"product","link":"https:\/\/www.versiegelung24.com\/lv\/wb-rapid-on-deep-spiduma-autolack-sealing-finisher.html","title":{"rendered":"WB Rapid On &#8211; dzi\u013ci sp\u012bd\u012bgs automa\u0161\u012bnu kr\u0101sas herm\u0113ti\u0137is un apdares l\u012bdzeklis"},"content":{"rendered":"\n<p><strong>WB Rapid On: augst\u0101k\u0101s kvalit\u0101tes dzi\u013ci sp\u012bd\u012bgs herm\u0113ti\u0137is un apdares l\u012bdzeklis, ide\u0101li piem\u0113rots automobi\u013cu kr\u0101sojumam &#8211; <\/strong><strong><em>uz \u016bdens b\u0101zes &#8211; rapid on<\/em><\/strong><\/p>\n\n<p>Piem\u0113rojams k\u0101 \u201capdare\u201d<a href=\"https:\/\/www.versiegelung24.com\/muster-permanent-protector\/\"> Permanent Protector augst\u0101k\u0101s klases keramikas p\u0101rkl\u0101jums<\/a> vai<a href=\"https:\/\/www.versiegelung24.com\/autolack-spezial-politur-versiegelung-2in1\/\"> Automa\u0161\u012bnu kr\u0101sas speci\u0101la laka un bl\u012bv\u0113jums 2in1<\/a> .<\/p>\n\n<p>Preces numurs: 5002-7654<\/p>\n\n<p>Augsta kvalit\u0101te Ra\u017eots V\u0101cij\u0101<\/p>\n\n<p><strong>V24 WB Rapid On &#8211; dzi\u013ci sp\u012bd\u012bgs auto kr\u0101sas herm\u0113ti\u0137is un apdares l\u012bdzeklis<\/strong> uz miljardiem s\u012bku sil\u012bcija molekulu elektrostatisk\u0101s saites izveido uz virsmas \u012bpa\u0161i pl\u0101nu k\u0101rtu, kas ir sal\u012bdzin\u0101ma ar s\u012bko magn\u0113tu, kas savienojas viens ar otru un pazemes virsmu, efektu. Rezult\u0101t\u0101 tiek nosl\u0113gtas mikroskopisk\u0101s poras un kapil\u0101ri, un net\u012brumu da\u013ci\u0146as un citi piemais\u012bjumi vairs nesp\u0113j pielipt tagad daudz glud\u0101kajam sl\u0101nim. Tas padara virsmas daudz viegl\u0101k t\u012br\u0101mas (\u201cviegli t\u012br\u0101mas\u201d), \u016bdeni atgr\u016bdo\u0161as (hidrofobas) un \u013coti sp\u012bd\u012bgas.<\/p>\n\n<hr\/>\n\n<h4 class=\"wp-block-heading\" id=\"properties\">Produkta \u012bpa\u0161\u012bbas<\/h4>\n\n<div class=\"wp-block-columns is-layout-flex wp-container-core-columns-is-layout-9d6595d7 wp-block-columns-is-layout-flex\">\n<div class=\"wp-block-column is-layout-flow wp-block-column-is-layout-flow\">\n<ul class=\"wp-block-list\">\n<li>Augsta sp\u012bduma efekts<\/li>\n\n\n\n<li>Var kombin\u0113t k\u0101 dzi\u013ci sp\u012bd\u012bgu apdari m\u016bsu ilggad\u0113jiem herm\u0113ti\u0137iem<\/li>\n\n\n\n<li>Lieliski viegli t\u012br\u0101ms net\u012brumu pielip\u0161anas efekts, piem\u0113ram, no putnu izk\u0101rn\u012bjumiem, kukai\u0146iem un citiem agres\u012bviem traipiem, virsmas net\u012br\u0101s daudz l\u0113n\u0101k<\/li>\n\n\n\n<li>Sp\u0113c\u012bga hidrofob\u0101 iedarb\u012bba (\u016bdens atgr\u016bdo\u0161s)<\/li>\n\n\n\n<li>SiO\u00b2 nano tehnolo\u0123ija<\/li>\n\n\n\n<li>Uz \u016bdens b\u0101zes, bez \u0161\u0137\u012bdin\u0101t\u0101jiem un bez smar\u017eas<\/li>\n\n\n\n<li>\u0136\u012bmiski iztur\u012bgs pret t\u012br\u012b\u0161anas l\u012bdzek\u013ciem (l\u012bdz pH 10)<\/li>\n\n\n\n<li>Vienk\u0101r\u0161a aplik\u0101cija<\/li>\n\n\n\n<li>Stabil\u0101ks savienojums nek\u0101 prepar\u0101ti uz vaska vai silikona e\u013c\u013cas b\u0101zes<\/li>\n\n\n\n<li>UV notur\u012bgs \/ sala iztur\u012bgs \/ s\u0101ls\u016bdens iztur\u012bgs \/ neredzams (sl\u0101\u0146a biezums: 40-50nm)<\/li>\n\n\n\n<li>Izmaksu, laika un ener\u0123ijas ietaup\u012bjums, pateicoties pagarin\u0101tiem t\u012br\u012b\u0161anas cikliem<\/li>\n<\/ul>\n<\/div>\n\n\n\n<div class=\"wp-block-column is-layout-flow wp-block-column-is-layout-flow\">\n<ul id=\"block-cb512caf-6c3b-4dfc-8f82-809b2295b24e\" class=\"wp-block-list\">\n<li>Netoksisks un neuzliesmojo\u0161s<\/li>\n\n\n\n<li>Der\u012bguma termi\u0146\u0161: 3 &#8211; 6 m\u0113ne\u0161i (atkar\u012bb\u0101 no lieto\u0161anas veida)<\/li>\n\n\n\n<li>Z\u012bdaini gluda virsma, \u013coti laba saj\u016bta<\/li>\n\n\n\n<li>Iztur\u012bgs pret gandr\u012bz vis\u0101m sk\u0101b\u0113m, \u0161\u0137\u012bdin\u0101t\u0101jiem un s\u0101rmajiem sadz\u012bves t\u012br\u012b\u0161anas l\u012bdzek\u013ciem<\/li>\n\n\n\n<li>Daudz stabil\u0101ks nek\u0101 vaski vai produkti uz silikona e\u013c\u013cas b\u0101zes<\/li>\n\n\n\n<li>Viegli biolo\u0123iski no\u0101rd\u0101s (saska\u0146\u0101 ar ESAO krit\u0113rijiem)<\/li>\n\n\n\n<li>Augsta nodilumiztur\u012bba pret v\u0113ja p\u0101rn\u0113s\u0101t\u0101m da\u013ci\u0146\u0101m<\/li>\n\n\n\n<li>Iztur\u012bgs pret temperat\u016bru no -40 l\u012bdz + 200 \u00b0 C.<\/li>\n\n\n\n<li>ph iztur\u012bgs no 1-10<\/li>\n\n\n\n<li>Nav citotoksisks saska\u0146\u0101 ar ISO 10993-5 + 12<\/li>\n\n\n\n<li>Bl\u012bvums aptuveni 1,00 g \/ cm\u00b3<\/li>\n\n\n\n<li>Sl\u0101\u0146a biezums: aptuveni 40-50 nm<\/li>\n\n\n\n<li>Nesatur GOS (nav b\u012bstamu kravu)<\/li>\n\n\n\n<li>Sp\u0113c\u012bgas nelip\u012bgas \u012bpa\u0161\u012bbas (virsmas net\u012bras daudz l\u0113n\u0101k)<\/li>\n<\/ul>\n<\/div>\n<\/div>\n\n<div class=\"wp-block-columns is-layout-flex wp-container-core-columns-is-layout-9d6595d7 wp-block-columns-is-layout-flex\">\n<div class=\"wp-block-column is-layout-flow wp-block-column-is-layout-flow\">\n<p><br\/><br\/><br\/><br\/><br\/><br\/>\u012ass raksturojums <strong> Lieto\u0161anas temperat\u016bra: 0 &#8211; 45\u00b0C m\u00b2 uz litru: 100m\u00b2 Herm\u0113ti\u0137a der\u012bguma termi\u0146\u0161: 3-6 m\u0113ne\u0161i \u0160\u0137idruma der\u012bguma termi\u0146\u0161: l\u012bdz 1 gadam Uzglab\u0101\u0161anas temperat\u016bra: 0 &#8211; 30\u00b0C (aizsarg\u0101ts no saules gaismas) Ciet\u0113\u0161anas laiks: 5 min\u016btes, virsmu var lietot nekav\u0113joties.<\/strong><\/p>\n\n\n\n<p><br\/><br\/>P<strong>ieg\u0101des apjoms<\/strong>: 1 x litra pudele 1 x produkta apraksts<\/p>\n<\/div>\n\n\n\n<div class=\"wp-block-column is-layout-flow wp-block-column-is-layout-flow\">\n<p><br\/><br\/><br\/><br\/>P<strong>\u0101rbaudes<\/strong> SMI tests Sendvi\u010da korozijas tests, saska\u0146\u0101 ar ASTM F 1110 Akrila plais\u0101\u0161anas tests, saska\u0146\u0101 ar ASTM F 484 C tipa kr\u0101sas m\u012bkstin\u0101\u0161anas tests, saska\u0146\u0101 ar ASTM F 502 \u016ade\u0146ra\u017ea trausluma tests, saska\u0146\u0101 ar ASTM F 519-93.<\/p>\n\n\n\n<p><br\/>Boeing sertific\u0113ts DuPont\u2122 Marine Finishes:<strong>WB Rapid On &#8211; Deep Gloss Sealer &amp; Finisher<\/strong> ir test\u0113ts uz DuPont\u2122 Marine Finishes Topgloss SF un DP6940 Imron\u00ae Super Flow HS bezkr\u0101sas p\u0101rkl\u0101juma. Netika nov\u0113rota negat\u012bva ietekme uz p\u0101rkl\u0101jumiem.<\/p>\n\n\n\n<p>Muitas tarifa numurs: 3402 9090, bez b\u012bstam\u0101m krav\u0101m (NDG)<\/p>\n<\/div>\n<\/div>\n\n<hr\/>\n\n<h4 class=\"wp-block-heading\" id=\"application\">Pieteikums<\/h4>\n\n<p><strong>V24 WB Rapid On &#8211; dzi\u013ci sp\u012bd\u012bgs auto kr\u0101sas herm\u0113ti\u0137is un apdares l\u012bdzeklis<\/strong> var optim\u0101li piem\u0113rot<strong> :<\/strong><\/p>\n\n<p><br\/><br\/>&#8211; Automa\u0161\u012bnu kr\u0101sai (k\u0101 atsevi\u0161\u0137s herm\u0113ti\u0137is vai k\u0101 &#8220;apdare&#8221; m\u016bsu 640 un 660 herm\u0113ti\u0137iem, ar vienu litru var aizz\u012bmogot aptuveni 8-10 automa\u0161\u012bnas) &#8211; Laiv\u0101m &#8211; M\u0101jsaimniec\u012bb\u0101, piem.<br\/><br\/><br\/><br\/><br\/><br\/><br\/>du\u0161as kab\u012bn\u0113m, logiem un durvju r\u0101mjiem &#8211; ner\u016bs\u0113jo\u0161\u0101 t\u0113rauda virsm\u0101m &#8211; kr\u0101sot\u0101m un met\u0101lisk\u0101m virsm\u0101m &#8211; stiklam &#8211; sint\u0113tiskiem materi\u0101liem &#8211; gumijai &#8211; hromam &#8211; vizieriem (sl\u0113po\u0161anas un motociklu vizieriem, \u012bpa\u0161i, ja j\u0101izvair\u0101s no herm\u0113ti\u0137iem uz \u0161\u0137\u012bdin\u0101t\u0101ju b\u0101zes).<\/p>\n","protected":false},"excerpt":{"rendered":"<p><strong>Augst\u0101k\u0101s kvalit\u0101tes dzi\u013ci sp\u012bd\u012bgs bl\u012bv\u0113t\u0101js un apdares l\u012bdzeklis<\/strong><\/p>\n<p>\u2713 ide\u0101li piem\u0113rots automa\u0161\u012bnu kr\u0101s\u0101m<\/p>\n<p><em>\u2713<\/em> <em>uz \u016bdens b\u0101zes \u2013 \u0101tri iedarbin\u0101ms<\/em><\/p>\n","protected":false},"featured_media":18396,"template":"","meta":{"_acf_changed":false,"neve_meta_sidebar":"","neve_meta_container":"","neve_meta_enable_content_width":"","neve_meta_content_width":0,"neve_meta_title_alignment":"","neve_meta_author_avatar":"","neve_post_elements_order":"","neve_meta_disable_header":"","neve_meta_disable_footer":"","neve_meta_disable_title":"","neve_meta_reading_time":"","_surfaces":[],"_ver_product_tabs":[],"footnotes":""},"product_brand":[],"product_cat":[2196],"product_tag":[],"class_list":{"0":"post-24611","1":"product","2":"type-product","3":"status-publish","4":"has-post-thumbnail","6":"product_cat-automasinas-blivejums","8":"first","9":"instock","10":"taxable","11":"shipping-taxable","12":"purchasable","13":"product-type-simple"},"acf":[],"yoast_head":"<!-- This site is optimized with the Yoast SEO Premium plugin v22.8 (Yoast SEO v27.5) - https:\/\/yoast.com\/product\/yoast-seo-premium-wordpress\/ -->\n<title>WB Rapid On - dzi\u013ci sp\u012bd\u012bgs automa\u0161\u012bnu kr\u0101sas herm\u0113ti\u0137is un apdares l\u012bdzeklis - versiegelung24.com<\/title>\n<meta name=\"robots\" content=\"index, follow, max-snippet:-1, max-image-preview:large, max-video-preview:-1\" \/>\n<link rel=\"canonical\" href=\"https:\/\/www.versiegelung24.com\/lv\/wb-rapid-on-deep-spiduma-autolack-sealing-finisher.html\" \/>\n<meta property=\"og:locale\" content=\"lv_LV\" \/>\n<meta property=\"og:type\" content=\"article\" \/>\n<meta property=\"og:title\" content=\"WB Rapid On - dzi\u013ci sp\u012bd\u012bgs automa\u0161\u012bnu kr\u0101sas herm\u0113ti\u0137is un apdares l\u012bdzeklis\" \/>\n<meta property=\"og:description\" content=\"Augst\u0101k\u0101s kvalit\u0101tes dzi\u013ci sp\u012bd\u012bgs bl\u012bv\u0113t\u0101js un apdares l\u012bdzeklis \u2713 ide\u0101li piem\u0113rots automa\u0161\u012bnu kr\u0101s\u0101m \u2713 uz \u016bdens b\u0101zes \u2013 \u0101tri iedarbin\u0101ms\" \/>\n<meta property=\"og:url\" content=\"https:\/\/www.versiegelung24.com\/lv\/wb-rapid-on-deep-spiduma-autolack-sealing-finisher.html\" \/>\n<meta property=\"og:site_name\" content=\"versiegelung24.com\" \/>\n<meta property=\"article:modified_time\" content=\"2025-01-03T23:05:16+00:00\" \/>\n<meta property=\"og:image\" content=\"https:\/\/www.versiegelung24.com\/wp-content\/uploads\/2020\/06\/produkt-5002-7654-1000-WB-Rapid-On-scaled.jpg\" \/>\n\t<meta property=\"og:image:width\" content=\"2560\" \/>\n\t<meta property=\"og:image:height\" content=\"2560\" \/>\n\t<meta property=\"og:image:type\" content=\"image\/jpeg\" \/>\n<meta name=\"twitter:card\" content=\"summary_large_image\" \/>\n<meta name=\"twitter:label1\" content=\"Price\" \/>\n\t<meta name=\"twitter:data1\" content=\"69,00&euro;\" \/>\n\t<meta name=\"twitter:label2\" content=\"Availability\" \/>\n\t<meta name=\"twitter:data2\" content=\"In stock\" \/>\n<script type=\"application\/ld+json\" class=\"yoast-schema-graph\">{\"@context\":\"https:\\\/\\\/schema.org\",\"@graph\":[{\"@type\":\"WebPage\",\"@id\":\"https:\\\/\\\/www.versiegelung24.com\\\/lv\\\/wb-rapid-on-deep-spiduma-autolack-sealing-finisher.html\",\"url\":\"https:\\\/\\\/www.versiegelung24.com\\\/lv\\\/wb-rapid-on-deep-spiduma-autolack-sealing-finisher.html\",\"name\":\"WB Rapid On - dzi\u013ci sp\u012bd\u012bgs automa\u0161\u012bnu kr\u0101sas herm\u0113ti\u0137is un apdares l\u012bdzeklis - versiegelung24.com\",\"isPartOf\":{\"@id\":\"https:\\\/\\\/www.versiegelung24.com\\\/lv\\\/#website\"},\"primaryImageOfPage\":{\"@id\":\"https:\\\/\\\/www.versiegelung24.com\\\/lv\\\/wb-rapid-on-deep-spiduma-autolack-sealing-finisher.html#primaryimage\"},\"image\":{\"@id\":\"https:\\\/\\\/www.versiegelung24.com\\\/lv\\\/wb-rapid-on-deep-spiduma-autolack-sealing-finisher.html#primaryimage\"},\"thumbnailUrl\":\"https:\\\/\\\/www.versiegelung24.com\\\/wp-content\\\/uploads\\\/2020\\\/06\\\/produkt-5002-7654-1000-WB-Rapid-On-scaled.jpg\",\"datePublished\":\"2021-08-02T20:50:16+00:00\",\"dateModified\":\"2025-01-03T23:05:16+00:00\",\"breadcrumb\":{\"@id\":\"https:\\\/\\\/www.versiegelung24.com\\\/lv\\\/wb-rapid-on-deep-spiduma-autolack-sealing-finisher.html#breadcrumb\"},\"inLanguage\":\"lv-LV\",\"potentialAction\":[{\"@type\":\"ReadAction\",\"target\":[\"https:\\\/\\\/www.versiegelung24.com\\\/lv\\\/wb-rapid-on-deep-spiduma-autolack-sealing-finisher.html\"]}]},{\"@type\":\"ImageObject\",\"inLanguage\":\"lv-LV\",\"@id\":\"https:\\\/\\\/www.versiegelung24.com\\\/lv\\\/wb-rapid-on-deep-spiduma-autolack-sealing-finisher.html#primaryimage\",\"url\":\"https:\\\/\\\/www.versiegelung24.com\\\/wp-content\\\/uploads\\\/2020\\\/06\\\/produkt-5002-7654-1000-WB-Rapid-On-scaled.jpg\",\"contentUrl\":\"https:\\\/\\\/www.versiegelung24.com\\\/wp-content\\\/uploads\\\/2020\\\/06\\\/produkt-5002-7654-1000-WB-Rapid-On-scaled.jpg\",\"width\":2560,\"height\":2560},{\"@type\":\"BreadcrumbList\",\"@id\":\"https:\\\/\\\/www.versiegelung24.com\\\/lv\\\/wb-rapid-on-deep-spiduma-autolack-sealing-finisher.html#breadcrumb\",\"itemListElement\":[{\"@type\":\"ListItem\",\"position\":1,\"name\":\"M\u0101jas lapa\",\"item\":\"https:\\\/\\\/www.versiegelung24.com\\\/lv\\\/prieksejais\\\/\"},{\"@type\":\"ListItem\",\"position\":2,\"name\":\"Veikals\",\"item\":\"https:\\\/\\\/www.versiegelung24.com\\\/lv\\\/veikals\\\/\"},{\"@type\":\"ListItem\",\"position\":3,\"name\":\"WB Rapid On &#8211; dzi\u013ci sp\u012bd\u012bgs automa\u0161\u012bnu kr\u0101sas herm\u0113ti\u0137is un apdares l\u012bdzeklis\"}]},{\"@type\":\"WebSite\",\"@id\":\"https:\\\/\\\/www.versiegelung24.com\\\/lv\\\/#website\",\"url\":\"https:\\\/\\\/www.versiegelung24.com\\\/lv\\\/\",\"name\":\"versiegelung24.com\",\"description\":\"Fl\u00fcssigglas-Versiegelung - Made in Germany\",\"publisher\":{\"@id\":\"https:\\\/\\\/www.versiegelung24.com\\\/lv\\\/#organization\"},\"potentialAction\":[{\"@type\":\"SearchAction\",\"target\":{\"@type\":\"EntryPoint\",\"urlTemplate\":\"https:\\\/\\\/www.versiegelung24.com\\\/lv\\\/?s={search_term_string}\"},\"query-input\":{\"@type\":\"PropertyValueSpecification\",\"valueRequired\":true,\"valueName\":\"search_term_string\"}}],\"inLanguage\":\"lv-LV\"},{\"@type\":\"Organization\",\"@id\":\"https:\\\/\\\/www.versiegelung24.com\\\/lv\\\/#organization\",\"name\":\"versiegelung24\",\"url\":\"https:\\\/\\\/www.versiegelung24.com\\\/lv\\\/\",\"logo\":{\"@type\":\"ImageObject\",\"inLanguage\":\"lv-LV\",\"@id\":\"https:\\\/\\\/www.versiegelung24.com\\\/lv\\\/#\\\/schema\\\/logo\\\/image\\\/\",\"url\":\"https:\\\/\\\/www.versiegelung24.com\\\/wp-content\\\/uploads\\\/2020\\\/04\\\/versiegelung24.png\",\"contentUrl\":\"https:\\\/\\\/www.versiegelung24.com\\\/wp-content\\\/uploads\\\/2020\\\/04\\\/versiegelung24.png\",\"width\":470,\"height\":102,\"caption\":\"versiegelung24\"},\"image\":{\"@id\":\"https:\\\/\\\/www.versiegelung24.com\\\/lv\\\/#\\\/schema\\\/logo\\\/image\\\/\"}}]}<\/script>\n<meta property=\"product:price:amount\" content=\"69.00\" \/>\n<meta property=\"product:price:currency\" content=\"EUR\" \/>\n<meta property=\"og:availability\" content=\"instock\" \/>\n<meta property=\"product:availability\" content=\"instock\" \/>\n<meta property=\"product:retailer_item_id\" content=\"5002-7654-1000\" \/>\n<meta property=\"product:condition\" content=\"new\" \/>\n<!-- \/ Yoast SEO Premium plugin. -->","yoast_head_json":{"title":"WB Rapid On - dzi\u013ci sp\u012bd\u012bgs automa\u0161\u012bnu kr\u0101sas herm\u0113ti\u0137is un apdares l\u012bdzeklis - versiegelung24.com","robots":{"index":"index","follow":"follow","max-snippet":"max-snippet:-1","max-image-preview":"max-image-preview:large","max-video-preview":"max-video-preview:-1"},"canonical":"https:\/\/www.versiegelung24.com\/lv\/wb-rapid-on-deep-spiduma-autolack-sealing-finisher.html","og_locale":"lv_LV","og_type":"article","og_title":"WB Rapid On - dzi\u013ci sp\u012bd\u012bgs automa\u0161\u012bnu kr\u0101sas herm\u0113ti\u0137is un apdares l\u012bdzeklis","og_description":"Augst\u0101k\u0101s kvalit\u0101tes dzi\u013ci sp\u012bd\u012bgs bl\u012bv\u0113t\u0101js un apdares l\u012bdzeklis \u2713 ide\u0101li piem\u0113rots automa\u0161\u012bnu kr\u0101s\u0101m \u2713 uz \u016bdens b\u0101zes \u2013 \u0101tri iedarbin\u0101ms","og_url":"https:\/\/www.versiegelung24.com\/lv\/wb-rapid-on-deep-spiduma-autolack-sealing-finisher.html","og_site_name":"versiegelung24.com","article_modified_time":"2025-01-03T23:05:16+00:00","og_image":[{"width":2560,"height":2560,"url":"https:\/\/www.versiegelung24.com\/wp-content\/uploads\/2020\/06\/produkt-5002-7654-1000-WB-Rapid-On-scaled.jpg","type":"image\/jpeg"}],"twitter_card":"summary_large_image","twitter_misc":{"Price":"69,00&euro;","Availability":"In stock"},"schema":{"@context":"https:\/\/schema.org","@graph":[{"@type":"WebPage","@id":"https:\/\/www.versiegelung24.com\/lv\/wb-rapid-on-deep-spiduma-autolack-sealing-finisher.html","url":"https:\/\/www.versiegelung24.com\/lv\/wb-rapid-on-deep-spiduma-autolack-sealing-finisher.html","name":"WB Rapid On - dzi\u013ci sp\u012bd\u012bgs automa\u0161\u012bnu kr\u0101sas herm\u0113ti\u0137is un apdares l\u012bdzeklis - versiegelung24.com","isPartOf":{"@id":"https:\/\/www.versiegelung24.com\/lv\/#website"},"primaryImageOfPage":{"@id":"https:\/\/www.versiegelung24.com\/lv\/wb-rapid-on-deep-spiduma-autolack-sealing-finisher.html#primaryimage"},"image":{"@id":"https:\/\/www.versiegelung24.com\/lv\/wb-rapid-on-deep-spiduma-autolack-sealing-finisher.html#primaryimage"},"thumbnailUrl":"https:\/\/www.versiegelung24.com\/wp-content\/uploads\/2020\/06\/produkt-5002-7654-1000-WB-Rapid-On-scaled.jpg","datePublished":"2021-08-02T20:50:16+00:00","dateModified":"2025-01-03T23:05:16+00:00","breadcrumb":{"@id":"https:\/\/www.versiegelung24.com\/lv\/wb-rapid-on-deep-spiduma-autolack-sealing-finisher.html#breadcrumb"},"inLanguage":"lv-LV","potentialAction":[{"@type":"ReadAction","target":["https:\/\/www.versiegelung24.com\/lv\/wb-rapid-on-deep-spiduma-autolack-sealing-finisher.html"]}]},{"@type":"ImageObject","inLanguage":"lv-LV","@id":"https:\/\/www.versiegelung24.com\/lv\/wb-rapid-on-deep-spiduma-autolack-sealing-finisher.html#primaryimage","url":"https:\/\/www.versiegelung24.com\/wp-content\/uploads\/2020\/06\/produkt-5002-7654-1000-WB-Rapid-On-scaled.jpg","contentUrl":"https:\/\/www.versiegelung24.com\/wp-content\/uploads\/2020\/06\/produkt-5002-7654-1000-WB-Rapid-On-scaled.jpg","width":2560,"height":2560},{"@type":"BreadcrumbList","@id":"https:\/\/www.versiegelung24.com\/lv\/wb-rapid-on-deep-spiduma-autolack-sealing-finisher.html#breadcrumb","itemListElement":[{"@type":"ListItem","position":1,"name":"M\u0101jas lapa","item":"https:\/\/www.versiegelung24.com\/lv\/prieksejais\/"},{"@type":"ListItem","position":2,"name":"Veikals","item":"https:\/\/www.versiegelung24.com\/lv\/veikals\/"},{"@type":"ListItem","position":3,"name":"WB Rapid On &#8211; dzi\u013ci sp\u012bd\u012bgs automa\u0161\u012bnu kr\u0101sas herm\u0113ti\u0137is un apdares l\u012bdzeklis"}]},{"@type":"WebSite","@id":"https:\/\/www.versiegelung24.com\/lv\/#website","url":"https:\/\/www.versiegelung24.com\/lv\/","name":"versiegelung24.com","description":"Fl\u00fcssigglas-Versiegelung - Made in Germany","publisher":{"@id":"https:\/\/www.versiegelung24.com\/lv\/#organization"},"potentialAction":[{"@type":"SearchAction","target":{"@type":"EntryPoint","urlTemplate":"https:\/\/www.versiegelung24.com\/lv\/?s={search_term_string}"},"query-input":{"@type":"PropertyValueSpecification","valueRequired":true,"valueName":"search_term_string"}}],"inLanguage":"lv-LV"},{"@type":"Organization","@id":"https:\/\/www.versiegelung24.com\/lv\/#organization","name":"versiegelung24","url":"https:\/\/www.versiegelung24.com\/lv\/","logo":{"@type":"ImageObject","inLanguage":"lv-LV","@id":"https:\/\/www.versiegelung24.com\/lv\/#\/schema\/logo\/image\/","url":"https:\/\/www.versiegelung24.com\/wp-content\/uploads\/2020\/04\/versiegelung24.png","contentUrl":"https:\/\/www.versiegelung24.com\/wp-content\/uploads\/2020\/04\/versiegelung24.png","width":470,"height":102,"caption":"versiegelung24"},"image":{"@id":"https:\/\/www.versiegelung24.com\/lv\/#\/schema\/logo\/image\/"}}]},"product_price_amount":"69.00","product_price_currency":"EUR","og_availability":"instock","product_availability":"instock","product_retailer_item_id":"5002-7654-1000","product_condition":"new"},"_links":{"self":[{"href":"https:\/\/www.versiegelung24.com\/lv\/wp-json\/wp\/v2\/product\/24611","targetHints":{"allow":["GET"]}}],"collection":[{"href":"https:\/\/www.versiegelung24.com\/lv\/wp-json\/wp\/v2\/product"}],"about":[{"href":"https:\/\/www.versiegelung24.com\/lv\/wp-json\/wp\/v2\/types\/product"}],"version-history":[{"count":10,"href":"https:\/\/www.versiegelung24.com\/lv\/wp-json\/wp\/v2\/product\/24611\/revisions"}],"predecessor-version":[{"id":174281,"href":"https:\/\/www.versiegelung24.com\/lv\/wp-json\/wp\/v2\/product\/24611\/revisions\/174281"}],"wp:featuredmedia":[{"embeddable":true,"href":"https:\/\/www.versiegelung24.com\/lv\/wp-json\/wp\/v2\/media\/18396"}],"wp:attachment":[{"href":"https:\/\/www.versiegelung24.com\/lv\/wp-json\/wp\/v2\/media?parent=24611"}],"wp:term":[{"taxonomy":"product_brand","embeddable":true,"href":"https:\/\/www.versiegelung24.com\/lv\/wp-json\/wp\/v2\/product_brand?post=24611"},{"taxonomy":"product_cat","embeddable":true,"href":"https:\/\/www.versiegelung24.com\/lv\/wp-json\/wp\/v2\/product_cat?post=24611"},{"taxonomy":"product_tag","embeddable":true,"href":"https:\/\/www.versiegelung24.com\/lv\/wp-json\/wp\/v2\/product_tag?post=24611"}],"curies":[{"name":"wp","href":"https:\/\/api.w.org\/{rel}","templated":true}]}}