{"id":24688,"date":"2020-04-04T18:53:45","date_gmt":"2021-08-02T20:57:55","guid":{"rendered":"https:\/\/www.versiegelung24.com\/produkt\/izcils-betona-un-akmens-blivejums-arkartigi-udensnecaurlaidigs-neelpojoss"},"modified":"2025-01-03T23:54:38","modified_gmt":"2025-01-03T22:54:38","slug":"premium-betona-akmens-blivejuma-arkartigi-udens-atgrudoss-elpojoss","status":"publish","type":"product","link":"https:\/\/www.versiegelung24.com\/lv\/premium-betona-akmens-blivejuma-arkartigi-udens-atgrudoss-elpojoss.html","title":{"rendered":"Premium betona un akmens bl\u012bv\u0113jums ar kr\u0101sas padzi\u013cin\u0101\u0161anu &#8211; nav elpojo\u0161s"},"content":{"rendered":"\n<p>M\u016bsu augst\u0101k\u0101s kvalit\u0101tes betona un akmens bl\u012bv\u0113jums efekt\u012bvi un past\u0101v\u012bgi aizsarg\u0101 virsmas no \u0101r\u0113j\u0101m ietekm\u0113m un skaidri nov\u0113r\u0161 e\u013c\u013cas, tauku, kafijas un sarkanv\u012bna iek\u013c\u016b\u0161anu. Turkl\u0101t aizsarg\u0101jo\u0161ais lakas p\u0101rkl\u0101jums atst\u0101j kr\u0101su pastiprino\u0161u, sp\u012bd\u012bgu pl\u0113vi, kas redzami uzlabo apstr\u0101d\u0101to virsmu.<\/p>\n\n<hr\/>\n\n<h4 class=\"wp-block-heading\" id=\"video\"><strong>Praktiz\u0113jiet video &#8211; efekt\u012bvi aizsarg\u0101jiet akmens fig\u016bras un akmens skulpt\u016bras d\u0101rz\u0101 no vides ietekmes<\/strong><\/h4>\n\n<figure class=\"wp-block-embed aligncenter is-type-video is-provider-youtube wp-block-embed-youtube wp-embed-aspect-16-9 wp-has-aspect-ratio\"><div class=\"wp-block-embed__wrapper\"> \n<div class=\"nv-iframe-embed\"><iframe title=\"Steinfiguren &amp; Steinskulpturen wetterfest machen - Versiegelung \/ Impr\u00e4gnierung mit Farbvertiefung\" width=\"1200\" height=\"675\" src=\"https:\/\/www.youtube.com\/embed\/sSjv-OlqOgI?feature=oembed\" frameborder=\"0\" allow=\"accelerometer; autoplay; clipboard-write; encrypted-media; gyroscope; picture-in-picture\" allowfullscreen><\/iframe><\/div>\n <\/div><\/figure>\n\n<hr\/>\n\n<h4 class=\"wp-block-heading\" id=\"properties\">Produkta \u012bpa\u0161\u012bbas<\/h4>\n\n<div class=\"wp-block-columns is-layout-flex wp-container-core-columns-is-layout-9d6595d7 wp-block-columns-is-layout-flex\">\n<div class=\"wp-block-column is-layout-flow wp-block-column-is-layout-flow\">\n<p>\u2713 Efekt\u012bva past\u0101v\u012bga virsmas aizsardz\u012bba pret \u016bdeni, net\u012brumiem un atmosf\u0113ras iedarb\u012bbu<\/p>\n\n\n\n<p>\u2713 nov\u0113r\u0161 s\u016bnu, \u0137\u0113rpju, s\u0113n\u012b\u0161u un citu dabisku faktoru aug\u0161anu<\/p>\n\n\n\n<p>\u2713 100% cietvielu saturo\u0161s caursp\u012bd\u012bgs lakas p\u0101rkl\u0101jums<\/p>\n\n\n\n<p>\u2713 augsta nodilumiztur\u012bba, izmantojot SiO\u00b2 nano tehnolo\u0123iju<\/p>\n\n\n\n<p>\u2713 apstr\u0101d\u0101t\u0101s virsmas nav elpojo\u0161as<\/p>\n\n\n\n<p>\u2713 Kr\u0101su padzi\u013cin\u0101\u0161anas efekts ar sp\u012bd\u012bgu pl\u0113vi \/ virsmas uzlabojumu<\/p>\n\n\n\n<p>\u2713 \u013coti sp\u0113c\u012bga hidrofobit\u0101te<\/p>\n\n\n\n<p>\u2713 Iev\u0113rojami samazina e\u013c\u013cas un tauku, kafijas, sarkanv\u012bna iek\u013c\u016b\u0161anu<\/p>\n\n\n\n<p>\u2713 Iztur\u012bgs pret salu (ledus un sniegs to neboj\u0101)<\/p>\n\n\n\n<p>\u2713 UV stabils<\/p>\n\n\n\n<p>\u2713 Viegli t\u012br\u0101ms efekts: net\u012brumi<\/p>\n\n\n\n<p>\u2713 Temperat\u016bras iztur\u012bgs l\u012bdz 1000\u00b0C (ar \u012bslaic\u012bgu iedarb\u012bbu)<\/p>\n\n\n\n<p><\/p>\n\n\n\n<p><br\/>Pieg\u0101des apjoms: 1 x litra pudele<\/p>\n<\/div>\n\n\n\n<div class=\"wp-block-column is-layout-flow wp-block-column-is-layout-flow\">\n<p><strong>\u013boti efekt\u012bvs, \u013coti \u016bdeni atgr\u016bdo\u0161s, nodilumiztur\u012bgs nanop\u0101rkl\u0101jums vis\u0101m absorb\u0113jo\u0161\u0101m, miner\u0101lu virsm\u0101m.<\/strong><\/p>\n\n\n\n<p>Nav elpojo\u0161s<\/p>\n\n\n\n<p>Preces numurs: 3008-704<\/p>\n\n\n\n<p>Augsta kvalit\u0101te Ra\u017eots V\u0101cij\u0101<\/p>\n\n\n\n<p><strong>produktu dro\u0161\u012bba<\/strong><\/p>\n\n\n\n<p>Inform\u0101cija par produkta klasifik\u0101ciju saska\u0146\u0101 ar r\u012bkojumu par b\u012bstam\u0101m viel\u0101m, dro\u0161\u012bbas dati un dati par toksikolo\u0123iju un uzglab\u0101\u0161anu ir atrodami m\u016bsu dro\u0161\u012bbas datu lap\u0101.<\/p>\n\n\n\n<p>Lietojot, piev\u0113rsiet uzman\u012bbu piem\u0113rotiem aizsardz\u012bbas l\u012bdzek\u013ciem. Pas\u016btot, iesak\u0101m valk\u0101t piem\u0113rotas elpo\u0161anas maskas un gumijas cimdus.<\/p>\n\n\n\n<p>Ja nok\u013c\u016bst uz \u0101das, r\u016bp\u012bgi nomazg\u0101jiet vietas ar ziep\u0113m un \u016bdeni.<\/p>\n\n\n\n<p><strong>uzglab\u0101\u0161ana<\/strong><\/p>\n\n\n\n<p>V24 Concrete and Stone Sealing Extreme var uzglab\u0101t vismaz 12 m\u0113ne\u0161us ori\u0123in\u0101l\u0101 sl\u0113gt\u0101 trauk\u0101, uzglab\u0101\u0161anas temperat\u016br\u0101 no +5 l\u012bdz + 25 \u00b0 C.<\/p>\n\n\n\n<p>Atv\u0113rtie konteineri j\u0101izlieto \u012bs\u0101 laik\u0101.<\/p>\n\n\n\n<p>Ilg\u0101ks glab\u0101\u0161anas laiks neb\u016bt nenoz\u012bm\u0113, ka prece ir nelietojama, tom\u0113r kvalit\u0101tes nodro\u0161in\u0101\u0161anas zi\u0146\u0101 ir j\u0101p\u0101rbauda paredz\u0113tajam lietojumam v\u0113lam\u0101s \u012bpa\u0161\u012bbas.<\/p>\n<\/div>\n<\/div>\n\n<hr\/>\n\n<h4 class=\"wp-block-heading\" id=\"application\">Pieteikums<\/h4>\n\n<div class=\"wp-block-columns is-layout-flex wp-container-core-columns-is-layout-9d6595d7 wp-block-columns-is-layout-flex\">\n<div class=\"wp-block-column is-layout-flow wp-block-column-is-layout-flow\">\n<ul class=\"wp-block-list\">\n<li><strong>V24 ekstr\u0113ms betona un akmens bl\u012bv\u0113jums<\/strong> tiek pieg\u0101d\u0101ts lieto\u0161anai gatavs un neat\u0161\u0137aid\u012bts tiek uzkl\u0101ts uz iepriek\u0161 not\u012br\u012btas un \u017e\u0101v\u0113tas virsmas. At\u0161\u0137aid\u012b\u0161ana ar spirtu ir iesp\u0113jama atkar\u012bb\u0101 no lieto\u0161anas veida.<\/li>\n<\/ul>\n\n\n\n<ul class=\"wp-block-list\">\n<li>Vis\u0101m apstr\u0101d\u0101jam\u0101m virsm\u0101m j\u0101b\u016bt saus\u0101m un labi not\u012br\u012bt\u0101m, jo tas ir vien\u012bgais veids, k\u0101 nodro\u0161in\u0101t herm\u0113ti\u0137a dzi\u013cu iespie\u0161anos, kam ir optim\u0101la ilgtermi\u0146a un dzi\u013ca iedarb\u012bba.<\/li>\n<\/ul>\n\n\n\n<ul class=\"wp-block-list\">\n<li>P\u0113c lieto\u0161anas <strong><strong>V24 betona un akmens herm\u0113ti\u0137is extreme<\/strong><\/strong> j\u0101paliek saskar\u0113 ar virsmu vair\u0101kas sekundes k\u0101 \u0161\u0137idrai pl\u0113vei.<\/li>\n<\/ul>\n\n\n\n<ul class=\"wp-block-list\">\n<li>P\u0101rkl\u0101jums ir piln\u012bb\u0101 savienots un p\u0113c 24 stund\u0101m saciet\u0113jis.<\/li>\n<\/ul>\n\n\n\n<p>Detaliz\u0113tu pieteikuma aprakstu var atrast m\u016bsu datu lap\u0101<\/p>\n<\/div>\n\n\n\n<div class=\"wp-block-column is-layout-flow wp-block-column-is-layout-flow\">\n<p>Aizsarg\u0101jo\u0161s lakas p\u0101rkl\u0101jums vis\u0101m miner\u0101lu, absorb\u0113jo\u0161\u0101m betona un akmens virsm\u0101m iek\u0161telp\u0101s un \u0101rpus t\u0101m.<\/p>\n\n\n\n<p>\u2713 Betons (betona bloks, betona segums, k\u0101pnes, gar\u0101\u017eu un darbn\u012bcu gr\u012bdas, atkl\u0101tas betona vietas &#8230;)<\/p>\n\n\n\n<p>\u2713 Akmens (dab\u012bgais akmens, bru\u0123akmens, gran\u012bts, ka\u013c\u0137akmens \u0137ie\u0123elis, \u0161\u012bferis, m\u016bra, piebraucamie ce\u013ci &#8230;)<\/p>\n\n\n\n<p><strong>Svar\u012bgi:<\/strong> lieto\u0161ana ir ierobe\u017eota uz \u013coti pul\u0113t\u0101m virsm\u0101m ar zemu uzs\u016bk\u0161anas sp\u0113ju, jo \u0161eit nevar notikt optim\u0101la sa\u0137ere. Ja nepiecie\u0161ams, virsma ir iepriek\u0161 j\u0101raupina (60-100 smil\u0161pap\u012brs atkar\u012bb\u0101 no virsmas) un j\u0101uzkl\u0101j grunts sl\u0101nis (1\/3 spirta 2\/3 herm\u0113ti\u0137a). Tad p\u0113c apm\u0113ram 30 min\u016bt\u0113m neat\u0161\u0137aid\u012bts bl\u012bv\u0113jums.<\/p>\n\n\n\n<p>Pat\u0113ri\u0146\u0161 ir atkar\u012bgs no virsmas uzs\u016bktsp\u0113jas aptuveni 10-40m\u00b2 \/ litr\u0101.<\/p>\n<\/div>\n<\/div>\n","protected":false},"excerpt":{"rendered":"<p><strong>\u012apa\u0161i \u016bdeni atgr\u016bdo\u0161s caursp\u012bd\u012bgs m\u0113telis lieto\u0161anai iek\u0161telp\u0101s un \u0101r\u0101<\/strong>  <\/p>\n<p>\u2713 Vis\u0101m absorb\u0113jo\u0161\u0101m miner\u0101lakmens un betona virsm\u0101m<\/p>\n<p>\u2713 Viegli t\u012br\u0101ms efekts: net\u012brumi nel\u012bp un tos var viegli no\u0146emt<\/p>\n<p>\u2713 apstr\u0101d\u0101t\u0101s virsmas nav elpojo\u0161as<\/p>\n<p>\u2713 Nov\u0113r\u0161 s\u016bnu, \u0137\u0113rpju, s\u0113n\u012b\u0161u un citu dabas faktoru aug\u0161anu<\/p>\n<p>\u2713 Kr\u0101su padzi\u013cin\u0101\u0161anas efekts ar sp\u012bd\u012bgu pl\u0113vi \/ virsmas uzlabojumu<\/p>\n<p>\u2713 Der\u012bguma termi\u0146\u0161: l\u012bdz 5 gadiem+<\/p>\n","protected":false},"featured_media":18111,"template":"","meta":{"_acf_changed":false,"neve_meta_sidebar":"","neve_meta_container":"","neve_meta_enable_content_width":"","neve_meta_content_width":0,"neve_meta_title_alignment":"","neve_meta_author_avatar":"","neve_post_elements_order":"","neve_meta_disable_header":"","neve_meta_disable_footer":"","neve_meta_disable_title":"","neve_meta_reading_time":"","_surfaces":[],"_ver_product_tabs":[],"footnotes":""},"product_brand":[],"product_cat":[2315],"product_tag":[],"class_list":{"0":"post-24688","1":"product","2":"type-product","3":"status-publish","4":"has-post-thumbnail","6":"product_cat-akmens-un-betona-blivejums","7":"pa_gebinde-1000-ml-pudele","8":"pa_gebinde-20l-tvertne","10":"first","11":"instock","12":"taxable","13":"shipping-taxable","14":"purchasable","15":"product-type-variable","16":"has-default-attributes"},"acf":[],"yoast_head":"<!-- This site is optimized with the Yoast SEO Premium plugin v22.8 (Yoast SEO v27.5) - https:\/\/yoast.com\/product\/yoast-seo-premium-wordpress\/ -->\n<title>Premium betona un akmens bl\u012bv\u0113jums ar kr\u0101sas padzi\u013cin\u0101\u0161anu - versiegelung24<\/title>\n<meta name=\"description\" content=\"Augst\u0101k\u0101s kvalit\u0101tes betona un akmens bl\u012bv\u0113jums\u00a0\u2014 uzziniet vair\u0101k par m\u016bsu augst\u0101k\u0101s klases betona un akmens bl\u012bv\u0113jumu ar nanotehnolo\u0123iju un kr\u0101sas padzi\u013cin\u0101\u0161anu\" \/>\n<meta name=\"robots\" content=\"index, follow, max-snippet:-1, max-image-preview:large, max-video-preview:-1\" \/>\n<link rel=\"canonical\" href=\"https:\/\/www.versiegelung24.com\/lv\/premium-betona-akmens-blivejuma-arkartigi-udens-atgrudoss-elpojoss.html\" \/>\n<meta property=\"og:locale\" content=\"lv_LV\" \/>\n<meta property=\"og:type\" content=\"article\" \/>\n<meta property=\"og:title\" content=\"Premium betona un akmens bl\u012bv\u0113jums ar kr\u0101sas padzi\u013cin\u0101\u0161anu - nav elpojo\u0161s\" \/>\n<meta property=\"og:description\" content=\"Augst\u0101k\u0101s kvalit\u0101tes betona un akmens bl\u012bv\u0113jums\u00a0\u2014 uzziniet vair\u0101k par m\u016bsu augst\u0101k\u0101s klases betona un akmens bl\u012bv\u0113jumu ar nanotehnolo\u0123iju un kr\u0101sas padzi\u013cin\u0101\u0161anu\" \/>\n<meta property=\"og:url\" content=\"https:\/\/www.versiegelung24.com\/lv\/premium-betona-akmens-blivejuma-arkartigi-udens-atgrudoss-elpojoss.html\" \/>\n<meta property=\"og:site_name\" content=\"versiegelung24.com\" \/>\n<meta property=\"article:modified_time\" content=\"2025-01-03T22:54:38+00:00\" \/>\n<meta property=\"og:image\" content=\"https:\/\/www.versiegelung24.com\/wp-content\/uploads\/2020\/06\/produkt-3008-704-1000-Beton-Stein-Versiegelung-extreme-Wasserabweisung-nicht-atmungsaktiv-scaled.jpg\" \/>\n\t<meta property=\"og:image:width\" content=\"2560\" \/>\n\t<meta property=\"og:image:height\" content=\"2560\" \/>\n\t<meta property=\"og:image:type\" content=\"image\/jpeg\" \/>\n<meta name=\"twitter:card\" content=\"summary_large_image\" \/>\n<meta name=\"twitter:label1\" content=\"Availability\" \/>\n\t<meta name=\"twitter:data1\" content=\"In stock\" \/>\n<script type=\"application\/ld+json\" class=\"yoast-schema-graph\">{\"@context\":\"https:\\\/\\\/schema.org\",\"@graph\":[{\"@type\":\"WebPage\",\"@id\":\"https:\\\/\\\/www.versiegelung24.com\\\/lv\\\/premium-betona-akmens-blivejuma-arkartigi-udens-atgrudoss-elpojoss.html\",\"url\":\"https:\\\/\\\/www.versiegelung24.com\\\/lv\\\/premium-betona-akmens-blivejuma-arkartigi-udens-atgrudoss-elpojoss.html\",\"name\":\"Premium betona un akmens bl\u012bv\u0113jums ar kr\u0101sas padzi\u013cin\u0101\u0161anu - versiegelung24\",\"isPartOf\":{\"@id\":\"https:\\\/\\\/www.versiegelung24.com\\\/lv\\\/#website\"},\"primaryImageOfPage\":{\"@id\":\"https:\\\/\\\/www.versiegelung24.com\\\/lv\\\/premium-betona-akmens-blivejuma-arkartigi-udens-atgrudoss-elpojoss.html#primaryimage\"},\"image\":{\"@id\":\"https:\\\/\\\/www.versiegelung24.com\\\/lv\\\/premium-betona-akmens-blivejuma-arkartigi-udens-atgrudoss-elpojoss.html#primaryimage\"},\"thumbnailUrl\":\"https:\\\/\\\/www.versiegelung24.com\\\/wp-content\\\/uploads\\\/2020\\\/06\\\/produkt-3008-704-1000-Beton-Stein-Versiegelung-extreme-Wasserabweisung-nicht-atmungsaktiv-scaled.jpg\",\"datePublished\":\"2021-08-02T20:57:55+00:00\",\"dateModified\":\"2025-01-03T22:54:38+00:00\",\"description\":\"Augst\u0101k\u0101s kvalit\u0101tes betona un akmens bl\u012bv\u0113jums\u00a0\u2014 uzziniet vair\u0101k par m\u016bsu augst\u0101k\u0101s klases betona un akmens bl\u012bv\u0113jumu ar nanotehnolo\u0123iju un kr\u0101sas padzi\u013cin\u0101\u0161anu\",\"breadcrumb\":{\"@id\":\"https:\\\/\\\/www.versiegelung24.com\\\/lv\\\/premium-betona-akmens-blivejuma-arkartigi-udens-atgrudoss-elpojoss.html#breadcrumb\"},\"inLanguage\":\"lv-LV\",\"potentialAction\":[{\"@type\":\"ReadAction\",\"target\":[\"https:\\\/\\\/www.versiegelung24.com\\\/lv\\\/premium-betona-akmens-blivejuma-arkartigi-udens-atgrudoss-elpojoss.html\"]}]},{\"@type\":\"ImageObject\",\"inLanguage\":\"lv-LV\",\"@id\":\"https:\\\/\\\/www.versiegelung24.com\\\/lv\\\/premium-betona-akmens-blivejuma-arkartigi-udens-atgrudoss-elpojoss.html#primaryimage\",\"url\":\"https:\\\/\\\/www.versiegelung24.com\\\/wp-content\\\/uploads\\\/2020\\\/06\\\/produkt-3008-704-1000-Beton-Stein-Versiegelung-extreme-Wasserabweisung-nicht-atmungsaktiv-scaled.jpg\",\"contentUrl\":\"https:\\\/\\\/www.versiegelung24.com\\\/wp-content\\\/uploads\\\/2020\\\/06\\\/produkt-3008-704-1000-Beton-Stein-Versiegelung-extreme-Wasserabweisung-nicht-atmungsaktiv-scaled.jpg\",\"width\":2560,\"height\":2560},{\"@type\":\"BreadcrumbList\",\"@id\":\"https:\\\/\\\/www.versiegelung24.com\\\/lv\\\/premium-betona-akmens-blivejuma-arkartigi-udens-atgrudoss-elpojoss.html#breadcrumb\",\"itemListElement\":[{\"@type\":\"ListItem\",\"position\":1,\"name\":\"M\u0101jas lapa\",\"item\":\"https:\\\/\\\/www.versiegelung24.com\\\/lv\\\/prieksejais\\\/\"},{\"@type\":\"ListItem\",\"position\":2,\"name\":\"Veikals\",\"item\":\"https:\\\/\\\/www.versiegelung24.com\\\/lv\\\/veikals\\\/\"},{\"@type\":\"ListItem\",\"position\":3,\"name\":\"Premium betona un akmens bl\u012bv\u0113jums ar kr\u0101sas padzi\u013cin\u0101\u0161anu &#8211; nav elpojo\u0161s\"}]},{\"@type\":\"WebSite\",\"@id\":\"https:\\\/\\\/www.versiegelung24.com\\\/lv\\\/#website\",\"url\":\"https:\\\/\\\/www.versiegelung24.com\\\/lv\\\/\",\"name\":\"versiegelung24.com\",\"description\":\"Fl\u00fcssigglas-Versiegelung - Made in Germany\",\"publisher\":{\"@id\":\"https:\\\/\\\/www.versiegelung24.com\\\/lv\\\/#organization\"},\"potentialAction\":[{\"@type\":\"SearchAction\",\"target\":{\"@type\":\"EntryPoint\",\"urlTemplate\":\"https:\\\/\\\/www.versiegelung24.com\\\/lv\\\/?s={search_term_string}\"},\"query-input\":{\"@type\":\"PropertyValueSpecification\",\"valueRequired\":true,\"valueName\":\"search_term_string\"}}],\"inLanguage\":\"lv-LV\"},{\"@type\":\"Organization\",\"@id\":\"https:\\\/\\\/www.versiegelung24.com\\\/lv\\\/#organization\",\"name\":\"versiegelung24\",\"url\":\"https:\\\/\\\/www.versiegelung24.com\\\/lv\\\/\",\"logo\":{\"@type\":\"ImageObject\",\"inLanguage\":\"lv-LV\",\"@id\":\"https:\\\/\\\/www.versiegelung24.com\\\/lv\\\/#\\\/schema\\\/logo\\\/image\\\/\",\"url\":\"https:\\\/\\\/www.versiegelung24.com\\\/wp-content\\\/uploads\\\/2020\\\/04\\\/versiegelung24.png\",\"contentUrl\":\"https:\\\/\\\/www.versiegelung24.com\\\/wp-content\\\/uploads\\\/2020\\\/04\\\/versiegelung24.png\",\"width\":470,\"height\":102,\"caption\":\"versiegelung24\"},\"image\":{\"@id\":\"https:\\\/\\\/www.versiegelung24.com\\\/lv\\\/#\\\/schema\\\/logo\\\/image\\\/\"}}]}<\/script>\n<meta property=\"og:availability\" content=\"instock\" \/>\n<meta property=\"product:availability\" content=\"instock\" \/>\n<meta property=\"product:retailer_item_id\" content=\"3008-704\" \/>\n<meta property=\"product:condition\" content=\"new\" \/>\n<!-- \/ Yoast SEO Premium plugin. -->","yoast_head_json":{"title":"Premium betona un akmens bl\u012bv\u0113jums ar kr\u0101sas padzi\u013cin\u0101\u0161anu - versiegelung24","description":"Augst\u0101k\u0101s kvalit\u0101tes betona un akmens bl\u012bv\u0113jums\u00a0\u2014 uzziniet vair\u0101k par m\u016bsu augst\u0101k\u0101s klases betona un akmens bl\u012bv\u0113jumu ar nanotehnolo\u0123iju un kr\u0101sas padzi\u013cin\u0101\u0161anu","robots":{"index":"index","follow":"follow","max-snippet":"max-snippet:-1","max-image-preview":"max-image-preview:large","max-video-preview":"max-video-preview:-1"},"canonical":"https:\/\/www.versiegelung24.com\/lv\/premium-betona-akmens-blivejuma-arkartigi-udens-atgrudoss-elpojoss.html","og_locale":"lv_LV","og_type":"article","og_title":"Premium betona un akmens bl\u012bv\u0113jums ar kr\u0101sas padzi\u013cin\u0101\u0161anu - nav elpojo\u0161s","og_description":"Augst\u0101k\u0101s kvalit\u0101tes betona un akmens bl\u012bv\u0113jums\u00a0\u2014 uzziniet vair\u0101k par m\u016bsu augst\u0101k\u0101s klases betona un akmens bl\u012bv\u0113jumu ar nanotehnolo\u0123iju un kr\u0101sas padzi\u013cin\u0101\u0161anu","og_url":"https:\/\/www.versiegelung24.com\/lv\/premium-betona-akmens-blivejuma-arkartigi-udens-atgrudoss-elpojoss.html","og_site_name":"versiegelung24.com","article_modified_time":"2025-01-03T22:54:38+00:00","og_image":[{"width":2560,"height":2560,"url":"https:\/\/www.versiegelung24.com\/wp-content\/uploads\/2020\/06\/produkt-3008-704-1000-Beton-Stein-Versiegelung-extreme-Wasserabweisung-nicht-atmungsaktiv-scaled.jpg","type":"image\/jpeg"}],"twitter_card":"summary_large_image","twitter_misc":{"Availability":"In stock"},"schema":{"@context":"https:\/\/schema.org","@graph":[{"@type":"WebPage","@id":"https:\/\/www.versiegelung24.com\/lv\/premium-betona-akmens-blivejuma-arkartigi-udens-atgrudoss-elpojoss.html","url":"https:\/\/www.versiegelung24.com\/lv\/premium-betona-akmens-blivejuma-arkartigi-udens-atgrudoss-elpojoss.html","name":"Premium betona un akmens bl\u012bv\u0113jums ar kr\u0101sas padzi\u013cin\u0101\u0161anu - versiegelung24","isPartOf":{"@id":"https:\/\/www.versiegelung24.com\/lv\/#website"},"primaryImageOfPage":{"@id":"https:\/\/www.versiegelung24.com\/lv\/premium-betona-akmens-blivejuma-arkartigi-udens-atgrudoss-elpojoss.html#primaryimage"},"image":{"@id":"https:\/\/www.versiegelung24.com\/lv\/premium-betona-akmens-blivejuma-arkartigi-udens-atgrudoss-elpojoss.html#primaryimage"},"thumbnailUrl":"https:\/\/www.versiegelung24.com\/wp-content\/uploads\/2020\/06\/produkt-3008-704-1000-Beton-Stein-Versiegelung-extreme-Wasserabweisung-nicht-atmungsaktiv-scaled.jpg","datePublished":"2021-08-02T20:57:55+00:00","dateModified":"2025-01-03T22:54:38+00:00","description":"Augst\u0101k\u0101s kvalit\u0101tes betona un akmens bl\u012bv\u0113jums\u00a0\u2014 uzziniet vair\u0101k par m\u016bsu augst\u0101k\u0101s klases betona un akmens bl\u012bv\u0113jumu ar nanotehnolo\u0123iju un kr\u0101sas padzi\u013cin\u0101\u0161anu","breadcrumb":{"@id":"https:\/\/www.versiegelung24.com\/lv\/premium-betona-akmens-blivejuma-arkartigi-udens-atgrudoss-elpojoss.html#breadcrumb"},"inLanguage":"lv-LV","potentialAction":[{"@type":"ReadAction","target":["https:\/\/www.versiegelung24.com\/lv\/premium-betona-akmens-blivejuma-arkartigi-udens-atgrudoss-elpojoss.html"]}]},{"@type":"ImageObject","inLanguage":"lv-LV","@id":"https:\/\/www.versiegelung24.com\/lv\/premium-betona-akmens-blivejuma-arkartigi-udens-atgrudoss-elpojoss.html#primaryimage","url":"https:\/\/www.versiegelung24.com\/wp-content\/uploads\/2020\/06\/produkt-3008-704-1000-Beton-Stein-Versiegelung-extreme-Wasserabweisung-nicht-atmungsaktiv-scaled.jpg","contentUrl":"https:\/\/www.versiegelung24.com\/wp-content\/uploads\/2020\/06\/produkt-3008-704-1000-Beton-Stein-Versiegelung-extreme-Wasserabweisung-nicht-atmungsaktiv-scaled.jpg","width":2560,"height":2560},{"@type":"BreadcrumbList","@id":"https:\/\/www.versiegelung24.com\/lv\/premium-betona-akmens-blivejuma-arkartigi-udens-atgrudoss-elpojoss.html#breadcrumb","itemListElement":[{"@type":"ListItem","position":1,"name":"M\u0101jas lapa","item":"https:\/\/www.versiegelung24.com\/lv\/prieksejais\/"},{"@type":"ListItem","position":2,"name":"Veikals","item":"https:\/\/www.versiegelung24.com\/lv\/veikals\/"},{"@type":"ListItem","position":3,"name":"Premium betona un akmens bl\u012bv\u0113jums ar kr\u0101sas padzi\u013cin\u0101\u0161anu &#8211; nav elpojo\u0161s"}]},{"@type":"WebSite","@id":"https:\/\/www.versiegelung24.com\/lv\/#website","url":"https:\/\/www.versiegelung24.com\/lv\/","name":"versiegelung24.com","description":"Fl\u00fcssigglas-Versiegelung - Made in Germany","publisher":{"@id":"https:\/\/www.versiegelung24.com\/lv\/#organization"},"potentialAction":[{"@type":"SearchAction","target":{"@type":"EntryPoint","urlTemplate":"https:\/\/www.versiegelung24.com\/lv\/?s={search_term_string}"},"query-input":{"@type":"PropertyValueSpecification","valueRequired":true,"valueName":"search_term_string"}}],"inLanguage":"lv-LV"},{"@type":"Organization","@id":"https:\/\/www.versiegelung24.com\/lv\/#organization","name":"versiegelung24","url":"https:\/\/www.versiegelung24.com\/lv\/","logo":{"@type":"ImageObject","inLanguage":"lv-LV","@id":"https:\/\/www.versiegelung24.com\/lv\/#\/schema\/logo\/image\/","url":"https:\/\/www.versiegelung24.com\/wp-content\/uploads\/2020\/04\/versiegelung24.png","contentUrl":"https:\/\/www.versiegelung24.com\/wp-content\/uploads\/2020\/04\/versiegelung24.png","width":470,"height":102,"caption":"versiegelung24"},"image":{"@id":"https:\/\/www.versiegelung24.com\/lv\/#\/schema\/logo\/image\/"}}]},"og_availability":"instock","product_availability":"instock","product_retailer_item_id":"3008-704","product_condition":"new"},"_links":{"self":[{"href":"https:\/\/www.versiegelung24.com\/lv\/wp-json\/wp\/v2\/product\/24688","targetHints":{"allow":["GET"]}}],"collection":[{"href":"https:\/\/www.versiegelung24.com\/lv\/wp-json\/wp\/v2\/product"}],"about":[{"href":"https:\/\/www.versiegelung24.com\/lv\/wp-json\/wp\/v2\/types\/product"}],"version-history":[{"count":26,"href":"https:\/\/www.versiegelung24.com\/lv\/wp-json\/wp\/v2\/product\/24688\/revisions"}],"predecessor-version":[{"id":177051,"href":"https:\/\/www.versiegelung24.com\/lv\/wp-json\/wp\/v2\/product\/24688\/revisions\/177051"}],"wp:featuredmedia":[{"embeddable":true,"href":"https:\/\/www.versiegelung24.com\/lv\/wp-json\/wp\/v2\/media\/18111"}],"wp:attachment":[{"href":"https:\/\/www.versiegelung24.com\/lv\/wp-json\/wp\/v2\/media?parent=24688"}],"wp:term":[{"taxonomy":"product_brand","embeddable":true,"href":"https:\/\/www.versiegelung24.com\/lv\/wp-json\/wp\/v2\/product_brand?post=24688"},{"taxonomy":"product_cat","embeddable":true,"href":"https:\/\/www.versiegelung24.com\/lv\/wp-json\/wp\/v2\/product_cat?post=24688"},{"taxonomy":"product_tag","embeddable":true,"href":"https:\/\/www.versiegelung24.com\/lv\/wp-json\/wp\/v2\/product_tag?post=24688"}],"curies":[{"name":"wp","href":"https:\/\/api.w.org\/{rel}","templated":true}]}}