{"id":24727,"date":"2020-04-29T20:51:46","date_gmt":"2020-04-29T18:51:46","guid":{"rendered":"https:\/\/www.versiegelung24.com\/produkt\/modelis-betona-blivejums-ar-dziluma-efektu"},"modified":"2025-01-05T15:42:07","modified_gmt":"2025-01-05T14:42:07","slug":"raksts-betons-blivejums-ar-dziluma-efektu","status":"publish","type":"product","link":"https:\/\/www.versiegelung24.com\/lv\/raksts-betons-blivejums-ar-dziluma-efektu.html","title":{"rendered":"Paraugs: Betona herm\u0113ti\u0137is ar dzi\u013cuma efektu &#8211; 3001-7620"},"content":{"rendered":"<p>Paraugs m\u016bsu<a href=\"https:\/\/www.versiegelung24.com\/stein\/betonversiegelung.html\"> Betona bl\u012bv\u0113jums<\/a> test\u0113\u0161anai vai maz\u0101ku plat\u012bbu bl\u012bv\u0113\u0161anai.<\/p>\n","protected":false},"excerpt":{"rendered":"<p><strong>Vis\u0101m miner\u0101lakmens virsm\u0101m, piem\u0113ram, betonam, m\u016brim, miner\u0101lu apmetumam un bru\u0123akme\u0146iem<\/strong>  <\/p>\n<p>\u2713 \u016adeni atgr\u016bdo\u0161s un nodilumiztur\u012bgs nano p\u0101rkl\u0101jums ar lotosa efektu (\u016bdens atgr\u016bdo\u0161s)<\/p>\n<p>\u2713 Viegli t\u012br\u0101ms efekts: net\u012brumi nepiel\u012bp un ir viegli no\u0146emami<\/p>\n<p>\u2713 Piln\u012bgi neredzams: nemain\u0101s virsmas izskats un saj\u016bta<\/p>\n<p>\u2713 Virsma paliek elpojo\u0161a<\/p>\n<p>\u2713 Nov\u0113r\u0161 s\u016bnu, \u0137\u0113rpju, s\u0113\u0146u un daudzu citu dabas ietekmju aug\u0161anu<\/p>\n","protected":false},"featured_media":14613,"template":"","meta":{"_acf_changed":false,"neve_meta_sidebar":"","neve_meta_container":"","neve_meta_enable_content_width":"","neve_meta_content_width":0,"neve_meta_title_alignment":"","neve_meta_author_avatar":"","neve_post_elements_order":"","neve_meta_disable_header":"","neve_meta_disable_footer":"","neve_meta_disable_title":"","neve_meta_reading_time":"","_surfaces":[],"_ver_product_tabs":[],"footnotes":""},"product_brand":[],"product_cat":[2657],"product_tag":[],"class_list":{"0":"post-24727","1":"product","2":"type-product","3":"status-publish","4":"has-post-thumbnail","6":"product_cat-veidne","7":"pa_gebinde-50-ml-pudele","8":"pa_gebinde-100-ml-pudele","10":"first","11":"instock","12":"sold-individually","13":"taxable","14":"shipping-taxable","15":"purchasable","16":"product-type-simple"},"acf":[],"yoast_head":"<!-- This site is optimized with the Yoast SEO Premium plugin v22.8 (Yoast SEO v27.3) - https:\/\/yoast.com\/product\/yoast-seo-premium-wordpress\/ -->\n<title>Paraugs: Betona herm\u0113ti\u0137is ar dzi\u013cuma efektu - 3001-7620 - versiegelung24.com<\/title>\n<meta name=\"robots\" content=\"index, follow, max-snippet:-1, max-image-preview:large, max-video-preview:-1\" \/>\n<link rel=\"canonical\" href=\"https:\/\/www.versiegelung24.com\/lv\/raksts-betons-blivejums-ar-dziluma-efektu.html\" \/>\n<meta property=\"og:locale\" content=\"lv_LV\" \/>\n<meta property=\"og:type\" content=\"article\" \/>\n<meta property=\"og:title\" content=\"Paraugs: Betona herm\u0113ti\u0137is ar dzi\u013cuma efektu - 3001-7620\" \/>\n<meta property=\"og:description\" content=\"Vis\u0101m miner\u0101lakmens virsm\u0101m, piem\u0113ram, betonam, m\u016brim, miner\u0101lu apmetumam un bru\u0123akme\u0146iem  \u2713 \u016adeni atgr\u016bdo\u0161s un nodilumiztur\u012bgs nano p\u0101rkl\u0101jums ar lotosa efektu (\u016bdens atgr\u016bdo\u0161s) \u2713 Viegli t\u012br\u0101ms efekts: net\u012brumi nepiel\u012bp un ir viegli no\u0146emami \u2713 Piln\u012bgi neredzams: nemain\u0101s virsmas izskats un saj\u016bta \u2713 Virsma paliek elpojo\u0161a \u2713 Nov\u0113r\u0161 s\u016bnu, \u0137\u0113rpju, s\u0113\u0146u un daudzu citu dabas ietekmju aug\u0161anu\" \/>\n<meta property=\"og:url\" content=\"https:\/\/www.versiegelung24.com\/lv\/raksts-betons-blivejums-ar-dziluma-efektu.html\" \/>\n<meta property=\"og:site_name\" content=\"versiegelung24.com\" \/>\n<meta property=\"article:modified_time\" content=\"2025-01-05T14:42:07+00:00\" \/>\n<meta property=\"og:image\" content=\"https:\/\/www.versiegelung24.com\/wp-content\/uploads\/2020\/04\/versiegelung-muster.png\" \/>\n\t<meta property=\"og:image:width\" content=\"1000\" \/>\n\t<meta property=\"og:image:height\" content=\"1000\" \/>\n\t<meta property=\"og:image:type\" content=\"image\/png\" \/>\n<meta name=\"twitter:card\" content=\"summary_large_image\" \/>\n<meta name=\"twitter:label1\" content=\"Price\" \/>\n\t<meta name=\"twitter:data1\" content=\"14,99&euro;\" \/>\n\t<meta name=\"twitter:label2\" content=\"Availability\" \/>\n\t<meta name=\"twitter:data2\" content=\"In stock\" \/>\n<script type=\"application\/ld+json\" class=\"yoast-schema-graph\">{\"@context\":\"https:\\\/\\\/schema.org\",\"@graph\":[{\"@type\":\"WebPage\",\"@id\":\"https:\\\/\\\/www.versiegelung24.com\\\/lv\\\/raksts-betons-blivejums-ar-dziluma-efektu.html\",\"url\":\"https:\\\/\\\/www.versiegelung24.com\\\/lv\\\/raksts-betons-blivejums-ar-dziluma-efektu.html\",\"name\":\"Paraugs: Betona herm\u0113ti\u0137is ar dzi\u013cuma efektu - 3001-7620 - versiegelung24.com\",\"isPartOf\":{\"@id\":\"https:\\\/\\\/www.versiegelung24.com\\\/lv\\\/#website\"},\"primaryImageOfPage\":{\"@id\":\"https:\\\/\\\/www.versiegelung24.com\\\/lv\\\/raksts-betons-blivejums-ar-dziluma-efektu.html#primaryimage\"},\"image\":{\"@id\":\"https:\\\/\\\/www.versiegelung24.com\\\/lv\\\/raksts-betons-blivejums-ar-dziluma-efektu.html#primaryimage\"},\"thumbnailUrl\":\"https:\\\/\\\/www.versiegelung24.com\\\/wp-content\\\/uploads\\\/2020\\\/04\\\/versiegelung-muster.png\",\"datePublished\":\"2020-04-29T18:51:46+00:00\",\"dateModified\":\"2025-01-05T14:42:07+00:00\",\"breadcrumb\":{\"@id\":\"https:\\\/\\\/www.versiegelung24.com\\\/lv\\\/raksts-betons-blivejums-ar-dziluma-efektu.html#breadcrumb\"},\"inLanguage\":\"lv-LV\",\"potentialAction\":[{\"@type\":\"ReadAction\",\"target\":[\"https:\\\/\\\/www.versiegelung24.com\\\/lv\\\/raksts-betons-blivejums-ar-dziluma-efektu.html\"]}]},{\"@type\":\"ImageObject\",\"inLanguage\":\"lv-LV\",\"@id\":\"https:\\\/\\\/www.versiegelung24.com\\\/lv\\\/raksts-betons-blivejums-ar-dziluma-efektu.html#primaryimage\",\"url\":\"https:\\\/\\\/www.versiegelung24.com\\\/wp-content\\\/uploads\\\/2020\\\/04\\\/versiegelung-muster.png\",\"contentUrl\":\"https:\\\/\\\/www.versiegelung24.com\\\/wp-content\\\/uploads\\\/2020\\\/04\\\/versiegelung-muster.png\",\"width\":1000,\"height\":1000},{\"@type\":\"BreadcrumbList\",\"@id\":\"https:\\\/\\\/www.versiegelung24.com\\\/lv\\\/raksts-betons-blivejums-ar-dziluma-efektu.html#breadcrumb\",\"itemListElement\":[{\"@type\":\"ListItem\",\"position\":1,\"name\":\"M\u0101jas lapa\",\"item\":\"https:\\\/\\\/www.versiegelung24.com\\\/lv\\\/prieksejais\\\/\"},{\"@type\":\"ListItem\",\"position\":2,\"name\":\"Veikals\",\"item\":\"https:\\\/\\\/www.versiegelung24.com\\\/lv\\\/veikals\\\/\"},{\"@type\":\"ListItem\",\"position\":3,\"name\":\"Paraugs: Betona herm\u0113ti\u0137is ar dzi\u013cuma efektu &#8211; 3001-7620\"}]},{\"@type\":\"WebSite\",\"@id\":\"https:\\\/\\\/www.versiegelung24.com\\\/lv\\\/#website\",\"url\":\"https:\\\/\\\/www.versiegelung24.com\\\/lv\\\/\",\"name\":\"versiegelung24.com\",\"description\":\"Fl\u00fcssigglas-Versiegelung - Made in Germany\",\"publisher\":{\"@id\":\"https:\\\/\\\/www.versiegelung24.com\\\/lv\\\/#organization\"},\"potentialAction\":[{\"@type\":\"SearchAction\",\"target\":{\"@type\":\"EntryPoint\",\"urlTemplate\":\"https:\\\/\\\/www.versiegelung24.com\\\/lv\\\/?s={search_term_string}\"},\"query-input\":{\"@type\":\"PropertyValueSpecification\",\"valueRequired\":true,\"valueName\":\"search_term_string\"}}],\"inLanguage\":\"lv-LV\"},{\"@type\":\"Organization\",\"@id\":\"https:\\\/\\\/www.versiegelung24.com\\\/lv\\\/#organization\",\"name\":\"versiegelung24\",\"url\":\"https:\\\/\\\/www.versiegelung24.com\\\/lv\\\/\",\"logo\":{\"@type\":\"ImageObject\",\"inLanguage\":\"lv-LV\",\"@id\":\"https:\\\/\\\/www.versiegelung24.com\\\/lv\\\/#\\\/schema\\\/logo\\\/image\\\/\",\"url\":\"https:\\\/\\\/www.versiegelung24.com\\\/wp-content\\\/uploads\\\/2020\\\/04\\\/versiegelung24.png\",\"contentUrl\":\"https:\\\/\\\/www.versiegelung24.com\\\/wp-content\\\/uploads\\\/2020\\\/04\\\/versiegelung24.png\",\"width\":470,\"height\":102,\"caption\":\"versiegelung24\"},\"image\":{\"@id\":\"https:\\\/\\\/www.versiegelung24.com\\\/lv\\\/#\\\/schema\\\/logo\\\/image\\\/\"}}]}<\/script>\n<meta property=\"product:price:amount\" content=\"14.99\" \/>\n<meta property=\"product:price:currency\" content=\"EUR\" \/>\n<meta property=\"og:availability\" content=\"instock\" \/>\n<meta property=\"product:availability\" content=\"instock\" \/>\n<meta property=\"product:retailer_item_id\" content=\"3001-7620-muster\" \/>\n<meta property=\"product:condition\" content=\"new\" \/>\n<!-- \/ Yoast SEO Premium plugin. -->","yoast_head_json":{"title":"Paraugs: Betona herm\u0113ti\u0137is ar dzi\u013cuma efektu - 3001-7620 - versiegelung24.com","robots":{"index":"index","follow":"follow","max-snippet":"max-snippet:-1","max-image-preview":"max-image-preview:large","max-video-preview":"max-video-preview:-1"},"canonical":"https:\/\/www.versiegelung24.com\/lv\/raksts-betons-blivejums-ar-dziluma-efektu.html","og_locale":"lv_LV","og_type":"article","og_title":"Paraugs: Betona herm\u0113ti\u0137is ar dzi\u013cuma efektu - 3001-7620","og_description":"Vis\u0101m miner\u0101lakmens virsm\u0101m, piem\u0113ram, betonam, m\u016brim, miner\u0101lu apmetumam un bru\u0123akme\u0146iem  \u2713 \u016adeni atgr\u016bdo\u0161s un nodilumiztur\u012bgs nano p\u0101rkl\u0101jums ar lotosa efektu (\u016bdens atgr\u016bdo\u0161s) \u2713 Viegli t\u012br\u0101ms efekts: net\u012brumi nepiel\u012bp un ir viegli no\u0146emami \u2713 Piln\u012bgi neredzams: nemain\u0101s virsmas izskats un saj\u016bta \u2713 Virsma paliek elpojo\u0161a \u2713 Nov\u0113r\u0161 s\u016bnu, \u0137\u0113rpju, s\u0113\u0146u un daudzu citu dabas ietekmju aug\u0161anu","og_url":"https:\/\/www.versiegelung24.com\/lv\/raksts-betons-blivejums-ar-dziluma-efektu.html","og_site_name":"versiegelung24.com","article_modified_time":"2025-01-05T14:42:07+00:00","og_image":[{"width":1000,"height":1000,"url":"https:\/\/www.versiegelung24.com\/wp-content\/uploads\/2020\/04\/versiegelung-muster.png","type":"image\/png"}],"twitter_card":"summary_large_image","twitter_misc":{"Price":"14,99&euro;","Availability":"In stock"},"schema":{"@context":"https:\/\/schema.org","@graph":[{"@type":"WebPage","@id":"https:\/\/www.versiegelung24.com\/lv\/raksts-betons-blivejums-ar-dziluma-efektu.html","url":"https:\/\/www.versiegelung24.com\/lv\/raksts-betons-blivejums-ar-dziluma-efektu.html","name":"Paraugs: Betona herm\u0113ti\u0137is ar dzi\u013cuma efektu - 3001-7620 - versiegelung24.com","isPartOf":{"@id":"https:\/\/www.versiegelung24.com\/lv\/#website"},"primaryImageOfPage":{"@id":"https:\/\/www.versiegelung24.com\/lv\/raksts-betons-blivejums-ar-dziluma-efektu.html#primaryimage"},"image":{"@id":"https:\/\/www.versiegelung24.com\/lv\/raksts-betons-blivejums-ar-dziluma-efektu.html#primaryimage"},"thumbnailUrl":"https:\/\/www.versiegelung24.com\/wp-content\/uploads\/2020\/04\/versiegelung-muster.png","datePublished":"2020-04-29T18:51:46+00:00","dateModified":"2025-01-05T14:42:07+00:00","breadcrumb":{"@id":"https:\/\/www.versiegelung24.com\/lv\/raksts-betons-blivejums-ar-dziluma-efektu.html#breadcrumb"},"inLanguage":"lv-LV","potentialAction":[{"@type":"ReadAction","target":["https:\/\/www.versiegelung24.com\/lv\/raksts-betons-blivejums-ar-dziluma-efektu.html"]}]},{"@type":"ImageObject","inLanguage":"lv-LV","@id":"https:\/\/www.versiegelung24.com\/lv\/raksts-betons-blivejums-ar-dziluma-efektu.html#primaryimage","url":"https:\/\/www.versiegelung24.com\/wp-content\/uploads\/2020\/04\/versiegelung-muster.png","contentUrl":"https:\/\/www.versiegelung24.com\/wp-content\/uploads\/2020\/04\/versiegelung-muster.png","width":1000,"height":1000},{"@type":"BreadcrumbList","@id":"https:\/\/www.versiegelung24.com\/lv\/raksts-betons-blivejums-ar-dziluma-efektu.html#breadcrumb","itemListElement":[{"@type":"ListItem","position":1,"name":"M\u0101jas lapa","item":"https:\/\/www.versiegelung24.com\/lv\/prieksejais\/"},{"@type":"ListItem","position":2,"name":"Veikals","item":"https:\/\/www.versiegelung24.com\/lv\/veikals\/"},{"@type":"ListItem","position":3,"name":"Paraugs: Betona herm\u0113ti\u0137is ar dzi\u013cuma efektu &#8211; 3001-7620"}]},{"@type":"WebSite","@id":"https:\/\/www.versiegelung24.com\/lv\/#website","url":"https:\/\/www.versiegelung24.com\/lv\/","name":"versiegelung24.com","description":"Fl\u00fcssigglas-Versiegelung - Made in Germany","publisher":{"@id":"https:\/\/www.versiegelung24.com\/lv\/#organization"},"potentialAction":[{"@type":"SearchAction","target":{"@type":"EntryPoint","urlTemplate":"https:\/\/www.versiegelung24.com\/lv\/?s={search_term_string}"},"query-input":{"@type":"PropertyValueSpecification","valueRequired":true,"valueName":"search_term_string"}}],"inLanguage":"lv-LV"},{"@type":"Organization","@id":"https:\/\/www.versiegelung24.com\/lv\/#organization","name":"versiegelung24","url":"https:\/\/www.versiegelung24.com\/lv\/","logo":{"@type":"ImageObject","inLanguage":"lv-LV","@id":"https:\/\/www.versiegelung24.com\/lv\/#\/schema\/logo\/image\/","url":"https:\/\/www.versiegelung24.com\/wp-content\/uploads\/2020\/04\/versiegelung24.png","contentUrl":"https:\/\/www.versiegelung24.com\/wp-content\/uploads\/2020\/04\/versiegelung24.png","width":470,"height":102,"caption":"versiegelung24"},"image":{"@id":"https:\/\/www.versiegelung24.com\/lv\/#\/schema\/logo\/image\/"}}]},"product_price_amount":"14.99","product_price_currency":"EUR","og_availability":"instock","product_availability":"instock","product_retailer_item_id":"3001-7620-muster","product_condition":"new"},"_links":{"self":[{"href":"https:\/\/www.versiegelung24.com\/lv\/wp-json\/wp\/v2\/product\/24727","targetHints":{"allow":["GET"]}}],"collection":[{"href":"https:\/\/www.versiegelung24.com\/lv\/wp-json\/wp\/v2\/product"}],"about":[{"href":"https:\/\/www.versiegelung24.com\/lv\/wp-json\/wp\/v2\/types\/product"}],"version-history":[{"count":2,"href":"https:\/\/www.versiegelung24.com\/lv\/wp-json\/wp\/v2\/product\/24727\/revisions"}],"predecessor-version":[{"id":141054,"href":"https:\/\/www.versiegelung24.com\/lv\/wp-json\/wp\/v2\/product\/24727\/revisions\/141054"}],"wp:featuredmedia":[{"embeddable":true,"href":"https:\/\/www.versiegelung24.com\/lv\/wp-json\/wp\/v2\/media\/14613"}],"wp:attachment":[{"href":"https:\/\/www.versiegelung24.com\/lv\/wp-json\/wp\/v2\/media?parent=24727"}],"wp:term":[{"taxonomy":"product_brand","embeddable":true,"href":"https:\/\/www.versiegelung24.com\/lv\/wp-json\/wp\/v2\/product_brand?post=24727"},{"taxonomy":"product_cat","embeddable":true,"href":"https:\/\/www.versiegelung24.com\/lv\/wp-json\/wp\/v2\/product_cat?post=24727"},{"taxonomy":"product_tag","embeddable":true,"href":"https:\/\/www.versiegelung24.com\/lv\/wp-json\/wp\/v2\/product_tag?post=24727"}],"curies":[{"name":"wp","href":"https:\/\/api.w.org\/{rel}","templated":true}]}}