{"id":24763,"date":"2020-04-29T21:00:08","date_gmt":"2020-04-29T19:00:08","guid":{"rendered":"https:\/\/www.versiegelung24.com\/produkt\/paraugs-universals-blivetajs-7675-cietam-neabsorbejosam-virsmam"},"modified":"2025-01-04T10:34:10","modified_gmt":"2025-01-04T09:34:10","slug":"modelis-universals-blivejums-7675-cietam-neabsorbejosam-virsmam","status":"publish","type":"product","link":"https:\/\/www.versiegelung24.com\/lv\/modelis-universals-blivejums-7675-cietam-neabsorbejosam-virsmam.html","title":{"rendered":"Paraugs: univers\u0101lais herm\u0113ti\u0137is 7675 &#8220;ciet\u0101m&#8221;\/neabsorb\u0113jo\u0161\u0101m virsm\u0101m &#8211; 4005-7675"},"content":{"rendered":"<p>10 ml m\u016bsu univers\u0101l\u0101 herm\u0113ti\u0137a paraugs &#8220;ciet\u0101m&#8221; \/ neabsorb\u0113jo\u0161\u0101m virsm\u0101m testa uzkl\u0101\u0161anai vai maz\u0101ku vietu bl\u012bv\u0113\u0161anai.<\/p>\n","protected":false},"excerpt":{"rendered":"<p><strong>**JAUNUMS** \u013boti efekt\u012bvs profesion\u0101lais univers\u0101ls bl\u012bv\u0113jums &#8220;ciet\u0101m&#8221;\/neabsorb\u0113jo\u0161\u0101m virsm\u0101m, piem\u0113ram:<\/strong><\/p>\n<p>\u2713 Stikls<\/p>\n<p>\u2713 Keramikas virsmas<\/p>\n<p>\u2713 Plastmasas virsmas<\/p>\n<p>\u2713 Met\u0101la virsmas<\/p>\n<p>\u2713 Ar viegli t\u012br\u0101mu efektu<\/p>\n","protected":false},"featured_media":14613,"template":"","meta":{"_acf_changed":false,"neve_meta_sidebar":"","neve_meta_container":"","neve_meta_enable_content_width":"","neve_meta_content_width":0,"neve_meta_title_alignment":"","neve_meta_author_avatar":"","neve_post_elements_order":"","neve_meta_disable_header":"","neve_meta_disable_footer":"","neve_meta_disable_title":"","neve_meta_reading_time":"","_surfaces":[],"_ver_product_tabs":[],"footnotes":""},"product_brand":[],"product_cat":[2657],"product_tag":[],"class_list":{"0":"post-24763","1":"product","2":"type-product","3":"status-publish","4":"has-post-thumbnail","6":"product_cat-veidne","7":"pa_gebinde-10-ml-pudele","9":"first","10":"instock","11":"sold-individually","12":"taxable","13":"shipping-taxable","14":"purchasable","15":"product-type-variable","16":"has-default-attributes"},"acf":[],"yoast_head":"<!-- This site is optimized with the Yoast SEO Premium plugin v22.8 (Yoast SEO v27.3) - https:\/\/yoast.com\/product\/yoast-seo-premium-wordpress\/ -->\n<title>Paraugs: univers\u0101lais herm\u0113ti\u0137is 7675 &quot;ciet\u0101m&quot;\/neabsorb\u0113jo\u0161\u0101m virsm\u0101m - 4005-7675 - versiegelung24.com<\/title>\n<meta name=\"robots\" content=\"index, follow, max-snippet:-1, max-image-preview:large, max-video-preview:-1\" \/>\n<link rel=\"canonical\" href=\"https:\/\/www.versiegelung24.com\/lv\/modelis-universals-blivejums-7675-cietam-neabsorbejosam-virsmam.html\" \/>\n<meta property=\"og:locale\" content=\"lv_LV\" \/>\n<meta property=\"og:type\" content=\"article\" \/>\n<meta property=\"og:title\" content=\"Paraugs: univers\u0101lais herm\u0113ti\u0137is 7675 &quot;ciet\u0101m&quot;\/neabsorb\u0113jo\u0161\u0101m virsm\u0101m - 4005-7675\" \/>\n<meta property=\"og:description\" content=\"**JAUNUMS** \u013boti efekt\u012bvs profesion\u0101lais univers\u0101ls bl\u012bv\u0113jums &quot;ciet\u0101m&quot;\/neabsorb\u0113jo\u0161\u0101m virsm\u0101m, piem\u0113ram: \u2713 Stikls \u2713 Keramikas virsmas \u2713 Plastmasas virsmas \u2713 Met\u0101la virsmas \u2713 Ar viegli t\u012br\u0101mu efektu\" \/>\n<meta property=\"og:url\" content=\"https:\/\/www.versiegelung24.com\/lv\/modelis-universals-blivejums-7675-cietam-neabsorbejosam-virsmam.html\" \/>\n<meta property=\"og:site_name\" content=\"versiegelung24.com\" \/>\n<meta property=\"article:modified_time\" content=\"2025-01-04T09:34:10+00:00\" \/>\n<meta property=\"og:image\" content=\"https:\/\/www.versiegelung24.com\/wp-content\/uploads\/2020\/04\/versiegelung-muster.png\" \/>\n\t<meta property=\"og:image:width\" content=\"1000\" \/>\n\t<meta property=\"og:image:height\" content=\"1000\" \/>\n\t<meta property=\"og:image:type\" content=\"image\/png\" \/>\n<meta name=\"twitter:card\" content=\"summary_large_image\" \/>\n<meta name=\"twitter:label1\" content=\"Availability\" \/>\n\t<meta name=\"twitter:data1\" content=\"In stock\" \/>\n<script type=\"application\/ld+json\" class=\"yoast-schema-graph\">{\"@context\":\"https:\\\/\\\/schema.org\",\"@graph\":[{\"@type\":\"WebPage\",\"@id\":\"https:\\\/\\\/www.versiegelung24.com\\\/lv\\\/modelis-universals-blivejums-7675-cietam-neabsorbejosam-virsmam.html\",\"url\":\"https:\\\/\\\/www.versiegelung24.com\\\/lv\\\/modelis-universals-blivejums-7675-cietam-neabsorbejosam-virsmam.html\",\"name\":\"Paraugs: univers\u0101lais herm\u0113ti\u0137is 7675 \\\"ciet\u0101m\\\"\\\/neabsorb\u0113jo\u0161\u0101m virsm\u0101m - 4005-7675 - versiegelung24.com\",\"isPartOf\":{\"@id\":\"https:\\\/\\\/www.versiegelung24.com\\\/lv\\\/#website\"},\"primaryImageOfPage\":{\"@id\":\"https:\\\/\\\/www.versiegelung24.com\\\/lv\\\/modelis-universals-blivejums-7675-cietam-neabsorbejosam-virsmam.html#primaryimage\"},\"image\":{\"@id\":\"https:\\\/\\\/www.versiegelung24.com\\\/lv\\\/modelis-universals-blivejums-7675-cietam-neabsorbejosam-virsmam.html#primaryimage\"},\"thumbnailUrl\":\"https:\\\/\\\/www.versiegelung24.com\\\/wp-content\\\/uploads\\\/2020\\\/04\\\/versiegelung-muster.png\",\"datePublished\":\"2020-04-29T19:00:08+00:00\",\"dateModified\":\"2025-01-04T09:34:10+00:00\",\"breadcrumb\":{\"@id\":\"https:\\\/\\\/www.versiegelung24.com\\\/lv\\\/modelis-universals-blivejums-7675-cietam-neabsorbejosam-virsmam.html#breadcrumb\"},\"inLanguage\":\"lv-LV\",\"potentialAction\":[{\"@type\":\"ReadAction\",\"target\":[\"https:\\\/\\\/www.versiegelung24.com\\\/lv\\\/modelis-universals-blivejums-7675-cietam-neabsorbejosam-virsmam.html\"]}]},{\"@type\":\"ImageObject\",\"inLanguage\":\"lv-LV\",\"@id\":\"https:\\\/\\\/www.versiegelung24.com\\\/lv\\\/modelis-universals-blivejums-7675-cietam-neabsorbejosam-virsmam.html#primaryimage\",\"url\":\"https:\\\/\\\/www.versiegelung24.com\\\/wp-content\\\/uploads\\\/2020\\\/04\\\/versiegelung-muster.png\",\"contentUrl\":\"https:\\\/\\\/www.versiegelung24.com\\\/wp-content\\\/uploads\\\/2020\\\/04\\\/versiegelung-muster.png\",\"width\":1000,\"height\":1000},{\"@type\":\"BreadcrumbList\",\"@id\":\"https:\\\/\\\/www.versiegelung24.com\\\/lv\\\/modelis-universals-blivejums-7675-cietam-neabsorbejosam-virsmam.html#breadcrumb\",\"itemListElement\":[{\"@type\":\"ListItem\",\"position\":1,\"name\":\"M\u0101jas lapa\",\"item\":\"https:\\\/\\\/www.versiegelung24.com\\\/lv\\\/prieksejais\\\/\"},{\"@type\":\"ListItem\",\"position\":2,\"name\":\"Veikals\",\"item\":\"https:\\\/\\\/www.versiegelung24.com\\\/lv\\\/veikals\\\/\"},{\"@type\":\"ListItem\",\"position\":3,\"name\":\"Paraugs: univers\u0101lais herm\u0113ti\u0137is 7675 &#8220;ciet\u0101m&#8221;\\\/neabsorb\u0113jo\u0161\u0101m virsm\u0101m &#8211; 4005-7675\"}]},{\"@type\":\"WebSite\",\"@id\":\"https:\\\/\\\/www.versiegelung24.com\\\/lv\\\/#website\",\"url\":\"https:\\\/\\\/www.versiegelung24.com\\\/lv\\\/\",\"name\":\"versiegelung24.com\",\"description\":\"Fl\u00fcssigglas-Versiegelung - Made in Germany\",\"publisher\":{\"@id\":\"https:\\\/\\\/www.versiegelung24.com\\\/lv\\\/#organization\"},\"potentialAction\":[{\"@type\":\"SearchAction\",\"target\":{\"@type\":\"EntryPoint\",\"urlTemplate\":\"https:\\\/\\\/www.versiegelung24.com\\\/lv\\\/?s={search_term_string}\"},\"query-input\":{\"@type\":\"PropertyValueSpecification\",\"valueRequired\":true,\"valueName\":\"search_term_string\"}}],\"inLanguage\":\"lv-LV\"},{\"@type\":\"Organization\",\"@id\":\"https:\\\/\\\/www.versiegelung24.com\\\/lv\\\/#organization\",\"name\":\"versiegelung24\",\"url\":\"https:\\\/\\\/www.versiegelung24.com\\\/lv\\\/\",\"logo\":{\"@type\":\"ImageObject\",\"inLanguage\":\"lv-LV\",\"@id\":\"https:\\\/\\\/www.versiegelung24.com\\\/lv\\\/#\\\/schema\\\/logo\\\/image\\\/\",\"url\":\"https:\\\/\\\/www.versiegelung24.com\\\/wp-content\\\/uploads\\\/2020\\\/04\\\/versiegelung24.png\",\"contentUrl\":\"https:\\\/\\\/www.versiegelung24.com\\\/wp-content\\\/uploads\\\/2020\\\/04\\\/versiegelung24.png\",\"width\":470,\"height\":102,\"caption\":\"versiegelung24\"},\"image\":{\"@id\":\"https:\\\/\\\/www.versiegelung24.com\\\/lv\\\/#\\\/schema\\\/logo\\\/image\\\/\"}}]}<\/script>\n<meta property=\"og:availability\" content=\"instock\" \/>\n<meta property=\"product:availability\" content=\"instock\" \/>\n<meta property=\"product:retailer_item_id\" content=\"4005-7675-muster\" \/>\n<meta property=\"product:condition\" content=\"new\" \/>\n<!-- \/ Yoast SEO Premium plugin. -->","yoast_head_json":{"title":"Paraugs: univers\u0101lais herm\u0113ti\u0137is 7675 \"ciet\u0101m\"\/neabsorb\u0113jo\u0161\u0101m virsm\u0101m - 4005-7675 - versiegelung24.com","robots":{"index":"index","follow":"follow","max-snippet":"max-snippet:-1","max-image-preview":"max-image-preview:large","max-video-preview":"max-video-preview:-1"},"canonical":"https:\/\/www.versiegelung24.com\/lv\/modelis-universals-blivejums-7675-cietam-neabsorbejosam-virsmam.html","og_locale":"lv_LV","og_type":"article","og_title":"Paraugs: univers\u0101lais herm\u0113ti\u0137is 7675 \"ciet\u0101m\"\/neabsorb\u0113jo\u0161\u0101m virsm\u0101m - 4005-7675","og_description":"**JAUNUMS** \u013boti efekt\u012bvs profesion\u0101lais univers\u0101ls bl\u012bv\u0113jums \"ciet\u0101m\"\/neabsorb\u0113jo\u0161\u0101m virsm\u0101m, piem\u0113ram: \u2713 Stikls \u2713 Keramikas virsmas \u2713 Plastmasas virsmas \u2713 Met\u0101la virsmas \u2713 Ar viegli t\u012br\u0101mu efektu","og_url":"https:\/\/www.versiegelung24.com\/lv\/modelis-universals-blivejums-7675-cietam-neabsorbejosam-virsmam.html","og_site_name":"versiegelung24.com","article_modified_time":"2025-01-04T09:34:10+00:00","og_image":[{"width":1000,"height":1000,"url":"https:\/\/www.versiegelung24.com\/wp-content\/uploads\/2020\/04\/versiegelung-muster.png","type":"image\/png"}],"twitter_card":"summary_large_image","twitter_misc":{"Availability":"In stock"},"schema":{"@context":"https:\/\/schema.org","@graph":[{"@type":"WebPage","@id":"https:\/\/www.versiegelung24.com\/lv\/modelis-universals-blivejums-7675-cietam-neabsorbejosam-virsmam.html","url":"https:\/\/www.versiegelung24.com\/lv\/modelis-universals-blivejums-7675-cietam-neabsorbejosam-virsmam.html","name":"Paraugs: univers\u0101lais herm\u0113ti\u0137is 7675 \"ciet\u0101m\"\/neabsorb\u0113jo\u0161\u0101m virsm\u0101m - 4005-7675 - versiegelung24.com","isPartOf":{"@id":"https:\/\/www.versiegelung24.com\/lv\/#website"},"primaryImageOfPage":{"@id":"https:\/\/www.versiegelung24.com\/lv\/modelis-universals-blivejums-7675-cietam-neabsorbejosam-virsmam.html#primaryimage"},"image":{"@id":"https:\/\/www.versiegelung24.com\/lv\/modelis-universals-blivejums-7675-cietam-neabsorbejosam-virsmam.html#primaryimage"},"thumbnailUrl":"https:\/\/www.versiegelung24.com\/wp-content\/uploads\/2020\/04\/versiegelung-muster.png","datePublished":"2020-04-29T19:00:08+00:00","dateModified":"2025-01-04T09:34:10+00:00","breadcrumb":{"@id":"https:\/\/www.versiegelung24.com\/lv\/modelis-universals-blivejums-7675-cietam-neabsorbejosam-virsmam.html#breadcrumb"},"inLanguage":"lv-LV","potentialAction":[{"@type":"ReadAction","target":["https:\/\/www.versiegelung24.com\/lv\/modelis-universals-blivejums-7675-cietam-neabsorbejosam-virsmam.html"]}]},{"@type":"ImageObject","inLanguage":"lv-LV","@id":"https:\/\/www.versiegelung24.com\/lv\/modelis-universals-blivejums-7675-cietam-neabsorbejosam-virsmam.html#primaryimage","url":"https:\/\/www.versiegelung24.com\/wp-content\/uploads\/2020\/04\/versiegelung-muster.png","contentUrl":"https:\/\/www.versiegelung24.com\/wp-content\/uploads\/2020\/04\/versiegelung-muster.png","width":1000,"height":1000},{"@type":"BreadcrumbList","@id":"https:\/\/www.versiegelung24.com\/lv\/modelis-universals-blivejums-7675-cietam-neabsorbejosam-virsmam.html#breadcrumb","itemListElement":[{"@type":"ListItem","position":1,"name":"M\u0101jas lapa","item":"https:\/\/www.versiegelung24.com\/lv\/prieksejais\/"},{"@type":"ListItem","position":2,"name":"Veikals","item":"https:\/\/www.versiegelung24.com\/lv\/veikals\/"},{"@type":"ListItem","position":3,"name":"Paraugs: univers\u0101lais herm\u0113ti\u0137is 7675 &#8220;ciet\u0101m&#8221;\/neabsorb\u0113jo\u0161\u0101m virsm\u0101m &#8211; 4005-7675"}]},{"@type":"WebSite","@id":"https:\/\/www.versiegelung24.com\/lv\/#website","url":"https:\/\/www.versiegelung24.com\/lv\/","name":"versiegelung24.com","description":"Fl\u00fcssigglas-Versiegelung - Made in Germany","publisher":{"@id":"https:\/\/www.versiegelung24.com\/lv\/#organization"},"potentialAction":[{"@type":"SearchAction","target":{"@type":"EntryPoint","urlTemplate":"https:\/\/www.versiegelung24.com\/lv\/?s={search_term_string}"},"query-input":{"@type":"PropertyValueSpecification","valueRequired":true,"valueName":"search_term_string"}}],"inLanguage":"lv-LV"},{"@type":"Organization","@id":"https:\/\/www.versiegelung24.com\/lv\/#organization","name":"versiegelung24","url":"https:\/\/www.versiegelung24.com\/lv\/","logo":{"@type":"ImageObject","inLanguage":"lv-LV","@id":"https:\/\/www.versiegelung24.com\/lv\/#\/schema\/logo\/image\/","url":"https:\/\/www.versiegelung24.com\/wp-content\/uploads\/2020\/04\/versiegelung24.png","contentUrl":"https:\/\/www.versiegelung24.com\/wp-content\/uploads\/2020\/04\/versiegelung24.png","width":470,"height":102,"caption":"versiegelung24"},"image":{"@id":"https:\/\/www.versiegelung24.com\/lv\/#\/schema\/logo\/image\/"}}]},"og_availability":"instock","product_availability":"instock","product_retailer_item_id":"4005-7675-muster","product_condition":"new"},"_links":{"self":[{"href":"https:\/\/www.versiegelung24.com\/lv\/wp-json\/wp\/v2\/product\/24763","targetHints":{"allow":["GET"]}}],"collection":[{"href":"https:\/\/www.versiegelung24.com\/lv\/wp-json\/wp\/v2\/product"}],"about":[{"href":"https:\/\/www.versiegelung24.com\/lv\/wp-json\/wp\/v2\/types\/product"}],"version-history":[{"count":3,"href":"https:\/\/www.versiegelung24.com\/lv\/wp-json\/wp\/v2\/product\/24763\/revisions"}],"predecessor-version":[{"id":141029,"href":"https:\/\/www.versiegelung24.com\/lv\/wp-json\/wp\/v2\/product\/24763\/revisions\/141029"}],"wp:featuredmedia":[{"embeddable":true,"href":"https:\/\/www.versiegelung24.com\/lv\/wp-json\/wp\/v2\/media\/14613"}],"wp:attachment":[{"href":"https:\/\/www.versiegelung24.com\/lv\/wp-json\/wp\/v2\/media?parent=24763"}],"wp:term":[{"taxonomy":"product_brand","embeddable":true,"href":"https:\/\/www.versiegelung24.com\/lv\/wp-json\/wp\/v2\/product_brand?post=24763"},{"taxonomy":"product_cat","embeddable":true,"href":"https:\/\/www.versiegelung24.com\/lv\/wp-json\/wp\/v2\/product_cat?post=24763"},{"taxonomy":"product_tag","embeddable":true,"href":"https:\/\/www.versiegelung24.com\/lv\/wp-json\/wp\/v2\/product_tag?post=24763"}],"curies":[{"name":"wp","href":"https:\/\/api.w.org\/{rel}","templated":true}]}}