{"id":25471,"date":"2020-04-04T18:53:12","date_gmt":"2021-08-03T08:08:00","guid":{"rendered":"https:\/\/www.versiegelung24.com\/produkt\/automasinu-krasas-speciala-laka-un-blivejums-2in1"},"modified":"2025-01-03T23:27:18","modified_gmt":"2025-01-03T22:27:18","slug":"automasinu-krasa-ipass-lakas-blivejums-2in1","status":"publish","type":"product","link":"https:\/\/www.versiegelung24.com\/lv\/automasinu-krasa-ipass-lakas-blivejums-2in1.html","title":{"rendered":"Auto kr\u0101sas speci\u0101l\u0101 pul\u0113\u0161anas un herm\u0113ti\u0137a 2in1"},"content":{"rendered":"\n<p><strong>\u013boti efekt\u012bva automa\u0161\u012bnu kr\u0101su speci\u0101la laka un herm\u0113ti\u0137is 2in1 automa\u0161\u012bnu kr\u0101so\u0161anai, iztur\u012bba l\u012bdz 3 m\u0113ne\u0161iem<\/strong><\/p>\n\n<p>Augsta kvalit\u0101te Ra\u017eots V\u0101cij\u0101.<\/p>\n\n<p><br\/><br\/>Viegli uzkl\u0101t: 1. Noslaukiet un nosl\u012bp\u0113jiet herm\u0113ti\u0137i 2. \u013baujiet saciet\u0113t 12 stundas &#8211; gatavs<\/p>\n\n<p>Der\u012bguma termi\u0146\u0161: l\u012bdz 3 m\u0113ne\u0161iem<\/p>\n\n<hr\/>\n\n<h4 class=\"wp-block-heading\" id=\"properties\">Produkta \u012bpa\u0161\u012bbas<\/h4>\n\n<div class=\"wp-block-columns is-layout-flex wp-container-core-columns-is-layout-9d6595d7 wp-block-columns-is-layout-flex\">\n<div class=\"wp-block-column is-layout-flow wp-block-column-is-layout-flow\">\n<ul class=\"wp-block-list\"><li>Augstas kvalit\u0101tes laka bez abraz\u012bv\u0101m sast\u0101vda\u013c\u0101m, kr\u0101sas sl\u0101\u0146i netiek uzbrukti<\/li><li>Emulsija, \u013coti viegli lietojama<\/li><li>Sp\u012bduma un kr\u0101su atsvaidzino\u0161s efekts<\/li><li>Not\u012bra, pul\u0113 un aizz\u012bmogo vien\u0101 sol\u012b (no\u0146em darvu, sve\u0137us un kukai\u0146u atlikumus)<\/li><li>\u016adeni un net\u012brumus atgr\u016bdo\u0161s p\u0101rkl\u0101jums, sp\u012bd\u012bgs<\/li><li>Nov\u0113r\u0161 darvas un kukai\u0146u atlieku pielip\u0161anu virsmai<\/li><li>Iek\u0161telp\u0101m un \u0101ram<\/li><\/ul>\n<\/div>\n\n\n\n<div class=\"wp-block-column is-layout-flow wp-block-column-is-layout-flow\">\n<ul class=\"wp-block-list\"><li>Caursp\u012bd\u012bgs \/ neredzams, virsmas izskats paliek nemain\u012bgs<\/li><li>Iztur\u012bgs pret salu, t\u012br\u012b\u0161anu (ieskaitot automa\u0161\u012bnu mazg\u0101\u0161anu), UV (nov\u0113r\u0161 kr\u0101sas p\u0101rkl\u0101juma bl\u0101vumu), s\u0101rmus \/ s\u0101rmus, j\u016bras \u016bdeni, s\u0101\u013co gaisu, kukai\u0146u izk\u0101rn\u012bjumus un citus smagus net\u012brumus<\/li><li>Iev\u0113rojami samazina gaisa pretest\u012bbu un t\u0101d\u0113j\u0101di nodro\u0161ina liel\u0101ku efektivit\u0101ti transportl\u012bdzek\u013ciem<\/li><li>&#8220;Viegli t\u012br\u0101ms&#8221; efekts, p\u0101rkl\u0101tas virsmas paliek t\u012bras ilg\u0101k un ir viegl\u0101k t\u012br\u0101mas.<\/li><li>Samazina skr\u0101p\u0113jumus<\/li><\/ul>\n\n\n\n<p><br\/><br\/>Pieg\u0101des apjoms: 1 x litra pudele 1 x produkta apraksts<\/p>\n<\/div>\n<\/div>\n\n<hr\/>\n\n<h4 class=\"wp-block-heading\" id=\"application\">Pieteikums<\/h4>\n\n<ul class=\"wp-block-list\"><li>Ide\u0101li piem\u0113rots transportl\u012bdzek\u013cu kr\u0101su apstr\u0101dei: automa\u0161\u012bn\u0101m, motocikliem, autobusiem (\u012bpa\u0161i efekt\u012bvs kr\u0101s\u0101m, kas nav vec\u0101kas par 10 gadiem)<\/li><li>Net\u012brumus un \u016bdeni atgr\u016bdo\u0161as apstr\u0101des uz vieglmet\u0101la diskiem (viegl\u0101k t\u012br\u012bt)<\/li><li>Met\u0101la apstr\u0101de (aizsardz\u012bba pret r\u016bsu un oksid\u0101ciju)<\/li><\/ul>\n\n<p>Nepiecie\u0161amais daudzums ir atkar\u012bgs no p\u0101rkl\u0101jam\u0101s virsmas (nodiluma un net\u012brumu pak\u0101pes) un izmantot\u0101s dr\u0101nas. Izn\u0101kums ir aptuveni 20-40 ml\/m\u00b2<\/p>\n","protected":false},"excerpt":{"rendered":"<p><strong>\u013boti efekt\u012bvs profesion\u0101lais pul\u0113\u0161anas l\u012bdzeklis automa\u0161\u012bnu kr\u0101so\u0161anai:<\/strong><\/p>\n<p>\u2713 ar lotosa efektu (\u016bdens atgr\u016bdo\u0161s)<\/p>\n<p>\u2713 Uzglab\u0101\u0161anas laiks l\u012bdz 3 m\u0113ne\u0161iem<\/p>\n","protected":false},"featured_media":17649,"template":"","meta":{"_acf_changed":false,"neve_meta_sidebar":"","neve_meta_container":"","neve_meta_enable_content_width":"","neve_meta_content_width":0,"neve_meta_title_alignment":"","neve_meta_author_avatar":"","neve_post_elements_order":"","neve_meta_disable_header":"","neve_meta_disable_footer":"","neve_meta_disable_title":"","neve_meta_reading_time":"","_surfaces":[],"_ver_product_tabs":[],"footnotes":""},"product_brand":[],"product_cat":[2196],"product_tag":[],"class_list":{"0":"post-25471","1":"product","2":"type-product","3":"status-publish","4":"has-post-thumbnail","6":"product_cat-automasinas-blivejums","8":"first","9":"instock","10":"taxable","11":"shipping-taxable","12":"purchasable","13":"product-type-simple"},"acf":[],"yoast_head":"<!-- This site is optimized with the Yoast SEO Premium plugin v22.8 (Yoast SEO v27.5) - https:\/\/yoast.com\/product\/yoast-seo-premium-wordpress\/ -->\n<title>Auto kr\u0101sas speci\u0101l\u0101 pul\u0113\u0161anas un herm\u0113ti\u0137a 2in1 - versiegelung24.com<\/title>\n<meta name=\"robots\" content=\"index, follow, max-snippet:-1, max-image-preview:large, max-video-preview:-1\" \/>\n<link rel=\"canonical\" href=\"https:\/\/www.versiegelung24.com\/lv\/automasinu-krasa-ipass-lakas-blivejums-2in1.html\" \/>\n<meta property=\"og:locale\" content=\"lv_LV\" \/>\n<meta property=\"og:type\" content=\"article\" \/>\n<meta property=\"og:title\" content=\"Auto kr\u0101sas speci\u0101l\u0101 pul\u0113\u0161anas un herm\u0113ti\u0137a 2in1\" \/>\n<meta property=\"og:description\" content=\"\u013boti efekt\u012bvs profesion\u0101lais pul\u0113\u0161anas l\u012bdzeklis automa\u0161\u012bnu kr\u0101so\u0161anai: \u2713 ar lotosa efektu (\u016bdens atgr\u016bdo\u0161s) \u2713 Uzglab\u0101\u0161anas laiks l\u012bdz 3 m\u0113ne\u0161iem\" \/>\n<meta property=\"og:url\" content=\"https:\/\/www.versiegelung24.com\/lv\/automasinu-krasa-ipass-lakas-blivejums-2in1.html\" \/>\n<meta property=\"og:site_name\" content=\"versiegelung24.com\" \/>\n<meta property=\"article:modified_time\" content=\"2025-01-03T22:27:18+00:00\" \/>\n<meta property=\"og:image\" content=\"https:\/\/www.versiegelung24.com\/wp-content\/uploads\/2020\/06\/produkt-2000-7660-1000-Autolack-Spezial-Politur-Versiegelung2in1-scaled.jpg\" \/>\n\t<meta property=\"og:image:width\" content=\"2560\" \/>\n\t<meta property=\"og:image:height\" content=\"2560\" \/>\n\t<meta property=\"og:image:type\" content=\"image\/jpeg\" \/>\n<meta name=\"twitter:card\" content=\"summary_large_image\" \/>\n<meta name=\"twitter:label1\" content=\"Price\" \/>\n\t<meta name=\"twitter:data1\" content=\"99,00&euro;\" \/>\n\t<meta name=\"twitter:label2\" content=\"Availability\" \/>\n\t<meta name=\"twitter:data2\" content=\"In stock\" \/>\n<script type=\"application\/ld+json\" class=\"yoast-schema-graph\">{\"@context\":\"https:\\\/\\\/schema.org\",\"@graph\":[{\"@type\":\"WebPage\",\"@id\":\"https:\\\/\\\/www.versiegelung24.com\\\/lv\\\/automasinu-krasa-ipass-lakas-blivejums-2in1.html\",\"url\":\"https:\\\/\\\/www.versiegelung24.com\\\/lv\\\/automasinu-krasa-ipass-lakas-blivejums-2in1.html\",\"name\":\"Auto kr\u0101sas speci\u0101l\u0101 pul\u0113\u0161anas un herm\u0113ti\u0137a 2in1 - versiegelung24.com\",\"isPartOf\":{\"@id\":\"https:\\\/\\\/www.versiegelung24.com\\\/lv\\\/#website\"},\"primaryImageOfPage\":{\"@id\":\"https:\\\/\\\/www.versiegelung24.com\\\/lv\\\/automasinu-krasa-ipass-lakas-blivejums-2in1.html#primaryimage\"},\"image\":{\"@id\":\"https:\\\/\\\/www.versiegelung24.com\\\/lv\\\/automasinu-krasa-ipass-lakas-blivejums-2in1.html#primaryimage\"},\"thumbnailUrl\":\"https:\\\/\\\/www.versiegelung24.com\\\/wp-content\\\/uploads\\\/2020\\\/06\\\/produkt-2000-7660-1000-Autolack-Spezial-Politur-Versiegelung2in1-scaled.jpg\",\"datePublished\":\"2021-08-03T08:08:00+00:00\",\"dateModified\":\"2025-01-03T22:27:18+00:00\",\"breadcrumb\":{\"@id\":\"https:\\\/\\\/www.versiegelung24.com\\\/lv\\\/automasinu-krasa-ipass-lakas-blivejums-2in1.html#breadcrumb\"},\"inLanguage\":\"lv-LV\",\"potentialAction\":[{\"@type\":\"ReadAction\",\"target\":[\"https:\\\/\\\/www.versiegelung24.com\\\/lv\\\/automasinu-krasa-ipass-lakas-blivejums-2in1.html\"]}]},{\"@type\":\"ImageObject\",\"inLanguage\":\"lv-LV\",\"@id\":\"https:\\\/\\\/www.versiegelung24.com\\\/lv\\\/automasinu-krasa-ipass-lakas-blivejums-2in1.html#primaryimage\",\"url\":\"https:\\\/\\\/www.versiegelung24.com\\\/wp-content\\\/uploads\\\/2020\\\/06\\\/produkt-2000-7660-1000-Autolack-Spezial-Politur-Versiegelung2in1-scaled.jpg\",\"contentUrl\":\"https:\\\/\\\/www.versiegelung24.com\\\/wp-content\\\/uploads\\\/2020\\\/06\\\/produkt-2000-7660-1000-Autolack-Spezial-Politur-Versiegelung2in1-scaled.jpg\",\"width\":2560,\"height\":2560},{\"@type\":\"BreadcrumbList\",\"@id\":\"https:\\\/\\\/www.versiegelung24.com\\\/lv\\\/automasinu-krasa-ipass-lakas-blivejums-2in1.html#breadcrumb\",\"itemListElement\":[{\"@type\":\"ListItem\",\"position\":1,\"name\":\"M\u0101jas lapa\",\"item\":\"https:\\\/\\\/www.versiegelung24.com\\\/lv\\\/prieksejais\\\/\"},{\"@type\":\"ListItem\",\"position\":2,\"name\":\"Veikals\",\"item\":\"https:\\\/\\\/www.versiegelung24.com\\\/lv\\\/veikals\\\/\"},{\"@type\":\"ListItem\",\"position\":3,\"name\":\"Auto kr\u0101sas speci\u0101l\u0101 pul\u0113\u0161anas un herm\u0113ti\u0137a 2in1\"}]},{\"@type\":\"WebSite\",\"@id\":\"https:\\\/\\\/www.versiegelung24.com\\\/lv\\\/#website\",\"url\":\"https:\\\/\\\/www.versiegelung24.com\\\/lv\\\/\",\"name\":\"versiegelung24.com\",\"description\":\"Fl\u00fcssigglas-Versiegelung - Made in Germany\",\"publisher\":{\"@id\":\"https:\\\/\\\/www.versiegelung24.com\\\/lv\\\/#organization\"},\"potentialAction\":[{\"@type\":\"SearchAction\",\"target\":{\"@type\":\"EntryPoint\",\"urlTemplate\":\"https:\\\/\\\/www.versiegelung24.com\\\/lv\\\/?s={search_term_string}\"},\"query-input\":{\"@type\":\"PropertyValueSpecification\",\"valueRequired\":true,\"valueName\":\"search_term_string\"}}],\"inLanguage\":\"lv-LV\"},{\"@type\":\"Organization\",\"@id\":\"https:\\\/\\\/www.versiegelung24.com\\\/lv\\\/#organization\",\"name\":\"versiegelung24\",\"url\":\"https:\\\/\\\/www.versiegelung24.com\\\/lv\\\/\",\"logo\":{\"@type\":\"ImageObject\",\"inLanguage\":\"lv-LV\",\"@id\":\"https:\\\/\\\/www.versiegelung24.com\\\/lv\\\/#\\\/schema\\\/logo\\\/image\\\/\",\"url\":\"https:\\\/\\\/www.versiegelung24.com\\\/wp-content\\\/uploads\\\/2020\\\/04\\\/versiegelung24.png\",\"contentUrl\":\"https:\\\/\\\/www.versiegelung24.com\\\/wp-content\\\/uploads\\\/2020\\\/04\\\/versiegelung24.png\",\"width\":470,\"height\":102,\"caption\":\"versiegelung24\"},\"image\":{\"@id\":\"https:\\\/\\\/www.versiegelung24.com\\\/lv\\\/#\\\/schema\\\/logo\\\/image\\\/\"}}]}<\/script>\n<meta property=\"product:price:amount\" content=\"99.00\" \/>\n<meta property=\"product:price:currency\" content=\"EUR\" \/>\n<meta property=\"og:availability\" content=\"instock\" \/>\n<meta property=\"product:availability\" content=\"instock\" \/>\n<meta property=\"product:retailer_item_id\" content=\"2000-7660-1000\" \/>\n<meta property=\"product:condition\" content=\"new\" \/>\n<!-- \/ Yoast SEO Premium plugin. -->","yoast_head_json":{"title":"Auto kr\u0101sas speci\u0101l\u0101 pul\u0113\u0161anas un herm\u0113ti\u0137a 2in1 - versiegelung24.com","robots":{"index":"index","follow":"follow","max-snippet":"max-snippet:-1","max-image-preview":"max-image-preview:large","max-video-preview":"max-video-preview:-1"},"canonical":"https:\/\/www.versiegelung24.com\/lv\/automasinu-krasa-ipass-lakas-blivejums-2in1.html","og_locale":"lv_LV","og_type":"article","og_title":"Auto kr\u0101sas speci\u0101l\u0101 pul\u0113\u0161anas un herm\u0113ti\u0137a 2in1","og_description":"\u013boti efekt\u012bvs profesion\u0101lais pul\u0113\u0161anas l\u012bdzeklis automa\u0161\u012bnu kr\u0101so\u0161anai: \u2713 ar lotosa efektu (\u016bdens atgr\u016bdo\u0161s) \u2713 Uzglab\u0101\u0161anas laiks l\u012bdz 3 m\u0113ne\u0161iem","og_url":"https:\/\/www.versiegelung24.com\/lv\/automasinu-krasa-ipass-lakas-blivejums-2in1.html","og_site_name":"versiegelung24.com","article_modified_time":"2025-01-03T22:27:18+00:00","og_image":[{"width":2560,"height":2560,"url":"https:\/\/www.versiegelung24.com\/wp-content\/uploads\/2020\/06\/produkt-2000-7660-1000-Autolack-Spezial-Politur-Versiegelung2in1-scaled.jpg","type":"image\/jpeg"}],"twitter_card":"summary_large_image","twitter_misc":{"Price":"99,00&euro;","Availability":"In stock"},"schema":{"@context":"https:\/\/schema.org","@graph":[{"@type":"WebPage","@id":"https:\/\/www.versiegelung24.com\/lv\/automasinu-krasa-ipass-lakas-blivejums-2in1.html","url":"https:\/\/www.versiegelung24.com\/lv\/automasinu-krasa-ipass-lakas-blivejums-2in1.html","name":"Auto kr\u0101sas speci\u0101l\u0101 pul\u0113\u0161anas un herm\u0113ti\u0137a 2in1 - versiegelung24.com","isPartOf":{"@id":"https:\/\/www.versiegelung24.com\/lv\/#website"},"primaryImageOfPage":{"@id":"https:\/\/www.versiegelung24.com\/lv\/automasinu-krasa-ipass-lakas-blivejums-2in1.html#primaryimage"},"image":{"@id":"https:\/\/www.versiegelung24.com\/lv\/automasinu-krasa-ipass-lakas-blivejums-2in1.html#primaryimage"},"thumbnailUrl":"https:\/\/www.versiegelung24.com\/wp-content\/uploads\/2020\/06\/produkt-2000-7660-1000-Autolack-Spezial-Politur-Versiegelung2in1-scaled.jpg","datePublished":"2021-08-03T08:08:00+00:00","dateModified":"2025-01-03T22:27:18+00:00","breadcrumb":{"@id":"https:\/\/www.versiegelung24.com\/lv\/automasinu-krasa-ipass-lakas-blivejums-2in1.html#breadcrumb"},"inLanguage":"lv-LV","potentialAction":[{"@type":"ReadAction","target":["https:\/\/www.versiegelung24.com\/lv\/automasinu-krasa-ipass-lakas-blivejums-2in1.html"]}]},{"@type":"ImageObject","inLanguage":"lv-LV","@id":"https:\/\/www.versiegelung24.com\/lv\/automasinu-krasa-ipass-lakas-blivejums-2in1.html#primaryimage","url":"https:\/\/www.versiegelung24.com\/wp-content\/uploads\/2020\/06\/produkt-2000-7660-1000-Autolack-Spezial-Politur-Versiegelung2in1-scaled.jpg","contentUrl":"https:\/\/www.versiegelung24.com\/wp-content\/uploads\/2020\/06\/produkt-2000-7660-1000-Autolack-Spezial-Politur-Versiegelung2in1-scaled.jpg","width":2560,"height":2560},{"@type":"BreadcrumbList","@id":"https:\/\/www.versiegelung24.com\/lv\/automasinu-krasa-ipass-lakas-blivejums-2in1.html#breadcrumb","itemListElement":[{"@type":"ListItem","position":1,"name":"M\u0101jas lapa","item":"https:\/\/www.versiegelung24.com\/lv\/prieksejais\/"},{"@type":"ListItem","position":2,"name":"Veikals","item":"https:\/\/www.versiegelung24.com\/lv\/veikals\/"},{"@type":"ListItem","position":3,"name":"Auto kr\u0101sas speci\u0101l\u0101 pul\u0113\u0161anas un herm\u0113ti\u0137a 2in1"}]},{"@type":"WebSite","@id":"https:\/\/www.versiegelung24.com\/lv\/#website","url":"https:\/\/www.versiegelung24.com\/lv\/","name":"versiegelung24.com","description":"Fl\u00fcssigglas-Versiegelung - Made in Germany","publisher":{"@id":"https:\/\/www.versiegelung24.com\/lv\/#organization"},"potentialAction":[{"@type":"SearchAction","target":{"@type":"EntryPoint","urlTemplate":"https:\/\/www.versiegelung24.com\/lv\/?s={search_term_string}"},"query-input":{"@type":"PropertyValueSpecification","valueRequired":true,"valueName":"search_term_string"}}],"inLanguage":"lv-LV"},{"@type":"Organization","@id":"https:\/\/www.versiegelung24.com\/lv\/#organization","name":"versiegelung24","url":"https:\/\/www.versiegelung24.com\/lv\/","logo":{"@type":"ImageObject","inLanguage":"lv-LV","@id":"https:\/\/www.versiegelung24.com\/lv\/#\/schema\/logo\/image\/","url":"https:\/\/www.versiegelung24.com\/wp-content\/uploads\/2020\/04\/versiegelung24.png","contentUrl":"https:\/\/www.versiegelung24.com\/wp-content\/uploads\/2020\/04\/versiegelung24.png","width":470,"height":102,"caption":"versiegelung24"},"image":{"@id":"https:\/\/www.versiegelung24.com\/lv\/#\/schema\/logo\/image\/"}}]},"product_price_amount":"99.00","product_price_currency":"EUR","og_availability":"instock","product_availability":"instock","product_retailer_item_id":"2000-7660-1000","product_condition":"new"},"_links":{"self":[{"href":"https:\/\/www.versiegelung24.com\/lv\/wp-json\/wp\/v2\/product\/25471","targetHints":{"allow":["GET"]}}],"collection":[{"href":"https:\/\/www.versiegelung24.com\/lv\/wp-json\/wp\/v2\/product"}],"about":[{"href":"https:\/\/www.versiegelung24.com\/lv\/wp-json\/wp\/v2\/types\/product"}],"version-history":[{"count":14,"href":"https:\/\/www.versiegelung24.com\/lv\/wp-json\/wp\/v2\/product\/25471\/revisions"}],"predecessor-version":[{"id":177362,"href":"https:\/\/www.versiegelung24.com\/lv\/wp-json\/wp\/v2\/product\/25471\/revisions\/177362"}],"wp:featuredmedia":[{"embeddable":true,"href":"https:\/\/www.versiegelung24.com\/lv\/wp-json\/wp\/v2\/media\/17649"}],"wp:attachment":[{"href":"https:\/\/www.versiegelung24.com\/lv\/wp-json\/wp\/v2\/media?parent=25471"}],"wp:term":[{"taxonomy":"product_brand","embeddable":true,"href":"https:\/\/www.versiegelung24.com\/lv\/wp-json\/wp\/v2\/product_brand?post=25471"},{"taxonomy":"product_cat","embeddable":true,"href":"https:\/\/www.versiegelung24.com\/lv\/wp-json\/wp\/v2\/product_cat?post=25471"},{"taxonomy":"product_tag","embeddable":true,"href":"https:\/\/www.versiegelung24.com\/lv\/wp-json\/wp\/v2\/product_tag?post=25471"}],"curies":[{"name":"wp","href":"https:\/\/api.w.org\/{rel}","templated":true}]}}