{"id":37431,"date":"2021-09-27T11:17:44","date_gmt":"2021-09-27T09:31:22","guid":{"rendered":"https:\/\/www.versiegelung24.com\/produkt\/mobila-talruna-aizsargslanis-no-skidra-stikla-pret-bakterijam-un-virusiem"},"modified":"2025-01-05T15:39:30","modified_gmt":"2025-01-05T14:39:30","slug":"mobilais-telefons-skidrais-stikls-aizsargparklajums-pret-bakteriju-virusiem","status":"publish","type":"product","link":"https:\/\/www.versiegelung24.com\/lv\/erts-skidruma-stikla-aizsargajosais-slanis-pret-bakterijam.html","title":{"rendered":"Viedt\u0101lru\u0146u un mobilo t\u0101lru\u0146u ilgtermi\u0146a dezinfekcijas l\u012bdzeklis pret bakt\u0113rij\u0101m un v\u012brusiem"},"content":{"rendered":"\n<h2 class=\"wp-block-heading\" id=\"h-neuheit-am-markt-smartphones-amp-handys-fur-3-monate-mit-einer-unsichtbaren-flussigglas-schicht-gegen-bakterien-viren-und-pilze-schutzen\">Jaunums tirg\u016b: aizsarg\u0101 viedt\u0101lru\u0146us un mobilos t\u0101lru\u0146us 3 m\u0113ne\u0161us ar neredzamu \u0161\u0137idr\u0101 stikla sl\u0101ni pret bakt\u0113rij\u0101m, v\u012brusiem un s\u0113n\u012bt\u0113m<\/h2>\n<div class=\"wp-block-image\">\n<figure class=\"aligncenter size-large\"><img fetchpriority=\"high\" decoding=\"async\" width=\"2560\" height=\"1440\" src=\"https:\/\/www.versiegelung24.com\/wp-content\/uploads\/2021\/09\/handy_bakterien-viren-edited-scaled.jpeg\" alt=\"\" class=\"wp-image-38698\" srcset=\"https:\/\/www.versiegelung24.com\/wp-content\/uploads\/2021\/09\/handy_bakterien-viren-edited-scaled.jpeg 2560w, https:\/\/www.versiegelung24.com\/wp-content\/uploads\/2021\/09\/handy_bakterien-viren-edited-scaled-600x338.jpeg 600w, https:\/\/www.versiegelung24.com\/wp-content\/uploads\/2021\/09\/handy_bakterien-viren-edited-300x169.jpeg 300w, https:\/\/www.versiegelung24.com\/wp-content\/uploads\/2021\/09\/handy_bakterien-viren-edited-1300x731.jpeg 1300w, https:\/\/www.versiegelung24.com\/wp-content\/uploads\/2021\/09\/handy_bakterien-viren-edited-768x432.jpeg 768w, https:\/\/www.versiegelung24.com\/wp-content\/uploads\/2021\/09\/handy_bakterien-viren-edited-1536x864.jpeg 1536w, https:\/\/www.versiegelung24.com\/wp-content\/uploads\/2021\/09\/handy_bakterien-viren-edited-2048x1152.jpeg 2048w\" sizes=\"(max-width: 2560px) 100vw, 2560px\" \/><figcaption class=\"wp-element-caption\">Viedt\u0101lrunis k\u0101 bakt\u0113riju, v\u012brusu un s\u0113n\u012b\u0161u nes\u0113js<\/figcaption><\/figure>\n<\/div>\n<p>M\u016bsdien\u0101s viedt\u0101lrunis ir past\u0101v\u012bgs pavadonis. Dienas laik\u0101 daudzi cilv\u0113ki to pace\u013c simtiem rei\u017eu. Mobilais t\u0101lrunis ir visur <strong>\u2013<\/strong> gan gu\u013cot, gan atp\u016b\u0161oties, gan tualet\u0113, gan sporta un atp\u016btas laik\u0101. \u012asti sv\u0113tki v\u012brusu un bakt\u0113riju p\u0101rn\u0113s\u0101\u0161anai. <\/p>\n\n<p>Lietot\u0101jam nopietni j\u0101uztver bakt\u0113riju, k\u0101 ar\u012b s\u0113n\u012b\u0161u un v\u012brusu briesmas viedt\u0101lru\u0146os. Tie ir ne tikai antisanit\u0101ri, tie var ietekm\u0113t gan labsaj\u016btu, gan vesel\u012bbu. Starp citu, daudz pat\u012bkam\u0101k ir lietot kopum\u0101 t\u012bru un higi\u0113niski koptu mobilo telefonu vai viedt\u0101lruni.<\/p>\n\n<hr\/>\n\n<h4 class=\"wp-block-heading\" id=\"video\">Video<\/h4>\n\n<figure class=\"wp-block-embed aligncenter is-type-rich is-provider-handler-einbetten wp-block-embed-handler-einbetten wp-embed-aspect-16-9 wp-has-aspect-ratio\"><div class=\"wp-block-embed__wrapper\"> \n<div class=\"nv-iframe-embed\"><iframe title=\"Award-winning Mobile Phone Sanitizer by LiquiGlas (904)\" width=\"1200\" height=\"675\" src=\"https:\/\/www.youtube.com\/embed\/OPwnhKcFTvA?feature=oembed\" frameborder=\"0\" allow=\"accelerometer; autoplay; clipboard-write; encrypted-media; gyroscope; picture-in-picture\" allowfullscreen><\/iframe><\/div>\n <\/div><\/figure>\n\n<hr\/>\n\n<h4 class=\"wp-block-heading\" id=\"properties\">Produkta \u012bpa\u0161\u012bbas<\/h4>\n\n<div class=\"wp-block-columns is-layout-flex wp-container-core-columns-is-layout-9d6595d7 wp-block-columns-is-layout-flex\">\n<div class=\"wp-block-column is-layout-flow wp-block-column-is-layout-flow\">\n<h2 class=\"wp-block-heading\" id=\"die-highlights-auf-einen-blick\">Svar\u012bg\u0101kie momenti \u012bsum\u0101<\/h2>\n\n\n\n<p><br\/><br\/><br\/><br\/><br\/>&#8211; unik\u0101la l\u012bdz unik\u0101lai ilgtermi\u0146a aizsardz\u012bbai pret bakt\u0113rij\u0101m &#8211; garant\u0113ta bakt\u0113riju, s\u0113n\u012b\u0161u un v\u012brusu neitraliz\u0101cija &#8211; vienk\u0101r\u0161a un viegla lieto\u0161ana &#8211; medic\u012bnisk\u0101 l\u012bme\u0146a dezinfekcija &#8211; papildu aizsardz\u012bba pret koronav\u012brusu &#8211; 2020 MedTech balvas ieguv\u0113js &#8211; lab\u0101kais ilgtermi\u0146a efekts uz virsm\u0101m pret patog\u0113niem.<\/p>\n<\/div>\n\n\n\n<div class=\"wp-block-column is-layout-flow wp-block-column-is-layout-flow\">\n<h2 class=\"wp-block-heading\" id=\"lieferumfang\">pieg\u0101des apjoms<\/h2>\n\n\n\n<p>12 antibakteri\u0101las salvetes, lietojamas reizi ned\u0113\u013c\u0101 = 3 m\u0113ne\u0161i<\/p>\n<\/div>\n<\/div>\n\n<hr\/>\n\n<h4 class=\"wp-block-heading\" id=\"application\">Pieteikums<\/h4>\n\n<h2 class=\"wp-block-heading\" id=\"die-anwendung-hygienisch-sauberes-handy\">Aplik\u0101cija &#8211; Higi\u0113niski t\u012brs mobilais telefons<\/h2>\n\n<div class=\"wp-block-getwid-toggle has-icon-left\">\n<div class=\"wp-block-getwid-toggle__row\"><div class=\"wp-block-getwid-toggle__header-wrapper\"><span class=\"wp-block-getwid-toggle__header\"><a href=\"#\"><span class=\"wp-block-getwid-toggle__header-title\">1. Smartphone s\u00e4ubern<\/span><span class=\"wp-block-getwid-toggle__icon is-active\"><i class=\"fas fa-plus\"><\/i><\/span><span class=\"wp-block-getwid-toggle__icon is-passive\"><i class=\"fas fa-minus\"><\/i><\/span><\/a><\/span><\/div><div class=\"wp-block-getwid-toggle__content-wrapper\"><div class=\"wp-block-getwid-toggle__content\">\n<p>Gala ier\u012bce tiek noslaukta ar mikro\u0161\u0137iedras lupati\u0146u vai sausu dr\u0101ni\u0146u bez pl\u016bksn\u0101m priek\u0161pus\u0113 un aizmugur\u0113, lai no\u0146emtu pirkstu nospiedumus, net\u012brumus un jebk\u0101dus nobr\u0101zumus.<\/p>\n<\/div><\/div><\/div>\n\n\n\n<div class=\"wp-block-getwid-toggle__row\"><div class=\"wp-block-getwid-toggle__header-wrapper\"><span class=\"wp-block-getwid-toggle__header\"><a href=\"#\"><span class=\"wp-block-getwid-toggle__header-title\">2. Smartphone desinfizieren<\/span><span class=\"wp-block-getwid-toggle__icon is-active\"><i class=\"fas fa-plus\"><\/i><\/span><span class=\"wp-block-getwid-toggle__icon is-passive\"><i class=\"fas fa-minus\"><\/i><\/span><\/a><\/span><\/div><div class=\"wp-block-getwid-toggle__content-wrapper\"><div class=\"wp-block-getwid-toggle__content\">\n<p>Tiek atv\u0113rts iepakojums ar 12 un no\u0146emta pirm\u0101 dezinfekcijas salvete, kas iet\u012bta ar sarau\u0161anos. Ar vienu dezinfekcijas salvetes pusi mobilais t\u0101lrunis atkal tiek r\u016bp\u012bgi not\u012br\u012bts gan priek\u0161pus\u0113, gan aizmugur\u0113, proti, noslauc\u012bt. P\u0113c tam gala ier\u012bci aptuveni 30 sekundes dezinfic\u0113 ar otru, joproj\u0101m t\u012bru auduma pusi. T\u0101 rezult\u0101t\u0101 uz t\u0101s virsmas veidojas gai\u0161s pl\u012bvurs.<\/p>\n<\/div><\/div><\/div>\n\n\n\n<div class=\"wp-block-getwid-toggle__row\"><div class=\"wp-block-getwid-toggle__header-wrapper\"><span class=\"wp-block-getwid-toggle__header\"><a href=\"#\"><span class=\"wp-block-getwid-toggle__header-title\">3. Trocknungsvorgang<\/span><span class=\"wp-block-getwid-toggle__icon is-active\"><i class=\"fas fa-plus\"><\/i><\/span><span class=\"wp-block-getwid-toggle__icon is-passive\"><i class=\"fas fa-minus\"><\/i><\/span><\/a><\/span><\/div><div class=\"wp-block-getwid-toggle__content-wrapper\"><div class=\"wp-block-getwid-toggle__content\">\n<p>Tam seko divu l\u012bdz tr\u012bs min\u016b\u0161u \u017e\u0101v\u0113\u0161anas process. Uzkl\u0101tais \u0161\u0137idrums iedarbojas un veido dezinfic\u0113jo\u0161u aizsargk\u0101rtu.<\/p>\n<\/div><\/div><\/div>\n\n\n\n<div class=\"wp-block-getwid-toggle__row\"><div class=\"wp-block-getwid-toggle__header-wrapper\"><span class=\"wp-block-getwid-toggle__header\"><a href=\"#\"><span class=\"wp-block-getwid-toggle__header-title\">4. Nachpolieren<\/span><span class=\"wp-block-getwid-toggle__icon is-active\"><i class=\"fas fa-plus\"><\/i><\/span><span class=\"wp-block-getwid-toggle__icon is-passive\"><i class=\"fas fa-minus\"><\/i><\/span><\/a><\/span><\/div><div class=\"wp-block-getwid-toggle__content-wrapper\"><div class=\"wp-block-getwid-toggle__content\">\n<p>P\u0113c \u017e\u0101v\u0113\u0161anas procesa beig\u0101m mobilo t\u0101lruni v\u0113lreiz pul\u0113 ar t\u012bru \u017e\u0101v\u0113\u0161anas dr\u0101nu <strong>&#8211;<\/strong> piem\u0113ram, izgatavotu no mikro\u0161\u0137iedras <strong>&#8211;<\/strong> l\u012bdz virsma ir bez sv\u012btr\u0101m. Tagad izstr\u0101d\u0101t\u0101 ilgtermi\u0146a dezinfekcijas aizsardz\u012bba darbojas ar nemain\u012bgu intensit\u0101ti n\u0101kam\u0101s septi\u0146as l\u012bdz desmit dienas.<\/p>\n<\/div><\/div><\/div>\n<\/div>\n\n<br\/>\n\n<hr\/>\n\n<h4 class=\"wp-block-heading\" id=\"advisor\">Konsultants<\/h4>\n\n<h2 class=\"wp-block-heading\" id=\"award-gewinner-handy-desinfektion-raumt-ab\">Balvas ieguv\u0113js \u2013 mobil\u0101 telefona dezinfekcija noskaidrojas<\/h2>\n\n<p>Jaunums tirg\u016b mobilo gala ier\u012b\u010du, piem\u0113ram, mobilo t\u0101lru\u0146u, viedt\u0101lru\u0146u vai plan\u0161etdatoru, dezinfekcijas aizsardz\u012bbai ir 12 bakt\u0113riju aizsardz\u012bbas salve\u0161u iepakojums no CCM\u00ae. CCM apz\u012bm\u0113 Creative Chemical Manufacturer GmbH, kas atrodas Overat\u0101, Zieme\u013crein\u0101-Vestf\u0101len\u0113.<\/p>\n\n<figure class=\"wp-block-image size-full\"><img decoding=\"async\" width=\"700\" height=\"207\" src=\"https:\/\/www.versiegelung24.com\/wp-content\/uploads\/2021\/09\/2020-MedTech-Awards-2.png\" alt=\"\" class=\"wp-image-37295\" srcset=\"https:\/\/www.versiegelung24.com\/wp-content\/uploads\/2021\/09\/2020-MedTech-Awards-2.png 700w, https:\/\/www.versiegelung24.com\/wp-content\/uploads\/2021\/09\/2020-MedTech-Awards-2-600x177.png 600w, https:\/\/www.versiegelung24.com\/wp-content\/uploads\/2021\/09\/2020-MedTech-Awards-2-300x89.png 300w\" sizes=\"(max-width: 700px) 100vw, 700px\" \/><figcaption class=\"wp-element-caption\"><strong>MedTech balvas ieguv\u0113js &#8211; lab\u0101kais ilgtermi\u0146a pretpatog\u0113nu aizsardz\u012bbas risin\u0101jums<\/strong><\/figcaption><\/figure>\n\n<h2 class=\"wp-block-heading\" id=\"ohne-handy-und-smartphone-desinfizieren-geht-es-einfach-nicht\">Tas vienk\u0101r\u0161i nedarbojas, nedezinfic\u0113jot mobilo t\u0101lruni un viedt\u0101lruni!<\/h2>\n\n<p>Tagad cilv\u0113ki ir pieradu\u0161i regul\u0101ri mazg\u0101t un dezinfic\u0113t rokas. V\u0113l jo svar\u012bg\u0101k ir neaizmirst dezinfic\u0113t savu viedt\u0101lruni. Pareizi r\u012bkojoties, bakt\u0113riju aizsarg\u0101jo\u0161ais audums att\u012bsta past\u0101v\u012bgu dezinfekcijas efektu l\u012bdz pat desmit dien\u0101m. Iepakojum\u0101 pa 12 gala ier\u012bce vienm\u0113r ir ide\u0101l\u0101 higi\u0113nisk\u0101 st\u0101vokl\u012b ceturtda\u013cu gada.<\/p>\n\n<p><\/p>\n\n<p><strong>Regul\u0101ra divpadsmit aizsarglupu izmanto\u0161ana rada \u012bpa\u0161i pl\u0101nu \u0161\u0137idr\u0101 stikla p\u0101rkl\u0101jumu uz viedt\u0101lru\u0146a virsmas.<\/strong> Tas nov\u0113r\u0161 patog\u0113nu veido\u0161anos un turpm\u0101ku veido\u0161anos. K\u0101 pozit\u012bva blakuspar\u0101d\u012bba virsma k\u013c\u016bst arvien glud\u0101ka un to var \u013coti viegli not\u012br\u012bt. \u0160is efekts palielin\u0101s, jo ilg\u0101k tiek izmantotas dezinfekcijas salvetes.<\/p>\n","protected":false},"excerpt":{"rendered":"<p>Jaunums tirg\u016b mobilo gala ier\u012b\u010du, piem\u0113ram, mobilo t\u0101lru\u0146u, viedt\u0101lru\u0146u vai plan\u0161etdatoru, dezinfekcijas aizsardz\u012bbai ir 12 bakt\u0113riju aizsardz\u012bbas salve\u0161u iepakojums no CCM\u00ae.<\/p>\n<p>Sertific\u0113ts ar MedTech balvu<strong>&#8220;Lab\u0101kais ilgtermi\u0146a aizsardz\u012bbas pret patog\u0113niem risin\u0101jums&#8221;<\/p>\n<p><\/strong><\/p>\n<p><img decoding=\"async\" class=\"alignnone size-medium wp-image-37295\" src=\"https:\/\/www.versiegelung24.com\/wp-content\/uploads\/2021\/09\/2020-MedTech-Awards-2-300x89.png\" alt=\"\" width=\"300\" height=\"89\" srcset=\"https:\/\/www.versiegelung24.com\/wp-content\/uploads\/2021\/09\/2020-MedTech-Awards-2-300x89.png 300w, https:\/\/www.versiegelung24.com\/wp-content\/uploads\/2021\/09\/2020-MedTech-Awards-2-600x177.png 600w, https:\/\/www.versiegelung24.com\/wp-content\/uploads\/2021\/09\/2020-MedTech-Awards-2.png 700w\" sizes=\"(max-width: 300px) 100vw, 300px\" \/><\/p>\n","protected":false},"featured_media":63245,"template":"","meta":{"_acf_changed":false,"neve_meta_sidebar":"","neve_meta_container":"","neve_meta_enable_content_width":"","neve_meta_content_width":0,"neve_meta_title_alignment":"","neve_meta_author_avatar":"","neve_post_elements_order":"","neve_meta_disable_header":"","neve_meta_disable_footer":"","neve_meta_disable_title":"","neve_meta_reading_time":"","_surfaces":[],"_ver_product_tabs":[],"footnotes":""},"product_brand":[],"product_cat":[3173,2352],"product_tag":[],"class_list":{"0":"post-37431","1":"product","2":"type-product","3":"status-publish","4":"has-post-thumbnail","6":"product_cat-mobilo-telefonu-dezinfekcijas-lidzeklis","7":"product_cat-dezinfekcijas-lidzekli","9":"first","10":"instock","11":"taxable","12":"shipping-taxable","13":"purchasable","14":"product-type-simple"},"acf":[],"yoast_head":"<!-- This site is optimized with the Yoast SEO Premium plugin v22.8 (Yoast SEO v27.5) - https:\/\/yoast.com\/product\/yoast-seo-premium-wordpress\/ -->\n<title>Viedt\u0101lru\u0146u un mobilo t\u0101lru\u0146u ilgtermi\u0146a dezinfekcijas l\u012bdzeklis pret bakt\u0113rij\u0101m un v\u012brusiem - versiegelung24.com<\/title>\n<meta name=\"robots\" content=\"index, follow, max-snippet:-1, max-image-preview:large, max-video-preview:-1\" \/>\n<link rel=\"canonical\" href=\"https:\/\/www.versiegelung24.com\/lv\/erts-skidruma-stikla-aizsargajosais-slanis-pret-bakterijam.html\" \/>\n<meta property=\"og:locale\" content=\"lv_LV\" \/>\n<meta property=\"og:type\" content=\"article\" \/>\n<meta property=\"og:title\" content=\"Viedt\u0101lru\u0146u un mobilo t\u0101lru\u0146u ilgtermi\u0146a dezinfekcijas l\u012bdzeklis pret bakt\u0113rij\u0101m un v\u012brusiem\" \/>\n<meta property=\"og:description\" content=\"Jaunums tirg\u016b mobilo gala ier\u012b\u010du, piem\u0113ram, mobilo t\u0101lru\u0146u, viedt\u0101lru\u0146u vai plan\u0161etdatoru, dezinfekcijas aizsardz\u012bbai ir 12 bakt\u0113riju aizsardz\u012bbas salve\u0161u iepakojums no CCM\u00ae. Sertific\u0113ts ar MedTech balvu&quot;Lab\u0101kais ilgtermi\u0146a aizsardz\u012bbas pret patog\u0113niem risin\u0101jums&quot;\" \/>\n<meta property=\"og:url\" content=\"https:\/\/www.versiegelung24.com\/lv\/erts-skidruma-stikla-aizsargajosais-slanis-pret-bakterijam.html\" \/>\n<meta property=\"og:site_name\" content=\"versiegelung24.com\" \/>\n<meta property=\"article:modified_time\" content=\"2025-01-05T14:39:30+00:00\" \/>\n<meta property=\"og:image\" content=\"https:\/\/www.versiegelung24.com\/wp-content\/uploads\/2021\/09\/produkt-4009-904-Handy-Bakterienschutz-Verpackung1.jpg\" \/>\n\t<meta property=\"og:image:width\" content=\"2000\" \/>\n\t<meta property=\"og:image:height\" content=\"2000\" \/>\n\t<meta property=\"og:image:type\" content=\"image\/jpeg\" \/>\n<meta name=\"twitter:card\" content=\"summary_large_image\" \/>\n<meta name=\"twitter:label1\" content=\"Price\" \/>\n\t<meta name=\"twitter:data1\" content=\"10,99&euro;\" \/>\n\t<meta name=\"twitter:label2\" content=\"Availability\" \/>\n\t<meta name=\"twitter:data2\" content=\"In stock\" \/>\n<script type=\"application\/ld+json\" class=\"yoast-schema-graph\">{\"@context\":\"https:\\\/\\\/schema.org\",\"@graph\":[{\"@type\":\"WebPage\",\"@id\":\"https:\\\/\\\/www.versiegelung24.com\\\/lv\\\/erts-skidruma-stikla-aizsargajosais-slanis-pret-bakterijam.html\",\"url\":\"https:\\\/\\\/www.versiegelung24.com\\\/lv\\\/erts-skidruma-stikla-aizsargajosais-slanis-pret-bakterijam.html\",\"name\":\"Viedt\u0101lru\u0146u un mobilo t\u0101lru\u0146u ilgtermi\u0146a dezinfekcijas l\u012bdzeklis pret bakt\u0113rij\u0101m un v\u012brusiem - versiegelung24.com\",\"isPartOf\":{\"@id\":\"https:\\\/\\\/www.versiegelung24.com\\\/lv\\\/#website\"},\"primaryImageOfPage\":{\"@id\":\"https:\\\/\\\/www.versiegelung24.com\\\/lv\\\/erts-skidruma-stikla-aizsargajosais-slanis-pret-bakterijam.html#primaryimage\"},\"image\":{\"@id\":\"https:\\\/\\\/www.versiegelung24.com\\\/lv\\\/erts-skidruma-stikla-aizsargajosais-slanis-pret-bakterijam.html#primaryimage\"},\"thumbnailUrl\":\"https:\\\/\\\/www.versiegelung24.com\\\/wp-content\\\/uploads\\\/2021\\\/09\\\/produkt-4009-904-Handy-Bakterienschutz-Verpackung1.jpg\",\"datePublished\":\"2021-09-27T09:31:22+00:00\",\"dateModified\":\"2025-01-05T14:39:30+00:00\",\"breadcrumb\":{\"@id\":\"https:\\\/\\\/www.versiegelung24.com\\\/lv\\\/erts-skidruma-stikla-aizsargajosais-slanis-pret-bakterijam.html#breadcrumb\"},\"inLanguage\":\"lv-LV\",\"potentialAction\":[{\"@type\":\"ReadAction\",\"target\":[\"https:\\\/\\\/www.versiegelung24.com\\\/lv\\\/erts-skidruma-stikla-aizsargajosais-slanis-pret-bakterijam.html\"]}]},{\"@type\":\"ImageObject\",\"inLanguage\":\"lv-LV\",\"@id\":\"https:\\\/\\\/www.versiegelung24.com\\\/lv\\\/erts-skidruma-stikla-aizsargajosais-slanis-pret-bakterijam.html#primaryimage\",\"url\":\"https:\\\/\\\/www.versiegelung24.com\\\/wp-content\\\/uploads\\\/2021\\\/09\\\/produkt-4009-904-Handy-Bakterienschutz-Verpackung1.jpg\",\"contentUrl\":\"https:\\\/\\\/www.versiegelung24.com\\\/wp-content\\\/uploads\\\/2021\\\/09\\\/produkt-4009-904-Handy-Bakterienschutz-Verpackung1.jpg\",\"width\":2000,\"height\":2000},{\"@type\":\"BreadcrumbList\",\"@id\":\"https:\\\/\\\/www.versiegelung24.com\\\/lv\\\/erts-skidruma-stikla-aizsargajosais-slanis-pret-bakterijam.html#breadcrumb\",\"itemListElement\":[{\"@type\":\"ListItem\",\"position\":1,\"name\":\"M\u0101jas lapa\",\"item\":\"https:\\\/\\\/www.versiegelung24.com\\\/lv\\\/prieksejais\\\/\"},{\"@type\":\"ListItem\",\"position\":2,\"name\":\"Veikals\",\"item\":\"https:\\\/\\\/www.versiegelung24.com\\\/lv\\\/veikals\\\/\"},{\"@type\":\"ListItem\",\"position\":3,\"name\":\"Viedt\u0101lru\u0146u un mobilo t\u0101lru\u0146u ilgtermi\u0146a dezinfekcijas l\u012bdzeklis pret bakt\u0113rij\u0101m un v\u012brusiem\"}]},{\"@type\":\"WebSite\",\"@id\":\"https:\\\/\\\/www.versiegelung24.com\\\/lv\\\/#website\",\"url\":\"https:\\\/\\\/www.versiegelung24.com\\\/lv\\\/\",\"name\":\"versiegelung24.com\",\"description\":\"Fl\u00fcssigglas-Versiegelung - Made in Germany\",\"publisher\":{\"@id\":\"https:\\\/\\\/www.versiegelung24.com\\\/lv\\\/#organization\"},\"potentialAction\":[{\"@type\":\"SearchAction\",\"target\":{\"@type\":\"EntryPoint\",\"urlTemplate\":\"https:\\\/\\\/www.versiegelung24.com\\\/lv\\\/?s={search_term_string}\"},\"query-input\":{\"@type\":\"PropertyValueSpecification\",\"valueRequired\":true,\"valueName\":\"search_term_string\"}}],\"inLanguage\":\"lv-LV\"},{\"@type\":\"Organization\",\"@id\":\"https:\\\/\\\/www.versiegelung24.com\\\/lv\\\/#organization\",\"name\":\"versiegelung24\",\"url\":\"https:\\\/\\\/www.versiegelung24.com\\\/lv\\\/\",\"logo\":{\"@type\":\"ImageObject\",\"inLanguage\":\"lv-LV\",\"@id\":\"https:\\\/\\\/www.versiegelung24.com\\\/lv\\\/#\\\/schema\\\/logo\\\/image\\\/\",\"url\":\"https:\\\/\\\/www.versiegelung24.com\\\/wp-content\\\/uploads\\\/2020\\\/04\\\/versiegelung24.png\",\"contentUrl\":\"https:\\\/\\\/www.versiegelung24.com\\\/wp-content\\\/uploads\\\/2020\\\/04\\\/versiegelung24.png\",\"width\":470,\"height\":102,\"caption\":\"versiegelung24\"},\"image\":{\"@id\":\"https:\\\/\\\/www.versiegelung24.com\\\/lv\\\/#\\\/schema\\\/logo\\\/image\\\/\"}}]}<\/script>\n<meta property=\"product:price:amount\" content=\"10.99\" \/>\n<meta property=\"product:price:currency\" content=\"EUR\" \/>\n<meta property=\"og:availability\" content=\"instock\" \/>\n<meta property=\"product:availability\" content=\"instock\" \/>\n<meta property=\"product:retailer_item_id\" content=\"4009-904\" \/>\n<meta property=\"product:condition\" content=\"new\" \/>\n<!-- \/ Yoast SEO Premium plugin. -->","yoast_head_json":{"title":"Viedt\u0101lru\u0146u un mobilo t\u0101lru\u0146u ilgtermi\u0146a dezinfekcijas l\u012bdzeklis pret bakt\u0113rij\u0101m un v\u012brusiem - versiegelung24.com","robots":{"index":"index","follow":"follow","max-snippet":"max-snippet:-1","max-image-preview":"max-image-preview:large","max-video-preview":"max-video-preview:-1"},"canonical":"https:\/\/www.versiegelung24.com\/lv\/erts-skidruma-stikla-aizsargajosais-slanis-pret-bakterijam.html","og_locale":"lv_LV","og_type":"article","og_title":"Viedt\u0101lru\u0146u un mobilo t\u0101lru\u0146u ilgtermi\u0146a dezinfekcijas l\u012bdzeklis pret bakt\u0113rij\u0101m un v\u012brusiem","og_description":"Jaunums tirg\u016b mobilo gala ier\u012b\u010du, piem\u0113ram, mobilo t\u0101lru\u0146u, viedt\u0101lru\u0146u vai plan\u0161etdatoru, dezinfekcijas aizsardz\u012bbai ir 12 bakt\u0113riju aizsardz\u012bbas salve\u0161u iepakojums no CCM\u00ae. Sertific\u0113ts ar MedTech balvu\"Lab\u0101kais ilgtermi\u0146a aizsardz\u012bbas pret patog\u0113niem risin\u0101jums\"","og_url":"https:\/\/www.versiegelung24.com\/lv\/erts-skidruma-stikla-aizsargajosais-slanis-pret-bakterijam.html","og_site_name":"versiegelung24.com","article_modified_time":"2025-01-05T14:39:30+00:00","og_image":[{"width":2000,"height":2000,"url":"https:\/\/www.versiegelung24.com\/wp-content\/uploads\/2021\/09\/produkt-4009-904-Handy-Bakterienschutz-Verpackung1.jpg","type":"image\/jpeg"}],"twitter_card":"summary_large_image","twitter_misc":{"Price":"10,99&euro;","Availability":"In stock"},"schema":{"@context":"https:\/\/schema.org","@graph":[{"@type":"WebPage","@id":"https:\/\/www.versiegelung24.com\/lv\/erts-skidruma-stikla-aizsargajosais-slanis-pret-bakterijam.html","url":"https:\/\/www.versiegelung24.com\/lv\/erts-skidruma-stikla-aizsargajosais-slanis-pret-bakterijam.html","name":"Viedt\u0101lru\u0146u un mobilo t\u0101lru\u0146u ilgtermi\u0146a dezinfekcijas l\u012bdzeklis pret bakt\u0113rij\u0101m un v\u012brusiem - versiegelung24.com","isPartOf":{"@id":"https:\/\/www.versiegelung24.com\/lv\/#website"},"primaryImageOfPage":{"@id":"https:\/\/www.versiegelung24.com\/lv\/erts-skidruma-stikla-aizsargajosais-slanis-pret-bakterijam.html#primaryimage"},"image":{"@id":"https:\/\/www.versiegelung24.com\/lv\/erts-skidruma-stikla-aizsargajosais-slanis-pret-bakterijam.html#primaryimage"},"thumbnailUrl":"https:\/\/www.versiegelung24.com\/wp-content\/uploads\/2021\/09\/produkt-4009-904-Handy-Bakterienschutz-Verpackung1.jpg","datePublished":"2021-09-27T09:31:22+00:00","dateModified":"2025-01-05T14:39:30+00:00","breadcrumb":{"@id":"https:\/\/www.versiegelung24.com\/lv\/erts-skidruma-stikla-aizsargajosais-slanis-pret-bakterijam.html#breadcrumb"},"inLanguage":"lv-LV","potentialAction":[{"@type":"ReadAction","target":["https:\/\/www.versiegelung24.com\/lv\/erts-skidruma-stikla-aizsargajosais-slanis-pret-bakterijam.html"]}]},{"@type":"ImageObject","inLanguage":"lv-LV","@id":"https:\/\/www.versiegelung24.com\/lv\/erts-skidruma-stikla-aizsargajosais-slanis-pret-bakterijam.html#primaryimage","url":"https:\/\/www.versiegelung24.com\/wp-content\/uploads\/2021\/09\/produkt-4009-904-Handy-Bakterienschutz-Verpackung1.jpg","contentUrl":"https:\/\/www.versiegelung24.com\/wp-content\/uploads\/2021\/09\/produkt-4009-904-Handy-Bakterienschutz-Verpackung1.jpg","width":2000,"height":2000},{"@type":"BreadcrumbList","@id":"https:\/\/www.versiegelung24.com\/lv\/erts-skidruma-stikla-aizsargajosais-slanis-pret-bakterijam.html#breadcrumb","itemListElement":[{"@type":"ListItem","position":1,"name":"M\u0101jas lapa","item":"https:\/\/www.versiegelung24.com\/lv\/prieksejais\/"},{"@type":"ListItem","position":2,"name":"Veikals","item":"https:\/\/www.versiegelung24.com\/lv\/veikals\/"},{"@type":"ListItem","position":3,"name":"Viedt\u0101lru\u0146u un mobilo t\u0101lru\u0146u ilgtermi\u0146a dezinfekcijas l\u012bdzeklis pret bakt\u0113rij\u0101m un v\u012brusiem"}]},{"@type":"WebSite","@id":"https:\/\/www.versiegelung24.com\/lv\/#website","url":"https:\/\/www.versiegelung24.com\/lv\/","name":"versiegelung24.com","description":"Fl\u00fcssigglas-Versiegelung - Made in Germany","publisher":{"@id":"https:\/\/www.versiegelung24.com\/lv\/#organization"},"potentialAction":[{"@type":"SearchAction","target":{"@type":"EntryPoint","urlTemplate":"https:\/\/www.versiegelung24.com\/lv\/?s={search_term_string}"},"query-input":{"@type":"PropertyValueSpecification","valueRequired":true,"valueName":"search_term_string"}}],"inLanguage":"lv-LV"},{"@type":"Organization","@id":"https:\/\/www.versiegelung24.com\/lv\/#organization","name":"versiegelung24","url":"https:\/\/www.versiegelung24.com\/lv\/","logo":{"@type":"ImageObject","inLanguage":"lv-LV","@id":"https:\/\/www.versiegelung24.com\/lv\/#\/schema\/logo\/image\/","url":"https:\/\/www.versiegelung24.com\/wp-content\/uploads\/2020\/04\/versiegelung24.png","contentUrl":"https:\/\/www.versiegelung24.com\/wp-content\/uploads\/2020\/04\/versiegelung24.png","width":470,"height":102,"caption":"versiegelung24"},"image":{"@id":"https:\/\/www.versiegelung24.com\/lv\/#\/schema\/logo\/image\/"}}]},"product_price_amount":"10.99","product_price_currency":"EUR","og_availability":"instock","product_availability":"instock","product_retailer_item_id":"4009-904","product_condition":"new"},"_links":{"self":[{"href":"https:\/\/www.versiegelung24.com\/lv\/wp-json\/wp\/v2\/product\/37431","targetHints":{"allow":["GET"]}}],"collection":[{"href":"https:\/\/www.versiegelung24.com\/lv\/wp-json\/wp\/v2\/product"}],"about":[{"href":"https:\/\/www.versiegelung24.com\/lv\/wp-json\/wp\/v2\/types\/product"}],"version-history":[{"count":19,"href":"https:\/\/www.versiegelung24.com\/lv\/wp-json\/wp\/v2\/product\/37431\/revisions"}],"predecessor-version":[{"id":178264,"href":"https:\/\/www.versiegelung24.com\/lv\/wp-json\/wp\/v2\/product\/37431\/revisions\/178264"}],"wp:featuredmedia":[{"embeddable":true,"href":"https:\/\/www.versiegelung24.com\/lv\/wp-json\/wp\/v2\/media\/63245"}],"wp:attachment":[{"href":"https:\/\/www.versiegelung24.com\/lv\/wp-json\/wp\/v2\/media?parent=37431"}],"wp:term":[{"taxonomy":"product_brand","embeddable":true,"href":"https:\/\/www.versiegelung24.com\/lv\/wp-json\/wp\/v2\/product_brand?post=37431"},{"taxonomy":"product_cat","embeddable":true,"href":"https:\/\/www.versiegelung24.com\/lv\/wp-json\/wp\/v2\/product_cat?post=37431"},{"taxonomy":"product_tag","embeddable":true,"href":"https:\/\/www.versiegelung24.com\/lv\/wp-json\/wp\/v2\/product_tag?post=37431"}],"curies":[{"name":"wp","href":"https:\/\/api.w.org\/{rel}","templated":true}]}}