{"id":46456,"date":"2022-01-04T18:16:33","date_gmt":"2022-01-04T17:16:33","guid":{"rendered":"https:\/\/www.versiegelung24.com\/?post_type=product&#038;p=46456"},"modified":"2026-04-30T14:15:57","modified_gmt":"2026-04-30T12:15:57","slug":"pedexan-apavu-dezinfekcijas-uzpildes-pudele","status":"publish","type":"product","link":"https:\/\/www.versiegelung24.com\/lv\/pedexan-apavu-dezinfekcijas-uzpildes-pudele.html","title":{"rendered":"Pedexan apavu dezinfekcija ar ilgsto\u0161u iedarb\u012bbu 1l uzpildes pudele"},"content":{"rendered":"\n<h2 class=\"wp-block-heading\" id=\"pedexan-schuhdesinfektion-alaska-frische-fur-die-schuhe\">Pedexan apavu dezinfekcija &#8211; A\u013caskas svaigums apaviem<\/h2>\n\n<p><strong>Praktiska 1 litra uzpildes pudele <a href=\"https:\/\/www.versiegelung24.com\/lv\/pedexan-apavu-dezinfekcijas-dozators-pedspend.html\">Pedexan PedSpend apavu dezinfekcijas dozatoram ar smidzin\u0101t\u0101ju<\/a> vai <a href=\"https:\/\/www.versiegelung24.com\/lv\/pedexan-apavu-dezinfekcija.html\">125 ml Pedexan s\u016bk\u0146a smidzin\u0101\u0161anas pudelei<\/a> .<\/strong><\/p>\n\n<p>Ja ilgsto\u0161i tiek intens\u012bvi lietoti darba vai ikdienas apavi, bie\u017ei tiek rad\u012bta ide\u0101la vide bakt\u0113riju un s\u0113n\u012b\u0161u savairo\u0161anai un rodas nepat\u012bkamas smakas.<\/p>\n\n<p>Pat ar svaig\u0101m ze\u0137\u0113m un v\u0113dinot kurpes, nepat\u012bkam\u0101 smaka paliek un pat var izrais\u012bt nepat\u012bkamas infekcijas uz k\u0101j\u0101m.<\/p>\n\n<p>\u0160eit var pal\u012bdz\u0113t <strong>Pedexan<\/strong> apavu dezinfekcija. Pateicoties ilgsto\u0161ai iedarb\u012bbai, bakt\u0113rijas un s\u0113n\u012btes tiek efekt\u012bvi izvad\u012btas, un jaunu veido\u0161anos nov\u0113r\u0161.<\/p>\n\n<p>Ar savu A\u013caskas smar\u017eu Pedexan nodro\u0161ina pat\u012bkamu svaigumu un ir pat biolo\u0123iski sader\u012bgs.<\/p>\n\n<hr \/>\n\n<h4 class=\"wp-block-heading\" id=\"application\">Pieteikums<\/h4>\n\n<p>Pieteikums ir \u013coti vienk\u0101r\u0161s:<\/p>\n\n<p><br \/><br \/>&#8211; Izsmidziniet apavu iek\u0161pusi \u0101rpus telp\u0101m. &#8211; M\u0113s iesak\u0101m veikt 5 l\u012bdz 10 izsmidzin\u0101jumus pirmaj\u0101 lieto\u0161anas reiz\u0113. &#8211; Pedexan apavu dezinfekcijas l\u012bdzeklis j\u0101lieto 1-2 reizes ned\u0113\u013c\u0101 vai p\u0113c vajadz\u012bbas.<\/p>\n\n<hr \/>\n\n<h4 class=\"wp-block-heading\" id=\"advisor\">Konsultants<\/h4>\n\n<p><strong>Dro\u0161\u012bbas piez\u012bme:<\/strong><\/p>\n\n<p>Noteikti \u0146emiet v\u0113r\u0101! \u0100rst\u0113\u0161anas laik\u0101 nodro\u0161iniet atbilsto\u0161u ventil\u0101ciju. Viegli uzliesmojo\u0161s \u0161\u0137idrums un tvaiki. Izraisa nopietnu acu kairin\u0101jumu. Sarg\u0101t no karstuma, karst\u0101m virsm\u0101m, dzirkstel\u0113m, atkl\u0101tas liesmas un citiem aizdeg\u0161an\u0101s avotiem. Nesm\u0113\u0137\u0113. Uzglab\u0101t v\u0113s\u0101, labi v\u0113din\u0101m\u0101 viet\u0101. Ja nepiecie\u0161ama medic\u012bniska konsult\u0101cija, sagatavojiet iepakojumu vai eti\u0137eti. Uzglab\u0101t b\u0113rniem nepieejam\u0101 viet\u0101.<\/p>\n\n<p>Var izmantot vis\u0101m apavu iek\u0161\u0113j\u0101m virsm\u0101m. Ja rodas \u0161aubas, p\u0101rbaudiet Pedexan neredzam\u0101 viet\u0101.<\/p>\n\n<p>Uzglab\u0101\u0161ana tikai sl\u0113gt\u0101 trauk\u0101. Tvertni var p\u0101rstr\u0101d\u0101t tikai tad, kad t\u0101 ir piln\u012bgi tuk\u0161a. Nelietot p\u0113c der\u012bguma termi\u0146a beig\u0101m.<\/p>\n\n<p>Bioc\u012bda re\u0123.Nr .: N-25889<\/p>\n\n<p>Svar\u012bgi: uzman\u012bgi lietojiet bioc\u012bdos produktus. Pirms lieto\u0161anas vienm\u0113r izlasiet eti\u0137eti un inform\u0101ciju par produktu.<\/p>\n\n<hr \/>\n","protected":false},"excerpt":{"rendered":"<p>Pedexan apavu dezinfekcija &#8211; A\u013caskas svaigums apaviem Praktiska 1 litra uzpildes pudele Pedexan PedSpend apavu dezinfekcijas dozatoram ar smidzin\u0101t\u0101ju vai 125 ml Pedexan s\u016bk\u0146a smidzin\u0101\u0161anas pudelei . Ja ilgsto\u0161i tiek intens\u012bvi lietoti darba vai ikdienas apavi, bie\u017ei tiek rad\u012bta ide\u0101la vide bakt\u0113riju un s\u0113n\u012b\u0161u savairo\u0161anai un rodas nepat\u012bkamas smakas. Pat ar svaig\u0101m ze\u0137\u0113m un v\u0113dinot&hellip;&nbsp;<a href=\"https:\/\/www.versiegelung24.com\/lv\/pedexan-apavu-dezinfekcijas-uzpildes-pudele.html\" rel=\"bookmark\">Read More &raquo;<span class=\"screen-reader-text\">Pedexan apavu dezinfekcija ar ilgsto\u0161u iedarb\u012bbu 1l uzpildes pudele<\/span><\/a><\/p>\n","protected":false},"featured_media":21932,"template":"","meta":{"_acf_changed":false,"neve_meta_sidebar":"","neve_meta_container":"","neve_meta_enable_content_width":"","neve_meta_content_width":0,"neve_meta_title_alignment":"","neve_meta_author_avatar":"","neve_post_elements_order":"","neve_meta_disable_header":"","neve_meta_disable_footer":"","neve_meta_disable_title":"","neve_meta_reading_time":"","_surfaces":[],"_ver_product_tabs":[],"footnotes":""},"product_brand":[],"product_cat":[2352,2870],"product_tag":[],"class_list":{"0":"post-46456","1":"product","2":"type-product","3":"status-publish","4":"has-post-thumbnail","6":"product_cat-dezinfekcijas-lidzekli","7":"product_cat-apavu-dezinfekcijas-lidzekli","9":"first","10":"instock","11":"taxable","12":"shipping-taxable","13":"purchasable","14":"product-type-simple"},"acf":[],"yoast_head":"<!-- This site is optimized with the Yoast SEO Premium plugin v22.8 (Yoast SEO v27.5) - https:\/\/yoast.com\/product\/yoast-seo-premium-wordpress\/ -->\n<title>Pedexan apavu dezinfekcija ar ilgsto\u0161u iedarb\u012bbu 1l uzpildes pudele - versiegelung24.com<\/title>\n<meta name=\"description\" content=\"Pedexan apavu dezinfekcija - risin\u0101jums pret nepat\u012bkamu smaku un bakt\u0113rij\u0101m un s\u0113n\u012bt\u0113m.\" \/>\n<meta name=\"robots\" content=\"index, follow, max-snippet:-1, max-image-preview:large, max-video-preview:-1\" \/>\n<link rel=\"canonical\" href=\"https:\/\/www.versiegelung24.com\/lv\/pedexan-apavu-dezinfekcijas-uzpildes-pudele.html\" \/>\n<meta property=\"og:locale\" content=\"lv_LV\" \/>\n<meta property=\"og:type\" content=\"article\" \/>\n<meta property=\"og:title\" content=\"Pedexan apavu dezinfekcija ar ilgsto\u0161u iedarb\u012bbu 1l uzpildes pudele\" \/>\n<meta property=\"og:description\" content=\"Pedexan apavu dezinfekcija - risin\u0101jums pret nepat\u012bkamu smaku un bakt\u0113rij\u0101m un s\u0113n\u012bt\u0113m.\" \/>\n<meta property=\"og:url\" content=\"https:\/\/www.versiegelung24.com\/lv\/pedexan-apavu-dezinfekcijas-uzpildes-pudele.html\" \/>\n<meta property=\"og:site_name\" content=\"versiegelung24.com\" \/>\n<meta property=\"article:modified_time\" content=\"2026-04-30T12:15:57+00:00\" \/>\n<meta property=\"og:image\" content=\"https:\/\/www.versiegelung24.com\/wp-content\/uploads\/2021\/03\/pedexan-schuhdesinfektion-1-liter.png\" \/>\n\t<meta property=\"og:image:width\" content=\"2000\" \/>\n\t<meta property=\"og:image:height\" content=\"2000\" \/>\n\t<meta property=\"og:image:type\" content=\"image\/png\" \/>\n<meta name=\"twitter:card\" content=\"summary_large_image\" \/>\n<meta name=\"twitter:label1\" content=\"Price\" \/>\n\t<meta name=\"twitter:data1\" content=\"42,49&euro;\" \/>\n\t<meta name=\"twitter:label2\" content=\"Availability\" \/>\n\t<meta name=\"twitter:data2\" content=\"In stock\" \/>\n<script type=\"application\/ld+json\" class=\"yoast-schema-graph\">{\"@context\":\"https:\\\/\\\/schema.org\",\"@graph\":[{\"@type\":\"WebPage\",\"@id\":\"https:\\\/\\\/www.versiegelung24.com\\\/lv\\\/pedexan-apavu-dezinfekcijas-uzpildes-pudele.html\",\"url\":\"https:\\\/\\\/www.versiegelung24.com\\\/lv\\\/pedexan-apavu-dezinfekcijas-uzpildes-pudele.html\",\"name\":\"Pedexan apavu dezinfekcija ar ilgsto\u0161u iedarb\u012bbu 1l uzpildes pudele - versiegelung24.com\",\"isPartOf\":{\"@id\":\"https:\\\/\\\/www.versiegelung24.com\\\/lv\\\/#website\"},\"primaryImageOfPage\":{\"@id\":\"https:\\\/\\\/www.versiegelung24.com\\\/lv\\\/pedexan-apavu-dezinfekcijas-uzpildes-pudele.html#primaryimage\"},\"image\":{\"@id\":\"https:\\\/\\\/www.versiegelung24.com\\\/lv\\\/pedexan-apavu-dezinfekcijas-uzpildes-pudele.html#primaryimage\"},\"thumbnailUrl\":\"https:\\\/\\\/www.versiegelung24.com\\\/wp-content\\\/uploads\\\/2021\\\/03\\\/pedexan-schuhdesinfektion-1-liter.png\",\"datePublished\":\"2022-01-04T17:16:33+00:00\",\"dateModified\":\"2026-04-30T12:15:57+00:00\",\"description\":\"Pedexan apavu dezinfekcija - risin\u0101jums pret nepat\u012bkamu smaku un bakt\u0113rij\u0101m un s\u0113n\u012bt\u0113m.\",\"breadcrumb\":{\"@id\":\"https:\\\/\\\/www.versiegelung24.com\\\/lv\\\/pedexan-apavu-dezinfekcijas-uzpildes-pudele.html#breadcrumb\"},\"inLanguage\":\"lv-LV\",\"potentialAction\":[{\"@type\":\"ReadAction\",\"target\":[\"https:\\\/\\\/www.versiegelung24.com\\\/lv\\\/pedexan-apavu-dezinfekcijas-uzpildes-pudele.html\"]}]},{\"@type\":\"ImageObject\",\"inLanguage\":\"lv-LV\",\"@id\":\"https:\\\/\\\/www.versiegelung24.com\\\/lv\\\/pedexan-apavu-dezinfekcijas-uzpildes-pudele.html#primaryimage\",\"url\":\"https:\\\/\\\/www.versiegelung24.com\\\/wp-content\\\/uploads\\\/2021\\\/03\\\/pedexan-schuhdesinfektion-1-liter.png\",\"contentUrl\":\"https:\\\/\\\/www.versiegelung24.com\\\/wp-content\\\/uploads\\\/2021\\\/03\\\/pedexan-schuhdesinfektion-1-liter.png\",\"width\":2000,\"height\":2000},{\"@type\":\"BreadcrumbList\",\"@id\":\"https:\\\/\\\/www.versiegelung24.com\\\/lv\\\/pedexan-apavu-dezinfekcijas-uzpildes-pudele.html#breadcrumb\",\"itemListElement\":[{\"@type\":\"ListItem\",\"position\":1,\"name\":\"M\u0101jas lapa\",\"item\":\"https:\\\/\\\/www.versiegelung24.com\\\/lv\\\/prieksejais\\\/\"},{\"@type\":\"ListItem\",\"position\":2,\"name\":\"Veikals\",\"item\":\"https:\\\/\\\/www.versiegelung24.com\\\/lv\\\/veikals\\\/\"},{\"@type\":\"ListItem\",\"position\":3,\"name\":\"Pedexan apavu dezinfekcija ar ilgsto\u0161u iedarb\u012bbu 1l uzpildes pudele\"}]},{\"@type\":\"WebSite\",\"@id\":\"https:\\\/\\\/www.versiegelung24.com\\\/lv\\\/#website\",\"url\":\"https:\\\/\\\/www.versiegelung24.com\\\/lv\\\/\",\"name\":\"versiegelung24.com\",\"description\":\"Fl\u00fcssigglas-Versiegelung - Made in Germany\",\"publisher\":{\"@id\":\"https:\\\/\\\/www.versiegelung24.com\\\/lv\\\/#organization\"},\"potentialAction\":[{\"@type\":\"SearchAction\",\"target\":{\"@type\":\"EntryPoint\",\"urlTemplate\":\"https:\\\/\\\/www.versiegelung24.com\\\/lv\\\/?s={search_term_string}\"},\"query-input\":{\"@type\":\"PropertyValueSpecification\",\"valueRequired\":true,\"valueName\":\"search_term_string\"}}],\"inLanguage\":\"lv-LV\"},{\"@type\":\"Organization\",\"@id\":\"https:\\\/\\\/www.versiegelung24.com\\\/lv\\\/#organization\",\"name\":\"versiegelung24\",\"url\":\"https:\\\/\\\/www.versiegelung24.com\\\/lv\\\/\",\"logo\":{\"@type\":\"ImageObject\",\"inLanguage\":\"lv-LV\",\"@id\":\"https:\\\/\\\/www.versiegelung24.com\\\/lv\\\/#\\\/schema\\\/logo\\\/image\\\/\",\"url\":\"https:\\\/\\\/www.versiegelung24.com\\\/wp-content\\\/uploads\\\/2020\\\/04\\\/versiegelung24.png\",\"contentUrl\":\"https:\\\/\\\/www.versiegelung24.com\\\/wp-content\\\/uploads\\\/2020\\\/04\\\/versiegelung24.png\",\"width\":470,\"height\":102,\"caption\":\"versiegelung24\"},\"image\":{\"@id\":\"https:\\\/\\\/www.versiegelung24.com\\\/lv\\\/#\\\/schema\\\/logo\\\/image\\\/\"}}]}<\/script>\n<meta property=\"product:price:amount\" content=\"42.49\" \/>\n<meta property=\"product:price:currency\" content=\"EUR\" \/>\n<meta property=\"og:availability\" content=\"instock\" \/>\n<meta property=\"product:availability\" content=\"instock\" \/>\n<meta property=\"product:retailer_item_id\" content=\"PED-1A\" \/>\n<meta property=\"product:condition\" content=\"new\" \/>\n<!-- \/ Yoast SEO Premium plugin. -->","yoast_head_json":{"title":"Pedexan apavu dezinfekcija ar ilgsto\u0161u iedarb\u012bbu 1l uzpildes pudele - versiegelung24.com","description":"Pedexan apavu dezinfekcija - risin\u0101jums pret nepat\u012bkamu smaku un bakt\u0113rij\u0101m un s\u0113n\u012bt\u0113m.","robots":{"index":"index","follow":"follow","max-snippet":"max-snippet:-1","max-image-preview":"max-image-preview:large","max-video-preview":"max-video-preview:-1"},"canonical":"https:\/\/www.versiegelung24.com\/lv\/pedexan-apavu-dezinfekcijas-uzpildes-pudele.html","og_locale":"lv_LV","og_type":"article","og_title":"Pedexan apavu dezinfekcija ar ilgsto\u0161u iedarb\u012bbu 1l uzpildes pudele","og_description":"Pedexan apavu dezinfekcija - risin\u0101jums pret nepat\u012bkamu smaku un bakt\u0113rij\u0101m un s\u0113n\u012bt\u0113m.","og_url":"https:\/\/www.versiegelung24.com\/lv\/pedexan-apavu-dezinfekcijas-uzpildes-pudele.html","og_site_name":"versiegelung24.com","article_modified_time":"2026-04-30T12:15:57+00:00","og_image":[{"width":2000,"height":2000,"url":"https:\/\/www.versiegelung24.com\/wp-content\/uploads\/2021\/03\/pedexan-schuhdesinfektion-1-liter.png","type":"image\/png"}],"twitter_card":"summary_large_image","twitter_misc":{"Price":"42,49&euro;","Availability":"In stock"},"schema":{"@context":"https:\/\/schema.org","@graph":[{"@type":"WebPage","@id":"https:\/\/www.versiegelung24.com\/lv\/pedexan-apavu-dezinfekcijas-uzpildes-pudele.html","url":"https:\/\/www.versiegelung24.com\/lv\/pedexan-apavu-dezinfekcijas-uzpildes-pudele.html","name":"Pedexan apavu dezinfekcija ar ilgsto\u0161u iedarb\u012bbu 1l uzpildes pudele - versiegelung24.com","isPartOf":{"@id":"https:\/\/www.versiegelung24.com\/lv\/#website"},"primaryImageOfPage":{"@id":"https:\/\/www.versiegelung24.com\/lv\/pedexan-apavu-dezinfekcijas-uzpildes-pudele.html#primaryimage"},"image":{"@id":"https:\/\/www.versiegelung24.com\/lv\/pedexan-apavu-dezinfekcijas-uzpildes-pudele.html#primaryimage"},"thumbnailUrl":"https:\/\/www.versiegelung24.com\/wp-content\/uploads\/2021\/03\/pedexan-schuhdesinfektion-1-liter.png","datePublished":"2022-01-04T17:16:33+00:00","dateModified":"2026-04-30T12:15:57+00:00","description":"Pedexan apavu dezinfekcija - risin\u0101jums pret nepat\u012bkamu smaku un bakt\u0113rij\u0101m un s\u0113n\u012bt\u0113m.","breadcrumb":{"@id":"https:\/\/www.versiegelung24.com\/lv\/pedexan-apavu-dezinfekcijas-uzpildes-pudele.html#breadcrumb"},"inLanguage":"lv-LV","potentialAction":[{"@type":"ReadAction","target":["https:\/\/www.versiegelung24.com\/lv\/pedexan-apavu-dezinfekcijas-uzpildes-pudele.html"]}]},{"@type":"ImageObject","inLanguage":"lv-LV","@id":"https:\/\/www.versiegelung24.com\/lv\/pedexan-apavu-dezinfekcijas-uzpildes-pudele.html#primaryimage","url":"https:\/\/www.versiegelung24.com\/wp-content\/uploads\/2021\/03\/pedexan-schuhdesinfektion-1-liter.png","contentUrl":"https:\/\/www.versiegelung24.com\/wp-content\/uploads\/2021\/03\/pedexan-schuhdesinfektion-1-liter.png","width":2000,"height":2000},{"@type":"BreadcrumbList","@id":"https:\/\/www.versiegelung24.com\/lv\/pedexan-apavu-dezinfekcijas-uzpildes-pudele.html#breadcrumb","itemListElement":[{"@type":"ListItem","position":1,"name":"M\u0101jas lapa","item":"https:\/\/www.versiegelung24.com\/lv\/prieksejais\/"},{"@type":"ListItem","position":2,"name":"Veikals","item":"https:\/\/www.versiegelung24.com\/lv\/veikals\/"},{"@type":"ListItem","position":3,"name":"Pedexan apavu dezinfekcija ar ilgsto\u0161u iedarb\u012bbu 1l uzpildes pudele"}]},{"@type":"WebSite","@id":"https:\/\/www.versiegelung24.com\/lv\/#website","url":"https:\/\/www.versiegelung24.com\/lv\/","name":"versiegelung24.com","description":"Fl\u00fcssigglas-Versiegelung - Made in Germany","publisher":{"@id":"https:\/\/www.versiegelung24.com\/lv\/#organization"},"potentialAction":[{"@type":"SearchAction","target":{"@type":"EntryPoint","urlTemplate":"https:\/\/www.versiegelung24.com\/lv\/?s={search_term_string}"},"query-input":{"@type":"PropertyValueSpecification","valueRequired":true,"valueName":"search_term_string"}}],"inLanguage":"lv-LV"},{"@type":"Organization","@id":"https:\/\/www.versiegelung24.com\/lv\/#organization","name":"versiegelung24","url":"https:\/\/www.versiegelung24.com\/lv\/","logo":{"@type":"ImageObject","inLanguage":"lv-LV","@id":"https:\/\/www.versiegelung24.com\/lv\/#\/schema\/logo\/image\/","url":"https:\/\/www.versiegelung24.com\/wp-content\/uploads\/2020\/04\/versiegelung24.png","contentUrl":"https:\/\/www.versiegelung24.com\/wp-content\/uploads\/2020\/04\/versiegelung24.png","width":470,"height":102,"caption":"versiegelung24"},"image":{"@id":"https:\/\/www.versiegelung24.com\/lv\/#\/schema\/logo\/image\/"}}]},"product_price_amount":"42.49","product_price_currency":"EUR","og_availability":"instock","product_availability":"instock","product_retailer_item_id":"PED-1A","product_condition":"new"},"_links":{"self":[{"href":"https:\/\/www.versiegelung24.com\/lv\/wp-json\/wp\/v2\/product\/46456","targetHints":{"allow":["GET"]}}],"collection":[{"href":"https:\/\/www.versiegelung24.com\/lv\/wp-json\/wp\/v2\/product"}],"about":[{"href":"https:\/\/www.versiegelung24.com\/lv\/wp-json\/wp\/v2\/types\/product"}],"version-history":[{"count":22,"href":"https:\/\/www.versiegelung24.com\/lv\/wp-json\/wp\/v2\/product\/46456\/revisions"}],"predecessor-version":[{"id":180429,"href":"https:\/\/www.versiegelung24.com\/lv\/wp-json\/wp\/v2\/product\/46456\/revisions\/180429"}],"wp:featuredmedia":[{"embeddable":true,"href":"https:\/\/www.versiegelung24.com\/lv\/wp-json\/wp\/v2\/media\/21932"}],"wp:attachment":[{"href":"https:\/\/www.versiegelung24.com\/lv\/wp-json\/wp\/v2\/media?parent=46456"}],"wp:term":[{"taxonomy":"product_brand","embeddable":true,"href":"https:\/\/www.versiegelung24.com\/lv\/wp-json\/wp\/v2\/product_brand?post=46456"},{"taxonomy":"product_cat","embeddable":true,"href":"https:\/\/www.versiegelung24.com\/lv\/wp-json\/wp\/v2\/product_cat?post=46456"},{"taxonomy":"product_tag","embeddable":true,"href":"https:\/\/www.versiegelung24.com\/lv\/wp-json\/wp\/v2\/product_tag?post=46456"}],"curies":[{"name":"wp","href":"https:\/\/api.w.org\/{rel}","templated":true}]}}