{"id":46806,"date":"2022-01-04T20:13:16","date_gmt":"2022-01-04T19:13:35","guid":{"rendered":"https:\/\/www.versiegelung24.com\/?post_type=product&#038;p=46806"},"modified":"2025-01-13T16:34:50","modified_gmt":"2025-01-13T15:34:50","slug":"pedexan-apavu-dezinfekcijas-dozators-pedspend","status":"publish","type":"product","link":"https:\/\/www.versiegelung24.com\/lv\/pedexan-apavu-dezinfekcijas-dozators-pedspend.html","title":{"rendered":"PedSpend &#8211; dozators ar smidzin\u0101t\u0101ju Pedexan apavu dezinfekcijai"},"content":{"rendered":"\n<h1 class=\"wp-block-heading\" id=\"pedspend-spender-mit-spruhlanze-fur-pedexan-schuhdesinfektion\">PedSpend \u2013 dozators ar smidzin\u0101t\u0101ju Pedexan apavu dezinfekcijai<\/h1>\n\n<p><strong>Apavu dezinfekcijas l\u012bdzek\u013ca dozators stacion\u0101rai vai mobilai lieto\u0161anai. Ide\u0101li piem\u0113rots apavu higi\u0113niskai p\u0101rstr\u0101dei, piem\u0113ram, darba apaviem r\u016bpniec\u012bb\u0101 un amatniec\u012bb\u0101, boulinga celi\u0146iem vai sl\u0113pju nomai.<\/strong><\/p>\n\n<h4 class=\"wp-block-heading\" id=\"properties\">Produkta \u012bpa\u0161\u012bbas<\/h4>\n\n<div class=\"wp-block-columns is-layout-flex wp-container-core-columns-is-layout-9d6595d7 wp-block-columns-is-layout-flex\">\n<div class=\"wp-block-column is-layout-flow wp-block-column-is-layout-flow\">\n<p>Pieg\u0101des komplekts <strong>:<\/strong> Apavu dezinfekcijas dozators PedSpend (sl\u0113dzams) ar 1,4\u00a0m smidzin\u0101t\u0101ju<\/p>\n<\/div>\n\n\n\n<div class=\"wp-block-column is-layout-flow wp-block-column-is-layout-flow\">\n<p><strong>Piem\u0113rots: <a href=\"https:\/\/www.versiegelung24.com\/lv\/pedexan-apavu-dezinfekcijas-uzpildes-pudele.html\">Pedexan apavu dezinfekcijai<\/a><\/strong> 1 litra uzpildes pudelei un vis\u0101m 1 litra Euro dozatora uzpildes pudel\u0113m<\/p>\n<\/div>\n<\/div>\n\n<hr \/>\n\n<h4 class=\"wp-block-heading\" id=\"application\">Pieteikums<\/h4>\n\n<p>Pielietojuma jomas <strong>:<\/strong> r\u016bpniec\u012bba un tirdzniec\u012bba, boulinga apavu noma, sl\u0113pju z\u0101baki, slidas<\/p>\n","protected":false},"excerpt":{"rendered":"<p>PedSpend \u2013 dozators ar smidzin\u0101t\u0101ju Pedexan apavu dezinfekcijai Apavu dezinfekcijas l\u012bdzek\u013ca dozators stacion\u0101rai vai mobilai lieto\u0161anai. Ide\u0101li piem\u0113rots apavu higi\u0113niskai p\u0101rstr\u0101dei, piem\u0113ram, darba apaviem r\u016bpniec\u012bb\u0101 un amatniec\u012bb\u0101, boulinga celi\u0146iem vai sl\u0113pju nomai. Produkta \u012bpa\u0161\u012bbas Pieg\u0101des komplekts : Apavu dezinfekcijas dozators PedSpend (sl\u0113dzams) ar 1,4\u00a0m smidzin\u0101t\u0101ju Piem\u0113rots: Pedexan apavu dezinfekcijai 1 litra uzpildes pudelei un vis\u0101m&hellip;&nbsp;<a href=\"https:\/\/www.versiegelung24.com\/lv\/pedexan-apavu-dezinfekcijas-dozators-pedspend.html\" rel=\"bookmark\">Read More &raquo;<span class=\"screen-reader-text\">PedSpend &#8211; dozators ar smidzin\u0101t\u0101ju Pedexan apavu dezinfekcijai<\/span><\/a><\/p>\n","protected":false},"featured_media":46873,"template":"","meta":{"_acf_changed":false,"neve_meta_sidebar":"","neve_meta_container":"","neve_meta_enable_content_width":"","neve_meta_content_width":0,"neve_meta_title_alignment":"","neve_meta_author_avatar":"","neve_post_elements_order":"","neve_meta_disable_header":"","neve_meta_disable_footer":"","neve_meta_disable_title":"","neve_meta_reading_time":"","_surfaces":[],"_ver_product_tabs":[],"footnotes":""},"product_brand":[],"product_cat":[2870,2352],"product_tag":[],"class_list":{"0":"post-46806","1":"product","2":"type-product","3":"status-publish","4":"has-post-thumbnail","6":"product_cat-apavu-dezinfekcijas-lidzekli","7":"product_cat-dezinfekcijas-lidzekli","9":"first","10":"instock","11":"taxable","12":"shipping-taxable","13":"purchasable","14":"product-type-simple"},"acf":[],"yoast_head":"<!-- This site is optimized with the Yoast SEO Premium plugin v22.8 (Yoast SEO v27.5) - https:\/\/yoast.com\/product\/yoast-seo-premium-wordpress\/ -->\n<title>PedSpend - dozators ar smidzin\u0101t\u0101ju Pedexan apavu dezinfekcijai - versiegelung24.com<\/title>\n<meta name=\"description\" content=\"Pedexan apavu dezinfekcija - risin\u0101jums pret nepat\u012bkamu smaku un bakt\u0113rij\u0101m un s\u0113n\u012bt\u0113m.\" \/>\n<meta name=\"robots\" content=\"index, follow, max-snippet:-1, max-image-preview:large, max-video-preview:-1\" \/>\n<link rel=\"canonical\" href=\"https:\/\/www.versiegelung24.com\/lv\/pedexan-apavu-dezinfekcijas-dozators-pedspend.html\" \/>\n<meta property=\"og:locale\" content=\"lv_LV\" \/>\n<meta property=\"og:type\" content=\"article\" \/>\n<meta property=\"og:title\" content=\"PedSpend - dozators ar smidzin\u0101t\u0101ju Pedexan apavu dezinfekcijai\" \/>\n<meta property=\"og:description\" content=\"Pedexan apavu dezinfekcija - risin\u0101jums pret nepat\u012bkamu smaku un bakt\u0113rij\u0101m un s\u0113n\u012bt\u0113m.\" \/>\n<meta property=\"og:url\" content=\"https:\/\/www.versiegelung24.com\/lv\/pedexan-apavu-dezinfekcijas-dozators-pedspend.html\" \/>\n<meta property=\"og:site_name\" content=\"versiegelung24.com\" \/>\n<meta property=\"article:modified_time\" content=\"2025-01-13T15:34:50+00:00\" \/>\n<meta property=\"og:image\" content=\"https:\/\/www.versiegelung24.com\/wp-content\/uploads\/2022\/01\/produkt-pedexan-pedspend.png\" \/>\n\t<meta property=\"og:image:width\" content=\"2000\" \/>\n\t<meta property=\"og:image:height\" content=\"2000\" \/>\n\t<meta property=\"og:image:type\" content=\"image\/png\" \/>\n<meta name=\"twitter:card\" content=\"summary_large_image\" \/>\n<meta name=\"twitter:label1\" content=\"Price\" \/>\n\t<meta name=\"twitter:data1\" content=\"119,00&euro;\" \/>\n\t<meta name=\"twitter:label2\" content=\"Availability\" \/>\n\t<meta name=\"twitter:data2\" content=\"In stock\" \/>\n<script type=\"application\/ld+json\" class=\"yoast-schema-graph\">{\"@context\":\"https:\\\/\\\/schema.org\",\"@graph\":[{\"@type\":\"WebPage\",\"@id\":\"https:\\\/\\\/www.versiegelung24.com\\\/lv\\\/pedexan-apavu-dezinfekcijas-dozators-pedspend.html\",\"url\":\"https:\\\/\\\/www.versiegelung24.com\\\/lv\\\/pedexan-apavu-dezinfekcijas-dozators-pedspend.html\",\"name\":\"PedSpend - dozators ar smidzin\u0101t\u0101ju Pedexan apavu dezinfekcijai - versiegelung24.com\",\"isPartOf\":{\"@id\":\"https:\\\/\\\/www.versiegelung24.com\\\/lv\\\/#website\"},\"primaryImageOfPage\":{\"@id\":\"https:\\\/\\\/www.versiegelung24.com\\\/lv\\\/pedexan-apavu-dezinfekcijas-dozators-pedspend.html#primaryimage\"},\"image\":{\"@id\":\"https:\\\/\\\/www.versiegelung24.com\\\/lv\\\/pedexan-apavu-dezinfekcijas-dozators-pedspend.html#primaryimage\"},\"thumbnailUrl\":\"https:\\\/\\\/www.versiegelung24.com\\\/wp-content\\\/uploads\\\/2022\\\/01\\\/produkt-pedexan-pedspend.png\",\"datePublished\":\"2022-01-04T19:13:35+00:00\",\"dateModified\":\"2025-01-13T15:34:50+00:00\",\"description\":\"Pedexan apavu dezinfekcija - risin\u0101jums pret nepat\u012bkamu smaku un bakt\u0113rij\u0101m un s\u0113n\u012bt\u0113m.\",\"breadcrumb\":{\"@id\":\"https:\\\/\\\/www.versiegelung24.com\\\/lv\\\/pedexan-apavu-dezinfekcijas-dozators-pedspend.html#breadcrumb\"},\"inLanguage\":\"lv-LV\",\"potentialAction\":[{\"@type\":\"ReadAction\",\"target\":[\"https:\\\/\\\/www.versiegelung24.com\\\/lv\\\/pedexan-apavu-dezinfekcijas-dozators-pedspend.html\"]}]},{\"@type\":\"ImageObject\",\"inLanguage\":\"lv-LV\",\"@id\":\"https:\\\/\\\/www.versiegelung24.com\\\/lv\\\/pedexan-apavu-dezinfekcijas-dozators-pedspend.html#primaryimage\",\"url\":\"https:\\\/\\\/www.versiegelung24.com\\\/wp-content\\\/uploads\\\/2022\\\/01\\\/produkt-pedexan-pedspend.png\",\"contentUrl\":\"https:\\\/\\\/www.versiegelung24.com\\\/wp-content\\\/uploads\\\/2022\\\/01\\\/produkt-pedexan-pedspend.png\",\"width\":2000,\"height\":2000},{\"@type\":\"BreadcrumbList\",\"@id\":\"https:\\\/\\\/www.versiegelung24.com\\\/lv\\\/pedexan-apavu-dezinfekcijas-dozators-pedspend.html#breadcrumb\",\"itemListElement\":[{\"@type\":\"ListItem\",\"position\":1,\"name\":\"M\u0101jas lapa\",\"item\":\"https:\\\/\\\/www.versiegelung24.com\\\/lv\\\/prieksejais\\\/\"},{\"@type\":\"ListItem\",\"position\":2,\"name\":\"Veikals\",\"item\":\"https:\\\/\\\/www.versiegelung24.com\\\/lv\\\/veikals\\\/\"},{\"@type\":\"ListItem\",\"position\":3,\"name\":\"PedSpend &#8211; dozators ar smidzin\u0101t\u0101ju Pedexan apavu dezinfekcijai\"}]},{\"@type\":\"WebSite\",\"@id\":\"https:\\\/\\\/www.versiegelung24.com\\\/lv\\\/#website\",\"url\":\"https:\\\/\\\/www.versiegelung24.com\\\/lv\\\/\",\"name\":\"versiegelung24.com\",\"description\":\"Fl\u00fcssigglas-Versiegelung - Made in Germany\",\"publisher\":{\"@id\":\"https:\\\/\\\/www.versiegelung24.com\\\/lv\\\/#organization\"},\"potentialAction\":[{\"@type\":\"SearchAction\",\"target\":{\"@type\":\"EntryPoint\",\"urlTemplate\":\"https:\\\/\\\/www.versiegelung24.com\\\/lv\\\/?s={search_term_string}\"},\"query-input\":{\"@type\":\"PropertyValueSpecification\",\"valueRequired\":true,\"valueName\":\"search_term_string\"}}],\"inLanguage\":\"lv-LV\"},{\"@type\":\"Organization\",\"@id\":\"https:\\\/\\\/www.versiegelung24.com\\\/lv\\\/#organization\",\"name\":\"versiegelung24\",\"url\":\"https:\\\/\\\/www.versiegelung24.com\\\/lv\\\/\",\"logo\":{\"@type\":\"ImageObject\",\"inLanguage\":\"lv-LV\",\"@id\":\"https:\\\/\\\/www.versiegelung24.com\\\/lv\\\/#\\\/schema\\\/logo\\\/image\\\/\",\"url\":\"https:\\\/\\\/www.versiegelung24.com\\\/wp-content\\\/uploads\\\/2020\\\/04\\\/versiegelung24.png\",\"contentUrl\":\"https:\\\/\\\/www.versiegelung24.com\\\/wp-content\\\/uploads\\\/2020\\\/04\\\/versiegelung24.png\",\"width\":470,\"height\":102,\"caption\":\"versiegelung24\"},\"image\":{\"@id\":\"https:\\\/\\\/www.versiegelung24.com\\\/lv\\\/#\\\/schema\\\/logo\\\/image\\\/\"}}]}<\/script>\n<meta property=\"product:price:amount\" content=\"119.00\" \/>\n<meta property=\"product:price:currency\" content=\"EUR\" \/>\n<meta property=\"og:availability\" content=\"instock\" \/>\n<meta property=\"product:availability\" content=\"instock\" \/>\n<meta property=\"product:retailer_item_id\" content=\"PED-spend\" \/>\n<meta property=\"product:condition\" content=\"new\" \/>\n<!-- \/ Yoast SEO Premium plugin. -->","yoast_head_json":{"title":"PedSpend - dozators ar smidzin\u0101t\u0101ju Pedexan apavu dezinfekcijai - versiegelung24.com","description":"Pedexan apavu dezinfekcija - risin\u0101jums pret nepat\u012bkamu smaku un bakt\u0113rij\u0101m un s\u0113n\u012bt\u0113m.","robots":{"index":"index","follow":"follow","max-snippet":"max-snippet:-1","max-image-preview":"max-image-preview:large","max-video-preview":"max-video-preview:-1"},"canonical":"https:\/\/www.versiegelung24.com\/lv\/pedexan-apavu-dezinfekcijas-dozators-pedspend.html","og_locale":"lv_LV","og_type":"article","og_title":"PedSpend - dozators ar smidzin\u0101t\u0101ju Pedexan apavu dezinfekcijai","og_description":"Pedexan apavu dezinfekcija - risin\u0101jums pret nepat\u012bkamu smaku un bakt\u0113rij\u0101m un s\u0113n\u012bt\u0113m.","og_url":"https:\/\/www.versiegelung24.com\/lv\/pedexan-apavu-dezinfekcijas-dozators-pedspend.html","og_site_name":"versiegelung24.com","article_modified_time":"2025-01-13T15:34:50+00:00","og_image":[{"width":2000,"height":2000,"url":"https:\/\/www.versiegelung24.com\/wp-content\/uploads\/2022\/01\/produkt-pedexan-pedspend.png","type":"image\/png"}],"twitter_card":"summary_large_image","twitter_misc":{"Price":"119,00&euro;","Availability":"In stock"},"schema":{"@context":"https:\/\/schema.org","@graph":[{"@type":"WebPage","@id":"https:\/\/www.versiegelung24.com\/lv\/pedexan-apavu-dezinfekcijas-dozators-pedspend.html","url":"https:\/\/www.versiegelung24.com\/lv\/pedexan-apavu-dezinfekcijas-dozators-pedspend.html","name":"PedSpend - dozators ar smidzin\u0101t\u0101ju Pedexan apavu dezinfekcijai - versiegelung24.com","isPartOf":{"@id":"https:\/\/www.versiegelung24.com\/lv\/#website"},"primaryImageOfPage":{"@id":"https:\/\/www.versiegelung24.com\/lv\/pedexan-apavu-dezinfekcijas-dozators-pedspend.html#primaryimage"},"image":{"@id":"https:\/\/www.versiegelung24.com\/lv\/pedexan-apavu-dezinfekcijas-dozators-pedspend.html#primaryimage"},"thumbnailUrl":"https:\/\/www.versiegelung24.com\/wp-content\/uploads\/2022\/01\/produkt-pedexan-pedspend.png","datePublished":"2022-01-04T19:13:35+00:00","dateModified":"2025-01-13T15:34:50+00:00","description":"Pedexan apavu dezinfekcija - risin\u0101jums pret nepat\u012bkamu smaku un bakt\u0113rij\u0101m un s\u0113n\u012bt\u0113m.","breadcrumb":{"@id":"https:\/\/www.versiegelung24.com\/lv\/pedexan-apavu-dezinfekcijas-dozators-pedspend.html#breadcrumb"},"inLanguage":"lv-LV","potentialAction":[{"@type":"ReadAction","target":["https:\/\/www.versiegelung24.com\/lv\/pedexan-apavu-dezinfekcijas-dozators-pedspend.html"]}]},{"@type":"ImageObject","inLanguage":"lv-LV","@id":"https:\/\/www.versiegelung24.com\/lv\/pedexan-apavu-dezinfekcijas-dozators-pedspend.html#primaryimage","url":"https:\/\/www.versiegelung24.com\/wp-content\/uploads\/2022\/01\/produkt-pedexan-pedspend.png","contentUrl":"https:\/\/www.versiegelung24.com\/wp-content\/uploads\/2022\/01\/produkt-pedexan-pedspend.png","width":2000,"height":2000},{"@type":"BreadcrumbList","@id":"https:\/\/www.versiegelung24.com\/lv\/pedexan-apavu-dezinfekcijas-dozators-pedspend.html#breadcrumb","itemListElement":[{"@type":"ListItem","position":1,"name":"M\u0101jas lapa","item":"https:\/\/www.versiegelung24.com\/lv\/prieksejais\/"},{"@type":"ListItem","position":2,"name":"Veikals","item":"https:\/\/www.versiegelung24.com\/lv\/veikals\/"},{"@type":"ListItem","position":3,"name":"PedSpend &#8211; dozators ar smidzin\u0101t\u0101ju Pedexan apavu dezinfekcijai"}]},{"@type":"WebSite","@id":"https:\/\/www.versiegelung24.com\/lv\/#website","url":"https:\/\/www.versiegelung24.com\/lv\/","name":"versiegelung24.com","description":"Fl\u00fcssigglas-Versiegelung - Made in Germany","publisher":{"@id":"https:\/\/www.versiegelung24.com\/lv\/#organization"},"potentialAction":[{"@type":"SearchAction","target":{"@type":"EntryPoint","urlTemplate":"https:\/\/www.versiegelung24.com\/lv\/?s={search_term_string}"},"query-input":{"@type":"PropertyValueSpecification","valueRequired":true,"valueName":"search_term_string"}}],"inLanguage":"lv-LV"},{"@type":"Organization","@id":"https:\/\/www.versiegelung24.com\/lv\/#organization","name":"versiegelung24","url":"https:\/\/www.versiegelung24.com\/lv\/","logo":{"@type":"ImageObject","inLanguage":"lv-LV","@id":"https:\/\/www.versiegelung24.com\/lv\/#\/schema\/logo\/image\/","url":"https:\/\/www.versiegelung24.com\/wp-content\/uploads\/2020\/04\/versiegelung24.png","contentUrl":"https:\/\/www.versiegelung24.com\/wp-content\/uploads\/2020\/04\/versiegelung24.png","width":470,"height":102,"caption":"versiegelung24"},"image":{"@id":"https:\/\/www.versiegelung24.com\/lv\/#\/schema\/logo\/image\/"}}]},"product_price_amount":"119.00","product_price_currency":"EUR","og_availability":"instock","product_availability":"instock","product_retailer_item_id":"PED-spend","product_condition":"new"},"_links":{"self":[{"href":"https:\/\/www.versiegelung24.com\/lv\/wp-json\/wp\/v2\/product\/46806","targetHints":{"allow":["GET"]}}],"collection":[{"href":"https:\/\/www.versiegelung24.com\/lv\/wp-json\/wp\/v2\/product"}],"about":[{"href":"https:\/\/www.versiegelung24.com\/lv\/wp-json\/wp\/v2\/types\/product"}],"version-history":[{"count":14,"href":"https:\/\/www.versiegelung24.com\/lv\/wp-json\/wp\/v2\/product\/46806\/revisions"}],"predecessor-version":[{"id":180456,"href":"https:\/\/www.versiegelung24.com\/lv\/wp-json\/wp\/v2\/product\/46806\/revisions\/180456"}],"wp:featuredmedia":[{"embeddable":true,"href":"https:\/\/www.versiegelung24.com\/lv\/wp-json\/wp\/v2\/media\/46873"}],"wp:attachment":[{"href":"https:\/\/www.versiegelung24.com\/lv\/wp-json\/wp\/v2\/media?parent=46806"}],"wp:term":[{"taxonomy":"product_brand","embeddable":true,"href":"https:\/\/www.versiegelung24.com\/lv\/wp-json\/wp\/v2\/product_brand?post=46806"},{"taxonomy":"product_cat","embeddable":true,"href":"https:\/\/www.versiegelung24.com\/lv\/wp-json\/wp\/v2\/product_cat?post=46806"},{"taxonomy":"product_tag","embeddable":true,"href":"https:\/\/www.versiegelung24.com\/lv\/wp-json\/wp\/v2\/product_tag?post=46806"}],"curies":[{"name":"wp","href":"https:\/\/api.w.org\/{rel}","templated":true}]}}