{"id":64198,"date":"2022-02-10T08:36:50","date_gmt":"2022-02-10T07:36:52","guid":{"rendered":"https:\/\/www.versiegelung24.com\/?post_type=product&#038;p=64198"},"modified":"2024-01-12T16:18:15","modified_gmt":"2024-01-12T15:18:15","slug":"colorus-krasas-rullisu-kronsteins-classic-2k-comfort-rokturis-6mm-10-16cm-krasas-rullisiem-39cm-garums-kopie","status":"publish","type":"product","link":"https:\/\/www.versiegelung24.com\/lv\/colorus-krasas-rullisu-kronsteins-classic-2k-comfort-rokturis-6mm-10-16cm-krasas-rullisiem-39cm-garums-kopie.html","title":{"rendered":"Colorus kr\u0101sas putu rull\u012btis superfine PLUS K\u00d815 no ab\u0101m pus\u0113m taisni za\u013c\u0161 11cm"},"content":{"rendered":"\n<h3 class=\"wp-block-heading\" id=\"h-profi-schaumwalze-superfein-beidseitig-gerade-fur-hochwertige-lackierarbeiten-absolute-spitzenqualitat\">Profesion\u0101ls putu rull\u012btis supersmalks ab\u0101s pus\u0113s TAISNAS augstas kvalit\u0101tes kr\u0101so\u0161anas darbiem. Absol\u016bti augst\u0101k\u0101 kvalit\u0101te.<\/h3>\n\n<h4 class=\"wp-block-heading\" id=\"properties\">Produkta \u012bpa\u0161\u012bbas<\/h4>\n\n<ul class=\"wp-block-list\">\n<li>Augstas kvalit\u0101tes putu radiatora velt\u0146i supersmalki ar taisniem galiem ab\u0101s pus\u0113s.<\/li>\n\n\n\n<li>Putu radiatora rull\u012b\u0161i ide\u0101lai kr\u0101so\u0161anai ar kr\u0101s\u0101m uz \u016bdens b\u0101zes un nedaudz \u0161\u0137\u012bdin\u0101t\u0101ju b\u0101zes.<\/li>\n\n\n\n<li>Piln\u012bgi CFC un \u0161\u0137\u012bdin\u0101t\u0101jus nesaturo\u0161i putu velt\u0146i ar augstu spiedes iztur\u012bbu.<\/li>\n\n\n\n<li>Serdes \u00d8 15mm<\/li>\n\n\n\n<li>Kron\u0161teins \u00d8 6mm<\/li>\n\n\n\n<li>Kop\u0113jais \u00d8 35mm<\/li>\n<\/ul>\n","protected":false},"excerpt":{"rendered":"<p><strong>Profesion\u0101ls putu veltnis:<\/strong><\/p>\n<p>\u2713 Lieliski<\/p>\n<p>\u2713 Taisni no ab\u0101m pus\u0113m kvalitat\u012bviem kr\u0101so\u0161anas darbiem<\/p>\n<p>\u2713 Absol\u016bti augst\u0101k\u0101 kvalit\u0101te.<\/p>\n","protected":false},"featured_media":0,"template":"","meta":{"_acf_changed":false,"neve_meta_sidebar":"","neve_meta_container":"","neve_meta_enable_content_width":"","neve_meta_content_width":0,"neve_meta_title_alignment":"","neve_meta_author_avatar":"","neve_post_elements_order":"","neve_meta_disable_header":"","neve_meta_disable_footer":"","neve_meta_disable_title":"","neve_meta_reading_time":"","_surfaces":[],"_ver_product_tabs":[],"footnotes":""},"product_brand":[],"product_cat":[3079],"product_tag":[],"class_list":{"0":"post-64198","1":"product","2":"type-product","3":"status-publish","5":"product_cat-iekartas","7":"first","8":"outofstock","9":"taxable","10":"shipping-taxable","11":"purchasable","12":"product-type-simple"},"acf":[],"yoast_head":"<!-- This site is optimized with the Yoast SEO Premium plugin v22.8 (Yoast SEO v27.4) - https:\/\/yoast.com\/product\/yoast-seo-premium-wordpress\/ -->\n<title>Colorus kr\u0101sas putu rull\u012btis superfine PLUS K\u00d815 no ab\u0101m pus\u0113m taisni za\u013c\u0161 11cm - versiegelung24.com<\/title>\n<meta name=\"robots\" content=\"index, follow, max-snippet:-1, max-image-preview:large, max-video-preview:-1\" \/>\n<link rel=\"canonical\" href=\"https:\/\/www.versiegelung24.com\/lv\/colorus-krasas-rullisu-kronsteins-classic-2k-comfort-rokturis-6mm-10-16cm-krasas-rullisiem-39cm-garums-kopie.html\" \/>\n<meta property=\"og:locale\" content=\"lv_LV\" \/>\n<meta property=\"og:type\" content=\"article\" \/>\n<meta property=\"og:title\" content=\"Colorus kr\u0101sas putu rull\u012btis superfine PLUS K\u00d815 no ab\u0101m pus\u0113m taisni za\u013c\u0161 11cm\" \/>\n<meta property=\"og:description\" content=\"Profesion\u0101ls putu veltnis: \u2713 Lieliski \u2713 Taisni no ab\u0101m pus\u0113m kvalitat\u012bviem kr\u0101so\u0161anas darbiem \u2713 Absol\u016bti augst\u0101k\u0101 kvalit\u0101te.\" \/>\n<meta property=\"og:url\" content=\"https:\/\/www.versiegelung24.com\/lv\/colorus-krasas-rullisu-kronsteins-classic-2k-comfort-rokturis-6mm-10-16cm-krasas-rullisiem-39cm-garums-kopie.html\" \/>\n<meta property=\"og:site_name\" content=\"versiegelung24.com\" \/>\n<meta property=\"article:modified_time\" content=\"2024-01-12T15:18:15+00:00\" \/>\n<meta property=\"og:image\" content=\"https:\/\/www.versiegelung24.com\/wp-content\/uploads\/2022\/02\/produkt-v24-162-11-schaumwalze-gerade-superfein-gruen.jpg\" \/>\n\t<meta property=\"og:image:width\" content=\"2000\" \/>\n\t<meta property=\"og:image:height\" content=\"2000\" \/>\n\t<meta property=\"og:image:type\" content=\"image\/jpeg\" \/>\n<meta name=\"twitter:card\" content=\"summary_large_image\" \/>\n<meta name=\"twitter:label1\" content=\"Price\" \/>\n\t<meta name=\"twitter:data1\" content=\"1,39&euro;\" \/>\n\t<meta name=\"twitter:label2\" content=\"Availability\" \/>\n\t<meta name=\"twitter:data2\" content=\"Out of stock\" \/>\n<script type=\"application\/ld+json\" class=\"yoast-schema-graph\">{\"@context\":\"https:\\\/\\\/schema.org\",\"@graph\":[{\"@type\":\"WebPage\",\"@id\":\"https:\\\/\\\/www.versiegelung24.com\\\/lv\\\/colorus-krasas-rullisu-kronsteins-classic-2k-comfort-rokturis-6mm-10-16cm-krasas-rullisiem-39cm-garums-kopie.html\",\"url\":\"https:\\\/\\\/www.versiegelung24.com\\\/lv\\\/colorus-krasas-rullisu-kronsteins-classic-2k-comfort-rokturis-6mm-10-16cm-krasas-rullisiem-39cm-garums-kopie.html\",\"name\":\"Colorus kr\u0101sas putu rull\u012btis superfine PLUS K\u00d815 no ab\u0101m pus\u0113m taisni za\u013c\u0161 11cm - versiegelung24.com\",\"isPartOf\":{\"@id\":\"https:\\\/\\\/www.versiegelung24.com\\\/lv\\\/#website\"},\"datePublished\":\"2022-02-10T07:36:52+00:00\",\"dateModified\":\"2024-01-12T15:18:15+00:00\",\"breadcrumb\":{\"@id\":\"https:\\\/\\\/www.versiegelung24.com\\\/lv\\\/colorus-krasas-rullisu-kronsteins-classic-2k-comfort-rokturis-6mm-10-16cm-krasas-rullisiem-39cm-garums-kopie.html#breadcrumb\"},\"inLanguage\":\"lv-LV\",\"potentialAction\":[{\"@type\":\"ReadAction\",\"target\":[\"https:\\\/\\\/www.versiegelung24.com\\\/lv\\\/colorus-krasas-rullisu-kronsteins-classic-2k-comfort-rokturis-6mm-10-16cm-krasas-rullisiem-39cm-garums-kopie.html\"]}]},{\"@type\":\"BreadcrumbList\",\"@id\":\"https:\\\/\\\/www.versiegelung24.com\\\/lv\\\/colorus-krasas-rullisu-kronsteins-classic-2k-comfort-rokturis-6mm-10-16cm-krasas-rullisiem-39cm-garums-kopie.html#breadcrumb\",\"itemListElement\":[{\"@type\":\"ListItem\",\"position\":1,\"name\":\"M\u0101jas lapa\",\"item\":\"https:\\\/\\\/www.versiegelung24.com\\\/lv\\\/prieksejais\\\/\"},{\"@type\":\"ListItem\",\"position\":2,\"name\":\"Veikals\",\"item\":\"https:\\\/\\\/www.versiegelung24.com\\\/lv\\\/veikals\\\/\"},{\"@type\":\"ListItem\",\"position\":3,\"name\":\"Colorus kr\u0101sas putu rull\u012btis superfine PLUS K\u00d815 no ab\u0101m pus\u0113m taisni za\u013c\u0161 11cm\"}]},{\"@type\":\"WebSite\",\"@id\":\"https:\\\/\\\/www.versiegelung24.com\\\/lv\\\/#website\",\"url\":\"https:\\\/\\\/www.versiegelung24.com\\\/lv\\\/\",\"name\":\"versiegelung24.com\",\"description\":\"Fl\u00fcssigglas-Versiegelung - Made in Germany\",\"publisher\":{\"@id\":\"https:\\\/\\\/www.versiegelung24.com\\\/lv\\\/#organization\"},\"potentialAction\":[{\"@type\":\"SearchAction\",\"target\":{\"@type\":\"EntryPoint\",\"urlTemplate\":\"https:\\\/\\\/www.versiegelung24.com\\\/lv\\\/?s={search_term_string}\"},\"query-input\":{\"@type\":\"PropertyValueSpecification\",\"valueRequired\":true,\"valueName\":\"search_term_string\"}}],\"inLanguage\":\"lv-LV\"},{\"@type\":\"Organization\",\"@id\":\"https:\\\/\\\/www.versiegelung24.com\\\/lv\\\/#organization\",\"name\":\"versiegelung24\",\"url\":\"https:\\\/\\\/www.versiegelung24.com\\\/lv\\\/\",\"logo\":{\"@type\":\"ImageObject\",\"inLanguage\":\"lv-LV\",\"@id\":\"https:\\\/\\\/www.versiegelung24.com\\\/lv\\\/#\\\/schema\\\/logo\\\/image\\\/\",\"url\":\"https:\\\/\\\/www.versiegelung24.com\\\/wp-content\\\/uploads\\\/2020\\\/04\\\/versiegelung24.png\",\"contentUrl\":\"https:\\\/\\\/www.versiegelung24.com\\\/wp-content\\\/uploads\\\/2020\\\/04\\\/versiegelung24.png\",\"width\":470,\"height\":102,\"caption\":\"versiegelung24\"},\"image\":{\"@id\":\"https:\\\/\\\/www.versiegelung24.com\\\/lv\\\/#\\\/schema\\\/logo\\\/image\\\/\"}}]}<\/script>\n<meta property=\"product:price:amount\" content=\"1.39\" \/>\n<meta property=\"product:price:currency\" content=\"EUR\" \/>\n<meta property=\"og:availability\" content=\"out of stock\" \/>\n<meta property=\"product:availability\" content=\"out of stock\" \/>\n<meta property=\"product:retailer_item_id\" content=\"V24-162-11\" \/>\n<meta property=\"product:condition\" content=\"new\" \/>\n<!-- \/ Yoast SEO Premium plugin. -->","yoast_head_json":{"title":"Colorus kr\u0101sas putu rull\u012btis superfine PLUS K\u00d815 no ab\u0101m pus\u0113m taisni za\u013c\u0161 11cm - versiegelung24.com","robots":{"index":"index","follow":"follow","max-snippet":"max-snippet:-1","max-image-preview":"max-image-preview:large","max-video-preview":"max-video-preview:-1"},"canonical":"https:\/\/www.versiegelung24.com\/lv\/colorus-krasas-rullisu-kronsteins-classic-2k-comfort-rokturis-6mm-10-16cm-krasas-rullisiem-39cm-garums-kopie.html","og_locale":"lv_LV","og_type":"article","og_title":"Colorus kr\u0101sas putu rull\u012btis superfine PLUS K\u00d815 no ab\u0101m pus\u0113m taisni za\u013c\u0161 11cm","og_description":"Profesion\u0101ls putu veltnis: \u2713 Lieliski \u2713 Taisni no ab\u0101m pus\u0113m kvalitat\u012bviem kr\u0101so\u0161anas darbiem \u2713 Absol\u016bti augst\u0101k\u0101 kvalit\u0101te.","og_url":"https:\/\/www.versiegelung24.com\/lv\/colorus-krasas-rullisu-kronsteins-classic-2k-comfort-rokturis-6mm-10-16cm-krasas-rullisiem-39cm-garums-kopie.html","og_site_name":"versiegelung24.com","article_modified_time":"2024-01-12T15:18:15+00:00","og_image":[{"width":2000,"height":2000,"url":"https:\/\/www.versiegelung24.com\/wp-content\/uploads\/2022\/02\/produkt-v24-162-11-schaumwalze-gerade-superfein-gruen.jpg","type":"image\/jpeg"}],"twitter_card":"summary_large_image","twitter_misc":{"Price":"1,39&euro;","Availability":"Out of stock"},"schema":{"@context":"https:\/\/schema.org","@graph":[{"@type":"WebPage","@id":"https:\/\/www.versiegelung24.com\/lv\/colorus-krasas-rullisu-kronsteins-classic-2k-comfort-rokturis-6mm-10-16cm-krasas-rullisiem-39cm-garums-kopie.html","url":"https:\/\/www.versiegelung24.com\/lv\/colorus-krasas-rullisu-kronsteins-classic-2k-comfort-rokturis-6mm-10-16cm-krasas-rullisiem-39cm-garums-kopie.html","name":"Colorus kr\u0101sas putu rull\u012btis superfine PLUS K\u00d815 no ab\u0101m pus\u0113m taisni za\u013c\u0161 11cm - versiegelung24.com","isPartOf":{"@id":"https:\/\/www.versiegelung24.com\/lv\/#website"},"datePublished":"2022-02-10T07:36:52+00:00","dateModified":"2024-01-12T15:18:15+00:00","breadcrumb":{"@id":"https:\/\/www.versiegelung24.com\/lv\/colorus-krasas-rullisu-kronsteins-classic-2k-comfort-rokturis-6mm-10-16cm-krasas-rullisiem-39cm-garums-kopie.html#breadcrumb"},"inLanguage":"lv-LV","potentialAction":[{"@type":"ReadAction","target":["https:\/\/www.versiegelung24.com\/lv\/colorus-krasas-rullisu-kronsteins-classic-2k-comfort-rokturis-6mm-10-16cm-krasas-rullisiem-39cm-garums-kopie.html"]}]},{"@type":"BreadcrumbList","@id":"https:\/\/www.versiegelung24.com\/lv\/colorus-krasas-rullisu-kronsteins-classic-2k-comfort-rokturis-6mm-10-16cm-krasas-rullisiem-39cm-garums-kopie.html#breadcrumb","itemListElement":[{"@type":"ListItem","position":1,"name":"M\u0101jas lapa","item":"https:\/\/www.versiegelung24.com\/lv\/prieksejais\/"},{"@type":"ListItem","position":2,"name":"Veikals","item":"https:\/\/www.versiegelung24.com\/lv\/veikals\/"},{"@type":"ListItem","position":3,"name":"Colorus kr\u0101sas putu rull\u012btis superfine PLUS K\u00d815 no ab\u0101m pus\u0113m taisni za\u013c\u0161 11cm"}]},{"@type":"WebSite","@id":"https:\/\/www.versiegelung24.com\/lv\/#website","url":"https:\/\/www.versiegelung24.com\/lv\/","name":"versiegelung24.com","description":"Fl\u00fcssigglas-Versiegelung - Made in Germany","publisher":{"@id":"https:\/\/www.versiegelung24.com\/lv\/#organization"},"potentialAction":[{"@type":"SearchAction","target":{"@type":"EntryPoint","urlTemplate":"https:\/\/www.versiegelung24.com\/lv\/?s={search_term_string}"},"query-input":{"@type":"PropertyValueSpecification","valueRequired":true,"valueName":"search_term_string"}}],"inLanguage":"lv-LV"},{"@type":"Organization","@id":"https:\/\/www.versiegelung24.com\/lv\/#organization","name":"versiegelung24","url":"https:\/\/www.versiegelung24.com\/lv\/","logo":{"@type":"ImageObject","inLanguage":"lv-LV","@id":"https:\/\/www.versiegelung24.com\/lv\/#\/schema\/logo\/image\/","url":"https:\/\/www.versiegelung24.com\/wp-content\/uploads\/2020\/04\/versiegelung24.png","contentUrl":"https:\/\/www.versiegelung24.com\/wp-content\/uploads\/2020\/04\/versiegelung24.png","width":470,"height":102,"caption":"versiegelung24"},"image":{"@id":"https:\/\/www.versiegelung24.com\/lv\/#\/schema\/logo\/image\/"}}]},"product_price_amount":"1.39","product_price_currency":"EUR","og_availability":"out of stock","product_availability":"out of stock","product_retailer_item_id":"V24-162-11","product_condition":"new"},"_links":{"self":[{"href":"https:\/\/www.versiegelung24.com\/lv\/wp-json\/wp\/v2\/product\/64198","targetHints":{"allow":["GET"]}}],"collection":[{"href":"https:\/\/www.versiegelung24.com\/lv\/wp-json\/wp\/v2\/product"}],"about":[{"href":"https:\/\/www.versiegelung24.com\/lv\/wp-json\/wp\/v2\/types\/product"}],"version-history":[{"count":11,"href":"https:\/\/www.versiegelung24.com\/lv\/wp-json\/wp\/v2\/product\/64198\/revisions"}],"predecessor-version":[{"id":141218,"href":"https:\/\/www.versiegelung24.com\/lv\/wp-json\/wp\/v2\/product\/64198\/revisions\/141218"}],"wp:attachment":[{"href":"https:\/\/www.versiegelung24.com\/lv\/wp-json\/wp\/v2\/media?parent=64198"}],"wp:term":[{"taxonomy":"product_brand","embeddable":true,"href":"https:\/\/www.versiegelung24.com\/lv\/wp-json\/wp\/v2\/product_brand?post=64198"},{"taxonomy":"product_cat","embeddable":true,"href":"https:\/\/www.versiegelung24.com\/lv\/wp-json\/wp\/v2\/product_cat?post=64198"},{"taxonomy":"product_tag","embeddable":true,"href":"https:\/\/www.versiegelung24.com\/lv\/wp-json\/wp\/v2\/product_tag?post=64198"}],"curies":[{"name":"wp","href":"https:\/\/api.w.org\/{rel}","templated":true}]}}