{"id":64537,"date":"2022-02-10T12:39:20","date_gmt":"2022-02-10T11:39:22","guid":{"rendered":"https:\/\/www.versiegelung24.com\/?post_type=product&#038;p=64537"},"modified":"2025-01-05T15:35:48","modified_gmt":"2025-01-05T14:35:48","slug":"colorus-plastmasas-krasu-paplate-plus-15x32cm","status":"publish","type":"product","link":"https:\/\/www.versiegelung24.com\/lv\/colorus-lakas-putu-rullitis-smalks-classic-ko15-no-abam-pusem-taisns-balts-11cm-kopie-2.html","title":{"rendered":"Colorus plastmasas kr\u0101sas paliktnis PLUS 15x32cm"},"content":{"rendered":"\n<h3 class=\"wp-block-heading\" id=\"h-colorus-plus-lackierwannen-bzw-farbwannen-aus-losemittelbestandigem-kunststoff-in-absoluter-spitzenqualitat\">Colorus PLUS kr\u0101so\u0161anas kubli vai kr\u0101so\u0161anas kubli, kas izgatavoti no \u0161\u0137\u012bdin\u0101t\u0101ju iztur\u012bgas plastmasas absol\u016bti augst\u0101k\u0101 kvalit\u0101t\u0113<\/h3>\n\n<h4 class=\"wp-block-heading\" id=\"properties\">Produkta \u012bpa\u0161\u012bbas<\/h4>\n\n<ul class=\"wp-block-list\">\n<li>Kr\u0101su papl\u0101te vai kr\u0101su paliktnis da\u017e\u0101dos dizainos (izm\u0113ros)<\/li>\n\n\n\n<li>Kr\u0101su palikt\u0146i ir izgatavoti no nepl\u012bsto\u0161a, kvalitat\u012bva, \u0161\u0137\u012bdin\u0101t\u0101jus nesaturo\u0161a plastmasas<\/li>\n\n\n\n<li>Ar praktisku sn\u012bpi kr\u0101su palikt\u0146u aug\u0161\u0113jos st\u016bros kr\u0101su, laku un glaz\u016bru atgrie\u0161anai kr\u0101sas trauk\u0101<\/li>\n\n\n\n<li>Integr\u0113tas m\u0113r\u012b\u0161anas l\u012bnijas uz kr\u0101su palikt\u0146u aizmugur\u0113j\u0101m sien\u0101m praktiskai pat\u0113ri\u0146a un satura kontrolei <\/li>\n\n\n\n<li>15cm x 32cm kr\u0101sas ru\u013c\u013ciem l\u012bdz 11cm garum\u0101 ar ietilp\u012bbu l\u012bdz 300ml<\/li>\n<\/ul>\n","protected":false},"excerpt":{"rendered":"<p><strong>Colorus PLUS kr\u0101so\u0161anas kubli vai kr\u0101so\u0161anas kubli:<\/strong><\/p>\n<p>\u2713 Izgatavots no augst\u0101k\u0101s kvalit\u0101tes, \u0161\u0137\u012bdin\u0101t\u0101jiem iztur\u012bgas plastmasas<\/p>\n","protected":false},"featured_media":64563,"template":"","meta":{"_acf_changed":false,"neve_meta_sidebar":"","neve_meta_container":"","neve_meta_enable_content_width":"","neve_meta_content_width":0,"neve_meta_title_alignment":"","neve_meta_author_avatar":"","neve_post_elements_order":"","neve_meta_disable_header":"","neve_meta_disable_footer":"","neve_meta_disable_title":"","neve_meta_reading_time":"","_surfaces":[],"_ver_product_tabs":[],"footnotes":""},"product_brand":[],"product_cat":[3079],"product_tag":[],"class_list":{"0":"post-64537","1":"product","2":"type-product","3":"status-publish","4":"has-post-thumbnail","6":"product_cat-iekartas","8":"first","9":"outofstock","10":"taxable","11":"shipping-taxable","12":"purchasable","13":"product-type-simple"},"acf":[],"yoast_head":"<!-- This site is optimized with the Yoast SEO Premium plugin v22.8 (Yoast SEO v27.6) - https:\/\/yoast.com\/product\/yoast-seo-premium-wordpress\/ -->\n<title>Colorus plastmasas kr\u0101sas paliktnis PLUS 15x32cm - versiegelung24.com<\/title>\n<meta name=\"robots\" content=\"index, follow, max-snippet:-1, max-image-preview:large, max-video-preview:-1\" \/>\n<link rel=\"canonical\" href=\"https:\/\/www.versiegelung24.com\/lv\/colorus-lakas-putu-rullitis-smalks-classic-ko15-no-abam-pusem-taisns-balts-11cm-kopie-2.html\" \/>\n<meta property=\"og:locale\" content=\"lv_LV\" \/>\n<meta property=\"og:type\" content=\"article\" \/>\n<meta property=\"og:title\" content=\"Colorus plastmasas kr\u0101sas paliktnis PLUS 15x32cm\" \/>\n<meta property=\"og:description\" content=\"Colorus PLUS kr\u0101so\u0161anas kubli vai kr\u0101so\u0161anas kubli: \u2713 Izgatavots no augst\u0101k\u0101s kvalit\u0101tes, \u0161\u0137\u012bdin\u0101t\u0101jiem iztur\u012bgas plastmasas\" \/>\n<meta property=\"og:url\" content=\"https:\/\/www.versiegelung24.com\/lv\/colorus-lakas-putu-rullitis-smalks-classic-ko15-no-abam-pusem-taisns-balts-11cm-kopie-2.html\" \/>\n<meta property=\"og:site_name\" content=\"versiegelung24.com\" \/>\n<meta property=\"article:modified_time\" content=\"2025-01-05T14:35:48+00:00\" \/>\n<meta property=\"og:image\" content=\"https:\/\/www.versiegelung24.com\/wp-content\/uploads\/2022\/02\/produkt-v24-1532-FW-Farbwannen.jpg\" \/>\n\t<meta property=\"og:image:width\" content=\"2000\" \/>\n\t<meta property=\"og:image:height\" content=\"2000\" \/>\n\t<meta property=\"og:image:type\" content=\"image\/jpeg\" \/>\n<meta name=\"twitter:card\" content=\"summary_large_image\" \/>\n<meta name=\"twitter:label1\" content=\"Price\" \/>\n\t<meta name=\"twitter:data1\" content=\"1,79&euro;\" \/>\n\t<meta name=\"twitter:label2\" content=\"Availability\" \/>\n\t<meta name=\"twitter:data2\" content=\"Out of stock\" \/>\n<script type=\"application\/ld+json\" class=\"yoast-schema-graph\">{\"@context\":\"https:\\\/\\\/schema.org\",\"@graph\":[{\"@type\":\"WebPage\",\"@id\":\"https:\\\/\\\/www.versiegelung24.com\\\/lv\\\/colorus-lakas-putu-rullitis-smalks-classic-ko15-no-abam-pusem-taisns-balts-11cm-kopie-2.html\",\"url\":\"https:\\\/\\\/www.versiegelung24.com\\\/lv\\\/colorus-lakas-putu-rullitis-smalks-classic-ko15-no-abam-pusem-taisns-balts-11cm-kopie-2.html\",\"name\":\"Colorus plastmasas kr\u0101sas paliktnis PLUS 15x32cm - versiegelung24.com\",\"isPartOf\":{\"@id\":\"https:\\\/\\\/www.versiegelung24.com\\\/lv\\\/#website\"},\"primaryImageOfPage\":{\"@id\":\"https:\\\/\\\/www.versiegelung24.com\\\/lv\\\/colorus-lakas-putu-rullitis-smalks-classic-ko15-no-abam-pusem-taisns-balts-11cm-kopie-2.html#primaryimage\"},\"image\":{\"@id\":\"https:\\\/\\\/www.versiegelung24.com\\\/lv\\\/colorus-lakas-putu-rullitis-smalks-classic-ko15-no-abam-pusem-taisns-balts-11cm-kopie-2.html#primaryimage\"},\"thumbnailUrl\":\"https:\\\/\\\/www.versiegelung24.com\\\/wp-content\\\/uploads\\\/2022\\\/02\\\/produkt-v24-1532-FW-Farbwannen.jpg\",\"datePublished\":\"2022-02-10T11:39:22+00:00\",\"dateModified\":\"2025-01-05T14:35:48+00:00\",\"breadcrumb\":{\"@id\":\"https:\\\/\\\/www.versiegelung24.com\\\/lv\\\/colorus-lakas-putu-rullitis-smalks-classic-ko15-no-abam-pusem-taisns-balts-11cm-kopie-2.html#breadcrumb\"},\"inLanguage\":\"lv-LV\",\"potentialAction\":[{\"@type\":\"ReadAction\",\"target\":[\"https:\\\/\\\/www.versiegelung24.com\\\/lv\\\/colorus-lakas-putu-rullitis-smalks-classic-ko15-no-abam-pusem-taisns-balts-11cm-kopie-2.html\"]}]},{\"@type\":\"ImageObject\",\"inLanguage\":\"lv-LV\",\"@id\":\"https:\\\/\\\/www.versiegelung24.com\\\/lv\\\/colorus-lakas-putu-rullitis-smalks-classic-ko15-no-abam-pusem-taisns-balts-11cm-kopie-2.html#primaryimage\",\"url\":\"https:\\\/\\\/www.versiegelung24.com\\\/wp-content\\\/uploads\\\/2022\\\/02\\\/produkt-v24-1532-FW-Farbwannen.jpg\",\"contentUrl\":\"https:\\\/\\\/www.versiegelung24.com\\\/wp-content\\\/uploads\\\/2022\\\/02\\\/produkt-v24-1532-FW-Farbwannen.jpg\",\"width\":2000,\"height\":2000},{\"@type\":\"BreadcrumbList\",\"@id\":\"https:\\\/\\\/www.versiegelung24.com\\\/lv\\\/colorus-lakas-putu-rullitis-smalks-classic-ko15-no-abam-pusem-taisns-balts-11cm-kopie-2.html#breadcrumb\",\"itemListElement\":[{\"@type\":\"ListItem\",\"position\":1,\"name\":\"M\u0101jas lapa\",\"item\":\"https:\\\/\\\/www.versiegelung24.com\\\/lv\\\/prieksejais\\\/\"},{\"@type\":\"ListItem\",\"position\":2,\"name\":\"Veikals\",\"item\":\"https:\\\/\\\/www.versiegelung24.com\\\/lv\\\/veikals\\\/\"},{\"@type\":\"ListItem\",\"position\":3,\"name\":\"Colorus plastmasas kr\u0101sas paliktnis PLUS 15x32cm\"}]},{\"@type\":\"WebSite\",\"@id\":\"https:\\\/\\\/www.versiegelung24.com\\\/lv\\\/#website\",\"url\":\"https:\\\/\\\/www.versiegelung24.com\\\/lv\\\/\",\"name\":\"versiegelung24.com\",\"description\":\"Fl\u00fcssigglas-Versiegelung - Made in Germany\",\"publisher\":{\"@id\":\"https:\\\/\\\/www.versiegelung24.com\\\/lv\\\/#organization\"},\"potentialAction\":[{\"@type\":\"SearchAction\",\"target\":{\"@type\":\"EntryPoint\",\"urlTemplate\":\"https:\\\/\\\/www.versiegelung24.com\\\/lv\\\/?s={search_term_string}\"},\"query-input\":{\"@type\":\"PropertyValueSpecification\",\"valueRequired\":true,\"valueName\":\"search_term_string\"}}],\"inLanguage\":\"lv-LV\"},{\"@type\":\"Organization\",\"@id\":\"https:\\\/\\\/www.versiegelung24.com\\\/lv\\\/#organization\",\"name\":\"versiegelung24\",\"url\":\"https:\\\/\\\/www.versiegelung24.com\\\/lv\\\/\",\"logo\":{\"@type\":\"ImageObject\",\"inLanguage\":\"lv-LV\",\"@id\":\"https:\\\/\\\/www.versiegelung24.com\\\/lv\\\/#\\\/schema\\\/logo\\\/image\\\/\",\"url\":\"https:\\\/\\\/www.versiegelung24.com\\\/wp-content\\\/uploads\\\/2020\\\/04\\\/versiegelung24.png\",\"contentUrl\":\"https:\\\/\\\/www.versiegelung24.com\\\/wp-content\\\/uploads\\\/2020\\\/04\\\/versiegelung24.png\",\"width\":470,\"height\":102,\"caption\":\"versiegelung24\"},\"image\":{\"@id\":\"https:\\\/\\\/www.versiegelung24.com\\\/lv\\\/#\\\/schema\\\/logo\\\/image\\\/\"}}]}<\/script>\n<meta property=\"product:price:amount\" content=\"1.79\" \/>\n<meta property=\"product:price:currency\" content=\"EUR\" \/>\n<meta property=\"og:availability\" content=\"out of stock\" \/>\n<meta property=\"product:availability\" content=\"out of stock\" \/>\n<meta property=\"product:retailer_item_id\" content=\"V24-1532-FW\" \/>\n<meta property=\"product:condition\" content=\"new\" \/>\n<!-- \/ Yoast SEO Premium plugin. -->","yoast_head_json":{"title":"Colorus plastmasas kr\u0101sas paliktnis PLUS 15x32cm - versiegelung24.com","robots":{"index":"index","follow":"follow","max-snippet":"max-snippet:-1","max-image-preview":"max-image-preview:large","max-video-preview":"max-video-preview:-1"},"canonical":"https:\/\/www.versiegelung24.com\/lv\/colorus-lakas-putu-rullitis-smalks-classic-ko15-no-abam-pusem-taisns-balts-11cm-kopie-2.html","og_locale":"lv_LV","og_type":"article","og_title":"Colorus plastmasas kr\u0101sas paliktnis PLUS 15x32cm","og_description":"Colorus PLUS kr\u0101so\u0161anas kubli vai kr\u0101so\u0161anas kubli: \u2713 Izgatavots no augst\u0101k\u0101s kvalit\u0101tes, \u0161\u0137\u012bdin\u0101t\u0101jiem iztur\u012bgas plastmasas","og_url":"https:\/\/www.versiegelung24.com\/lv\/colorus-lakas-putu-rullitis-smalks-classic-ko15-no-abam-pusem-taisns-balts-11cm-kopie-2.html","og_site_name":"versiegelung24.com","article_modified_time":"2025-01-05T14:35:48+00:00","og_image":[{"width":2000,"height":2000,"url":"https:\/\/www.versiegelung24.com\/wp-content\/uploads\/2022\/02\/produkt-v24-1532-FW-Farbwannen.jpg","type":"image\/jpeg"}],"twitter_card":"summary_large_image","twitter_misc":{"Price":"1,79&euro;","Availability":"Out of stock"},"schema":{"@context":"https:\/\/schema.org","@graph":[{"@type":"WebPage","@id":"https:\/\/www.versiegelung24.com\/lv\/colorus-lakas-putu-rullitis-smalks-classic-ko15-no-abam-pusem-taisns-balts-11cm-kopie-2.html","url":"https:\/\/www.versiegelung24.com\/lv\/colorus-lakas-putu-rullitis-smalks-classic-ko15-no-abam-pusem-taisns-balts-11cm-kopie-2.html","name":"Colorus plastmasas kr\u0101sas paliktnis PLUS 15x32cm - versiegelung24.com","isPartOf":{"@id":"https:\/\/www.versiegelung24.com\/lv\/#website"},"primaryImageOfPage":{"@id":"https:\/\/www.versiegelung24.com\/lv\/colorus-lakas-putu-rullitis-smalks-classic-ko15-no-abam-pusem-taisns-balts-11cm-kopie-2.html#primaryimage"},"image":{"@id":"https:\/\/www.versiegelung24.com\/lv\/colorus-lakas-putu-rullitis-smalks-classic-ko15-no-abam-pusem-taisns-balts-11cm-kopie-2.html#primaryimage"},"thumbnailUrl":"https:\/\/www.versiegelung24.com\/wp-content\/uploads\/2022\/02\/produkt-v24-1532-FW-Farbwannen.jpg","datePublished":"2022-02-10T11:39:22+00:00","dateModified":"2025-01-05T14:35:48+00:00","breadcrumb":{"@id":"https:\/\/www.versiegelung24.com\/lv\/colorus-lakas-putu-rullitis-smalks-classic-ko15-no-abam-pusem-taisns-balts-11cm-kopie-2.html#breadcrumb"},"inLanguage":"lv-LV","potentialAction":[{"@type":"ReadAction","target":["https:\/\/www.versiegelung24.com\/lv\/colorus-lakas-putu-rullitis-smalks-classic-ko15-no-abam-pusem-taisns-balts-11cm-kopie-2.html"]}]},{"@type":"ImageObject","inLanguage":"lv-LV","@id":"https:\/\/www.versiegelung24.com\/lv\/colorus-lakas-putu-rullitis-smalks-classic-ko15-no-abam-pusem-taisns-balts-11cm-kopie-2.html#primaryimage","url":"https:\/\/www.versiegelung24.com\/wp-content\/uploads\/2022\/02\/produkt-v24-1532-FW-Farbwannen.jpg","contentUrl":"https:\/\/www.versiegelung24.com\/wp-content\/uploads\/2022\/02\/produkt-v24-1532-FW-Farbwannen.jpg","width":2000,"height":2000},{"@type":"BreadcrumbList","@id":"https:\/\/www.versiegelung24.com\/lv\/colorus-lakas-putu-rullitis-smalks-classic-ko15-no-abam-pusem-taisns-balts-11cm-kopie-2.html#breadcrumb","itemListElement":[{"@type":"ListItem","position":1,"name":"M\u0101jas lapa","item":"https:\/\/www.versiegelung24.com\/lv\/prieksejais\/"},{"@type":"ListItem","position":2,"name":"Veikals","item":"https:\/\/www.versiegelung24.com\/lv\/veikals\/"},{"@type":"ListItem","position":3,"name":"Colorus plastmasas kr\u0101sas paliktnis PLUS 15x32cm"}]},{"@type":"WebSite","@id":"https:\/\/www.versiegelung24.com\/lv\/#website","url":"https:\/\/www.versiegelung24.com\/lv\/","name":"versiegelung24.com","description":"Fl\u00fcssigglas-Versiegelung - Made in Germany","publisher":{"@id":"https:\/\/www.versiegelung24.com\/lv\/#organization"},"potentialAction":[{"@type":"SearchAction","target":{"@type":"EntryPoint","urlTemplate":"https:\/\/www.versiegelung24.com\/lv\/?s={search_term_string}"},"query-input":{"@type":"PropertyValueSpecification","valueRequired":true,"valueName":"search_term_string"}}],"inLanguage":"lv-LV"},{"@type":"Organization","@id":"https:\/\/www.versiegelung24.com\/lv\/#organization","name":"versiegelung24","url":"https:\/\/www.versiegelung24.com\/lv\/","logo":{"@type":"ImageObject","inLanguage":"lv-LV","@id":"https:\/\/www.versiegelung24.com\/lv\/#\/schema\/logo\/image\/","url":"https:\/\/www.versiegelung24.com\/wp-content\/uploads\/2020\/04\/versiegelung24.png","contentUrl":"https:\/\/www.versiegelung24.com\/wp-content\/uploads\/2020\/04\/versiegelung24.png","width":470,"height":102,"caption":"versiegelung24"},"image":{"@id":"https:\/\/www.versiegelung24.com\/lv\/#\/schema\/logo\/image\/"}}]},"product_price_amount":"1.79","product_price_currency":"EUR","og_availability":"out of stock","product_availability":"out of stock","product_retailer_item_id":"V24-1532-FW","product_condition":"new"},"_links":{"self":[{"href":"https:\/\/www.versiegelung24.com\/lv\/wp-json\/wp\/v2\/product\/64537","targetHints":{"allow":["GET"]}}],"collection":[{"href":"https:\/\/www.versiegelung24.com\/lv\/wp-json\/wp\/v2\/product"}],"about":[{"href":"https:\/\/www.versiegelung24.com\/lv\/wp-json\/wp\/v2\/types\/product"}],"version-history":[{"count":10,"href":"https:\/\/www.versiegelung24.com\/lv\/wp-json\/wp\/v2\/product\/64537\/revisions"}],"predecessor-version":[{"id":141437,"href":"https:\/\/www.versiegelung24.com\/lv\/wp-json\/wp\/v2\/product\/64537\/revisions\/141437"}],"wp:featuredmedia":[{"embeddable":true,"href":"https:\/\/www.versiegelung24.com\/lv\/wp-json\/wp\/v2\/media\/64563"}],"wp:attachment":[{"href":"https:\/\/www.versiegelung24.com\/lv\/wp-json\/wp\/v2\/media?parent=64537"}],"wp:term":[{"taxonomy":"product_brand","embeddable":true,"href":"https:\/\/www.versiegelung24.com\/lv\/wp-json\/wp\/v2\/product_brand?post=64537"},{"taxonomy":"product_cat","embeddable":true,"href":"https:\/\/www.versiegelung24.com\/lv\/wp-json\/wp\/v2\/product_cat?post=64537"},{"taxonomy":"product_tag","embeddable":true,"href":"https:\/\/www.versiegelung24.com\/lv\/wp-json\/wp\/v2\/product_tag?post=64537"}],"curies":[{"name":"wp","href":"https:\/\/api.w.org\/{rel}","templated":true}]}}