{"id":81700,"date":"2022-02-22T12:08:34","date_gmt":"2022-02-22T11:08:34","guid":{"rendered":"https:\/\/www.versiegelung24.com\/?post_type=product&#038;p=81700"},"modified":"2025-12-19T14:34:05","modified_gmt":"2025-12-19T13:34:05","slug":"aplikacija-komplekts-1-13-gab","status":"publish","type":"product","link":"https:\/\/www.versiegelung24.com\/lv\/colorus-plastmasas-krasas-paliktnis-plus-15x32cm-kopie.html","title":{"rendered":"Aplik\u0101cijas komplekts 1 &#8211; 13 gab"},"content":{"rendered":"\n<h4 class=\"wp-block-heading\" id=\"h-beschreibung\">Apraksts<\/h4>\n\n<p>Uzkl\u0101\u0161anas komplekts bl\u012bv\u0113jumu, impregn\u0113\u0161anas un laku uzkl\u0101\u0161anai (sast\u0101v no 13 da\u013c\u0101m)<\/p>\n\n<hr \/>\n\n<h4 class=\"wp-block-heading\" id=\"properties\">Produkta \u012bpa\u0161\u012bbas<\/h4>\n\n<p><br \/><br \/><br \/>Praktisks uzkl\u0101\u0161anas komplekts, kas sast\u0101v no 1 x kr\u0101sas stienis 27 cm 10 x kr\u0101sas rull\u012btis 11 cm 2 x kr\u0101sas paliktnis 15 x 30 cm<\/p>\n","protected":false},"excerpt":{"rendered":"<p>&nbsp;<\/p>\n<p>\u2713 Pilns komplekts p\u0101rkl\u0101jumu uzkl\u0101\u0161anai<\/p>\n<p>\u2713 13 gab<\/p>\n<p>\u2713 Ar 10 main\u0101miem rull\u012b\u0161iem, kas piem\u0113roti ar\u012b liel\u0101k\u0101m plat\u012bb\u0101m<\/p>\n<p>\u2713 otr\u0101 kr\u0101sas papl\u0101te<\/p>\n<p>&nbsp;<\/p>\n","protected":false},"featured_media":82135,"template":"","meta":{"_acf_changed":false,"neve_meta_sidebar":"","neve_meta_container":"","neve_meta_enable_content_width":"","neve_meta_content_width":0,"neve_meta_title_alignment":"","neve_meta_author_avatar":"","neve_post_elements_order":"","neve_meta_disable_header":"","neve_meta_disable_footer":"","neve_meta_disable_title":"","neve_meta_reading_time":"","_surfaces":[],"_ver_product_tabs":[],"footnotes":""},"product_brand":[],"product_cat":[3079],"product_tag":[],"class_list":{"0":"post-81700","1":"product","2":"type-product","3":"status-publish","4":"has-post-thumbnail","6":"product_cat-iekartas","8":"first","9":"instock","10":"taxable","11":"shipping-taxable","12":"purchasable","13":"product-type-simple"},"acf":[],"yoast_head":"<!-- This site is optimized with the Yoast SEO Premium plugin v22.8 (Yoast SEO v27.5) - https:\/\/yoast.com\/product\/yoast-seo-premium-wordpress\/ -->\n<title>Aplik\u0101cijas komplekts 1 - 13 gab - versiegelung24.com<\/title>\n<meta name=\"robots\" content=\"index, follow, max-snippet:-1, max-image-preview:large, max-video-preview:-1\" \/>\n<link rel=\"canonical\" href=\"https:\/\/www.versiegelung24.com\/lv\/colorus-plastmasas-krasas-paliktnis-plus-15x32cm-kopie.html\" \/>\n<meta property=\"og:locale\" content=\"lv_LV\" \/>\n<meta property=\"og:type\" content=\"article\" \/>\n<meta property=\"og:title\" content=\"Aplik\u0101cijas komplekts 1 - 13 gab\" \/>\n<meta property=\"og:description\" content=\"&nbsp; \u2713 Pilns komplekts p\u0101rkl\u0101jumu uzkl\u0101\u0161anai \u2713 13 gab \u2713 Ar 10 main\u0101miem rull\u012b\u0161iem, kas piem\u0113roti ar\u012b liel\u0101k\u0101m plat\u012bb\u0101m \u2713 otr\u0101 kr\u0101sas papl\u0101te &nbsp;\" \/>\n<meta property=\"og:url\" content=\"https:\/\/www.versiegelung24.com\/lv\/colorus-plastmasas-krasas-paliktnis-plus-15x32cm-kopie.html\" \/>\n<meta property=\"og:site_name\" content=\"versiegelung24.com\" \/>\n<meta property=\"article:modified_time\" content=\"2025-12-19T13:34:05+00:00\" \/>\n<meta name=\"twitter:card\" content=\"summary_large_image\" \/>\n<meta name=\"twitter:label1\" content=\"Price\" \/>\n\t<meta name=\"twitter:data1\" content=\"9,99&euro;\" \/>\n\t<meta name=\"twitter:label2\" content=\"Availability\" \/>\n\t<meta name=\"twitter:data2\" content=\"In stock\" \/>\n<script type=\"application\/ld+json\" class=\"yoast-schema-graph\">{\"@context\":\"https:\\\/\\\/schema.org\",\"@graph\":[{\"@type\":\"WebPage\",\"@id\":\"https:\\\/\\\/www.versiegelung24.com\\\/lv\\\/colorus-plastmasas-krasas-paliktnis-plus-15x32cm-kopie.html\",\"url\":\"https:\\\/\\\/www.versiegelung24.com\\\/lv\\\/colorus-plastmasas-krasas-paliktnis-plus-15x32cm-kopie.html\",\"name\":\"Aplik\u0101cijas komplekts 1 - 13 gab - versiegelung24.com\",\"isPartOf\":{\"@id\":\"https:\\\/\\\/www.versiegelung24.com\\\/lv\\\/#website\"},\"primaryImageOfPage\":{\"@id\":\"https:\\\/\\\/www.versiegelung24.com\\\/lv\\\/colorus-plastmasas-krasas-paliktnis-plus-15x32cm-kopie.html#primaryimage\"},\"image\":{\"@id\":\"https:\\\/\\\/www.versiegelung24.com\\\/lv\\\/colorus-plastmasas-krasas-paliktnis-plus-15x32cm-kopie.html#primaryimage\"},\"thumbnailUrl\":\"https:\\\/\\\/www.versiegelung24.com\\\/wp-content\\\/uploads\\\/2022\\\/02\\\/produkt-v24-set0113-Aplikationsset-1.jpg\",\"datePublished\":\"2022-02-22T11:08:34+00:00\",\"dateModified\":\"2025-12-19T13:34:05+00:00\",\"breadcrumb\":{\"@id\":\"https:\\\/\\\/www.versiegelung24.com\\\/lv\\\/colorus-plastmasas-krasas-paliktnis-plus-15x32cm-kopie.html#breadcrumb\"},\"inLanguage\":\"lv-LV\",\"potentialAction\":[{\"@type\":\"ReadAction\",\"target\":[\"https:\\\/\\\/www.versiegelung24.com\\\/lv\\\/colorus-plastmasas-krasas-paliktnis-plus-15x32cm-kopie.html\"]}]},{\"@type\":\"ImageObject\",\"inLanguage\":\"lv-LV\",\"@id\":\"https:\\\/\\\/www.versiegelung24.com\\\/lv\\\/colorus-plastmasas-krasas-paliktnis-plus-15x32cm-kopie.html#primaryimage\",\"url\":\"https:\\\/\\\/www.versiegelung24.com\\\/wp-content\\\/uploads\\\/2022\\\/02\\\/produkt-v24-set0113-Aplikationsset-1.jpg\",\"contentUrl\":\"https:\\\/\\\/www.versiegelung24.com\\\/wp-content\\\/uploads\\\/2022\\\/02\\\/produkt-v24-set0113-Aplikationsset-1.jpg\",\"width\":2000,\"height\":2000},{\"@type\":\"BreadcrumbList\",\"@id\":\"https:\\\/\\\/www.versiegelung24.com\\\/lv\\\/colorus-plastmasas-krasas-paliktnis-plus-15x32cm-kopie.html#breadcrumb\",\"itemListElement\":[{\"@type\":\"ListItem\",\"position\":1,\"name\":\"M\u0101jas lapa\",\"item\":\"https:\\\/\\\/www.versiegelung24.com\\\/lv\\\/prieksejais\\\/\"},{\"@type\":\"ListItem\",\"position\":2,\"name\":\"Veikals\",\"item\":\"https:\\\/\\\/www.versiegelung24.com\\\/lv\\\/veikals\\\/\"},{\"@type\":\"ListItem\",\"position\":3,\"name\":\"Aplik\u0101cijas komplekts 1 &#8211; 13 gab\"}]},{\"@type\":\"WebSite\",\"@id\":\"https:\\\/\\\/www.versiegelung24.com\\\/lv\\\/#website\",\"url\":\"https:\\\/\\\/www.versiegelung24.com\\\/lv\\\/\",\"name\":\"versiegelung24.com\",\"description\":\"Fl\u00fcssigglas-Versiegelung - Made in Germany\",\"publisher\":{\"@id\":\"https:\\\/\\\/www.versiegelung24.com\\\/lv\\\/#organization\"},\"potentialAction\":[{\"@type\":\"SearchAction\",\"target\":{\"@type\":\"EntryPoint\",\"urlTemplate\":\"https:\\\/\\\/www.versiegelung24.com\\\/lv\\\/?s={search_term_string}\"},\"query-input\":{\"@type\":\"PropertyValueSpecification\",\"valueRequired\":true,\"valueName\":\"search_term_string\"}}],\"inLanguage\":\"lv-LV\"},{\"@type\":\"Organization\",\"@id\":\"https:\\\/\\\/www.versiegelung24.com\\\/lv\\\/#organization\",\"name\":\"versiegelung24\",\"url\":\"https:\\\/\\\/www.versiegelung24.com\\\/lv\\\/\",\"logo\":{\"@type\":\"ImageObject\",\"inLanguage\":\"lv-LV\",\"@id\":\"https:\\\/\\\/www.versiegelung24.com\\\/lv\\\/#\\\/schema\\\/logo\\\/image\\\/\",\"url\":\"https:\\\/\\\/www.versiegelung24.com\\\/wp-content\\\/uploads\\\/2020\\\/04\\\/versiegelung24.png\",\"contentUrl\":\"https:\\\/\\\/www.versiegelung24.com\\\/wp-content\\\/uploads\\\/2020\\\/04\\\/versiegelung24.png\",\"width\":470,\"height\":102,\"caption\":\"versiegelung24\"},\"image\":{\"@id\":\"https:\\\/\\\/www.versiegelung24.com\\\/lv\\\/#\\\/schema\\\/logo\\\/image\\\/\"}}]}<\/script>\n<meta property=\"product:price:amount\" content=\"9.99\" \/>\n<meta property=\"product:price:currency\" content=\"EUR\" \/>\n<meta property=\"og:availability\" content=\"instock\" \/>\n<meta property=\"product:availability\" content=\"instock\" \/>\n<meta property=\"product:retailer_item_id\" content=\"V24-SET0113\" \/>\n<meta property=\"product:condition\" content=\"new\" \/>\n<!-- \/ Yoast SEO Premium plugin. -->","yoast_head_json":{"title":"Aplik\u0101cijas komplekts 1 - 13 gab - versiegelung24.com","robots":{"index":"index","follow":"follow","max-snippet":"max-snippet:-1","max-image-preview":"max-image-preview:large","max-video-preview":"max-video-preview:-1"},"canonical":"https:\/\/www.versiegelung24.com\/lv\/colorus-plastmasas-krasas-paliktnis-plus-15x32cm-kopie.html","og_locale":"lv_LV","og_type":"article","og_title":"Aplik\u0101cijas komplekts 1 - 13 gab","og_description":"&nbsp; \u2713 Pilns komplekts p\u0101rkl\u0101jumu uzkl\u0101\u0161anai \u2713 13 gab \u2713 Ar 10 main\u0101miem rull\u012b\u0161iem, kas piem\u0113roti ar\u012b liel\u0101k\u0101m plat\u012bb\u0101m \u2713 otr\u0101 kr\u0101sas papl\u0101te &nbsp;","og_url":"https:\/\/www.versiegelung24.com\/lv\/colorus-plastmasas-krasas-paliktnis-plus-15x32cm-kopie.html","og_site_name":"versiegelung24.com","article_modified_time":"2025-12-19T13:34:05+00:00","twitter_card":"summary_large_image","twitter_misc":{"Price":"9,99&euro;","Availability":"In stock"},"schema":{"@context":"https:\/\/schema.org","@graph":[{"@type":"WebPage","@id":"https:\/\/www.versiegelung24.com\/lv\/colorus-plastmasas-krasas-paliktnis-plus-15x32cm-kopie.html","url":"https:\/\/www.versiegelung24.com\/lv\/colorus-plastmasas-krasas-paliktnis-plus-15x32cm-kopie.html","name":"Aplik\u0101cijas komplekts 1 - 13 gab - versiegelung24.com","isPartOf":{"@id":"https:\/\/www.versiegelung24.com\/lv\/#website"},"primaryImageOfPage":{"@id":"https:\/\/www.versiegelung24.com\/lv\/colorus-plastmasas-krasas-paliktnis-plus-15x32cm-kopie.html#primaryimage"},"image":{"@id":"https:\/\/www.versiegelung24.com\/lv\/colorus-plastmasas-krasas-paliktnis-plus-15x32cm-kopie.html#primaryimage"},"thumbnailUrl":"https:\/\/www.versiegelung24.com\/wp-content\/uploads\/2022\/02\/produkt-v24-set0113-Aplikationsset-1.jpg","datePublished":"2022-02-22T11:08:34+00:00","dateModified":"2025-12-19T13:34:05+00:00","breadcrumb":{"@id":"https:\/\/www.versiegelung24.com\/lv\/colorus-plastmasas-krasas-paliktnis-plus-15x32cm-kopie.html#breadcrumb"},"inLanguage":"lv-LV","potentialAction":[{"@type":"ReadAction","target":["https:\/\/www.versiegelung24.com\/lv\/colorus-plastmasas-krasas-paliktnis-plus-15x32cm-kopie.html"]}]},{"@type":"ImageObject","inLanguage":"lv-LV","@id":"https:\/\/www.versiegelung24.com\/lv\/colorus-plastmasas-krasas-paliktnis-plus-15x32cm-kopie.html#primaryimage","url":"https:\/\/www.versiegelung24.com\/wp-content\/uploads\/2022\/02\/produkt-v24-set0113-Aplikationsset-1.jpg","contentUrl":"https:\/\/www.versiegelung24.com\/wp-content\/uploads\/2022\/02\/produkt-v24-set0113-Aplikationsset-1.jpg","width":2000,"height":2000},{"@type":"BreadcrumbList","@id":"https:\/\/www.versiegelung24.com\/lv\/colorus-plastmasas-krasas-paliktnis-plus-15x32cm-kopie.html#breadcrumb","itemListElement":[{"@type":"ListItem","position":1,"name":"M\u0101jas lapa","item":"https:\/\/www.versiegelung24.com\/lv\/prieksejais\/"},{"@type":"ListItem","position":2,"name":"Veikals","item":"https:\/\/www.versiegelung24.com\/lv\/veikals\/"},{"@type":"ListItem","position":3,"name":"Aplik\u0101cijas komplekts 1 &#8211; 13 gab"}]},{"@type":"WebSite","@id":"https:\/\/www.versiegelung24.com\/lv\/#website","url":"https:\/\/www.versiegelung24.com\/lv\/","name":"versiegelung24.com","description":"Fl\u00fcssigglas-Versiegelung - Made in Germany","publisher":{"@id":"https:\/\/www.versiegelung24.com\/lv\/#organization"},"potentialAction":[{"@type":"SearchAction","target":{"@type":"EntryPoint","urlTemplate":"https:\/\/www.versiegelung24.com\/lv\/?s={search_term_string}"},"query-input":{"@type":"PropertyValueSpecification","valueRequired":true,"valueName":"search_term_string"}}],"inLanguage":"lv-LV"},{"@type":"Organization","@id":"https:\/\/www.versiegelung24.com\/lv\/#organization","name":"versiegelung24","url":"https:\/\/www.versiegelung24.com\/lv\/","logo":{"@type":"ImageObject","inLanguage":"lv-LV","@id":"https:\/\/www.versiegelung24.com\/lv\/#\/schema\/logo\/image\/","url":"https:\/\/www.versiegelung24.com\/wp-content\/uploads\/2020\/04\/versiegelung24.png","contentUrl":"https:\/\/www.versiegelung24.com\/wp-content\/uploads\/2020\/04\/versiegelung24.png","width":470,"height":102,"caption":"versiegelung24"},"image":{"@id":"https:\/\/www.versiegelung24.com\/lv\/#\/schema\/logo\/image\/"}}]},"product_price_amount":"9.99","product_price_currency":"EUR","og_availability":"instock","product_availability":"instock","product_retailer_item_id":"V24-SET0113","product_condition":"new"},"_links":{"self":[{"href":"https:\/\/www.versiegelung24.com\/lv\/wp-json\/wp\/v2\/product\/81700","targetHints":{"allow":["GET"]}}],"collection":[{"href":"https:\/\/www.versiegelung24.com\/lv\/wp-json\/wp\/v2\/product"}],"about":[{"href":"https:\/\/www.versiegelung24.com\/lv\/wp-json\/wp\/v2\/types\/product"}],"version-history":[{"count":14,"href":"https:\/\/www.versiegelung24.com\/lv\/wp-json\/wp\/v2\/product\/81700\/revisions"}],"predecessor-version":[{"id":180646,"href":"https:\/\/www.versiegelung24.com\/lv\/wp-json\/wp\/v2\/product\/81700\/revisions\/180646"}],"wp:featuredmedia":[{"embeddable":true,"href":"https:\/\/www.versiegelung24.com\/lv\/wp-json\/wp\/v2\/media\/82135"}],"wp:attachment":[{"href":"https:\/\/www.versiegelung24.com\/lv\/wp-json\/wp\/v2\/media?parent=81700"}],"wp:term":[{"taxonomy":"product_brand","embeddable":true,"href":"https:\/\/www.versiegelung24.com\/lv\/wp-json\/wp\/v2\/product_brand?post=81700"},{"taxonomy":"product_cat","embeddable":true,"href":"https:\/\/www.versiegelung24.com\/lv\/wp-json\/wp\/v2\/product_cat?post=81700"},{"taxonomy":"product_tag","embeddable":true,"href":"https:\/\/www.versiegelung24.com\/lv\/wp-json\/wp\/v2\/product_tag?post=81700"}],"curies":[{"name":"wp","href":"https:\/\/api.w.org\/{rel}","templated":true}]}}