{"id":81791,"date":"2022-02-22T13:40:57","date_gmt":"2022-02-22T12:41:00","guid":{"rendered":"https:\/\/www.versiegelung24.com\/?post_type=product&#038;p=81791"},"modified":"2023-06-19T15:46:37","modified_gmt":"2023-06-19T13:46:37","slug":"colorus-lakas-putu-rullitis-smalks-classic-ko15-no-abam-pusem-taisns-balts-11cm-kopie","status":"publish","type":"product","link":"https:\/\/www.versiegelung24.com\/lv\/product\/colorus-lakas-putu-rullitis-smalks-classic-ko15-no-abam-pusem-taisns-balts-11cm-kopie\/","title":{"rendered":"Dzirdes aizsardz\u012bbas l\u012bdzek\u013ci SILENCE ar kron\u0161teinu"},"content":{"rendered":"\n<h4 class=\"wp-block-heading\" id=\"h-beschreibung\">apraksts<\/h4>\n\n<p>Trok\u0161\u0146a aizsardz\u012bbas austi\u0146as atbilsto\u0161i EN 352 piem\u0113rotas vis\u0101m trok\u0161\u0146a situ\u0101cij\u0101m. Gan darbn\u012bc\u0101, gan b\u016bvlaukum\u0101 vai sal\u016bt\u0101. Pateicoties elast\u012bgajai galvas saitei un regul\u0113\u0161anas funkcijai, t\u0101 der gandr\u012bz jebkura izm\u0113ra un formas galvai.<\/p>\n\n<hr\/>\n<h4 class=\"wp-block-heading\" id=\"properties\">produkta \u012bpa\u0161\u012bbas<\/h4>\n\n<ul class=\"wp-block-list\"><li>Mazs svars un augsta stabilit\u0101te<\/li><li>Austi\u0146as atbilsto\u0161i EN 352<\/li><li>Viegls, \u0113rts un \u0113rts<\/li><li>Ide\u0101li piem\u0113rots vis\u0101m trok\u0161\u0146u situ\u0101cij\u0101m bez liel\u0101m l\u012bme\u0146a virsotn\u0113m<\/li><li>Materi\u0101ls: Plastmasa<\/li><li>Kr\u0101sa: sarkana\/melna<\/li><\/ul>","protected":false},"excerpt":{"rendered":"<p>\u2713 Mazs svars un augsta stabilit\u0101te<\/p>\n<p>\u2713 Austi\u0146as atbilsto\u0161i EN 352<\/p>\n<p>\u2713 Viegls, \u0113rts un \u0113rts<\/p>\n<p>\u2713 Optim\u0101li piem\u0113rots vis\u0101m trok\u0161\u0146u situ\u0101cij\u0101m bez liel\u0101m l\u012bme\u0146a virsotn\u0113m<\/p>\n","protected":false},"featured_media":82190,"template":"","meta":{"_acf_changed":false,"neve_meta_sidebar":"","neve_meta_container":"","neve_meta_enable_content_width":"","neve_meta_content_width":0,"neve_meta_title_alignment":"","neve_meta_author_avatar":"","neve_post_elements_order":"","neve_meta_disable_header":"","neve_meta_disable_footer":"","neve_meta_disable_title":"","neve_meta_reading_time":"","_surfaces":[],"_ver_product_tabs":[],"footnotes":""},"product_brand":[],"product_cat":[3079],"product_tag":[],"class_list":{"0":"post-81791","1":"product","2":"type-product","3":"status-publish","4":"has-post-thumbnail","6":"product_cat-iekartas","8":"first","9":"instock","10":"taxable","11":"shipping-taxable","12":"purchasable","13":"product-type-simple"},"acf":[],"yoast_head":"<!-- This site is optimized with the Yoast SEO Premium plugin v22.8 (Yoast SEO v27.5) - https:\/\/yoast.com\/product\/yoast-seo-premium-wordpress\/ -->\n<title>Dzirdes aizsardz\u012bbas l\u012bdzek\u013ci SILENCE ar kron\u0161teinu - versiegelung24.com<\/title>\n<meta name=\"robots\" content=\"index, follow, max-snippet:-1, max-image-preview:large, max-video-preview:-1\" \/>\n<link rel=\"canonical\" href=\"https:\/\/www.versiegelung24.com\/lv\/product\/colorus-lakas-putu-rullitis-smalks-classic-ko15-no-abam-pusem-taisns-balts-11cm-kopie\/\" \/>\n<meta property=\"og:locale\" content=\"lv_LV\" \/>\n<meta property=\"og:type\" content=\"article\" \/>\n<meta property=\"og:title\" content=\"Dzirdes aizsardz\u012bbas l\u012bdzek\u013ci SILENCE ar kron\u0161teinu\" \/>\n<meta property=\"og:description\" content=\"\u2713 Mazs svars un augsta stabilit\u0101te \u2713 Austi\u0146as atbilsto\u0161i EN 352 \u2713 Viegls, \u0113rts un \u0113rts \u2713 Optim\u0101li piem\u0113rots vis\u0101m trok\u0161\u0146u situ\u0101cij\u0101m bez liel\u0101m l\u012bme\u0146a virsotn\u0113m\" \/>\n<meta property=\"og:url\" content=\"https:\/\/www.versiegelung24.com\/lv\/product\/colorus-lakas-putu-rullitis-smalks-classic-ko15-no-abam-pusem-taisns-balts-11cm-kopie\/\" \/>\n<meta property=\"og:site_name\" content=\"versiegelung24.com\" \/>\n<meta property=\"article:modified_time\" content=\"2023-06-19T13:46:37+00:00\" \/>\n<meta property=\"og:image\" content=\"https:\/\/www.versiegelung24.com\/wp-content\/uploads\/2022\/02\/produkt-v24-gs1-gehoerschutz-1.jpg\" \/>\n\t<meta property=\"og:image:width\" content=\"2000\" \/>\n\t<meta property=\"og:image:height\" content=\"2000\" \/>\n\t<meta property=\"og:image:type\" content=\"image\/jpeg\" \/>\n<meta name=\"twitter:card\" content=\"summary_large_image\" \/>\n<meta name=\"twitter:label1\" content=\"Price\" \/>\n\t<meta name=\"twitter:data1\" content=\"4,49&euro;\" \/>\n\t<meta name=\"twitter:label2\" content=\"Availability\" \/>\n\t<meta name=\"twitter:data2\" content=\"In stock\" \/>\n<script type=\"application\/ld+json\" class=\"yoast-schema-graph\">{\"@context\":\"https:\\\/\\\/schema.org\",\"@graph\":[{\"@type\":\"WebPage\",\"@id\":\"https:\\\/\\\/www.versiegelung24.com\\\/lv\\\/product\\\/colorus-lakas-putu-rullitis-smalks-classic-ko15-no-abam-pusem-taisns-balts-11cm-kopie\\\/\",\"url\":\"https:\\\/\\\/www.versiegelung24.com\\\/lv\\\/product\\\/colorus-lakas-putu-rullitis-smalks-classic-ko15-no-abam-pusem-taisns-balts-11cm-kopie\\\/\",\"name\":\"Dzirdes aizsardz\u012bbas l\u012bdzek\u013ci SILENCE ar kron\u0161teinu - versiegelung24.com\",\"isPartOf\":{\"@id\":\"https:\\\/\\\/www.versiegelung24.com\\\/lv\\\/#website\"},\"primaryImageOfPage\":{\"@id\":\"https:\\\/\\\/www.versiegelung24.com\\\/lv\\\/product\\\/colorus-lakas-putu-rullitis-smalks-classic-ko15-no-abam-pusem-taisns-balts-11cm-kopie\\\/#primaryimage\"},\"image\":{\"@id\":\"https:\\\/\\\/www.versiegelung24.com\\\/lv\\\/product\\\/colorus-lakas-putu-rullitis-smalks-classic-ko15-no-abam-pusem-taisns-balts-11cm-kopie\\\/#primaryimage\"},\"thumbnailUrl\":\"https:\\\/\\\/www.versiegelung24.com\\\/wp-content\\\/uploads\\\/2022\\\/02\\\/produkt-v24-gs1-gehoerschutz-1.jpg\",\"datePublished\":\"2022-02-22T12:41:00+00:00\",\"dateModified\":\"2023-06-19T13:46:37+00:00\",\"breadcrumb\":{\"@id\":\"https:\\\/\\\/www.versiegelung24.com\\\/lv\\\/product\\\/colorus-lakas-putu-rullitis-smalks-classic-ko15-no-abam-pusem-taisns-balts-11cm-kopie\\\/#breadcrumb\"},\"inLanguage\":\"lv-LV\",\"potentialAction\":[{\"@type\":\"ReadAction\",\"target\":[\"https:\\\/\\\/www.versiegelung24.com\\\/lv\\\/product\\\/colorus-lakas-putu-rullitis-smalks-classic-ko15-no-abam-pusem-taisns-balts-11cm-kopie\\\/\"]}]},{\"@type\":\"ImageObject\",\"inLanguage\":\"lv-LV\",\"@id\":\"https:\\\/\\\/www.versiegelung24.com\\\/lv\\\/product\\\/colorus-lakas-putu-rullitis-smalks-classic-ko15-no-abam-pusem-taisns-balts-11cm-kopie\\\/#primaryimage\",\"url\":\"https:\\\/\\\/www.versiegelung24.com\\\/wp-content\\\/uploads\\\/2022\\\/02\\\/produkt-v24-gs1-gehoerschutz-1.jpg\",\"contentUrl\":\"https:\\\/\\\/www.versiegelung24.com\\\/wp-content\\\/uploads\\\/2022\\\/02\\\/produkt-v24-gs1-gehoerschutz-1.jpg\",\"width\":2000,\"height\":2000},{\"@type\":\"BreadcrumbList\",\"@id\":\"https:\\\/\\\/www.versiegelung24.com\\\/lv\\\/product\\\/colorus-lakas-putu-rullitis-smalks-classic-ko15-no-abam-pusem-taisns-balts-11cm-kopie\\\/#breadcrumb\",\"itemListElement\":[{\"@type\":\"ListItem\",\"position\":1,\"name\":\"M\u0101jas lapa\",\"item\":\"https:\\\/\\\/www.versiegelung24.com\\\/lv\\\/prieksejais\\\/\"},{\"@type\":\"ListItem\",\"position\":2,\"name\":\"Veikals\",\"item\":\"https:\\\/\\\/www.versiegelung24.com\\\/lv\\\/veikals\\\/\"},{\"@type\":\"ListItem\",\"position\":3,\"name\":\"Dzirdes aizsardz\u012bbas l\u012bdzek\u013ci SILENCE ar kron\u0161teinu\"}]},{\"@type\":\"WebSite\",\"@id\":\"https:\\\/\\\/www.versiegelung24.com\\\/lv\\\/#website\",\"url\":\"https:\\\/\\\/www.versiegelung24.com\\\/lv\\\/\",\"name\":\"versiegelung24.com\",\"description\":\"Fl\u00fcssigglas-Versiegelung - Made in Germany\",\"publisher\":{\"@id\":\"https:\\\/\\\/www.versiegelung24.com\\\/lv\\\/#organization\"},\"potentialAction\":[{\"@type\":\"SearchAction\",\"target\":{\"@type\":\"EntryPoint\",\"urlTemplate\":\"https:\\\/\\\/www.versiegelung24.com\\\/lv\\\/?s={search_term_string}\"},\"query-input\":{\"@type\":\"PropertyValueSpecification\",\"valueRequired\":true,\"valueName\":\"search_term_string\"}}],\"inLanguage\":\"lv-LV\"},{\"@type\":\"Organization\",\"@id\":\"https:\\\/\\\/www.versiegelung24.com\\\/lv\\\/#organization\",\"name\":\"versiegelung24\",\"url\":\"https:\\\/\\\/www.versiegelung24.com\\\/lv\\\/\",\"logo\":{\"@type\":\"ImageObject\",\"inLanguage\":\"lv-LV\",\"@id\":\"https:\\\/\\\/www.versiegelung24.com\\\/lv\\\/#\\\/schema\\\/logo\\\/image\\\/\",\"url\":\"https:\\\/\\\/www.versiegelung24.com\\\/wp-content\\\/uploads\\\/2020\\\/04\\\/versiegelung24.png\",\"contentUrl\":\"https:\\\/\\\/www.versiegelung24.com\\\/wp-content\\\/uploads\\\/2020\\\/04\\\/versiegelung24.png\",\"width\":470,\"height\":102,\"caption\":\"versiegelung24\"},\"image\":{\"@id\":\"https:\\\/\\\/www.versiegelung24.com\\\/lv\\\/#\\\/schema\\\/logo\\\/image\\\/\"}}]}<\/script>\n<meta property=\"product:price:amount\" content=\"4.49\" \/>\n<meta property=\"product:price:currency\" content=\"EUR\" \/>\n<meta property=\"og:availability\" content=\"instock\" \/>\n<meta property=\"product:availability\" content=\"instock\" \/>\n<meta property=\"product:retailer_item_id\" content=\"V24-GS1\" \/>\n<meta property=\"product:condition\" content=\"new\" \/>\n<!-- \/ Yoast SEO Premium plugin. -->","yoast_head_json":{"title":"Dzirdes aizsardz\u012bbas l\u012bdzek\u013ci SILENCE ar kron\u0161teinu - versiegelung24.com","robots":{"index":"index","follow":"follow","max-snippet":"max-snippet:-1","max-image-preview":"max-image-preview:large","max-video-preview":"max-video-preview:-1"},"canonical":"https:\/\/www.versiegelung24.com\/lv\/product\/colorus-lakas-putu-rullitis-smalks-classic-ko15-no-abam-pusem-taisns-balts-11cm-kopie\/","og_locale":"lv_LV","og_type":"article","og_title":"Dzirdes aizsardz\u012bbas l\u012bdzek\u013ci SILENCE ar kron\u0161teinu","og_description":"\u2713 Mazs svars un augsta stabilit\u0101te \u2713 Austi\u0146as atbilsto\u0161i EN 352 \u2713 Viegls, \u0113rts un \u0113rts \u2713 Optim\u0101li piem\u0113rots vis\u0101m trok\u0161\u0146u situ\u0101cij\u0101m bez liel\u0101m l\u012bme\u0146a virsotn\u0113m","og_url":"https:\/\/www.versiegelung24.com\/lv\/product\/colorus-lakas-putu-rullitis-smalks-classic-ko15-no-abam-pusem-taisns-balts-11cm-kopie\/","og_site_name":"versiegelung24.com","article_modified_time":"2023-06-19T13:46:37+00:00","og_image":[{"width":2000,"height":2000,"url":"https:\/\/www.versiegelung24.com\/wp-content\/uploads\/2022\/02\/produkt-v24-gs1-gehoerschutz-1.jpg","type":"image\/jpeg"}],"twitter_card":"summary_large_image","twitter_misc":{"Price":"4,49&euro;","Availability":"In stock"},"schema":{"@context":"https:\/\/schema.org","@graph":[{"@type":"WebPage","@id":"https:\/\/www.versiegelung24.com\/lv\/product\/colorus-lakas-putu-rullitis-smalks-classic-ko15-no-abam-pusem-taisns-balts-11cm-kopie\/","url":"https:\/\/www.versiegelung24.com\/lv\/product\/colorus-lakas-putu-rullitis-smalks-classic-ko15-no-abam-pusem-taisns-balts-11cm-kopie\/","name":"Dzirdes aizsardz\u012bbas l\u012bdzek\u013ci SILENCE ar kron\u0161teinu - versiegelung24.com","isPartOf":{"@id":"https:\/\/www.versiegelung24.com\/lv\/#website"},"primaryImageOfPage":{"@id":"https:\/\/www.versiegelung24.com\/lv\/product\/colorus-lakas-putu-rullitis-smalks-classic-ko15-no-abam-pusem-taisns-balts-11cm-kopie\/#primaryimage"},"image":{"@id":"https:\/\/www.versiegelung24.com\/lv\/product\/colorus-lakas-putu-rullitis-smalks-classic-ko15-no-abam-pusem-taisns-balts-11cm-kopie\/#primaryimage"},"thumbnailUrl":"https:\/\/www.versiegelung24.com\/wp-content\/uploads\/2022\/02\/produkt-v24-gs1-gehoerschutz-1.jpg","datePublished":"2022-02-22T12:41:00+00:00","dateModified":"2023-06-19T13:46:37+00:00","breadcrumb":{"@id":"https:\/\/www.versiegelung24.com\/lv\/product\/colorus-lakas-putu-rullitis-smalks-classic-ko15-no-abam-pusem-taisns-balts-11cm-kopie\/#breadcrumb"},"inLanguage":"lv-LV","potentialAction":[{"@type":"ReadAction","target":["https:\/\/www.versiegelung24.com\/lv\/product\/colorus-lakas-putu-rullitis-smalks-classic-ko15-no-abam-pusem-taisns-balts-11cm-kopie\/"]}]},{"@type":"ImageObject","inLanguage":"lv-LV","@id":"https:\/\/www.versiegelung24.com\/lv\/product\/colorus-lakas-putu-rullitis-smalks-classic-ko15-no-abam-pusem-taisns-balts-11cm-kopie\/#primaryimage","url":"https:\/\/www.versiegelung24.com\/wp-content\/uploads\/2022\/02\/produkt-v24-gs1-gehoerschutz-1.jpg","contentUrl":"https:\/\/www.versiegelung24.com\/wp-content\/uploads\/2022\/02\/produkt-v24-gs1-gehoerschutz-1.jpg","width":2000,"height":2000},{"@type":"BreadcrumbList","@id":"https:\/\/www.versiegelung24.com\/lv\/product\/colorus-lakas-putu-rullitis-smalks-classic-ko15-no-abam-pusem-taisns-balts-11cm-kopie\/#breadcrumb","itemListElement":[{"@type":"ListItem","position":1,"name":"M\u0101jas lapa","item":"https:\/\/www.versiegelung24.com\/lv\/prieksejais\/"},{"@type":"ListItem","position":2,"name":"Veikals","item":"https:\/\/www.versiegelung24.com\/lv\/veikals\/"},{"@type":"ListItem","position":3,"name":"Dzirdes aizsardz\u012bbas l\u012bdzek\u013ci SILENCE ar kron\u0161teinu"}]},{"@type":"WebSite","@id":"https:\/\/www.versiegelung24.com\/lv\/#website","url":"https:\/\/www.versiegelung24.com\/lv\/","name":"versiegelung24.com","description":"Fl\u00fcssigglas-Versiegelung - Made in Germany","publisher":{"@id":"https:\/\/www.versiegelung24.com\/lv\/#organization"},"potentialAction":[{"@type":"SearchAction","target":{"@type":"EntryPoint","urlTemplate":"https:\/\/www.versiegelung24.com\/lv\/?s={search_term_string}"},"query-input":{"@type":"PropertyValueSpecification","valueRequired":true,"valueName":"search_term_string"}}],"inLanguage":"lv-LV"},{"@type":"Organization","@id":"https:\/\/www.versiegelung24.com\/lv\/#organization","name":"versiegelung24","url":"https:\/\/www.versiegelung24.com\/lv\/","logo":{"@type":"ImageObject","inLanguage":"lv-LV","@id":"https:\/\/www.versiegelung24.com\/lv\/#\/schema\/logo\/image\/","url":"https:\/\/www.versiegelung24.com\/wp-content\/uploads\/2020\/04\/versiegelung24.png","contentUrl":"https:\/\/www.versiegelung24.com\/wp-content\/uploads\/2020\/04\/versiegelung24.png","width":470,"height":102,"caption":"versiegelung24"},"image":{"@id":"https:\/\/www.versiegelung24.com\/lv\/#\/schema\/logo\/image\/"}}]},"product_price_amount":"4.49","product_price_currency":"EUR","og_availability":"instock","product_availability":"instock","product_retailer_item_id":"V24-GS1","product_condition":"new"},"_links":{"self":[{"href":"https:\/\/www.versiegelung24.com\/lv\/wp-json\/wp\/v2\/product\/81791","targetHints":{"allow":["GET"]}}],"collection":[{"href":"https:\/\/www.versiegelung24.com\/lv\/wp-json\/wp\/v2\/product"}],"about":[{"href":"https:\/\/www.versiegelung24.com\/lv\/wp-json\/wp\/v2\/types\/product"}],"version-history":[{"count":5,"href":"https:\/\/www.versiegelung24.com\/lv\/wp-json\/wp\/v2\/product\/81791\/revisions"}],"predecessor-version":[{"id":111672,"href":"https:\/\/www.versiegelung24.com\/lv\/wp-json\/wp\/v2\/product\/81791\/revisions\/111672"}],"wp:featuredmedia":[{"embeddable":true,"href":"https:\/\/www.versiegelung24.com\/lv\/wp-json\/wp\/v2\/media\/82190"}],"wp:attachment":[{"href":"https:\/\/www.versiegelung24.com\/lv\/wp-json\/wp\/v2\/media?parent=81791"}],"wp:term":[{"taxonomy":"product_brand","embeddable":true,"href":"https:\/\/www.versiegelung24.com\/lv\/wp-json\/wp\/v2\/product_brand?post=81791"},{"taxonomy":"product_cat","embeddable":true,"href":"https:\/\/www.versiegelung24.com\/lv\/wp-json\/wp\/v2\/product_cat?post=81791"},{"taxonomy":"product_tag","embeddable":true,"href":"https:\/\/www.versiegelung24.com\/lv\/wp-json\/wp\/v2\/product_tag?post=81791"}],"curies":[{"name":"wp","href":"https:\/\/api.w.org\/{rel}","templated":true}]}}