{"id":82331,"date":"2022-02-23T12:42:58","date_gmt":"2022-02-23T11:42:58","guid":{"rendered":"https:\/\/www.versiegelung24.com\/produkt\/dzelteni-nitrila-darba-cimdi-ar-aditam-aprocem\/"},"modified":"2025-12-19T14:35:45","modified_gmt":"2025-12-19T13:35:45","slug":"darba-cimdi-nitrils-ar-aditam-aprocem-dzeltens","status":"publish","type":"product","link":"https:\/\/www.versiegelung24.com\/lv\/dzelteni-nitrila-darba-cimdi-ar-aditam-aprocem.html","title":{"rendered":"Dzelteni nitrila darba cimdi ar ad\u012bt\u0101m aproc\u0113m"},"content":{"rendered":"\n<h4 class=\"wp-block-heading\" id=\"h-beschreibung\">Apraksts<\/h4>\n\n<p>Univers\u0101li nitrila cimdi sausai vai mitrai videi. Piem\u0113rots darbam ar vid\u0113ju risku un augst\u0101m pras\u012bb\u0101m pret nodilumu (amatniec\u012bba, celtniec\u012bba, izst\u0101\u017eu celtniec\u012bba, automobi\u013cu r\u016bpniec\u012bba, ma\u0161\u012bnb\u016bve, t\u0113rauda r\u016bpniec\u012bba, stikla r\u016bpniec\u012bba, p\u0101rtikas r\u016bpniec\u012bba, lauksaimniec\u012bba utt.) EN 420 II kategorija, EN 388<\/p>\n\n<hr \/>\n\n<h4 class=\"wp-block-heading\" id=\"properties\">Produkta \u012bpa\u0161\u012bbas<\/h4>\n\n<div class=\"wp-block-columns is-layout-flex wp-container-core-columns-is-layout-9d6595d7 wp-block-columns-is-layout-flex\">\n<div class=\"wp-block-column is-layout-flow wp-block-column-is-layout-flow\">\n<p>\u2713 P\u0101rkl\u0101ts ar dzeltenu nitrilu<\/p>\n\n\n\n<p>\u2713 Elpojo\u0161a roku aizmugure<\/p>\n\n\n\n<p>\u2713 \u012apa\u0161i \u0113rts, pateicoties ide\u0101lajam piegulumam<\/p>\n\n\n\n<p>\u2713 EN 420 II kategorija, EN 388<\/p>\n\n\n\n<p>\u2713 Nodilumiztur\u012bba: 4. veiktsp\u0113jas l\u012bmenis<\/p>\n\n\n\n<p>\u2713 Grie\u0161anas pretest\u012bba: 1. veiktsp\u0113jas l\u012bmenis<\/p>\n\n\n\n<p>\u2713 Pl\u012bsuma iztur\u012bba: 1. veiktsp\u0113jas l\u012bmenis<\/p>\n\n\n\n<p>\u2713 Caurdur\u0161anas jauda: 1. jaudas l\u012bmenis<\/p>\n\n\n\n<p>\u2713 Izm\u0113rs: 9<\/p>\n<\/div>\n<\/div>\n","protected":false},"excerpt":{"rendered":"<div class=\"product_text_extra\">\n<p>\u2713 P\u0101rkl\u0101ts ar dzeltenu nitrilu<\/p>\n<p>\u2713 Elpojo\u0161a roku aizmugure<\/p>\n<p>\u2713 \u012apa\u0161i \u0113rts, pateicoties ide\u0101lajam piegulumam<\/p>\n<p>\u2713 EN 420 II kategorija, EN 388<\/p>\n<p>\u2713 Nodilumiztur\u012bba: 4. veiktsp\u0113jas l\u012bmenis<\/p>\n<\/div>\n","protected":false},"featured_media":82274,"template":"","meta":{"_acf_changed":false,"neve_meta_sidebar":"","neve_meta_container":"","neve_meta_enable_content_width":"","neve_meta_content_width":0,"neve_meta_title_alignment":"","neve_meta_author_avatar":"","neve_post_elements_order":"","neve_meta_disable_header":"","neve_meta_disable_footer":"","neve_meta_disable_title":"","neve_meta_reading_time":"","_surfaces":[],"_ver_product_tabs":[],"footnotes":""},"product_brand":[],"product_cat":[3079],"product_tag":[],"class_list":{"0":"post-82331","1":"product","2":"type-product","3":"status-publish","4":"has-post-thumbnail","6":"product_cat-iekartas","8":"first","9":"instock","10":"taxable","11":"shipping-taxable","12":"purchasable","13":"product-type-simple"},"acf":[],"yoast_head":"<!-- This site is optimized with the Yoast SEO Premium plugin v22.8 (Yoast SEO v27.5) - https:\/\/yoast.com\/product\/yoast-seo-premium-wordpress\/ -->\n<title>Dzelteni nitrila darba cimdi ar ad\u012bt\u0101m aproc\u0113m - versiegelung24.com<\/title>\n<meta name=\"robots\" content=\"index, follow, max-snippet:-1, max-image-preview:large, max-video-preview:-1\" \/>\n<link rel=\"canonical\" href=\"https:\/\/www.versiegelung24.com\/lv\/dzelteni-nitrila-darba-cimdi-ar-aditam-aprocem.html\" \/>\n<meta property=\"og:locale\" content=\"lv_LV\" \/>\n<meta property=\"og:type\" content=\"article\" \/>\n<meta property=\"og:title\" content=\"Dzelteni nitrila darba cimdi ar ad\u012bt\u0101m aproc\u0113m\" \/>\n<meta property=\"og:description\" content=\"\u2713 P\u0101rkl\u0101ts ar dzeltenu nitrilu \u2713 Elpojo\u0161a roku aizmugure \u2713 \u012apa\u0161i \u0113rts, pateicoties ide\u0101lajam piegulumam \u2713 EN 420 II kategorija, EN 388 \u2713 Nodilumiztur\u012bba: 4. veiktsp\u0113jas l\u012bmenis\" \/>\n<meta property=\"og:url\" content=\"https:\/\/www.versiegelung24.com\/lv\/dzelteni-nitrila-darba-cimdi-ar-aditam-aprocem.html\" \/>\n<meta property=\"og:site_name\" content=\"versiegelung24.com\" \/>\n<meta property=\"article:modified_time\" content=\"2025-12-19T13:35:45+00:00\" \/>\n<meta name=\"twitter:card\" content=\"summary_large_image\" \/>\n<meta name=\"twitter:label1\" content=\"Price\" \/>\n\t<meta name=\"twitter:data1\" content=\"2,69&euro;\" \/>\n\t<meta name=\"twitter:label2\" content=\"Availability\" \/>\n\t<meta name=\"twitter:data2\" content=\"In stock\" \/>\n<script type=\"application\/ld+json\" class=\"yoast-schema-graph\">{\"@context\":\"https:\\\/\\\/schema.org\",\"@graph\":[{\"@type\":\"WebPage\",\"@id\":\"https:\\\/\\\/www.versiegelung24.com\\\/lv\\\/dzelteni-nitrila-darba-cimdi-ar-aditam-aprocem.html\",\"url\":\"https:\\\/\\\/www.versiegelung24.com\\\/lv\\\/dzelteni-nitrila-darba-cimdi-ar-aditam-aprocem.html\",\"name\":\"Dzelteni nitrila darba cimdi ar ad\u012bt\u0101m aproc\u0113m - versiegelung24.com\",\"isPartOf\":{\"@id\":\"https:\\\/\\\/www.versiegelung24.com\\\/lv\\\/#website\"},\"primaryImageOfPage\":{\"@id\":\"https:\\\/\\\/www.versiegelung24.com\\\/lv\\\/dzelteni-nitrila-darba-cimdi-ar-aditam-aprocem.html#primaryimage\"},\"image\":{\"@id\":\"https:\\\/\\\/www.versiegelung24.com\\\/lv\\\/dzelteni-nitrila-darba-cimdi-ar-aditam-aprocem.html#primaryimage\"},\"thumbnailUrl\":\"https:\\\/\\\/www.versiegelung24.com\\\/wp-content\\\/uploads\\\/2022\\\/02\\\/produkt-v24-sb403-10-arbeitshandschuh.jpg\",\"datePublished\":\"2022-02-23T11:42:58+00:00\",\"dateModified\":\"2025-12-19T13:35:45+00:00\",\"breadcrumb\":{\"@id\":\"https:\\\/\\\/www.versiegelung24.com\\\/lv\\\/dzelteni-nitrila-darba-cimdi-ar-aditam-aprocem.html#breadcrumb\"},\"inLanguage\":\"lv-LV\",\"potentialAction\":[{\"@type\":\"ReadAction\",\"target\":[\"https:\\\/\\\/www.versiegelung24.com\\\/lv\\\/dzelteni-nitrila-darba-cimdi-ar-aditam-aprocem.html\"]}]},{\"@type\":\"ImageObject\",\"inLanguage\":\"lv-LV\",\"@id\":\"https:\\\/\\\/www.versiegelung24.com\\\/lv\\\/dzelteni-nitrila-darba-cimdi-ar-aditam-aprocem.html#primaryimage\",\"url\":\"https:\\\/\\\/www.versiegelung24.com\\\/wp-content\\\/uploads\\\/2022\\\/02\\\/produkt-v24-sb403-10-arbeitshandschuh.jpg\",\"contentUrl\":\"https:\\\/\\\/www.versiegelung24.com\\\/wp-content\\\/uploads\\\/2022\\\/02\\\/produkt-v24-sb403-10-arbeitshandschuh.jpg\",\"width\":2000,\"height\":2000},{\"@type\":\"BreadcrumbList\",\"@id\":\"https:\\\/\\\/www.versiegelung24.com\\\/lv\\\/dzelteni-nitrila-darba-cimdi-ar-aditam-aprocem.html#breadcrumb\",\"itemListElement\":[{\"@type\":\"ListItem\",\"position\":1,\"name\":\"M\u0101jas lapa\",\"item\":\"https:\\\/\\\/www.versiegelung24.com\\\/lv\\\/prieksejais\\\/\"},{\"@type\":\"ListItem\",\"position\":2,\"name\":\"Veikals\",\"item\":\"https:\\\/\\\/www.versiegelung24.com\\\/lv\\\/veikals\\\/\"},{\"@type\":\"ListItem\",\"position\":3,\"name\":\"Dzelteni nitrila darba cimdi ar ad\u012bt\u0101m aproc\u0113m\"}]},{\"@type\":\"WebSite\",\"@id\":\"https:\\\/\\\/www.versiegelung24.com\\\/lv\\\/#website\",\"url\":\"https:\\\/\\\/www.versiegelung24.com\\\/lv\\\/\",\"name\":\"versiegelung24.com\",\"description\":\"Fl\u00fcssigglas-Versiegelung - Made in Germany\",\"publisher\":{\"@id\":\"https:\\\/\\\/www.versiegelung24.com\\\/lv\\\/#organization\"},\"potentialAction\":[{\"@type\":\"SearchAction\",\"target\":{\"@type\":\"EntryPoint\",\"urlTemplate\":\"https:\\\/\\\/www.versiegelung24.com\\\/lv\\\/?s={search_term_string}\"},\"query-input\":{\"@type\":\"PropertyValueSpecification\",\"valueRequired\":true,\"valueName\":\"search_term_string\"}}],\"inLanguage\":\"lv-LV\"},{\"@type\":\"Organization\",\"@id\":\"https:\\\/\\\/www.versiegelung24.com\\\/lv\\\/#organization\",\"name\":\"versiegelung24\",\"url\":\"https:\\\/\\\/www.versiegelung24.com\\\/lv\\\/\",\"logo\":{\"@type\":\"ImageObject\",\"inLanguage\":\"lv-LV\",\"@id\":\"https:\\\/\\\/www.versiegelung24.com\\\/lv\\\/#\\\/schema\\\/logo\\\/image\\\/\",\"url\":\"https:\\\/\\\/www.versiegelung24.com\\\/wp-content\\\/uploads\\\/2020\\\/04\\\/versiegelung24.png\",\"contentUrl\":\"https:\\\/\\\/www.versiegelung24.com\\\/wp-content\\\/uploads\\\/2020\\\/04\\\/versiegelung24.png\",\"width\":470,\"height\":102,\"caption\":\"versiegelung24\"},\"image\":{\"@id\":\"https:\\\/\\\/www.versiegelung24.com\\\/lv\\\/#\\\/schema\\\/logo\\\/image\\\/\"}}]}<\/script>\n<meta property=\"product:price:amount\" content=\"2.69\" \/>\n<meta property=\"product:price:currency\" content=\"EUR\" \/>\n<meta property=\"og:availability\" content=\"instock\" \/>\n<meta property=\"product:availability\" content=\"instock\" \/>\n<meta property=\"product:retailer_item_id\" content=\"V24-SB403-10\" \/>\n<meta property=\"product:condition\" content=\"new\" \/>\n<!-- \/ Yoast SEO Premium plugin. -->","yoast_head_json":{"title":"Dzelteni nitrila darba cimdi ar ad\u012bt\u0101m aproc\u0113m - versiegelung24.com","robots":{"index":"index","follow":"follow","max-snippet":"max-snippet:-1","max-image-preview":"max-image-preview:large","max-video-preview":"max-video-preview:-1"},"canonical":"https:\/\/www.versiegelung24.com\/lv\/dzelteni-nitrila-darba-cimdi-ar-aditam-aprocem.html","og_locale":"lv_LV","og_type":"article","og_title":"Dzelteni nitrila darba cimdi ar ad\u012bt\u0101m aproc\u0113m","og_description":"\u2713 P\u0101rkl\u0101ts ar dzeltenu nitrilu \u2713 Elpojo\u0161a roku aizmugure \u2713 \u012apa\u0161i \u0113rts, pateicoties ide\u0101lajam piegulumam \u2713 EN 420 II kategorija, EN 388 \u2713 Nodilumiztur\u012bba: 4. veiktsp\u0113jas l\u012bmenis","og_url":"https:\/\/www.versiegelung24.com\/lv\/dzelteni-nitrila-darba-cimdi-ar-aditam-aprocem.html","og_site_name":"versiegelung24.com","article_modified_time":"2025-12-19T13:35:45+00:00","twitter_card":"summary_large_image","twitter_misc":{"Price":"2,69&euro;","Availability":"In stock"},"schema":{"@context":"https:\/\/schema.org","@graph":[{"@type":"WebPage","@id":"https:\/\/www.versiegelung24.com\/lv\/dzelteni-nitrila-darba-cimdi-ar-aditam-aprocem.html","url":"https:\/\/www.versiegelung24.com\/lv\/dzelteni-nitrila-darba-cimdi-ar-aditam-aprocem.html","name":"Dzelteni nitrila darba cimdi ar ad\u012bt\u0101m aproc\u0113m - versiegelung24.com","isPartOf":{"@id":"https:\/\/www.versiegelung24.com\/lv\/#website"},"primaryImageOfPage":{"@id":"https:\/\/www.versiegelung24.com\/lv\/dzelteni-nitrila-darba-cimdi-ar-aditam-aprocem.html#primaryimage"},"image":{"@id":"https:\/\/www.versiegelung24.com\/lv\/dzelteni-nitrila-darba-cimdi-ar-aditam-aprocem.html#primaryimage"},"thumbnailUrl":"https:\/\/www.versiegelung24.com\/wp-content\/uploads\/2022\/02\/produkt-v24-sb403-10-arbeitshandschuh.jpg","datePublished":"2022-02-23T11:42:58+00:00","dateModified":"2025-12-19T13:35:45+00:00","breadcrumb":{"@id":"https:\/\/www.versiegelung24.com\/lv\/dzelteni-nitrila-darba-cimdi-ar-aditam-aprocem.html#breadcrumb"},"inLanguage":"lv-LV","potentialAction":[{"@type":"ReadAction","target":["https:\/\/www.versiegelung24.com\/lv\/dzelteni-nitrila-darba-cimdi-ar-aditam-aprocem.html"]}]},{"@type":"ImageObject","inLanguage":"lv-LV","@id":"https:\/\/www.versiegelung24.com\/lv\/dzelteni-nitrila-darba-cimdi-ar-aditam-aprocem.html#primaryimage","url":"https:\/\/www.versiegelung24.com\/wp-content\/uploads\/2022\/02\/produkt-v24-sb403-10-arbeitshandschuh.jpg","contentUrl":"https:\/\/www.versiegelung24.com\/wp-content\/uploads\/2022\/02\/produkt-v24-sb403-10-arbeitshandschuh.jpg","width":2000,"height":2000},{"@type":"BreadcrumbList","@id":"https:\/\/www.versiegelung24.com\/lv\/dzelteni-nitrila-darba-cimdi-ar-aditam-aprocem.html#breadcrumb","itemListElement":[{"@type":"ListItem","position":1,"name":"M\u0101jas lapa","item":"https:\/\/www.versiegelung24.com\/lv\/prieksejais\/"},{"@type":"ListItem","position":2,"name":"Veikals","item":"https:\/\/www.versiegelung24.com\/lv\/veikals\/"},{"@type":"ListItem","position":3,"name":"Dzelteni nitrila darba cimdi ar ad\u012bt\u0101m aproc\u0113m"}]},{"@type":"WebSite","@id":"https:\/\/www.versiegelung24.com\/lv\/#website","url":"https:\/\/www.versiegelung24.com\/lv\/","name":"versiegelung24.com","description":"Fl\u00fcssigglas-Versiegelung - Made in Germany","publisher":{"@id":"https:\/\/www.versiegelung24.com\/lv\/#organization"},"potentialAction":[{"@type":"SearchAction","target":{"@type":"EntryPoint","urlTemplate":"https:\/\/www.versiegelung24.com\/lv\/?s={search_term_string}"},"query-input":{"@type":"PropertyValueSpecification","valueRequired":true,"valueName":"search_term_string"}}],"inLanguage":"lv-LV"},{"@type":"Organization","@id":"https:\/\/www.versiegelung24.com\/lv\/#organization","name":"versiegelung24","url":"https:\/\/www.versiegelung24.com\/lv\/","logo":{"@type":"ImageObject","inLanguage":"lv-LV","@id":"https:\/\/www.versiegelung24.com\/lv\/#\/schema\/logo\/image\/","url":"https:\/\/www.versiegelung24.com\/wp-content\/uploads\/2020\/04\/versiegelung24.png","contentUrl":"https:\/\/www.versiegelung24.com\/wp-content\/uploads\/2020\/04\/versiegelung24.png","width":470,"height":102,"caption":"versiegelung24"},"image":{"@id":"https:\/\/www.versiegelung24.com\/lv\/#\/schema\/logo\/image\/"}}]},"product_price_amount":"2.69","product_price_currency":"EUR","og_availability":"instock","product_availability":"instock","product_retailer_item_id":"V24-SB403-10","product_condition":"new"},"_links":{"self":[{"href":"https:\/\/www.versiegelung24.com\/lv\/wp-json\/wp\/v2\/product\/82331","targetHints":{"allow":["GET"]}}],"collection":[{"href":"https:\/\/www.versiegelung24.com\/lv\/wp-json\/wp\/v2\/product"}],"about":[{"href":"https:\/\/www.versiegelung24.com\/lv\/wp-json\/wp\/v2\/types\/product"}],"version-history":[{"count":10,"href":"https:\/\/www.versiegelung24.com\/lv\/wp-json\/wp\/v2\/product\/82331\/revisions"}],"predecessor-version":[{"id":180755,"href":"https:\/\/www.versiegelung24.com\/lv\/wp-json\/wp\/v2\/product\/82331\/revisions\/180755"}],"wp:featuredmedia":[{"embeddable":true,"href":"https:\/\/www.versiegelung24.com\/lv\/wp-json\/wp\/v2\/media\/82274"}],"wp:attachment":[{"href":"https:\/\/www.versiegelung24.com\/lv\/wp-json\/wp\/v2\/media?parent=82331"}],"wp:term":[{"taxonomy":"product_brand","embeddable":true,"href":"https:\/\/www.versiegelung24.com\/lv\/wp-json\/wp\/v2\/product_brand?post=82331"},{"taxonomy":"product_cat","embeddable":true,"href":"https:\/\/www.versiegelung24.com\/lv\/wp-json\/wp\/v2\/product_cat?post=82331"},{"taxonomy":"product_tag","embeddable":true,"href":"https:\/\/www.versiegelung24.com\/lv\/wp-json\/wp\/v2\/product_tag?post=82331"}],"curies":[{"name":"wp","href":"https:\/\/api.w.org\/{rel}","templated":true}]}}