{"id":82640,"date":"2022-02-23T14:33:04","date_gmt":"2022-02-23T13:33:07","guid":{"rendered":"https:\/\/www.versiegelung24.com\/?post_type=product&#038;p=82640"},"modified":"2024-01-18T01:09:15","modified_gmt":"2024-01-18T00:09:15","slug":"aizsargbrilles-ar-integretu-sanu-aizsardzibu-un-regulejamiem-deniniem-kopie","status":"publish","type":"product","link":"https:\/\/www.versiegelung24.com\/lv\/product\/aizsargbrilles-ar-integretu-sanu-aizsardzibu-un-regulejamiem-deniniem-kopie\/","title":{"rendered":"Lakas putu rull\u012btis \u013coti smalks no ab\u0101m pus\u0113m taisni balts 11cm"},"content":{"rendered":"\n<h4 class=\"wp-block-heading\" id=\"h-beschreibung\">apraksts<\/h4>\n\n<p>Putu rull\u012btis ab\u0101s pus\u0113s TAISNAS vienk\u0101r\u0161iem kr\u0101so\u0161anas darbiem ar kr\u0101s\u0101m uz \u016bdens b\u0101zes un nedaudz \u0161\u0137\u012bdin\u0101t\u0101ju b\u0101zes.<\/p>\n\n<hr\/>\n<h4 class=\"wp-block-heading\" id=\"properties\">produkta \u012bpa\u0161\u012bbas<\/h4>\n\n<div class=\"wp-block-columns is-layout-flex wp-container-core-columns-is-layout-9d6595d7 wp-block-columns-is-layout-flex\">\n<div class=\"wp-block-column is-layout-flow wp-block-column-is-layout-flow\">\n<p>\u2713 Taisnas no ab\u0101m pus\u0113m, \u013coti smalkas ar putuplasta bl\u012bvumu 60 kg.<\/p>\n\n\n\n<p>\u2713 Kr\u0101so\u0161anas darbiem ar kr\u0101s\u0101m uz \u016bdens b\u0101zes un nedaudz \u0161\u0137\u012bdin\u0101t\u0101ju b\u0101zes.<\/p>\n\n\n\n<p>\u2713 Serdes \u00d8 15mm<\/p>\n\n\n\n<p>\u2713 Kron\u0161teins \u00d8 6mm<\/p>\n\n\n\n<p>\u2713 Kop\u0113jais \u00d8 35 mm<\/p>\n\n\n\n<p>\u2713 Garums: 11 cm<\/p>\n<\/div>\n<\/div>\n","protected":false},"excerpt":{"rendered":"<p>\u2713 Taisnas no ab\u0101m pus\u0113m, \u013coti smalkas ar putuplasta bl\u012bvumu 60 kg.<\/p>\n<p>\u2713 Kr\u0101so\u0161anas darbiem ar kr\u0101s\u0101m uz \u016bdens b\u0101zes un nedaudz \u0161\u0137\u012bdin\u0101t\u0101ju b\u0101zes.<\/p>\n<p>\u2713 Kron\u0161teins \u00d8 6mm<\/p>\n<p>\u2713 Kop\u0113jais \u00d8 35 mm<\/p>\n<p>\u2713 Garums: 11 cm<\/p>\n","protected":false},"featured_media":82246,"template":"","meta":{"_acf_changed":false,"neve_meta_sidebar":"","neve_meta_container":"","neve_meta_enable_content_width":"","neve_meta_content_width":0,"neve_meta_title_alignment":"","neve_meta_author_avatar":"","neve_post_elements_order":"","neve_meta_disable_header":"","neve_meta_disable_footer":"","neve_meta_disable_title":"","neve_meta_reading_time":"","_surfaces":[],"_ver_product_tabs":[],"footnotes":""},"product_brand":[],"product_cat":[3079],"product_tag":[],"class_list":{"0":"post-82640","1":"product","2":"type-product","3":"status-publish","4":"has-post-thumbnail","6":"product_cat-iekartas","8":"first","9":"instock","10":"taxable","11":"shipping-taxable","12":"purchasable","13":"product-type-simple"},"acf":[],"yoast_head":"<!-- This site is optimized with the Yoast SEO Premium plugin v22.8 (Yoast SEO v27.5) - https:\/\/yoast.com\/product\/yoast-seo-premium-wordpress\/ -->\n<title>Lakas putu rull\u012btis \u013coti smalks no ab\u0101m pus\u0113m taisni balts 11cm - versiegelung24.com<\/title>\n<meta name=\"robots\" content=\"index, follow, max-snippet:-1, max-image-preview:large, max-video-preview:-1\" \/>\n<link rel=\"canonical\" href=\"https:\/\/www.versiegelung24.com\/lv\/product\/aizsargbrilles-ar-integretu-sanu-aizsardzibu-un-regulejamiem-deniniem-kopie\/\" \/>\n<meta property=\"og:locale\" content=\"lv_LV\" \/>\n<meta property=\"og:type\" content=\"article\" \/>\n<meta property=\"og:title\" content=\"Lakas putu rull\u012btis \u013coti smalks no ab\u0101m pus\u0113m taisni balts 11cm\" \/>\n<meta property=\"og:description\" content=\"\u2713 Taisnas no ab\u0101m pus\u0113m, \u013coti smalkas ar putuplasta bl\u012bvumu 60 kg. \u2713 Kr\u0101so\u0161anas darbiem ar kr\u0101s\u0101m uz \u016bdens b\u0101zes un nedaudz \u0161\u0137\u012bdin\u0101t\u0101ju b\u0101zes. \u2713 Kron\u0161teins \u00d8 6mm \u2713 Kop\u0113jais \u00d8 35 mm \u2713 Garums: 11 cm\" \/>\n<meta property=\"og:url\" content=\"https:\/\/www.versiegelung24.com\/lv\/product\/aizsargbrilles-ar-integretu-sanu-aizsardzibu-un-regulejamiem-deniniem-kopie\/\" \/>\n<meta property=\"og:site_name\" content=\"versiegelung24.com\" \/>\n<meta property=\"article:modified_time\" content=\"2024-01-18T00:09:15+00:00\" \/>\n<meta property=\"og:image\" content=\"https:\/\/www.versiegelung24.com\/wp-content\/uploads\/2022\/02\/produkt-v24-sblw11-lackierrolle.jpg\" \/>\n\t<meta property=\"og:image:width\" content=\"2000\" \/>\n\t<meta property=\"og:image:height\" content=\"2000\" \/>\n\t<meta property=\"og:image:type\" content=\"image\/jpeg\" \/>\n<meta name=\"twitter:card\" content=\"summary_large_image\" \/>\n<meta name=\"twitter:label1\" content=\"Price\" \/>\n\t<meta name=\"twitter:data1\" content=\"1,39&euro;\" \/>\n\t<meta name=\"twitter:label2\" content=\"Availability\" \/>\n\t<meta name=\"twitter:data2\" content=\"In stock\" \/>\n<script type=\"application\/ld+json\" class=\"yoast-schema-graph\">{\"@context\":\"https:\\\/\\\/schema.org\",\"@graph\":[{\"@type\":\"WebPage\",\"@id\":\"https:\\\/\\\/www.versiegelung24.com\\\/lv\\\/product\\\/aizsargbrilles-ar-integretu-sanu-aizsardzibu-un-regulejamiem-deniniem-kopie\\\/\",\"url\":\"https:\\\/\\\/www.versiegelung24.com\\\/lv\\\/product\\\/aizsargbrilles-ar-integretu-sanu-aizsardzibu-un-regulejamiem-deniniem-kopie\\\/\",\"name\":\"Lakas putu rull\u012btis \u013coti smalks no ab\u0101m pus\u0113m taisni balts 11cm - versiegelung24.com\",\"isPartOf\":{\"@id\":\"https:\\\/\\\/www.versiegelung24.com\\\/lv\\\/#website\"},\"primaryImageOfPage\":{\"@id\":\"https:\\\/\\\/www.versiegelung24.com\\\/lv\\\/product\\\/aizsargbrilles-ar-integretu-sanu-aizsardzibu-un-regulejamiem-deniniem-kopie\\\/#primaryimage\"},\"image\":{\"@id\":\"https:\\\/\\\/www.versiegelung24.com\\\/lv\\\/product\\\/aizsargbrilles-ar-integretu-sanu-aizsardzibu-un-regulejamiem-deniniem-kopie\\\/#primaryimage\"},\"thumbnailUrl\":\"https:\\\/\\\/www.versiegelung24.com\\\/wp-content\\\/uploads\\\/2022\\\/02\\\/produkt-v24-sblw11-lackierrolle.jpg\",\"datePublished\":\"2022-02-23T13:33:07+00:00\",\"dateModified\":\"2024-01-18T00:09:15+00:00\",\"breadcrumb\":{\"@id\":\"https:\\\/\\\/www.versiegelung24.com\\\/lv\\\/product\\\/aizsargbrilles-ar-integretu-sanu-aizsardzibu-un-regulejamiem-deniniem-kopie\\\/#breadcrumb\"},\"inLanguage\":\"lv-LV\",\"potentialAction\":[{\"@type\":\"ReadAction\",\"target\":[\"https:\\\/\\\/www.versiegelung24.com\\\/lv\\\/product\\\/aizsargbrilles-ar-integretu-sanu-aizsardzibu-un-regulejamiem-deniniem-kopie\\\/\"]}]},{\"@type\":\"ImageObject\",\"inLanguage\":\"lv-LV\",\"@id\":\"https:\\\/\\\/www.versiegelung24.com\\\/lv\\\/product\\\/aizsargbrilles-ar-integretu-sanu-aizsardzibu-un-regulejamiem-deniniem-kopie\\\/#primaryimage\",\"url\":\"https:\\\/\\\/www.versiegelung24.com\\\/wp-content\\\/uploads\\\/2022\\\/02\\\/produkt-v24-sblw11-lackierrolle.jpg\",\"contentUrl\":\"https:\\\/\\\/www.versiegelung24.com\\\/wp-content\\\/uploads\\\/2022\\\/02\\\/produkt-v24-sblw11-lackierrolle.jpg\",\"width\":2000,\"height\":2000},{\"@type\":\"BreadcrumbList\",\"@id\":\"https:\\\/\\\/www.versiegelung24.com\\\/lv\\\/product\\\/aizsargbrilles-ar-integretu-sanu-aizsardzibu-un-regulejamiem-deniniem-kopie\\\/#breadcrumb\",\"itemListElement\":[{\"@type\":\"ListItem\",\"position\":1,\"name\":\"M\u0101jas lapa\",\"item\":\"https:\\\/\\\/www.versiegelung24.com\\\/lv\\\/prieksejais\\\/\"},{\"@type\":\"ListItem\",\"position\":2,\"name\":\"Veikals\",\"item\":\"https:\\\/\\\/www.versiegelung24.com\\\/lv\\\/veikals\\\/\"},{\"@type\":\"ListItem\",\"position\":3,\"name\":\"Lakas putu rull\u012btis \u013coti smalks no ab\u0101m pus\u0113m taisni balts 11cm\"}]},{\"@type\":\"WebSite\",\"@id\":\"https:\\\/\\\/www.versiegelung24.com\\\/lv\\\/#website\",\"url\":\"https:\\\/\\\/www.versiegelung24.com\\\/lv\\\/\",\"name\":\"versiegelung24.com\",\"description\":\"Fl\u00fcssigglas-Versiegelung - Made in Germany\",\"publisher\":{\"@id\":\"https:\\\/\\\/www.versiegelung24.com\\\/lv\\\/#organization\"},\"potentialAction\":[{\"@type\":\"SearchAction\",\"target\":{\"@type\":\"EntryPoint\",\"urlTemplate\":\"https:\\\/\\\/www.versiegelung24.com\\\/lv\\\/?s={search_term_string}\"},\"query-input\":{\"@type\":\"PropertyValueSpecification\",\"valueRequired\":true,\"valueName\":\"search_term_string\"}}],\"inLanguage\":\"lv-LV\"},{\"@type\":\"Organization\",\"@id\":\"https:\\\/\\\/www.versiegelung24.com\\\/lv\\\/#organization\",\"name\":\"versiegelung24\",\"url\":\"https:\\\/\\\/www.versiegelung24.com\\\/lv\\\/\",\"logo\":{\"@type\":\"ImageObject\",\"inLanguage\":\"lv-LV\",\"@id\":\"https:\\\/\\\/www.versiegelung24.com\\\/lv\\\/#\\\/schema\\\/logo\\\/image\\\/\",\"url\":\"https:\\\/\\\/www.versiegelung24.com\\\/wp-content\\\/uploads\\\/2020\\\/04\\\/versiegelung24.png\",\"contentUrl\":\"https:\\\/\\\/www.versiegelung24.com\\\/wp-content\\\/uploads\\\/2020\\\/04\\\/versiegelung24.png\",\"width\":470,\"height\":102,\"caption\":\"versiegelung24\"},\"image\":{\"@id\":\"https:\\\/\\\/www.versiegelung24.com\\\/lv\\\/#\\\/schema\\\/logo\\\/image\\\/\"}}]}<\/script>\n<meta property=\"product:price:amount\" content=\"1.39\" \/>\n<meta property=\"product:price:currency\" content=\"EUR\" \/>\n<meta property=\"og:availability\" content=\"instock\" \/>\n<meta property=\"product:availability\" content=\"instock\" \/>\n<meta property=\"product:retailer_item_id\" content=\"V24-SBLW11\" \/>\n<meta property=\"product:condition\" content=\"new\" \/>\n<!-- \/ Yoast SEO Premium plugin. -->","yoast_head_json":{"title":"Lakas putu rull\u012btis \u013coti smalks no ab\u0101m pus\u0113m taisni balts 11cm - versiegelung24.com","robots":{"index":"index","follow":"follow","max-snippet":"max-snippet:-1","max-image-preview":"max-image-preview:large","max-video-preview":"max-video-preview:-1"},"canonical":"https:\/\/www.versiegelung24.com\/lv\/product\/aizsargbrilles-ar-integretu-sanu-aizsardzibu-un-regulejamiem-deniniem-kopie\/","og_locale":"lv_LV","og_type":"article","og_title":"Lakas putu rull\u012btis \u013coti smalks no ab\u0101m pus\u0113m taisni balts 11cm","og_description":"\u2713 Taisnas no ab\u0101m pus\u0113m, \u013coti smalkas ar putuplasta bl\u012bvumu 60 kg. \u2713 Kr\u0101so\u0161anas darbiem ar kr\u0101s\u0101m uz \u016bdens b\u0101zes un nedaudz \u0161\u0137\u012bdin\u0101t\u0101ju b\u0101zes. \u2713 Kron\u0161teins \u00d8 6mm \u2713 Kop\u0113jais \u00d8 35 mm \u2713 Garums: 11 cm","og_url":"https:\/\/www.versiegelung24.com\/lv\/product\/aizsargbrilles-ar-integretu-sanu-aizsardzibu-un-regulejamiem-deniniem-kopie\/","og_site_name":"versiegelung24.com","article_modified_time":"2024-01-18T00:09:15+00:00","og_image":[{"width":2000,"height":2000,"url":"https:\/\/www.versiegelung24.com\/wp-content\/uploads\/2022\/02\/produkt-v24-sblw11-lackierrolle.jpg","type":"image\/jpeg"}],"twitter_card":"summary_large_image","twitter_misc":{"Price":"1,39&euro;","Availability":"In stock"},"schema":{"@context":"https:\/\/schema.org","@graph":[{"@type":"WebPage","@id":"https:\/\/www.versiegelung24.com\/lv\/product\/aizsargbrilles-ar-integretu-sanu-aizsardzibu-un-regulejamiem-deniniem-kopie\/","url":"https:\/\/www.versiegelung24.com\/lv\/product\/aizsargbrilles-ar-integretu-sanu-aizsardzibu-un-regulejamiem-deniniem-kopie\/","name":"Lakas putu rull\u012btis \u013coti smalks no ab\u0101m pus\u0113m taisni balts 11cm - versiegelung24.com","isPartOf":{"@id":"https:\/\/www.versiegelung24.com\/lv\/#website"},"primaryImageOfPage":{"@id":"https:\/\/www.versiegelung24.com\/lv\/product\/aizsargbrilles-ar-integretu-sanu-aizsardzibu-un-regulejamiem-deniniem-kopie\/#primaryimage"},"image":{"@id":"https:\/\/www.versiegelung24.com\/lv\/product\/aizsargbrilles-ar-integretu-sanu-aizsardzibu-un-regulejamiem-deniniem-kopie\/#primaryimage"},"thumbnailUrl":"https:\/\/www.versiegelung24.com\/wp-content\/uploads\/2022\/02\/produkt-v24-sblw11-lackierrolle.jpg","datePublished":"2022-02-23T13:33:07+00:00","dateModified":"2024-01-18T00:09:15+00:00","breadcrumb":{"@id":"https:\/\/www.versiegelung24.com\/lv\/product\/aizsargbrilles-ar-integretu-sanu-aizsardzibu-un-regulejamiem-deniniem-kopie\/#breadcrumb"},"inLanguage":"lv-LV","potentialAction":[{"@type":"ReadAction","target":["https:\/\/www.versiegelung24.com\/lv\/product\/aizsargbrilles-ar-integretu-sanu-aizsardzibu-un-regulejamiem-deniniem-kopie\/"]}]},{"@type":"ImageObject","inLanguage":"lv-LV","@id":"https:\/\/www.versiegelung24.com\/lv\/product\/aizsargbrilles-ar-integretu-sanu-aizsardzibu-un-regulejamiem-deniniem-kopie\/#primaryimage","url":"https:\/\/www.versiegelung24.com\/wp-content\/uploads\/2022\/02\/produkt-v24-sblw11-lackierrolle.jpg","contentUrl":"https:\/\/www.versiegelung24.com\/wp-content\/uploads\/2022\/02\/produkt-v24-sblw11-lackierrolle.jpg","width":2000,"height":2000},{"@type":"BreadcrumbList","@id":"https:\/\/www.versiegelung24.com\/lv\/product\/aizsargbrilles-ar-integretu-sanu-aizsardzibu-un-regulejamiem-deniniem-kopie\/#breadcrumb","itemListElement":[{"@type":"ListItem","position":1,"name":"M\u0101jas lapa","item":"https:\/\/www.versiegelung24.com\/lv\/prieksejais\/"},{"@type":"ListItem","position":2,"name":"Veikals","item":"https:\/\/www.versiegelung24.com\/lv\/veikals\/"},{"@type":"ListItem","position":3,"name":"Lakas putu rull\u012btis \u013coti smalks no ab\u0101m pus\u0113m taisni balts 11cm"}]},{"@type":"WebSite","@id":"https:\/\/www.versiegelung24.com\/lv\/#website","url":"https:\/\/www.versiegelung24.com\/lv\/","name":"versiegelung24.com","description":"Fl\u00fcssigglas-Versiegelung - Made in Germany","publisher":{"@id":"https:\/\/www.versiegelung24.com\/lv\/#organization"},"potentialAction":[{"@type":"SearchAction","target":{"@type":"EntryPoint","urlTemplate":"https:\/\/www.versiegelung24.com\/lv\/?s={search_term_string}"},"query-input":{"@type":"PropertyValueSpecification","valueRequired":true,"valueName":"search_term_string"}}],"inLanguage":"lv-LV"},{"@type":"Organization","@id":"https:\/\/www.versiegelung24.com\/lv\/#organization","name":"versiegelung24","url":"https:\/\/www.versiegelung24.com\/lv\/","logo":{"@type":"ImageObject","inLanguage":"lv-LV","@id":"https:\/\/www.versiegelung24.com\/lv\/#\/schema\/logo\/image\/","url":"https:\/\/www.versiegelung24.com\/wp-content\/uploads\/2020\/04\/versiegelung24.png","contentUrl":"https:\/\/www.versiegelung24.com\/wp-content\/uploads\/2020\/04\/versiegelung24.png","width":470,"height":102,"caption":"versiegelung24"},"image":{"@id":"https:\/\/www.versiegelung24.com\/lv\/#\/schema\/logo\/image\/"}}]},"product_price_amount":"1.39","product_price_currency":"EUR","og_availability":"instock","product_availability":"instock","product_retailer_item_id":"V24-SBLW11","product_condition":"new"},"_links":{"self":[{"href":"https:\/\/www.versiegelung24.com\/lv\/wp-json\/wp\/v2\/product\/82640","targetHints":{"allow":["GET"]}}],"collection":[{"href":"https:\/\/www.versiegelung24.com\/lv\/wp-json\/wp\/v2\/product"}],"about":[{"href":"https:\/\/www.versiegelung24.com\/lv\/wp-json\/wp\/v2\/types\/product"}],"version-history":[{"count":5,"href":"https:\/\/www.versiegelung24.com\/lv\/wp-json\/wp\/v2\/product\/82640\/revisions"}],"predecessor-version":[{"id":111699,"href":"https:\/\/www.versiegelung24.com\/lv\/wp-json\/wp\/v2\/product\/82640\/revisions\/111699"}],"wp:featuredmedia":[{"embeddable":true,"href":"https:\/\/www.versiegelung24.com\/lv\/wp-json\/wp\/v2\/media\/82246"}],"wp:attachment":[{"href":"https:\/\/www.versiegelung24.com\/lv\/wp-json\/wp\/v2\/media?parent=82640"}],"wp:term":[{"taxonomy":"product_brand","embeddable":true,"href":"https:\/\/www.versiegelung24.com\/lv\/wp-json\/wp\/v2\/product_brand?post=82640"},{"taxonomy":"product_cat","embeddable":true,"href":"https:\/\/www.versiegelung24.com\/lv\/wp-json\/wp\/v2\/product_cat?post=82640"},{"taxonomy":"product_tag","embeddable":true,"href":"https:\/\/www.versiegelung24.com\/lv\/wp-json\/wp\/v2\/product_tag?post=82640"}],"curies":[{"name":"wp","href":"https:\/\/api.w.org\/{rel}","templated":true}]}}