{"id":92053,"date":"2022-06-27T17:11:54","date_gmt":"2022-06-27T15:12:14","guid":{"rendered":"https:\/\/www.versiegelung24.com\/produkt\/papildu-smidzinasanas-galvina-1-litra-blivetajiem\/"},"modified":"2024-03-27T19:29:37","modified_gmt":"2024-03-27T18:29:37","slug":"papildu-smidzinasanas-galvina-1-litra-blivetajiem","status":"publish","type":"product","link":"https:\/\/www.versiegelung24.com\/lv\/papildu-smidzinasanas-galvina-1-litra-blivetajiem.html","title":{"rendered":"Rezerves smidzin\u0101\u0161anas galvi\u0146a"},"content":{"rendered":"\n<p>Rezerves vai papildu smidzin\u0101\u0161anas galvi\u0146a, kas paredz\u0113ta 24 1 litra pude\u013cu bl\u012bv\u0113\u0161anai.<\/p>\n\n<p>Ilustr\u0101cij\u0101 att\u0113lots simbolisks att\u0113ls. Iesp\u0113jama l\u012bdz\u012bga pieg\u0101de.<\/p>\n","protected":false},"excerpt":{"rendered":"<p>Rezerves vai papildu smidzin\u0101\u0161anas galvi\u0146a, kas paredz\u0113ta 24 1 litra pude\u013cu bl\u012bv\u0113\u0161anai.<\/p>\n","protected":false},"featured_media":92132,"template":"","meta":{"_acf_changed":false,"neve_meta_sidebar":"","neve_meta_container":"","neve_meta_enable_content_width":"","neve_meta_content_width":0,"neve_meta_title_alignment":"","neve_meta_author_avatar":"","neve_post_elements_order":"","neve_meta_disable_header":"","neve_meta_disable_footer":"","neve_meta_disable_title":"","neve_meta_reading_time":"","_surfaces":[],"_ver_product_tabs":[],"footnotes":""},"product_brand":[],"product_cat":[3079],"product_tag":[],"class_list":{"0":"post-92053","1":"product","2":"type-product","3":"status-publish","4":"has-post-thumbnail","6":"product_cat-iekartas","8":"first","9":"instock","10":"taxable","11":"shipping-taxable","12":"purchasable","13":"product-type-simple"},"acf":[],"yoast_head":"<!-- This site is optimized with the Yoast SEO Premium plugin v22.8 (Yoast SEO v27.4) - https:\/\/yoast.com\/product\/yoast-seo-premium-wordpress\/ -->\n<title>Rezerves smidzin\u0101\u0161anas galvi\u0146a - versiegelung24.com<\/title>\n<meta name=\"robots\" content=\"index, follow, max-snippet:-1, max-image-preview:large, max-video-preview:-1\" \/>\n<link rel=\"canonical\" href=\"https:\/\/www.versiegelung24.com\/lv\/papildu-smidzinasanas-galvina-1-litra-blivetajiem.html\" \/>\n<meta property=\"og:locale\" content=\"lv_LV\" \/>\n<meta property=\"og:type\" content=\"article\" \/>\n<meta property=\"og:title\" content=\"Rezerves smidzin\u0101\u0161anas galvi\u0146a\" \/>\n<meta property=\"og:description\" content=\"Rezerves vai papildu smidzin\u0101\u0161anas galvi\u0146a, kas paredz\u0113ta 24 1 litra pude\u013cu bl\u012bv\u0113\u0161anai.\" \/>\n<meta property=\"og:url\" content=\"https:\/\/www.versiegelung24.com\/lv\/papildu-smidzinasanas-galvina-1-litra-blivetajiem.html\" \/>\n<meta property=\"og:site_name\" content=\"versiegelung24.com\" \/>\n<meta property=\"article:modified_time\" content=\"2024-03-27T18:29:37+00:00\" \/>\n<meta property=\"og:image\" content=\"https:\/\/www.versiegelung24.com\/wp-content\/uploads\/2022\/06\/spruehkopf-weiss-1l.png\" \/>\n\t<meta property=\"og:image:width\" content=\"1024\" \/>\n\t<meta property=\"og:image:height\" content=\"1024\" \/>\n\t<meta property=\"og:image:type\" content=\"image\/png\" \/>\n<meta name=\"twitter:card\" content=\"summary_large_image\" \/>\n<meta name=\"twitter:label1\" content=\"Price\" \/>\n\t<meta name=\"twitter:data1\" content=\"2,99&euro;\" \/>\n\t<meta name=\"twitter:label2\" content=\"Availability\" \/>\n\t<meta name=\"twitter:data2\" content=\"In stock\" \/>\n<script type=\"application\/ld+json\" class=\"yoast-schema-graph\">{\"@context\":\"https:\\\/\\\/schema.org\",\"@graph\":[{\"@type\":\"WebPage\",\"@id\":\"https:\\\/\\\/www.versiegelung24.com\\\/lv\\\/papildu-smidzinasanas-galvina-1-litra-blivetajiem.html\",\"url\":\"https:\\\/\\\/www.versiegelung24.com\\\/lv\\\/papildu-smidzinasanas-galvina-1-litra-blivetajiem.html\",\"name\":\"Rezerves smidzin\u0101\u0161anas galvi\u0146a - versiegelung24.com\",\"isPartOf\":{\"@id\":\"https:\\\/\\\/www.versiegelung24.com\\\/lv\\\/#website\"},\"primaryImageOfPage\":{\"@id\":\"https:\\\/\\\/www.versiegelung24.com\\\/lv\\\/papildu-smidzinasanas-galvina-1-litra-blivetajiem.html#primaryimage\"},\"image\":{\"@id\":\"https:\\\/\\\/www.versiegelung24.com\\\/lv\\\/papildu-smidzinasanas-galvina-1-litra-blivetajiem.html#primaryimage\"},\"thumbnailUrl\":\"https:\\\/\\\/www.versiegelung24.com\\\/wp-content\\\/uploads\\\/2022\\\/06\\\/spruehkopf-weiss-1l.png\",\"datePublished\":\"2022-06-27T15:12:14+00:00\",\"dateModified\":\"2024-03-27T18:29:37+00:00\",\"breadcrumb\":{\"@id\":\"https:\\\/\\\/www.versiegelung24.com\\\/lv\\\/papildu-smidzinasanas-galvina-1-litra-blivetajiem.html#breadcrumb\"},\"inLanguage\":\"lv-LV\",\"potentialAction\":[{\"@type\":\"ReadAction\",\"target\":[\"https:\\\/\\\/www.versiegelung24.com\\\/lv\\\/papildu-smidzinasanas-galvina-1-litra-blivetajiem.html\"]}]},{\"@type\":\"ImageObject\",\"inLanguage\":\"lv-LV\",\"@id\":\"https:\\\/\\\/www.versiegelung24.com\\\/lv\\\/papildu-smidzinasanas-galvina-1-litra-blivetajiem.html#primaryimage\",\"url\":\"https:\\\/\\\/www.versiegelung24.com\\\/wp-content\\\/uploads\\\/2022\\\/06\\\/spruehkopf-weiss-1l.png\",\"contentUrl\":\"https:\\\/\\\/www.versiegelung24.com\\\/wp-content\\\/uploads\\\/2022\\\/06\\\/spruehkopf-weiss-1l.png\",\"width\":1024,\"height\":1024},{\"@type\":\"BreadcrumbList\",\"@id\":\"https:\\\/\\\/www.versiegelung24.com\\\/lv\\\/papildu-smidzinasanas-galvina-1-litra-blivetajiem.html#breadcrumb\",\"itemListElement\":[{\"@type\":\"ListItem\",\"position\":1,\"name\":\"M\u0101jas lapa\",\"item\":\"https:\\\/\\\/www.versiegelung24.com\\\/lv\\\/prieksejais\\\/\"},{\"@type\":\"ListItem\",\"position\":2,\"name\":\"Veikals\",\"item\":\"https:\\\/\\\/www.versiegelung24.com\\\/lv\\\/veikals\\\/\"},{\"@type\":\"ListItem\",\"position\":3,\"name\":\"Rezerves smidzin\u0101\u0161anas galvi\u0146a\"}]},{\"@type\":\"WebSite\",\"@id\":\"https:\\\/\\\/www.versiegelung24.com\\\/lv\\\/#website\",\"url\":\"https:\\\/\\\/www.versiegelung24.com\\\/lv\\\/\",\"name\":\"versiegelung24.com\",\"description\":\"Fl\u00fcssigglas-Versiegelung - Made in Germany\",\"publisher\":{\"@id\":\"https:\\\/\\\/www.versiegelung24.com\\\/lv\\\/#organization\"},\"potentialAction\":[{\"@type\":\"SearchAction\",\"target\":{\"@type\":\"EntryPoint\",\"urlTemplate\":\"https:\\\/\\\/www.versiegelung24.com\\\/lv\\\/?s={search_term_string}\"},\"query-input\":{\"@type\":\"PropertyValueSpecification\",\"valueRequired\":true,\"valueName\":\"search_term_string\"}}],\"inLanguage\":\"lv-LV\"},{\"@type\":\"Organization\",\"@id\":\"https:\\\/\\\/www.versiegelung24.com\\\/lv\\\/#organization\",\"name\":\"versiegelung24\",\"url\":\"https:\\\/\\\/www.versiegelung24.com\\\/lv\\\/\",\"logo\":{\"@type\":\"ImageObject\",\"inLanguage\":\"lv-LV\",\"@id\":\"https:\\\/\\\/www.versiegelung24.com\\\/lv\\\/#\\\/schema\\\/logo\\\/image\\\/\",\"url\":\"https:\\\/\\\/www.versiegelung24.com\\\/wp-content\\\/uploads\\\/2020\\\/04\\\/versiegelung24.png\",\"contentUrl\":\"https:\\\/\\\/www.versiegelung24.com\\\/wp-content\\\/uploads\\\/2020\\\/04\\\/versiegelung24.png\",\"width\":470,\"height\":102,\"caption\":\"versiegelung24\"},\"image\":{\"@id\":\"https:\\\/\\\/www.versiegelung24.com\\\/lv\\\/#\\\/schema\\\/logo\\\/image\\\/\"}}]}<\/script>\n<meta property=\"product:price:amount\" content=\"2.99\" \/>\n<meta property=\"product:price:currency\" content=\"EUR\" \/>\n<meta property=\"og:availability\" content=\"instock\" \/>\n<meta property=\"product:availability\" content=\"instock\" \/>\n<meta property=\"product:retailer_item_id\" content=\"v24-spruehkopf-1l\" \/>\n<meta property=\"product:condition\" content=\"new\" \/>\n<!-- \/ Yoast SEO Premium plugin. -->","yoast_head_json":{"title":"Rezerves smidzin\u0101\u0161anas galvi\u0146a - versiegelung24.com","robots":{"index":"index","follow":"follow","max-snippet":"max-snippet:-1","max-image-preview":"max-image-preview:large","max-video-preview":"max-video-preview:-1"},"canonical":"https:\/\/www.versiegelung24.com\/lv\/papildu-smidzinasanas-galvina-1-litra-blivetajiem.html","og_locale":"lv_LV","og_type":"article","og_title":"Rezerves smidzin\u0101\u0161anas galvi\u0146a","og_description":"Rezerves vai papildu smidzin\u0101\u0161anas galvi\u0146a, kas paredz\u0113ta 24 1 litra pude\u013cu bl\u012bv\u0113\u0161anai.","og_url":"https:\/\/www.versiegelung24.com\/lv\/papildu-smidzinasanas-galvina-1-litra-blivetajiem.html","og_site_name":"versiegelung24.com","article_modified_time":"2024-03-27T18:29:37+00:00","og_image":[{"width":1024,"height":1024,"url":"https:\/\/www.versiegelung24.com\/wp-content\/uploads\/2022\/06\/spruehkopf-weiss-1l.png","type":"image\/png"}],"twitter_card":"summary_large_image","twitter_misc":{"Price":"2,99&euro;","Availability":"In stock"},"schema":{"@context":"https:\/\/schema.org","@graph":[{"@type":"WebPage","@id":"https:\/\/www.versiegelung24.com\/lv\/papildu-smidzinasanas-galvina-1-litra-blivetajiem.html","url":"https:\/\/www.versiegelung24.com\/lv\/papildu-smidzinasanas-galvina-1-litra-blivetajiem.html","name":"Rezerves smidzin\u0101\u0161anas galvi\u0146a - versiegelung24.com","isPartOf":{"@id":"https:\/\/www.versiegelung24.com\/lv\/#website"},"primaryImageOfPage":{"@id":"https:\/\/www.versiegelung24.com\/lv\/papildu-smidzinasanas-galvina-1-litra-blivetajiem.html#primaryimage"},"image":{"@id":"https:\/\/www.versiegelung24.com\/lv\/papildu-smidzinasanas-galvina-1-litra-blivetajiem.html#primaryimage"},"thumbnailUrl":"https:\/\/www.versiegelung24.com\/wp-content\/uploads\/2022\/06\/spruehkopf-weiss-1l.png","datePublished":"2022-06-27T15:12:14+00:00","dateModified":"2024-03-27T18:29:37+00:00","breadcrumb":{"@id":"https:\/\/www.versiegelung24.com\/lv\/papildu-smidzinasanas-galvina-1-litra-blivetajiem.html#breadcrumb"},"inLanguage":"lv-LV","potentialAction":[{"@type":"ReadAction","target":["https:\/\/www.versiegelung24.com\/lv\/papildu-smidzinasanas-galvina-1-litra-blivetajiem.html"]}]},{"@type":"ImageObject","inLanguage":"lv-LV","@id":"https:\/\/www.versiegelung24.com\/lv\/papildu-smidzinasanas-galvina-1-litra-blivetajiem.html#primaryimage","url":"https:\/\/www.versiegelung24.com\/wp-content\/uploads\/2022\/06\/spruehkopf-weiss-1l.png","contentUrl":"https:\/\/www.versiegelung24.com\/wp-content\/uploads\/2022\/06\/spruehkopf-weiss-1l.png","width":1024,"height":1024},{"@type":"BreadcrumbList","@id":"https:\/\/www.versiegelung24.com\/lv\/papildu-smidzinasanas-galvina-1-litra-blivetajiem.html#breadcrumb","itemListElement":[{"@type":"ListItem","position":1,"name":"M\u0101jas lapa","item":"https:\/\/www.versiegelung24.com\/lv\/prieksejais\/"},{"@type":"ListItem","position":2,"name":"Veikals","item":"https:\/\/www.versiegelung24.com\/lv\/veikals\/"},{"@type":"ListItem","position":3,"name":"Rezerves smidzin\u0101\u0161anas galvi\u0146a"}]},{"@type":"WebSite","@id":"https:\/\/www.versiegelung24.com\/lv\/#website","url":"https:\/\/www.versiegelung24.com\/lv\/","name":"versiegelung24.com","description":"Fl\u00fcssigglas-Versiegelung - Made in Germany","publisher":{"@id":"https:\/\/www.versiegelung24.com\/lv\/#organization"},"potentialAction":[{"@type":"SearchAction","target":{"@type":"EntryPoint","urlTemplate":"https:\/\/www.versiegelung24.com\/lv\/?s={search_term_string}"},"query-input":{"@type":"PropertyValueSpecification","valueRequired":true,"valueName":"search_term_string"}}],"inLanguage":"lv-LV"},{"@type":"Organization","@id":"https:\/\/www.versiegelung24.com\/lv\/#organization","name":"versiegelung24","url":"https:\/\/www.versiegelung24.com\/lv\/","logo":{"@type":"ImageObject","inLanguage":"lv-LV","@id":"https:\/\/www.versiegelung24.com\/lv\/#\/schema\/logo\/image\/","url":"https:\/\/www.versiegelung24.com\/wp-content\/uploads\/2020\/04\/versiegelung24.png","contentUrl":"https:\/\/www.versiegelung24.com\/wp-content\/uploads\/2020\/04\/versiegelung24.png","width":470,"height":102,"caption":"versiegelung24"},"image":{"@id":"https:\/\/www.versiegelung24.com\/lv\/#\/schema\/logo\/image\/"}}]},"product_price_amount":"2.99","product_price_currency":"EUR","og_availability":"instock","product_availability":"instock","product_retailer_item_id":"v24-spruehkopf-1l","product_condition":"new"},"_links":{"self":[{"href":"https:\/\/www.versiegelung24.com\/lv\/wp-json\/wp\/v2\/product\/92053","targetHints":{"allow":["GET"]}}],"collection":[{"href":"https:\/\/www.versiegelung24.com\/lv\/wp-json\/wp\/v2\/product"}],"about":[{"href":"https:\/\/www.versiegelung24.com\/lv\/wp-json\/wp\/v2\/types\/product"}],"version-history":[{"count":9,"href":"https:\/\/www.versiegelung24.com\/lv\/wp-json\/wp\/v2\/product\/92053\/revisions"}],"predecessor-version":[{"id":92333,"href":"https:\/\/www.versiegelung24.com\/lv\/wp-json\/wp\/v2\/product\/92053\/revisions\/92333"}],"wp:featuredmedia":[{"embeddable":true,"href":"https:\/\/www.versiegelung24.com\/lv\/wp-json\/wp\/v2\/media\/92132"}],"wp:attachment":[{"href":"https:\/\/www.versiegelung24.com\/lv\/wp-json\/wp\/v2\/media?parent=92053"}],"wp:term":[{"taxonomy":"product_brand","embeddable":true,"href":"https:\/\/www.versiegelung24.com\/lv\/wp-json\/wp\/v2\/product_brand?post=92053"},{"taxonomy":"product_cat","embeddable":true,"href":"https:\/\/www.versiegelung24.com\/lv\/wp-json\/wp\/v2\/product_cat?post=92053"},{"taxonomy":"product_tag","embeddable":true,"href":"https:\/\/www.versiegelung24.com\/lv\/wp-json\/wp\/v2\/product_tag?post=92053"}],"curies":[{"name":"wp","href":"https:\/\/api.w.org\/{rel}","templated":true}]}}