{"id":93753,"date":"2022-10-21T16:49:10","date_gmt":"2022-10-21T14:49:10","guid":{"rendered":"https:\/\/www.versiegelung24.com\/?post_type=product&#038;p=93753"},"modified":"2025-03-31T14:58:27","modified_gmt":"2025-03-31T12:58:27","slug":"pielietojums-smerce-95x40x23mm","status":"publish","type":"product","link":"https:\/\/www.versiegelung24.com\/lv\/mikroskiedras-lupatina-40x40cm-priekstirisanai-vai-pulesanai-dzeltena-kopie.html","title":{"rendered":"Lieto\u0161anas s\u016bklis 95x40x23mm"},"content":{"rendered":"\n<p>S\u016bklis uzkl\u0101\u0161anai  <\/p>\n\n<p>Ide\u0101li piem\u0113rots lieto\u0161anai kop\u0101 ar m\u016bsu <a href=\"https:\/\/www.versiegelung24.com\/applikationstuch-20x20cm.html\">mikro\u0161\u0137iedras dr\u0101nu \u0161\u0137idro stikla herm\u0113ti\u0137u uzkl\u0101\u0161anai<\/a>.<\/p>\n\n<p>M\u0113s iesak\u0101m izmantot atsevi\u0161\u0137u mikro\u0161\u0137iedras dr\u0101nu katram m\u016bsu virsmas herm\u0113ti\u0137u un impregn\u0113\u0161anas l\u012bdzek\u013cu uzkl\u0101\u0161anas posmam.<\/p>\n\n<p>Izmantojot uzkl\u0101\u0161anas s\u016bkli kop\u0101 ar m\u016bsu mikro\u0161\u0137iedras lupati\u0146\u0101m, ir iesp\u0113jams doz\u0113t un optimiz\u0113t uzkl\u0101\u0161anu vai pul\u0113\u0161anu atkar\u012bb\u0101 no s\u016bk\u013ca puses, virsmas st\u0101vok\u013ca un spiediena.<\/p>\n\n<hr \/>\n\n<h4 class=\"wp-block-heading\" id=\"properties\">Produkta \u012bpa\u0161\u012bbas<\/h4>\n\n<div class=\"wp-block-columns is-layout-flex wp-container-core-columns-is-layout-9d6595d7 wp-block-columns-is-layout-flex\">\n<div class=\"wp-block-column is-layout-flow wp-block-column-is-layout-flow\">\n<p>S\u016bklis uzkl\u0101\u0161anai un pul\u0113\u0161anai Izm\u0113rs: 95 x 40 x 23 mm  <\/p>\n<\/div>\n\n\n\n<div class=\"wp-block-column is-layout-flow wp-block-column-is-layout-flow\">\n<p>Aug\u0161\u0113jais cietais sl\u0101nis 5 mm balts XPE 3000-33 Vid\u0113jais sl\u0101nis m\u012bksts 18 mm S2145 zils<\/p>\n<\/div>\n<\/div>\n\n<hr \/>\n\n<h4 class=\"wp-block-heading\" id=\"application\">Pieteikums<\/h4>\n\n<p>M\u016bsu herm\u0113ti\u0137u uzkl\u0101\u0161anai uz glud\u0101m neabsorb\u0113jo\u0161\u0101m virsm\u0101m m\u0113s iesak\u0101m izmantot kombin\u0101ciju ar m\u016bsu <a href=\"https:\/\/www.versiegelung24.com\/applikationstuch-20x20cm.html\">mikro\u0161\u0137iedras dr\u0101nu \u0161\u0137idr\u0101 stikla herm\u0113ti\u0137u uzkl\u0101\u0161anai<\/a>. Uzlieciet mikro\u0161\u0137iedras dr\u0101nu uz balt\u0101s ciet\u0101s puses, lai uzkl\u0101tu herm\u0113ti\u0137i, un uzkl\u0101jiet herm\u0113ti\u0137i saska\u0146\u0101 ar attiec\u012bgajiem lieto\u0161anas nor\u0101d\u012bjumiem.<\/p>\n\n<p>Lai veiktu atk\u0101rtotu pul\u0113\u0161anu ar m\u016bsu <a href=\"https:\/\/www.versiegelung24.com\/lv\/mikroskiedras-lupatina-30x30cm-ieprieksejai-tirisanai-vai-pulesanai.html\">mikro\u0161\u0137iedras dr\u0101nu 30&#215;30 cm priek\u0161att\u012br\u012b\u0161anai vai pul\u0113\u0161anai<\/a>, uzlieciet dr\u0101nu uz s\u016bk\u013ca un izmantojiet s\u016bk\u013ca cieto vai m\u012bksto pusi atkar\u012bb\u0101 no virsmas st\u0101vok\u013ca un nepiecie\u0161am\u012bbas, lai rad\u012btu vienm\u0113r\u012bgu spiedienu uz papla\u0161in\u0101tas virsmas.<\/p>\n","protected":false},"excerpt":{"rendered":"<p><strong>S\u016bklis herm\u0113ti\u0137u uzkl\u0101\u0161anai<\/strong><\/p>\n<p>\u2713 Atk\u0101rtoti lietojams<\/p>\n<p>\u2713 Videi draudz\u012bgs<\/p>\n<p>\u2713 \u0112rts<\/p>\n<p>\u2713 Ciet\u0101 un m\u012bkst\u0101 puse<\/p>\n<p>\u2713 95x40x23mm<\/p>\n<p>&nbsp;<\/p>\n","protected":false},"featured_media":13263,"template":"","meta":{"_acf_changed":false,"neve_meta_sidebar":"","neve_meta_container":"","neve_meta_enable_content_width":"","neve_meta_content_width":0,"neve_meta_title_alignment":"","neve_meta_author_avatar":"","neve_post_elements_order":"","neve_meta_disable_header":"","neve_meta_disable_footer":"","neve_meta_disable_title":"","neve_meta_reading_time":"","_surfaces":[],"_ver_product_tabs":[],"footnotes":""},"product_brand":[],"product_cat":[2310,2318,2353,2475,3079,2196,2306],"product_tag":[],"class_list":{"0":"post-93753","1":"product","2":"type-product","3":"status-publish","4":"has-post-thumbnail","6":"product_cat-metala-un-plastmasas-blivejums","7":"product_cat-tirisanas-piederumi","8":"product_cat-virsmas-dezinfekcijas-lidzekli","9":"product_cat-universals-blivejums","10":"product_cat-iekartas","11":"product_cat-automasinas-blivejums","12":"product_cat-stikla-un-keramikas-blivejums","14":"first","15":"instock","16":"taxable","17":"shipping-taxable","18":"purchasable","19":"product-type-simple"},"acf":[],"yoast_head":"<!-- This site is optimized with the Yoast SEO Premium plugin v22.8 (Yoast SEO v27.5) - https:\/\/yoast.com\/product\/yoast-seo-premium-wordpress\/ -->\n<title>Lieto\u0161anas s\u016bklis 95x40x23mm - versiegelung24.com<\/title>\n<meta name=\"description\" content=\"Uzkl\u0101\u0161anas s\u016bklis - ide\u0101li piem\u0113rots m\u016bsu herm\u0113ti\u0137u uzkl\u0101\u0161anai. Univers\u0101ls l\u012bdzeklis kombin\u0101cij\u0101 ar m\u016bsu mikro\u0161\u0137iedras lupati\u0146\u0101m.\" \/>\n<meta name=\"robots\" content=\"index, follow, max-snippet:-1, max-image-preview:large, max-video-preview:-1\" \/>\n<link rel=\"canonical\" href=\"https:\/\/www.versiegelung24.com\/lv\/mikroskiedras-lupatina-40x40cm-priekstirisanai-vai-pulesanai-dzeltena-kopie.html\" \/>\n<meta property=\"og:locale\" content=\"lv_LV\" \/>\n<meta property=\"og:type\" content=\"article\" \/>\n<meta property=\"og:title\" content=\"Lieto\u0161anas s\u016bklis 95x40x23mm\" \/>\n<meta property=\"og:description\" content=\"Uzkl\u0101\u0161anas s\u016bklis - ide\u0101li piem\u0113rots m\u016bsu herm\u0113ti\u0137u uzkl\u0101\u0161anai. Univers\u0101ls l\u012bdzeklis kombin\u0101cij\u0101 ar m\u016bsu mikro\u0161\u0137iedras lupati\u0146\u0101m.\" \/>\n<meta property=\"og:url\" content=\"https:\/\/www.versiegelung24.com\/lv\/mikroskiedras-lupatina-40x40cm-priekstirisanai-vai-pulesanai-dzeltena-kopie.html\" \/>\n<meta property=\"og:site_name\" content=\"versiegelung24.com\" \/>\n<meta property=\"article:modified_time\" content=\"2025-03-31T12:58:27+00:00\" \/>\n<meta property=\"og:image\" content=\"https:\/\/www.versiegelung24.com\/wp-content\/uploads\/2020\/04\/mikrofasertuch.png\" \/>\n\t<meta property=\"og:image:width\" content=\"1000\" \/>\n\t<meta property=\"og:image:height\" content=\"1000\" \/>\n\t<meta property=\"og:image:type\" content=\"image\/png\" \/>\n<meta name=\"twitter:card\" content=\"summary_large_image\" \/>\n<meta name=\"twitter:label1\" content=\"Price\" \/>\n\t<meta name=\"twitter:data1\" content=\"1,99&euro;\" \/>\n\t<meta name=\"twitter:label2\" content=\"Availability\" \/>\n\t<meta name=\"twitter:data2\" content=\"In stock\" \/>\n<script type=\"application\/ld+json\" class=\"yoast-schema-graph\">{\"@context\":\"https:\\\/\\\/schema.org\",\"@graph\":[{\"@type\":\"WebPage\",\"@id\":\"https:\\\/\\\/www.versiegelung24.com\\\/lv\\\/mikroskiedras-lupatina-40x40cm-priekstirisanai-vai-pulesanai-dzeltena-kopie.html\",\"url\":\"https:\\\/\\\/www.versiegelung24.com\\\/lv\\\/mikroskiedras-lupatina-40x40cm-priekstirisanai-vai-pulesanai-dzeltena-kopie.html\",\"name\":\"Lieto\u0161anas s\u016bklis 95x40x23mm - versiegelung24.com\",\"isPartOf\":{\"@id\":\"https:\\\/\\\/www.versiegelung24.com\\\/lv\\\/#website\"},\"primaryImageOfPage\":{\"@id\":\"https:\\\/\\\/www.versiegelung24.com\\\/lv\\\/mikroskiedras-lupatina-40x40cm-priekstirisanai-vai-pulesanai-dzeltena-kopie.html#primaryimage\"},\"image\":{\"@id\":\"https:\\\/\\\/www.versiegelung24.com\\\/lv\\\/mikroskiedras-lupatina-40x40cm-priekstirisanai-vai-pulesanai-dzeltena-kopie.html#primaryimage\"},\"thumbnailUrl\":\"https:\\\/\\\/www.versiegelung24.com\\\/wp-content\\\/uploads\\\/2020\\\/04\\\/mikrofasertuch.png\",\"datePublished\":\"2022-10-21T14:49:10+00:00\",\"dateModified\":\"2025-03-31T12:58:27+00:00\",\"description\":\"Uzkl\u0101\u0161anas s\u016bklis - ide\u0101li piem\u0113rots m\u016bsu herm\u0113ti\u0137u uzkl\u0101\u0161anai. Univers\u0101ls l\u012bdzeklis kombin\u0101cij\u0101 ar m\u016bsu mikro\u0161\u0137iedras lupati\u0146\u0101m.\",\"breadcrumb\":{\"@id\":\"https:\\\/\\\/www.versiegelung24.com\\\/lv\\\/mikroskiedras-lupatina-40x40cm-priekstirisanai-vai-pulesanai-dzeltena-kopie.html#breadcrumb\"},\"inLanguage\":\"lv-LV\",\"potentialAction\":[{\"@type\":\"ReadAction\",\"target\":[\"https:\\\/\\\/www.versiegelung24.com\\\/lv\\\/mikroskiedras-lupatina-40x40cm-priekstirisanai-vai-pulesanai-dzeltena-kopie.html\"]}]},{\"@type\":\"ImageObject\",\"inLanguage\":\"lv-LV\",\"@id\":\"https:\\\/\\\/www.versiegelung24.com\\\/lv\\\/mikroskiedras-lupatina-40x40cm-priekstirisanai-vai-pulesanai-dzeltena-kopie.html#primaryimage\",\"url\":\"https:\\\/\\\/www.versiegelung24.com\\\/wp-content\\\/uploads\\\/2020\\\/04\\\/mikrofasertuch.png\",\"contentUrl\":\"https:\\\/\\\/www.versiegelung24.com\\\/wp-content\\\/uploads\\\/2020\\\/04\\\/mikrofasertuch.png\",\"width\":1000,\"height\":1000},{\"@type\":\"BreadcrumbList\",\"@id\":\"https:\\\/\\\/www.versiegelung24.com\\\/lv\\\/mikroskiedras-lupatina-40x40cm-priekstirisanai-vai-pulesanai-dzeltena-kopie.html#breadcrumb\",\"itemListElement\":[{\"@type\":\"ListItem\",\"position\":1,\"name\":\"M\u0101jas lapa\",\"item\":\"https:\\\/\\\/www.versiegelung24.com\\\/lv\\\/prieksejais\\\/\"},{\"@type\":\"ListItem\",\"position\":2,\"name\":\"Veikals\",\"item\":\"https:\\\/\\\/www.versiegelung24.com\\\/lv\\\/veikals\\\/\"},{\"@type\":\"ListItem\",\"position\":3,\"name\":\"Lieto\u0161anas s\u016bklis 95x40x23mm\"}]},{\"@type\":\"WebSite\",\"@id\":\"https:\\\/\\\/www.versiegelung24.com\\\/lv\\\/#website\",\"url\":\"https:\\\/\\\/www.versiegelung24.com\\\/lv\\\/\",\"name\":\"versiegelung24.com\",\"description\":\"Fl\u00fcssigglas-Versiegelung - Made in Germany\",\"publisher\":{\"@id\":\"https:\\\/\\\/www.versiegelung24.com\\\/lv\\\/#organization\"},\"potentialAction\":[{\"@type\":\"SearchAction\",\"target\":{\"@type\":\"EntryPoint\",\"urlTemplate\":\"https:\\\/\\\/www.versiegelung24.com\\\/lv\\\/?s={search_term_string}\"},\"query-input\":{\"@type\":\"PropertyValueSpecification\",\"valueRequired\":true,\"valueName\":\"search_term_string\"}}],\"inLanguage\":\"lv-LV\"},{\"@type\":\"Organization\",\"@id\":\"https:\\\/\\\/www.versiegelung24.com\\\/lv\\\/#organization\",\"name\":\"versiegelung24\",\"url\":\"https:\\\/\\\/www.versiegelung24.com\\\/lv\\\/\",\"logo\":{\"@type\":\"ImageObject\",\"inLanguage\":\"lv-LV\",\"@id\":\"https:\\\/\\\/www.versiegelung24.com\\\/lv\\\/#\\\/schema\\\/logo\\\/image\\\/\",\"url\":\"https:\\\/\\\/www.versiegelung24.com\\\/wp-content\\\/uploads\\\/2020\\\/04\\\/versiegelung24.png\",\"contentUrl\":\"https:\\\/\\\/www.versiegelung24.com\\\/wp-content\\\/uploads\\\/2020\\\/04\\\/versiegelung24.png\",\"width\":470,\"height\":102,\"caption\":\"versiegelung24\"},\"image\":{\"@id\":\"https:\\\/\\\/www.versiegelung24.com\\\/lv\\\/#\\\/schema\\\/logo\\\/image\\\/\"}}]}<\/script>\n<meta property=\"product:price:amount\" content=\"1.99\" \/>\n<meta property=\"product:price:currency\" content=\"EUR\" \/>\n<meta property=\"og:availability\" content=\"instock\" \/>\n<meta property=\"product:availability\" content=\"instock\" \/>\n<meta property=\"product:retailer_item_id\" content=\"V24-9010-1\" \/>\n<meta property=\"product:condition\" content=\"new\" \/>\n<!-- \/ Yoast SEO Premium plugin. -->","yoast_head_json":{"title":"Lieto\u0161anas s\u016bklis 95x40x23mm - versiegelung24.com","description":"Uzkl\u0101\u0161anas s\u016bklis - ide\u0101li piem\u0113rots m\u016bsu herm\u0113ti\u0137u uzkl\u0101\u0161anai. Univers\u0101ls l\u012bdzeklis kombin\u0101cij\u0101 ar m\u016bsu mikro\u0161\u0137iedras lupati\u0146\u0101m.","robots":{"index":"index","follow":"follow","max-snippet":"max-snippet:-1","max-image-preview":"max-image-preview:large","max-video-preview":"max-video-preview:-1"},"canonical":"https:\/\/www.versiegelung24.com\/lv\/mikroskiedras-lupatina-40x40cm-priekstirisanai-vai-pulesanai-dzeltena-kopie.html","og_locale":"lv_LV","og_type":"article","og_title":"Lieto\u0161anas s\u016bklis 95x40x23mm","og_description":"Uzkl\u0101\u0161anas s\u016bklis - ide\u0101li piem\u0113rots m\u016bsu herm\u0113ti\u0137u uzkl\u0101\u0161anai. Univers\u0101ls l\u012bdzeklis kombin\u0101cij\u0101 ar m\u016bsu mikro\u0161\u0137iedras lupati\u0146\u0101m.","og_url":"https:\/\/www.versiegelung24.com\/lv\/mikroskiedras-lupatina-40x40cm-priekstirisanai-vai-pulesanai-dzeltena-kopie.html","og_site_name":"versiegelung24.com","article_modified_time":"2025-03-31T12:58:27+00:00","og_image":[{"width":1000,"height":1000,"url":"https:\/\/www.versiegelung24.com\/wp-content\/uploads\/2020\/04\/mikrofasertuch.png","type":"image\/png"}],"twitter_card":"summary_large_image","twitter_misc":{"Price":"1,99&euro;","Availability":"In stock"},"schema":{"@context":"https:\/\/schema.org","@graph":[{"@type":"WebPage","@id":"https:\/\/www.versiegelung24.com\/lv\/mikroskiedras-lupatina-40x40cm-priekstirisanai-vai-pulesanai-dzeltena-kopie.html","url":"https:\/\/www.versiegelung24.com\/lv\/mikroskiedras-lupatina-40x40cm-priekstirisanai-vai-pulesanai-dzeltena-kopie.html","name":"Lieto\u0161anas s\u016bklis 95x40x23mm - versiegelung24.com","isPartOf":{"@id":"https:\/\/www.versiegelung24.com\/lv\/#website"},"primaryImageOfPage":{"@id":"https:\/\/www.versiegelung24.com\/lv\/mikroskiedras-lupatina-40x40cm-priekstirisanai-vai-pulesanai-dzeltena-kopie.html#primaryimage"},"image":{"@id":"https:\/\/www.versiegelung24.com\/lv\/mikroskiedras-lupatina-40x40cm-priekstirisanai-vai-pulesanai-dzeltena-kopie.html#primaryimage"},"thumbnailUrl":"https:\/\/www.versiegelung24.com\/wp-content\/uploads\/2020\/04\/mikrofasertuch.png","datePublished":"2022-10-21T14:49:10+00:00","dateModified":"2025-03-31T12:58:27+00:00","description":"Uzkl\u0101\u0161anas s\u016bklis - ide\u0101li piem\u0113rots m\u016bsu herm\u0113ti\u0137u uzkl\u0101\u0161anai. Univers\u0101ls l\u012bdzeklis kombin\u0101cij\u0101 ar m\u016bsu mikro\u0161\u0137iedras lupati\u0146\u0101m.","breadcrumb":{"@id":"https:\/\/www.versiegelung24.com\/lv\/mikroskiedras-lupatina-40x40cm-priekstirisanai-vai-pulesanai-dzeltena-kopie.html#breadcrumb"},"inLanguage":"lv-LV","potentialAction":[{"@type":"ReadAction","target":["https:\/\/www.versiegelung24.com\/lv\/mikroskiedras-lupatina-40x40cm-priekstirisanai-vai-pulesanai-dzeltena-kopie.html"]}]},{"@type":"ImageObject","inLanguage":"lv-LV","@id":"https:\/\/www.versiegelung24.com\/lv\/mikroskiedras-lupatina-40x40cm-priekstirisanai-vai-pulesanai-dzeltena-kopie.html#primaryimage","url":"https:\/\/www.versiegelung24.com\/wp-content\/uploads\/2020\/04\/mikrofasertuch.png","contentUrl":"https:\/\/www.versiegelung24.com\/wp-content\/uploads\/2020\/04\/mikrofasertuch.png","width":1000,"height":1000},{"@type":"BreadcrumbList","@id":"https:\/\/www.versiegelung24.com\/lv\/mikroskiedras-lupatina-40x40cm-priekstirisanai-vai-pulesanai-dzeltena-kopie.html#breadcrumb","itemListElement":[{"@type":"ListItem","position":1,"name":"M\u0101jas lapa","item":"https:\/\/www.versiegelung24.com\/lv\/prieksejais\/"},{"@type":"ListItem","position":2,"name":"Veikals","item":"https:\/\/www.versiegelung24.com\/lv\/veikals\/"},{"@type":"ListItem","position":3,"name":"Lieto\u0161anas s\u016bklis 95x40x23mm"}]},{"@type":"WebSite","@id":"https:\/\/www.versiegelung24.com\/lv\/#website","url":"https:\/\/www.versiegelung24.com\/lv\/","name":"versiegelung24.com","description":"Fl\u00fcssigglas-Versiegelung - Made in Germany","publisher":{"@id":"https:\/\/www.versiegelung24.com\/lv\/#organization"},"potentialAction":[{"@type":"SearchAction","target":{"@type":"EntryPoint","urlTemplate":"https:\/\/www.versiegelung24.com\/lv\/?s={search_term_string}"},"query-input":{"@type":"PropertyValueSpecification","valueRequired":true,"valueName":"search_term_string"}}],"inLanguage":"lv-LV"},{"@type":"Organization","@id":"https:\/\/www.versiegelung24.com\/lv\/#organization","name":"versiegelung24","url":"https:\/\/www.versiegelung24.com\/lv\/","logo":{"@type":"ImageObject","inLanguage":"lv-LV","@id":"https:\/\/www.versiegelung24.com\/lv\/#\/schema\/logo\/image\/","url":"https:\/\/www.versiegelung24.com\/wp-content\/uploads\/2020\/04\/versiegelung24.png","contentUrl":"https:\/\/www.versiegelung24.com\/wp-content\/uploads\/2020\/04\/versiegelung24.png","width":470,"height":102,"caption":"versiegelung24"},"image":{"@id":"https:\/\/www.versiegelung24.com\/lv\/#\/schema\/logo\/image\/"}}]},"product_price_amount":"1.99","product_price_currency":"EUR","og_availability":"instock","product_availability":"instock","product_retailer_item_id":"V24-9010-1","product_condition":"new"},"_links":{"self":[{"href":"https:\/\/www.versiegelung24.com\/lv\/wp-json\/wp\/v2\/product\/93753","targetHints":{"allow":["GET"]}}],"collection":[{"href":"https:\/\/www.versiegelung24.com\/lv\/wp-json\/wp\/v2\/product"}],"about":[{"href":"https:\/\/www.versiegelung24.com\/lv\/wp-json\/wp\/v2\/types\/product"}],"version-history":[{"count":10,"href":"https:\/\/www.versiegelung24.com\/lv\/wp-json\/wp\/v2\/product\/93753\/revisions"}],"predecessor-version":[{"id":180673,"href":"https:\/\/www.versiegelung24.com\/lv\/wp-json\/wp\/v2\/product\/93753\/revisions\/180673"}],"wp:featuredmedia":[{"embeddable":true,"href":"https:\/\/www.versiegelung24.com\/lv\/wp-json\/wp\/v2\/media\/13263"}],"wp:attachment":[{"href":"https:\/\/www.versiegelung24.com\/lv\/wp-json\/wp\/v2\/media?parent=93753"}],"wp:term":[{"taxonomy":"product_brand","embeddable":true,"href":"https:\/\/www.versiegelung24.com\/lv\/wp-json\/wp\/v2\/product_brand?post=93753"},{"taxonomy":"product_cat","embeddable":true,"href":"https:\/\/www.versiegelung24.com\/lv\/wp-json\/wp\/v2\/product_cat?post=93753"},{"taxonomy":"product_tag","embeddable":true,"href":"https:\/\/www.versiegelung24.com\/lv\/wp-json\/wp\/v2\/product_tag?post=93753"}],"curies":[{"name":"wp","href":"https:\/\/api.w.org\/{rel}","templated":true}]}}