{"id":95199,"date":"2022-12-01T15:45:36","date_gmt":"2022-12-01T14:45:40","guid":{"rendered":"https:\/\/www.versiegelung24.com\/?post_type=product&#038;p=95199"},"modified":"2023-06-19T16:33:12","modified_gmt":"2023-06-19T14:33:12","slug":"tiosept-sg-55-ilgtermina-virsmas-aizsardziba-20-komplekti-pa-1m%c2%b2-katram-kopie","status":"publish","type":"product","link":"https:\/\/www.versiegelung24.com\/lv\/product\/tiosept-sg-55-ilgtermina-virsmas-aizsardziba-20-komplekti-pa-1m%c2%b2-katram-kopie\/","title":{"rendered":"TiOSEPT\u00ae SG-55 Ilgtermi\u0146a virsmas aizsardz\u012bba, 10 komplekti pa 2m\u00b2 katr\u0101"},"content":{"rendered":"\n<p><strong>Antibakteri\u0101ls \u0161\u0137idrais stikla herm\u0113ti\u0137is, kas<\/strong> ir <strong>efekt\u012bvs l\u012bdz 18 m\u0113ne\u0161iem<\/strong> &#8211; 10 lieto\u0161anai gatavi maisi\u0146u komplekti 2m\u00b2 virsmas.  <\/p>\n\n<p><strong>Ilgtermi\u0146a virsmas aizsardz\u012bba, piem\u0113rota glud\u0101m virsm\u0101m<\/strong>: Stikls, ner\u016bs\u0113jo\u0161ais t\u0113rauds, alum\u012bnijs un apstr\u0101d\u0101ts koks<\/p>\n\n<hr\/>\n<h4 class=\"wp-block-heading\" id=\"properties\">produkta \u012bpa\u0161\u012bbas<\/h4>\n\n<div class=\"wp-block-columns is-layout-flex wp-container-core-columns-is-layout-9d6595d7 wp-block-columns-is-layout-flex\">\n<div class=\"wp-block-column is-layout-flow wp-block-column-is-layout-flow\">\n<ul class=\"wp-block-list\"><li>Likvid\u0113 bakt\u0113rijas (E.coli, S. aureus) un apvalkotus v\u012brusus (Corona, Ebola, Rota v\u012brusu) l\u012bdz 99,99 %.<\/li><li>Nov\u0113r\u0161 rauga un pel\u0113juma s\u0113n\u012b\u0161u koloniz\u0101ciju.<\/li><li>Dermatolo\u0123iski p\u0101rbaud\u012bts &#8220;\u013coti labs<\/li><li>Virsmas k\u013c\u016bst viegl\u0101k un \u0101tr\u0101k t\u012br\u0101mas (&#8220;viegli t\u012br\u0101mas&#8221;).<\/li><li>Iek\u0161telp\u0101m un \u0101ram<\/li><li>Iztur\u012bba pret nodilumu (paaugstin\u0101ta iztur\u012bba pret skr\u0101p\u0113jumiem)<\/li><li>Vienk\u0101r\u0161a un \u0101tra lieto\u0161ana<\/li><li>Virsmas ciet\u012bba uz stikla 9H (T\u00dcV tests saska\u0146\u0101 ar MSZ EN ISO 15184:2013)<\/li><li>Skr\u0101p\u0113jumu ciet\u012bba uz stikla 10N (T\u00dcV tests saska\u0146\u0101 ar MSZ 9640\/41:1983)<\/li><li>Saskares le\u0146\u0137is 95\u00b0 uz stikla un 91\u00b0 uz ner\u016bs\u0113jo\u0161\u0101 t\u0113rauda, p\u0113c 10 000 t\u012br\u012b\u0161anas cikliem 92\u00b0 + 85\u00b0 (T\u00dcV tests ar \u016bdeni).<\/li><\/ul><\/div>\n\n\n\n<div class=\"wp-block-column is-layout-flow wp-block-column-is-layout-flow\">\n<ul class=\"wp-block-list\"><li>Sl\u0101\u0146a biezums aptuveni 20 nm (nanometri)<\/li><li>Rupjums: 6 nm uz virsmas<\/li><li>Maisi\u0146i (atsevi\u0161\u0137i iepakotas mitr\u0101s salvetes)<\/li><li>Maisi\u0146\u0161 Nr. 1: ar IPA (izopropanolu) 99 % samitrin\u0101ta dr\u0101ni\u0146a, kas paredz\u0113ta iepriek\u0161\u0113jai t\u012br\u012b\u0161anai.<\/li><li>2. paci\u0146a: ar TiOSEPT\u00ae SG-55 samitrin\u0101ta herm\u0113tisk\u0101 dr\u0101na.<\/li><li>Viskozes vilna, bez plastmasas, 60 g\/m\u00b2<\/li><li>Auduma izm\u0113rs 150 x 240 mm<\/li><li>Ar vienu dr\u0101nu pietiek apm\u0113ram 2 m\u00b2 plat\u012bbai.<\/li><li>BAUA-Reg.Nr. N-104947<\/li><\/ul><\/div>\n<\/div>\n\n<hr\/>\n<h4 class=\"wp-block-heading\" id=\"application\">pieteikumu<\/h4>\n\n<p><strong>TiOSEPT\u00ae SG-55 <\/strong>gatavs lieto\u0161anai maisi\u0146u komplekts glud\u0101m virsm\u0101m &#8211; stiklam, ner\u016bs\u0113jo\u0161ajam t\u0113raudam, t\u0113raudam, alum\u012bnija plastmasai un apstr\u0101d\u0101tai koksnei.<\/p>\n\n<h5 class=\"wp-block-heading\">Iepriek\u0161\u0113ja t\u012br\u012b\u0161ana<\/h5>\n\n<p>Ieteicams valk\u0101t vienreizlietojamos aizsargcimdus. Lieto\u0161anas temperat\u016bra 5 &#8211; 35\u00b0C.<\/p>\n\n<ol class=\"wp-block-list\"><li>\u012apa\u0161i r\u016bp\u012bgi not\u012briet virsmu ar komerci\u0101li pieejamiem t\u012br\u012b\u0161anas l\u012bdzek\u013ciem. Jo lab\u0101ka t\u012br\u012b\u0161ana, jo ilg\u0101k kalpos bl\u012bv\u0113jums. P\u0113c tam iz\u017e\u0101v\u0113jiet virsmu.<\/li><li>Iz\u0146emiet no maisi\u0146a spirta priek\u0161att\u012br\u012b\u0161anas dr\u0101ni\u0146u un r\u016bp\u012bgi not\u012briet virsmu ar to.<\/li><li>Virsma min. \u013baujiet no\u017e\u016bt 1 min\u016bti.<\/li><\/ol>\n<h5 class=\"wp-block-heading\">Bl\u012bv\u0113\u0161ana<\/h5>\n\n<p>Ieteicams valk\u0101t vienreizlietojamos aizsargcimdus. Lieto\u0161anas temperat\u016bra 5 &#8211; 35\u00b0C.<\/p>\n\n<ol class=\"wp-block-list\"><li>Iz\u0146emiet bl\u012bv\u0113\u0161anas dr\u0101nu no maisi\u0146a un noslaukiet virsmu vienu reizi vertik\u0101li un vienu reizi horizont\u0101li. Auduma pietiek apm\u0113ram 2m\u00b2. Ir svar\u012bgi str\u0101d\u0101t \u0101tri, jo audums ir sauss p\u0113c aptuveni 90 sekund\u0113m.<\/li><li>\u013baujiet virsmai no\u017e\u016bt vismaz 2 min\u016btes (zem 15\u00b0C = 10 min\u016btes), 10 min\u016btes neskarot. Piln\u012bga saciet\u0113\u0161ana p\u0113c 10 stund\u0101m. Ja nepiecie\u0161ams, atk\u0101rtojiet lieto\u0161anu. Ja ir neliels pel\u0113ks nosl\u012bd\u0113jums, to var r\u016bp\u012bgi not\u012br\u012bt ar mikro\u0161\u0137iedras dr\u0101nu.<\/li><\/ol>\n<p>Plastmasas virsmas k\u013c\u016bst antimikrobi\u0101las un ieg\u016bst paaugstin\u0101tu hidrofobit\u0101ti, bet iztur\u012bba pret skr\u0101p\u0113jumiem nemain\u0101s. Lieto\u0161ana uz polikarbon\u0101ta un Plexiglas\u00ae nav ieteicama.<\/p>\n\n<h5 class=\"wp-block-heading\" id=\"gebrauch\">uzglab\u0101\u0161ana<\/h5>\n\n<p>TiOSEPT\u00ae SG-55 Uzglab\u0101t +5 l\u012bdz +25 \u00b0C temperat\u016br\u0101. Sarg\u0101t no sala un tie\u0161iem saules stariem.<\/p>\n","protected":false},"excerpt":{"rendered":"<p><strong>Antimikrobi\u0101l\u0101 ilgtermi\u0146a aizsardz\u012bba l\u012bdz pat 18 m\u0113ne\u0161iem<\/strong> <strong>glud\u0101m virsm\u0101m<\/strong><\/p>\n<p>\u2713 Caursp\u012bd\u012bgs un neredzams<\/p>\n<p>\u2713 \u016adens atgr\u016bdo\u0161s<\/p>\n<p>P\u0101rbaud\u012bts neatkar\u012bgos test\u0113\u0161anas instit\u016btos<\/p>\n<p>\u2713 Lieto\u0161anai gatavi maisi\u0146u komplekti iepriek\u0161\u0113jai t\u012br\u012b\u0161anai un aizz\u012bmogo\u0161anai<\/p>\n","protected":false},"featured_media":94928,"template":"","meta":{"_acf_changed":false,"neve_meta_sidebar":"","neve_meta_container":"","neve_meta_enable_content_width":"","neve_meta_content_width":0,"neve_meta_title_alignment":"","neve_meta_author_avatar":"","neve_post_elements_order":"","neve_meta_disable_header":"","neve_meta_disable_footer":"","neve_meta_disable_title":"","neve_meta_reading_time":"","_surfaces":[],"_ver_product_tabs":[],"footnotes":""},"product_brand":[],"product_cat":[2310,2352,2353,2475,3173,2306],"product_tag":[],"class_list":{"0":"post-95199","1":"product","2":"type-product","3":"status-publish","4":"has-post-thumbnail","6":"product_cat-metala-un-plastmasas-blivejums","7":"product_cat-dezinfekcijas-lidzekli","8":"product_cat-virsmas-dezinfekcijas-lidzekli","9":"product_cat-universals-blivejums","10":"product_cat-mobilo-telefonu-dezinfekcijas-lidzeklis","11":"product_cat-stikla-un-keramikas-blivejums","13":"first","14":"onbackorder","15":"taxable","16":"shipping-taxable","17":"purchasable","18":"product-type-simple"},"acf":[],"yoast_head":"<!-- This site is optimized with the Yoast SEO Premium plugin v22.8 (Yoast SEO v27.5) - https:\/\/yoast.com\/product\/yoast-seo-premium-wordpress\/ -->\n<title>TiOSEPT\u00ae SG-55 Ilgtermi\u0146a virsmas aizsardz\u012bba, 10 komplekti pa 2m\u00b2 katr\u0101 - versiegelung24.com<\/title>\n<meta name=\"robots\" content=\"index, follow, max-snippet:-1, max-image-preview:large, max-video-preview:-1\" \/>\n<link rel=\"canonical\" href=\"https:\/\/www.versiegelung24.com\/lv\/product\/tiosept-sg-55-ilgtermina-virsmas-aizsardziba-20-komplekti-pa-1m%c2%b2-katram-kopie\/\" \/>\n<meta property=\"og:locale\" content=\"lv_LV\" \/>\n<meta property=\"og:type\" content=\"article\" \/>\n<meta property=\"og:title\" content=\"TiOSEPT\u00ae SG-55 Ilgtermi\u0146a virsmas aizsardz\u012bba, 10 komplekti pa 2m\u00b2 katr\u0101\" \/>\n<meta property=\"og:description\" content=\"Antimikrobi\u0101l\u0101 ilgtermi\u0146a aizsardz\u012bba l\u012bdz pat 18 m\u0113ne\u0161iem glud\u0101m virsm\u0101m \u2713 Caursp\u012bd\u012bgs un neredzams \u2713 \u016adens atgr\u016bdo\u0161s P\u0101rbaud\u012bts neatkar\u012bgos test\u0113\u0161anas instit\u016btos \u2713 Lieto\u0161anai gatavi maisi\u0146u komplekti iepriek\u0161\u0113jai t\u012br\u012b\u0161anai un aizz\u012bmogo\u0161anai\" \/>\n<meta property=\"og:url\" content=\"https:\/\/www.versiegelung24.com\/lv\/product\/tiosept-sg-55-ilgtermina-virsmas-aizsardziba-20-komplekti-pa-1m%c2%b2-katram-kopie\/\" \/>\n<meta property=\"og:site_name\" content=\"versiegelung24.com\" \/>\n<meta property=\"article:modified_time\" content=\"2023-06-19T14:33:12+00:00\" \/>\n<meta property=\"og:image\" content=\"https:\/\/www.versiegelung24.com\/wp-content\/uploads\/2020\/04\/produkt-BACTUE-bacoban-front.jpg\" \/>\n\t<meta property=\"og:image:width\" content=\"2000\" \/>\n\t<meta property=\"og:image:height\" content=\"2000\" \/>\n\t<meta property=\"og:image:type\" content=\"image\/jpeg\" \/>\n<meta name=\"twitter:card\" content=\"summary_large_image\" \/>\n<meta name=\"twitter:label1\" content=\"Price\" \/>\n\t<meta name=\"twitter:data1\" content=\"78,99&euro;\" \/>\n\t<meta name=\"twitter:label2\" content=\"Availability\" \/>\n\t<meta name=\"twitter:data2\" content=\"On backorder\" \/>\n<script type=\"application\/ld+json\" class=\"yoast-schema-graph\">{\"@context\":\"https:\\\/\\\/schema.org\",\"@graph\":[{\"@type\":\"WebPage\",\"@id\":\"https:\\\/\\\/www.versiegelung24.com\\\/lv\\\/product\\\/tiosept-sg-55-ilgtermina-virsmas-aizsardziba-20-komplekti-pa-1m%c2%b2-katram-kopie\\\/\",\"url\":\"https:\\\/\\\/www.versiegelung24.com\\\/lv\\\/product\\\/tiosept-sg-55-ilgtermina-virsmas-aizsardziba-20-komplekti-pa-1m%c2%b2-katram-kopie\\\/\",\"name\":\"TiOSEPT\u00ae SG-55 Ilgtermi\u0146a virsmas aizsardz\u012bba, 10 komplekti pa 2m\u00b2 katr\u0101 - versiegelung24.com\",\"isPartOf\":{\"@id\":\"https:\\\/\\\/www.versiegelung24.com\\\/lv\\\/#website\"},\"primaryImageOfPage\":{\"@id\":\"https:\\\/\\\/www.versiegelung24.com\\\/lv\\\/product\\\/tiosept-sg-55-ilgtermina-virsmas-aizsardziba-20-komplekti-pa-1m%c2%b2-katram-kopie\\\/#primaryimage\"},\"image\":{\"@id\":\"https:\\\/\\\/www.versiegelung24.com\\\/lv\\\/product\\\/tiosept-sg-55-ilgtermina-virsmas-aizsardziba-20-komplekti-pa-1m%c2%b2-katram-kopie\\\/#primaryimage\"},\"thumbnailUrl\":\"https:\\\/\\\/www.versiegelung24.com\\\/wp-content\\\/uploads\\\/2022\\\/11\\\/Tiosept-Schachtel-rechts.jpg\",\"datePublished\":\"2022-12-01T14:45:40+00:00\",\"dateModified\":\"2023-06-19T14:33:12+00:00\",\"breadcrumb\":{\"@id\":\"https:\\\/\\\/www.versiegelung24.com\\\/lv\\\/product\\\/tiosept-sg-55-ilgtermina-virsmas-aizsardziba-20-komplekti-pa-1m%c2%b2-katram-kopie\\\/#breadcrumb\"},\"inLanguage\":\"lv-LV\",\"potentialAction\":[{\"@type\":\"ReadAction\",\"target\":[\"https:\\\/\\\/www.versiegelung24.com\\\/lv\\\/product\\\/tiosept-sg-55-ilgtermina-virsmas-aizsardziba-20-komplekti-pa-1m%c2%b2-katram-kopie\\\/\"]}]},{\"@type\":\"ImageObject\",\"inLanguage\":\"lv-LV\",\"@id\":\"https:\\\/\\\/www.versiegelung24.com\\\/lv\\\/product\\\/tiosept-sg-55-ilgtermina-virsmas-aizsardziba-20-komplekti-pa-1m%c2%b2-katram-kopie\\\/#primaryimage\",\"url\":\"https:\\\/\\\/www.versiegelung24.com\\\/wp-content\\\/uploads\\\/2022\\\/11\\\/Tiosept-Schachtel-rechts.jpg\",\"contentUrl\":\"https:\\\/\\\/www.versiegelung24.com\\\/wp-content\\\/uploads\\\/2022\\\/11\\\/Tiosept-Schachtel-rechts.jpg\",\"width\":1668,\"height\":1568},{\"@type\":\"BreadcrumbList\",\"@id\":\"https:\\\/\\\/www.versiegelung24.com\\\/lv\\\/product\\\/tiosept-sg-55-ilgtermina-virsmas-aizsardziba-20-komplekti-pa-1m%c2%b2-katram-kopie\\\/#breadcrumb\",\"itemListElement\":[{\"@type\":\"ListItem\",\"position\":1,\"name\":\"M\u0101jas lapa\",\"item\":\"https:\\\/\\\/www.versiegelung24.com\\\/lv\\\/prieksejais\\\/\"},{\"@type\":\"ListItem\",\"position\":2,\"name\":\"Veikals\",\"item\":\"https:\\\/\\\/www.versiegelung24.com\\\/lv\\\/veikals\\\/\"},{\"@type\":\"ListItem\",\"position\":3,\"name\":\"TiOSEPT\u00ae SG-55 Ilgtermi\u0146a virsmas aizsardz\u012bba, 10 komplekti pa 2m\u00b2 katr\u0101\"}]},{\"@type\":\"WebSite\",\"@id\":\"https:\\\/\\\/www.versiegelung24.com\\\/lv\\\/#website\",\"url\":\"https:\\\/\\\/www.versiegelung24.com\\\/lv\\\/\",\"name\":\"versiegelung24.com\",\"description\":\"Fl\u00fcssigglas-Versiegelung - Made in Germany\",\"publisher\":{\"@id\":\"https:\\\/\\\/www.versiegelung24.com\\\/lv\\\/#organization\"},\"potentialAction\":[{\"@type\":\"SearchAction\",\"target\":{\"@type\":\"EntryPoint\",\"urlTemplate\":\"https:\\\/\\\/www.versiegelung24.com\\\/lv\\\/?s={search_term_string}\"},\"query-input\":{\"@type\":\"PropertyValueSpecification\",\"valueRequired\":true,\"valueName\":\"search_term_string\"}}],\"inLanguage\":\"lv-LV\"},{\"@type\":\"Organization\",\"@id\":\"https:\\\/\\\/www.versiegelung24.com\\\/lv\\\/#organization\",\"name\":\"versiegelung24\",\"url\":\"https:\\\/\\\/www.versiegelung24.com\\\/lv\\\/\",\"logo\":{\"@type\":\"ImageObject\",\"inLanguage\":\"lv-LV\",\"@id\":\"https:\\\/\\\/www.versiegelung24.com\\\/lv\\\/#\\\/schema\\\/logo\\\/image\\\/\",\"url\":\"https:\\\/\\\/www.versiegelung24.com\\\/wp-content\\\/uploads\\\/2020\\\/04\\\/versiegelung24.png\",\"contentUrl\":\"https:\\\/\\\/www.versiegelung24.com\\\/wp-content\\\/uploads\\\/2020\\\/04\\\/versiegelung24.png\",\"width\":470,\"height\":102,\"caption\":\"versiegelung24\"},\"image\":{\"@id\":\"https:\\\/\\\/www.versiegelung24.com\\\/lv\\\/#\\\/schema\\\/logo\\\/image\\\/\"}}]}<\/script>\n<meta property=\"product:price:amount\" content=\"78.99\" \/>\n<meta property=\"product:price:currency\" content=\"EUR\" \/>\n<meta property=\"og:availability\" content=\"backorder\" \/>\n<meta property=\"product:availability\" content=\"available for order\" \/>\n<meta property=\"product:retailer_item_id\" content=\"TiOS-SG55-SA2-10\" \/>\n<meta property=\"product:condition\" content=\"new\" \/>\n<!-- \/ Yoast SEO Premium plugin. -->","yoast_head_json":{"title":"TiOSEPT\u00ae SG-55 Ilgtermi\u0146a virsmas aizsardz\u012bba, 10 komplekti pa 2m\u00b2 katr\u0101 - versiegelung24.com","robots":{"index":"index","follow":"follow","max-snippet":"max-snippet:-1","max-image-preview":"max-image-preview:large","max-video-preview":"max-video-preview:-1"},"canonical":"https:\/\/www.versiegelung24.com\/lv\/product\/tiosept-sg-55-ilgtermina-virsmas-aizsardziba-20-komplekti-pa-1m%c2%b2-katram-kopie\/","og_locale":"lv_LV","og_type":"article","og_title":"TiOSEPT\u00ae SG-55 Ilgtermi\u0146a virsmas aizsardz\u012bba, 10 komplekti pa 2m\u00b2 katr\u0101","og_description":"Antimikrobi\u0101l\u0101 ilgtermi\u0146a aizsardz\u012bba l\u012bdz pat 18 m\u0113ne\u0161iem glud\u0101m virsm\u0101m \u2713 Caursp\u012bd\u012bgs un neredzams \u2713 \u016adens atgr\u016bdo\u0161s P\u0101rbaud\u012bts neatkar\u012bgos test\u0113\u0161anas instit\u016btos \u2713 Lieto\u0161anai gatavi maisi\u0146u komplekti iepriek\u0161\u0113jai t\u012br\u012b\u0161anai un aizz\u012bmogo\u0161anai","og_url":"https:\/\/www.versiegelung24.com\/lv\/product\/tiosept-sg-55-ilgtermina-virsmas-aizsardziba-20-komplekti-pa-1m%c2%b2-katram-kopie\/","og_site_name":"versiegelung24.com","article_modified_time":"2023-06-19T14:33:12+00:00","og_image":[{"width":2000,"height":2000,"url":"https:\/\/www.versiegelung24.com\/wp-content\/uploads\/2020\/04\/produkt-BACTUE-bacoban-front.jpg","type":"image\/jpeg"}],"twitter_card":"summary_large_image","twitter_misc":{"Price":"78,99&euro;","Availability":"On backorder"},"schema":{"@context":"https:\/\/schema.org","@graph":[{"@type":"WebPage","@id":"https:\/\/www.versiegelung24.com\/lv\/product\/tiosept-sg-55-ilgtermina-virsmas-aizsardziba-20-komplekti-pa-1m%c2%b2-katram-kopie\/","url":"https:\/\/www.versiegelung24.com\/lv\/product\/tiosept-sg-55-ilgtermina-virsmas-aizsardziba-20-komplekti-pa-1m%c2%b2-katram-kopie\/","name":"TiOSEPT\u00ae SG-55 Ilgtermi\u0146a virsmas aizsardz\u012bba, 10 komplekti pa 2m\u00b2 katr\u0101 - versiegelung24.com","isPartOf":{"@id":"https:\/\/www.versiegelung24.com\/lv\/#website"},"primaryImageOfPage":{"@id":"https:\/\/www.versiegelung24.com\/lv\/product\/tiosept-sg-55-ilgtermina-virsmas-aizsardziba-20-komplekti-pa-1m%c2%b2-katram-kopie\/#primaryimage"},"image":{"@id":"https:\/\/www.versiegelung24.com\/lv\/product\/tiosept-sg-55-ilgtermina-virsmas-aizsardziba-20-komplekti-pa-1m%c2%b2-katram-kopie\/#primaryimage"},"thumbnailUrl":"https:\/\/www.versiegelung24.com\/wp-content\/uploads\/2022\/11\/Tiosept-Schachtel-rechts.jpg","datePublished":"2022-12-01T14:45:40+00:00","dateModified":"2023-06-19T14:33:12+00:00","breadcrumb":{"@id":"https:\/\/www.versiegelung24.com\/lv\/product\/tiosept-sg-55-ilgtermina-virsmas-aizsardziba-20-komplekti-pa-1m%c2%b2-katram-kopie\/#breadcrumb"},"inLanguage":"lv-LV","potentialAction":[{"@type":"ReadAction","target":["https:\/\/www.versiegelung24.com\/lv\/product\/tiosept-sg-55-ilgtermina-virsmas-aizsardziba-20-komplekti-pa-1m%c2%b2-katram-kopie\/"]}]},{"@type":"ImageObject","inLanguage":"lv-LV","@id":"https:\/\/www.versiegelung24.com\/lv\/product\/tiosept-sg-55-ilgtermina-virsmas-aizsardziba-20-komplekti-pa-1m%c2%b2-katram-kopie\/#primaryimage","url":"https:\/\/www.versiegelung24.com\/wp-content\/uploads\/2022\/11\/Tiosept-Schachtel-rechts.jpg","contentUrl":"https:\/\/www.versiegelung24.com\/wp-content\/uploads\/2022\/11\/Tiosept-Schachtel-rechts.jpg","width":1668,"height":1568},{"@type":"BreadcrumbList","@id":"https:\/\/www.versiegelung24.com\/lv\/product\/tiosept-sg-55-ilgtermina-virsmas-aizsardziba-20-komplekti-pa-1m%c2%b2-katram-kopie\/#breadcrumb","itemListElement":[{"@type":"ListItem","position":1,"name":"M\u0101jas lapa","item":"https:\/\/www.versiegelung24.com\/lv\/prieksejais\/"},{"@type":"ListItem","position":2,"name":"Veikals","item":"https:\/\/www.versiegelung24.com\/lv\/veikals\/"},{"@type":"ListItem","position":3,"name":"TiOSEPT\u00ae SG-55 Ilgtermi\u0146a virsmas aizsardz\u012bba, 10 komplekti pa 2m\u00b2 katr\u0101"}]},{"@type":"WebSite","@id":"https:\/\/www.versiegelung24.com\/lv\/#website","url":"https:\/\/www.versiegelung24.com\/lv\/","name":"versiegelung24.com","description":"Fl\u00fcssigglas-Versiegelung - Made in Germany","publisher":{"@id":"https:\/\/www.versiegelung24.com\/lv\/#organization"},"potentialAction":[{"@type":"SearchAction","target":{"@type":"EntryPoint","urlTemplate":"https:\/\/www.versiegelung24.com\/lv\/?s={search_term_string}"},"query-input":{"@type":"PropertyValueSpecification","valueRequired":true,"valueName":"search_term_string"}}],"inLanguage":"lv-LV"},{"@type":"Organization","@id":"https:\/\/www.versiegelung24.com\/lv\/#organization","name":"versiegelung24","url":"https:\/\/www.versiegelung24.com\/lv\/","logo":{"@type":"ImageObject","inLanguage":"lv-LV","@id":"https:\/\/www.versiegelung24.com\/lv\/#\/schema\/logo\/image\/","url":"https:\/\/www.versiegelung24.com\/wp-content\/uploads\/2020\/04\/versiegelung24.png","contentUrl":"https:\/\/www.versiegelung24.com\/wp-content\/uploads\/2020\/04\/versiegelung24.png","width":470,"height":102,"caption":"versiegelung24"},"image":{"@id":"https:\/\/www.versiegelung24.com\/lv\/#\/schema\/logo\/image\/"}}]},"product_price_amount":"78.99","product_price_currency":"EUR","og_availability":"backorder","product_availability":"available for order","product_retailer_item_id":"TiOS-SG55-SA2-10","product_condition":"new"},"_links":{"self":[{"href":"https:\/\/www.versiegelung24.com\/lv\/wp-json\/wp\/v2\/product\/95199","targetHints":{"allow":["GET"]}}],"collection":[{"href":"https:\/\/www.versiegelung24.com\/lv\/wp-json\/wp\/v2\/product"}],"about":[{"href":"https:\/\/www.versiegelung24.com\/lv\/wp-json\/wp\/v2\/types\/product"}],"version-history":[{"count":7,"href":"https:\/\/www.versiegelung24.com\/lv\/wp-json\/wp\/v2\/product\/95199\/revisions"}],"predecessor-version":[{"id":96465,"href":"https:\/\/www.versiegelung24.com\/lv\/wp-json\/wp\/v2\/product\/95199\/revisions\/96465"}],"wp:featuredmedia":[{"embeddable":true,"href":"https:\/\/www.versiegelung24.com\/lv\/wp-json\/wp\/v2\/media\/94928"}],"wp:attachment":[{"href":"https:\/\/www.versiegelung24.com\/lv\/wp-json\/wp\/v2\/media?parent=95199"}],"wp:term":[{"taxonomy":"product_brand","embeddable":true,"href":"https:\/\/www.versiegelung24.com\/lv\/wp-json\/wp\/v2\/product_brand?post=95199"},{"taxonomy":"product_cat","embeddable":true,"href":"https:\/\/www.versiegelung24.com\/lv\/wp-json\/wp\/v2\/product_cat?post=95199"},{"taxonomy":"product_tag","embeddable":true,"href":"https:\/\/www.versiegelung24.com\/lv\/wp-json\/wp\/v2\/product_tag?post=95199"}],"curies":[{"name":"wp","href":"https:\/\/api.w.org\/{rel}","templated":true}]}}