{"id":157681,"date":"2024-04-04T12:30:43","date_gmt":"2024-04-04T10:30:43","guid":{"rendered":"https:\/\/www.versiegelung24.com\/?post_type=product&#038;p=157681"},"modified":"2025-01-05T18:04:02","modified_gmt":"2025-01-05T17:04:02","slug":"isopropanol","status":"publish","type":"product","link":"https:\/\/www.versiegelung24.com\/nl\/100-zeer-zuivere-bio-ethanol-voor-professionele-voorreiniging-kopie.html","title":{"rendered":"Isopropanol 99,9% zeer zuiver voor voorreiniging"},"content":{"rendered":"\n<h4 class=\"wp-block-heading\" id=\"h-beschreibung\">Beschrijving van de  <\/h4>\n\n<p>Isopropanol, ook bekend als IPA, 2-propanol of isopropylalcohol, is een kleurloze, heldere vloeistof met een karakteristieke geur, die wordt gekenmerkt door zijn brede scala aan toepassingen in het huishouden, in de hobbysector en in de industrie. De hoge zuiverheidsgraad van 99,9% maakt onze isopropanol de ideale voorreiniger voor verschillende oppervlakken en ter voorbereiding op verdere verwerkingsstappen.<\/p>\n\n<p>Kan zeer goed worden gebruikt in combinatie met onze biologische residuvrije voorreiniger <strong><a href=\"https:\/\/www.versiegelung24.com\/nl\/biosativa-biologische-voorreiniger.html\">BIOSATIVA\u00ae<\/a><\/strong><br\/>voor de voorbereiding van bijv.<a href=\"https:\/\/www.versiegelung24.com\/versiegelung-glas-keramik\/\">glas<\/a>, <a href=\"https:\/\/www.versiegelung24.com\/versiegelung-glas-keramik\/\">keramiek<\/a>, geverfde <a href=\"https:\/\/www.versiegelung24.com\/oberflaechen\/\">oppervlakken<\/a> voor het aanbrengen van onze oppervlakteverzegelingen.<\/p>\n\n<hr\/>\n\n<h4 class=\"wp-block-heading\" id=\"properties\">Productkenmerken<\/h4>\n\n<p><strong>Ontvettende eigenschappen<\/strong>: effectief in het verwijderen van vet, olie en sommige kleefstoffen.<\/p>\n\n<p><strong>Ontsmettingspotentieel<\/strong>: Kan helpen bacteri\u00ebn te verminderen en geurtjes te elimineren dankzij de alcoholbasis.<\/p>\n\n<p>\u2713 <strong>Snelle verdamping<\/strong>: Verdampt snel zonder resten achter te laten, ideaal voor reinigingsprocessen.<\/p>\n\n<p><strong>Oplosbaarheid<\/strong>: Uitstekende oplosbaarheid in water, waardoor het geschikt is voor verschillende verdunningen en toepassingen.<\/p>\n\n<p><strong>Zuiverheid<\/strong>: 99,9% isopropanol voor de hoogste zuiverheids- en effectiviteitsnormen. Regionale productie met ingredi\u00ebnten uit Europa.<\/p>\n\n<p><strong>Fysische toestand<\/strong>: Heldere, kleurloze vloeistof met een karakteristieke, prikkelende geur.<\/p>\n\n<p><strong>Licht ontvlambaar<\/strong>: Moet voorzichtig gehanteerd en opgeslagen worden, uit de buurt van ontstekingsbronnen.<\/p>\n\n<p>\u2713 <strong>Niet corrosief<\/strong>: Veilig voor gebruik op de meeste metalen en kunststoffen mits goed verdund.<\/p>\n\n<p>\u2713 <strong>Veelzijdig bruikbaar<\/strong>: Geschikt voor technische, cosmetische en laboratoriumtoepassingen dankzij de hoge zuiverheid.<\/p>\n\n<p>\u2713 <strong>Veiligheidsprofiel<\/strong>: Vereist beschermende maatregelen tijdens gebruik om inademing of contact met de huid te voorkomen.<\/p>\n\n<hr\/>\n\n<h4 class=\"wp-block-heading\" id=\"application\">Toepassing<\/h4>\n\n<ul class=\"wp-block-list\">\n<li><strong>Reinigen van glas<\/strong>: Ideaal voor het streeploos reinigen van glazen oppervlakken. Voor optimale resultaten raden we aan het product te verdunnen met 30% gedestilleerd water.<\/li>\n\n\n\n<li><strong>Ontvetten<\/strong>: Doeltreffende verwijdering van vet, verf, inkt en lijmresten van verschillende oppervlakken.<\/li>\n\n\n\n<li><strong>Auto-industrie<\/strong>: onmisbaar voor het verwijderen van vuil en lijmresten v\u00f3\u00f3r het polijsten van de lak.<\/li>\n\n\n\n<li><strong>3D printen<\/strong>: Perfect voor het residuvrij reinigen van printbedden en andere onderdelen van 3D printers.<\/li>\n\n\n\n<li><strong>Verdamper schoonmaken<\/strong>: Uitstekend geschikt voor het reinigen van e-sigaretten en pijpjes om de ophoping van bacteri\u00ebn te voorkomen.<\/li>\n\n\n\n<li><strong>Platenverzorging<\/strong>: Muziekliefhebbers waarderen het zachte reinigingseffect op hun vinylschatten.<\/li>\n\n\n\n<li><strong>Geurverwijdering<\/strong>: Verwijdert onaangename geurtjes in schoenen of ander textiel.<\/li>\n\n\n\n<li><strong>Ongediertebestrijding<\/strong>: Helpt in de strijd tegen bedwantsen en houtwormen.<\/li>\n<\/ul>\n\n<p>Naast de belangrijkste toepassingsgebieden is isopropanol ook ideaal als ontdooier van deursloten, kabelreiniger en voor vele andere toepassingen die een grondige voorreiniging vereisen.<\/p>\n\n<hr\/>\n\n<h4 class=\"wp-block-heading\" id=\"faq\">FAQ<\/h4>\n\n<div class=\"schema-faq wp-block-yoast-faq-block\"><div class=\"schema-faq-section\" id=\"faq-question-1645793617330\"><strong class=\"schema-faq-question\"><strong>Kan isopropanol 99,9% worden gebruikt voor medische of desinfecterende doeleinden<\/strong>?<\/strong> <p class=\"schema-faq-answer\">Isopropanol 99,9% kan worden gebruikt om oppervlakken te desinfecteren, omdat het bacteriedodende eigenschappen heeft vanwege de hoge alcoholconcentratie. Voor directe toepassing op de huid of voor medische doeleinden moet het echter dienovereenkomstig worden verdund.  <strong>We raden het gebruik voor medische of desinfectiedoeleinden af!<\/strong><\/p> <\/div> <div class=\"schema-faq-section\" id=\"faq-question-1645793819353\"><strong class=\"schema-faq-question\"><strong>Is isopropanol 99,9% veilig voor het reinigen van elektronische apparaten?<\/strong><\/strong> <p class=\"schema-faq-answer\">Ja, isopropanol 99,9% is ideaal voor het reinigen van elektronische apparaten omdat het snel verdampt en geen resten achterlaat. Het is belangrijk om elektronische apparaten voor gebruik uit te schakelen en los te koppelen en de alcohol niet rechtstreeks op de apparaten te spuiten, maar een in isopropanol gedrenkte doek te gebruiken.<br><\/p> <\/div> <div class=\"schema-faq-section\" id=\"faq-question-1645794918526\"><strong class=\"schema-faq-question\"><strong>Hoe moet isopropanol 99,9% worden bewaard?<\/strong><\/strong> <p class=\"schema-faq-answer\">Isopropanol 99,9% moet worden bewaard in een goed gesloten verpakking op een koele, goed geventileerde plaats. Het is licht ontvlambaar, dus bewaar het uit de buurt van warmtebronnen, vonken, open vuur en andere ontstekingsbronnen. Daarnaast moet de opslagruimte zo worden gekozen dat deze ontoegankelijk is voor kinderen en huisdieren om onbedoelde blootstelling te voorkomen.<\/p> <\/div> <\/div>\n","protected":false},"excerpt":{"rendered":"<p>\u2713 <strong>Hoge reinigingskracht<\/strong>: verwijdering van lijmresten<\/p>\n<p>\u2713 <strong>Ontvetten<\/strong>: streeploos verwijderen van vet en olie<\/p>\n<p><strong>Oplosbaarheid<\/strong>: uitstekend oplosbaar in water<\/p>\n<p>\u2713 <strong>Snelle verdamping<\/strong>: Verdampt snel zonder residu achter te laten<\/p>\n","protected":false},"featured_media":157713,"template":"","meta":{"_acf_changed":false,"neve_meta_sidebar":"","neve_meta_container":"","neve_meta_enable_content_width":"","neve_meta_content_width":0,"neve_meta_title_alignment":"","neve_meta_author_avatar":"","neve_post_elements_order":"","neve_meta_disable_header":"","neve_meta_disable_footer":"","neve_meta_disable_title":"","neve_meta_reading_time":"","_surfaces":[],"_ver_product_tabs":[],"footnotes":""},"product_brand":[],"product_cat":[2213,2370,2372,2377,2602],"product_tag":[],"class_list":{"0":"post-157681","1":"product","2":"type-product","3":"status-publish","4":"has-post-thumbnail","6":"product_cat-auto-afdichting","7":"product_cat-afdichting-voor-glas-en-keramiek","8":"product_cat-afdichting-van-metaal-en-kunststof","9":"product_cat-schoonmaakproducten","10":"product_cat-bio-ethanol","12":"first","13":"instock","14":"taxable","15":"shipping-taxable","16":"purchasable","17":"product-type-simple"},"acf":[],"yoast_head":"<!-- This site is optimized with the Yoast SEO Premium plugin v22.8 (Yoast SEO v27.5) - https:\/\/yoast.com\/product\/yoast-seo-premium-wordpress\/ -->\n<title>Isopropanol 99,9% zeer zuiver voor voorreiniging - versiegelung24.com<\/title>\n<meta name=\"robots\" content=\"index, follow, max-snippet:-1, max-image-preview:large, max-video-preview:-1\" \/>\n<link rel=\"canonical\" href=\"https:\/\/www.versiegelung24.com\/nl\/100-zeer-zuivere-bio-ethanol-voor-professionele-voorreiniging-kopie.html\" \/>\n<meta property=\"og:locale\" content=\"nl_NL\" \/>\n<meta property=\"og:type\" content=\"article\" \/>\n<meta property=\"og:title\" content=\"Isopropanol 99,9% zeer zuiver voor voorreiniging\" \/>\n<meta property=\"og:description\" content=\"\u2713 Hoge reinigingskracht: verwijdering van lijmresten \u2713 Ontvetten: streeploos verwijderen van vet en olie Oplosbaarheid: uitstekend oplosbaar in water \u2713 Snelle verdamping: Verdampt snel zonder residu achter te laten\" \/>\n<meta property=\"og:url\" content=\"https:\/\/www.versiegelung24.com\/nl\/100-zeer-zuivere-bio-ethanol-voor-professionele-voorreiniging-kopie.html\" \/>\n<meta property=\"og:site_name\" content=\"versiegelung24.com\" \/>\n<meta property=\"article:modified_time\" content=\"2025-01-05T17:04:02+00:00\" \/>\n<meta property=\"og:image\" content=\"https:\/\/www.versiegelung24.com\/wp-content\/uploads\/2024\/04\/isopropanol-999.webp\" \/>\n\t<meta property=\"og:image:width\" content=\"2560\" \/>\n\t<meta property=\"og:image:height\" content=\"2560\" \/>\n\t<meta property=\"og:image:type\" content=\"image\/webp\" \/>\n<meta name=\"twitter:card\" content=\"summary_large_image\" \/>\n<meta name=\"twitter:label1\" content=\"Prijs\" \/>\n\t<meta name=\"twitter:data1\" content=\"11,99&euro;\" \/>\n\t<meta name=\"twitter:label2\" content=\"Beschikbaarheid\" \/>\n\t<meta name=\"twitter:data2\" content=\"Op voorraad\" \/>\n<script type=\"application\/ld+json\" class=\"yoast-schema-graph\">{\"@context\":\"https:\\\/\\\/schema.org\",\"@graph\":[{\"@type\":[\"WebPage\",\"FAQPage\"],\"@id\":\"https:\\\/\\\/www.versiegelung24.com\\\/nl\\\/100-zeer-zuivere-bio-ethanol-voor-professionele-voorreiniging-kopie.html\",\"url\":\"https:\\\/\\\/www.versiegelung24.com\\\/nl\\\/100-zeer-zuivere-bio-ethanol-voor-professionele-voorreiniging-kopie.html\",\"name\":\"Isopropanol 99,9% zeer zuiver voor voorreiniging - versiegelung24.com\",\"isPartOf\":{\"@id\":\"https:\\\/\\\/www.versiegelung24.com\\\/nl\\\/#website\"},\"primaryImageOfPage\":{\"@id\":\"https:\\\/\\\/www.versiegelung24.com\\\/nl\\\/100-zeer-zuivere-bio-ethanol-voor-professionele-voorreiniging-kopie.html#primaryimage\"},\"image\":{\"@id\":\"https:\\\/\\\/www.versiegelung24.com\\\/nl\\\/100-zeer-zuivere-bio-ethanol-voor-professionele-voorreiniging-kopie.html#primaryimage\"},\"thumbnailUrl\":\"https:\\\/\\\/www.versiegelung24.com\\\/wp-content\\\/uploads\\\/2024\\\/04\\\/isopropanol-999.webp\",\"datePublished\":\"2024-04-04T10:30:43+00:00\",\"dateModified\":\"2025-01-05T17:04:02+00:00\",\"breadcrumb\":{\"@id\":\"https:\\\/\\\/www.versiegelung24.com\\\/nl\\\/100-zeer-zuivere-bio-ethanol-voor-professionele-voorreiniging-kopie.html#breadcrumb\"},\"mainEntity\":[{\"@id\":\"https:\\\/\\\/www.versiegelung24.com\\\/nl\\\/100-zeer-zuivere-bio-ethanol-voor-professionele-voorreiniging-kopie.html#faq-question-1645793617330\"},{\"@id\":\"https:\\\/\\\/www.versiegelung24.com\\\/nl\\\/100-zeer-zuivere-bio-ethanol-voor-professionele-voorreiniging-kopie.html#faq-question-1645793819353\"},{\"@id\":\"https:\\\/\\\/www.versiegelung24.com\\\/nl\\\/100-zeer-zuivere-bio-ethanol-voor-professionele-voorreiniging-kopie.html#faq-question-1645794918526\"}],\"inLanguage\":\"nl-NL\",\"potentialAction\":[{\"@type\":\"ReadAction\",\"target\":[\"https:\\\/\\\/www.versiegelung24.com\\\/nl\\\/100-zeer-zuivere-bio-ethanol-voor-professionele-voorreiniging-kopie.html\"]}]},{\"@type\":\"ImageObject\",\"inLanguage\":\"nl-NL\",\"@id\":\"https:\\\/\\\/www.versiegelung24.com\\\/nl\\\/100-zeer-zuivere-bio-ethanol-voor-professionele-voorreiniging-kopie.html#primaryimage\",\"url\":\"https:\\\/\\\/www.versiegelung24.com\\\/wp-content\\\/uploads\\\/2024\\\/04\\\/isopropanol-999.webp\",\"contentUrl\":\"https:\\\/\\\/www.versiegelung24.com\\\/wp-content\\\/uploads\\\/2024\\\/04\\\/isopropanol-999.webp\",\"width\":2560,\"height\":2560},{\"@type\":\"BreadcrumbList\",\"@id\":\"https:\\\/\\\/www.versiegelung24.com\\\/nl\\\/100-zeer-zuivere-bio-ethanol-voor-professionele-voorreiniging-kopie.html#breadcrumb\",\"itemListElement\":[{\"@type\":\"ListItem\",\"position\":1,\"name\":\"Homepage\",\"item\":\"https:\\\/\\\/www.versiegelung24.com\\\/nl\\\/voorkant\\\/\"},{\"@type\":\"ListItem\",\"position\":2,\"name\":\"Winkel\",\"item\":\"https:\\\/\\\/www.versiegelung24.com\\\/nl\\\/winkel\\\/\"},{\"@type\":\"ListItem\",\"position\":3,\"name\":\"Isopropanol 99,9% zeer zuiver voor voorreiniging\"}]},{\"@type\":\"WebSite\",\"@id\":\"https:\\\/\\\/www.versiegelung24.com\\\/nl\\\/#website\",\"url\":\"https:\\\/\\\/www.versiegelung24.com\\\/nl\\\/\",\"name\":\"versiegelung24.com\",\"description\":\"Fl\u00fcssigglas-Versiegelung - Made in Germany\",\"publisher\":{\"@id\":\"https:\\\/\\\/www.versiegelung24.com\\\/nl\\\/#organization\"},\"potentialAction\":[{\"@type\":\"SearchAction\",\"target\":{\"@type\":\"EntryPoint\",\"urlTemplate\":\"https:\\\/\\\/www.versiegelung24.com\\\/nl\\\/?s={search_term_string}\"},\"query-input\":{\"@type\":\"PropertyValueSpecification\",\"valueRequired\":true,\"valueName\":\"search_term_string\"}}],\"inLanguage\":\"nl-NL\"},{\"@type\":\"Organization\",\"@id\":\"https:\\\/\\\/www.versiegelung24.com\\\/nl\\\/#organization\",\"name\":\"versiegelung24\",\"url\":\"https:\\\/\\\/www.versiegelung24.com\\\/nl\\\/\",\"logo\":{\"@type\":\"ImageObject\",\"inLanguage\":\"nl-NL\",\"@id\":\"https:\\\/\\\/www.versiegelung24.com\\\/nl\\\/#\\\/schema\\\/logo\\\/image\\\/\",\"url\":\"https:\\\/\\\/www.versiegelung24.com\\\/wp-content\\\/uploads\\\/2020\\\/04\\\/versiegelung24.png\",\"contentUrl\":\"https:\\\/\\\/www.versiegelung24.com\\\/wp-content\\\/uploads\\\/2020\\\/04\\\/versiegelung24.png\",\"width\":470,\"height\":102,\"caption\":\"versiegelung24\"},\"image\":{\"@id\":\"https:\\\/\\\/www.versiegelung24.com\\\/nl\\\/#\\\/schema\\\/logo\\\/image\\\/\"}},{\"@type\":\"Question\",\"@id\":\"https:\\\/\\\/www.versiegelung24.com\\\/nl\\\/100-zeer-zuivere-bio-ethanol-voor-professionele-voorreiniging-kopie.html#faq-question-1645793617330\",\"position\":1,\"url\":\"https:\\\/\\\/www.versiegelung24.com\\\/nl\\\/100-zeer-zuivere-bio-ethanol-voor-professionele-voorreiniging-kopie.html#faq-question-1645793617330\",\"name\":\"Kann Isopropanol 99,9% f\u00fcr medizinische oder desinfizierende Zwecke verwendet werden?\",\"answerCount\":1,\"acceptedAnswer\":{\"@type\":\"Answer\",\"text\":\"Isopropanol 99,9% kann f\u00fcr die Desinfektion von Oberfl\u00e4chen verwendet werden, da es aufgrund seiner hohen Alkoholkonzentration bakterizide Eigenschaften besitzt. F\u00fcr die direkte Anwendung auf der Haut oder f\u00fcr medizinische Zwecke sollte es jedoch entsprechend verd\u00fcnnt werden. <strong>Wir empfehlen die Verwendung f\u00fcr medizinische oder desinfizierende Zwecke nicht!<\\\/strong>\",\"inLanguage\":\"nl-NL\"},\"inLanguage\":\"nl-NL\"},{\"@type\":\"Question\",\"@id\":\"https:\\\/\\\/www.versiegelung24.com\\\/nl\\\/100-zeer-zuivere-bio-ethanol-voor-professionele-voorreiniging-kopie.html#faq-question-1645793819353\",\"position\":2,\"url\":\"https:\\\/\\\/www.versiegelung24.com\\\/nl\\\/100-zeer-zuivere-bio-ethanol-voor-professionele-voorreiniging-kopie.html#faq-question-1645793819353\",\"name\":\"Ist Isopropanol 99,9% sicher f\u00fcr die Reinigung von elektronischen Ger\u00e4ten?\",\"answerCount\":1,\"acceptedAnswer\":{\"@type\":\"Answer\",\"text\":\"Ja, Isopropanol 99,9% eignet sich hervorragend f\u00fcr die Reinigung von elektronischen Ger\u00e4ten, da es schnell verdunstet und keine R\u00fcckst\u00e4nde hinterl\u00e4sst. Es ist wichtig, elektronische Ger\u00e4te vor der Anwendung auszuschalten und zu entkoppeln und den Alkohol nicht direkt auf die Ger\u00e4te zu spr\u00fchen, sondern ein mit Isopropanol getr\u00e4nktes Tuch zu verwenden.<br\\\/>\",\"inLanguage\":\"nl-NL\"},\"inLanguage\":\"nl-NL\"},{\"@type\":\"Question\",\"@id\":\"https:\\\/\\\/www.versiegelung24.com\\\/nl\\\/100-zeer-zuivere-bio-ethanol-voor-professionele-voorreiniging-kopie.html#faq-question-1645794918526\",\"position\":3,\"url\":\"https:\\\/\\\/www.versiegelung24.com\\\/nl\\\/100-zeer-zuivere-bio-ethanol-voor-professionele-voorreiniging-kopie.html#faq-question-1645794918526\",\"name\":\"Wie sollte Isopropanol 99,9% gelagert werden?\",\"answerCount\":1,\"acceptedAnswer\":{\"@type\":\"Answer\",\"text\":\"Isopropanol 99,9% sollte in einem gut verschlossenen Beh\u00e4lter an einem k\u00fchlen, gut bel\u00fcfteten Ort gelagert werden. Es ist leicht entz\u00fcndlich, daher sollte es fern von Hitzequellen, Funken, offenen Flammen und anderen Z\u00fcndquellen aufbewahrt werden. Zudem sollte der Lagerbereich so gew\u00e4hlt werden, dass er f\u00fcr Kinder und Haustiere unzug\u00e4nglich ist, um unbeabsichtigte Exposition zu vermeiden.\",\"inLanguage\":\"nl-NL\"},\"inLanguage\":\"nl-NL\"}]}<\/script>\n<meta property=\"product:price:amount\" content=\"11.99\" \/>\n<meta property=\"product:price:currency\" content=\"EUR\" \/>\n<meta property=\"og:availability\" content=\"instock\" \/>\n<meta property=\"product:availability\" content=\"instock\" \/>\n<meta property=\"product:retailer_item_id\" content=\"9110-ISO99\" \/>\n<meta property=\"product:condition\" content=\"new\" \/>\n<!-- \/ Yoast SEO Premium plugin. -->","yoast_head_json":{"title":"Isopropanol 99,9% zeer zuiver voor voorreiniging - versiegelung24.com","robots":{"index":"index","follow":"follow","max-snippet":"max-snippet:-1","max-image-preview":"max-image-preview:large","max-video-preview":"max-video-preview:-1"},"canonical":"https:\/\/www.versiegelung24.com\/nl\/100-zeer-zuivere-bio-ethanol-voor-professionele-voorreiniging-kopie.html","og_locale":"nl_NL","og_type":"article","og_title":"Isopropanol 99,9% zeer zuiver voor voorreiniging","og_description":"\u2713 Hoge reinigingskracht: verwijdering van lijmresten \u2713 Ontvetten: streeploos verwijderen van vet en olie Oplosbaarheid: uitstekend oplosbaar in water \u2713 Snelle verdamping: Verdampt snel zonder residu achter te laten","og_url":"https:\/\/www.versiegelung24.com\/nl\/100-zeer-zuivere-bio-ethanol-voor-professionele-voorreiniging-kopie.html","og_site_name":"versiegelung24.com","article_modified_time":"2025-01-05T17:04:02+00:00","og_image":[{"width":2560,"height":2560,"url":"https:\/\/www.versiegelung24.com\/wp-content\/uploads\/2024\/04\/isopropanol-999.webp","type":"image\/webp"}],"twitter_card":"summary_large_image","twitter_misc":{"Prijs":"11,99&euro;","Beschikbaarheid":"Op voorraad"},"schema":{"@context":"https:\/\/schema.org","@graph":[{"@type":["WebPage","FAQPage"],"@id":"https:\/\/www.versiegelung24.com\/nl\/100-zeer-zuivere-bio-ethanol-voor-professionele-voorreiniging-kopie.html","url":"https:\/\/www.versiegelung24.com\/nl\/100-zeer-zuivere-bio-ethanol-voor-professionele-voorreiniging-kopie.html","name":"Isopropanol 99,9% zeer zuiver voor voorreiniging - versiegelung24.com","isPartOf":{"@id":"https:\/\/www.versiegelung24.com\/nl\/#website"},"primaryImageOfPage":{"@id":"https:\/\/www.versiegelung24.com\/nl\/100-zeer-zuivere-bio-ethanol-voor-professionele-voorreiniging-kopie.html#primaryimage"},"image":{"@id":"https:\/\/www.versiegelung24.com\/nl\/100-zeer-zuivere-bio-ethanol-voor-professionele-voorreiniging-kopie.html#primaryimage"},"thumbnailUrl":"https:\/\/www.versiegelung24.com\/wp-content\/uploads\/2024\/04\/isopropanol-999.webp","datePublished":"2024-04-04T10:30:43+00:00","dateModified":"2025-01-05T17:04:02+00:00","breadcrumb":{"@id":"https:\/\/www.versiegelung24.com\/nl\/100-zeer-zuivere-bio-ethanol-voor-professionele-voorreiniging-kopie.html#breadcrumb"},"mainEntity":[{"@id":"https:\/\/www.versiegelung24.com\/nl\/100-zeer-zuivere-bio-ethanol-voor-professionele-voorreiniging-kopie.html#faq-question-1645793617330"},{"@id":"https:\/\/www.versiegelung24.com\/nl\/100-zeer-zuivere-bio-ethanol-voor-professionele-voorreiniging-kopie.html#faq-question-1645793819353"},{"@id":"https:\/\/www.versiegelung24.com\/nl\/100-zeer-zuivere-bio-ethanol-voor-professionele-voorreiniging-kopie.html#faq-question-1645794918526"}],"inLanguage":"nl-NL","potentialAction":[{"@type":"ReadAction","target":["https:\/\/www.versiegelung24.com\/nl\/100-zeer-zuivere-bio-ethanol-voor-professionele-voorreiniging-kopie.html"]}]},{"@type":"ImageObject","inLanguage":"nl-NL","@id":"https:\/\/www.versiegelung24.com\/nl\/100-zeer-zuivere-bio-ethanol-voor-professionele-voorreiniging-kopie.html#primaryimage","url":"https:\/\/www.versiegelung24.com\/wp-content\/uploads\/2024\/04\/isopropanol-999.webp","contentUrl":"https:\/\/www.versiegelung24.com\/wp-content\/uploads\/2024\/04\/isopropanol-999.webp","width":2560,"height":2560},{"@type":"BreadcrumbList","@id":"https:\/\/www.versiegelung24.com\/nl\/100-zeer-zuivere-bio-ethanol-voor-professionele-voorreiniging-kopie.html#breadcrumb","itemListElement":[{"@type":"ListItem","position":1,"name":"Homepage","item":"https:\/\/www.versiegelung24.com\/nl\/voorkant\/"},{"@type":"ListItem","position":2,"name":"Winkel","item":"https:\/\/www.versiegelung24.com\/nl\/winkel\/"},{"@type":"ListItem","position":3,"name":"Isopropanol 99,9% zeer zuiver voor voorreiniging"}]},{"@type":"WebSite","@id":"https:\/\/www.versiegelung24.com\/nl\/#website","url":"https:\/\/www.versiegelung24.com\/nl\/","name":"versiegelung24.com","description":"Fl\u00fcssigglas-Versiegelung - Made in Germany","publisher":{"@id":"https:\/\/www.versiegelung24.com\/nl\/#organization"},"potentialAction":[{"@type":"SearchAction","target":{"@type":"EntryPoint","urlTemplate":"https:\/\/www.versiegelung24.com\/nl\/?s={search_term_string}"},"query-input":{"@type":"PropertyValueSpecification","valueRequired":true,"valueName":"search_term_string"}}],"inLanguage":"nl-NL"},{"@type":"Organization","@id":"https:\/\/www.versiegelung24.com\/nl\/#organization","name":"versiegelung24","url":"https:\/\/www.versiegelung24.com\/nl\/","logo":{"@type":"ImageObject","inLanguage":"nl-NL","@id":"https:\/\/www.versiegelung24.com\/nl\/#\/schema\/logo\/image\/","url":"https:\/\/www.versiegelung24.com\/wp-content\/uploads\/2020\/04\/versiegelung24.png","contentUrl":"https:\/\/www.versiegelung24.com\/wp-content\/uploads\/2020\/04\/versiegelung24.png","width":470,"height":102,"caption":"versiegelung24"},"image":{"@id":"https:\/\/www.versiegelung24.com\/nl\/#\/schema\/logo\/image\/"}},{"@type":"Question","@id":"https:\/\/www.versiegelung24.com\/nl\/100-zeer-zuivere-bio-ethanol-voor-professionele-voorreiniging-kopie.html#faq-question-1645793617330","position":1,"url":"https:\/\/www.versiegelung24.com\/nl\/100-zeer-zuivere-bio-ethanol-voor-professionele-voorreiniging-kopie.html#faq-question-1645793617330","name":"Kann Isopropanol 99,9% f\u00fcr medizinische oder desinfizierende Zwecke verwendet werden?","answerCount":1,"acceptedAnswer":{"@type":"Answer","text":"Isopropanol 99,9% kann f\u00fcr die Desinfektion von Oberfl\u00e4chen verwendet werden, da es aufgrund seiner hohen Alkoholkonzentration bakterizide Eigenschaften besitzt. F\u00fcr die direkte Anwendung auf der Haut oder f\u00fcr medizinische Zwecke sollte es jedoch entsprechend verd\u00fcnnt werden. <strong>Wir empfehlen die Verwendung f\u00fcr medizinische oder desinfizierende Zwecke nicht!<\/strong>","inLanguage":"nl-NL"},"inLanguage":"nl-NL"},{"@type":"Question","@id":"https:\/\/www.versiegelung24.com\/nl\/100-zeer-zuivere-bio-ethanol-voor-professionele-voorreiniging-kopie.html#faq-question-1645793819353","position":2,"url":"https:\/\/www.versiegelung24.com\/nl\/100-zeer-zuivere-bio-ethanol-voor-professionele-voorreiniging-kopie.html#faq-question-1645793819353","name":"Ist Isopropanol 99,9% sicher f\u00fcr die Reinigung von elektronischen Ger\u00e4ten?","answerCount":1,"acceptedAnswer":{"@type":"Answer","text":"Ja, Isopropanol 99,9% eignet sich hervorragend f\u00fcr die Reinigung von elektronischen Ger\u00e4ten, da es schnell verdunstet und keine R\u00fcckst\u00e4nde hinterl\u00e4sst. Es ist wichtig, elektronische Ger\u00e4te vor der Anwendung auszuschalten und zu entkoppeln und den Alkohol nicht direkt auf die Ger\u00e4te zu spr\u00fchen, sondern ein mit Isopropanol getr\u00e4nktes Tuch zu verwenden.<br\/>","inLanguage":"nl-NL"},"inLanguage":"nl-NL"},{"@type":"Question","@id":"https:\/\/www.versiegelung24.com\/nl\/100-zeer-zuivere-bio-ethanol-voor-professionele-voorreiniging-kopie.html#faq-question-1645794918526","position":3,"url":"https:\/\/www.versiegelung24.com\/nl\/100-zeer-zuivere-bio-ethanol-voor-professionele-voorreiniging-kopie.html#faq-question-1645794918526","name":"Wie sollte Isopropanol 99,9% gelagert werden?","answerCount":1,"acceptedAnswer":{"@type":"Answer","text":"Isopropanol 99,9% sollte in einem gut verschlossenen Beh\u00e4lter an einem k\u00fchlen, gut bel\u00fcfteten Ort gelagert werden. Es ist leicht entz\u00fcndlich, daher sollte es fern von Hitzequellen, Funken, offenen Flammen und anderen Z\u00fcndquellen aufbewahrt werden. Zudem sollte der Lagerbereich so gew\u00e4hlt werden, dass er f\u00fcr Kinder und Haustiere unzug\u00e4nglich ist, um unbeabsichtigte Exposition zu vermeiden.","inLanguage":"nl-NL"},"inLanguage":"nl-NL"}]},"product_price_amount":"11.99","product_price_currency":"EUR","og_availability":"instock","product_availability":"instock","product_retailer_item_id":"9110-ISO99","product_condition":"new"},"_links":{"self":[{"href":"https:\/\/www.versiegelung24.com\/nl\/wp-json\/wp\/v2\/product\/157681","targetHints":{"allow":["GET"]}}],"collection":[{"href":"https:\/\/www.versiegelung24.com\/nl\/wp-json\/wp\/v2\/product"}],"about":[{"href":"https:\/\/www.versiegelung24.com\/nl\/wp-json\/wp\/v2\/types\/product"}],"version-history":[{"count":10,"href":"https:\/\/www.versiegelung24.com\/nl\/wp-json\/wp\/v2\/product\/157681\/revisions"}],"predecessor-version":[{"id":178484,"href":"https:\/\/www.versiegelung24.com\/nl\/wp-json\/wp\/v2\/product\/157681\/revisions\/178484"}],"wp:featuredmedia":[{"embeddable":true,"href":"https:\/\/www.versiegelung24.com\/nl\/wp-json\/wp\/v2\/media\/157713"}],"wp:attachment":[{"href":"https:\/\/www.versiegelung24.com\/nl\/wp-json\/wp\/v2\/media?parent=157681"}],"wp:term":[{"taxonomy":"product_brand","embeddable":true,"href":"https:\/\/www.versiegelung24.com\/nl\/wp-json\/wp\/v2\/product_brand?post=157681"},{"taxonomy":"product_cat","embeddable":true,"href":"https:\/\/www.versiegelung24.com\/nl\/wp-json\/wp\/v2\/product_cat?post=157681"},{"taxonomy":"product_tag","embeddable":true,"href":"https:\/\/www.versiegelung24.com\/nl\/wp-json\/wp\/v2\/product_tag?post=157681"}],"curies":[{"name":"wp","href":"https:\/\/api.w.org\/{rel}","templated":true}]}}