{"id":23507,"date":"2020-04-04T18:53:18","date_gmt":"2021-08-02T19:40:50","guid":{"rendered":"https:\/\/www.versiegelung24.com\/produkt\/bacoban-langdurige-desinfectie-van-oppervlakken-op-waterbasis-kant-en-klare-oplossing"},"modified":"2025-04-10T09:53:26","modified_gmt":"2025-04-10T07:53:26","slug":"bacoban-kant-en-klare-oplossing-voor-langdurige-oppervlaktedesinfectie","status":"publish","type":"product","link":"https:\/\/www.versiegelung24.com\/nl\/bacoban-kant-en-klare-oplossing-voor-langdurige-oppervlaktedesinfectie.html","title":{"rendered":"Bacoban\u00ae &#8211; langdurige desinfectie van oppervlakken, op waterbasis &#8211; kant-en-klare oplossing"},"content":{"rendered":"<div class=\"wp-block-image\">\n<figure class=\"alignright\"><img fetchpriority=\"high\" decoding=\"async\" width=\"300\" height=\"180\" src=\"https:\/\/www.versiegelung24.com\/wp-content\/uploads\/2020\/04\/Bacoban-stamp-300x180.png\" alt=\"\" class=\"wp-image-7393\" srcset=\"https:\/\/www.versiegelung24.com\/wp-content\/uploads\/2020\/04\/Bacoban-stamp-300x180.png 300w, https:\/\/www.versiegelung24.com\/wp-content\/uploads\/2020\/04\/Bacoban-stamp-16x10.png 16w, https:\/\/www.versiegelung24.com\/wp-content\/uploads\/2020\/04\/Bacoban-stamp.png 472w\" sizes=\"(max-width: 300px) 100vw, 300px\" \/><\/figure>\n<\/div><p><strong>Gemakkelijk te reinigen oppervlak.<\/strong> Het effect van de nano-afdichting leidt ook tot een gemakkelijk schoon te maken afdichting&nbsp;&nbsp; Oppervlak &#8211; de reinigingsinspanning wordt met meer dan 50% verminderd!<\/p>\n<p><strong>Daarnaast vermindert Bacoban\u00ae ook geuren veroorzaakt door bacteri\u00ebn.<\/strong>&nbsp; Bacoban\u00ae is VAH-genoteerd en CE-gecertificeerd en is getest door bekende instituten. &nbsp;<\/p>\n<p><strong>Belangrijk!<\/strong>&nbsp;<strong>De langdurige antimicrobi\u00eble werking van Bacoban\u00ae mag er niet toe leiden dat noodzakelijke desinfectiemaatregelen bij zichtbare en\/of twijfelachtige besmetting achterwege blijven.<\/strong><\/p><\/p>\n\n<hr \/>\n\n<h4 class=\"wp-block-heading\" id=\"properties\">Productkenmerken<\/h4>\n\n<div class=\"wp-block-columns is-layout-flex wp-container-core-columns-is-layout-9d6595d7 wp-block-columns-is-layout-flex\">\n<div class=\"wp-block-column is-layout-flow wp-block-column-is-layout-flow\">\n<p><strong><br \/>Alcoholvrije desinfectie en reiniging van medische inventaris en andere oppervlakken<\/strong>(in overeenstemming met Richtlijn 93\/42\/EEG; MDD)<strong><\/strong><\/p>\n\n\n\n<p><br \/><br \/><br \/>100 g oplossing bevat: benzalkoniumchloride 0,26 g, natriumpyrithion 0,025 g, polycondensaten, geurstoffen, gezuiverd water. UBA Nr: 57040031 Biocide-Reg.Nr: N-34071<\/p>\n\n\n\n<p><\/p>\n\n\n\n<p><strong><br \/>Type product<\/strong>Gebruiksklare oplossing voor desinfectie, antimicrobi\u00eble werking op lange termijn.<strong><\/strong> Formaldehyde-vrij, fenol-vrij.<\/p>\n\n\n\n<p><br \/><br \/>Bacoban\u00ae 500ml &#8211; op waterbasis &#8211; gebruiksklaar &#8211; 500 ml pompverstuiver Artikelnr. BAC500DI<\/p>\n\n\n\n<p><br \/><br \/>Leveringsomvang: fles van 500 ml 1 x pompverstuiver<br \/><\/p>\n<\/div>\n\n\n\n<div class=\"wp-block-column is-layout-flow wp-block-column-is-layout-flow\">\n<p><strong><br \/>Microbiologische werkzaamheid<\/strong>Bacoban\u00ae is werkzaam tegen:<strong><\/strong><\/p>\n\n\n\n<p>bacteri\u00ebn<\/p>\n\n\n\n<p>champignons<\/p>\n\n\n\n<p>\u2713speciale virussen<\/p>\n\n\n\n<p>\u2713 Hepatitis B- en C-virussen<\/p>\n\n\n\n<p>\u2713 Influenzavirus inclusief H5N1 en H1N1<\/p>\n\n\n\n<p>\u2713Coronavirussen<\/p>\n\n\n\n<p>\u2713 Rotavirus<\/p>\n\n\n\n<p>adenovirus<\/p>\n\n\n\n<p><br \/><br \/><br \/><br \/><br \/>E<strong>ffectiviteit<\/strong> DIN EN 1040 5 min. DIN EN 1275 5 min. DIN EN 1276 5 min. DIN EN 1650 5 min. DIN EN 13697 5 min.<\/p>\n\n\n\n<p>Duurzaam antimicrobieel effect getest tot 10 dagen op basis van ASTM E 2180<\/p>\n<\/div>\n<\/div>\n\n<hr \/>\n\n<h4 class=\"wp-block-heading\" id=\"application\">Toepassing<\/h4>\n\n<div class=\"wp-block-columns is-layout-flex wp-container-core-columns-is-layout-9d6595d7 wp-block-columns-is-layout-flex\">\n<div class=\"wp-block-column is-layout-flow wp-block-column-is-layout-flow\">\n<p>Desinfectie en reiniging van medische oppervlakken in overeenstemming met Richtlijn 93\/42\/EEG (medische producten) en alle soorten oppervlakken:<\/p>\n\n\n\n<p> \u2713 in klinieken<\/p>\n\n\n\n<p>\u2713 Dokterspraktijken<\/p>\n\n\n\n<p>\u2713 Revalidatie-eenheden en bejaardentehuizen<\/p>\n\n\n\n<p><br \/>Vooral in ruimtes waar een effici\u00ebnte en langdurige hygi\u00ebne vereist is.<\/p>\n<\/div>\n\n\n\n<div class=\"wp-block-column is-layout-flow wp-block-column-is-layout-flow\">\n<p>Bijzonder geschikt voor ruimtes waar onaangename geuren ontstaan door micro-organismen, zoals:<\/p>\n\n\n\n<p>toilet<\/p>\n\n\n\n<p>\u2713 Sanitaire voorzieningen<\/p>\n\n\n\n<p>Bacoban\u00ae kan worden gebruikt in kritieke en gevoelige gebieden van de farmaceutische en cosmetische industrie.<\/p>\n<\/div>\n<\/div>\n\n<hr \/>\n\n<h4 class=\"wp-block-heading\" id=\"advisor\">Raadsman<\/h4>\n\n<p><strong>Conventionele ontsmettingsmiddelen zijn onmiddellijk effectief &#8211; maar slechts voor een korte<\/strong> tijd &#8211; tijdens hun inwerktijd doden ze specifieke virussen en bacteri\u00ebn. Daarna wordt het oppervlak echter opnieuw weerloos aan hen blootgesteld. <strong>Tot de volgende desinfectie cre\u00ebert dit een hygi\u00ebnegat waarin micro-organismen zich opnieuw kunnen vestigen. <\/strong>  <strong>Het multifunctionele desinfectiemiddel Bacoban\u00ae, ontwikkeld door nanotechnologie, kan meer:<\/strong> het combineert de eigenschappen van een desinfectiemiddel en een nano-afdichtingsmiddel. <strong><br class=\"avia-permanent-lb\" \/> Hoe Bacoban\u00ae werkt<\/strong> <strong>Naast het bewezen directe kiem- en virusdodende effect <\/strong>(inclusief coronavirus, HIV, HBV, HCV, herpes, influenza, ebolavirus, enz.) heeft Bacoban\u00ae <strong>twee andere zeer effectieve mechanismen<\/strong>:  <\/p>\n\n<p><strong>Antimicrobieel en virus-inactief effect (bepaalde virussen) tot 10 dagen<\/strong> Nadat het desinfectiemiddel is verdampt, vormt Bacoban\u00ae een \u201cnanospons\u201d. <br class=\"avia-permanent-lb\" \/>Het bevat biociden die bij besmetting\/kolonisatie naar het oppervlak diffunderen en bacteri\u00ebn en schimmels doden &#8211; tot 10 dagen lang.<strong>Het blijvende effect van Bacoban\u00ae dicht de hygi\u00ebnekloof!<\/strong><strong><br class=\"avia-permanent-lb\" \/><\/strong><\/p>\n<div class=\"wp-block-image\">\n<figure class=\"aligncenter size-full\"><a href=\"https:\/\/www.versiegelung24.com\/wp-content\/uploads\/2021\/08\/bacoban-hygieneluecke-600x275-1.jpeg\"><img decoding=\"async\" width=\"600\" height=\"275\" src=\"https:\/\/www.versiegelung24.com\/wp-content\/uploads\/2021\/08\/bacoban-hygieneluecke-600x275-1.jpeg\" alt=\"\" class=\"wp-image-30433\" srcset=\"https:\/\/www.versiegelung24.com\/wp-content\/uploads\/2021\/08\/bacoban-hygieneluecke-600x275-1.jpeg 600w, https:\/\/www.versiegelung24.com\/wp-content\/uploads\/2021\/08\/bacoban-hygieneluecke-600x275-1-300x138.jpeg 300w\" sizes=\"(max-width: 600px) 100vw, 600px\" \/><\/a><\/figure>\n<\/div>\n<p><strong>Gemakkelijk te reinigen oppervlak. <\/strong>Het effect van de nano-afdichting leidt ook tot een gemakkelijk te reinigen oppervlak &#8211; de reinigingsinspanning wordt met meer dan 50% verminderd!<\/p>\n\n<p><strong>Bacoban\u00ae vermindert ook geuren veroorzaakt door bacteri\u00ebn.<\/strong> Bacoban\u00ae is VAH-genoteerd en CE-gecertificeerd en is getest door bekende instituten. <\/p>\n\n<p><strong>Belangrijk!<\/strong> <strong>De langdurige antimicrobi\u00eble werking van Bacoban\u00ae mag er niet toe leiden dat noodzakelijke desinfectiemaatregelen bij zichtbare en\/of twijfelachtige besmetting achterwege blijven.<\/strong><\/p>\n\n<p><br \/>V<strong>eiligheidsinformatie:<\/strong> De vereniging voor werkgeversaansprakelijkheidsverzekering schrijft voor dat handschoenen moeten worden gedragen bij het werken met ontsmettingsmiddelen. Schadelijk bij inslikken. Veroorzaakt ernstige brandwonden en oogletsel. Zeer giftig voor in het water levende organismen. Giftig voor in het water levende organismen, met langdurige gevolgen. Niet eten, drinken of roken tijdens het gebruik van het product. NA INSLIKKEN: mond spoelen. NIET laten braken. BIJ CONTACT MET DE HUID (of het haar): Verontreinigde kleding onmiddellijk uittrekken. Spoel de huid af met water\/douche. BIJ CONTACT MET DE OGEN: voorzichtig afspoelen met water gedurende enkele minuten. Verwijder indien mogelijk bestaande contactlenzen. Blijf spoelen. Bel onmiddellijk een ANTIGIFCENTRUM of een arts. Als medisch advies vereist is, houd dan de verpakking of het etiket gereed. <br \/>Buiten bereik van kinderen bewaren. Alleen met water en volgens de mengtabel gebruiken. Niet gebruiken in combinatie met andere reinigings- of ontsmettingsmiddelen.<\/p>\n\n<p>Kan op alle oppervlakken worden gebruikt. Voor twijfelachtige gevoelige oppervlakken raden we een weerstandstest aan op een onopvallend oppervlak. Alleen in een gesloten verpakking bewaren. Koel en droog bewaren.<\/p>\n\n<p>De container kan alleen gerecycled worden als hij helemaal leeg is. Niet gebruiken na de vervaldatum. Verwijderen volgens plaatselijke en offici\u00eble voorschriften.<\/p>\n\n<p>Biocide reg.nr.: N-28795 (D). 263\/17\/L (Lu)<\/p>\n<div class=\"wp-block-image\">\n<figure class=\"aligncenter size-full\"><a href=\"https:\/\/www.versiegelung24.com\/wp-content\/uploads\/2021\/08\/bacoban-wirkweise-Sol-Gel-Schwamm.jpeg\"><img decoding=\"async\" width=\"592\" height=\"462\" src=\"https:\/\/www.versiegelung24.com\/wp-content\/uploads\/2021\/08\/bacoban-wirkweise-Sol-Gel-Schwamm.jpeg\" alt=\"\" class=\"wp-image-30460\" srcset=\"https:\/\/www.versiegelung24.com\/wp-content\/uploads\/2021\/08\/bacoban-wirkweise-Sol-Gel-Schwamm.jpeg 592w, https:\/\/www.versiegelung24.com\/wp-content\/uploads\/2021\/08\/bacoban-wirkweise-Sol-Gel-Schwamm-300x234.jpeg 300w\" sizes=\"(max-width: 592px) 100vw, 592px\" \/><\/a><\/figure>\n<\/div>\n<h2 class=\"wp-block-heading\" id=\"so-funktioniert-bacoban-1\">Dit is hoe Bacoban\u00ae werkt<\/h2>\n\n<p><strong>Naast het bewezen directe kiemdodende en virusdodende effect<\/strong> (o.a. coronavirus, HIV, HBV, HCV, herpes, influenza, Ebola-virus,&#8230;), heeft Bacoban\u00ae nog twee andere zeer effectieve mechanismen:<\/p>\n\n<p><strong>Antimicrobi\u00eble en virusinactiverende werking (bepaalde virussen) tot 10 dagen<\/strong> Bacoban\u00ae vormt een \u201cnanospons\u201d nadat het desinfectiemiddel is verdampt. Deze bevat biociden die bij besmetting\/kolonisatie naar het oppervlak diffunderen en bacteri\u00ebn en schimmels doden &#8211; tot wel 10 dagen lang.<\/p>\n\n<p>NS.<strong> e blijvende werking van Bacoban\u00ae dicht de hygi\u00ebnekloof!<\/strong><\/p>\n\n<p><strong>Gemakkelijk te reinigen oppervlak<\/strong> Het effect van de nano-afdichting leidt ook tot een gemakkelijk te reinigen oppervlak &#8211; de reinigingsinspanning wordt met meer dan 50% verminderd!<\/p>\n\n<p><strong>Bacoban\u00ae vermindert ook geuren veroorzaakt door bacteri\u00ebn.<\/strong> Bacoban\u00ae is VAH-genoteerd en CE-gecertificeerd en is getest door bekende instituten.<\/p>\n\n<p><strong>Belangrijk!<\/strong><br \/><strong>De langdurige antimicrobi\u00eble werking van Bacoban\u00ae mag er niet toe leiden dat noodzakelijke desinfectiemaatregelen bij zichtbare en\/of twijfelachtige besmetting achterwege blijven.<\/strong><\/p>\n\n<h2 class=\"wp-block-heading\" id=\"h-warum-ein-desinfektionsmittel-mit-nachhaltiger-wirkung-warum-bacoban\">Waarom een desinfectiemiddel met een blijvend effect? Waarom Bacoban\u00ae?<\/h2>\n\n<p>Het primaire doel was om met Bacoban\u00ae een oppervlaktedesinfectiemiddel te cre\u00ebren dat niet alleen desinfecteert, maar ook een blijvend effect garandeert tot de volgende desinfectie. <br \/>Het feit dat het project nu een blijvend effect van wel 10 dagen heeft, heeft niet alleen ons verrast, maar ook onafhankelijke testlaboratoria en zorginstellingen die Bacoban\u00ae testen. Het gevolg van deze unieke resultaten is niet dat hygi\u00ebneplannen automatisch worden gewijzigd en er slechts om de 5 of 10 dagen wordt gedesinfecteerd, maar dat dit grote voordeel wordt gebruikt ten gunste van pati\u00ebnten, personeel en om de infectiebeheersing te verbeteren. Ge\u00efntegreerd in het opgestelde desinfectieplan biedt een dergelijk desinfectiemiddel meer veiligheid tegen de verspreiding van ziektekiemen en virussen en vermindert zo nieuwe infecties. Het dicht de hygi\u00ebnekloof!<\/p>\n\n<p>En dat is precies waar Bacoban\u00ae voor is ontwikkeld: Meer veiligheid tussen de desinfectiestappen en de gebruiker een nieuw instrument geven om ziektekiemen en virussen te bestrijden.<\/p>\n","protected":false},"excerpt":{"rendered":"<p><strong>Bacoban langdurige oppervlaktedesinfectie, gebruiksklare oplossing op waterbasis, 500ml<\/strong>  <\/p>\n<p>\u2713 Bewezen direct kiem- en virusdodend effect<\/p>\n<p>\u2713 Vermindert geuren veroorzaakt door bacteri\u00ebn<\/p>\n<p>\u2713 Gemakkelijk te reinigen oppervlak<\/p>\n<p>\u2713 Antimicrobi\u00eble en virusinactiverende werking (bepaalde virussen) tot 10 dagen <!-- \/wp:paragraph --><\/p>\n","protected":false},"featured_media":14456,"template":"","meta":{"_acf_changed":false,"neve_meta_sidebar":"","neve_meta_container":"","neve_meta_enable_content_width":"","neve_meta_content_width":0,"neve_meta_title_alignment":"","neve_meta_author_avatar":"","neve_post_elements_order":"","neve_meta_disable_header":"","neve_meta_disable_footer":"","neve_meta_disable_title":"","neve_meta_reading_time":"","_surfaces":[],"_ver_product_tabs":[],"footnotes":""},"product_brand":[],"product_cat":[2331,2334],"product_tag":[],"class_list":{"0":"post-23507","1":"product","2":"type-product","3":"status-publish","4":"has-post-thumbnail","6":"product_cat-ontsmettingsmiddelen","7":"product_cat-ontsmettingsmiddelen-voor-oppervlakken","9":"first","10":"instock","11":"taxable","12":"shipping-taxable","13":"purchasable","14":"product-type-simple"},"acf":[],"yoast_head":"<!-- This site is optimized with the Yoast SEO Premium plugin v22.8 (Yoast SEO v27.5) - https:\/\/yoast.com\/product\/yoast-seo-premium-wordpress\/ -->\n<title>Bacoban\u00ae - langdurige desinfectie van oppervlakken, op waterbasis - kant-en-klare oplossing - versiegelung24.com<\/title>\n<meta name=\"robots\" content=\"index, follow, max-snippet:-1, max-image-preview:large, max-video-preview:-1\" \/>\n<link rel=\"canonical\" href=\"https:\/\/www.versiegelung24.com\/nl\/bacoban-kant-en-klare-oplossing-voor-langdurige-oppervlaktedesinfectie.html\" \/>\n<meta property=\"og:locale\" content=\"nl_NL\" \/>\n<meta property=\"og:type\" content=\"article\" \/>\n<meta property=\"og:title\" content=\"Bacoban\u00ae - langdurige desinfectie van oppervlakken, op waterbasis - kant-en-klare oplossing\" \/>\n<meta property=\"og:description\" content=\"Bacoban langdurige oppervlaktedesinfectie, gebruiksklare oplossing op waterbasis, 500ml  \u2713 Bewezen direct kiem- en virusdodend effect \u2713 Vermindert geuren veroorzaakt door bacteri\u00ebn \u2713 Gemakkelijk te reinigen oppervlak \u2713 Antimicrobi\u00eble en virusinactiverende werking (bepaalde virussen) tot 10 dagen\" \/>\n<meta property=\"og:url\" content=\"https:\/\/www.versiegelung24.com\/nl\/bacoban-kant-en-klare-oplossing-voor-langdurige-oppervlaktedesinfectie.html\" \/>\n<meta property=\"og:site_name\" content=\"versiegelung24.com\" \/>\n<meta property=\"article:modified_time\" content=\"2025-04-10T07:53:26+00:00\" \/>\n<meta property=\"og:image\" content=\"https:\/\/www.versiegelung24.com\/wp-content\/uploads\/2020\/04\/bacoban-wasserbasiert-500-ml-scaled.jpg\" \/>\n\t<meta property=\"og:image:width\" content=\"2560\" \/>\n\t<meta property=\"og:image:height\" content=\"2560\" \/>\n\t<meta property=\"og:image:type\" content=\"image\/jpeg\" \/>\n<meta name=\"twitter:card\" content=\"summary_large_image\" \/>\n<meta name=\"twitter:label1\" content=\"Prijs\" \/>\n\t<meta name=\"twitter:data1\" content=\"9,95&euro;\" \/>\n\t<meta name=\"twitter:label2\" content=\"Beschikbaarheid\" \/>\n\t<meta name=\"twitter:data2\" content=\"Op voorraad\" \/>\n<script type=\"application\/ld+json\" class=\"yoast-schema-graph\">{\"@context\":\"https:\\\/\\\/schema.org\",\"@graph\":[{\"@type\":\"WebPage\",\"@id\":\"https:\\\/\\\/www.versiegelung24.com\\\/nl\\\/bacoban-kant-en-klare-oplossing-voor-langdurige-oppervlaktedesinfectie.html\",\"url\":\"https:\\\/\\\/www.versiegelung24.com\\\/nl\\\/bacoban-kant-en-klare-oplossing-voor-langdurige-oppervlaktedesinfectie.html\",\"name\":\"Bacoban\u00ae - langdurige desinfectie van oppervlakken, op waterbasis - kant-en-klare oplossing - versiegelung24.com\",\"isPartOf\":{\"@id\":\"https:\\\/\\\/www.versiegelung24.com\\\/nl\\\/#website\"},\"primaryImageOfPage\":{\"@id\":\"https:\\\/\\\/www.versiegelung24.com\\\/nl\\\/bacoban-kant-en-klare-oplossing-voor-langdurige-oppervlaktedesinfectie.html#primaryimage\"},\"image\":{\"@id\":\"https:\\\/\\\/www.versiegelung24.com\\\/nl\\\/bacoban-kant-en-klare-oplossing-voor-langdurige-oppervlaktedesinfectie.html#primaryimage\"},\"thumbnailUrl\":\"https:\\\/\\\/www.versiegelung24.com\\\/wp-content\\\/uploads\\\/2020\\\/04\\\/bacoban-wasserbasiert-500-ml-scaled.jpg\",\"datePublished\":\"2021-08-02T19:40:50+00:00\",\"dateModified\":\"2025-04-10T07:53:26+00:00\",\"breadcrumb\":{\"@id\":\"https:\\\/\\\/www.versiegelung24.com\\\/nl\\\/bacoban-kant-en-klare-oplossing-voor-langdurige-oppervlaktedesinfectie.html#breadcrumb\"},\"inLanguage\":\"nl-NL\",\"potentialAction\":[{\"@type\":\"ReadAction\",\"target\":[\"https:\\\/\\\/www.versiegelung24.com\\\/nl\\\/bacoban-kant-en-klare-oplossing-voor-langdurige-oppervlaktedesinfectie.html\"]}]},{\"@type\":\"ImageObject\",\"inLanguage\":\"nl-NL\",\"@id\":\"https:\\\/\\\/www.versiegelung24.com\\\/nl\\\/bacoban-kant-en-klare-oplossing-voor-langdurige-oppervlaktedesinfectie.html#primaryimage\",\"url\":\"https:\\\/\\\/www.versiegelung24.com\\\/wp-content\\\/uploads\\\/2020\\\/04\\\/bacoban-wasserbasiert-500-ml-scaled.jpg\",\"contentUrl\":\"https:\\\/\\\/www.versiegelung24.com\\\/wp-content\\\/uploads\\\/2020\\\/04\\\/bacoban-wasserbasiert-500-ml-scaled.jpg\",\"width\":2560,\"height\":2560},{\"@type\":\"BreadcrumbList\",\"@id\":\"https:\\\/\\\/www.versiegelung24.com\\\/nl\\\/bacoban-kant-en-klare-oplossing-voor-langdurige-oppervlaktedesinfectie.html#breadcrumb\",\"itemListElement\":[{\"@type\":\"ListItem\",\"position\":1,\"name\":\"Homepage\",\"item\":\"https:\\\/\\\/www.versiegelung24.com\\\/nl\\\/voorkant\\\/\"},{\"@type\":\"ListItem\",\"position\":2,\"name\":\"Winkel\",\"item\":\"https:\\\/\\\/www.versiegelung24.com\\\/nl\\\/winkel\\\/\"},{\"@type\":\"ListItem\",\"position\":3,\"name\":\"Bacoban\u00ae &#8211; langdurige desinfectie van oppervlakken, op waterbasis &#8211; kant-en-klare oplossing\"}]},{\"@type\":\"WebSite\",\"@id\":\"https:\\\/\\\/www.versiegelung24.com\\\/nl\\\/#website\",\"url\":\"https:\\\/\\\/www.versiegelung24.com\\\/nl\\\/\",\"name\":\"versiegelung24.com\",\"description\":\"Fl\u00fcssigglas-Versiegelung - Made in Germany\",\"publisher\":{\"@id\":\"https:\\\/\\\/www.versiegelung24.com\\\/nl\\\/#organization\"},\"potentialAction\":[{\"@type\":\"SearchAction\",\"target\":{\"@type\":\"EntryPoint\",\"urlTemplate\":\"https:\\\/\\\/www.versiegelung24.com\\\/nl\\\/?s={search_term_string}\"},\"query-input\":{\"@type\":\"PropertyValueSpecification\",\"valueRequired\":true,\"valueName\":\"search_term_string\"}}],\"inLanguage\":\"nl-NL\"},{\"@type\":\"Organization\",\"@id\":\"https:\\\/\\\/www.versiegelung24.com\\\/nl\\\/#organization\",\"name\":\"versiegelung24\",\"url\":\"https:\\\/\\\/www.versiegelung24.com\\\/nl\\\/\",\"logo\":{\"@type\":\"ImageObject\",\"inLanguage\":\"nl-NL\",\"@id\":\"https:\\\/\\\/www.versiegelung24.com\\\/nl\\\/#\\\/schema\\\/logo\\\/image\\\/\",\"url\":\"https:\\\/\\\/www.versiegelung24.com\\\/wp-content\\\/uploads\\\/2020\\\/04\\\/versiegelung24.png\",\"contentUrl\":\"https:\\\/\\\/www.versiegelung24.com\\\/wp-content\\\/uploads\\\/2020\\\/04\\\/versiegelung24.png\",\"width\":470,\"height\":102,\"caption\":\"versiegelung24\"},\"image\":{\"@id\":\"https:\\\/\\\/www.versiegelung24.com\\\/nl\\\/#\\\/schema\\\/logo\\\/image\\\/\"}}]}<\/script>\n<meta property=\"product:price:amount\" content=\"9.95\" \/>\n<meta property=\"product:price:currency\" content=\"EUR\" \/>\n<meta property=\"og:availability\" content=\"instock\" \/>\n<meta property=\"product:availability\" content=\"instock\" \/>\n<meta property=\"product:retailer_item_id\" content=\"BAC500DL\" \/>\n<meta property=\"product:condition\" content=\"new\" \/>\n<!-- \/ Yoast SEO Premium plugin. -->","yoast_head_json":{"title":"Bacoban\u00ae - langdurige desinfectie van oppervlakken, op waterbasis - kant-en-klare oplossing - versiegelung24.com","robots":{"index":"index","follow":"follow","max-snippet":"max-snippet:-1","max-image-preview":"max-image-preview:large","max-video-preview":"max-video-preview:-1"},"canonical":"https:\/\/www.versiegelung24.com\/nl\/bacoban-kant-en-klare-oplossing-voor-langdurige-oppervlaktedesinfectie.html","og_locale":"nl_NL","og_type":"article","og_title":"Bacoban\u00ae - langdurige desinfectie van oppervlakken, op waterbasis - kant-en-klare oplossing","og_description":"Bacoban langdurige oppervlaktedesinfectie, gebruiksklare oplossing op waterbasis, 500ml  \u2713 Bewezen direct kiem- en virusdodend effect \u2713 Vermindert geuren veroorzaakt door bacteri\u00ebn \u2713 Gemakkelijk te reinigen oppervlak \u2713 Antimicrobi\u00eble en virusinactiverende werking (bepaalde virussen) tot 10 dagen","og_url":"https:\/\/www.versiegelung24.com\/nl\/bacoban-kant-en-klare-oplossing-voor-langdurige-oppervlaktedesinfectie.html","og_site_name":"versiegelung24.com","article_modified_time":"2025-04-10T07:53:26+00:00","og_image":[{"width":2560,"height":2560,"url":"https:\/\/www.versiegelung24.com\/wp-content\/uploads\/2020\/04\/bacoban-wasserbasiert-500-ml-scaled.jpg","type":"image\/jpeg"}],"twitter_card":"summary_large_image","twitter_misc":{"Prijs":"9,95&euro;","Beschikbaarheid":"Op voorraad"},"schema":{"@context":"https:\/\/schema.org","@graph":[{"@type":"WebPage","@id":"https:\/\/www.versiegelung24.com\/nl\/bacoban-kant-en-klare-oplossing-voor-langdurige-oppervlaktedesinfectie.html","url":"https:\/\/www.versiegelung24.com\/nl\/bacoban-kant-en-klare-oplossing-voor-langdurige-oppervlaktedesinfectie.html","name":"Bacoban\u00ae - langdurige desinfectie van oppervlakken, op waterbasis - kant-en-klare oplossing - versiegelung24.com","isPartOf":{"@id":"https:\/\/www.versiegelung24.com\/nl\/#website"},"primaryImageOfPage":{"@id":"https:\/\/www.versiegelung24.com\/nl\/bacoban-kant-en-klare-oplossing-voor-langdurige-oppervlaktedesinfectie.html#primaryimage"},"image":{"@id":"https:\/\/www.versiegelung24.com\/nl\/bacoban-kant-en-klare-oplossing-voor-langdurige-oppervlaktedesinfectie.html#primaryimage"},"thumbnailUrl":"https:\/\/www.versiegelung24.com\/wp-content\/uploads\/2020\/04\/bacoban-wasserbasiert-500-ml-scaled.jpg","datePublished":"2021-08-02T19:40:50+00:00","dateModified":"2025-04-10T07:53:26+00:00","breadcrumb":{"@id":"https:\/\/www.versiegelung24.com\/nl\/bacoban-kant-en-klare-oplossing-voor-langdurige-oppervlaktedesinfectie.html#breadcrumb"},"inLanguage":"nl-NL","potentialAction":[{"@type":"ReadAction","target":["https:\/\/www.versiegelung24.com\/nl\/bacoban-kant-en-klare-oplossing-voor-langdurige-oppervlaktedesinfectie.html"]}]},{"@type":"ImageObject","inLanguage":"nl-NL","@id":"https:\/\/www.versiegelung24.com\/nl\/bacoban-kant-en-klare-oplossing-voor-langdurige-oppervlaktedesinfectie.html#primaryimage","url":"https:\/\/www.versiegelung24.com\/wp-content\/uploads\/2020\/04\/bacoban-wasserbasiert-500-ml-scaled.jpg","contentUrl":"https:\/\/www.versiegelung24.com\/wp-content\/uploads\/2020\/04\/bacoban-wasserbasiert-500-ml-scaled.jpg","width":2560,"height":2560},{"@type":"BreadcrumbList","@id":"https:\/\/www.versiegelung24.com\/nl\/bacoban-kant-en-klare-oplossing-voor-langdurige-oppervlaktedesinfectie.html#breadcrumb","itemListElement":[{"@type":"ListItem","position":1,"name":"Homepage","item":"https:\/\/www.versiegelung24.com\/nl\/voorkant\/"},{"@type":"ListItem","position":2,"name":"Winkel","item":"https:\/\/www.versiegelung24.com\/nl\/winkel\/"},{"@type":"ListItem","position":3,"name":"Bacoban\u00ae &#8211; langdurige desinfectie van oppervlakken, op waterbasis &#8211; kant-en-klare oplossing"}]},{"@type":"WebSite","@id":"https:\/\/www.versiegelung24.com\/nl\/#website","url":"https:\/\/www.versiegelung24.com\/nl\/","name":"versiegelung24.com","description":"Fl\u00fcssigglas-Versiegelung - Made in Germany","publisher":{"@id":"https:\/\/www.versiegelung24.com\/nl\/#organization"},"potentialAction":[{"@type":"SearchAction","target":{"@type":"EntryPoint","urlTemplate":"https:\/\/www.versiegelung24.com\/nl\/?s={search_term_string}"},"query-input":{"@type":"PropertyValueSpecification","valueRequired":true,"valueName":"search_term_string"}}],"inLanguage":"nl-NL"},{"@type":"Organization","@id":"https:\/\/www.versiegelung24.com\/nl\/#organization","name":"versiegelung24","url":"https:\/\/www.versiegelung24.com\/nl\/","logo":{"@type":"ImageObject","inLanguage":"nl-NL","@id":"https:\/\/www.versiegelung24.com\/nl\/#\/schema\/logo\/image\/","url":"https:\/\/www.versiegelung24.com\/wp-content\/uploads\/2020\/04\/versiegelung24.png","contentUrl":"https:\/\/www.versiegelung24.com\/wp-content\/uploads\/2020\/04\/versiegelung24.png","width":470,"height":102,"caption":"versiegelung24"},"image":{"@id":"https:\/\/www.versiegelung24.com\/nl\/#\/schema\/logo\/image\/"}}]},"product_price_amount":"9.95","product_price_currency":"EUR","og_availability":"instock","product_availability":"instock","product_retailer_item_id":"BAC500DL","product_condition":"new"},"_links":{"self":[{"href":"https:\/\/www.versiegelung24.com\/nl\/wp-json\/wp\/v2\/product\/23507","targetHints":{"allow":["GET"]}}],"collection":[{"href":"https:\/\/www.versiegelung24.com\/nl\/wp-json\/wp\/v2\/product"}],"about":[{"href":"https:\/\/www.versiegelung24.com\/nl\/wp-json\/wp\/v2\/types\/product"}],"version-history":[{"count":36,"href":"https:\/\/www.versiegelung24.com\/nl\/wp-json\/wp\/v2\/product\/23507\/revisions"}],"predecessor-version":[{"id":180538,"href":"https:\/\/www.versiegelung24.com\/nl\/wp-json\/wp\/v2\/product\/23507\/revisions\/180538"}],"wp:featuredmedia":[{"embeddable":true,"href":"https:\/\/www.versiegelung24.com\/nl\/wp-json\/wp\/v2\/media\/14456"}],"wp:attachment":[{"href":"https:\/\/www.versiegelung24.com\/nl\/wp-json\/wp\/v2\/media?parent=23507"}],"wp:term":[{"taxonomy":"product_brand","embeddable":true,"href":"https:\/\/www.versiegelung24.com\/nl\/wp-json\/wp\/v2\/product_brand?post=23507"},{"taxonomy":"product_cat","embeddable":true,"href":"https:\/\/www.versiegelung24.com\/nl\/wp-json\/wp\/v2\/product_cat?post=23507"},{"taxonomy":"product_tag","embeddable":true,"href":"https:\/\/www.versiegelung24.com\/nl\/wp-json\/wp\/v2\/product_tag?post=23507"}],"curies":[{"name":"wp","href":"https:\/\/api.w.org\/{rel}","templated":true}]}}