{"id":23606,"date":"2020-04-04T18:53:41","date_gmt":"2020-04-04T16:53:41","guid":{"rendered":"https:\/\/www.versiegelung24.com\/produkt\/bio-ethanol-966-voor-professionele-voorreiniging"},"modified":"2025-03-14T10:40:55","modified_gmt":"2025-03-14T09:40:55","slug":"bio-ethanol-966-voor-professional-voorreiniging","status":"publish","type":"product","link":"https:\/\/www.versiegelung24.com\/nl\/bio-ethanol-966-voor-professional-voorreiniging.html","title":{"rendered":"Bio-ethanol 96,6% voor professionele voorreiniging"},"content":{"rendered":"\n<h4 class=\"wp-block-heading\" id=\"h-beschreibung\">Beschrijving van de<\/h4>\n\n<p>Technische kwaliteit bio-ethanol 96,6% geschikt voor grondige voorreiniging en ontvetting van niet-absorberende oppervlakken. <\/p>\n\n<p>Zeer goed te gebruiken in combinatie met onze biologische, <a href=\"https:\/\/www.versiegelung24.com\/nl\/biosativa-biologische-voorreiniger.html\">residuvrije voorreiniger BIOSATIVA<\/a> \u00ae om bv glas, keramiek, gelakte oppervlakken voor te bereiden voor het aanbrengen van onze oppervlakteafdichtingen.<\/p>\n\n<hr \/>\n\n<h4 class=\"wp-block-heading\" id=\"properties\">Productkenmerken<\/h4>\n\n<p>\u2713 Bio-ethanol gemaakt van 100% ma\u00efs en suikerbieten<\/p>\n\n<p>\u2713 Regionale productie met ingredi\u00ebnten uit Europa<\/p>\n\n<p>\u2713 Productie volgens hoge Europese richtlijnen<\/p>\n\n<p>\u2713 Veiligheid &amp; kwaliteit door hoge standaarden<\/p>\n\n<p>Hoge zuiverheid, met 1% MEK, 1% isopropanol en Bitrex volledig gedenatureerde bio-ethanol 96,6% (ethyleenalcohol) uit duurzame productie (biomassa).<\/p>\n\n<hr \/>\n\n<h4 class=\"wp-block-heading\" id=\"application\">Toepassing<\/h4>\n\n<p>Voor het reinigen van gladde, niet-absorberende oppervlakken raden wij aan om in twee stappen te reinigen:<\/p>\n\n<p>1. Intensieve voorreiniging van het oppervlak met een conventionele residuvrije reiniger of ons biologisch reinigingsconcentraat <a href=\"https:\/\/www.versiegelung24.com\/nl\/biosativa-biologische-voorreiniger.html\">BIOSATIVA<\/a> <a href=\"https:\/\/www.versiegelung24.com\/biosativa-biologischer-vorreiniger.html\">\u00ae<\/a><\/p>\n\n<p>2. Na afloop van het reinigingsproces het oppervlak nogmaals reinigen met bio-ethanol 96,6% zodat al het vuil is verwijderd en het oppervlak volledig vetvrij is. Herhaal dit proces totdat er geen vuilresten meer op de microvezeldoek zitten.<\/p>\n\n<p>Na een korte verdampingstijd van eventuele alcoholresten op het oppervlak, kan het aanbrengen van onze nano-coatings en impregnaties beginnen.<\/p>\n\n<p><em>In principe moet bij elke oppervlaktereiniging en -afdichting altijd een test op een onopvallende plaats worden uitgevoerd om de compatibiliteit van het oppervlak met de gebruikte middelen te bepalen.<\/em><\/p>\n\n<hr \/>\n\n<h4 class=\"wp-block-heading\" id=\"advisor\">Raadsman<\/h4>\n\n<p><strong>Bio-Ethanol 96,6% &#8211; perfect voor tafelhaarden<\/strong><\/p>\n\n<p>Hoe verschillend onze smaken ook zijn, ethanol haarden zijn onmisbaar geworden in veel huishoudens. De 1 liter flessen zijn perfect voor de occasionele gebruiker of de eerste gebruiker die kennis wil maken met hun ethanol haard of onze vloeibare bio ethanol brandstof.<\/p>\n\n<p><strong>Hoe lang gaat 1 liter bio-ethanol mee?<\/strong><\/p>\n\n<p>De gemiddelde brandduur van 1 liter 96,6% bio-ethanol is ongeveer 2 tot 3 uur. Maar dat kun je niet precies zeggen, want de brandduur hangt af van het oppervlak waarop de vloeistof brandt. Hoe groter de oppervlakte, hoe sneller de premium bio-ethanol verbrandt.<\/p>\n\n<hr \/>\n\n<h4 class=\"wp-block-heading\" id=\"faq\">FAQ<\/h4>\n\n<div class=\"schema-faq wp-block-yoast-faq-block\"><div class=\"schema-faq-section\" id=\"faq-question-1645793617330\"><strong class=\"schema-faq-question\">Is bio-ethanol toegelaten voor de medische sector?<\/strong> <p class=\"schema-faq-answer\">Nee! Als u op zoek bent naar een oppervlaktedesinfectiemiddel, vindt u hier meer informatie: <a href=\"https:\/\/www.versiegelung24.com\/desinfektionsmittel\/\">Overzicht desinfectiemiddelen<\/a><\/p> <\/div> <div class=\"schema-faq-section\" id=\"faq-question-1645793819353\"><strong class=\"schema-faq-question\">Hoe gevaarlijk is bio-ethanol?<\/strong> <p class=\"schema-faq-answer\">Bij verbranding komen waterdamp (H2O) en koolstofdioxide (CO2) vrij, net zoals bij het ademen. Bio-ethanol 96,6% brandt geur- en residuvrij. Bij gebruik in open haarden moeten altijd de precieze waarschuwingen voor gevaar in acht worden genomen!<br>Bio-ethanol 96,6% is licht ontvlambaar. Bij gebruik als reiniger ontstaan licht ontvlambare gassen. <br><\/p> <\/div> <div class=\"schema-faq-section\" id=\"faq-question-1645794918526\"><strong class=\"schema-faq-question\">Kan bio-ethanol (gebruikt als reiniger) oppervlakken aantasten?<\/strong> <p class=\"schema-faq-answer\">Vooral bij kunststoffen is hier voorzichtigheid geboden. Zachte kunststoffen zoals afdichtingen en slangen kunnen reageren met de weekmakers en oppervlakken of materialen beschadigen.<br><br>In principe moet bij het reinigen van het oppervlak altijd eerst een test op een onopvallende plek worden uitgevoerd.<\/p> <\/div> <\/div>\n","protected":false},"excerpt":{"rendered":"<p>\u2713 Bio-ethanol gemaakt van 100% ma\u00efs en suikerbieten<\/p>\n<p>\u2713 Regionale productie met ingredi\u00ebnten uit Europa<\/p>\n<p>\u2713 Productie volgens hoge Europese richtlijnen<\/p>\n<p>\u2713 Veiligheid &amp; kwaliteit door hoge standaarden<\/p>\n","protected":false},"featured_media":65148,"template":"","meta":{"_acf_changed":false,"neve_meta_sidebar":"","neve_meta_container":"","neve_meta_enable_content_width":"","neve_meta_content_width":0,"neve_meta_title_alignment":"","neve_meta_author_avatar":"","neve_post_elements_order":"","neve_meta_disable_header":"","neve_meta_disable_footer":"","neve_meta_disable_title":"","neve_meta_reading_time":"","_surfaces":[],"_ver_product_tabs":[],"footnotes":""},"product_brand":[],"product_cat":[2377,2602,2213,2370,2372],"product_tag":[],"class_list":{"0":"post-23606","1":"product","2":"type-product","3":"status-publish","4":"has-post-thumbnail","6":"product_cat-schoonmaakproducten","7":"product_cat-bio-ethanol","8":"product_cat-auto-afdichting","9":"product_cat-afdichting-voor-glas-en-keramiek","10":"product_cat-afdichting-van-metaal-en-kunststof","12":"first","13":"instock","14":"taxable","15":"shipping-taxable","16":"purchasable","17":"product-type-simple"},"acf":[],"yoast_head":"<!-- This site is optimized with the Yoast SEO Premium plugin v22.8 (Yoast SEO v27.5) - https:\/\/yoast.com\/product\/yoast-seo-premium-wordpress\/ -->\n<title>Bio-ethanol 96,6% voor professionele voorreiniging - versiegelung24.com<\/title>\n<meta name=\"robots\" content=\"index, follow, max-snippet:-1, max-image-preview:large, max-video-preview:-1\" \/>\n<link rel=\"canonical\" href=\"https:\/\/www.versiegelung24.com\/nl\/bio-ethanol-966-voor-professional-voorreiniging.html\" \/>\n<meta property=\"og:locale\" content=\"nl_NL\" \/>\n<meta property=\"og:type\" content=\"article\" \/>\n<meta property=\"og:title\" content=\"Bio-ethanol 96,6% voor professionele voorreiniging\" \/>\n<meta property=\"og:description\" content=\"\u2713 Bio-ethanol gemaakt van 100% ma\u00efs en suikerbieten \u2713 Regionale productie met ingredi\u00ebnten uit Europa \u2713 Productie volgens hoge Europese richtlijnen \u2713 Veiligheid &amp; kwaliteit door hoge standaarden\" \/>\n<meta property=\"og:url\" content=\"https:\/\/www.versiegelung24.com\/nl\/bio-ethanol-966-voor-professional-voorreiniging.html\" \/>\n<meta property=\"og:site_name\" content=\"versiegelung24.com\" \/>\n<meta property=\"article:modified_time\" content=\"2025-03-14T09:40:55+00:00\" \/>\n<meta property=\"og:image\" content=\"https:\/\/www.versiegelung24.com\/wp-content\/uploads\/2020\/04\/produkt_9100-950-1000-bioethanol-flasche.jpeg\" \/>\n\t<meta property=\"og:image:width\" content=\"2560\" \/>\n\t<meta property=\"og:image:height\" content=\"2560\" \/>\n\t<meta property=\"og:image:type\" content=\"image\/jpeg\" \/>\n<meta name=\"twitter:card\" content=\"summary_large_image\" \/>\n<meta name=\"twitter:label1\" content=\"Prijs\" \/>\n\t<meta name=\"twitter:data1\" content=\"9,99&euro;\" \/>\n\t<meta name=\"twitter:label2\" content=\"Beschikbaarheid\" \/>\n\t<meta name=\"twitter:data2\" content=\"Op voorraad\" \/>\n<script type=\"application\/ld+json\" class=\"yoast-schema-graph\">{\"@context\":\"https:\\\/\\\/schema.org\",\"@graph\":[{\"@type\":[\"WebPage\",\"FAQPage\"],\"@id\":\"https:\\\/\\\/www.versiegelung24.com\\\/nl\\\/bio-ethanol-966-voor-professional-voorreiniging.html\",\"url\":\"https:\\\/\\\/www.versiegelung24.com\\\/nl\\\/bio-ethanol-966-voor-professional-voorreiniging.html\",\"name\":\"Bio-ethanol 96,6% voor professionele voorreiniging - versiegelung24.com\",\"isPartOf\":{\"@id\":\"https:\\\/\\\/www.versiegelung24.com\\\/nl\\\/#website\"},\"primaryImageOfPage\":{\"@id\":\"https:\\\/\\\/www.versiegelung24.com\\\/nl\\\/bio-ethanol-966-voor-professional-voorreiniging.html#primaryimage\"},\"image\":{\"@id\":\"https:\\\/\\\/www.versiegelung24.com\\\/nl\\\/bio-ethanol-966-voor-professional-voorreiniging.html#primaryimage\"},\"thumbnailUrl\":\"https:\\\/\\\/www.versiegelung24.com\\\/wp-content\\\/uploads\\\/2020\\\/04\\\/produkt_9100-950-1000-bioethanol-flasche.jpeg\",\"datePublished\":\"2020-04-04T16:53:41+00:00\",\"dateModified\":\"2025-03-14T09:40:55+00:00\",\"breadcrumb\":{\"@id\":\"https:\\\/\\\/www.versiegelung24.com\\\/nl\\\/bio-ethanol-966-voor-professional-voorreiniging.html#breadcrumb\"},\"mainEntity\":[{\"@id\":\"https:\\\/\\\/www.versiegelung24.com\\\/nl\\\/bio-ethanol-966-voor-professional-voorreiniging.html#faq-question-1645793617330\"},{\"@id\":\"https:\\\/\\\/www.versiegelung24.com\\\/nl\\\/bio-ethanol-966-voor-professional-voorreiniging.html#faq-question-1645793819353\"},{\"@id\":\"https:\\\/\\\/www.versiegelung24.com\\\/nl\\\/bio-ethanol-966-voor-professional-voorreiniging.html#faq-question-1645794918526\"}],\"inLanguage\":\"nl-NL\",\"potentialAction\":[{\"@type\":\"ReadAction\",\"target\":[\"https:\\\/\\\/www.versiegelung24.com\\\/nl\\\/bio-ethanol-966-voor-professional-voorreiniging.html\"]}]},{\"@type\":\"ImageObject\",\"inLanguage\":\"nl-NL\",\"@id\":\"https:\\\/\\\/www.versiegelung24.com\\\/nl\\\/bio-ethanol-966-voor-professional-voorreiniging.html#primaryimage\",\"url\":\"https:\\\/\\\/www.versiegelung24.com\\\/wp-content\\\/uploads\\\/2020\\\/04\\\/produkt_9100-950-1000-bioethanol-flasche.jpeg\",\"contentUrl\":\"https:\\\/\\\/www.versiegelung24.com\\\/wp-content\\\/uploads\\\/2020\\\/04\\\/produkt_9100-950-1000-bioethanol-flasche.jpeg\",\"width\":2560,\"height\":2560},{\"@type\":\"BreadcrumbList\",\"@id\":\"https:\\\/\\\/www.versiegelung24.com\\\/nl\\\/bio-ethanol-966-voor-professional-voorreiniging.html#breadcrumb\",\"itemListElement\":[{\"@type\":\"ListItem\",\"position\":1,\"name\":\"Homepage\",\"item\":\"https:\\\/\\\/www.versiegelung24.com\\\/nl\\\/voorkant\\\/\"},{\"@type\":\"ListItem\",\"position\":2,\"name\":\"Winkel\",\"item\":\"https:\\\/\\\/www.versiegelung24.com\\\/nl\\\/winkel\\\/\"},{\"@type\":\"ListItem\",\"position\":3,\"name\":\"Bio-ethanol 96,6% voor professionele voorreiniging\"}]},{\"@type\":\"WebSite\",\"@id\":\"https:\\\/\\\/www.versiegelung24.com\\\/nl\\\/#website\",\"url\":\"https:\\\/\\\/www.versiegelung24.com\\\/nl\\\/\",\"name\":\"versiegelung24.com\",\"description\":\"Fl\u00fcssigglas-Versiegelung - Made in Germany\",\"publisher\":{\"@id\":\"https:\\\/\\\/www.versiegelung24.com\\\/nl\\\/#organization\"},\"potentialAction\":[{\"@type\":\"SearchAction\",\"target\":{\"@type\":\"EntryPoint\",\"urlTemplate\":\"https:\\\/\\\/www.versiegelung24.com\\\/nl\\\/?s={search_term_string}\"},\"query-input\":{\"@type\":\"PropertyValueSpecification\",\"valueRequired\":true,\"valueName\":\"search_term_string\"}}],\"inLanguage\":\"nl-NL\"},{\"@type\":\"Organization\",\"@id\":\"https:\\\/\\\/www.versiegelung24.com\\\/nl\\\/#organization\",\"name\":\"versiegelung24\",\"url\":\"https:\\\/\\\/www.versiegelung24.com\\\/nl\\\/\",\"logo\":{\"@type\":\"ImageObject\",\"inLanguage\":\"nl-NL\",\"@id\":\"https:\\\/\\\/www.versiegelung24.com\\\/nl\\\/#\\\/schema\\\/logo\\\/image\\\/\",\"url\":\"https:\\\/\\\/www.versiegelung24.com\\\/wp-content\\\/uploads\\\/2020\\\/04\\\/versiegelung24.png\",\"contentUrl\":\"https:\\\/\\\/www.versiegelung24.com\\\/wp-content\\\/uploads\\\/2020\\\/04\\\/versiegelung24.png\",\"width\":470,\"height\":102,\"caption\":\"versiegelung24\"},\"image\":{\"@id\":\"https:\\\/\\\/www.versiegelung24.com\\\/nl\\\/#\\\/schema\\\/logo\\\/image\\\/\"}},{\"@type\":\"Question\",\"@id\":\"https:\\\/\\\/www.versiegelung24.com\\\/nl\\\/bio-ethanol-966-voor-professional-voorreiniging.html#faq-question-1645793617330\",\"position\":1,\"url\":\"https:\\\/\\\/www.versiegelung24.com\\\/nl\\\/bio-ethanol-966-voor-professional-voorreiniging.html#faq-question-1645793617330\",\"name\":\"Ist Bioethanol f\u00fcr den medizinischen Bereich zugelassen?\",\"answerCount\":1,\"acceptedAnswer\":{\"@type\":\"Answer\",\"text\":\"Nein! Wenn Sie ein Fl\u00e4chendesinfektionsmittel suchen, finden Sie weitere Informationen hier: <a href=\\\"https:\\\/\\\/www.versiegelung24.com\\\/desinfektionsmittel\\\/\\\">\u00dcbersicht Desinfektionsmittel<\\\/a>\",\"inLanguage\":\"nl-NL\"},\"inLanguage\":\"nl-NL\"},{\"@type\":\"Question\",\"@id\":\"https:\\\/\\\/www.versiegelung24.com\\\/nl\\\/bio-ethanol-966-voor-professional-voorreiniging.html#faq-question-1645793819353\",\"position\":2,\"url\":\"https:\\\/\\\/www.versiegelung24.com\\\/nl\\\/bio-ethanol-966-voor-professional-voorreiniging.html#faq-question-1645793819353\",\"name\":\"Wie gef\u00e4hrlich ist Bioethanol?\",\"answerCount\":1,\"acceptedAnswer\":{\"@type\":\"Answer\",\"text\":\"Bei der Verbrennung entstehen genau wie bei unserer Atmung Wasserdampf (H2O) und Kohlendioxid (CO2). Bioethanol 96,6% verbrennt geruchs- und r\u00fcckstandsfrei. Bei Nutzung in Feuerstellen sind stets die genauen Gefahrenhinweise zu beachten!<br \\\/>Bioethanol 96,6% ist leicht entz\u00fcndlich. Bei der Nutzung als Reiniger entstehen leicht brennbare Gase. <br \\\/>\",\"inLanguage\":\"nl-NL\"},\"inLanguage\":\"nl-NL\"},{\"@type\":\"Question\",\"@id\":\"https:\\\/\\\/www.versiegelung24.com\\\/nl\\\/bio-ethanol-966-voor-professional-voorreiniging.html#faq-question-1645794918526\",\"position\":3,\"url\":\"https:\\\/\\\/www.versiegelung24.com\\\/nl\\\/bio-ethanol-966-voor-professional-voorreiniging.html#faq-question-1645794918526\",\"name\":\"Kann Bioethanol (als Reiniger eingesetzt) Oberfl\u00e4chen angreifen?\",\"answerCount\":1,\"acceptedAnswer\":{\"@type\":\"Answer\",\"text\":\"Besonders bei Kunststoffen ist hier mit Achtsamkeit vor zu gehen. Weiche Kunststoffe wie z.B. bei Dichtungen und Schl\u00e4uchen kann dieser mit den Weichmachern reagieren und Oberfl\u00e4chen bzw. Materialien sch\u00e4digen.<br \\\/><br \\\/>Grunds\u00e4tzlich sollte bei der Oberfl\u00e4chenreinigung immer erst ein Test an unauff\u00e4lliger Stelle durchgef\u00fchrt werden.\",\"inLanguage\":\"nl-NL\"},\"inLanguage\":\"nl-NL\"}]}<\/script>\n<meta property=\"product:price:amount\" content=\"9.99\" \/>\n<meta property=\"product:price:currency\" content=\"EUR\" \/>\n<meta property=\"og:availability\" content=\"instock\" \/>\n<meta property=\"product:availability\" content=\"instock\" \/>\n<meta property=\"product:retailer_item_id\" content=\"9100-BE96-1\" \/>\n<meta property=\"product:condition\" content=\"new\" \/>\n<!-- \/ Yoast SEO Premium plugin. -->","yoast_head_json":{"title":"Bio-ethanol 96,6% voor professionele voorreiniging - versiegelung24.com","robots":{"index":"index","follow":"follow","max-snippet":"max-snippet:-1","max-image-preview":"max-image-preview:large","max-video-preview":"max-video-preview:-1"},"canonical":"https:\/\/www.versiegelung24.com\/nl\/bio-ethanol-966-voor-professional-voorreiniging.html","og_locale":"nl_NL","og_type":"article","og_title":"Bio-ethanol 96,6% voor professionele voorreiniging","og_description":"\u2713 Bio-ethanol gemaakt van 100% ma\u00efs en suikerbieten \u2713 Regionale productie met ingredi\u00ebnten uit Europa \u2713 Productie volgens hoge Europese richtlijnen \u2713 Veiligheid &amp; kwaliteit door hoge standaarden","og_url":"https:\/\/www.versiegelung24.com\/nl\/bio-ethanol-966-voor-professional-voorreiniging.html","og_site_name":"versiegelung24.com","article_modified_time":"2025-03-14T09:40:55+00:00","og_image":[{"width":2560,"height":2560,"url":"https:\/\/www.versiegelung24.com\/wp-content\/uploads\/2020\/04\/produkt_9100-950-1000-bioethanol-flasche.jpeg","type":"image\/jpeg"}],"twitter_card":"summary_large_image","twitter_misc":{"Prijs":"9,99&euro;","Beschikbaarheid":"Op voorraad"},"schema":{"@context":"https:\/\/schema.org","@graph":[{"@type":["WebPage","FAQPage"],"@id":"https:\/\/www.versiegelung24.com\/nl\/bio-ethanol-966-voor-professional-voorreiniging.html","url":"https:\/\/www.versiegelung24.com\/nl\/bio-ethanol-966-voor-professional-voorreiniging.html","name":"Bio-ethanol 96,6% voor professionele voorreiniging - versiegelung24.com","isPartOf":{"@id":"https:\/\/www.versiegelung24.com\/nl\/#website"},"primaryImageOfPage":{"@id":"https:\/\/www.versiegelung24.com\/nl\/bio-ethanol-966-voor-professional-voorreiniging.html#primaryimage"},"image":{"@id":"https:\/\/www.versiegelung24.com\/nl\/bio-ethanol-966-voor-professional-voorreiniging.html#primaryimage"},"thumbnailUrl":"https:\/\/www.versiegelung24.com\/wp-content\/uploads\/2020\/04\/produkt_9100-950-1000-bioethanol-flasche.jpeg","datePublished":"2020-04-04T16:53:41+00:00","dateModified":"2025-03-14T09:40:55+00:00","breadcrumb":{"@id":"https:\/\/www.versiegelung24.com\/nl\/bio-ethanol-966-voor-professional-voorreiniging.html#breadcrumb"},"mainEntity":[{"@id":"https:\/\/www.versiegelung24.com\/nl\/bio-ethanol-966-voor-professional-voorreiniging.html#faq-question-1645793617330"},{"@id":"https:\/\/www.versiegelung24.com\/nl\/bio-ethanol-966-voor-professional-voorreiniging.html#faq-question-1645793819353"},{"@id":"https:\/\/www.versiegelung24.com\/nl\/bio-ethanol-966-voor-professional-voorreiniging.html#faq-question-1645794918526"}],"inLanguage":"nl-NL","potentialAction":[{"@type":"ReadAction","target":["https:\/\/www.versiegelung24.com\/nl\/bio-ethanol-966-voor-professional-voorreiniging.html"]}]},{"@type":"ImageObject","inLanguage":"nl-NL","@id":"https:\/\/www.versiegelung24.com\/nl\/bio-ethanol-966-voor-professional-voorreiniging.html#primaryimage","url":"https:\/\/www.versiegelung24.com\/wp-content\/uploads\/2020\/04\/produkt_9100-950-1000-bioethanol-flasche.jpeg","contentUrl":"https:\/\/www.versiegelung24.com\/wp-content\/uploads\/2020\/04\/produkt_9100-950-1000-bioethanol-flasche.jpeg","width":2560,"height":2560},{"@type":"BreadcrumbList","@id":"https:\/\/www.versiegelung24.com\/nl\/bio-ethanol-966-voor-professional-voorreiniging.html#breadcrumb","itemListElement":[{"@type":"ListItem","position":1,"name":"Homepage","item":"https:\/\/www.versiegelung24.com\/nl\/voorkant\/"},{"@type":"ListItem","position":2,"name":"Winkel","item":"https:\/\/www.versiegelung24.com\/nl\/winkel\/"},{"@type":"ListItem","position":3,"name":"Bio-ethanol 96,6% voor professionele voorreiniging"}]},{"@type":"WebSite","@id":"https:\/\/www.versiegelung24.com\/nl\/#website","url":"https:\/\/www.versiegelung24.com\/nl\/","name":"versiegelung24.com","description":"Fl\u00fcssigglas-Versiegelung - Made in Germany","publisher":{"@id":"https:\/\/www.versiegelung24.com\/nl\/#organization"},"potentialAction":[{"@type":"SearchAction","target":{"@type":"EntryPoint","urlTemplate":"https:\/\/www.versiegelung24.com\/nl\/?s={search_term_string}"},"query-input":{"@type":"PropertyValueSpecification","valueRequired":true,"valueName":"search_term_string"}}],"inLanguage":"nl-NL"},{"@type":"Organization","@id":"https:\/\/www.versiegelung24.com\/nl\/#organization","name":"versiegelung24","url":"https:\/\/www.versiegelung24.com\/nl\/","logo":{"@type":"ImageObject","inLanguage":"nl-NL","@id":"https:\/\/www.versiegelung24.com\/nl\/#\/schema\/logo\/image\/","url":"https:\/\/www.versiegelung24.com\/wp-content\/uploads\/2020\/04\/versiegelung24.png","contentUrl":"https:\/\/www.versiegelung24.com\/wp-content\/uploads\/2020\/04\/versiegelung24.png","width":470,"height":102,"caption":"versiegelung24"},"image":{"@id":"https:\/\/www.versiegelung24.com\/nl\/#\/schema\/logo\/image\/"}},{"@type":"Question","@id":"https:\/\/www.versiegelung24.com\/nl\/bio-ethanol-966-voor-professional-voorreiniging.html#faq-question-1645793617330","position":1,"url":"https:\/\/www.versiegelung24.com\/nl\/bio-ethanol-966-voor-professional-voorreiniging.html#faq-question-1645793617330","name":"Ist Bioethanol f\u00fcr den medizinischen Bereich zugelassen?","answerCount":1,"acceptedAnswer":{"@type":"Answer","text":"Nein! Wenn Sie ein Fl\u00e4chendesinfektionsmittel suchen, finden Sie weitere Informationen hier: <a href=\"https:\/\/www.versiegelung24.com\/desinfektionsmittel\/\">\u00dcbersicht Desinfektionsmittel<\/a>","inLanguage":"nl-NL"},"inLanguage":"nl-NL"},{"@type":"Question","@id":"https:\/\/www.versiegelung24.com\/nl\/bio-ethanol-966-voor-professional-voorreiniging.html#faq-question-1645793819353","position":2,"url":"https:\/\/www.versiegelung24.com\/nl\/bio-ethanol-966-voor-professional-voorreiniging.html#faq-question-1645793819353","name":"Wie gef\u00e4hrlich ist Bioethanol?","answerCount":1,"acceptedAnswer":{"@type":"Answer","text":"Bei der Verbrennung entstehen genau wie bei unserer Atmung Wasserdampf (H2O) und Kohlendioxid (CO2). Bioethanol 96,6% verbrennt geruchs- und r\u00fcckstandsfrei. Bei Nutzung in Feuerstellen sind stets die genauen Gefahrenhinweise zu beachten!<br \/>Bioethanol 96,6% ist leicht entz\u00fcndlich. Bei der Nutzung als Reiniger entstehen leicht brennbare Gase. <br \/>","inLanguage":"nl-NL"},"inLanguage":"nl-NL"},{"@type":"Question","@id":"https:\/\/www.versiegelung24.com\/nl\/bio-ethanol-966-voor-professional-voorreiniging.html#faq-question-1645794918526","position":3,"url":"https:\/\/www.versiegelung24.com\/nl\/bio-ethanol-966-voor-professional-voorreiniging.html#faq-question-1645794918526","name":"Kann Bioethanol (als Reiniger eingesetzt) Oberfl\u00e4chen angreifen?","answerCount":1,"acceptedAnswer":{"@type":"Answer","text":"Besonders bei Kunststoffen ist hier mit Achtsamkeit vor zu gehen. Weiche Kunststoffe wie z.B. bei Dichtungen und Schl\u00e4uchen kann dieser mit den Weichmachern reagieren und Oberfl\u00e4chen bzw. Materialien sch\u00e4digen.<br \/><br \/>Grunds\u00e4tzlich sollte bei der Oberfl\u00e4chenreinigung immer erst ein Test an unauff\u00e4lliger Stelle durchgef\u00fchrt werden.","inLanguage":"nl-NL"},"inLanguage":"nl-NL"}]},"product_price_amount":"9.99","product_price_currency":"EUR","og_availability":"instock","product_availability":"instock","product_retailer_item_id":"9100-BE96-1","product_condition":"new"},"_links":{"self":[{"href":"https:\/\/www.versiegelung24.com\/nl\/wp-json\/wp\/v2\/product\/23606","targetHints":{"allow":["GET"]}}],"collection":[{"href":"https:\/\/www.versiegelung24.com\/nl\/wp-json\/wp\/v2\/product"}],"about":[{"href":"https:\/\/www.versiegelung24.com\/nl\/wp-json\/wp\/v2\/types\/product"}],"version-history":[{"count":47,"href":"https:\/\/www.versiegelung24.com\/nl\/wp-json\/wp\/v2\/product\/23606\/revisions"}],"predecessor-version":[{"id":180701,"href":"https:\/\/www.versiegelung24.com\/nl\/wp-json\/wp\/v2\/product\/23606\/revisions\/180701"}],"wp:featuredmedia":[{"embeddable":true,"href":"https:\/\/www.versiegelung24.com\/nl\/wp-json\/wp\/v2\/media\/65148"}],"wp:attachment":[{"href":"https:\/\/www.versiegelung24.com\/nl\/wp-json\/wp\/v2\/media?parent=23606"}],"wp:term":[{"taxonomy":"product_brand","embeddable":true,"href":"https:\/\/www.versiegelung24.com\/nl\/wp-json\/wp\/v2\/product_brand?post=23606"},{"taxonomy":"product_cat","embeddable":true,"href":"https:\/\/www.versiegelung24.com\/nl\/wp-json\/wp\/v2\/product_cat?post=23606"},{"taxonomy":"product_tag","embeddable":true,"href":"https:\/\/www.versiegelung24.com\/nl\/wp-json\/wp\/v2\/product_tag?post=23606"}],"curies":[{"name":"wp","href":"https:\/\/api.w.org\/{rel}","templated":true}]}}