{"id":94885,"date":"2022-11-29T14:50:43","date_gmt":"2022-11-29T13:50:47","guid":{"rendered":"https:\/\/www.versiegelung24.com\/?post_type=product&#038;p=94885"},"modified":"2025-01-05T17:42:25","modified_gmt":"2025-01-05T16:42:25","slug":"percent-c2-percent","status":"publish","type":"product","link":"https:\/\/www.versiegelung24.com\/nl\/product\/percent-c2-percent\/","title":{"rendered":"TiOSEPT\u00ae SG-55 Langdurige oppervlaktebescherming, 20 sets voor 1m\u00b2 elk"},"content":{"rendered":"\n<p><strong>Antimicrobi\u00eble vloeibare glaskit<\/strong> <strong>die tot 18 maanden werkzaam is<\/strong> &#8211; 20 kant-en-klare sachetsets voor elk 1m\u00b2 oppervlak.  <\/p>\n\n<p><strong>Langdurige oppervlaktebescherming geschikt voor gladde oppervlakken<\/strong>: Glas, roestvrij staal, aluminium en behandeld hout<\/p>\n\n<hr\/>\n\n<h4 class=\"wp-block-heading\" id=\"properties\">Productkenmerken<\/h4>\n\n<div class=\"wp-block-columns is-layout-flex wp-container-core-columns-is-layout-9d6595d7 wp-block-columns-is-layout-flex\">\n<div class=\"wp-block-column is-layout-flow wp-block-column-is-layout-flow\">\n<ul class=\"wp-block-list\">\n<li>Elimineert bacteri\u00ebn (E.coli, S. aureus) en omhulde virussen (Corona, Ebola, Rota-virus) tot 99,99%.<\/li>\n\n\n\n<li>Voorkomt kolonisatie van gist- en schimmelschimmels<\/li>\n\n\n\n<li>Dermatologisch getest &#8220;zeer goed<\/li>\n\n\n\n<li>Oppervlakken worden gemakkelijker en sneller schoon (&#8220;easy-to-clean&#8221;)<\/li>\n\n\n\n<li>Voor binnen en buiten<\/li>\n\n\n\n<li>Schuurbestendig (verhoogde krasbestendigheid)<\/li>\n\n\n\n<li>Eenvoudige en snelle toepassing<\/li>\n\n\n\n<li>Oppervlaktehardheid op glas 9H (T\u00dcV-test volgens MSZ EN ISO 15184:2013)<\/li>\n\n\n\n<li>Krashardheid op glas 10N (T\u00dcV-test volgens MSZ 9640\/41:1983)<\/li>\n\n\n\n<li>Contacthoek 95\u00b0 op glas en 91\u00b0 op roestvrij staal, na 10.000 reinigingsbeurten 92\u00b0 + 85\u00b0 (getest door T\u00dcV met water)<\/li>\n<\/ul>\n<\/div>\n\n\n\n<div class=\"wp-block-column is-layout-flow wp-block-column-is-layout-flow\">\n<ul class=\"wp-block-list\">\n<li>Laagdikte ca. 20 nm (nanometer)<\/li>\n\n\n\n<li>Ruwheid: 6 nm op het oppervlak<\/li>\n\n\n\n<li>Zakjes (individueel verpakte vochtige doekjes)<\/li>\n\n\n\n<li>Zakje 1: Voorreinigingsdoekje, gedrenkt in IPA (isopropanol) 99%.<\/li>\n\n\n\n<li>Zakje 2: Verzegeldoekje doordrenkt met TiOSEPT\u00ae SG-55<\/li>\n\n\n\n<li>Viscose-fleece, kunststofvrij, 60 g\/m\u00b2<\/li>\n\n\n\n<li>Doekmaat 100 x 140 mm<\/li>\n\n\n\n<li>E\u00e9n doek is voldoende voor ca. 1 m\u00b2<\/li>\n\n\n\n<li>BAUA-Reg.nr. N-104947<\/li>\n<\/ul>\n<\/div>\n<\/div>\n\n<hr\/>\n\n<h4 class=\"wp-block-heading\" id=\"application\">Toepassing<\/h4>\n\n<p><strong>TiOSEPT\u00ae SG-55 <\/strong>gebruiksklaar zakje voor gladde oppervlakken glas, roestvrij staal, staal, aluminium plastic en behandeld hout.<\/p>\n\n<h5 class=\"wp-block-heading\">Voorreiniging<\/h5>\n\n<p>Het wordt aanbevolen beschermende wegwerphandschoenen te dragen. Aanbrengtemperatuur 5 &#8211; 35\u00b0C.<\/p>\n\n<ol class=\"wp-block-list\">\n<li>Reinig het oppervlak bijzonder zorgvuldig met in de handel verkrijgbare reinigingsmiddelen. Hoe beter de reiniging, hoe langer de afdichting meegaat. Droog dan het oppervlak.<\/li>\n\n\n\n<li>Haal het voorreinigingsdoekje met alcohol uit het zakje en ontvet het oppervlak hiermee grondig.<\/li>\n\n\n\n<li>Oppervlakte min. Laat 1 minuut drogen.<\/li>\n<\/ol>\n\n<h5 class=\"wp-block-heading\">Afdichting<\/h5>\n\n<p>Het wordt aanbevolen beschermende wegwerphandschoenen te dragen. Aanbrengtemperatuur 5 &#8211; 35\u00b0C.<\/p>\n\n<ol class=\"wp-block-list\">\n<li>Haal het afsluitdoekje uit het zakje en veeg het oppervlak \u00e9\u00e9n keer verticaal en \u00e9\u00e9n keer horizontaal schoon. Het doek is voldoende voor ongeveer 1m\u00b2. Het is belangrijk dat u snel werkt, want de doek is na ongeveer 90 seconden droog.<\/li>\n\n\n\n<li>Het oppervlak minstens 2 minuten laten drogen (onder 15\u00b0C = 10 minuten), 10 minuten niet aanraken. Volledig uitgehard na 10 uur. Herhaal de toepassing indien nodig. Als er een lichte grijze sluier is, kan deze voorzichtig worden weggepoetst met een microvezeldoek.<\/li>\n<\/ol>\n\n<p>Kunststof oppervlakken worden antimicrobieel en krijgen een verhoogde hydrofobiciteit, de krasbestendigheid blijft ongewijzigd. Toepassing op polycarbonaat en plexiglas\u00ae wordt afgeraden.<\/p>\n\n<h5 class=\"wp-block-heading\" id=\"gebrauch\">opslag<\/h5>\n\n<p>Bewaar <strong>TiOSEPT\u00ae SG-55<\/strong> bij +5 tot +25\u00b0C. Beschermen tegen vorst en direct zonlicht.<\/p>\n","protected":false},"excerpt":{"rendered":"<p><strong>Antimicrobi\u00eble langdurige bescherming tot 18 maanden<\/strong> <strong>voor gladde oppervlakken<\/strong><\/p>\n<p>\u2713 Transparant en onzichtbaar<\/p>\n<p>\u2713 Waterafstotend<\/p>\n<p>Getest door onafhankelijke testinstituten<\/p>\n<p>\u2713 Gebruiksklare sachetsets voor voorreiniging en verzegeling<\/p>\n","protected":false},"featured_media":94920,"template":"","meta":{"_acf_changed":false,"neve_meta_sidebar":"","neve_meta_container":"","neve_meta_enable_content_width":"","neve_meta_content_width":0,"neve_meta_title_alignment":"","neve_meta_author_avatar":"","neve_post_elements_order":"","neve_meta_disable_header":"","neve_meta_disable_footer":"","neve_meta_disable_title":"","neve_meta_reading_time":"","_surfaces":[],"_ver_product_tabs":[],"footnotes":""},"product_brand":[],"product_cat":[2331,2334,2370,2372,2502,3007],"product_tag":[],"class_list":{"0":"post-94885","1":"product","2":"type-product","3":"status-publish","4":"has-post-thumbnail","6":"product_cat-ontsmettingsmiddelen","7":"product_cat-ontsmettingsmiddelen-voor-oppervlakken","8":"product_cat-afdichting-voor-glas-en-keramiek","9":"product_cat-afdichting-van-metaal-en-kunststof","10":"product_cat-universele-afdichting","11":"product_cat-ontsmettingsmiddel-voor-mobiele-telefoons","13":"first","14":"onbackorder","15":"taxable","16":"shipping-taxable","17":"purchasable","18":"product-type-simple"},"acf":[],"yoast_head":"<!-- This site is optimized with the Yoast SEO Premium plugin v22.8 (Yoast SEO v27.5) - https:\/\/yoast.com\/product\/yoast-seo-premium-wordpress\/ -->\n<title>TiOSEPT\u00ae SG-55 Langdurige oppervlaktebescherming, 20 sets voor 1m\u00b2 elk - versiegelung24.com<\/title>\n<meta name=\"robots\" content=\"index, follow, max-snippet:-1, max-image-preview:large, max-video-preview:-1\" \/>\n<link rel=\"canonical\" href=\"https:\/\/www.versiegelung24.com\/nl\/product\/percent-c2-percent\/\" \/>\n<meta property=\"og:locale\" content=\"nl_NL\" \/>\n<meta property=\"og:type\" content=\"article\" \/>\n<meta property=\"og:title\" content=\"TiOSEPT\u00ae SG-55 Langdurige oppervlaktebescherming, 20 sets voor 1m\u00b2 elk\" \/>\n<meta property=\"og:description\" content=\"Antimicrobi\u00eble langdurige bescherming tot 18 maanden voor gladde oppervlakken \u2713 Transparant en onzichtbaar \u2713 Waterafstotend Getest door onafhankelijke testinstituten \u2713 Gebruiksklare sachetsets voor voorreiniging en verzegeling\" \/>\n<meta property=\"og:url\" content=\"https:\/\/www.versiegelung24.com\/nl\/product\/percent-c2-percent\/\" \/>\n<meta property=\"og:site_name\" content=\"versiegelung24.com\" \/>\n<meta property=\"article:modified_time\" content=\"2025-01-05T16:42:25+00:00\" \/>\n<meta property=\"og:image\" content=\"https:\/\/www.versiegelung24.com\/wp-content\/uploads\/2022\/11\/Tiosept-Schachtel-rechts.jpg\" \/>\n\t<meta property=\"og:image:width\" content=\"1668\" \/>\n\t<meta property=\"og:image:height\" content=\"1568\" \/>\n\t<meta property=\"og:image:type\" content=\"image\/jpeg\" \/>\n<meta name=\"twitter:card\" content=\"summary_large_image\" \/>\n<meta name=\"twitter:label1\" content=\"Prijs\" \/>\n\t<meta name=\"twitter:data1\" content=\"79,99&euro;\" \/>\n\t<meta name=\"twitter:label2\" content=\"Beschikbaarheid\" \/>\n\t<meta name=\"twitter:data2\" content=\"Op nabestelling\" \/>\n<script type=\"application\/ld+json\" class=\"yoast-schema-graph\">{\"@context\":\"https:\\\/\\\/schema.org\",\"@graph\":[{\"@type\":\"WebPage\",\"@id\":\"https:\\\/\\\/www.versiegelung24.com\\\/nl\\\/product\\\/percent-c2-percent\\\/\",\"url\":\"https:\\\/\\\/www.versiegelung24.com\\\/nl\\\/product\\\/percent-c2-percent\\\/\",\"name\":\"TiOSEPT\u00ae SG-55 Langdurige oppervlaktebescherming, 20 sets voor 1m\u00b2 elk - versiegelung24.com\",\"isPartOf\":{\"@id\":\"https:\\\/\\\/www.versiegelung24.com\\\/nl\\\/#website\"},\"primaryImageOfPage\":{\"@id\":\"https:\\\/\\\/www.versiegelung24.com\\\/nl\\\/product\\\/percent-c2-percent\\\/#primaryimage\"},\"image\":{\"@id\":\"https:\\\/\\\/www.versiegelung24.com\\\/nl\\\/product\\\/percent-c2-percent\\\/#primaryimage\"},\"thumbnailUrl\":\"https:\\\/\\\/www.versiegelung24.com\\\/wp-content\\\/uploads\\\/2022\\\/11\\\/Tiosept-Schachtel-rechts.jpg\",\"datePublished\":\"2022-11-29T13:50:47+00:00\",\"dateModified\":\"2025-01-05T16:42:25+00:00\",\"breadcrumb\":{\"@id\":\"https:\\\/\\\/www.versiegelung24.com\\\/nl\\\/product\\\/percent-c2-percent\\\/#breadcrumb\"},\"inLanguage\":\"nl-NL\",\"potentialAction\":[{\"@type\":\"ReadAction\",\"target\":[\"https:\\\/\\\/www.versiegelung24.com\\\/nl\\\/product\\\/percent-c2-percent\\\/\"]}]},{\"@type\":\"ImageObject\",\"inLanguage\":\"nl-NL\",\"@id\":\"https:\\\/\\\/www.versiegelung24.com\\\/nl\\\/product\\\/percent-c2-percent\\\/#primaryimage\",\"url\":\"https:\\\/\\\/www.versiegelung24.com\\\/wp-content\\\/uploads\\\/2022\\\/11\\\/Tiosept-Schachtel-rechts.jpg\",\"contentUrl\":\"https:\\\/\\\/www.versiegelung24.com\\\/wp-content\\\/uploads\\\/2022\\\/11\\\/Tiosept-Schachtel-rechts.jpg\",\"width\":1668,\"height\":1568},{\"@type\":\"BreadcrumbList\",\"@id\":\"https:\\\/\\\/www.versiegelung24.com\\\/nl\\\/product\\\/percent-c2-percent\\\/#breadcrumb\",\"itemListElement\":[{\"@type\":\"ListItem\",\"position\":1,\"name\":\"Homepage\",\"item\":\"https:\\\/\\\/www.versiegelung24.com\\\/nl\\\/voorkant\\\/\"},{\"@type\":\"ListItem\",\"position\":2,\"name\":\"Winkel\",\"item\":\"https:\\\/\\\/www.versiegelung24.com\\\/nl\\\/winkel\\\/\"},{\"@type\":\"ListItem\",\"position\":3,\"name\":\"TiOSEPT\u00ae SG-55 Langdurige oppervlaktebescherming, 20 sets voor 1m\u00b2 elk\"}]},{\"@type\":\"WebSite\",\"@id\":\"https:\\\/\\\/www.versiegelung24.com\\\/nl\\\/#website\",\"url\":\"https:\\\/\\\/www.versiegelung24.com\\\/nl\\\/\",\"name\":\"versiegelung24.com\",\"description\":\"Fl\u00fcssigglas-Versiegelung - Made in Germany\",\"publisher\":{\"@id\":\"https:\\\/\\\/www.versiegelung24.com\\\/nl\\\/#organization\"},\"potentialAction\":[{\"@type\":\"SearchAction\",\"target\":{\"@type\":\"EntryPoint\",\"urlTemplate\":\"https:\\\/\\\/www.versiegelung24.com\\\/nl\\\/?s={search_term_string}\"},\"query-input\":{\"@type\":\"PropertyValueSpecification\",\"valueRequired\":true,\"valueName\":\"search_term_string\"}}],\"inLanguage\":\"nl-NL\"},{\"@type\":\"Organization\",\"@id\":\"https:\\\/\\\/www.versiegelung24.com\\\/nl\\\/#organization\",\"name\":\"versiegelung24\",\"url\":\"https:\\\/\\\/www.versiegelung24.com\\\/nl\\\/\",\"logo\":{\"@type\":\"ImageObject\",\"inLanguage\":\"nl-NL\",\"@id\":\"https:\\\/\\\/www.versiegelung24.com\\\/nl\\\/#\\\/schema\\\/logo\\\/image\\\/\",\"url\":\"https:\\\/\\\/www.versiegelung24.com\\\/wp-content\\\/uploads\\\/2020\\\/04\\\/versiegelung24.png\",\"contentUrl\":\"https:\\\/\\\/www.versiegelung24.com\\\/wp-content\\\/uploads\\\/2020\\\/04\\\/versiegelung24.png\",\"width\":470,\"height\":102,\"caption\":\"versiegelung24\"},\"image\":{\"@id\":\"https:\\\/\\\/www.versiegelung24.com\\\/nl\\\/#\\\/schema\\\/logo\\\/image\\\/\"}}]}<\/script>\n<meta property=\"product:price:amount\" content=\"79.99\" \/>\n<meta property=\"product:price:currency\" content=\"EUR\" \/>\n<meta property=\"og:availability\" content=\"backorder\" \/>\n<meta property=\"product:availability\" content=\"available for order\" \/>\n<meta property=\"product:retailer_item_id\" content=\"TiOS-SG55-SA1-20\" \/>\n<meta property=\"product:condition\" content=\"new\" \/>\n<!-- \/ Yoast SEO Premium plugin. -->","yoast_head_json":{"title":"TiOSEPT\u00ae SG-55 Langdurige oppervlaktebescherming, 20 sets voor 1m\u00b2 elk - versiegelung24.com","robots":{"index":"index","follow":"follow","max-snippet":"max-snippet:-1","max-image-preview":"max-image-preview:large","max-video-preview":"max-video-preview:-1"},"canonical":"https:\/\/www.versiegelung24.com\/nl\/product\/percent-c2-percent\/","og_locale":"nl_NL","og_type":"article","og_title":"TiOSEPT\u00ae SG-55 Langdurige oppervlaktebescherming, 20 sets voor 1m\u00b2 elk","og_description":"Antimicrobi\u00eble langdurige bescherming tot 18 maanden voor gladde oppervlakken \u2713 Transparant en onzichtbaar \u2713 Waterafstotend Getest door onafhankelijke testinstituten \u2713 Gebruiksklare sachetsets voor voorreiniging en verzegeling","og_url":"https:\/\/www.versiegelung24.com\/nl\/product\/percent-c2-percent\/","og_site_name":"versiegelung24.com","article_modified_time":"2025-01-05T16:42:25+00:00","og_image":[{"width":1668,"height":1568,"url":"https:\/\/www.versiegelung24.com\/wp-content\/uploads\/2022\/11\/Tiosept-Schachtel-rechts.jpg","type":"image\/jpeg"}],"twitter_card":"summary_large_image","twitter_misc":{"Prijs":"79,99&euro;","Beschikbaarheid":"Op nabestelling"},"schema":{"@context":"https:\/\/schema.org","@graph":[{"@type":"WebPage","@id":"https:\/\/www.versiegelung24.com\/nl\/product\/percent-c2-percent\/","url":"https:\/\/www.versiegelung24.com\/nl\/product\/percent-c2-percent\/","name":"TiOSEPT\u00ae SG-55 Langdurige oppervlaktebescherming, 20 sets voor 1m\u00b2 elk - versiegelung24.com","isPartOf":{"@id":"https:\/\/www.versiegelung24.com\/nl\/#website"},"primaryImageOfPage":{"@id":"https:\/\/www.versiegelung24.com\/nl\/product\/percent-c2-percent\/#primaryimage"},"image":{"@id":"https:\/\/www.versiegelung24.com\/nl\/product\/percent-c2-percent\/#primaryimage"},"thumbnailUrl":"https:\/\/www.versiegelung24.com\/wp-content\/uploads\/2022\/11\/Tiosept-Schachtel-rechts.jpg","datePublished":"2022-11-29T13:50:47+00:00","dateModified":"2025-01-05T16:42:25+00:00","breadcrumb":{"@id":"https:\/\/www.versiegelung24.com\/nl\/product\/percent-c2-percent\/#breadcrumb"},"inLanguage":"nl-NL","potentialAction":[{"@type":"ReadAction","target":["https:\/\/www.versiegelung24.com\/nl\/product\/percent-c2-percent\/"]}]},{"@type":"ImageObject","inLanguage":"nl-NL","@id":"https:\/\/www.versiegelung24.com\/nl\/product\/percent-c2-percent\/#primaryimage","url":"https:\/\/www.versiegelung24.com\/wp-content\/uploads\/2022\/11\/Tiosept-Schachtel-rechts.jpg","contentUrl":"https:\/\/www.versiegelung24.com\/wp-content\/uploads\/2022\/11\/Tiosept-Schachtel-rechts.jpg","width":1668,"height":1568},{"@type":"BreadcrumbList","@id":"https:\/\/www.versiegelung24.com\/nl\/product\/percent-c2-percent\/#breadcrumb","itemListElement":[{"@type":"ListItem","position":1,"name":"Homepage","item":"https:\/\/www.versiegelung24.com\/nl\/voorkant\/"},{"@type":"ListItem","position":2,"name":"Winkel","item":"https:\/\/www.versiegelung24.com\/nl\/winkel\/"},{"@type":"ListItem","position":3,"name":"TiOSEPT\u00ae SG-55 Langdurige oppervlaktebescherming, 20 sets voor 1m\u00b2 elk"}]},{"@type":"WebSite","@id":"https:\/\/www.versiegelung24.com\/nl\/#website","url":"https:\/\/www.versiegelung24.com\/nl\/","name":"versiegelung24.com","description":"Fl\u00fcssigglas-Versiegelung - Made in Germany","publisher":{"@id":"https:\/\/www.versiegelung24.com\/nl\/#organization"},"potentialAction":[{"@type":"SearchAction","target":{"@type":"EntryPoint","urlTemplate":"https:\/\/www.versiegelung24.com\/nl\/?s={search_term_string}"},"query-input":{"@type":"PropertyValueSpecification","valueRequired":true,"valueName":"search_term_string"}}],"inLanguage":"nl-NL"},{"@type":"Organization","@id":"https:\/\/www.versiegelung24.com\/nl\/#organization","name":"versiegelung24","url":"https:\/\/www.versiegelung24.com\/nl\/","logo":{"@type":"ImageObject","inLanguage":"nl-NL","@id":"https:\/\/www.versiegelung24.com\/nl\/#\/schema\/logo\/image\/","url":"https:\/\/www.versiegelung24.com\/wp-content\/uploads\/2020\/04\/versiegelung24.png","contentUrl":"https:\/\/www.versiegelung24.com\/wp-content\/uploads\/2020\/04\/versiegelung24.png","width":470,"height":102,"caption":"versiegelung24"},"image":{"@id":"https:\/\/www.versiegelung24.com\/nl\/#\/schema\/logo\/image\/"}}]},"product_price_amount":"79.99","product_price_currency":"EUR","og_availability":"backorder","product_availability":"available for order","product_retailer_item_id":"TiOS-SG55-SA1-20","product_condition":"new"},"_links":{"self":[{"href":"https:\/\/www.versiegelung24.com\/nl\/wp-json\/wp\/v2\/product\/94885","targetHints":{"allow":["GET"]}}],"collection":[{"href":"https:\/\/www.versiegelung24.com\/nl\/wp-json\/wp\/v2\/product"}],"about":[{"href":"https:\/\/www.versiegelung24.com\/nl\/wp-json\/wp\/v2\/types\/product"}],"version-history":[{"count":12,"href":"https:\/\/www.versiegelung24.com\/nl\/wp-json\/wp\/v2\/product\/94885\/revisions"}],"predecessor-version":[{"id":171383,"href":"https:\/\/www.versiegelung24.com\/nl\/wp-json\/wp\/v2\/product\/94885\/revisions\/171383"}],"wp:featuredmedia":[{"embeddable":true,"href":"https:\/\/www.versiegelung24.com\/nl\/wp-json\/wp\/v2\/media\/94920"}],"wp:attachment":[{"href":"https:\/\/www.versiegelung24.com\/nl\/wp-json\/wp\/v2\/media?parent=94885"}],"wp:term":[{"taxonomy":"product_brand","embeddable":true,"href":"https:\/\/www.versiegelung24.com\/nl\/wp-json\/wp\/v2\/product_brand?post=94885"},{"taxonomy":"product_cat","embeddable":true,"href":"https:\/\/www.versiegelung24.com\/nl\/wp-json\/wp\/v2\/product_cat?post=94885"},{"taxonomy":"product_tag","embeddable":true,"href":"https:\/\/www.versiegelung24.com\/nl\/wp-json\/wp\/v2\/product_tag?post=94885"}],"curies":[{"name":"wp","href":"https:\/\/api.w.org\/{rel}","templated":true}]}}