{"id":22132,"date":"2021-08-02T20:22:04","date_gmt":"2021-08-02T18:22:04","guid":{"rendered":"https:\/\/www.versiegelung24.com\/odcisk"},"modified":"2024-05-05T11:01:01","modified_gmt":"2024-05-05T09:01:01","slug":"odcisk","status":"publish","type":"page","link":"https:\/\/www.versiegelung24.com\/pl\/odcisk\/","title":{"rendered":"odcisk"},"content":{"rendered":"\n<p><strong>Przetwarzanie zam\u00f3wie\u0144 i p\u0142atno\u015bci<\/strong><\/p>\n\n<p>Holger K\u00e4ding<br\/>U Ellmen 14<br\/>53773 Hennef<br\/>Niemcy<\/p>\n\n<p>Tel.: 02242-9695650<br\/>E-mail: info@versiegelung24.com<br\/>Numer identyfikacyjny podatku obrotowego zgodnie z \u00a7 27 a ustawy o podatku od sprzeda\u017cy: DE213785156<\/p>\n\n<p><strong>Szczeg\u00f3\u0142y Konta<\/strong><\/p>\n\n<p>Odbiorca: Holger K\u00e4ding<br\/>IBAN: DE30370502990011006269<br\/>BIC \/ SWIFT: COKSDE33<br\/>Kreissparkasse Kolonia<\/p>\n\n<p><strong>W\u0142a\u015bciciel i odpowiedzialny za tre\u015b\u0107 zgodnie z \u00a7 6 MDStV:<\/strong><\/p>\n\n<p>Bastian Walger &#8211; Marketing cyfrowy<br\/>Stocznia Agrippina 6<br\/>50678 Kolonia<\/p>\n\n<p>Numer identyfikacyjny podatku od sprzeda\u017cy zgodnie z \u00a7 27 ustawy o podatku od sprzeda\u017cy:<br\/>DE241077366<\/p>\n\n<p>Platforma Komisji Europejskiej do internetowego rozstrzygania spor\u00f3w:<a href=\"https:\/\/ec.europa.eu\/consumers\/odr\" target=\"_blank\" rel=\"noreferrer noopener\"> www.ec.europa.eu\/consumers\/odr<\/a><\/p>\n\n<p>Nie jeste\u015bmy ani zobowi\u0105zani, ani ch\u0119tni do udzia\u0142u w procedurze rozstrzygania spor\u00f3w przed konsumenck\u0105 rad\u0105 arbitra\u017cow\u0105. .<\/p>\n\n<p><strong>Kredyty fotograficzne<\/strong><\/p>\n\n<p>Usuwanie Graffiti -&gt; istockphoto \/ schfer<br\/>Pow\u0142oka ochronna antygraffiti -&gt; istockphoto \/ MachineHeadz<\/p>\n\n<p>Bykfa\/Depositphotos.com<br\/>iulal\/Depositphotos.com<br\/>hodim\/Depositphotos.com<br\/>sergiibaibak\/Depositphotos.com<br\/>HunterBliss\/Depositphotos.com<\/p>\n","protected":false},"excerpt":{"rendered":"<p>Przetwarzanie zam\u00f3wie\u0144 i p\u0142atno\u015bci Holger K\u00e4dingU Ellmen 1453773 HennefNiemcy Tel.: 02242-9695650E-mail: info@versiegelung24.comNumer identyfikacyjny podatku obrotowego zgodnie z \u00a7 27 a ustawy o podatku od sprzeda\u017cy: DE213785156 Szczeg\u00f3\u0142y Konta Odbiorca: Holger K\u00e4dingIBAN: DE30370502990011006269BIC \/ SWIFT: COKSDE33Kreissparkasse Kolonia W\u0142a\u015bciciel i odpowiedzialny za tre\u015b\u0107 zgodnie z \u00a7 6 MDStV: Bastian Walger &#8211; Marketing cyfrowyStocznia Agrippina 650678 Kolonia Numer&hellip;&nbsp;<a href=\"https:\/\/www.versiegelung24.com\/pl\/odcisk\/\" rel=\"bookmark\">Read More &raquo;<span class=\"screen-reader-text\">odcisk<\/span><\/a><\/p>\n","protected":false},"author":932,"featured_media":70719,"parent":0,"menu_order":0,"comment_status":"closed","ping_status":"closed","template":"","meta":{"_acf_changed":false,"neve_meta_sidebar":"","neve_meta_container":"","neve_meta_enable_content_width":"","neve_meta_content_width":0,"neve_meta_title_alignment":"","neve_meta_author_avatar":"","neve_post_elements_order":"","neve_meta_disable_header":"","neve_meta_disable_footer":"","neve_meta_disable_title":"","neve_meta_reading_time":"","footnotes":""},"categories":[],"seiten_kategorie":[],"class_list":["post-22132","page","type-page","status-publish","has-post-thumbnail","hentry"],"acf":[],"yoast_head":"<!-- This site is optimized with the Yoast SEO Premium plugin v22.8 (Yoast SEO v27.5) - https:\/\/yoast.com\/product\/yoast-seo-premium-wordpress\/ -->\n<title>odcisk - versiegelung24.com<\/title>\n<meta name=\"robots\" content=\"index, follow, max-snippet:-1, max-image-preview:large, max-video-preview:-1\" \/>\n<link rel=\"canonical\" href=\"https:\/\/www.versiegelung24.com\/pl\/odcisk\/\" \/>\n<meta property=\"og:locale\" content=\"pl_PL\" \/>\n<meta property=\"og:type\" content=\"article\" \/>\n<meta property=\"og:title\" content=\"odcisk\" \/>\n<meta property=\"og:description\" content=\"Przetwarzanie zam\u00f3wie\u0144 i p\u0142atno\u015bci Holger K\u00e4dingU Ellmen 1453773 HennefNiemcy Tel.: 02242-9695650E-mail: info@versiegelung24.comNumer identyfikacyjny podatku obrotowego zgodnie z \u00a7 27 a ustawy o podatku od sprzeda\u017cy: DE213785156 Szczeg\u00f3\u0142y Konta Odbiorca: Holger K\u00e4dingIBAN: DE30370502990011006269BIC \/ SWIFT: COKSDE33Kreissparkasse Kolonia W\u0142a\u015bciciel i odpowiedzialny za tre\u015b\u0107 zgodnie z \u00a7 6 MDStV: Bastian Walger &#8211; Marketing cyfrowyStocznia Agrippina 650678 Kolonia Numer&hellip;&nbsp;Read More &raquo;odcisk\" \/>\n<meta property=\"og:url\" content=\"https:\/\/www.versiegelung24.com\/pl\/odcisk\/\" \/>\n<meta property=\"og:site_name\" content=\"versiegelung24.com\" \/>\n<meta property=\"article:modified_time\" content=\"2024-05-05T09:01:01+00:00\" \/>\n<meta property=\"og:image\" content=\"https:\/\/www.versiegelung24.com\/wp-content\/uploads\/2022\/02\/Impressum.png\" \/>\n\t<meta property=\"og:image:width\" content=\"2000\" \/>\n\t<meta property=\"og:image:height\" content=\"2000\" \/>\n\t<meta property=\"og:image:type\" content=\"image\/png\" \/>\n<meta name=\"twitter:card\" content=\"summary_large_image\" \/>\n<meta name=\"twitter:label1\" content=\"Szacowany czas czytania\" \/>\n\t<meta name=\"twitter:data1\" content=\"1 minuta\" \/>\n<script type=\"application\/ld+json\" class=\"yoast-schema-graph\">{\"@context\":\"https:\\\/\\\/schema.org\",\"@graph\":[{\"@type\":\"WebPage\",\"@id\":\"https:\\\/\\\/www.versiegelung24.com\\\/pl\\\/odcisk\\\/\",\"url\":\"https:\\\/\\\/www.versiegelung24.com\\\/pl\\\/odcisk\\\/\",\"name\":\"odcisk - versiegelung24.com\",\"isPartOf\":{\"@id\":\"https:\\\/\\\/www.versiegelung24.com\\\/pl\\\/#website\"},\"primaryImageOfPage\":{\"@id\":\"https:\\\/\\\/www.versiegelung24.com\\\/pl\\\/odcisk\\\/#primaryimage\"},\"image\":{\"@id\":\"https:\\\/\\\/www.versiegelung24.com\\\/pl\\\/odcisk\\\/#primaryimage\"},\"thumbnailUrl\":\"https:\\\/\\\/www.versiegelung24.com\\\/wp-content\\\/uploads\\\/2022\\\/02\\\/Impressum.png\",\"datePublished\":\"2021-08-02T18:22:04+00:00\",\"dateModified\":\"2024-05-05T09:01:01+00:00\",\"breadcrumb\":{\"@id\":\"https:\\\/\\\/www.versiegelung24.com\\\/pl\\\/odcisk\\\/#breadcrumb\"},\"inLanguage\":\"pl-PL\",\"potentialAction\":[{\"@type\":\"ReadAction\",\"target\":[\"https:\\\/\\\/www.versiegelung24.com\\\/pl\\\/odcisk\\\/\"]}]},{\"@type\":\"ImageObject\",\"inLanguage\":\"pl-PL\",\"@id\":\"https:\\\/\\\/www.versiegelung24.com\\\/pl\\\/odcisk\\\/#primaryimage\",\"url\":\"https:\\\/\\\/www.versiegelung24.com\\\/wp-content\\\/uploads\\\/2022\\\/02\\\/Impressum.png\",\"contentUrl\":\"https:\\\/\\\/www.versiegelung24.com\\\/wp-content\\\/uploads\\\/2022\\\/02\\\/Impressum.png\",\"width\":2000,\"height\":2000},{\"@type\":\"BreadcrumbList\",\"@id\":\"https:\\\/\\\/www.versiegelung24.com\\\/pl\\\/odcisk\\\/#breadcrumb\",\"itemListElement\":[{\"@type\":\"ListItem\",\"position\":1,\"name\":\"Strona g\u0142\u00f3wna\",\"item\":\"https:\\\/\\\/www.versiegelung24.com\\\/pl\\\/przod\\\/\"},{\"@type\":\"ListItem\",\"position\":2,\"name\":\"odcisk\"}]},{\"@type\":\"WebSite\",\"@id\":\"https:\\\/\\\/www.versiegelung24.com\\\/pl\\\/#website\",\"url\":\"https:\\\/\\\/www.versiegelung24.com\\\/pl\\\/\",\"name\":\"versiegelung24.com\",\"description\":\"Fl\u00fcssigglas-Versiegelung - Made in Germany\",\"publisher\":{\"@id\":\"https:\\\/\\\/www.versiegelung24.com\\\/pl\\\/#organization\"},\"potentialAction\":[{\"@type\":\"SearchAction\",\"target\":{\"@type\":\"EntryPoint\",\"urlTemplate\":\"https:\\\/\\\/www.versiegelung24.com\\\/pl\\\/?s={search_term_string}\"},\"query-input\":{\"@type\":\"PropertyValueSpecification\",\"valueRequired\":true,\"valueName\":\"search_term_string\"}}],\"inLanguage\":\"pl-PL\"},{\"@type\":\"Organization\",\"@id\":\"https:\\\/\\\/www.versiegelung24.com\\\/pl\\\/#organization\",\"name\":\"versiegelung24\",\"url\":\"https:\\\/\\\/www.versiegelung24.com\\\/pl\\\/\",\"logo\":{\"@type\":\"ImageObject\",\"inLanguage\":\"pl-PL\",\"@id\":\"https:\\\/\\\/www.versiegelung24.com\\\/pl\\\/#\\\/schema\\\/logo\\\/image\\\/\",\"url\":\"https:\\\/\\\/www.versiegelung24.com\\\/wp-content\\\/uploads\\\/2020\\\/04\\\/versiegelung24.png\",\"contentUrl\":\"https:\\\/\\\/www.versiegelung24.com\\\/wp-content\\\/uploads\\\/2020\\\/04\\\/versiegelung24.png\",\"width\":470,\"height\":102,\"caption\":\"versiegelung24\"},\"image\":{\"@id\":\"https:\\\/\\\/www.versiegelung24.com\\\/pl\\\/#\\\/schema\\\/logo\\\/image\\\/\"}}]}<\/script>\n<!-- \/ Yoast SEO Premium plugin. -->","yoast_head_json":{"title":"odcisk - versiegelung24.com","robots":{"index":"index","follow":"follow","max-snippet":"max-snippet:-1","max-image-preview":"max-image-preview:large","max-video-preview":"max-video-preview:-1"},"canonical":"https:\/\/www.versiegelung24.com\/pl\/odcisk\/","og_locale":"pl_PL","og_type":"article","og_title":"odcisk","og_description":"Przetwarzanie zam\u00f3wie\u0144 i p\u0142atno\u015bci Holger K\u00e4dingU Ellmen 1453773 HennefNiemcy Tel.: 02242-9695650E-mail: info@versiegelung24.comNumer identyfikacyjny podatku obrotowego zgodnie z \u00a7 27 a ustawy o podatku od sprzeda\u017cy: DE213785156 Szczeg\u00f3\u0142y Konta Odbiorca: Holger K\u00e4dingIBAN: DE30370502990011006269BIC \/ SWIFT: COKSDE33Kreissparkasse Kolonia W\u0142a\u015bciciel i odpowiedzialny za tre\u015b\u0107 zgodnie z \u00a7 6 MDStV: Bastian Walger &#8211; Marketing cyfrowyStocznia Agrippina 650678 Kolonia Numer&hellip;&nbsp;Read More &raquo;odcisk","og_url":"https:\/\/www.versiegelung24.com\/pl\/odcisk\/","og_site_name":"versiegelung24.com","article_modified_time":"2024-05-05T09:01:01+00:00","og_image":[{"width":2000,"height":2000,"url":"https:\/\/www.versiegelung24.com\/wp-content\/uploads\/2022\/02\/Impressum.png","type":"image\/png"}],"twitter_card":"summary_large_image","twitter_misc":{"Szacowany czas czytania":"1 minuta"},"schema":{"@context":"https:\/\/schema.org","@graph":[{"@type":"WebPage","@id":"https:\/\/www.versiegelung24.com\/pl\/odcisk\/","url":"https:\/\/www.versiegelung24.com\/pl\/odcisk\/","name":"odcisk - versiegelung24.com","isPartOf":{"@id":"https:\/\/www.versiegelung24.com\/pl\/#website"},"primaryImageOfPage":{"@id":"https:\/\/www.versiegelung24.com\/pl\/odcisk\/#primaryimage"},"image":{"@id":"https:\/\/www.versiegelung24.com\/pl\/odcisk\/#primaryimage"},"thumbnailUrl":"https:\/\/www.versiegelung24.com\/wp-content\/uploads\/2022\/02\/Impressum.png","datePublished":"2021-08-02T18:22:04+00:00","dateModified":"2024-05-05T09:01:01+00:00","breadcrumb":{"@id":"https:\/\/www.versiegelung24.com\/pl\/odcisk\/#breadcrumb"},"inLanguage":"pl-PL","potentialAction":[{"@type":"ReadAction","target":["https:\/\/www.versiegelung24.com\/pl\/odcisk\/"]}]},{"@type":"ImageObject","inLanguage":"pl-PL","@id":"https:\/\/www.versiegelung24.com\/pl\/odcisk\/#primaryimage","url":"https:\/\/www.versiegelung24.com\/wp-content\/uploads\/2022\/02\/Impressum.png","contentUrl":"https:\/\/www.versiegelung24.com\/wp-content\/uploads\/2022\/02\/Impressum.png","width":2000,"height":2000},{"@type":"BreadcrumbList","@id":"https:\/\/www.versiegelung24.com\/pl\/odcisk\/#breadcrumb","itemListElement":[{"@type":"ListItem","position":1,"name":"Strona g\u0142\u00f3wna","item":"https:\/\/www.versiegelung24.com\/pl\/przod\/"},{"@type":"ListItem","position":2,"name":"odcisk"}]},{"@type":"WebSite","@id":"https:\/\/www.versiegelung24.com\/pl\/#website","url":"https:\/\/www.versiegelung24.com\/pl\/","name":"versiegelung24.com","description":"Fl\u00fcssigglas-Versiegelung - Made in Germany","publisher":{"@id":"https:\/\/www.versiegelung24.com\/pl\/#organization"},"potentialAction":[{"@type":"SearchAction","target":{"@type":"EntryPoint","urlTemplate":"https:\/\/www.versiegelung24.com\/pl\/?s={search_term_string}"},"query-input":{"@type":"PropertyValueSpecification","valueRequired":true,"valueName":"search_term_string"}}],"inLanguage":"pl-PL"},{"@type":"Organization","@id":"https:\/\/www.versiegelung24.com\/pl\/#organization","name":"versiegelung24","url":"https:\/\/www.versiegelung24.com\/pl\/","logo":{"@type":"ImageObject","inLanguage":"pl-PL","@id":"https:\/\/www.versiegelung24.com\/pl\/#\/schema\/logo\/image\/","url":"https:\/\/www.versiegelung24.com\/wp-content\/uploads\/2020\/04\/versiegelung24.png","contentUrl":"https:\/\/www.versiegelung24.com\/wp-content\/uploads\/2020\/04\/versiegelung24.png","width":470,"height":102,"caption":"versiegelung24"},"image":{"@id":"https:\/\/www.versiegelung24.com\/pl\/#\/schema\/logo\/image\/"}}]}},"_links":{"self":[{"href":"https:\/\/www.versiegelung24.com\/pl\/wp-json\/wp\/v2\/pages\/22132","targetHints":{"allow":["GET"]}}],"collection":[{"href":"https:\/\/www.versiegelung24.com\/pl\/wp-json\/wp\/v2\/pages"}],"about":[{"href":"https:\/\/www.versiegelung24.com\/pl\/wp-json\/wp\/v2\/types\/page"}],"author":[{"embeddable":true,"href":"https:\/\/www.versiegelung24.com\/pl\/wp-json\/wp\/v2\/users\/932"}],"replies":[{"embeddable":true,"href":"https:\/\/www.versiegelung24.com\/pl\/wp-json\/wp\/v2\/comments?post=22132"}],"version-history":[{"count":5,"href":"https:\/\/www.versiegelung24.com\/pl\/wp-json\/wp\/v2\/pages\/22132\/revisions"}],"predecessor-version":[{"id":160707,"href":"https:\/\/www.versiegelung24.com\/pl\/wp-json\/wp\/v2\/pages\/22132\/revisions\/160707"}],"wp:featuredmedia":[{"embeddable":true,"href":"https:\/\/www.versiegelung24.com\/pl\/wp-json\/wp\/v2\/media\/70719"}],"wp:attachment":[{"href":"https:\/\/www.versiegelung24.com\/pl\/wp-json\/wp\/v2\/media?parent=22132"}],"wp:term":[{"taxonomy":"category","embeddable":true,"href":"https:\/\/www.versiegelung24.com\/pl\/wp-json\/wp\/v2\/categories?post=22132"},{"taxonomy":"seiten_kategorie","embeddable":true,"href":"https:\/\/www.versiegelung24.com\/pl\/wp-json\/wp\/v2\/seiten_kategorie?post=22132"}],"curies":[{"name":"wp","href":"https:\/\/api.w.org\/{rel}","templated":true}]}}