{"id":22610,"date":"2021-08-02T20:49:11","date_gmt":"2021-08-02T18:49:11","guid":{"rendered":"https:\/\/www.versiegelung24.com\/zasady-anulowania-i-formularz-anulowania"},"modified":"2024-06-25T20:51:10","modified_gmt":"2024-06-25T18:51:10","slug":"polityka-anulowania","status":"publish","type":"page","link":"https:\/\/www.versiegelung24.com\/pl\/polityka-anulowania\/","title":{"rendered":"Zasady anulowania i formularz anulowania"},"content":{"rendered":"<div class=\"main-container col1-layout\">\n<div class=\"main container\">\n<div class=\"inner-container\">\n<div class=\"col-main\">\n<div class=\"std\">\n<p>Konsumentom przys\u0142uguje prawo do odst\u0105pienia od umowy zgodnie z nast\u0119puj\u0105cymi przepisami, przy czym konsumentem jest ka\u017cda osoba fizyczna, kt\u00f3ra dokonuje czynno\u015bci prawnej w celach, kt\u00f3re w przewa\u017caj\u0105cej mierze nie s\u0105 ani handlowe, ani prowadzone na w\u0142asny rachunek:<\/p>\n<p><strong>A. Zasady anulowania<\/strong><\/p>\n<p><strong>Prawo odst\u0105pienia od umowy<br \/>\n<\/strong> Masz prawo odst\u0105pi\u0107 od niniejszej umowy w terminie 14 dni bez podania przyczyny.<\/p>\n<p>Okres odst\u0105pienia wynosi 14 dni od dnia, w kt\u00f3rym Ty lub wskazana przez Ciebie osoba trzecia, kt\u00f3ra nie jest przewo\u017anikiem, wesz\u0142a w posiadanie ostatniego towaru.<\/p>\n<p>Aby skorzysta\u0107 z prawa odst\u0105pienia od umowy, musz\u0105 Pa\u0144stwo poinformowa\u0107 nas (Holger K\u00e4ding, An den Ellmen 14, 53773 Hennef, tel.: 02242-9695650, e-mail: info@versiegelung24.com) o swojej decyzji o odst\u0105pieniu od niniejszej umowy w drodze jednoznacznego o\u015bwiadczenia (na przyk\u0142ad pismo lub e-mail wys\u0142any poczt\u0105). Mo\u017cesz w tym celu skorzysta\u0107 z za\u0142\u0105czonego wzoru formularza odst\u0105pienia od umowy, ale nie jest to obowi\u0105zkowe.<\/p>\n<p>Aby dotrzyma\u0107 terminu anulowania, wystarczy, \u017ce wy\u015blesz powiadomienie o skorzystaniu z prawa do anulowania przed up\u0142ywem okresu anulowania.<\/p>\n<p><strong><br \/>\nKonsekwencje odst\u0105pienia od<\/strong>umowy W przypadku odst\u0105pienia od niniejszej umowy zwr\u00f3cimy U\u017cytkownikowi wszystkie otrzymane od niego p\u0142atno\u015bci, w tym koszty dostawy (z wyj\u0105tkiem dodatkowych koszt\u00f3w wynikaj\u0105cych z wyboru przez U\u017cytkownika rodzaju dostawy innego ni\u017c najta\u0144szy rodzaj standardowej dostawy oferowanej przez nas), bez zb\u0119dnej zw\u0142oki, a w ka\u017cdym razie nie p\u00f3\u017aniej ni\u017c 14 dni od dnia, w kt\u00f3rym zostali\u015bmy poinformowani o decyzji U\u017cytkownika o odst\u0105pieniu od niniejszej umowy.<strong><\/strong> W przypadku tej sp\u0142aty u\u017cyjemy tych samych \u015brodk\u00f3w p\u0142atno\u015bci, kt\u00f3rych u\u017cy\u0142e\u015b do pierwotnej transakcji, chyba \u017ce wyra\u017anie uzgodniono z Tob\u0105 co\u015b innego; W \u017cadnym wypadku nie zostaniesz obci\u0105\u017cony \u017cadnymi op\u0142atami za ten zwrot. Mo\u017cemy odm\u00f3wi\u0107 sp\u0142aty, dop\u00f3ki nie otrzymamy towaru z powrotem lub dop\u00f3ki nie przedstawisz dowodu, \u017ce odes\u0142a\u0142e\u015b towar, w zale\u017cno\u015bci od tego, co nast\u0105pi wcze\u015bniej.<\/p>\n<p>Musisz zwr\u00f3ci\u0107 lub przekaza\u0107 nam towar niezw\u0142ocznie, a w ka\u017cdym razie nie p\u00f3\u017aniej ni\u017c czterna\u015bcie dni od dnia, w kt\u00f3rym poinformowa\u0142e\u015b nas o anulowaniu niniejszej umowy. Termin jest zachowany, je\u015bli wy\u015blesz towar przed up\u0142ywem terminu czternastu dni.<\/p>\n<p>Ponosisz bezpo\u015brednie koszty zwrotu towaru.<\/p>\n<p>Za utrat\u0119 warto\u015bci towaru nale\u017cy zap\u0142aci\u0107 tylko wtedy, gdy utrata warto\u015bci wynika z obchodzenia si\u0119 z towarem, kt\u00f3re nie jest konieczne do sprawdzenia charakteru, w\u0142a\u015bciwo\u015bci i funkcjonalno\u015bci towaru.<\/p>\n<p>Wy\u0142\u0105czenie lub przedwczesne wyga\u015bni\u0119cie prawa do odst\u0105pienia od umowy<\/p>\n<p>Prawo do odst\u0105pienia od umowy wygasa przedwcze\u015bnie w przypadku um\u00f3w o dostaw\u0119 nagra\u0144 audio lub wideo lub oprogramowania komputerowego w zapiecz\u0119towanym opakowaniu, je\u017celi piecz\u0119\u0107 zosta\u0142a usuni\u0119ta po dostarczeniu.<\/p>\n<p><strong>B. Formularz odst\u0105pienia<\/strong><\/p>\n<p>Je\u015bli chcesz anulowa\u0107 umow\u0119, wype\u0142nij ten formularz i ode\u015blij go.<\/p>\n<p>Na<\/p>\n<p>samstore.de<\/p>\n<p>Holger K\u00e4ding<br \/>\nU Ellmen 14<br \/>\n53773 Hennef<br \/>\nNiemcy<br \/>\nE-mail: info@versiegelung24.com<\/p>\n<p>Ja\/my(*) niniejszym odst\u0119puj\u0119 od zawartej przeze mnie\/nas(*) umowy zakupu nast\u0119puj\u0105cych towar\u00f3w(*)\/\u015bwiadczenia nast\u0119puj\u0105cej us\u0142ugi(*)<\/p>\n<p>_______________________________________________________<\/p>\n<p>_______________________________________________________<\/p>\n<p>Zam\u00f3wiono w dniu (*) ____________ \/ otrzymano w dniu (*) __________________<\/p>\n<p>________________________________________________________<\/p>\n<p>Imi\u0119 i nazwisko konsumenta(-\u00f3w)<\/p>\n<p>________________________________________________________<\/p>\n<p>Adres konsumenta(-\u00f3w)<\/p>\n<p>________________________________________________________<\/p>\n<p>Podpis konsumenta (konsument\u00f3w) (tylko je\u017celi jest przekazywany w formie papierowej)<\/p>\n<p>_________________________<\/p>\n<p>Data<\/p>\n<p>(*) Niepotrzebne skre\u015bli\u0107<\/p>\n<\/div>\n<\/div>\n<div class=\"postscript\"><\/div>\n<\/div>\n<\/div>\n<div class=\"main-bottom-container\"><\/div>\n<\/div>\n<div class=\"footer-container\">\n<div class=\"footer-container2\">\n<div class=\"footer-container3\">\n<div class=\"footer-primary-container section-container\">\n<div class=\"footer-primary footer container\">\n<div class=\"inner-container\">\n<div class=\"clearer\">\n<div class=\"grid12-3\">\n<div class=\"std\">\n<div class=\"collapsible mobile-collapsible\"><\/div>\n<\/div>\n<\/div>\n<\/div>\n<\/div>\n<\/div>\n<\/div>\n<\/div>\n<\/div>\n<\/div>\n","protected":false},"excerpt":{"rendered":"<p>Konsumentom przys\u0142uguje prawo do odst\u0105pienia od umowy zgodnie z nast\u0119puj\u0105cymi przepisami, przy czym konsumentem jest ka\u017cda osoba fizyczna, kt\u00f3ra dokonuje czynno\u015bci prawnej w celach, kt\u00f3re w przewa\u017caj\u0105cej mierze nie s\u0105 ani handlowe, ani prowadzone na w\u0142asny rachunek: A. Zasady anulowania Prawo odst\u0105pienia od umowy Masz prawo odst\u0105pi\u0107 od niniejszej umowy w terminie 14 dni bez&hellip;&nbsp;<a href=\"https:\/\/www.versiegelung24.com\/pl\/polityka-anulowania\/\" rel=\"bookmark\">Read More &raquo;<span class=\"screen-reader-text\">Zasady anulowania i formularz anulowania<\/span><\/a><\/p>\n","protected":false},"author":932,"featured_media":71029,"parent":0,"menu_order":0,"comment_status":"closed","ping_status":"closed","template":"","meta":{"_acf_changed":false,"neve_meta_sidebar":"","neve_meta_container":"","neve_meta_enable_content_width":"","neve_meta_content_width":0,"neve_meta_title_alignment":"","neve_meta_author_avatar":"","neve_post_elements_order":"","neve_meta_disable_header":"","neve_meta_disable_footer":"","neve_meta_disable_title":"","neve_meta_reading_time":"","footnotes":""},"categories":[],"seiten_kategorie":[],"class_list":["post-22610","page","type-page","status-publish","has-post-thumbnail","hentry"],"acf":[],"yoast_head":"<!-- This site is optimized with the Yoast SEO Premium plugin v22.8 (Yoast SEO v27.5) - https:\/\/yoast.com\/product\/yoast-seo-premium-wordpress\/ -->\n<title>Zasady anulowania i formularz anulowania - versiegelung24.com<\/title>\n<meta name=\"robots\" content=\"index, follow, max-snippet:-1, max-image-preview:large, max-video-preview:-1\" \/>\n<link rel=\"canonical\" href=\"https:\/\/www.versiegelung24.com\/pl\/polityka-anulowania\/\" \/>\n<meta property=\"og:locale\" content=\"pl_PL\" \/>\n<meta property=\"og:type\" content=\"article\" \/>\n<meta property=\"og:title\" content=\"Zasady anulowania i formularz anulowania\" \/>\n<meta property=\"og:description\" content=\"Konsumentom przys\u0142uguje prawo do odst\u0105pienia od umowy zgodnie z nast\u0119puj\u0105cymi przepisami, przy czym konsumentem jest ka\u017cda osoba fizyczna, kt\u00f3ra dokonuje czynno\u015bci prawnej w celach, kt\u00f3re w przewa\u017caj\u0105cej mierze nie s\u0105 ani handlowe, ani prowadzone na w\u0142asny rachunek: A. Zasady anulowania Prawo odst\u0105pienia od umowy Masz prawo odst\u0105pi\u0107 od niniejszej umowy w terminie 14 dni bez&hellip;&nbsp;Read More &raquo;Zasady anulowania i formularz anulowania\" \/>\n<meta property=\"og:url\" content=\"https:\/\/www.versiegelung24.com\/pl\/polityka-anulowania\/\" \/>\n<meta property=\"og:site_name\" content=\"versiegelung24.com\" \/>\n<meta property=\"article:modified_time\" content=\"2024-06-25T18:51:10+00:00\" \/>\n<meta property=\"og:image\" content=\"https:\/\/www.versiegelung24.com\/wp-content\/uploads\/2022\/02\/Widerruf.png\" \/>\n\t<meta property=\"og:image:width\" content=\"2000\" \/>\n\t<meta property=\"og:image:height\" content=\"2000\" \/>\n\t<meta property=\"og:image:type\" content=\"image\/png\" \/>\n<meta name=\"twitter:card\" content=\"summary_large_image\" \/>\n<meta name=\"twitter:label1\" content=\"Szacowany czas czytania\" \/>\n\t<meta name=\"twitter:data1\" content=\"3 minuty\" \/>\n<script type=\"application\/ld+json\" class=\"yoast-schema-graph\">{\"@context\":\"https:\\\/\\\/schema.org\",\"@graph\":[{\"@type\":\"WebPage\",\"@id\":\"https:\\\/\\\/www.versiegelung24.com\\\/pl\\\/polityka-anulowania\\\/\",\"url\":\"https:\\\/\\\/www.versiegelung24.com\\\/pl\\\/polityka-anulowania\\\/\",\"name\":\"Zasady anulowania i formularz anulowania - versiegelung24.com\",\"isPartOf\":{\"@id\":\"https:\\\/\\\/www.versiegelung24.com\\\/pl\\\/#website\"},\"primaryImageOfPage\":{\"@id\":\"https:\\\/\\\/www.versiegelung24.com\\\/pl\\\/polityka-anulowania\\\/#primaryimage\"},\"image\":{\"@id\":\"https:\\\/\\\/www.versiegelung24.com\\\/pl\\\/polityka-anulowania\\\/#primaryimage\"},\"thumbnailUrl\":\"https:\\\/\\\/www.versiegelung24.com\\\/wp-content\\\/uploads\\\/2022\\\/02\\\/Widerruf.png\",\"datePublished\":\"2021-08-02T18:49:11+00:00\",\"dateModified\":\"2024-06-25T18:51:10+00:00\",\"breadcrumb\":{\"@id\":\"https:\\\/\\\/www.versiegelung24.com\\\/pl\\\/polityka-anulowania\\\/#breadcrumb\"},\"inLanguage\":\"pl-PL\",\"potentialAction\":[{\"@type\":\"ReadAction\",\"target\":[\"https:\\\/\\\/www.versiegelung24.com\\\/pl\\\/polityka-anulowania\\\/\"]}]},{\"@type\":\"ImageObject\",\"inLanguage\":\"pl-PL\",\"@id\":\"https:\\\/\\\/www.versiegelung24.com\\\/pl\\\/polityka-anulowania\\\/#primaryimage\",\"url\":\"https:\\\/\\\/www.versiegelung24.com\\\/wp-content\\\/uploads\\\/2022\\\/02\\\/Widerruf.png\",\"contentUrl\":\"https:\\\/\\\/www.versiegelung24.com\\\/wp-content\\\/uploads\\\/2022\\\/02\\\/Widerruf.png\",\"width\":2000,\"height\":2000},{\"@type\":\"BreadcrumbList\",\"@id\":\"https:\\\/\\\/www.versiegelung24.com\\\/pl\\\/polityka-anulowania\\\/#breadcrumb\",\"itemListElement\":[{\"@type\":\"ListItem\",\"position\":1,\"name\":\"Strona g\u0142\u00f3wna\",\"item\":\"https:\\\/\\\/www.versiegelung24.com\\\/pl\\\/przod\\\/\"},{\"@type\":\"ListItem\",\"position\":2,\"name\":\"Zasady anulowania i formularz anulowania\"}]},{\"@type\":\"WebSite\",\"@id\":\"https:\\\/\\\/www.versiegelung24.com\\\/pl\\\/#website\",\"url\":\"https:\\\/\\\/www.versiegelung24.com\\\/pl\\\/\",\"name\":\"versiegelung24.com\",\"description\":\"Fl\u00fcssigglas-Versiegelung - Made in Germany\",\"publisher\":{\"@id\":\"https:\\\/\\\/www.versiegelung24.com\\\/pl\\\/#organization\"},\"potentialAction\":[{\"@type\":\"SearchAction\",\"target\":{\"@type\":\"EntryPoint\",\"urlTemplate\":\"https:\\\/\\\/www.versiegelung24.com\\\/pl\\\/?s={search_term_string}\"},\"query-input\":{\"@type\":\"PropertyValueSpecification\",\"valueRequired\":true,\"valueName\":\"search_term_string\"}}],\"inLanguage\":\"pl-PL\"},{\"@type\":\"Organization\",\"@id\":\"https:\\\/\\\/www.versiegelung24.com\\\/pl\\\/#organization\",\"name\":\"versiegelung24\",\"url\":\"https:\\\/\\\/www.versiegelung24.com\\\/pl\\\/\",\"logo\":{\"@type\":\"ImageObject\",\"inLanguage\":\"pl-PL\",\"@id\":\"https:\\\/\\\/www.versiegelung24.com\\\/pl\\\/#\\\/schema\\\/logo\\\/image\\\/\",\"url\":\"https:\\\/\\\/www.versiegelung24.com\\\/wp-content\\\/uploads\\\/2020\\\/04\\\/versiegelung24.png\",\"contentUrl\":\"https:\\\/\\\/www.versiegelung24.com\\\/wp-content\\\/uploads\\\/2020\\\/04\\\/versiegelung24.png\",\"width\":470,\"height\":102,\"caption\":\"versiegelung24\"},\"image\":{\"@id\":\"https:\\\/\\\/www.versiegelung24.com\\\/pl\\\/#\\\/schema\\\/logo\\\/image\\\/\"}}]}<\/script>\n<!-- \/ Yoast SEO Premium plugin. -->","yoast_head_json":{"title":"Zasady anulowania i formularz anulowania - versiegelung24.com","robots":{"index":"index","follow":"follow","max-snippet":"max-snippet:-1","max-image-preview":"max-image-preview:large","max-video-preview":"max-video-preview:-1"},"canonical":"https:\/\/www.versiegelung24.com\/pl\/polityka-anulowania\/","og_locale":"pl_PL","og_type":"article","og_title":"Zasady anulowania i formularz anulowania","og_description":"Konsumentom przys\u0142uguje prawo do odst\u0105pienia od umowy zgodnie z nast\u0119puj\u0105cymi przepisami, przy czym konsumentem jest ka\u017cda osoba fizyczna, kt\u00f3ra dokonuje czynno\u015bci prawnej w celach, kt\u00f3re w przewa\u017caj\u0105cej mierze nie s\u0105 ani handlowe, ani prowadzone na w\u0142asny rachunek: A. Zasady anulowania Prawo odst\u0105pienia od umowy Masz prawo odst\u0105pi\u0107 od niniejszej umowy w terminie 14 dni bez&hellip;&nbsp;Read More &raquo;Zasady anulowania i formularz anulowania","og_url":"https:\/\/www.versiegelung24.com\/pl\/polityka-anulowania\/","og_site_name":"versiegelung24.com","article_modified_time":"2024-06-25T18:51:10+00:00","og_image":[{"width":2000,"height":2000,"url":"https:\/\/www.versiegelung24.com\/wp-content\/uploads\/2022\/02\/Widerruf.png","type":"image\/png"}],"twitter_card":"summary_large_image","twitter_misc":{"Szacowany czas czytania":"3 minuty"},"schema":{"@context":"https:\/\/schema.org","@graph":[{"@type":"WebPage","@id":"https:\/\/www.versiegelung24.com\/pl\/polityka-anulowania\/","url":"https:\/\/www.versiegelung24.com\/pl\/polityka-anulowania\/","name":"Zasady anulowania i formularz anulowania - versiegelung24.com","isPartOf":{"@id":"https:\/\/www.versiegelung24.com\/pl\/#website"},"primaryImageOfPage":{"@id":"https:\/\/www.versiegelung24.com\/pl\/polityka-anulowania\/#primaryimage"},"image":{"@id":"https:\/\/www.versiegelung24.com\/pl\/polityka-anulowania\/#primaryimage"},"thumbnailUrl":"https:\/\/www.versiegelung24.com\/wp-content\/uploads\/2022\/02\/Widerruf.png","datePublished":"2021-08-02T18:49:11+00:00","dateModified":"2024-06-25T18:51:10+00:00","breadcrumb":{"@id":"https:\/\/www.versiegelung24.com\/pl\/polityka-anulowania\/#breadcrumb"},"inLanguage":"pl-PL","potentialAction":[{"@type":"ReadAction","target":["https:\/\/www.versiegelung24.com\/pl\/polityka-anulowania\/"]}]},{"@type":"ImageObject","inLanguage":"pl-PL","@id":"https:\/\/www.versiegelung24.com\/pl\/polityka-anulowania\/#primaryimage","url":"https:\/\/www.versiegelung24.com\/wp-content\/uploads\/2022\/02\/Widerruf.png","contentUrl":"https:\/\/www.versiegelung24.com\/wp-content\/uploads\/2022\/02\/Widerruf.png","width":2000,"height":2000},{"@type":"BreadcrumbList","@id":"https:\/\/www.versiegelung24.com\/pl\/polityka-anulowania\/#breadcrumb","itemListElement":[{"@type":"ListItem","position":1,"name":"Strona g\u0142\u00f3wna","item":"https:\/\/www.versiegelung24.com\/pl\/przod\/"},{"@type":"ListItem","position":2,"name":"Zasady anulowania i formularz anulowania"}]},{"@type":"WebSite","@id":"https:\/\/www.versiegelung24.com\/pl\/#website","url":"https:\/\/www.versiegelung24.com\/pl\/","name":"versiegelung24.com","description":"Fl\u00fcssigglas-Versiegelung - Made in Germany","publisher":{"@id":"https:\/\/www.versiegelung24.com\/pl\/#organization"},"potentialAction":[{"@type":"SearchAction","target":{"@type":"EntryPoint","urlTemplate":"https:\/\/www.versiegelung24.com\/pl\/?s={search_term_string}"},"query-input":{"@type":"PropertyValueSpecification","valueRequired":true,"valueName":"search_term_string"}}],"inLanguage":"pl-PL"},{"@type":"Organization","@id":"https:\/\/www.versiegelung24.com\/pl\/#organization","name":"versiegelung24","url":"https:\/\/www.versiegelung24.com\/pl\/","logo":{"@type":"ImageObject","inLanguage":"pl-PL","@id":"https:\/\/www.versiegelung24.com\/pl\/#\/schema\/logo\/image\/","url":"https:\/\/www.versiegelung24.com\/wp-content\/uploads\/2020\/04\/versiegelung24.png","contentUrl":"https:\/\/www.versiegelung24.com\/wp-content\/uploads\/2020\/04\/versiegelung24.png","width":470,"height":102,"caption":"versiegelung24"},"image":{"@id":"https:\/\/www.versiegelung24.com\/pl\/#\/schema\/logo\/image\/"}}]}},"_links":{"self":[{"href":"https:\/\/www.versiegelung24.com\/pl\/wp-json\/wp\/v2\/pages\/22610","targetHints":{"allow":["GET"]}}],"collection":[{"href":"https:\/\/www.versiegelung24.com\/pl\/wp-json\/wp\/v2\/pages"}],"about":[{"href":"https:\/\/www.versiegelung24.com\/pl\/wp-json\/wp\/v2\/types\/page"}],"author":[{"embeddable":true,"href":"https:\/\/www.versiegelung24.com\/pl\/wp-json\/wp\/v2\/users\/932"}],"replies":[{"embeddable":true,"href":"https:\/\/www.versiegelung24.com\/pl\/wp-json\/wp\/v2\/comments?post=22610"}],"version-history":[{"count":3,"href":"https:\/\/www.versiegelung24.com\/pl\/wp-json\/wp\/v2\/pages\/22610\/revisions"}],"predecessor-version":[{"id":167646,"href":"https:\/\/www.versiegelung24.com\/pl\/wp-json\/wp\/v2\/pages\/22610\/revisions\/167646"}],"wp:featuredmedia":[{"embeddable":true,"href":"https:\/\/www.versiegelung24.com\/pl\/wp-json\/wp\/v2\/media\/71029"}],"wp:attachment":[{"href":"https:\/\/www.versiegelung24.com\/pl\/wp-json\/wp\/v2\/media?parent=22610"}],"wp:term":[{"taxonomy":"category","embeddable":true,"href":"https:\/\/www.versiegelung24.com\/pl\/wp-json\/wp\/v2\/categories?post=22610"},{"taxonomy":"seiten_kategorie","embeddable":true,"href":"https:\/\/www.versiegelung24.com\/pl\/wp-json\/wp\/v2\/seiten_kategorie?post=22610"}],"curies":[{"name":"wp","href":"https:\/\/api.w.org\/{rel}","templated":true}]}}