{"id":25555,"date":"2021-08-03T10:29:20","date_gmt":"2021-08-03T08:29:20","guid":{"rendered":"https:\/\/www.versiegelung24.com\/kup-produkty-ccm-gmbh-w-sklepie-internetowym"},"modified":"2024-06-25T20:51:33","modified_gmt":"2024-06-25T18:51:33","slug":"o-ccm-gmbh","status":"publish","type":"page","link":"https:\/\/www.versiegelung24.com\/pl\/kup-produkty-ccm-gmbh-w-sklepie-internetowym\/","title":{"rendered":"Kup produkty CCM GmbH w sklepie internetowym"},"content":{"rendered":"<h2><span style=\"color: var(--nv-text-color);font-family: Graphik,-apple-system,BlinkMacSystemFont,Segoe UI,var(--nv-fallback-ff);font-size: 2em;font-weight: 600;background-color: var(--nv-site-bg)\">Kupuj produkty firmy CCM GmbH z Overath \/ Niemcy w sklepie internetowym<\/span><\/h2>\n<div class=\"std\">\n<div>\n<figure id=\"attachment_15240\" aria-describedby=\"caption-attachment-15240\" style=\"width: 300px\" class=\"wp-caption alignleft\"><a href=\"https:\/\/www.versiegelung24.com\/wp-content\/uploads\/2020\/05\/CCM_Gebaeude-300x203.jpg\"><img fetchpriority=\"high\" decoding=\"async\" class=\"wp-image-7780 size-medium\" src=\"https:\/\/www.versiegelung24.com\/wp-content\/uploads\/2020\/05\/CCM_Gebaeude-300x203.jpg\" alt=\"CCM Zentrale in Overath\" width=\"300\" height=\"203\" srcset=\"https:\/\/www.versiegelung24.com\/wp-content\/uploads\/2020\/05\/CCM_Gebaeude-300x203.jpg 300w, https:\/\/www.versiegelung24.com\/wp-content\/uploads\/2020\/05\/CCM_Gebaeude-16x12.jpg 16w, https:\/\/www.versiegelung24.com\/wp-content\/uploads\/2020\/05\/CCM_Gebaeude.jpg 400w\" sizes=\"(max-width: 300px) 100vw, 300px\" \/><\/a><figcaption id=\"caption-attachment-15240\" class=\"wp-caption-text\">Siedziba CCM w Overath<\/figcaption><\/figure>\n<p>\u201eMade in Germany\u201d to \u015bwiatowe okre\u015blenie innowacyjno\u015bci i najwy\u017cszej jako\u015bci, znane m.in. w bran\u017cy motoryzacyjnej, in\u017cynierii mechanicznej i chemii. Opr\u00f3cz du\u017cych mi\u0119dzynarodowych firm, Niemcy maj\u0105 przede wszystkim kultur\u0119 setek tysi\u0119cy innowacyjnych ma\u0142ych i \u015brednich firm, kt\u00f3re s\u0105 bardzo kreatywnymi i cz\u0119sto liderami rynku \u015bwiatowego w swoich ma\u0142ych niszach (firmy te s\u0105 powszechnie nazywane \u201eukrytymi mistrzami\u201d). ).<\/p>\n<\/div>\n<div>\n<p>CCM GmbH produkuje i sprzedaje pomys\u0142y niemieckich wynalazc\u00f3w, unikalnych rozwi\u0105za\u0144 najwy\u017cszej jako\u015bci. Zosta\u0142a za\u0142o\u017cona w 2007 roku przez dw\u00f3ch dyrektor\u00f3w zarz\u0105dzaj\u0105cych Heinera Perka i Bernda Zimmermanna i jest wyj\u0105tkow\u0105 sieci\u0105 innowacji, produkcji i globalnej sprzeda\u017cy. Wyprodukowane w Niemczech.<\/p>\n<p>CCM \u017cyje w g\u0142\u0119bokim przekonaniu, \u017ce wyj\u0105tkowe produkty mog\u0105 by\u0107 z powodzeniem sprzedawane na ca\u0142ym \u015bwiecie tylko wtedy, gdy stoj\u0105 za nimi wyj\u0105tkowi ludzie jako partnerzy. CCM GmbH wsp\u00f3\u0142pracuje ju\u017c z takimi osobami w ponad 40 krajach na wszystkich kontynentach.<\/p>\n<p>Wszystkie dzia\u0142ania s\u0105 kontrolowane z centrali firmy w Overath ko\u0142o Kolonii w Niemczech.<\/p>\n<p>Nowoczesna technologia i networking pozwalaj\u0105 zaistnie\u0107 jako jednostka bez konieczno\u015bci pracy wszystkich pracownik\u00f3w w jednym miejscu.<\/p>\n<p>Plomby z \u201ep\u0142ynnego szk\u0142a\u201d firmy CCM GmbH by\u0142y ju\u017c nominowane do r\u00f3\u017cnych nagr\u00f3d.<\/p>\n<p>Daj si\u0119 zainspirowa\u0107 koncepcjami, pomys\u0142ami i do\u015bwiadczeniami CCM GmbH.<\/p>\n<\/div>\n<h2>Kup produkty CCM GmbH w sklepie internetowym:<\/h2>\n<div class=\"woocommerce columns-4\"><ul class=\"products columns-4\">\n<li class=\"product-category product first\">\n\t<a aria-label=\"Przejd\u017a do kategorii produktu Uszczelnianie kamienia i betonu\" href=\"https:\/\/www.versiegelung24.com\/pl\/uszczelnienie-szkla-plynnego\/uszczelnianie-kamienia-i-betonu\/\"><img decoding=\"async\" src=\"https:\/\/www.versiegelung24.com\/wp-content\/uploads\/2023\/06\/V24-steinkategorie-2306-400x400.webp\" alt=\"Uszczelnianie kamienia i betonu\" width=\"400\" height=\"400\" srcset=\"https:\/\/www.versiegelung24.com\/wp-content\/uploads\/2023\/06\/V24-steinkategorie-2306-400x400.webp 400w, https:\/\/www.versiegelung24.com\/wp-content\/uploads\/2023\/06\/V24-steinkategorie-2306-80x80.webp 80w, https:\/\/www.versiegelung24.com\/wp-content\/uploads\/2023\/06\/V24-steinkategorie-2306-70x70.webp 70w, https:\/\/www.versiegelung24.com\/wp-content\/uploads\/2023\/06\/V24-steinkategorie-2306-100x100.webp 100w\" sizes=\"(max-width: 400px) 100vw, 400px\" \/>\t\t<h2 class=\"woocommerce-loop-category__title\">\n\t\t\tUszczelnianie kamienia i betonu <mark class=\"count\">(12)<\/mark>\t\t<\/h2>\n\t\t<\/a><\/li>\n<li class=\"product-category product\">\n\t<a aria-label=\"Przejd\u017a do kategorii produktu Uszczelnienie samochodu\" href=\"https:\/\/www.versiegelung24.com\/pl\/uszczelnienie-szkla-plynnego\/uszczelnianie-samochodu\/\"><img decoding=\"async\" src=\"https:\/\/www.versiegelung24.com\/wp-content\/uploads\/2022\/08\/Kategorie_Auto-400x400.jpg\" alt=\"Uszczelnienie samochodu\" width=\"400\" height=\"400\" srcset=\"https:\/\/www.versiegelung24.com\/wp-content\/uploads\/2022\/08\/Kategorie_Auto-400x400.jpg 400w, https:\/\/www.versiegelung24.com\/wp-content\/uploads\/2022\/08\/Kategorie_Auto-80x80.jpg 80w, https:\/\/www.versiegelung24.com\/wp-content\/uploads\/2022\/08\/Kategorie_Auto-70x70.jpg 70w, https:\/\/www.versiegelung24.com\/wp-content\/uploads\/2022\/08\/Kategorie_Auto-100x100.jpg 100w\" sizes=\"(max-width: 400px) 100vw, 400px\" \/>\t\t<h2 class=\"woocommerce-loop-category__title\">\n\t\t\tUszczelnienie samochodu <mark class=\"count\">(19)<\/mark>\t\t<\/h2>\n\t\t<\/a><\/li>\n<li class=\"product-category product\">\n\t<a aria-label=\"Przejd\u017a do kategorii produktu Uszczelnienia do szk\u0142a i ceramiki\" href=\"https:\/\/www.versiegelung24.com\/pl\/uszczelnienie-szkla-plynnego\/uszczelnianie-do-szkla-i-ceramiki\/\"><img loading=\"lazy\" decoding=\"async\" src=\"https:\/\/www.versiegelung24.com\/wp-content\/uploads\/2022\/07\/Startseite_Banner-400x400.jpg\" alt=\"Uszczelnienia do szk\u0142a i ceramiki\" width=\"400\" height=\"400\" srcset=\"https:\/\/www.versiegelung24.com\/wp-content\/uploads\/2022\/07\/Startseite_Banner-400x400.jpg 400w, https:\/\/www.versiegelung24.com\/wp-content\/uploads\/2022\/07\/Startseite_Banner-80x80.jpg 80w, https:\/\/www.versiegelung24.com\/wp-content\/uploads\/2022\/07\/Startseite_Banner-70x70.jpg 70w, https:\/\/www.versiegelung24.com\/wp-content\/uploads\/2022\/07\/Startseite_Banner-100x100.jpg 100w\" sizes=\"(max-width: 400px) 100vw, 400px\" \/>\t\t<h2 class=\"woocommerce-loop-category__title\">\n\t\t\tUszczelnienia do szk\u0142a i ceramiki <mark class=\"count\">(18)<\/mark>\t\t<\/h2>\n\t\t<\/a><\/li>\n<li class=\"product-category product last\">\n\t<a aria-label=\"Przejd\u017a do kategorii produktu Uszczelnianie metali i tworzyw sztucznych\" href=\"https:\/\/www.versiegelung24.com\/pl\/uszczelnienie-szkla-plynnego\/uszczelnienie-metalowe-i-plastikowe\/\"><img loading=\"lazy\" decoding=\"async\" src=\"https:\/\/www.versiegelung24.com\/wp-content\/uploads\/2022\/08\/Kategorie_Metall-400x400.jpg\" alt=\"Uszczelnianie metali i tworzyw sztucznych\" width=\"400\" height=\"400\" srcset=\"https:\/\/www.versiegelung24.com\/wp-content\/uploads\/2022\/08\/Kategorie_Metall-400x400.jpg 400w, https:\/\/www.versiegelung24.com\/wp-content\/uploads\/2022\/08\/Kategorie_Metall-80x80.jpg 80w, https:\/\/www.versiegelung24.com\/wp-content\/uploads\/2022\/08\/Kategorie_Metall-70x70.jpg 70w, https:\/\/www.versiegelung24.com\/wp-content\/uploads\/2022\/08\/Kategorie_Metall-100x100.jpg 100w\" sizes=\"(max-width: 400px) 100vw, 400px\" \/>\t\t<h2 class=\"woocommerce-loop-category__title\">\n\t\t\tUszczelnianie metali i tworzyw sztucznych <mark class=\"count\">(16)<\/mark>\t\t<\/h2>\n\t\t<\/a><\/li>\n<li class=\"product-category product first\">\n\t<a aria-label=\"Przejd\u017a do kategorii produktu \u015arodki czyszcz\u0105ce\" href=\"https:\/\/www.versiegelung24.com\/pl\/srodki-czystosci\/\"><img loading=\"lazy\" decoding=\"async\" src=\"https:\/\/www.versiegelung24.com\/wp-content\/uploads\/2022\/08\/Kategorie_Bioreiniger-400x400.jpg\" alt=\"\u015arodki czyszcz\u0105ce\" width=\"400\" height=\"400\" srcset=\"https:\/\/www.versiegelung24.com\/wp-content\/uploads\/2022\/08\/Kategorie_Bioreiniger-400x400.jpg 400w, https:\/\/www.versiegelung24.com\/wp-content\/uploads\/2022\/08\/Kategorie_Bioreiniger-80x80.jpg 80w, https:\/\/www.versiegelung24.com\/wp-content\/uploads\/2022\/08\/Kategorie_Bioreiniger-70x70.jpg 70w, https:\/\/www.versiegelung24.com\/wp-content\/uploads\/2022\/08\/Kategorie_Bioreiniger-100x100.jpg 100w\" sizes=\"(max-width: 400px) 100vw, 400px\" \/>\t\t<h2 class=\"woocommerce-loop-category__title\">\n\t\t\t\u015arodki czyszcz\u0105ce <mark class=\"count\">(10)<\/mark>\t\t<\/h2>\n\t\t<\/a><\/li>\n<li class=\"product-category product\">\n\t<a aria-label=\"Przejd\u017a do kategorii produktu Uszczelnianie sk\u00f3ry i tekstyli\u00f3w\" href=\"https:\/\/www.versiegelung24.com\/pl\/uszczelnienie-szkla-plynnego\/uszczelnianie-skory-i-tekstyliow\/\"><img loading=\"lazy\" decoding=\"async\" src=\"https:\/\/www.versiegelung24.com\/wp-content\/uploads\/2023\/06\/waterpoof-jacket-in-detail-400x400.jpg\" alt=\"Uszczelnianie sk\u00f3ry i tekstyli\u00f3w\" width=\"400\" height=\"400\" srcset=\"https:\/\/www.versiegelung24.com\/wp-content\/uploads\/2023\/06\/waterpoof-jacket-in-detail-400x400.jpg 400w, https:\/\/www.versiegelung24.com\/wp-content\/uploads\/2023\/06\/waterpoof-jacket-in-detail-80x80.jpg 80w, https:\/\/www.versiegelung24.com\/wp-content\/uploads\/2023\/06\/waterpoof-jacket-in-detail-70x70.jpg 70w, https:\/\/www.versiegelung24.com\/wp-content\/uploads\/2023\/06\/waterpoof-jacket-in-detail-100x100.jpg 100w\" sizes=\"(max-width: 400px) 100vw, 400px\" \/>\t\t<h2 class=\"woocommerce-loop-category__title\">\n\t\t\tUszczelnianie sk\u00f3ry i tekstyli\u00f3w <mark class=\"count\">(3)<\/mark>\t\t<\/h2>\n\t\t<\/a><\/li>\n<li class=\"product-category product\">\n\t<a aria-label=\"Przejd\u017a do kategorii produktu Uniwersalny uszczelniacz\" href=\"https:\/\/www.versiegelung24.com\/pl\/uszczelnienie-szkla-plynnego\/uszczelka-uniwersalna\/\"><img loading=\"lazy\" decoding=\"async\" src=\"https:\/\/www.versiegelung24.com\/wp-content\/uploads\/2022\/08\/Kategorie_Universal-400x400.jpg\" alt=\"Uniwersalny uszczelniacz\" width=\"400\" height=\"400\" srcset=\"https:\/\/www.versiegelung24.com\/wp-content\/uploads\/2022\/08\/Kategorie_Universal-400x400.jpg 400w, https:\/\/www.versiegelung24.com\/wp-content\/uploads\/2022\/08\/Kategorie_Universal-80x80.jpg 80w, https:\/\/www.versiegelung24.com\/wp-content\/uploads\/2022\/08\/Kategorie_Universal-70x70.jpg 70w, https:\/\/www.versiegelung24.com\/wp-content\/uploads\/2022\/08\/Kategorie_Universal-100x100.jpg 100w\" sizes=\"(max-width: 400px) 100vw, 400px\" \/>\t\t<h2 class=\"woocommerce-loop-category__title\">\n\t\t\tUniwersalny uszczelniacz <mark class=\"count\">(13)<\/mark>\t\t<\/h2>\n\t\t<\/a><\/li>\n<li class=\"product-category product last\">\n\t<a aria-label=\"Przejd\u017a do kategorii produktu Uszczelnianie drewna\" href=\"https:\/\/www.versiegelung24.com\/pl\/uszczelnienie-szkla-plynnego\/uszczelnianie-drewna\/\"><img loading=\"lazy\" decoding=\"async\" src=\"https:\/\/www.versiegelung24.com\/wp-content\/uploads\/2022\/08\/Kategorie_Holz-400x400.jpg\" alt=\"Uszczelnianie drewna\" width=\"400\" height=\"400\" srcset=\"https:\/\/www.versiegelung24.com\/wp-content\/uploads\/2022\/08\/Kategorie_Holz-400x400.jpg 400w, https:\/\/www.versiegelung24.com\/wp-content\/uploads\/2022\/08\/Kategorie_Holz-80x80.jpg 80w, https:\/\/www.versiegelung24.com\/wp-content\/uploads\/2022\/08\/Kategorie_Holz-70x70.jpg 70w, https:\/\/www.versiegelung24.com\/wp-content\/uploads\/2022\/08\/Kategorie_Holz-100x100.jpg 100w\" sizes=\"(max-width: 400px) 100vw, 400px\" \/>\t\t<h2 class=\"woocommerce-loop-category__title\">\n\t\t\tUszczelnianie drewna <mark class=\"count\">(3)<\/mark>\t\t<\/h2>\n\t\t<\/a><\/li>\n<\/ul>\n<\/div>\n<\/div>\n","protected":false},"excerpt":{"rendered":"<p>Kupuj produkty firmy CCM GmbH z Overath \/ Niemcy w sklepie internetowym \u201eMade in Germany\u201d to \u015bwiatowe okre\u015blenie innowacyjno\u015bci i najwy\u017cszej jako\u015bci, znane m.in. w bran\u017cy motoryzacyjnej, in\u017cynierii mechanicznej i chemii. Opr\u00f3cz du\u017cych mi\u0119dzynarodowych firm, Niemcy maj\u0105 przede wszystkim kultur\u0119 setek tysi\u0119cy innowacyjnych ma\u0142ych i \u015brednich firm, kt\u00f3re s\u0105 bardzo kreatywnymi i cz\u0119sto liderami rynku&hellip;&nbsp;<a href=\"https:\/\/www.versiegelung24.com\/pl\/kup-produkty-ccm-gmbh-w-sklepie-internetowym\/\" rel=\"bookmark\">Read More &raquo;<span class=\"screen-reader-text\">Kup produkty CCM GmbH w sklepie internetowym<\/span><\/a><\/p>\n","protected":false},"author":932,"featured_media":70228,"parent":0,"menu_order":0,"comment_status":"closed","ping_status":"closed","template":"","meta":{"_acf_changed":false,"neve_meta_sidebar":"","neve_meta_container":"","neve_meta_enable_content_width":"","neve_meta_content_width":0,"neve_meta_title_alignment":"","neve_meta_author_avatar":"","neve_post_elements_order":"","neve_meta_disable_header":"","neve_meta_disable_footer":"","neve_meta_disable_title":"","neve_meta_reading_time":"","footnotes":""},"categories":[],"seiten_kategorie":[],"class_list":["post-25555","page","type-page","status-publish","has-post-thumbnail","hentry"],"acf":[],"yoast_head":"<!-- This site is optimized with the Yoast SEO Premium plugin v22.8 (Yoast SEO v27.4) - https:\/\/yoast.com\/product\/yoast-seo-premium-wordpress\/ -->\n<title>Kup produkty CCM GmbH w sklepie internetowym<\/title>\n<meta name=\"description\" content=\"Kup p\u0142ynne nanouszczelniacze do szk\u0142a, \u015brodki czyszcz\u0105ce, \u015brodki dezynfekuj\u0105ce i inne produkty firmy CCM GmbH od Overath Germany przez Internet.\" \/>\n<meta name=\"robots\" content=\"index, follow, max-snippet:-1, max-image-preview:large, max-video-preview:-1\" \/>\n<link rel=\"canonical\" href=\"https:\/\/www.versiegelung24.com\/pl\/kup-produkty-ccm-gmbh-w-sklepie-internetowym\/\" \/>\n<meta property=\"og:locale\" content=\"pl_PL\" \/>\n<meta property=\"og:type\" content=\"article\" \/>\n<meta property=\"og:title\" content=\"Kup produkty CCM GmbH w sklepie internetowym\" \/>\n<meta property=\"og:description\" content=\"Kup p\u0142ynne nanouszczelniacze do szk\u0142a, \u015brodki czyszcz\u0105ce, \u015brodki dezynfekuj\u0105ce i inne produkty firmy CCM GmbH od Overath Germany przez Internet.\" \/>\n<meta property=\"og:url\" content=\"https:\/\/www.versiegelung24.com\/pl\/kup-produkty-ccm-gmbh-w-sklepie-internetowym\/\" \/>\n<meta property=\"og:site_name\" content=\"versiegelung24.com\" \/>\n<meta property=\"article:modified_time\" content=\"2024-06-25T18:51:33+00:00\" \/>\n<meta property=\"og:image\" content=\"https:\/\/www.versiegelung24.com\/wp-content\/uploads\/2022\/02\/Flasche.png\" \/>\n\t<meta property=\"og:image:width\" content=\"2560\" \/>\n\t<meta property=\"og:image:height\" content=\"2560\" \/>\n\t<meta property=\"og:image:type\" content=\"image\/png\" \/>\n<meta name=\"twitter:card\" content=\"summary_large_image\" \/>\n<meta name=\"twitter:label1\" content=\"Szacowany czas czytania\" \/>\n\t<meta name=\"twitter:data1\" content=\"1 minuta\" \/>\n<script type=\"application\/ld+json\" class=\"yoast-schema-graph\">{\"@context\":\"https:\\\/\\\/schema.org\",\"@graph\":[{\"@type\":\"WebPage\",\"@id\":\"https:\\\/\\\/www.versiegelung24.com\\\/pl\\\/kup-produkty-ccm-gmbh-w-sklepie-internetowym\\\/\",\"url\":\"https:\\\/\\\/www.versiegelung24.com\\\/pl\\\/kup-produkty-ccm-gmbh-w-sklepie-internetowym\\\/\",\"name\":\"Kup produkty CCM GmbH w sklepie internetowym\",\"isPartOf\":{\"@id\":\"https:\\\/\\\/www.versiegelung24.com\\\/pl\\\/#website\"},\"primaryImageOfPage\":{\"@id\":\"https:\\\/\\\/www.versiegelung24.com\\\/pl\\\/kup-produkty-ccm-gmbh-w-sklepie-internetowym\\\/#primaryimage\"},\"image\":{\"@id\":\"https:\\\/\\\/www.versiegelung24.com\\\/pl\\\/kup-produkty-ccm-gmbh-w-sklepie-internetowym\\\/#primaryimage\"},\"thumbnailUrl\":\"https:\\\/\\\/www.versiegelung24.com\\\/wp-content\\\/uploads\\\/2022\\\/02\\\/Flasche.png\",\"datePublished\":\"2021-08-03T08:29:20+00:00\",\"dateModified\":\"2024-06-25T18:51:33+00:00\",\"description\":\"Kup p\u0142ynne nanouszczelniacze do szk\u0142a, \u015brodki czyszcz\u0105ce, \u015brodki dezynfekuj\u0105ce i inne produkty firmy CCM GmbH od Overath Germany przez Internet.\",\"breadcrumb\":{\"@id\":\"https:\\\/\\\/www.versiegelung24.com\\\/pl\\\/kup-produkty-ccm-gmbh-w-sklepie-internetowym\\\/#breadcrumb\"},\"inLanguage\":\"pl-PL\",\"potentialAction\":[{\"@type\":\"ReadAction\",\"target\":[\"https:\\\/\\\/www.versiegelung24.com\\\/pl\\\/kup-produkty-ccm-gmbh-w-sklepie-internetowym\\\/\"]}]},{\"@type\":\"ImageObject\",\"inLanguage\":\"pl-PL\",\"@id\":\"https:\\\/\\\/www.versiegelung24.com\\\/pl\\\/kup-produkty-ccm-gmbh-w-sklepie-internetowym\\\/#primaryimage\",\"url\":\"https:\\\/\\\/www.versiegelung24.com\\\/wp-content\\\/uploads\\\/2022\\\/02\\\/Flasche.png\",\"contentUrl\":\"https:\\\/\\\/www.versiegelung24.com\\\/wp-content\\\/uploads\\\/2022\\\/02\\\/Flasche.png\",\"width\":2560,\"height\":2560},{\"@type\":\"BreadcrumbList\",\"@id\":\"https:\\\/\\\/www.versiegelung24.com\\\/pl\\\/kup-produkty-ccm-gmbh-w-sklepie-internetowym\\\/#breadcrumb\",\"itemListElement\":[{\"@type\":\"ListItem\",\"position\":1,\"name\":\"Strona g\u0142\u00f3wna\",\"item\":\"https:\\\/\\\/www.versiegelung24.com\\\/pl\\\/przod\\\/\"},{\"@type\":\"ListItem\",\"position\":2,\"name\":\"Kup produkty CCM GmbH w sklepie internetowym\"}]},{\"@type\":\"WebSite\",\"@id\":\"https:\\\/\\\/www.versiegelung24.com\\\/pl\\\/#website\",\"url\":\"https:\\\/\\\/www.versiegelung24.com\\\/pl\\\/\",\"name\":\"versiegelung24.com\",\"description\":\"Fl\u00fcssigglas-Versiegelung - Made in Germany\",\"publisher\":{\"@id\":\"https:\\\/\\\/www.versiegelung24.com\\\/pl\\\/#organization\"},\"potentialAction\":[{\"@type\":\"SearchAction\",\"target\":{\"@type\":\"EntryPoint\",\"urlTemplate\":\"https:\\\/\\\/www.versiegelung24.com\\\/pl\\\/?s={search_term_string}\"},\"query-input\":{\"@type\":\"PropertyValueSpecification\",\"valueRequired\":true,\"valueName\":\"search_term_string\"}}],\"inLanguage\":\"pl-PL\"},{\"@type\":\"Organization\",\"@id\":\"https:\\\/\\\/www.versiegelung24.com\\\/pl\\\/#organization\",\"name\":\"versiegelung24\",\"url\":\"https:\\\/\\\/www.versiegelung24.com\\\/pl\\\/\",\"logo\":{\"@type\":\"ImageObject\",\"inLanguage\":\"pl-PL\",\"@id\":\"https:\\\/\\\/www.versiegelung24.com\\\/pl\\\/#\\\/schema\\\/logo\\\/image\\\/\",\"url\":\"https:\\\/\\\/www.versiegelung24.com\\\/wp-content\\\/uploads\\\/2020\\\/04\\\/versiegelung24.png\",\"contentUrl\":\"https:\\\/\\\/www.versiegelung24.com\\\/wp-content\\\/uploads\\\/2020\\\/04\\\/versiegelung24.png\",\"width\":470,\"height\":102,\"caption\":\"versiegelung24\"},\"image\":{\"@id\":\"https:\\\/\\\/www.versiegelung24.com\\\/pl\\\/#\\\/schema\\\/logo\\\/image\\\/\"}}]}<\/script>\n<!-- \/ Yoast SEO Premium plugin. -->","yoast_head_json":{"title":"Kup produkty CCM GmbH w sklepie internetowym","description":"Kup p\u0142ynne nanouszczelniacze do szk\u0142a, \u015brodki czyszcz\u0105ce, \u015brodki dezynfekuj\u0105ce i inne produkty firmy CCM GmbH od Overath Germany przez Internet.","robots":{"index":"index","follow":"follow","max-snippet":"max-snippet:-1","max-image-preview":"max-image-preview:large","max-video-preview":"max-video-preview:-1"},"canonical":"https:\/\/www.versiegelung24.com\/pl\/kup-produkty-ccm-gmbh-w-sklepie-internetowym\/","og_locale":"pl_PL","og_type":"article","og_title":"Kup produkty CCM GmbH w sklepie internetowym","og_description":"Kup p\u0142ynne nanouszczelniacze do szk\u0142a, \u015brodki czyszcz\u0105ce, \u015brodki dezynfekuj\u0105ce i inne produkty firmy CCM GmbH od Overath Germany przez Internet.","og_url":"https:\/\/www.versiegelung24.com\/pl\/kup-produkty-ccm-gmbh-w-sklepie-internetowym\/","og_site_name":"versiegelung24.com","article_modified_time":"2024-06-25T18:51:33+00:00","og_image":[{"width":2560,"height":2560,"url":"https:\/\/www.versiegelung24.com\/wp-content\/uploads\/2022\/02\/Flasche.png","type":"image\/png"}],"twitter_card":"summary_large_image","twitter_misc":{"Szacowany czas czytania":"1 minuta"},"schema":{"@context":"https:\/\/schema.org","@graph":[{"@type":"WebPage","@id":"https:\/\/www.versiegelung24.com\/pl\/kup-produkty-ccm-gmbh-w-sklepie-internetowym\/","url":"https:\/\/www.versiegelung24.com\/pl\/kup-produkty-ccm-gmbh-w-sklepie-internetowym\/","name":"Kup produkty CCM GmbH w sklepie internetowym","isPartOf":{"@id":"https:\/\/www.versiegelung24.com\/pl\/#website"},"primaryImageOfPage":{"@id":"https:\/\/www.versiegelung24.com\/pl\/kup-produkty-ccm-gmbh-w-sklepie-internetowym\/#primaryimage"},"image":{"@id":"https:\/\/www.versiegelung24.com\/pl\/kup-produkty-ccm-gmbh-w-sklepie-internetowym\/#primaryimage"},"thumbnailUrl":"https:\/\/www.versiegelung24.com\/wp-content\/uploads\/2022\/02\/Flasche.png","datePublished":"2021-08-03T08:29:20+00:00","dateModified":"2024-06-25T18:51:33+00:00","description":"Kup p\u0142ynne nanouszczelniacze do szk\u0142a, \u015brodki czyszcz\u0105ce, \u015brodki dezynfekuj\u0105ce i inne produkty firmy CCM GmbH od Overath Germany przez Internet.","breadcrumb":{"@id":"https:\/\/www.versiegelung24.com\/pl\/kup-produkty-ccm-gmbh-w-sklepie-internetowym\/#breadcrumb"},"inLanguage":"pl-PL","potentialAction":[{"@type":"ReadAction","target":["https:\/\/www.versiegelung24.com\/pl\/kup-produkty-ccm-gmbh-w-sklepie-internetowym\/"]}]},{"@type":"ImageObject","inLanguage":"pl-PL","@id":"https:\/\/www.versiegelung24.com\/pl\/kup-produkty-ccm-gmbh-w-sklepie-internetowym\/#primaryimage","url":"https:\/\/www.versiegelung24.com\/wp-content\/uploads\/2022\/02\/Flasche.png","contentUrl":"https:\/\/www.versiegelung24.com\/wp-content\/uploads\/2022\/02\/Flasche.png","width":2560,"height":2560},{"@type":"BreadcrumbList","@id":"https:\/\/www.versiegelung24.com\/pl\/kup-produkty-ccm-gmbh-w-sklepie-internetowym\/#breadcrumb","itemListElement":[{"@type":"ListItem","position":1,"name":"Strona g\u0142\u00f3wna","item":"https:\/\/www.versiegelung24.com\/pl\/przod\/"},{"@type":"ListItem","position":2,"name":"Kup produkty CCM GmbH w sklepie internetowym"}]},{"@type":"WebSite","@id":"https:\/\/www.versiegelung24.com\/pl\/#website","url":"https:\/\/www.versiegelung24.com\/pl\/","name":"versiegelung24.com","description":"Fl\u00fcssigglas-Versiegelung - Made in Germany","publisher":{"@id":"https:\/\/www.versiegelung24.com\/pl\/#organization"},"potentialAction":[{"@type":"SearchAction","target":{"@type":"EntryPoint","urlTemplate":"https:\/\/www.versiegelung24.com\/pl\/?s={search_term_string}"},"query-input":{"@type":"PropertyValueSpecification","valueRequired":true,"valueName":"search_term_string"}}],"inLanguage":"pl-PL"},{"@type":"Organization","@id":"https:\/\/www.versiegelung24.com\/pl\/#organization","name":"versiegelung24","url":"https:\/\/www.versiegelung24.com\/pl\/","logo":{"@type":"ImageObject","inLanguage":"pl-PL","@id":"https:\/\/www.versiegelung24.com\/pl\/#\/schema\/logo\/image\/","url":"https:\/\/www.versiegelung24.com\/wp-content\/uploads\/2020\/04\/versiegelung24.png","contentUrl":"https:\/\/www.versiegelung24.com\/wp-content\/uploads\/2020\/04\/versiegelung24.png","width":470,"height":102,"caption":"versiegelung24"},"image":{"@id":"https:\/\/www.versiegelung24.com\/pl\/#\/schema\/logo\/image\/"}}]}},"_links":{"self":[{"href":"https:\/\/www.versiegelung24.com\/pl\/wp-json\/wp\/v2\/pages\/25555","targetHints":{"allow":["GET"]}}],"collection":[{"href":"https:\/\/www.versiegelung24.com\/pl\/wp-json\/wp\/v2\/pages"}],"about":[{"href":"https:\/\/www.versiegelung24.com\/pl\/wp-json\/wp\/v2\/types\/page"}],"author":[{"embeddable":true,"href":"https:\/\/www.versiegelung24.com\/pl\/wp-json\/wp\/v2\/users\/932"}],"replies":[{"embeddable":true,"href":"https:\/\/www.versiegelung24.com\/pl\/wp-json\/wp\/v2\/comments?post=25555"}],"version-history":[{"count":2,"href":"https:\/\/www.versiegelung24.com\/pl\/wp-json\/wp\/v2\/pages\/25555\/revisions"}],"predecessor-version":[{"id":167669,"href":"https:\/\/www.versiegelung24.com\/pl\/wp-json\/wp\/v2\/pages\/25555\/revisions\/167669"}],"wp:featuredmedia":[{"embeddable":true,"href":"https:\/\/www.versiegelung24.com\/pl\/wp-json\/wp\/v2\/media\/70228"}],"wp:attachment":[{"href":"https:\/\/www.versiegelung24.com\/pl\/wp-json\/wp\/v2\/media?parent=25555"}],"wp:term":[{"taxonomy":"category","embeddable":true,"href":"https:\/\/www.versiegelung24.com\/pl\/wp-json\/wp\/v2\/categories?post=25555"},{"taxonomy":"seiten_kategorie","embeddable":true,"href":"https:\/\/www.versiegelung24.com\/pl\/wp-json\/wp\/v2\/seiten_kategorie?post=25555"}],"curies":[{"name":"wp","href":"https:\/\/api.w.org\/{rel}","templated":true}]}}