{"id":25683,"date":"2021-08-03T11:15:59","date_gmt":"2021-08-03T09:15:59","guid":{"rendered":"https:\/\/www.versiegelung24.com\/ogolne-warunki-handlowe-z-informacjami-o-kliencie"},"modified":"2024-06-25T20:50:45","modified_gmt":"2024-06-25T18:50:45","slug":"warunki-ogolne","status":"publish","type":"page","link":"https:\/\/www.versiegelung24.com\/pl\/warunki-ogolne\/","title":{"rendered":"Og\u00f3lne warunki handlowe z informacjami o kliencie"},"content":{"rendered":"<h2>Spis tre\u015bci<\/h2>\n<ol>\n<li>zakres<\/li>\n<li>Zawarcie umowy<\/li>\n<li>Prawo odst\u0105pienia od umowy<\/li>\n<li>Ceny i warunki p\u0142atno\u015bci<\/li>\n<li>Warunki dostawy i wysy\u0142ki<\/li>\n<li>Zatrzymanie tytu\u0142u<\/li>\n<li>Odpowiedzialno\u015b\u0107 za wady (r\u0119kojmia)<\/li>\n<li>Realizacja kupon\u00f3w promocyjnych<\/li>\n<li>Obowi\u0105zuj\u0105ce prawo<\/li>\n<li>Alternatywne metody rozwi\u0105zywania spor\u00f3w<\/li>\n<\/ol>\n<h2>1 Zakres<\/h2>\n<p><strong>1.1<\/strong> Niniejsze Og\u00f3lne Warunki Handlowe (dalej \u201eOWH\u201d) firmy Holger K\u00e4ding, dzia\u0142aj\u0105cej pod adresem \u201eversiegelung24.com\u201d (dalej \u201eSprzedawca\u201d), maj\u0105 zastosowanie do wszystkich um\u00f3w o dostaw\u0119 towar\u00f3w zawieranych przez konsumenta lub przedsi\u0119biorc\u0119 (dalej \u201eKlient\u201d) ze sprzedawc\u0105 w odniesieniu do towar\u00f3w prezentowanych przez sprzedawc\u0119 w jego sklepie internetowym. W\u0142\u0105czenie w\u0142asnych warunk\u00f3w klienta jest niniejszym sprzeczne, o ile nie uzgodniono inaczej.<\/p>\n<p><strong>1.2<\/strong>&nbsp; Konsumentem w rozumieniu niniejszych Og\u00f3lnych Warunk\u00f3w jest ka\u017cda osoba fizyczna, kt\u00f3ra dokonuje czynno\u015bci prawnej w celach, kt\u00f3re w przewa\u017caj\u0105cej mierze nie maj\u0105 charakteru handlowego ani nie prowadzi dzia\u0142alno\u015bci na w\u0142asny rachunek. Przedsi\u0119biorc\u0105 w rozumieniu niniejszych warunk\u00f3w jest osoba fizyczna lub prawna albo sp\u00f3\u0142ka osobowa, kt\u00f3ra przy zawieraniu czynno\u015bci prawnej prowadzi dzia\u0142alno\u015b\u0107 gospodarcz\u0105 lub niezale\u017cn\u0105 dzia\u0142alno\u015b\u0107 zawodow\u0105.<\/p>\n<h2>2) Zawarcie umowy<\/h2>\n<p><strong>2,1<\/strong>&nbsp; Opisy produkt\u00f3w zawarte w sklepie internetowym Sprzedaj\u0105cego nie stanowi\u0105 wi\u0105\u017c\u0105cej oferty ze strony Sprzedaj\u0105cego, lecz s\u0142u\u017c\u0105 umo\u017cliwieniu Klientowi z\u0142o\u017cenia wi\u0105\u017c\u0105cej oferty.<\/p>\n<p><strong>2,2<\/strong>&nbsp; Klient mo\u017ce z\u0142o\u017cy\u0107 ofert\u0119 za po\u015brednictwem internetowego formularza zam\u00f3wienia zintegrowanego ze sklepem internetowym Sprzedawcy. Po umieszczeniu wybranego towaru w wirtualnym koszyku i przej\u015bciu elektronicznego procesu sk\u0142adania zam\u00f3wienia, Klient poprzez klikni\u0119cie przycisku ko\u0144cz\u0105cego proces sk\u0142adania zam\u00f3wienia sk\u0142ada prawnie wi\u0105\u017c\u0105c\u0105 ofert\u0119 zawarcia umowy na towar znajduj\u0105cy si\u0119 w koszyku. Ponadto Klient mo\u017ce r\u00f3wnie\u017c z\u0142o\u017cy\u0107 Sprzedawcy ofert\u0119 telefonicznie lub mailowo.<\/p>\n<p><strong>2,3<\/strong>&nbsp; Sprzedawca mo\u017ce przyj\u0105\u0107 ofert\u0119 Klienta w ci\u0105gu pi\u0119ciu dni,<\/p>\n<ul>\n<li>poprzez przes\u0142anie Klientowi pisemnego potwierdzenia zam\u00f3wienia lub potwierdzenia zam\u00f3wienia w formie tekstowej (faksem lub e-mailem), przy czym decyduj\u0105ce znaczenie ma otrzymanie przez Klienta potwierdzenia zam\u00f3wienia, lub<\/li>\n<li>poprzez dostarczenie zam\u00f3wionego towaru do klienta, przy czym decyduj\u0105ce znaczenie ma odbi\u00f3r towaru przez klienta, lub<\/li>\n<li>prosz\u0105c klienta o zap\u0142at\u0119 po z\u0142o\u017ceniu zam\u00f3wienia.<\/li>\n<\/ul>\n<p>Je\u017celi istnieje kilka z wy\u017cej wymienionych alternatyw, umowa zostaje zawarta w momencie, w kt\u00f3rym jedna z wy\u017cej wymienionych alternatyw wyst\u0119puje jako pierwsza. Termin przyj\u0119cia oferty rozpoczyna si\u0119 nast\u0119pnego dnia po przes\u0142aniu oferty przez klienta i ko\u0144czy si\u0119 z ko\u0144cem pi\u0105tego dnia po wys\u0142aniu oferty. Je\u015bli sprzedawca nie przyjmie oferty klienta w wy\u017cej wymienionym terminie, uwa\u017ca si\u0119 to za odrzucenie oferty, w wyniku czego klient nie jest ju\u017c zwi\u0105zany swoim o\u015bwiadczeniem woli.<\/p>\n<p><strong>2,4<\/strong>&nbsp; Podczas sk\u0142adania oferty za po\u015brednictwem internetowego formularza zam\u00f3wienia sprzedawcy, tekst umowy jest zapisywany przez sprzedawc\u0119 i przesy\u0142any klientowi w formie tekstowej (np. e-mail, faks lub list) wraz z niniejszymi Og\u00f3lnymi Warunkami po wys\u0142aniu zam\u00f3wienia . Ponadto tekst umowy jest archiwizowany na stronie internetowej sprzedawcy i mo\u017ce zosta\u0107 bezp\u0142atnie wywo\u0142any przez klienta za po\u015brednictwem swojego chronionego has\u0142em konta klienta, wprowadzaj\u0105c odpowiednie dane logowania, pod warunkiem, \u017ce klient utworzy\u0142 konto klienta w sklep internetowy sprzedawcy przed z\u0142o\u017ceniem zam\u00f3wienia.<\/p>\n<p><strong>2,5<\/strong>&nbsp; Przed z\u0142o\u017ceniem wi\u0105\u017c\u0105cego zam\u00f3wienia za po\u015brednictwem internetowego formularza zam\u00f3wienia sprzedawcy, klient mo\u017ce zidentyfikowa\u0107 ewentualne b\u0142\u0119dy wprowadzania, uwa\u017cnie czytaj\u0105c informacje wy\u015bwietlane na ekranie. Skutecznym \u015brodkiem technicznym do lepszego rozpoznawania b\u0142\u0119d\u00f3w wej\u015bciowych mo\u017ce by\u0107 funkcja powi\u0119kszania przegl\u0105darki, za pomoc\u0105 kt\u00f3rej powi\u0119kszana jest reprezentacja na ekranie. Klient mo\u017ce korygowa\u0107 swoje wpisy w ramach elektronicznego procesu sk\u0142adania zam\u00f3wienia za pomoc\u0105 zwyk\u0142ych funkcji klawiatury i myszy do momentu naci\u015bni\u0119cia przycisku ko\u0144cz\u0105cego proces sk\u0142adania zam\u00f3wienia.<\/p>\n<p><strong>2,6<\/strong>&nbsp; Do zawarcia umowy dost\u0119pny jest tylko j\u0119zyk niemiecki.<\/p>\n<p><strong>2,7<\/strong>&nbsp; Realizacja zam\u00f3wienia i kontakt zwykle odbywa si\u0119 za po\u015brednictwem poczty elektronicznej i zautomatyzowanego przetwarzania zam\u00f3wie\u0144. Klient musi upewni\u0107 si\u0119, \u017ce adres e-mail podany przez niego w celu realizacji zam\u00f3wienia jest poprawny, aby wysy\u0142ane przez Sprzedawc\u0119 wiadomo\u015bci e-mail mog\u0142y by\u0107 odbierane pod tym adresem. W szczeg\u00f3lno\u015bci, korzystaj\u0105c z filtr\u00f3w SPAM, Klient musi zapewni\u0107, \u017ce wszystkie wiadomo\u015bci e-mail wysy\u0142ane przez Sprzedawc\u0119 lub osoby trzecie, kt\u00f3rym Sprzedawca zleci\u0142 realizacj\u0119 zam\u00f3wienia, zostan\u0105 dostarczone.<\/p>\n<h2>3) prawo do odst\u0105pienia od umowy<\/h2>\n<p><strong>3.1<\/strong>&nbsp; Konsumentom zasadniczo przys\u0142uguje prawo do odst\u0105pienia od umowy.<\/p>\n<p><strong>3.2<\/strong>&nbsp; Wi\u0119cej informacji na temat prawa do odst\u0105pienia od umowy mo\u017cna znale\u017a\u0107 w polityce anulowania sprzedawcy.<\/p>\n<h2>4) Ceny i warunki p\u0142atno\u015bci<\/h2>\n<p><strong>4.1<\/strong>&nbsp; O ile nie zaznaczono inaczej w opisie produktu sprzedaj\u0105cego, podane ceny s\u0105 cenami ca\u0142kowitymi, kt\u00f3re zawieraj\u0105 ustawowy podatek od sprzeda\u017cy. Wszelkie dodatkowe koszty dostawy i wysy\u0142ki, kt\u00f3re mog\u0105 powsta\u0107, s\u0105 okre\u015blone osobno w odpowiednim opisie produktu.<\/p>\n<p><strong>4.2<\/strong>&nbsp; Opcje p\u0142atno\u015bci zostan\u0105 przekazane klientowi w sklepie internetowym sprzedawcy.<\/p>\n<p><strong>4.3<\/strong>&nbsp; Je\u017celi uzgodniono przedp\u0142at\u0119 przelewem, p\u0142atno\u015b\u0107 jest wymagalna niezw\u0142ocznie po zawarciu umowy, chyba \u017ce strony ustali\u0142y p\u00f3\u017aniejszy termin p\u0142atno\u015bci.<\/p>\n<p><strong>4.4<\/strong>&nbsp; W przypadku p\u0142atno\u015bci za pomoc\u0105 metody p\u0142atno\u015bci oferowanej przez PayPal, p\u0142atno\u015b\u0107 jest przetwarzana za po\u015brednictwem dostawcy us\u0142ug p\u0142atniczych PayPal (Europe) S.\u00e0 rl et Cie, SCA, 22-24 Boulevard Royal, L-2449 Luksemburg (dalej: \u201ePayPal\u201d), w ramach obowi\u0105zywania PayPal -Warunki korzystania, dost\u0119pne pod adresem&nbsp;<a href=\"https:\/\/www.paypal.com\/de\/webapps\/mpp\/ua\/useragreement-full\" target=\"_blank\" rel=\"noopener noreferrer\">https:\/\/www.paypal.com\/de\/webapps\/mpp\/ua\/useragreement-full<\/a>&nbsp; lub &#8211; je\u015bli klient nie posiada konta PayPal &#8211; z zastrze\u017ceniem warunk\u00f3w dla p\u0142atno\u015bci bez konta PayPal, kt\u00f3re mo\u017cna zobaczy\u0107 pod adresem&nbsp;<a href=\"https:\/\/www.paypal.com\/de\/webapps\/mpp\/ua\/privacywax-full\">https:\/\/www.paypal.com\/de\/webapps\/mpp\/ua\/privacywax-full<\/a> .<\/p>\n<h2>5) Warunki dostawy i wysy\u0142ki<\/h2>\n<p><strong>5.1<\/strong>&nbsp; Towar dostarczany jest na adres dostawy wskazany przez klienta, chyba \u017ce uzgodniono inaczej. Przy realizacji transakcji decyduj\u0105cy jest adres dostawy podany w realizacji zam\u00f3wienia sprzedawcy. Odbiegaj\u0105c od tego, przy wyborze metody p\u0142atno\u015bci PayPal, decyduj\u0105cy jest adres dostawy przechowywany przez klienta w PayPal w momencie p\u0142atno\u015bci.<\/p>\n<p><strong>5.2<\/strong>&nbsp; Je\u017celi firma transportowa ode\u015ble sprzedaj\u0105cemu towar, poniewa\u017c dostawa do klienta nie by\u0142a mo\u017cliwa, klient ponosi koszty za nieudan\u0105 wysy\u0142k\u0119. Nie dotyczy to sytuacji, gdy klient skutecznie korzysta z prawa do odst\u0105pienia od umowy, nie ponosi odpowiedzialno\u015bci za okoliczno\u015bci, kt\u00f3re doprowadzi\u0142y do niemo\u017cno\u015bci dostawy lub czasowo uniemo\u017cliwiono mu odebranie oferowanej us\u0142ugi, chyba \u017ce sprzedawca da\u0142 mu tak\u0105 mo\u017cliwo\u015b\u0107, og\u0142osi\u0142 wykonanie z rozs\u0105dnym wyprzedzeniem.<\/p>\n<p><strong>5,3<\/strong>&nbsp; Odbi\u00f3r nie jest mo\u017cliwy ze wzgl\u0119d\u00f3w logistycznych.<\/p>\n<h2>6) Zachowanie tytu\u0142u<\/h2>\n<p>Je\u017celi sprzedaj\u0105cy dokona przedp\u0142aty, zachowuje on w\u0142asno\u015b\u0107 dostarczonego towaru do czasu pe\u0142nej zap\u0142aty nale\u017cnej ceny zakupu.<\/p>\n<h2>7) Odpowiedzialno\u015b\u0107 za wady (r\u0119kojmia)<\/h2>\n<p><strong>7,1<\/strong>&nbsp; Je\u017celi zakupiony przedmiot jest wadliwy, obowi\u0105zuje ustawowa odpowiedzialno\u015b\u0107 za wady.<\/p>\n<p><strong>7,2<\/strong>&nbsp; Klient proszony jest o reklamacj\u0119 dostarczonego towaru z oczywistymi uszkodzeniami transportowymi u dostawcy i poinformowanie o tym sprzedawcy. Nieprzestrzeganie przez klienta nie ma wp\u0142ywu na jego ustawowe lub umowne roszczenia z tytu\u0142u wad.<\/p>\n<h2>8) Realizacja kupon\u00f3w promocyjnych<\/h2>\n<p><strong>8.1<\/strong>&nbsp; Kupony wydawane bezp\u0142atnie przez sprzedawc\u0119 w ramach promocji o okre\u015blonym okresie wa\u017cno\u015bci i kt\u00f3rych klient nie mo\u017ce naby\u0107 (dalej \u201ebony promocyjne\u201d) mo\u017cna realizowa\u0107 wy\u0142\u0105cznie w sklepie internetowym sprzedawcy i tylko w okre\u015blonym terminie .<\/p>\n<p><strong>8,2<\/strong>&nbsp; Poszczeg\u00f3lne produkty mo\u017cna wykluczy\u0107 z kampanii kuponowej, je\u015bli odpowiednie ograniczenie wynika z tre\u015bci kuponu promocyjnego.<\/p>\n<p><strong>8,3<\/strong>&nbsp; Kupony promocyjne mo\u017cna zrealizowa\u0107 tylko przed zako\u0144czeniem procesu sk\u0142adania zam\u00f3wienia. Kolejne rozliczenia nie s\u0105 mo\u017cliwe.<\/p>\n<p><strong>8.4<\/strong>&nbsp; W jednym zam\u00f3wieniu mo\u017cna zrealizowa\u0107 tylko jeden kupon promocyjny.<\/p>\n<p><strong>8,5<\/strong>&nbsp; Warto\u015b\u0107 towaru musi odpowiada\u0107 co najmniej kwocie kuponu promocyjnego. Wszelkie pozosta\u0142e \u015brodki nie zostan\u0105 zwr\u00f3cone przez sprzedaj\u0105cego.<\/p>\n<p><strong>8,6<\/strong>&nbsp; Je\u017celi warto\u015b\u0107 kuponu promocyjnego nie wystarcza na pokrycie zam\u00f3wienia, w celu rozliczenia r\u00f3\u017cnicy mo\u017cna wybra\u0107 jedn\u0105 z pozosta\u0142ych metod p\u0142atno\u015bci oferowanych przez sprzedawc\u0119.<\/p>\n<p><strong>8,7<\/strong>&nbsp; Saldo bonu promocyjnego nie jest wyp\u0142acane w got\u00f3wce ani nie jest oprocentowane.<\/p>\n<p><strong>8,8<\/strong>&nbsp; Kupon promocyjny nie podlega zwrotowi, je\u015bli klient zwr\u00f3ci towar, kt\u00f3ry zosta\u0142 op\u0142acony w ca\u0142o\u015bci lub w cz\u0119\u015bci kuponem promocyjnym w ramach ustawowego prawa do odst\u0105pienia od umowy.<\/p>\n<p><strong>8,9<\/strong>&nbsp; Kupon promocyjny jest zbywalny. Sprzedaj\u0105cy mo\u017ce, ze skutkiem roz\u0142adowania, dokonywa\u0107 p\u0142atno\u015bci na rzecz odpowiedniego w\u0142a\u015bciciela, kt\u00f3ry zrealizuje kupon promocyjny w sklepie internetowym sprzedaj\u0105cego. Nie dotyczy to sytuacji, gdy sprzedaj\u0105cy posiada wiedz\u0119 lub ra\u017c\u0105ce zaniedbanie niewiedzy o braku upowa\u017cnienia, niezdolno\u015bci do czynno\u015bci prawnych lub braku upowa\u017cnienia odpowiedniego w\u0142a\u015bciciela.<\/p>\n<h2>9) Obowi\u0105zuj\u0105ce prawo<\/h2>\n<p>Do wszystkich stosunk\u00f3w prawnych mi\u0119dzy stronami stosuje si\u0119 prawo Republiki Federalnej Niemiec, z wy\u0142\u0105czeniem przepis\u00f3w dotycz\u0105cych mi\u0119dzynarodowego zakupu rzeczy ruchomych. W przypadku konsument\u00f3w ten wyb\u00f3r prawa ma zastosowanie tylko w przypadku, gdy ochrona przyznana przez bezwzgl\u0119dnie obowi\u0105zuj\u0105ce przepisy prawa pa\u0144stwa, w kt\u00f3rym konsument ma miejsce zwyk\u0142ego pobytu, nie zostaje cofni\u0119ta.<\/p>\n<h2>10) Alternatywne rozwi\u0105zywanie spor\u00f3w<\/h2>\n<p><strong>10.1<\/strong>&nbsp; Komisja Europejska udost\u0119pnia platform\u0119 internetowego rozstrzygania spor\u00f3w w Internecie pod nast\u0119puj\u0105cym linkiem:&nbsp;<a href=\"http:\/\/ec.europa.eu\/consumers\/odr\">http:\/\/ec.europa.eu\/consumers\/odr<\/a><\/p>\n<p>Platforma ta s\u0142u\u017cy jako punkt kontaktowy w celu pozas\u0105dowego rozstrzygania spor\u00f3w wynikaj\u0105cych z um\u00f3w zakupu online lub um\u00f3w o \u015bwiadczenie us\u0142ug, w kt\u00f3re zaanga\u017cowany jest konsument.<\/p>\n<p><strong>10.2<\/strong>&nbsp; Sprzedawca nie jest zobowi\u0105zany ani ch\u0119tny do udzia\u0142u w post\u0119powaniu rozstrzygaj\u0105cym spory przed konsumenckim organem polubownym.<\/p>\n","protected":false},"excerpt":{"rendered":"<p>Spis tre\u015bci zakres Zawarcie umowy Prawo odst\u0105pienia od umowy Ceny i warunki p\u0142atno\u015bci Warunki dostawy i wysy\u0142ki Zatrzymanie tytu\u0142u Odpowiedzialno\u015b\u0107 za wady (r\u0119kojmia) Realizacja kupon\u00f3w promocyjnych Obowi\u0105zuj\u0105ce prawo Alternatywne metody rozwi\u0105zywania spor\u00f3w 1 Zakres 1.1 Niniejsze Og\u00f3lne Warunki Handlowe (dalej \u201eOWH\u201d) firmy Holger K\u00e4ding, dzia\u0142aj\u0105cej pod adresem \u201eversiegelung24.com\u201d (dalej \u201eSprzedawca\u201d), maj\u0105 zastosowanie do wszystkich um\u00f3w&hellip;&nbsp;<a href=\"https:\/\/www.versiegelung24.com\/pl\/warunki-ogolne\/\" rel=\"bookmark\">Read More &raquo;<span class=\"screen-reader-text\">Og\u00f3lne warunki handlowe z informacjami o kliencie<\/span><\/a><\/p>\n","protected":false},"author":932,"featured_media":70719,"parent":0,"menu_order":0,"comment_status":"closed","ping_status":"closed","template":"","meta":{"_acf_changed":false,"neve_meta_sidebar":"","neve_meta_container":"","neve_meta_enable_content_width":"","neve_meta_content_width":0,"neve_meta_title_alignment":"","neve_meta_author_avatar":"","neve_post_elements_order":"","neve_meta_disable_header":"","neve_meta_disable_footer":"","neve_meta_disable_title":"","neve_meta_reading_time":"","footnotes":""},"categories":[],"seiten_kategorie":[],"class_list":["post-25683","page","type-page","status-publish","has-post-thumbnail","hentry"],"acf":[],"yoast_head":"<!-- This site is optimized with the Yoast SEO Premium plugin v22.8 (Yoast SEO v27.5) - https:\/\/yoast.com\/product\/yoast-seo-premium-wordpress\/ -->\n<title>Og\u00f3lne warunki handlowe z informacjami o kliencie - versiegelung24.com<\/title>\n<meta name=\"robots\" content=\"index, follow, max-snippet:-1, max-image-preview:large, max-video-preview:-1\" \/>\n<link rel=\"canonical\" href=\"https:\/\/www.versiegelung24.com\/pl\/warunki-ogolne\/\" \/>\n<meta property=\"og:locale\" content=\"pl_PL\" \/>\n<meta property=\"og:type\" content=\"article\" \/>\n<meta property=\"og:title\" content=\"Og\u00f3lne warunki handlowe z informacjami o kliencie\" \/>\n<meta property=\"og:description\" content=\"Spis tre\u015bci zakres Zawarcie umowy Prawo odst\u0105pienia od umowy Ceny i warunki p\u0142atno\u015bci Warunki dostawy i wysy\u0142ki Zatrzymanie tytu\u0142u Odpowiedzialno\u015b\u0107 za wady (r\u0119kojmia) Realizacja kupon\u00f3w promocyjnych Obowi\u0105zuj\u0105ce prawo Alternatywne metody rozwi\u0105zywania spor\u00f3w 1 Zakres 1.1 Niniejsze Og\u00f3lne Warunki Handlowe (dalej \u201eOWH\u201d) firmy Holger K\u00e4ding, dzia\u0142aj\u0105cej pod adresem \u201eversiegelung24.com\u201d (dalej \u201eSprzedawca\u201d), maj\u0105 zastosowanie do wszystkich um\u00f3w&hellip;&nbsp;Read More &raquo;Og\u00f3lne warunki handlowe z informacjami o kliencie\" \/>\n<meta property=\"og:url\" content=\"https:\/\/www.versiegelung24.com\/pl\/warunki-ogolne\/\" \/>\n<meta property=\"og:site_name\" content=\"versiegelung24.com\" \/>\n<meta property=\"article:modified_time\" content=\"2024-06-25T18:50:45+00:00\" \/>\n<meta property=\"og:image\" content=\"https:\/\/www.versiegelung24.com\/wp-content\/uploads\/2022\/02\/Impressum.png\" \/>\n\t<meta property=\"og:image:width\" content=\"2000\" \/>\n\t<meta property=\"og:image:height\" content=\"2000\" \/>\n\t<meta property=\"og:image:type\" content=\"image\/png\" \/>\n<meta name=\"twitter:card\" content=\"summary_large_image\" \/>\n<meta name=\"twitter:label1\" content=\"Szacowany czas czytania\" \/>\n\t<meta name=\"twitter:data1\" content=\"8 minut\" \/>\n<script type=\"application\/ld+json\" class=\"yoast-schema-graph\">{\"@context\":\"https:\\\/\\\/schema.org\",\"@graph\":[{\"@type\":\"WebPage\",\"@id\":\"https:\\\/\\\/www.versiegelung24.com\\\/pl\\\/warunki-ogolne\\\/\",\"url\":\"https:\\\/\\\/www.versiegelung24.com\\\/pl\\\/warunki-ogolne\\\/\",\"name\":\"Og\u00f3lne warunki handlowe z informacjami o kliencie - versiegelung24.com\",\"isPartOf\":{\"@id\":\"https:\\\/\\\/www.versiegelung24.com\\\/pl\\\/#website\"},\"primaryImageOfPage\":{\"@id\":\"https:\\\/\\\/www.versiegelung24.com\\\/pl\\\/warunki-ogolne\\\/#primaryimage\"},\"image\":{\"@id\":\"https:\\\/\\\/www.versiegelung24.com\\\/pl\\\/warunki-ogolne\\\/#primaryimage\"},\"thumbnailUrl\":\"https:\\\/\\\/www.versiegelung24.com\\\/wp-content\\\/uploads\\\/2022\\\/02\\\/Impressum.png\",\"datePublished\":\"2021-08-03T09:15:59+00:00\",\"dateModified\":\"2024-06-25T18:50:45+00:00\",\"breadcrumb\":{\"@id\":\"https:\\\/\\\/www.versiegelung24.com\\\/pl\\\/warunki-ogolne\\\/#breadcrumb\"},\"inLanguage\":\"pl-PL\",\"potentialAction\":[{\"@type\":\"ReadAction\",\"target\":[\"https:\\\/\\\/www.versiegelung24.com\\\/pl\\\/warunki-ogolne\\\/\"]}]},{\"@type\":\"ImageObject\",\"inLanguage\":\"pl-PL\",\"@id\":\"https:\\\/\\\/www.versiegelung24.com\\\/pl\\\/warunki-ogolne\\\/#primaryimage\",\"url\":\"https:\\\/\\\/www.versiegelung24.com\\\/wp-content\\\/uploads\\\/2022\\\/02\\\/Impressum.png\",\"contentUrl\":\"https:\\\/\\\/www.versiegelung24.com\\\/wp-content\\\/uploads\\\/2022\\\/02\\\/Impressum.png\",\"width\":2000,\"height\":2000},{\"@type\":\"BreadcrumbList\",\"@id\":\"https:\\\/\\\/www.versiegelung24.com\\\/pl\\\/warunki-ogolne\\\/#breadcrumb\",\"itemListElement\":[{\"@type\":\"ListItem\",\"position\":1,\"name\":\"Strona g\u0142\u00f3wna\",\"item\":\"https:\\\/\\\/www.versiegelung24.com\\\/pl\\\/przod\\\/\"},{\"@type\":\"ListItem\",\"position\":2,\"name\":\"Og\u00f3lne warunki handlowe z informacjami o kliencie\"}]},{\"@type\":\"WebSite\",\"@id\":\"https:\\\/\\\/www.versiegelung24.com\\\/pl\\\/#website\",\"url\":\"https:\\\/\\\/www.versiegelung24.com\\\/pl\\\/\",\"name\":\"versiegelung24.com\",\"description\":\"Fl\u00fcssigglas-Versiegelung - Made in Germany\",\"publisher\":{\"@id\":\"https:\\\/\\\/www.versiegelung24.com\\\/pl\\\/#organization\"},\"potentialAction\":[{\"@type\":\"SearchAction\",\"target\":{\"@type\":\"EntryPoint\",\"urlTemplate\":\"https:\\\/\\\/www.versiegelung24.com\\\/pl\\\/?s={search_term_string}\"},\"query-input\":{\"@type\":\"PropertyValueSpecification\",\"valueRequired\":true,\"valueName\":\"search_term_string\"}}],\"inLanguage\":\"pl-PL\"},{\"@type\":\"Organization\",\"@id\":\"https:\\\/\\\/www.versiegelung24.com\\\/pl\\\/#organization\",\"name\":\"versiegelung24\",\"url\":\"https:\\\/\\\/www.versiegelung24.com\\\/pl\\\/\",\"logo\":{\"@type\":\"ImageObject\",\"inLanguage\":\"pl-PL\",\"@id\":\"https:\\\/\\\/www.versiegelung24.com\\\/pl\\\/#\\\/schema\\\/logo\\\/image\\\/\",\"url\":\"https:\\\/\\\/www.versiegelung24.com\\\/wp-content\\\/uploads\\\/2020\\\/04\\\/versiegelung24.png\",\"contentUrl\":\"https:\\\/\\\/www.versiegelung24.com\\\/wp-content\\\/uploads\\\/2020\\\/04\\\/versiegelung24.png\",\"width\":470,\"height\":102,\"caption\":\"versiegelung24\"},\"image\":{\"@id\":\"https:\\\/\\\/www.versiegelung24.com\\\/pl\\\/#\\\/schema\\\/logo\\\/image\\\/\"}}]}<\/script>\n<!-- \/ Yoast SEO Premium plugin. -->","yoast_head_json":{"title":"Og\u00f3lne warunki handlowe z informacjami o kliencie - versiegelung24.com","robots":{"index":"index","follow":"follow","max-snippet":"max-snippet:-1","max-image-preview":"max-image-preview:large","max-video-preview":"max-video-preview:-1"},"canonical":"https:\/\/www.versiegelung24.com\/pl\/warunki-ogolne\/","og_locale":"pl_PL","og_type":"article","og_title":"Og\u00f3lne warunki handlowe z informacjami o kliencie","og_description":"Spis tre\u015bci zakres Zawarcie umowy Prawo odst\u0105pienia od umowy Ceny i warunki p\u0142atno\u015bci Warunki dostawy i wysy\u0142ki Zatrzymanie tytu\u0142u Odpowiedzialno\u015b\u0107 za wady (r\u0119kojmia) Realizacja kupon\u00f3w promocyjnych Obowi\u0105zuj\u0105ce prawo Alternatywne metody rozwi\u0105zywania spor\u00f3w 1 Zakres 1.1 Niniejsze Og\u00f3lne Warunki Handlowe (dalej \u201eOWH\u201d) firmy Holger K\u00e4ding, dzia\u0142aj\u0105cej pod adresem \u201eversiegelung24.com\u201d (dalej \u201eSprzedawca\u201d), maj\u0105 zastosowanie do wszystkich um\u00f3w&hellip;&nbsp;Read More &raquo;Og\u00f3lne warunki handlowe z informacjami o kliencie","og_url":"https:\/\/www.versiegelung24.com\/pl\/warunki-ogolne\/","og_site_name":"versiegelung24.com","article_modified_time":"2024-06-25T18:50:45+00:00","og_image":[{"width":2000,"height":2000,"url":"https:\/\/www.versiegelung24.com\/wp-content\/uploads\/2022\/02\/Impressum.png","type":"image\/png"}],"twitter_card":"summary_large_image","twitter_misc":{"Szacowany czas czytania":"8 minut"},"schema":{"@context":"https:\/\/schema.org","@graph":[{"@type":"WebPage","@id":"https:\/\/www.versiegelung24.com\/pl\/warunki-ogolne\/","url":"https:\/\/www.versiegelung24.com\/pl\/warunki-ogolne\/","name":"Og\u00f3lne warunki handlowe z informacjami o kliencie - versiegelung24.com","isPartOf":{"@id":"https:\/\/www.versiegelung24.com\/pl\/#website"},"primaryImageOfPage":{"@id":"https:\/\/www.versiegelung24.com\/pl\/warunki-ogolne\/#primaryimage"},"image":{"@id":"https:\/\/www.versiegelung24.com\/pl\/warunki-ogolne\/#primaryimage"},"thumbnailUrl":"https:\/\/www.versiegelung24.com\/wp-content\/uploads\/2022\/02\/Impressum.png","datePublished":"2021-08-03T09:15:59+00:00","dateModified":"2024-06-25T18:50:45+00:00","breadcrumb":{"@id":"https:\/\/www.versiegelung24.com\/pl\/warunki-ogolne\/#breadcrumb"},"inLanguage":"pl-PL","potentialAction":[{"@type":"ReadAction","target":["https:\/\/www.versiegelung24.com\/pl\/warunki-ogolne\/"]}]},{"@type":"ImageObject","inLanguage":"pl-PL","@id":"https:\/\/www.versiegelung24.com\/pl\/warunki-ogolne\/#primaryimage","url":"https:\/\/www.versiegelung24.com\/wp-content\/uploads\/2022\/02\/Impressum.png","contentUrl":"https:\/\/www.versiegelung24.com\/wp-content\/uploads\/2022\/02\/Impressum.png","width":2000,"height":2000},{"@type":"BreadcrumbList","@id":"https:\/\/www.versiegelung24.com\/pl\/warunki-ogolne\/#breadcrumb","itemListElement":[{"@type":"ListItem","position":1,"name":"Strona g\u0142\u00f3wna","item":"https:\/\/www.versiegelung24.com\/pl\/przod\/"},{"@type":"ListItem","position":2,"name":"Og\u00f3lne warunki handlowe z informacjami o kliencie"}]},{"@type":"WebSite","@id":"https:\/\/www.versiegelung24.com\/pl\/#website","url":"https:\/\/www.versiegelung24.com\/pl\/","name":"versiegelung24.com","description":"Fl\u00fcssigglas-Versiegelung - Made in Germany","publisher":{"@id":"https:\/\/www.versiegelung24.com\/pl\/#organization"},"potentialAction":[{"@type":"SearchAction","target":{"@type":"EntryPoint","urlTemplate":"https:\/\/www.versiegelung24.com\/pl\/?s={search_term_string}"},"query-input":{"@type":"PropertyValueSpecification","valueRequired":true,"valueName":"search_term_string"}}],"inLanguage":"pl-PL"},{"@type":"Organization","@id":"https:\/\/www.versiegelung24.com\/pl\/#organization","name":"versiegelung24","url":"https:\/\/www.versiegelung24.com\/pl\/","logo":{"@type":"ImageObject","inLanguage":"pl-PL","@id":"https:\/\/www.versiegelung24.com\/pl\/#\/schema\/logo\/image\/","url":"https:\/\/www.versiegelung24.com\/wp-content\/uploads\/2020\/04\/versiegelung24.png","contentUrl":"https:\/\/www.versiegelung24.com\/wp-content\/uploads\/2020\/04\/versiegelung24.png","width":470,"height":102,"caption":"versiegelung24"},"image":{"@id":"https:\/\/www.versiegelung24.com\/pl\/#\/schema\/logo\/image\/"}}]}},"_links":{"self":[{"href":"https:\/\/www.versiegelung24.com\/pl\/wp-json\/wp\/v2\/pages\/25683","targetHints":{"allow":["GET"]}}],"collection":[{"href":"https:\/\/www.versiegelung24.com\/pl\/wp-json\/wp\/v2\/pages"}],"about":[{"href":"https:\/\/www.versiegelung24.com\/pl\/wp-json\/wp\/v2\/types\/page"}],"author":[{"embeddable":true,"href":"https:\/\/www.versiegelung24.com\/pl\/wp-json\/wp\/v2\/users\/932"}],"replies":[{"embeddable":true,"href":"https:\/\/www.versiegelung24.com\/pl\/wp-json\/wp\/v2\/comments?post=25683"}],"version-history":[{"count":2,"href":"https:\/\/www.versiegelung24.com\/pl\/wp-json\/wp\/v2\/pages\/25683\/revisions"}],"predecessor-version":[{"id":70997,"href":"https:\/\/www.versiegelung24.com\/pl\/wp-json\/wp\/v2\/pages\/25683\/revisions\/70997"}],"wp:featuredmedia":[{"embeddable":true,"href":"https:\/\/www.versiegelung24.com\/pl\/wp-json\/wp\/v2\/media\/70719"}],"wp:attachment":[{"href":"https:\/\/www.versiegelung24.com\/pl\/wp-json\/wp\/v2\/media?parent=25683"}],"wp:term":[{"taxonomy":"category","embeddable":true,"href":"https:\/\/www.versiegelung24.com\/pl\/wp-json\/wp\/v2\/categories?post=25683"},{"taxonomy":"seiten_kategorie","embeddable":true,"href":"https:\/\/www.versiegelung24.com\/pl\/wp-json\/wp\/v2\/seiten_kategorie?post=25683"}],"curies":[{"name":"wp","href":"https:\/\/api.w.org\/{rel}","templated":true}]}}