{"id":41128,"date":"2021-12-14T14:16:19","date_gmt":"2021-12-14T13:16:19","guid":{"rendered":"https:\/\/www.versiegelung24.com\/porady-dotyczace-produktow-versiegelung24\/know-how\/ochrona-przed-graffiti"},"modified":"2024-09-01T18:16:59","modified_gmt":"2024-09-01T16:16:59","slug":"ochrona-przed-graffiti-z-plynnym-szklem","status":"publish","type":"page","link":"https:\/\/www.versiegelung24.com\/pl\/porady-dotyczace-produktow-versiegelung24\/know-how\/ochrona-przed-graffiti\/","title":{"rendered":"Ochrona fasady przed graffiti"},"content":{"rendered":"\n<h1 class=\"wp-block-heading\" id=\"h-graffiti-schutz-mit-flussigglas\">Ochrona przed graffiti p\u0142ynnym szk\u0142em<\/h1>\n\n<p>Ten film powinien by\u0107 szczeg\u00f3lnie interesuj\u0105cy dla miast i gmin lub w\u0142a\u015bcicieli zniszczonych nieruchomo\u015bci, kt\u00f3rzy mieli ju\u017c do\u015bwiadczenie z zanieczyszczeniem przez rozpylacze graffiti. Kolory \u201eartyst\u00f3w\u201d s\u0105 trwa\u0142e i po spryskaniu przenikaj\u0105 do betonu lub kamienia. W rezultacie usuni\u0119cie graffiti jest bardzo kosztowne i czasoch\u0142onne, co zwykle musi by\u0107 wykonane profesjonalnie.<\/p>\n\n<figure class=\"wp-block-embed aligncenter is-type-video is-provider-youtube wp-block-embed-youtube wp-embed-aspect-16-9 wp-has-aspect-ratio\"><div class=\"wp-block-embed__wrapper\"> \n<div class=\"nv-iframe-embed\"><iframe title=\"Graffiti Protection Pro 626 - How does it work?\" width=\"1200\" height=\"675\" src=\"https:\/\/www.youtube.com\/embed\/dP9jGmUvoek?feature=oembed\" frameborder=\"0\" allow=\"accelerometer; autoplay; clipboard-write; encrypted-media; gyroscope; picture-in-picture\" allowfullscreen><\/iframe><\/div>\n <\/div><\/figure>\n\n<div class=\"wp-block-columns is-layout-flex wp-container-core-columns-is-layout-9d6595d7 wp-block-columns-is-layout-flex\">\n<div class=\"wp-block-column is-layout-flow wp-block-column-is-layout-flow\" style=\"flex-basis:66.66%\">\n<p>Film pokazuje por\u00f3wnanie z dwoma betonowymi ceg\u0142ami:<\/p>\n\n\n\n<p><a href=\"https:\/\/www.versiegelung24.com\/pl\/antygraffiti-powloka-ochronna-wysokoskuteczna-uszczelnianie-elewacji.html\">Jeden kamie\u0144 jest ca\u0142kowicie uszczelniony p\u0142ynnym szk\u0142em<\/a> , drugi nie. Teraz, jako odpowiednik kolorowego sprayu, na odpowiednim kamieniu maluje si\u0119 krzy\u017cyk za pomoc\u0105 pisaka. Tutaj te\u017c wida\u0107 od razu &#8211; w przypadku nieobrobionego kamienia kolor czarny jest wci\u0105gni\u0119ty od razu, krzy\u017c jest wyra\u017anie widoczny. Gdy kamie\u0144 jest uszczelniony, kolor nie mo\u017ce wnika\u0107 w <a href=\"https:\/\/www.versiegelung24.com\/pl\/antygraffiti-powloka-ochronna-wysokoskuteczna-uszczelnianie-elewacji.html\" target=\"_blank\" rel=\"noreferrer noopener\">p\u0142ynne<\/a> szk\u0142o, co oznacza, \u017ce nie ma adhezji. Krzy\u017c jest wi\u0119c s\u0142abo widoczny i mo\u017cna go usun\u0105\u0107 tylko wod\u0105 bez pozostawiania \u015blad\u00f3w. Na pr\u00f3\u017cno pr\u00f3bujesz to zrobi\u0107 z nieobrobion\u0105 ceg\u0142\u0105 w filmie. W wielu przypadkach czyszczenie mo\u017cna wykona\u0107 sam\u0105 wod\u0105, ale skuteczno\u015b\u0107 mo\u017ce si\u0119 r\u00f3\u017cni\u0107 w zale\u017cno\u015bci od rodzaju graffiti.<\/p>\n\n\n\n<p>P\u0142ynna pow\u0142oka szklana mo\u017ce by\u0107 stosowana do ochrony powierzchni przed graffiti.\nPrzy prawid\u0142owej aplikacji i w sprzyjaj\u0105cych warunkach, efekt ochronny mo\u017ce trwa\u0107 do 20 lat. <\/p>\n\n\n\n<p>Obejrzyj film, aby zobaczy\u0107, jak \u0142atwo jest uszczelni\u0107 beton: Wystarczy r\u00f3wnomierna aplikacja za pomoc\u0105 p\u0119dzla.Przed na\u0142o\u017ceniem p\u0142ynnej pow\u0142oki szklanej powierzchni\u0119 nale\u017cy dok\u0142adnie oczy\u015bci\u0107 i wysuszy\u0107, aby zapewni\u0107 optymalne przyleganie i r\u00f3wnomierne rozprowadzenie szczeliwa.<\/p>\n<\/div>\n\n\n\n<div class=\"wp-block-column is-layout-flow wp-block-column-is-layout-flow\" style=\"flex-basis:33.33%\"><div class=\"wp-block-image\">\n<figure class=\"alignright size-full is-resized\"><img fetchpriority=\"high\" decoding=\"async\" width=\"1000\" height=\"1000\" src=\"https:\/\/www.versiegelung24.com\/wp-content\/uploads\/2021\/12\/graf-1.jpg\" alt=\"\" class=\"wp-image-40868\" style=\"width:313px;height:313px\" srcset=\"https:\/\/www.versiegelung24.com\/wp-content\/uploads\/2021\/12\/graf-1.jpg 1000w, https:\/\/www.versiegelung24.com\/wp-content\/uploads\/2021\/12\/graf-1-400x400.jpg 400w, https:\/\/www.versiegelung24.com\/wp-content\/uploads\/2021\/12\/graf-1-100x100.jpg 100w, https:\/\/www.versiegelung24.com\/wp-content\/uploads\/2021\/12\/graf-1-600x600.jpg 600w, https:\/\/www.versiegelung24.com\/wp-content\/uploads\/2021\/12\/graf-1-300x300.jpg 300w, https:\/\/www.versiegelung24.com\/wp-content\/uploads\/2021\/12\/graf-1-80x80.jpg 80w, https:\/\/www.versiegelung24.com\/wp-content\/uploads\/2021\/12\/graf-1-768x768.jpg 768w\" sizes=\"(max-width: 1000px) 100vw, 1000px\" \/><\/figure>\n<\/div><\/div>\n<\/div>\n<div class=\"woocommerce columns-4 \"><ul class=\"products columns-4\">\n<li class=\"product type-product post-23922 status-publish first instock product_cat-uszczelnianie-kamienia-i-betonu has-post-thumbnail taxable shipping-taxable purchasable product-type-variable has-default-attributes\">\n\t<div class=\"nv-card-content-wrapper\"><a href=\"https:\/\/www.versiegelung24.com\/pl\/antygraffiti-powloka-ochronna-wysokoskuteczna-uszczelnianie-elewacji.html\" class=\"woocommerce-LoopProduct-link woocommerce-loop-product__link\"><div class=\"sp-product-image \"><div class=\"img-wrap\"><img decoding=\"async\" width=\"400\" height=\"400\" src=\"https:\/\/www.versiegelung24.com\/wp-content\/uploads\/2020\/04\/7626-anti-graffiti-400x400.webp\" class=\"attachment-woocommerce_thumbnail size-woocommerce_thumbnail\" alt=\"Pow\u0142oka chroni\u0105ca przed graffiti - Pow\u0142oka antygraffiti\" srcset=\"https:\/\/www.versiegelung24.com\/wp-content\/uploads\/2020\/04\/7626-anti-graffiti-400x400.webp 400w, https:\/\/www.versiegelung24.com\/wp-content\/uploads\/2020\/04\/7626-anti-graffiti-300x300.webp 300w, https:\/\/www.versiegelung24.com\/wp-content\/uploads\/2020\/04\/7626-anti-graffiti-1300x1300.webp 1300w, https:\/\/www.versiegelung24.com\/wp-content\/uploads\/2020\/04\/7626-anti-graffiti-80x80.webp 80w, https:\/\/www.versiegelung24.com\/wp-content\/uploads\/2020\/04\/7626-anti-graffiti-768x768.webp 768w, https:\/\/www.versiegelung24.com\/wp-content\/uploads\/2020\/04\/7626-anti-graffiti-1536x1536.webp 1536w, https:\/\/www.versiegelung24.com\/wp-content\/uploads\/2020\/04\/7626-anti-graffiti-2048x2048.webp 2048w, https:\/\/www.versiegelung24.com\/wp-content\/uploads\/2020\/04\/7626-anti-graffiti-70x70.webp 70w, https:\/\/www.versiegelung24.com\/wp-content\/uploads\/2020\/04\/7626-anti-graffiti-600x600.webp 600w, https:\/\/www.versiegelung24.com\/wp-content\/uploads\/2020\/04\/7626-anti-graffiti-100x100.webp 100w\" sizes=\"(max-width: 400px) 100vw, 400px\" \/><\/div><\/div><h2 class=\"woocommerce-loop-product__title\">Pow\u0142oka chroni\u0105ca przed graffiti &#8211; Pow\u0142oka antygraffiti<\/h2>\n\t<span class=\"price\"><span class=\"woocommerce-Price-amount amount\"><bdi>359,00<span class=\"woocommerce-Price-currencySymbol\">&euro;<\/span><\/bdi><\/span><\/span>\n\n\n\t<p class=\"price price-unit smaller wc-gzd-additional-info wc-gzd-additional-info-loop\">(<span class=\"woocommerce-Price-amount amount\">71,80<span class=\"woocommerce-Price-currencySymbol\">&euro;<\/span><\/span> \/ <span class=\"unit\">l<\/span>)<\/p>\n\n<\/a>\t\t<p class=\"artikelnummer wc-gzd-additional-info\">\n\t\t\tSKU: 9201-7626-5000\t\t<\/p>\n\t\t\n\t<p class=\"wc-gzd-additional-info wc-gzd-additional-info-loop product-units-wrapper product-units\">Tre\u015b\u0107: 5 <span class=\"unit\">l<\/span><\/p>\n\t\t<p class=\"lagerbestand wc-gzd-additional-info\">\n\t\t\t<strong>\n\t\t\t\tMagazyn\t\t\t\t:\n\t\t\t<\/strong>\n\t\t\tW magazynie\t\t<\/p>\n\t\t\n\t<p class=\"wc-gzd-additional-info delivery-time-info wc-gzd-additional-info-loop\"><span class=\"delivery-time-inner delivery-time-7-dni-roboczych\">Czas dostawy:  <span class=\"delivery-time-data\">7 dni roboczych<\/span><\/span><\/p>\n\n\t<p class=\"wc-gzd-additional-info wc-gzd-additional-info-loop tax-info\">incl. VAT<\/p>\n\n\t<p class=\"wc-gzd-additional-info wc-gzd-additional-info-loop shipping-costs-info\">plus  <a href=\"https:\/\/www.versiegelung24.com\/pl\/porady-dotyczace-produktow-versiegelung24\/wysylka\/\" target=\"_blank\">Wysy\u0142ka<\/a><\/p>\n<a href=\"https:\/\/www.versiegelung24.com\/pl\/antygraffiti-powloka-ochronna-wysokoskuteczna-uszczelnianie-elewacji.html\" aria-describedby=\"woocommerce_loop_add_to_cart_link_describedby_23922\" data-quantity=\"1\" class=\"button product_type_variable add_to_cart_button\" data-product_id=\"23922\" data-product_sku=\"9201-7626-5000\" aria-label=\"Wybierz opcje dla &bdquo;Pow\u0142oka chroni\u0105ca przed graffiti - Pow\u0142oka antygraffiti&rdquo;\" rel=\"nofollow\">Wybierz opcje<\/a>\t<span id=\"woocommerce_loop_add_to_cart_link_describedby_23922\" class=\"screen-reader-text\">\n\t\tTen produkt ma wiele wariant\u00f3w. Opcje mo\u017cna wybra\u0107 na stronie produktu\t<\/span>\n<\/div><\/li>\n<\/ul>\n<\/div>\n\n","protected":false},"excerpt":{"rendered":"<p>Wypowiedz wojn\u0119 graffiti &#8211; skuteczna ochrona elewacji za pomoc\u0105 p\u0142ynnego szk\u0142a.<\/p>\n","protected":false},"author":932,"featured_media":40885,"parent":34647,"menu_order":0,"comment_status":"closed","ping_status":"closed","template":"","meta":{"_acf_changed":false,"neve_meta_sidebar":"full-width","neve_meta_container":"","neve_meta_enable_content_width":"on","neve_meta_content_width":100,"neve_meta_title_alignment":"","neve_meta_author_avatar":"","neve_post_elements_order":"","neve_meta_disable_header":"","neve_meta_disable_footer":"","neve_meta_disable_title":"","neve_meta_reading_time":"","footnotes":""},"categories":[3598,3509],"seiten_kategorie":[3845],"class_list":["post-41128","page","type-page","status-publish","has-post-thumbnail","hentry","category-dom-i-ogrod","category-porady-artykul-magazyn"],"acf":[],"yoast_head":"<!-- This site is optimized with the Yoast SEO Premium plugin v22.8 (Yoast SEO v27.5) - https:\/\/yoast.com\/product\/yoast-seo-premium-wordpress\/ -->\n<title>Uszczelniacz w p\u0142ynie gals - Ochrona fasady przed graffiti - versiegelung24.com<\/title>\n<meta name=\"description\" content=\"Uszczelniacz w p\u0142ynie jako ochrona przed graffiti. Dowiedz si\u0119 od nas, jak mo\u017cesz chroni\u0107 swoje rzeczy.\" \/>\n<meta name=\"robots\" content=\"index, follow, max-snippet:-1, max-image-preview:large, max-video-preview:-1\" \/>\n<link rel=\"canonical\" href=\"https:\/\/www.versiegelung24.com\/pl\/porady-dotyczace-produktow-versiegelung24\/know-how\/ochrona-przed-graffiti\/\" \/>\n<meta property=\"og:locale\" content=\"pl_PL\" \/>\n<meta property=\"og:type\" content=\"article\" \/>\n<meta property=\"og:title\" content=\"Ochrona fasady przed graffiti\" \/>\n<meta property=\"og:description\" content=\"Uszczelniacz w p\u0142ynie jako ochrona przed graffiti. Dowiedz si\u0119 od nas, jak mo\u017cesz chroni\u0107 swoje rzeczy.\" \/>\n<meta property=\"og:url\" content=\"https:\/\/www.versiegelung24.com\/pl\/porady-dotyczace-produktow-versiegelung24\/know-how\/ochrona-przed-graffiti\/\" \/>\n<meta property=\"og:site_name\" content=\"versiegelung24.com\" \/>\n<meta property=\"article:modified_time\" content=\"2024-09-01T16:16:59+00:00\" \/>\n<meta property=\"og:image\" content=\"https:\/\/www.versiegelung24.com\/wp-content\/uploads\/2021\/12\/graf-1.jpg\" \/>\n\t<meta property=\"og:image:width\" content=\"1000\" \/>\n\t<meta property=\"og:image:height\" content=\"1000\" \/>\n\t<meta property=\"og:image:type\" content=\"image\/jpeg\" \/>\n<meta name=\"twitter:card\" content=\"summary_large_image\" \/>\n<meta name=\"twitter:label1\" content=\"Szacowany czas czytania\" \/>\n\t<meta name=\"twitter:data1\" content=\"1 minuta\" \/>\n<script type=\"application\/ld+json\" class=\"yoast-schema-graph\">{\"@context\":\"https:\\\/\\\/schema.org\",\"@graph\":[{\"@type\":\"WebPage\",\"@id\":\"https:\\\/\\\/www.versiegelung24.com\\\/pl\\\/porady-dotyczace-produktow-versiegelung24\\\/know-how\\\/ochrona-przed-graffiti\\\/\",\"url\":\"https:\\\/\\\/www.versiegelung24.com\\\/pl\\\/porady-dotyczace-produktow-versiegelung24\\\/know-how\\\/ochrona-przed-graffiti\\\/\",\"name\":\"Uszczelniacz w p\u0142ynie gals - Ochrona fasady przed graffiti - versiegelung24.com\",\"isPartOf\":{\"@id\":\"https:\\\/\\\/www.versiegelung24.com\\\/pl\\\/#website\"},\"primaryImageOfPage\":{\"@id\":\"https:\\\/\\\/www.versiegelung24.com\\\/pl\\\/porady-dotyczace-produktow-versiegelung24\\\/know-how\\\/ochrona-przed-graffiti\\\/#primaryimage\"},\"image\":{\"@id\":\"https:\\\/\\\/www.versiegelung24.com\\\/pl\\\/porady-dotyczace-produktow-versiegelung24\\\/know-how\\\/ochrona-przed-graffiti\\\/#primaryimage\"},\"thumbnailUrl\":\"https:\\\/\\\/www.versiegelung24.com\\\/wp-content\\\/uploads\\\/2021\\\/12\\\/graf-1.jpg\",\"datePublished\":\"2021-12-14T13:16:19+00:00\",\"dateModified\":\"2024-09-01T16:16:59+00:00\",\"description\":\"Uszczelniacz w p\u0142ynie jako ochrona przed graffiti. Dowiedz si\u0119 od nas, jak mo\u017cesz chroni\u0107 swoje rzeczy.\",\"breadcrumb\":{\"@id\":\"https:\\\/\\\/www.versiegelung24.com\\\/pl\\\/porady-dotyczace-produktow-versiegelung24\\\/know-how\\\/ochrona-przed-graffiti\\\/#breadcrumb\"},\"inLanguage\":\"pl-PL\",\"potentialAction\":[{\"@type\":\"ReadAction\",\"target\":[\"https:\\\/\\\/www.versiegelung24.com\\\/pl\\\/porady-dotyczace-produktow-versiegelung24\\\/know-how\\\/ochrona-przed-graffiti\\\/\"]}]},{\"@type\":\"ImageObject\",\"inLanguage\":\"pl-PL\",\"@id\":\"https:\\\/\\\/www.versiegelung24.com\\\/pl\\\/porady-dotyczace-produktow-versiegelung24\\\/know-how\\\/ochrona-przed-graffiti\\\/#primaryimage\",\"url\":\"https:\\\/\\\/www.versiegelung24.com\\\/wp-content\\\/uploads\\\/2021\\\/12\\\/graf-1.jpg\",\"contentUrl\":\"https:\\\/\\\/www.versiegelung24.com\\\/wp-content\\\/uploads\\\/2021\\\/12\\\/graf-1.jpg\",\"width\":1000,\"height\":1000},{\"@type\":\"BreadcrumbList\",\"@id\":\"https:\\\/\\\/www.versiegelung24.com\\\/pl\\\/porady-dotyczace-produktow-versiegelung24\\\/know-how\\\/ochrona-przed-graffiti\\\/#breadcrumb\",\"itemListElement\":[{\"@type\":\"ListItem\",\"position\":1,\"name\":\"Strona g\u0142\u00f3wna\",\"item\":\"https:\\\/\\\/www.versiegelung24.com\\\/pl\\\/przod\\\/\"},{\"@type\":\"ListItem\",\"position\":2,\"name\":\"Doradca\",\"item\":\"https:\\\/\\\/www.versiegelung24.com\\\/pl\\\/ratgeber\\\/\"},{\"@type\":\"ListItem\",\"position\":3,\"name\":\"czasopismo\",\"item\":\"https:\\\/\\\/www.versiegelung24.com\\\/pl\\\/ratgeber\\\/magazin\\\/\"},{\"@type\":\"ListItem\",\"position\":4,\"name\":\"Ochrona fasady przed graffiti\"}]},{\"@type\":\"WebSite\",\"@id\":\"https:\\\/\\\/www.versiegelung24.com\\\/pl\\\/#website\",\"url\":\"https:\\\/\\\/www.versiegelung24.com\\\/pl\\\/\",\"name\":\"versiegelung24.com\",\"description\":\"Fl\u00fcssigglas-Versiegelung - Made in Germany\",\"publisher\":{\"@id\":\"https:\\\/\\\/www.versiegelung24.com\\\/pl\\\/#organization\"},\"potentialAction\":[{\"@type\":\"SearchAction\",\"target\":{\"@type\":\"EntryPoint\",\"urlTemplate\":\"https:\\\/\\\/www.versiegelung24.com\\\/pl\\\/?s={search_term_string}\"},\"query-input\":{\"@type\":\"PropertyValueSpecification\",\"valueRequired\":true,\"valueName\":\"search_term_string\"}}],\"inLanguage\":\"pl-PL\"},{\"@type\":\"Organization\",\"@id\":\"https:\\\/\\\/www.versiegelung24.com\\\/pl\\\/#organization\",\"name\":\"versiegelung24\",\"url\":\"https:\\\/\\\/www.versiegelung24.com\\\/pl\\\/\",\"logo\":{\"@type\":\"ImageObject\",\"inLanguage\":\"pl-PL\",\"@id\":\"https:\\\/\\\/www.versiegelung24.com\\\/pl\\\/#\\\/schema\\\/logo\\\/image\\\/\",\"url\":\"https:\\\/\\\/www.versiegelung24.com\\\/wp-content\\\/uploads\\\/2020\\\/04\\\/versiegelung24.png\",\"contentUrl\":\"https:\\\/\\\/www.versiegelung24.com\\\/wp-content\\\/uploads\\\/2020\\\/04\\\/versiegelung24.png\",\"width\":470,\"height\":102,\"caption\":\"versiegelung24\"},\"image\":{\"@id\":\"https:\\\/\\\/www.versiegelung24.com\\\/pl\\\/#\\\/schema\\\/logo\\\/image\\\/\"}}]}<\/script>\n<!-- \/ Yoast SEO Premium plugin. -->","yoast_head_json":{"title":"Uszczelniacz w p\u0142ynie gals - Ochrona fasady przed graffiti - versiegelung24.com","description":"Uszczelniacz w p\u0142ynie jako ochrona przed graffiti. Dowiedz si\u0119 od nas, jak mo\u017cesz chroni\u0107 swoje rzeczy.","robots":{"index":"index","follow":"follow","max-snippet":"max-snippet:-1","max-image-preview":"max-image-preview:large","max-video-preview":"max-video-preview:-1"},"canonical":"https:\/\/www.versiegelung24.com\/pl\/porady-dotyczace-produktow-versiegelung24\/know-how\/ochrona-przed-graffiti\/","og_locale":"pl_PL","og_type":"article","og_title":"Ochrona fasady przed graffiti","og_description":"Uszczelniacz w p\u0142ynie jako ochrona przed graffiti. Dowiedz si\u0119 od nas, jak mo\u017cesz chroni\u0107 swoje rzeczy.","og_url":"https:\/\/www.versiegelung24.com\/pl\/porady-dotyczace-produktow-versiegelung24\/know-how\/ochrona-przed-graffiti\/","og_site_name":"versiegelung24.com","article_modified_time":"2024-09-01T16:16:59+00:00","og_image":[{"width":1000,"height":1000,"url":"https:\/\/www.versiegelung24.com\/wp-content\/uploads\/2021\/12\/graf-1.jpg","type":"image\/jpeg"}],"twitter_card":"summary_large_image","twitter_misc":{"Szacowany czas czytania":"1 minuta"},"schema":{"@context":"https:\/\/schema.org","@graph":[{"@type":"WebPage","@id":"https:\/\/www.versiegelung24.com\/pl\/porady-dotyczace-produktow-versiegelung24\/know-how\/ochrona-przed-graffiti\/","url":"https:\/\/www.versiegelung24.com\/pl\/porady-dotyczace-produktow-versiegelung24\/know-how\/ochrona-przed-graffiti\/","name":"Uszczelniacz w p\u0142ynie gals - Ochrona fasady przed graffiti - versiegelung24.com","isPartOf":{"@id":"https:\/\/www.versiegelung24.com\/pl\/#website"},"primaryImageOfPage":{"@id":"https:\/\/www.versiegelung24.com\/pl\/porady-dotyczace-produktow-versiegelung24\/know-how\/ochrona-przed-graffiti\/#primaryimage"},"image":{"@id":"https:\/\/www.versiegelung24.com\/pl\/porady-dotyczace-produktow-versiegelung24\/know-how\/ochrona-przed-graffiti\/#primaryimage"},"thumbnailUrl":"https:\/\/www.versiegelung24.com\/wp-content\/uploads\/2021\/12\/graf-1.jpg","datePublished":"2021-12-14T13:16:19+00:00","dateModified":"2024-09-01T16:16:59+00:00","description":"Uszczelniacz w p\u0142ynie jako ochrona przed graffiti. Dowiedz si\u0119 od nas, jak mo\u017cesz chroni\u0107 swoje rzeczy.","breadcrumb":{"@id":"https:\/\/www.versiegelung24.com\/pl\/porady-dotyczace-produktow-versiegelung24\/know-how\/ochrona-przed-graffiti\/#breadcrumb"},"inLanguage":"pl-PL","potentialAction":[{"@type":"ReadAction","target":["https:\/\/www.versiegelung24.com\/pl\/porady-dotyczace-produktow-versiegelung24\/know-how\/ochrona-przed-graffiti\/"]}]},{"@type":"ImageObject","inLanguage":"pl-PL","@id":"https:\/\/www.versiegelung24.com\/pl\/porady-dotyczace-produktow-versiegelung24\/know-how\/ochrona-przed-graffiti\/#primaryimage","url":"https:\/\/www.versiegelung24.com\/wp-content\/uploads\/2021\/12\/graf-1.jpg","contentUrl":"https:\/\/www.versiegelung24.com\/wp-content\/uploads\/2021\/12\/graf-1.jpg","width":1000,"height":1000},{"@type":"BreadcrumbList","@id":"https:\/\/www.versiegelung24.com\/pl\/porady-dotyczace-produktow-versiegelung24\/know-how\/ochrona-przed-graffiti\/#breadcrumb","itemListElement":[{"@type":"ListItem","position":1,"name":"Strona g\u0142\u00f3wna","item":"https:\/\/www.versiegelung24.com\/pl\/przod\/"},{"@type":"ListItem","position":2,"name":"Doradca","item":"https:\/\/www.versiegelung24.com\/pl\/ratgeber\/"},{"@type":"ListItem","position":3,"name":"czasopismo","item":"https:\/\/www.versiegelung24.com\/pl\/ratgeber\/magazin\/"},{"@type":"ListItem","position":4,"name":"Ochrona fasady przed graffiti"}]},{"@type":"WebSite","@id":"https:\/\/www.versiegelung24.com\/pl\/#website","url":"https:\/\/www.versiegelung24.com\/pl\/","name":"versiegelung24.com","description":"Fl\u00fcssigglas-Versiegelung - Made in Germany","publisher":{"@id":"https:\/\/www.versiegelung24.com\/pl\/#organization"},"potentialAction":[{"@type":"SearchAction","target":{"@type":"EntryPoint","urlTemplate":"https:\/\/www.versiegelung24.com\/pl\/?s={search_term_string}"},"query-input":{"@type":"PropertyValueSpecification","valueRequired":true,"valueName":"search_term_string"}}],"inLanguage":"pl-PL"},{"@type":"Organization","@id":"https:\/\/www.versiegelung24.com\/pl\/#organization","name":"versiegelung24","url":"https:\/\/www.versiegelung24.com\/pl\/","logo":{"@type":"ImageObject","inLanguage":"pl-PL","@id":"https:\/\/www.versiegelung24.com\/pl\/#\/schema\/logo\/image\/","url":"https:\/\/www.versiegelung24.com\/wp-content\/uploads\/2020\/04\/versiegelung24.png","contentUrl":"https:\/\/www.versiegelung24.com\/wp-content\/uploads\/2020\/04\/versiegelung24.png","width":470,"height":102,"caption":"versiegelung24"},"image":{"@id":"https:\/\/www.versiegelung24.com\/pl\/#\/schema\/logo\/image\/"}}]}},"_links":{"self":[{"href":"https:\/\/www.versiegelung24.com\/pl\/wp-json\/wp\/v2\/pages\/41128","targetHints":{"allow":["GET"]}}],"collection":[{"href":"https:\/\/www.versiegelung24.com\/pl\/wp-json\/wp\/v2\/pages"}],"about":[{"href":"https:\/\/www.versiegelung24.com\/pl\/wp-json\/wp\/v2\/types\/page"}],"author":[{"embeddable":true,"href":"https:\/\/www.versiegelung24.com\/pl\/wp-json\/wp\/v2\/users\/932"}],"replies":[{"embeddable":true,"href":"https:\/\/www.versiegelung24.com\/pl\/wp-json\/wp\/v2\/comments?post=41128"}],"version-history":[{"count":17,"href":"https:\/\/www.versiegelung24.com\/pl\/wp-json\/wp\/v2\/pages\/41128\/revisions"}],"predecessor-version":[{"id":172648,"href":"https:\/\/www.versiegelung24.com\/pl\/wp-json\/wp\/v2\/pages\/41128\/revisions\/172648"}],"up":[{"embeddable":true,"href":"https:\/\/www.versiegelung24.com\/pl\/wp-json\/wp\/v2\/pages\/34647"}],"wp:featuredmedia":[{"embeddable":true,"href":"https:\/\/www.versiegelung24.com\/pl\/wp-json\/wp\/v2\/media\/40885"}],"wp:attachment":[{"href":"https:\/\/www.versiegelung24.com\/pl\/wp-json\/wp\/v2\/media?parent=41128"}],"wp:term":[{"taxonomy":"category","embeddable":true,"href":"https:\/\/www.versiegelung24.com\/pl\/wp-json\/wp\/v2\/categories?post=41128"},{"taxonomy":"seiten_kategorie","embeddable":true,"href":"https:\/\/www.versiegelung24.com\/pl\/wp-json\/wp\/v2\/seiten_kategorie?post=41128"}],"curies":[{"name":"wp","href":"https:\/\/api.w.org\/{rel}","templated":true}]}}