{"id":41184,"date":"2021-12-14T14:16:42","date_gmt":"2021-12-14T13:16:42","guid":{"rendered":"https:\/\/www.versiegelung24.com\/porady-dotyczace-produktow-versiegelung24\/know-how\/smartfon"},"modified":"2024-09-01T22:43:02","modified_gmt":"2024-09-01T20:43:02","slug":"uszczelnianie-smartfonow-cieklym-szklem","status":"publish","type":"page","link":"https:\/\/www.versiegelung24.com\/pl\/porady-dotyczace-produktow-versiegelung24\/know-how\/uszczelnianie-smartfonow-cieklym-szklem\/","title":{"rendered":"P\u0142ynne szk\u0142o uszczelniaj\u0105ce do smartfon\u00f3w i tablet\u00f3w &#8211; chroni wy\u015bwietlacze i wyd\u0142u\u017ca ich \u017cywotno\u015b\u0107"},"content":{"rendered":"\n<h1 class=\"wp-block-heading\" id=\"h-smartphone-flussigglas-versiegelung\">Uszczelnienie p\u0142ynnego szk\u0142a smartfona<\/h1>\n\n<p>W dzisiejszych czasach prawie ka\u017cdy posiada smartfon. Niestety te ma\u0142e cude\u0144ka s\u0105 bardzo delikatne. Przy codziennym u\u017cytkowaniu na wy\u015bwietlaczu pojawiaj\u0105 si\u0119 \u015blady u\u017cytkowania, takie jak zadrapania czy odciski palc\u00f3w. Poni\u017cszy film rozwi\u0105zuje ten problem i pokazuje, jak mo\u017cna zapobiec tym oznakom u\u017cytkowania. <\/p>\n\n<figure class=\"wp-block-embed aligncenter is-type-video is-provider-youtube wp-block-embed-youtube wp-embed-aspect-16-9 wp-has-aspect-ratio\"><div class=\"wp-block-embed__wrapper\"> \n<div class=\"nv-iframe-embed\"><iframe title=\"901 LiquiGlas Mobile Phone Coating   Preparation + application process\" width=\"1200\" height=\"675\" src=\"https:\/\/www.youtube.com\/embed\/8JLSZ1KA-yU?feature=oembed\" frameborder=\"0\" allow=\"accelerometer; autoplay; clipboard-write; encrypted-media; gyroscope; picture-in-picture\" allowfullscreen><\/iframe><\/div>\n <\/div><\/figure>\n\n<br\/>\n<br\/>\n\n<div class=\"wp-block-columns is-layout-flex wp-container-core-columns-is-layout-9d6595d7 wp-block-columns-is-layout-flex\">\n<div class=\"wp-block-column is-layout-flow wp-block-column-is-layout-flow\" style=\"flex-basis:33.33%\">\n<h2 class=\"wp-block-heading\" id=\"h-anleitung-smartphone-display-einfach-versiegeln\">Instrukcje &#8211; Wystarczy uszczelni\u0107 wy\u015bwietlacz smartfona<\/h2>\n\n\n\n<ul class=\"wp-block-list\">\n<li>Ju\u017c na pocz\u0105tku filmu wida\u0107, \u017ce wszystko, co potrzebne do uszczelnienia <a href=\"https:\/\/www.versiegelung24.com\/pl\/plyn-szklo-komorka-uszczelnienie-plyn-ochrona-ekran.html\" target=\"_blank\" rel=\"noreferrer noopener\">telefonu<\/a> , zosta\u0142o zebrane w praktyczny zestaw. To zawiera:<\/li>\n\n\n\n<li><strong>R\u0119kawica<\/strong> , aby unikn\u0105\u0107 odcisk\u00f3w palc\u00f3w<\/li>\n\n\n\n<li><strong>\u015aciereczka<\/strong> do <strong>czyszczenia<a href=\"https:\/\/www.versiegelung24.com\/reinigung\/bioethanol\/\">nas\u0105czona etanolem<\/a><\/strong><\/li>\n\n\n\n<li><strong>\u015aciereczka do polerowania<\/strong><\/li>\n\n\n\n<li>A <strong><a href=\"https:\/\/www.versiegelung24.com\/pl\/sciereczka-z-mikrofibry-10x10cm-do-profesjonalnego-zastosowania-plynu-szkla.html\" target=\"_blank\" rel=\"noreferrer noopener\">\u015bciereczka z p\u0142ynnego szk\u0142a<\/a><\/strong> do uszczelniania<\/li>\n<\/ul>\n\n\n\n<p><\/p>\n\n\n\n<p>Podczas u\u017cytkowania smartfon trzymany jest tylko za r\u0119k\u0119, na kt\u00f3rej znajduje si\u0119 r\u0119kawica, aby unikn\u0105\u0107 nowych odcisk\u00f3w palc\u00f3w \u2013 s\u0105 one grubsze ni\u017c pow\u0142oka z p\u0142ynnego szk\u0142a i uniemo\u017cliwia\u0142yby prawid\u0142owe uszczelnienie.<\/p>\n<\/div>\n\n\n\n<div class=\"wp-block-column is-layout-flow wp-block-column-is-layout-flow\" style=\"flex-basis:66.66%\">\n<figure class=\"wp-block-image size-large\"><img fetchpriority=\"high\" decoding=\"async\" width=\"1300\" height=\"867\" src=\"https:\/\/www.versiegelung24.com\/wp-content\/uploads\/2021\/12\/smart_liq-1300x867.jpg\" alt=\"\" class=\"wp-image-40898\" srcset=\"https:\/\/www.versiegelung24.com\/wp-content\/uploads\/2021\/12\/smart_liq-1300x867.jpg 1300w, https:\/\/www.versiegelung24.com\/wp-content\/uploads\/2021\/12\/smart_liq-scaled-600x400.jpg 600w, https:\/\/www.versiegelung24.com\/wp-content\/uploads\/2021\/12\/smart_liq-300x200.jpg 300w, https:\/\/www.versiegelung24.com\/wp-content\/uploads\/2021\/12\/smart_liq-768x512.jpg 768w, https:\/\/www.versiegelung24.com\/wp-content\/uploads\/2021\/12\/smart_liq-1536x1024.jpg 1536w, https:\/\/www.versiegelung24.com\/wp-content\/uploads\/2021\/12\/smart_liq-2048x1366.jpg 2048w, https:\/\/www.versiegelung24.com\/wp-content\/uploads\/2021\/12\/smart_liq-930x620.jpg 930w\" sizes=\"(max-width: 1300px) 100vw, 1300px\" \/><\/figure>\n<\/div>\n<\/div>\n\n<p>Po wst\u0119pnym czyszczeniu wy\u015bwietlacz jest wycierany do sucha iw ten spos\u00f3b usuwane s\u0105 wszelkie pozosta\u0142o\u015bci wydruk\u00f3w lub t\u0142uszczu. <strong>Tutaj nale\u017cy u\u017cy\u0107 tylko jednej strony \u015bciereczki z mikrofibry<\/strong> &#8211; <strong>druga strona b\u0119dzie potrzebna p\u00f3\u017aniej<\/strong> do wypolerowania uszczelki. W kolejnym kroku \u015bciereczka nas\u0105czona p\u0142ynnym szk\u0142em jest rozpakowywana i \u2013 podobnie jak w przypadku czyszczenia wst\u0119pnego \u2013 przeciera si\u0119 ni\u0105 ca\u0142y smartfon. Mo\u017cna go uszczelni\u0107 dooko\u0142a p\u0142ynnym szk\u0142em. Plecki telefon\u00f3w kom\u00f3rkowych s\u0105 dzi\u015b cz\u0119sto wykonane ze szk\u0142a.<\/p>\n\n<p>Po przynajmniej Powierzchnia smartfona jest polerowana przez 30 minut &#8211; uszczelnienie zako\u0144czone. Na filmie mo\u017cna zobaczy\u0107 rad\u0119, \u017ce korzystnie jest pozostawi\u0107 p\u0142ynne szk\u0142o do utwardzenia przez noc &#8211; post\u0119puj zgodnie z tym zaleceniem, poniewa\u017c im bardziej odporna jest p\u00f3\u017aniej warstwa ochronna. Zaleca si\u0119 ponowne nak\u0142adanie uszczelniacza w regularnych odst\u0119pach czasu w celu utrzymania ochrony.<\/p>\n\n","protected":false},"excerpt":{"rendered":"<p>Maksymalna ochrona smartfona dzi\u0119ki innowacyjnemu uszczelnieniu z p\u0142ynnego szk\u0142a.<\/p>\n","protected":false},"author":932,"featured_media":41498,"parent":34647,"menu_order":0,"comment_status":"closed","ping_status":"closed","template":"","meta":{"_acf_changed":false,"neve_meta_sidebar":"full-width","neve_meta_container":"","neve_meta_enable_content_width":"on","neve_meta_content_width":100,"neve_meta_title_alignment":"","neve_meta_author_avatar":"","neve_post_elements_order":"","neve_meta_disable_header":"","neve_meta_disable_footer":"","neve_meta_disable_title":"","neve_meta_reading_time":"","footnotes":""},"categories":[3509,3616],"seiten_kategorie":[3845],"class_list":["post-41184","page","type-page","status-publish","has-post-thumbnail","hentry","category-porady-artykul-magazyn","category-styl-zycia"],"acf":[],"yoast_head":"<!-- This site is optimized with the Yoast SEO Premium plugin v22.8 (Yoast SEO v27.5) - https:\/\/yoast.com\/product\/yoast-seo-premium-wordpress\/ -->\n<title>Chro\u0144 sw\u00f3j smartfon i tablet za pomoc\u0105 uszczelniacza do szyb w p\u0142ynie!<\/title>\n<meta name=\"description\" content=\"Chro\u0144 sw\u00f3j smartfon i tablet za pomoc\u0105 naszego uszczelniacza! P\u0142ynny uszczelniacz do szk\u0142a dla optymalnej ochrony wy\u015bwietlacza smartfona!\" \/>\n<meta name=\"robots\" content=\"index, follow, max-snippet:-1, max-image-preview:large, max-video-preview:-1\" \/>\n<link rel=\"canonical\" href=\"https:\/\/www.versiegelung24.com\/pl\/porady-dotyczace-produktow-versiegelung24\/know-how\/uszczelnianie-smartfonow-cieklym-szklem\/\" \/>\n<meta property=\"og:locale\" content=\"pl_PL\" \/>\n<meta property=\"og:type\" content=\"article\" \/>\n<meta property=\"og:title\" content=\"P\u0142ynne szk\u0142o uszczelniaj\u0105ce do smartfon\u00f3w i tablet\u00f3w - chroni wy\u015bwietlacze i wyd\u0142u\u017ca ich \u017cywotno\u015b\u0107\" \/>\n<meta property=\"og:description\" content=\"Chro\u0144 sw\u00f3j smartfon i tablet za pomoc\u0105 naszego uszczelniacza! P\u0142ynny uszczelniacz do szk\u0142a dla optymalnej ochrony wy\u015bwietlacza smartfona!\" \/>\n<meta property=\"og:url\" content=\"https:\/\/www.versiegelung24.com\/pl\/porady-dotyczace-produktow-versiegelung24\/know-how\/uszczelnianie-smartfonow-cieklym-szklem\/\" \/>\n<meta property=\"og:site_name\" content=\"versiegelung24.com\" \/>\n<meta property=\"article:modified_time\" content=\"2024-09-01T20:43:02+00:00\" \/>\n<meta property=\"og:image\" content=\"https:\/\/www.versiegelung24.com\/wp-content\/uploads\/2021\/12\/smart_liq-1-scaled.jpg\" \/>\n\t<meta property=\"og:image:width\" content=\"2560\" \/>\n\t<meta property=\"og:image:height\" content=\"2560\" \/>\n\t<meta property=\"og:image:type\" content=\"image\/jpeg\" \/>\n<meta name=\"twitter:card\" content=\"summary_large_image\" \/>\n<meta name=\"twitter:label1\" content=\"Szacowany czas czytania\" \/>\n\t<meta name=\"twitter:data1\" content=\"2 minuty\" \/>\n<script type=\"application\/ld+json\" class=\"yoast-schema-graph\">{\"@context\":\"https:\\\/\\\/schema.org\",\"@graph\":[{\"@type\":\"WebPage\",\"@id\":\"https:\\\/\\\/www.versiegelung24.com\\\/pl\\\/porady-dotyczace-produktow-versiegelung24\\\/know-how\\\/uszczelnianie-smartfonow-cieklym-szklem\\\/\",\"url\":\"https:\\\/\\\/www.versiegelung24.com\\\/pl\\\/porady-dotyczace-produktow-versiegelung24\\\/know-how\\\/uszczelnianie-smartfonow-cieklym-szklem\\\/\",\"name\":\"Chro\u0144 sw\u00f3j smartfon i tablet za pomoc\u0105 uszczelniacza do szyb w p\u0142ynie!\",\"isPartOf\":{\"@id\":\"https:\\\/\\\/www.versiegelung24.com\\\/pl\\\/#website\"},\"primaryImageOfPage\":{\"@id\":\"https:\\\/\\\/www.versiegelung24.com\\\/pl\\\/porady-dotyczace-produktow-versiegelung24\\\/know-how\\\/uszczelnianie-smartfonow-cieklym-szklem\\\/#primaryimage\"},\"image\":{\"@id\":\"https:\\\/\\\/www.versiegelung24.com\\\/pl\\\/porady-dotyczace-produktow-versiegelung24\\\/know-how\\\/uszczelnianie-smartfonow-cieklym-szklem\\\/#primaryimage\"},\"thumbnailUrl\":\"https:\\\/\\\/www.versiegelung24.com\\\/wp-content\\\/uploads\\\/2021\\\/12\\\/smart_liq-1-scaled.jpg\",\"datePublished\":\"2021-12-14T13:16:42+00:00\",\"dateModified\":\"2024-09-01T20:43:02+00:00\",\"description\":\"Chro\u0144 sw\u00f3j smartfon i tablet za pomoc\u0105 naszego uszczelniacza! P\u0142ynny uszczelniacz do szk\u0142a dla optymalnej ochrony wy\u015bwietlacza smartfona!\",\"breadcrumb\":{\"@id\":\"https:\\\/\\\/www.versiegelung24.com\\\/pl\\\/porady-dotyczace-produktow-versiegelung24\\\/know-how\\\/uszczelnianie-smartfonow-cieklym-szklem\\\/#breadcrumb\"},\"inLanguage\":\"pl-PL\",\"potentialAction\":[{\"@type\":\"ReadAction\",\"target\":[\"https:\\\/\\\/www.versiegelung24.com\\\/pl\\\/porady-dotyczace-produktow-versiegelung24\\\/know-how\\\/uszczelnianie-smartfonow-cieklym-szklem\\\/\"]}]},{\"@type\":\"ImageObject\",\"inLanguage\":\"pl-PL\",\"@id\":\"https:\\\/\\\/www.versiegelung24.com\\\/pl\\\/porady-dotyczace-produktow-versiegelung24\\\/know-how\\\/uszczelnianie-smartfonow-cieklym-szklem\\\/#primaryimage\",\"url\":\"https:\\\/\\\/www.versiegelung24.com\\\/wp-content\\\/uploads\\\/2021\\\/12\\\/smart_liq-1-scaled.jpg\",\"contentUrl\":\"https:\\\/\\\/www.versiegelung24.com\\\/wp-content\\\/uploads\\\/2021\\\/12\\\/smart_liq-1-scaled.jpg\",\"width\":2560,\"height\":2560},{\"@type\":\"BreadcrumbList\",\"@id\":\"https:\\\/\\\/www.versiegelung24.com\\\/pl\\\/porady-dotyczace-produktow-versiegelung24\\\/know-how\\\/uszczelnianie-smartfonow-cieklym-szklem\\\/#breadcrumb\",\"itemListElement\":[{\"@type\":\"ListItem\",\"position\":1,\"name\":\"Strona g\u0142\u00f3wna\",\"item\":\"https:\\\/\\\/www.versiegelung24.com\\\/pl\\\/przod\\\/\"},{\"@type\":\"ListItem\",\"position\":2,\"name\":\"Doradca\",\"item\":\"https:\\\/\\\/www.versiegelung24.com\\\/pl\\\/ratgeber\\\/\"},{\"@type\":\"ListItem\",\"position\":3,\"name\":\"czasopismo\",\"item\":\"https:\\\/\\\/www.versiegelung24.com\\\/pl\\\/ratgeber\\\/magazin\\\/\"},{\"@type\":\"ListItem\",\"position\":4,\"name\":\"P\u0142ynne szk\u0142o uszczelniaj\u0105ce do smartfon\u00f3w i tablet\u00f3w &#8211; chroni wy\u015bwietlacze i wyd\u0142u\u017ca ich \u017cywotno\u015b\u0107\"}]},{\"@type\":\"WebSite\",\"@id\":\"https:\\\/\\\/www.versiegelung24.com\\\/pl\\\/#website\",\"url\":\"https:\\\/\\\/www.versiegelung24.com\\\/pl\\\/\",\"name\":\"versiegelung24.com\",\"description\":\"Fl\u00fcssigglas-Versiegelung - Made in Germany\",\"publisher\":{\"@id\":\"https:\\\/\\\/www.versiegelung24.com\\\/pl\\\/#organization\"},\"potentialAction\":[{\"@type\":\"SearchAction\",\"target\":{\"@type\":\"EntryPoint\",\"urlTemplate\":\"https:\\\/\\\/www.versiegelung24.com\\\/pl\\\/?s={search_term_string}\"},\"query-input\":{\"@type\":\"PropertyValueSpecification\",\"valueRequired\":true,\"valueName\":\"search_term_string\"}}],\"inLanguage\":\"pl-PL\"},{\"@type\":\"Organization\",\"@id\":\"https:\\\/\\\/www.versiegelung24.com\\\/pl\\\/#organization\",\"name\":\"versiegelung24\",\"url\":\"https:\\\/\\\/www.versiegelung24.com\\\/pl\\\/\",\"logo\":{\"@type\":\"ImageObject\",\"inLanguage\":\"pl-PL\",\"@id\":\"https:\\\/\\\/www.versiegelung24.com\\\/pl\\\/#\\\/schema\\\/logo\\\/image\\\/\",\"url\":\"https:\\\/\\\/www.versiegelung24.com\\\/wp-content\\\/uploads\\\/2020\\\/04\\\/versiegelung24.png\",\"contentUrl\":\"https:\\\/\\\/www.versiegelung24.com\\\/wp-content\\\/uploads\\\/2020\\\/04\\\/versiegelung24.png\",\"width\":470,\"height\":102,\"caption\":\"versiegelung24\"},\"image\":{\"@id\":\"https:\\\/\\\/www.versiegelung24.com\\\/pl\\\/#\\\/schema\\\/logo\\\/image\\\/\"}}]}<\/script>\n<!-- \/ Yoast SEO Premium plugin. -->","yoast_head_json":{"title":"Chro\u0144 sw\u00f3j smartfon i tablet za pomoc\u0105 uszczelniacza do szyb w p\u0142ynie!","description":"Chro\u0144 sw\u00f3j smartfon i tablet za pomoc\u0105 naszego uszczelniacza! P\u0142ynny uszczelniacz do szk\u0142a dla optymalnej ochrony wy\u015bwietlacza smartfona!","robots":{"index":"index","follow":"follow","max-snippet":"max-snippet:-1","max-image-preview":"max-image-preview:large","max-video-preview":"max-video-preview:-1"},"canonical":"https:\/\/www.versiegelung24.com\/pl\/porady-dotyczace-produktow-versiegelung24\/know-how\/uszczelnianie-smartfonow-cieklym-szklem\/","og_locale":"pl_PL","og_type":"article","og_title":"P\u0142ynne szk\u0142o uszczelniaj\u0105ce do smartfon\u00f3w i tablet\u00f3w - chroni wy\u015bwietlacze i wyd\u0142u\u017ca ich \u017cywotno\u015b\u0107","og_description":"Chro\u0144 sw\u00f3j smartfon i tablet za pomoc\u0105 naszego uszczelniacza! P\u0142ynny uszczelniacz do szk\u0142a dla optymalnej ochrony wy\u015bwietlacza smartfona!","og_url":"https:\/\/www.versiegelung24.com\/pl\/porady-dotyczace-produktow-versiegelung24\/know-how\/uszczelnianie-smartfonow-cieklym-szklem\/","og_site_name":"versiegelung24.com","article_modified_time":"2024-09-01T20:43:02+00:00","og_image":[{"width":2560,"height":2560,"url":"https:\/\/www.versiegelung24.com\/wp-content\/uploads\/2021\/12\/smart_liq-1-scaled.jpg","type":"image\/jpeg"}],"twitter_card":"summary_large_image","twitter_misc":{"Szacowany czas czytania":"2 minuty"},"schema":{"@context":"https:\/\/schema.org","@graph":[{"@type":"WebPage","@id":"https:\/\/www.versiegelung24.com\/pl\/porady-dotyczace-produktow-versiegelung24\/know-how\/uszczelnianie-smartfonow-cieklym-szklem\/","url":"https:\/\/www.versiegelung24.com\/pl\/porady-dotyczace-produktow-versiegelung24\/know-how\/uszczelnianie-smartfonow-cieklym-szklem\/","name":"Chro\u0144 sw\u00f3j smartfon i tablet za pomoc\u0105 uszczelniacza do szyb w p\u0142ynie!","isPartOf":{"@id":"https:\/\/www.versiegelung24.com\/pl\/#website"},"primaryImageOfPage":{"@id":"https:\/\/www.versiegelung24.com\/pl\/porady-dotyczace-produktow-versiegelung24\/know-how\/uszczelnianie-smartfonow-cieklym-szklem\/#primaryimage"},"image":{"@id":"https:\/\/www.versiegelung24.com\/pl\/porady-dotyczace-produktow-versiegelung24\/know-how\/uszczelnianie-smartfonow-cieklym-szklem\/#primaryimage"},"thumbnailUrl":"https:\/\/www.versiegelung24.com\/wp-content\/uploads\/2021\/12\/smart_liq-1-scaled.jpg","datePublished":"2021-12-14T13:16:42+00:00","dateModified":"2024-09-01T20:43:02+00:00","description":"Chro\u0144 sw\u00f3j smartfon i tablet za pomoc\u0105 naszego uszczelniacza! P\u0142ynny uszczelniacz do szk\u0142a dla optymalnej ochrony wy\u015bwietlacza smartfona!","breadcrumb":{"@id":"https:\/\/www.versiegelung24.com\/pl\/porady-dotyczace-produktow-versiegelung24\/know-how\/uszczelnianie-smartfonow-cieklym-szklem\/#breadcrumb"},"inLanguage":"pl-PL","potentialAction":[{"@type":"ReadAction","target":["https:\/\/www.versiegelung24.com\/pl\/porady-dotyczace-produktow-versiegelung24\/know-how\/uszczelnianie-smartfonow-cieklym-szklem\/"]}]},{"@type":"ImageObject","inLanguage":"pl-PL","@id":"https:\/\/www.versiegelung24.com\/pl\/porady-dotyczace-produktow-versiegelung24\/know-how\/uszczelnianie-smartfonow-cieklym-szklem\/#primaryimage","url":"https:\/\/www.versiegelung24.com\/wp-content\/uploads\/2021\/12\/smart_liq-1-scaled.jpg","contentUrl":"https:\/\/www.versiegelung24.com\/wp-content\/uploads\/2021\/12\/smart_liq-1-scaled.jpg","width":2560,"height":2560},{"@type":"BreadcrumbList","@id":"https:\/\/www.versiegelung24.com\/pl\/porady-dotyczace-produktow-versiegelung24\/know-how\/uszczelnianie-smartfonow-cieklym-szklem\/#breadcrumb","itemListElement":[{"@type":"ListItem","position":1,"name":"Strona g\u0142\u00f3wna","item":"https:\/\/www.versiegelung24.com\/pl\/przod\/"},{"@type":"ListItem","position":2,"name":"Doradca","item":"https:\/\/www.versiegelung24.com\/pl\/ratgeber\/"},{"@type":"ListItem","position":3,"name":"czasopismo","item":"https:\/\/www.versiegelung24.com\/pl\/ratgeber\/magazin\/"},{"@type":"ListItem","position":4,"name":"P\u0142ynne szk\u0142o uszczelniaj\u0105ce do smartfon\u00f3w i tablet\u00f3w &#8211; chroni wy\u015bwietlacze i wyd\u0142u\u017ca ich \u017cywotno\u015b\u0107"}]},{"@type":"WebSite","@id":"https:\/\/www.versiegelung24.com\/pl\/#website","url":"https:\/\/www.versiegelung24.com\/pl\/","name":"versiegelung24.com","description":"Fl\u00fcssigglas-Versiegelung - Made in Germany","publisher":{"@id":"https:\/\/www.versiegelung24.com\/pl\/#organization"},"potentialAction":[{"@type":"SearchAction","target":{"@type":"EntryPoint","urlTemplate":"https:\/\/www.versiegelung24.com\/pl\/?s={search_term_string}"},"query-input":{"@type":"PropertyValueSpecification","valueRequired":true,"valueName":"search_term_string"}}],"inLanguage":"pl-PL"},{"@type":"Organization","@id":"https:\/\/www.versiegelung24.com\/pl\/#organization","name":"versiegelung24","url":"https:\/\/www.versiegelung24.com\/pl\/","logo":{"@type":"ImageObject","inLanguage":"pl-PL","@id":"https:\/\/www.versiegelung24.com\/pl\/#\/schema\/logo\/image\/","url":"https:\/\/www.versiegelung24.com\/wp-content\/uploads\/2020\/04\/versiegelung24.png","contentUrl":"https:\/\/www.versiegelung24.com\/wp-content\/uploads\/2020\/04\/versiegelung24.png","width":470,"height":102,"caption":"versiegelung24"},"image":{"@id":"https:\/\/www.versiegelung24.com\/pl\/#\/schema\/logo\/image\/"}}]}},"_links":{"self":[{"href":"https:\/\/www.versiegelung24.com\/pl\/wp-json\/wp\/v2\/pages\/41184","targetHints":{"allow":["GET"]}}],"collection":[{"href":"https:\/\/www.versiegelung24.com\/pl\/wp-json\/wp\/v2\/pages"}],"about":[{"href":"https:\/\/www.versiegelung24.com\/pl\/wp-json\/wp\/v2\/types\/page"}],"author":[{"embeddable":true,"href":"https:\/\/www.versiegelung24.com\/pl\/wp-json\/wp\/v2\/users\/932"}],"replies":[{"embeddable":true,"href":"https:\/\/www.versiegelung24.com\/pl\/wp-json\/wp\/v2\/comments?post=41184"}],"version-history":[{"count":15,"href":"https:\/\/www.versiegelung24.com\/pl\/wp-json\/wp\/v2\/pages\/41184\/revisions"}],"predecessor-version":[{"id":173416,"href":"https:\/\/www.versiegelung24.com\/pl\/wp-json\/wp\/v2\/pages\/41184\/revisions\/173416"}],"up":[{"embeddable":true,"href":"https:\/\/www.versiegelung24.com\/pl\/wp-json\/wp\/v2\/pages\/34647"}],"wp:featuredmedia":[{"embeddable":true,"href":"https:\/\/www.versiegelung24.com\/pl\/wp-json\/wp\/v2\/media\/41498"}],"wp:attachment":[{"href":"https:\/\/www.versiegelung24.com\/pl\/wp-json\/wp\/v2\/media?parent=41184"}],"wp:term":[{"taxonomy":"category","embeddable":true,"href":"https:\/\/www.versiegelung24.com\/pl\/wp-json\/wp\/v2\/categories?post=41184"},{"taxonomy":"seiten_kategorie","embeddable":true,"href":"https:\/\/www.versiegelung24.com\/pl\/wp-json\/wp\/v2\/seiten_kategorie?post=41184"}],"curies":[{"name":"wp","href":"https:\/\/api.w.org\/{rel}","templated":true}]}}