{"id":126107,"date":"2023-09-01T15:04:03","date_gmt":"2023-09-01T13:04:56","guid":{"rendered":"https:\/\/www.versiegelung24.com\/product\/uszczelniacz-do-szyb-406\/"},"modified":"2025-01-05T17:35:41","modified_gmt":"2025-01-05T16:35:41","slug":"uszczelniacz-szyby-przedniej-406","status":"publish","type":"product","link":"https:\/\/www.versiegelung24.com\/pl\/uszczelniacz-szyby-przedniej-406.html","title":{"rendered":"Uszczelnienie przedniej szyby"},"content":{"rendered":"\n<p><strong>Wkrocz w now\u0105 er\u0119 bezpiecze\u0144stwa i komfortu jazdy dzi\u0119ki naszemu zatwierdzonemu przez T\u00dcV uszczelniaczowi do szyb przednich<\/strong>. Nasza zaawansowana formu\u0142a jest nie tylko niezwykle trwa\u0142a, ale tak\u017ce wszechstronna &#8211; od samochod\u00f3w osobowych i ci\u0119\u017carowych po \u0142odzie i przyczepy kempingowe. Do\u015bwiadcz r\u00f3\u017cnicy do 20 000 km beztroskiej jazdy dzi\u0119ki jednej aplikacji. Wystarczy ponawia\u0107 aplikacj\u0119 co sze\u015b\u0107 miesi\u0119cy, aby cieszy\u0107 si\u0119 niezr\u00f3wnanym widzeniem przez ca\u0142y rok.<\/p>\n\n<p>Ale to nie wszystko. Nasz uszczelniacz zapewnia, \u017ce woda po prostu sp\u0142ywa przy pr\u0119dko\u015bciach powy\u017cej 60 km\/h, dzi\u0119ki czemu wycieraczki przedniej szyby s\u0105 oszcz\u0119dzane, a Ty zachowujesz dobr\u0105 widoczno\u015b\u0107 nawet przy z\u0142ej pogodzie. Czy cz\u0119sto prowadzisz samoch\u00f3d w nocy? Nasz uszczelniacz redukuje odblaski i zniekszta\u0142cenia \u015bwiat\u0142a, dzi\u0119ki czemu mo\u017cesz by\u0107 bezpieczny i pewny siebie na drodze.<\/p>\n\n<h2 class=\"wp-block-heading\" id=\"video\">Wideo<\/h2>\n\n<figure class=\"wp-block-embed is-type-video is-provider-youtube wp-block-embed-youtube wp-embed-aspect-16-9 wp-has-aspect-ratio\"><div class=\"wp-block-embed__wrapper\">\n<div class=\"nv-iframe-embed\"><iframe title=\"Windschutzscheiben Versiegelung - Versiegelung24.com\" width=\"1200\" height=\"675\" src=\"https:\/\/www.youtube.com\/embed\/5cu8smLIMD0?feature=oembed\" frameborder=\"0\" allow=\"accelerometer; autoplay; clipboard-write; encrypted-media; gyroscope; picture-in-picture; web-share\" allowfullscreen><\/iframe><\/div>\n<\/div><\/figure>\n\n<hr class=\"wp-block-separator has-alpha-channel-opacity\"\/>\n\n<h2 class=\"wp-block-heading\" id=\"properties\">nieruchomo\u015bci<\/h2>\n\n<p><\/p>\n\n<p>Zawarto\u015b\u0107: 2 \u015bciereczki do czyszczenia wst\u0119pnego, 2 \u015bciereczki uszczelniaj\u0105ce (ka\u017cda na 2 m\u00b2), 1 \u015bciereczka z mikrofibry, 2 r\u0119kawiczki jednorazowe<\/p>\n\n<ul class=\"wp-block-list\">\n<li>Wysoka trwa\u0142o\u015b\u0107 &#8211; do 20 000 km<\/li>\n\n\n\n<li>Redukuje odblaski i zniekszta\u0142cenia \u015bwiat\u0142a w nocy<\/li>\n\n\n\n<li>Odprowadzanie wody (ponad 60 km\/h), tj. dobra widoczno\u015b\u0107 nawet bez wycieraczek przedniej szyby<\/li>\n\n\n\n<li>Chroni wycieraczki przedniej szyby<\/li>\n\n\n\n<li>Prosta aplikacja<\/li>\n\n\n\n<li>Silne w\u0142a\u015bciwo\u015bci antyadhezyjne i mniejsza przyczepno\u015b\u0107 owad\u00f3w<\/li>\n\n\n\n<li>Redukuje mikrozarysowania<\/li>\n\n\n\n<li>\u0141atwiejsze czyszczenie szyby i usuwanie lodu<\/li>\n\n\n\n<li>Niewidoczna warstwa ochronna &#8211; 500 razy cie\u0144sza ni\u017c ludzki w\u0142os<\/li>\n\n\n\n<li>Stabilno\u015b\u0107 UV i wysoka odporno\u015b\u0107 na \u015bcieranie<\/li>\n\n\n\n<li>Odporno\u015b\u0107 na wahania temperatury<\/li>\n\n\n\n<li>Odporno\u015b\u0107 chemiczna (ph od 2 do 13)<\/li>\n\n\n\n<li>Odporno\u015b\u0107 na pralki i myjki wysokoci\u015bnieniowe<\/li>\n\n\n\n<li>Do przednich i bocznych szyb w samochodach osobowych, dostawczych, ci\u0119\u017carowych, \u0142odziach i przyczepach kempingowych<\/li>\n\n\n\n<li>Na\u0142o\u017cy\u0107 na przedni\u0105 szyb\u0119 i powt\u00f3rzy\u0107 po 6 miesi\u0105cach = trwa\u0142o\u015b\u0107 do 1 roku<\/li>\n\n\n\n<li>Testowane przez T\u00dcV<\/li>\n<\/ul>\n","protected":false},"excerpt":{"rendered":"<p>D\u0142uga \u017cywotno\u015b\u0107 &#8211; do 20 000 km<\/p>\n<p>Odprowadzanie wody (60+ km\/h), tj. dobra widoczno\u015b\u0107 nawet bez wycieraczek przedniej szyby<\/p>\n<p>Silne w\u0142a\u015bciwo\u015bci antyadhezyjne i mniejsza przyczepno\u015b\u0107 owad\u00f3w<\/p>\n","protected":false},"featured_media":132064,"template":"","meta":{"_acf_changed":false,"neve_meta_sidebar":"","neve_meta_container":"","neve_meta_enable_content_width":"","neve_meta_content_width":0,"neve_meta_title_alignment":"","neve_meta_author_avatar":"","neve_post_elements_order":"","neve_meta_disable_header":"","neve_meta_disable_footer":"","neve_meta_disable_title":"","neve_meta_reading_time":"","_surfaces":[],"_ver_product_tabs":[],"footnotes":""},"product_brand":[],"product_cat":[2219,2995,2170],"product_tag":[],"class_list":{"0":"post-126107","1":"product","2":"type-product","3":"status-publish","4":"has-post-thumbnail","6":"product_cat-uszczelnianie-do-szkla-i-ceramiki","7":"product_cat-uszczelnienie-szkla-plynnego","8":"product_cat-uszczelnianie-samochodu","10":"first","11":"instock","12":"taxable","13":"shipping-taxable","14":"purchasable","15":"product-type-simple"},"acf":[],"yoast_head":"<!-- This site is optimized with the Yoast SEO Premium plugin v22.8 (Yoast SEO v27.5) - https:\/\/yoast.com\/product\/yoast-seo-premium-wordpress\/ -->\n<title>Uszczelnienie przedniej szyby - versiegelung24.com<\/title>\n<meta name=\"robots\" content=\"index, follow, max-snippet:-1, max-image-preview:large, max-video-preview:-1\" \/>\n<link rel=\"canonical\" href=\"https:\/\/www.versiegelung24.com\/pl\/uszczelniacz-szyby-przedniej-406.html\" \/>\n<meta property=\"og:locale\" content=\"pl_PL\" \/>\n<meta property=\"og:type\" content=\"article\" \/>\n<meta property=\"og:title\" content=\"Uszczelnienie przedniej szyby\" \/>\n<meta property=\"og:description\" content=\"D\u0142uga \u017cywotno\u015b\u0107 - do 20 000 km Odprowadzanie wody (60+ km\/h), tj. dobra widoczno\u015b\u0107 nawet bez wycieraczek przedniej szyby Silne w\u0142a\u015bciwo\u015bci antyadhezyjne i mniejsza przyczepno\u015b\u0107 owad\u00f3w\" \/>\n<meta property=\"og:url\" content=\"https:\/\/www.versiegelung24.com\/pl\/uszczelniacz-szyby-przedniej-406.html\" \/>\n<meta property=\"og:site_name\" content=\"versiegelung24.com\" \/>\n<meta property=\"article:modified_time\" content=\"2025-01-05T16:35:41+00:00\" \/>\n<meta property=\"og:image\" content=\"https:\/\/www.versiegelung24.com\/wp-content\/uploads\/2023\/09\/windschutz-1-1.webp\" \/>\n\t<meta property=\"og:image:width\" content=\"2560\" \/>\n\t<meta property=\"og:image:height\" content=\"2560\" \/>\n\t<meta property=\"og:image:type\" content=\"image\/webp\" \/>\n<meta name=\"twitter:card\" content=\"summary_large_image\" \/>\n<meta name=\"twitter:label1\" content=\"Cena\" \/>\n\t<meta name=\"twitter:data1\" content=\"17,99&euro;\" \/>\n\t<meta name=\"twitter:label2\" content=\"Dost\u0119pno\u015b\u0107\" \/>\n\t<meta name=\"twitter:data2\" content=\"Dost\u0119pny\" \/>\n<script type=\"application\/ld+json\" class=\"yoast-schema-graph\">{\"@context\":\"https:\\\/\\\/schema.org\",\"@graph\":[{\"@type\":\"WebPage\",\"@id\":\"https:\\\/\\\/www.versiegelung24.com\\\/pl\\\/uszczelniacz-szyby-przedniej-406.html\",\"url\":\"https:\\\/\\\/www.versiegelung24.com\\\/pl\\\/uszczelniacz-szyby-przedniej-406.html\",\"name\":\"Uszczelnienie przedniej szyby - versiegelung24.com\",\"isPartOf\":{\"@id\":\"https:\\\/\\\/www.versiegelung24.com\\\/pl\\\/#website\"},\"primaryImageOfPage\":{\"@id\":\"https:\\\/\\\/www.versiegelung24.com\\\/pl\\\/uszczelniacz-szyby-przedniej-406.html#primaryimage\"},\"image\":{\"@id\":\"https:\\\/\\\/www.versiegelung24.com\\\/pl\\\/uszczelniacz-szyby-przedniej-406.html#primaryimage\"},\"thumbnailUrl\":\"https:\\\/\\\/www.versiegelung24.com\\\/wp-content\\\/uploads\\\/2023\\\/09\\\/windschutz-1-1.webp\",\"datePublished\":\"2023-09-01T13:04:56+00:00\",\"dateModified\":\"2025-01-05T16:35:41+00:00\",\"breadcrumb\":{\"@id\":\"https:\\\/\\\/www.versiegelung24.com\\\/pl\\\/uszczelniacz-szyby-przedniej-406.html#breadcrumb\"},\"inLanguage\":\"pl-PL\",\"potentialAction\":[{\"@type\":\"ReadAction\",\"target\":[\"https:\\\/\\\/www.versiegelung24.com\\\/pl\\\/uszczelniacz-szyby-przedniej-406.html\"]}]},{\"@type\":\"ImageObject\",\"inLanguage\":\"pl-PL\",\"@id\":\"https:\\\/\\\/www.versiegelung24.com\\\/pl\\\/uszczelniacz-szyby-przedniej-406.html#primaryimage\",\"url\":\"https:\\\/\\\/www.versiegelung24.com\\\/wp-content\\\/uploads\\\/2023\\\/09\\\/windschutz-1-1.webp\",\"contentUrl\":\"https:\\\/\\\/www.versiegelung24.com\\\/wp-content\\\/uploads\\\/2023\\\/09\\\/windschutz-1-1.webp\",\"width\":2560,\"height\":2560},{\"@type\":\"BreadcrumbList\",\"@id\":\"https:\\\/\\\/www.versiegelung24.com\\\/pl\\\/uszczelniacz-szyby-przedniej-406.html#breadcrumb\",\"itemListElement\":[{\"@type\":\"ListItem\",\"position\":1,\"name\":\"Strona g\u0142\u00f3wna\",\"item\":\"https:\\\/\\\/www.versiegelung24.com\\\/pl\\\/przod\\\/\"},{\"@type\":\"ListItem\",\"position\":2,\"name\":\"Sklep\",\"item\":\"https:\\\/\\\/www.versiegelung24.com\\\/pl\\\/sklep\\\/\"},{\"@type\":\"ListItem\",\"position\":3,\"name\":\"Uszczelnienie przedniej szyby\"}]},{\"@type\":\"WebSite\",\"@id\":\"https:\\\/\\\/www.versiegelung24.com\\\/pl\\\/#website\",\"url\":\"https:\\\/\\\/www.versiegelung24.com\\\/pl\\\/\",\"name\":\"versiegelung24.com\",\"description\":\"Fl\u00fcssigglas-Versiegelung - Made in Germany\",\"publisher\":{\"@id\":\"https:\\\/\\\/www.versiegelung24.com\\\/pl\\\/#organization\"},\"potentialAction\":[{\"@type\":\"SearchAction\",\"target\":{\"@type\":\"EntryPoint\",\"urlTemplate\":\"https:\\\/\\\/www.versiegelung24.com\\\/pl\\\/?s={search_term_string}\"},\"query-input\":{\"@type\":\"PropertyValueSpecification\",\"valueRequired\":true,\"valueName\":\"search_term_string\"}}],\"inLanguage\":\"pl-PL\"},{\"@type\":\"Organization\",\"@id\":\"https:\\\/\\\/www.versiegelung24.com\\\/pl\\\/#organization\",\"name\":\"versiegelung24\",\"url\":\"https:\\\/\\\/www.versiegelung24.com\\\/pl\\\/\",\"logo\":{\"@type\":\"ImageObject\",\"inLanguage\":\"pl-PL\",\"@id\":\"https:\\\/\\\/www.versiegelung24.com\\\/pl\\\/#\\\/schema\\\/logo\\\/image\\\/\",\"url\":\"https:\\\/\\\/www.versiegelung24.com\\\/wp-content\\\/uploads\\\/2020\\\/04\\\/versiegelung24.png\",\"contentUrl\":\"https:\\\/\\\/www.versiegelung24.com\\\/wp-content\\\/uploads\\\/2020\\\/04\\\/versiegelung24.png\",\"width\":470,\"height\":102,\"caption\":\"versiegelung24\"},\"image\":{\"@id\":\"https:\\\/\\\/www.versiegelung24.com\\\/pl\\\/#\\\/schema\\\/logo\\\/image\\\/\"}}]}<\/script>\n<meta property=\"product:price:amount\" content=\"17.99\" \/>\n<meta property=\"product:price:currency\" content=\"EUR\" \/>\n<meta property=\"og:availability\" content=\"instock\" \/>\n<meta property=\"product:availability\" content=\"instock\" \/>\n<meta property=\"product:retailer_item_id\" content=\"4040-406\" \/>\n<meta property=\"product:condition\" content=\"new\" \/>\n<!-- \/ Yoast SEO Premium plugin. -->","yoast_head_json":{"title":"Uszczelnienie przedniej szyby - versiegelung24.com","robots":{"index":"index","follow":"follow","max-snippet":"max-snippet:-1","max-image-preview":"max-image-preview:large","max-video-preview":"max-video-preview:-1"},"canonical":"https:\/\/www.versiegelung24.com\/pl\/uszczelniacz-szyby-przedniej-406.html","og_locale":"pl_PL","og_type":"article","og_title":"Uszczelnienie przedniej szyby","og_description":"D\u0142uga \u017cywotno\u015b\u0107 - do 20 000 km Odprowadzanie wody (60+ km\/h), tj. dobra widoczno\u015b\u0107 nawet bez wycieraczek przedniej szyby Silne w\u0142a\u015bciwo\u015bci antyadhezyjne i mniejsza przyczepno\u015b\u0107 owad\u00f3w","og_url":"https:\/\/www.versiegelung24.com\/pl\/uszczelniacz-szyby-przedniej-406.html","og_site_name":"versiegelung24.com","article_modified_time":"2025-01-05T16:35:41+00:00","og_image":[{"width":2560,"height":2560,"url":"https:\/\/www.versiegelung24.com\/wp-content\/uploads\/2023\/09\/windschutz-1-1.webp","type":"image\/webp"}],"twitter_card":"summary_large_image","twitter_misc":{"Cena":"17,99&euro;","Dost\u0119pno\u015b\u0107":"Dost\u0119pny"},"schema":{"@context":"https:\/\/schema.org","@graph":[{"@type":"WebPage","@id":"https:\/\/www.versiegelung24.com\/pl\/uszczelniacz-szyby-przedniej-406.html","url":"https:\/\/www.versiegelung24.com\/pl\/uszczelniacz-szyby-przedniej-406.html","name":"Uszczelnienie przedniej szyby - versiegelung24.com","isPartOf":{"@id":"https:\/\/www.versiegelung24.com\/pl\/#website"},"primaryImageOfPage":{"@id":"https:\/\/www.versiegelung24.com\/pl\/uszczelniacz-szyby-przedniej-406.html#primaryimage"},"image":{"@id":"https:\/\/www.versiegelung24.com\/pl\/uszczelniacz-szyby-przedniej-406.html#primaryimage"},"thumbnailUrl":"https:\/\/www.versiegelung24.com\/wp-content\/uploads\/2023\/09\/windschutz-1-1.webp","datePublished":"2023-09-01T13:04:56+00:00","dateModified":"2025-01-05T16:35:41+00:00","breadcrumb":{"@id":"https:\/\/www.versiegelung24.com\/pl\/uszczelniacz-szyby-przedniej-406.html#breadcrumb"},"inLanguage":"pl-PL","potentialAction":[{"@type":"ReadAction","target":["https:\/\/www.versiegelung24.com\/pl\/uszczelniacz-szyby-przedniej-406.html"]}]},{"@type":"ImageObject","inLanguage":"pl-PL","@id":"https:\/\/www.versiegelung24.com\/pl\/uszczelniacz-szyby-przedniej-406.html#primaryimage","url":"https:\/\/www.versiegelung24.com\/wp-content\/uploads\/2023\/09\/windschutz-1-1.webp","contentUrl":"https:\/\/www.versiegelung24.com\/wp-content\/uploads\/2023\/09\/windschutz-1-1.webp","width":2560,"height":2560},{"@type":"BreadcrumbList","@id":"https:\/\/www.versiegelung24.com\/pl\/uszczelniacz-szyby-przedniej-406.html#breadcrumb","itemListElement":[{"@type":"ListItem","position":1,"name":"Strona g\u0142\u00f3wna","item":"https:\/\/www.versiegelung24.com\/pl\/przod\/"},{"@type":"ListItem","position":2,"name":"Sklep","item":"https:\/\/www.versiegelung24.com\/pl\/sklep\/"},{"@type":"ListItem","position":3,"name":"Uszczelnienie przedniej szyby"}]},{"@type":"WebSite","@id":"https:\/\/www.versiegelung24.com\/pl\/#website","url":"https:\/\/www.versiegelung24.com\/pl\/","name":"versiegelung24.com","description":"Fl\u00fcssigglas-Versiegelung - Made in Germany","publisher":{"@id":"https:\/\/www.versiegelung24.com\/pl\/#organization"},"potentialAction":[{"@type":"SearchAction","target":{"@type":"EntryPoint","urlTemplate":"https:\/\/www.versiegelung24.com\/pl\/?s={search_term_string}"},"query-input":{"@type":"PropertyValueSpecification","valueRequired":true,"valueName":"search_term_string"}}],"inLanguage":"pl-PL"},{"@type":"Organization","@id":"https:\/\/www.versiegelung24.com\/pl\/#organization","name":"versiegelung24","url":"https:\/\/www.versiegelung24.com\/pl\/","logo":{"@type":"ImageObject","inLanguage":"pl-PL","@id":"https:\/\/www.versiegelung24.com\/pl\/#\/schema\/logo\/image\/","url":"https:\/\/www.versiegelung24.com\/wp-content\/uploads\/2020\/04\/versiegelung24.png","contentUrl":"https:\/\/www.versiegelung24.com\/wp-content\/uploads\/2020\/04\/versiegelung24.png","width":470,"height":102,"caption":"versiegelung24"},"image":{"@id":"https:\/\/www.versiegelung24.com\/pl\/#\/schema\/logo\/image\/"}}]},"product_price_amount":"17.99","product_price_currency":"EUR","og_availability":"instock","product_availability":"instock","product_retailer_item_id":"4040-406","product_condition":"new"},"_links":{"self":[{"href":"https:\/\/www.versiegelung24.com\/pl\/wp-json\/wp\/v2\/product\/126107","targetHints":{"allow":["GET"]}}],"collection":[{"href":"https:\/\/www.versiegelung24.com\/pl\/wp-json\/wp\/v2\/product"}],"about":[{"href":"https:\/\/www.versiegelung24.com\/pl\/wp-json\/wp\/v2\/types\/product"}],"version-history":[{"count":8,"href":"https:\/\/www.versiegelung24.com\/pl\/wp-json\/wp\/v2\/product\/126107\/revisions"}],"predecessor-version":[{"id":178329,"href":"https:\/\/www.versiegelung24.com\/pl\/wp-json\/wp\/v2\/product\/126107\/revisions\/178329"}],"wp:featuredmedia":[{"embeddable":true,"href":"https:\/\/www.versiegelung24.com\/pl\/wp-json\/wp\/v2\/media\/132064"}],"wp:attachment":[{"href":"https:\/\/www.versiegelung24.com\/pl\/wp-json\/wp\/v2\/media?parent=126107"}],"wp:term":[{"taxonomy":"product_brand","embeddable":true,"href":"https:\/\/www.versiegelung24.com\/pl\/wp-json\/wp\/v2\/product_brand?post=126107"},{"taxonomy":"product_cat","embeddable":true,"href":"https:\/\/www.versiegelung24.com\/pl\/wp-json\/wp\/v2\/product_cat?post=126107"},{"taxonomy":"product_tag","embeddable":true,"href":"https:\/\/www.versiegelung24.com\/pl\/wp-json\/wp\/v2\/product_tag?post=126107"}],"curies":[{"name":"wp","href":"https:\/\/api.w.org\/{rel}","templated":true}]}}