{"id":142091,"date":"2024-01-10T15:15:00","date_gmt":"2024-01-10T14:15:00","guid":{"rendered":"https:\/\/www.versiegelung24.com\/product\/probka-wysokiej-jakosci-uszczelniacz-do-szkla-i-ceramiki-o-wyjatkowej-trwalosci-1003-7601\/"},"modified":"2025-01-05T18:35:53","modified_gmt":"2025-01-05T17:35:53","slug":"muster-premium-versiegelung-fuer-glas-und-keramik-mit-extremer-haltbarkeit-1003-7601","status":"publish","type":"product","link":"https:\/\/www.versiegelung24.com\/pl\/muster-premium-versiegelung-fuer-glas-und-keramik-mit-extremer-haltbarkeit-1003-7601.html","title":{"rendered":"Pr\u00f3bka: Wysokiej jako\u015bci uszczelniacz do szk\u0142a i ceramiki o wyj\u0105tkowej trwa\u0142o\u015bci &#8211; 1003-7601"},"content":{"rendered":"<p>Pr\u00f3bka 10 ml naszego <a href=\"https:\/\/www.versiegelung24.com\/pl\/premium-uszczelnienie-do-szkla-i-ceramiki-o-ekstremalnej-trwalosci.html\">wysokiej jako\u015bci uszczelniacza do szk\u0142a i ceramiki o wyj\u0105tkowej trwa\u0142o\u015bci<\/a> do zastosowa\u0144 testowych lub uszczelniania mniejszych powierzchni.<\/p>\n","protected":false},"excerpt":{"rendered":"<p>Pr\u00f3bka 10 ml naszego wysokiej jako\u015bci uszczelniacza do szk\u0142a i ceramiki o wyj\u0105tkowej trwa\u0142o\u015bci do zastosowa\u0144 testowych lub uszczelniania mniejszych powierzchni.<\/p>\n","protected":false},"featured_media":14615,"template":"","meta":{"_acf_changed":false,"neve_meta_sidebar":"","neve_meta_container":"","neve_meta_enable_content_width":"","neve_meta_content_width":0,"neve_meta_title_alignment":"","neve_meta_author_avatar":"","neve_post_elements_order":"","neve_meta_disable_header":"","neve_meta_disable_footer":"","neve_meta_disable_title":"","neve_meta_reading_time":"","_surfaces":[],"_ver_product_tabs":[],"footnotes":""},"product_brand":[],"product_cat":[2667],"product_tag":[],"class_list":{"0":"post-142091","1":"product","2":"type-product","3":"status-publish","4":"has-post-thumbnail","6":"product_cat-szablon","7":"pa_gebinde-10ml-butelka","9":"first","10":"instock","11":"sold-individually","12":"taxable","13":"shipping-taxable","14":"purchasable","15":"product-type-variable","16":"has-default-attributes"},"acf":[],"yoast_head":"<!-- This site is optimized with the Yoast SEO Premium plugin v22.8 (Yoast SEO v27.3) - https:\/\/yoast.com\/product\/yoast-seo-premium-wordpress\/ -->\n<title>Pr\u00f3bka: Wysokiej jako\u015bci uszczelniacz do szk\u0142a i ceramiki o wyj\u0105tkowej trwa\u0142o\u015bci - 1003-7601 - versiegelung24.com<\/title>\n<meta name=\"robots\" content=\"index, follow, max-snippet:-1, max-image-preview:large, max-video-preview:-1\" \/>\n<link rel=\"canonical\" href=\"https:\/\/www.versiegelung24.com\/pl\/muster-premium-versiegelung-fuer-glas-und-keramik-mit-extremer-haltbarkeit-1003-7601.html\" \/>\n<meta property=\"og:locale\" content=\"pl_PL\" \/>\n<meta property=\"og:type\" content=\"article\" \/>\n<meta property=\"og:title\" content=\"Pr\u00f3bka: Wysokiej jako\u015bci uszczelniacz do szk\u0142a i ceramiki o wyj\u0105tkowej trwa\u0142o\u015bci - 1003-7601\" \/>\n<meta property=\"og:description\" content=\"Pr\u00f3bka 10 ml naszego wysokiej jako\u015bci uszczelniacza do szk\u0142a i ceramiki o wyj\u0105tkowej trwa\u0142o\u015bci do zastosowa\u0144 testowych lub uszczelniania mniejszych powierzchni.\" \/>\n<meta property=\"og:url\" content=\"https:\/\/www.versiegelung24.com\/pl\/muster-premium-versiegelung-fuer-glas-und-keramik-mit-extremer-haltbarkeit-1003-7601.html\" \/>\n<meta property=\"og:site_name\" content=\"versiegelung24.com\" \/>\n<meta property=\"article:modified_time\" content=\"2025-01-05T17:35:53+00:00\" \/>\n<meta property=\"og:image\" content=\"https:\/\/www.versiegelung24.com\/wp-content\/uploads\/2020\/04\/versiegelung-muster.png\" \/>\n\t<meta property=\"og:image:width\" content=\"1000\" \/>\n\t<meta property=\"og:image:height\" content=\"1000\" \/>\n\t<meta property=\"og:image:type\" content=\"image\/png\" \/>\n<meta name=\"twitter:card\" content=\"summary_large_image\" \/>\n<meta name=\"twitter:label1\" content=\"Dost\u0119pno\u015b\u0107\" \/>\n\t<meta name=\"twitter:data1\" content=\"Dost\u0119pny\" \/>\n<script type=\"application\/ld+json\" class=\"yoast-schema-graph\">{\"@context\":\"https:\\\/\\\/schema.org\",\"@graph\":[{\"@type\":\"WebPage\",\"@id\":\"https:\\\/\\\/www.versiegelung24.com\\\/pl\\\/muster-premium-versiegelung-fuer-glas-und-keramik-mit-extremer-haltbarkeit-1003-7601.html\",\"url\":\"https:\\\/\\\/www.versiegelung24.com\\\/pl\\\/muster-premium-versiegelung-fuer-glas-und-keramik-mit-extremer-haltbarkeit-1003-7601.html\",\"name\":\"Pr\u00f3bka: Wysokiej jako\u015bci uszczelniacz do szk\u0142a i ceramiki o wyj\u0105tkowej trwa\u0142o\u015bci - 1003-7601 - versiegelung24.com\",\"isPartOf\":{\"@id\":\"https:\\\/\\\/www.versiegelung24.com\\\/pl\\\/#website\"},\"primaryImageOfPage\":{\"@id\":\"https:\\\/\\\/www.versiegelung24.com\\\/pl\\\/muster-premium-versiegelung-fuer-glas-und-keramik-mit-extremer-haltbarkeit-1003-7601.html#primaryimage\"},\"image\":{\"@id\":\"https:\\\/\\\/www.versiegelung24.com\\\/pl\\\/muster-premium-versiegelung-fuer-glas-und-keramik-mit-extremer-haltbarkeit-1003-7601.html#primaryimage\"},\"thumbnailUrl\":\"https:\\\/\\\/www.versiegelung24.com\\\/wp-content\\\/uploads\\\/2020\\\/04\\\/versiegelung-muster.png\",\"datePublished\":\"2024-01-10T14:15:00+00:00\",\"dateModified\":\"2025-01-05T17:35:53+00:00\",\"breadcrumb\":{\"@id\":\"https:\\\/\\\/www.versiegelung24.com\\\/pl\\\/muster-premium-versiegelung-fuer-glas-und-keramik-mit-extremer-haltbarkeit-1003-7601.html#breadcrumb\"},\"inLanguage\":\"pl-PL\",\"potentialAction\":[{\"@type\":\"ReadAction\",\"target\":[\"https:\\\/\\\/www.versiegelung24.com\\\/pl\\\/muster-premium-versiegelung-fuer-glas-und-keramik-mit-extremer-haltbarkeit-1003-7601.html\"]}]},{\"@type\":\"ImageObject\",\"inLanguage\":\"pl-PL\",\"@id\":\"https:\\\/\\\/www.versiegelung24.com\\\/pl\\\/muster-premium-versiegelung-fuer-glas-und-keramik-mit-extremer-haltbarkeit-1003-7601.html#primaryimage\",\"url\":\"https:\\\/\\\/www.versiegelung24.com\\\/wp-content\\\/uploads\\\/2020\\\/04\\\/versiegelung-muster.png\",\"contentUrl\":\"https:\\\/\\\/www.versiegelung24.com\\\/wp-content\\\/uploads\\\/2020\\\/04\\\/versiegelung-muster.png\",\"width\":1000,\"height\":1000},{\"@type\":\"BreadcrumbList\",\"@id\":\"https:\\\/\\\/www.versiegelung24.com\\\/pl\\\/muster-premium-versiegelung-fuer-glas-und-keramik-mit-extremer-haltbarkeit-1003-7601.html#breadcrumb\",\"itemListElement\":[{\"@type\":\"ListItem\",\"position\":1,\"name\":\"Strona g\u0142\u00f3wna\",\"item\":\"https:\\\/\\\/www.versiegelung24.com\\\/pl\\\/przod\\\/\"},{\"@type\":\"ListItem\",\"position\":2,\"name\":\"Sklep\",\"item\":\"https:\\\/\\\/www.versiegelung24.com\\\/pl\\\/sklep\\\/\"},{\"@type\":\"ListItem\",\"position\":3,\"name\":\"Pr\u00f3bka: Wysokiej jako\u015bci uszczelniacz do szk\u0142a i ceramiki o wyj\u0105tkowej trwa\u0142o\u015bci &#8211; 1003-7601\"}]},{\"@type\":\"WebSite\",\"@id\":\"https:\\\/\\\/www.versiegelung24.com\\\/pl\\\/#website\",\"url\":\"https:\\\/\\\/www.versiegelung24.com\\\/pl\\\/\",\"name\":\"versiegelung24.com\",\"description\":\"Fl\u00fcssigglas-Versiegelung - Made in Germany\",\"publisher\":{\"@id\":\"https:\\\/\\\/www.versiegelung24.com\\\/pl\\\/#organization\"},\"potentialAction\":[{\"@type\":\"SearchAction\",\"target\":{\"@type\":\"EntryPoint\",\"urlTemplate\":\"https:\\\/\\\/www.versiegelung24.com\\\/pl\\\/?s={search_term_string}\"},\"query-input\":{\"@type\":\"PropertyValueSpecification\",\"valueRequired\":true,\"valueName\":\"search_term_string\"}}],\"inLanguage\":\"pl-PL\"},{\"@type\":\"Organization\",\"@id\":\"https:\\\/\\\/www.versiegelung24.com\\\/pl\\\/#organization\",\"name\":\"versiegelung24\",\"url\":\"https:\\\/\\\/www.versiegelung24.com\\\/pl\\\/\",\"logo\":{\"@type\":\"ImageObject\",\"inLanguage\":\"pl-PL\",\"@id\":\"https:\\\/\\\/www.versiegelung24.com\\\/pl\\\/#\\\/schema\\\/logo\\\/image\\\/\",\"url\":\"https:\\\/\\\/www.versiegelung24.com\\\/wp-content\\\/uploads\\\/2020\\\/04\\\/versiegelung24.png\",\"contentUrl\":\"https:\\\/\\\/www.versiegelung24.com\\\/wp-content\\\/uploads\\\/2020\\\/04\\\/versiegelung24.png\",\"width\":470,\"height\":102,\"caption\":\"versiegelung24\"},\"image\":{\"@id\":\"https:\\\/\\\/www.versiegelung24.com\\\/pl\\\/#\\\/schema\\\/logo\\\/image\\\/\"}}]}<\/script>\n<meta property=\"og:availability\" content=\"instock\" \/>\n<meta property=\"product:availability\" content=\"instock\" \/>\n<meta property=\"product:retailer_item_id\" content=\"1003-7601-muster\" \/>\n<meta property=\"product:condition\" content=\"new\" \/>\n<!-- \/ Yoast SEO Premium plugin. -->","yoast_head_json":{"title":"Pr\u00f3bka: Wysokiej jako\u015bci uszczelniacz do szk\u0142a i ceramiki o wyj\u0105tkowej trwa\u0142o\u015bci - 1003-7601 - versiegelung24.com","robots":{"index":"index","follow":"follow","max-snippet":"max-snippet:-1","max-image-preview":"max-image-preview:large","max-video-preview":"max-video-preview:-1"},"canonical":"https:\/\/www.versiegelung24.com\/pl\/muster-premium-versiegelung-fuer-glas-und-keramik-mit-extremer-haltbarkeit-1003-7601.html","og_locale":"pl_PL","og_type":"article","og_title":"Pr\u00f3bka: Wysokiej jako\u015bci uszczelniacz do szk\u0142a i ceramiki o wyj\u0105tkowej trwa\u0142o\u015bci - 1003-7601","og_description":"Pr\u00f3bka 10 ml naszego wysokiej jako\u015bci uszczelniacza do szk\u0142a i ceramiki o wyj\u0105tkowej trwa\u0142o\u015bci do zastosowa\u0144 testowych lub uszczelniania mniejszych powierzchni.","og_url":"https:\/\/www.versiegelung24.com\/pl\/muster-premium-versiegelung-fuer-glas-und-keramik-mit-extremer-haltbarkeit-1003-7601.html","og_site_name":"versiegelung24.com","article_modified_time":"2025-01-05T17:35:53+00:00","og_image":[{"width":1000,"height":1000,"url":"https:\/\/www.versiegelung24.com\/wp-content\/uploads\/2020\/04\/versiegelung-muster.png","type":"image\/png"}],"twitter_card":"summary_large_image","twitter_misc":{"Dost\u0119pno\u015b\u0107":"Dost\u0119pny"},"schema":{"@context":"https:\/\/schema.org","@graph":[{"@type":"WebPage","@id":"https:\/\/www.versiegelung24.com\/pl\/muster-premium-versiegelung-fuer-glas-und-keramik-mit-extremer-haltbarkeit-1003-7601.html","url":"https:\/\/www.versiegelung24.com\/pl\/muster-premium-versiegelung-fuer-glas-und-keramik-mit-extremer-haltbarkeit-1003-7601.html","name":"Pr\u00f3bka: Wysokiej jako\u015bci uszczelniacz do szk\u0142a i ceramiki o wyj\u0105tkowej trwa\u0142o\u015bci - 1003-7601 - versiegelung24.com","isPartOf":{"@id":"https:\/\/www.versiegelung24.com\/pl\/#website"},"primaryImageOfPage":{"@id":"https:\/\/www.versiegelung24.com\/pl\/muster-premium-versiegelung-fuer-glas-und-keramik-mit-extremer-haltbarkeit-1003-7601.html#primaryimage"},"image":{"@id":"https:\/\/www.versiegelung24.com\/pl\/muster-premium-versiegelung-fuer-glas-und-keramik-mit-extremer-haltbarkeit-1003-7601.html#primaryimage"},"thumbnailUrl":"https:\/\/www.versiegelung24.com\/wp-content\/uploads\/2020\/04\/versiegelung-muster.png","datePublished":"2024-01-10T14:15:00+00:00","dateModified":"2025-01-05T17:35:53+00:00","breadcrumb":{"@id":"https:\/\/www.versiegelung24.com\/pl\/muster-premium-versiegelung-fuer-glas-und-keramik-mit-extremer-haltbarkeit-1003-7601.html#breadcrumb"},"inLanguage":"pl-PL","potentialAction":[{"@type":"ReadAction","target":["https:\/\/www.versiegelung24.com\/pl\/muster-premium-versiegelung-fuer-glas-und-keramik-mit-extremer-haltbarkeit-1003-7601.html"]}]},{"@type":"ImageObject","inLanguage":"pl-PL","@id":"https:\/\/www.versiegelung24.com\/pl\/muster-premium-versiegelung-fuer-glas-und-keramik-mit-extremer-haltbarkeit-1003-7601.html#primaryimage","url":"https:\/\/www.versiegelung24.com\/wp-content\/uploads\/2020\/04\/versiegelung-muster.png","contentUrl":"https:\/\/www.versiegelung24.com\/wp-content\/uploads\/2020\/04\/versiegelung-muster.png","width":1000,"height":1000},{"@type":"BreadcrumbList","@id":"https:\/\/www.versiegelung24.com\/pl\/muster-premium-versiegelung-fuer-glas-und-keramik-mit-extremer-haltbarkeit-1003-7601.html#breadcrumb","itemListElement":[{"@type":"ListItem","position":1,"name":"Strona g\u0142\u00f3wna","item":"https:\/\/www.versiegelung24.com\/pl\/przod\/"},{"@type":"ListItem","position":2,"name":"Sklep","item":"https:\/\/www.versiegelung24.com\/pl\/sklep\/"},{"@type":"ListItem","position":3,"name":"Pr\u00f3bka: Wysokiej jako\u015bci uszczelniacz do szk\u0142a i ceramiki o wyj\u0105tkowej trwa\u0142o\u015bci &#8211; 1003-7601"}]},{"@type":"WebSite","@id":"https:\/\/www.versiegelung24.com\/pl\/#website","url":"https:\/\/www.versiegelung24.com\/pl\/","name":"versiegelung24.com","description":"Fl\u00fcssigglas-Versiegelung - Made in Germany","publisher":{"@id":"https:\/\/www.versiegelung24.com\/pl\/#organization"},"potentialAction":[{"@type":"SearchAction","target":{"@type":"EntryPoint","urlTemplate":"https:\/\/www.versiegelung24.com\/pl\/?s={search_term_string}"},"query-input":{"@type":"PropertyValueSpecification","valueRequired":true,"valueName":"search_term_string"}}],"inLanguage":"pl-PL"},{"@type":"Organization","@id":"https:\/\/www.versiegelung24.com\/pl\/#organization","name":"versiegelung24","url":"https:\/\/www.versiegelung24.com\/pl\/","logo":{"@type":"ImageObject","inLanguage":"pl-PL","@id":"https:\/\/www.versiegelung24.com\/pl\/#\/schema\/logo\/image\/","url":"https:\/\/www.versiegelung24.com\/wp-content\/uploads\/2020\/04\/versiegelung24.png","contentUrl":"https:\/\/www.versiegelung24.com\/wp-content\/uploads\/2020\/04\/versiegelung24.png","width":470,"height":102,"caption":"versiegelung24"},"image":{"@id":"https:\/\/www.versiegelung24.com\/pl\/#\/schema\/logo\/image\/"}}]},"og_availability":"instock","product_availability":"instock","product_retailer_item_id":"1003-7601-muster","product_condition":"new"},"_links":{"self":[{"href":"https:\/\/www.versiegelung24.com\/pl\/wp-json\/wp\/v2\/product\/142091","targetHints":{"allow":["GET"]}}],"collection":[{"href":"https:\/\/www.versiegelung24.com\/pl\/wp-json\/wp\/v2\/product"}],"about":[{"href":"https:\/\/www.versiegelung24.com\/pl\/wp-json\/wp\/v2\/types\/product"}],"version-history":[{"count":1,"href":"https:\/\/www.versiegelung24.com\/pl\/wp-json\/wp\/v2\/product\/142091\/revisions"}],"predecessor-version":[{"id":178599,"href":"https:\/\/www.versiegelung24.com\/pl\/wp-json\/wp\/v2\/product\/142091\/revisions\/178599"}],"wp:featuredmedia":[{"embeddable":true,"href":"https:\/\/www.versiegelung24.com\/pl\/wp-json\/wp\/v2\/media\/14615"}],"wp:attachment":[{"href":"https:\/\/www.versiegelung24.com\/pl\/wp-json\/wp\/v2\/media?parent=142091"}],"wp:term":[{"taxonomy":"product_brand","embeddable":true,"href":"https:\/\/www.versiegelung24.com\/pl\/wp-json\/wp\/v2\/product_brand?post=142091"},{"taxonomy":"product_cat","embeddable":true,"href":"https:\/\/www.versiegelung24.com\/pl\/wp-json\/wp\/v2\/product_cat?post=142091"},{"taxonomy":"product_tag","embeddable":true,"href":"https:\/\/www.versiegelung24.com\/pl\/wp-json\/wp\/v2\/product_tag?post=142091"}],"curies":[{"name":"wp","href":"https:\/\/api.w.org\/{rel}","templated":true}]}}