{"id":145268,"date":"2024-01-07T15:15:48","date_gmt":"2024-01-13T10:21:31","guid":{"rendered":"https:\/\/www.versiegelung24.com\/product\/v24-gumka-do-brudu-100x70x30mm\/"},"modified":"2025-01-05T15:45:11","modified_gmt":"2025-01-05T14:45:11","slug":"v24-schmutzradierer-100x70x30mm","status":"publish","type":"product","link":"https:\/\/www.versiegelung24.com\/pl\/v24-schmutzradierer-100x70x30mm.html","title":{"rendered":"V24 Gumka do brudu 100x70x30mm"},"content":{"rendered":"\n<h1 class=\"wp-block-heading\" id=\"h-v24-schmutzradierer-gegen-hartnackige-flecken-online-kaufen\">Kup online gumk\u0119 do usuwania uporczywych plam V24<\/h1>\n\n<h2 class=\"wp-block-heading\" id=\"h-muhelos-hartnackige-flecken-beseitigen-mit-dem-versiegelung24-com-schmutzradierer\">Bez wysi\u0142ku usuwaj uporczywe plamy za pomoc\u0105 odplamiacza Versiegelung24.com<\/h2>\n\n<p>Tylko czyste powierzchnie mog\u0105 by\u0107 uszczelniane naszymi <a href=\"https:\/\/www.versiegelung24.com\/fluessigglas-versiegelung\/\">uszczelniaczami<\/a>, dlatego tak wa\u017cne jest usuwanie lekkich i uporczywych plam. Nasza gumka do \u015bcierania brudu to zaawansowana technologicznie g\u0105bka melaminowa, kt\u00f3ra doskonale nadaje si\u0119 do czyszczenia powierzchni. W przypadku szczeg\u00f3lnie uporczywych plam zalecamy dodatkowe u\u017cycie naszego w 100% biodegradowalnego organicznego \u015brodka czyszcz\u0105cego <a href=\"https:\/\/www.versiegelung24.com\/pl\/biosativa-biological-pre-cleaner.html\">BIOSATIVA\u00ae<\/a>, ale \u017cadne chemiczne \u015brodki czyszcz\u0105ce nie s\u0105 konieczne.<\/p>\n\n<div class=\"wp-block-columns is-layout-flex wp-container-core-columns-is-layout-9d6595d7 wp-block-columns-is-layout-flex\">\n<div class=\"wp-block-column is-layout-flow wp-block-column-is-layout-flow\">\n<h2 class=\"wp-block-heading\" id=\"properties\">Cechy produktu<\/h2>\n\n\n\n<ul class=\"wp-block-list\">\n<li>Zaawansowana technologicznie g\u0105bka melaminowa<\/li>\n\n\n\n<li>Wymiary: 100x70x30mm<\/li>\n\n\n\n<li>bez sk\u0142adnik\u00f3w chemicznych<\/li>\n\n\n\n<li>nietoksyczny<\/li>\n<\/ul>\n\n\n\n<h2 class=\"wp-block-heading\" id=\"application\">Jak niezawodnie usuwa\u0107 zabrudzenia za pomoc\u0105 naszej g\u0105bki do wymazywania?<\/h2>\n\n\n\n<ol class=\"wp-block-list\">\n<li>Zwil\u017cy\u0107 i wycisn\u0105\u0107 g\u0105bk\u0119<\/li>\n\n\n\n<li>Lekko pocieraj zabrudzenia<\/li>\n\n\n\n<li>Nast\u0119pnie wyp\u0142ucz g\u0105bk\u0119 i u\u017cyj jej ponownie<\/li>\n<\/ol>\n<\/div>\n\n\n\n<div class=\"wp-block-column is-layout-flow wp-block-column-is-layout-flow\">\n<figure class=\"wp-block-image size-full\"><img fetchpriority=\"high\" decoding=\"async\" width=\"1105\" height=\"1105\" src=\"https:\/\/www.versiegelung24.com\/wp-content\/uploads\/2024\/01\/v24-9020-content-1.webp\" alt=\"\" class=\"wp-image-138069\" srcset=\"https:\/\/www.versiegelung24.com\/wp-content\/uploads\/2024\/01\/v24-9020-content-1.webp 1105w, https:\/\/www.versiegelung24.com\/wp-content\/uploads\/2024\/01\/v24-9020-content-1-300x300.webp 300w, https:\/\/www.versiegelung24.com\/wp-content\/uploads\/2024\/01\/v24-9020-content-1-80x80.webp 80w, https:\/\/www.versiegelung24.com\/wp-content\/uploads\/2024\/01\/v24-9020-content-1-768x768.webp 768w, https:\/\/www.versiegelung24.com\/wp-content\/uploads\/2024\/01\/v24-9020-content-1-70x70.webp 70w, https:\/\/www.versiegelung24.com\/wp-content\/uploads\/2024\/01\/v24-9020-content-1-400x400.webp 400w, https:\/\/www.versiegelung24.com\/wp-content\/uploads\/2024\/01\/v24-9020-content-1-600x600.webp 600w, https:\/\/www.versiegelung24.com\/wp-content\/uploads\/2024\/01\/v24-9020-content-1-100x100.webp 100w\" sizes=\"(max-width: 1105px) 100vw, 1105px\" \/><\/figure>\n<\/div>\n<\/div>\n\n<h2 class=\"wp-block-heading\" id=\"h-vielfaltige-einsatzmoglichkeiten-des-schmutzradierers\"><strong>Szeroki zakres zastosowa\u0144 gumki<\/strong><\/h2>\n\n<p>Gumka do \u015bcierania brudu od Versiegelung24.com to prawdziwie wszechstronne urz\u0105dzenie do usuwania uporczywych plam i zabrudze\u0144. Jego szeroki zakres zastosowa\u0144 sprawia, \u017ce jest niezast\u0105pionym pomocnikiem w gospodarstwie domowym. Oto kilka przyk\u0142ad\u00f3w zastosowa\u0144 naszej gumki:<\/p>\n\n<ol class=\"wp-block-list\">\n<li><strong>Usuwanie plam ze \u015bcian:<\/strong> Idealny do usuwania \u015blad\u00f3w i plam ze \u015bcian, takich jak odciski palc\u00f3w lub smugi brudu.<\/li>\n\n\n\n<li><strong>Czyszczenie urz\u0105dze\u0144 kuchennych:<\/strong> Skutecznie usuwa t\u0142uszcz i resztki jedzenia z powierzchni kuchennych, kuchenek i piekarnik\u00f3w.<\/li>\n\n\n\n<li><strong>Czyszczenie \u0142azienek:<\/strong> Usuwa kamie\u0144 i plamy z wody na armaturze, p\u0142ytkach i kabinach prysznicowych.<\/li>\n\n\n\n<li><strong>\u015arodek do czyszczenia obuwia:<\/strong> Usuwa uporczywe plamy i otarcia z but\u00f3w treningowych i innych materia\u0142\u00f3w obuwniczych.<\/li>\n\n\n\n<li><strong>Piel\u0119gnacja mebli:<\/strong> Idealny do czyszczenia plastikowych lub drewnianych powierzchni mebli, usuwa odciski palc\u00f3w i plamy.<\/li>\n\n\n\n<li><strong>Plamy na tekstyliach:<\/strong> Bezpiecznie usuwa plamy z sof, foteli i innych powierzchni wykonanych z tkanin.<\/li>\n\n\n\n<li><strong>Czyszczenie wn\u0119trza samochodu:<\/strong> Idealny do czyszczenia desek rozdzielczych, paneli drzwiowych i innych plastikowych cz\u0119\u015bci w samochodzie.<\/li>\n\n\n\n<li><strong>Komputery i elektronika:<\/strong> Bezpieczny do czyszczenia klawiatur i innych wra\u017cliwych urz\u0105dze\u0144 elektronicznych.<\/li>\n\n\n\n<li><strong>\u015arodek do czyszczenia zabawek:<\/strong> Usuwa brud i plamy z plastikowych zabawek bez szkodliwych chemikali\u00f3w.<\/li>\n\n\n\n<li><strong>Drzwi i klamki:<\/strong> Skutecznie usuwa odciski palc\u00f3w i zabrudzenia z klamek i framug drzwi.<\/li>\n<\/ol>\n\n<h2 class=\"wp-block-heading\" id=\"h-was-sie-vor-dem-kauf-des-radierschwamms-beachten-sollten\">Co nale\u017cy wzi\u0105\u0107 pod uwag\u0119 przed zakupem g\u0105bki do wymazywania?<\/h2>\n\n<h3 class=\"wp-block-heading\" id=\"h-geeignete-oberflachen-fur-den-wunderschwamm\">Odpowiednie powierzchnie dla cudownej g\u0105bki<\/h3>\n\n<p>Cudowna g\u0105bka to wszechstronne narz\u0119dzie do czyszczenia, kt\u00f3re mo\u017ce by\u0107 u\u017cywane na r\u00f3\u017cnych powierzchniach. Odpowiednie powierzchnie dla cudownej g\u0105bki obejmuj\u0105 <strong>plastik, stal nierdzewn\u0105, szk\u0142o, ceramik\u0119, tapety, p\u0142ytki i wiele innych<\/strong>. G\u0105bka mo\u017ce by\u0107 skutecznie u\u017cywana na tych materia\u0142ach do usuwania brudu, t\u0142uszczu i pozosta\u0142o\u015bci. Cudowna g\u0105bka nadaje si\u0119 r\u00f3wnie\u017c do delikatnych powierzchni, takich jak drewno, poniewa\u017c jest odporna na zarysowania i nie pozostawia nieestetycznych \u015blad\u00f3w. Mo\u017ce by\u0107 stosowany do delikatnego czyszczenia powierzchni bez ich uszkadzania.  <\/p>\n\n<p><\/p><h3>Na co zwr\u00f3ci\u0107 uwag\u0119<\/h3>G\u0105bk\u0119 mo\u017cna przyci\u0105\u0107 do odpowiedniego rozmiaru, aby dotrze\u0107 do szczeg\u00f3lnie trudnych obszar\u00f3w.  Zaleca <strong>si\u0119 ostro\u017cno\u015b\u0107 w przypadku szczeg\u00f3lnie wra\u017cliwych<\/strong>, <strong>b\u0142yszcz\u0105cych<\/strong>, <strong>malowanych<\/strong> i <strong>polerowanych<\/strong> <strong>powierzchni<\/strong>! Zaleca si\u0119 wcze\u015bniejsze przeprowadzenie testu na niepozornym obszarze i zauwa\u017cenie, \u017ce produkt \u015bciera si\u0119, szczeg\u00f3lnie na szorstkich powierzchniach. Po aplikacji powierzchnie nale\u017cy oczy\u015bci\u0107 czyst\u0105 wod\u0105, aby usun\u0105\u0107 wszelkie pozosta\u0142o\u015bci.\n","protected":false},"excerpt":{"rendered":"<p class=\"MsoNormal\"><strong>G\u0105bka melaminowa do wst\u0119pnego czyszczenia powierzchni<\/strong><\/p>\n<p>Wielokrotnego u\u017cytku<\/p>\n<p>Przyjazny dla \u015brodowiska<\/p>\n<p>Por\u0119czny<\/p>\n<p>Uniwersalne zastosowanie<\/p>\n<p>100x70x30mm<\/p>\n<p>&nbsp;<\/p>\n","protected":false},"featured_media":138040,"template":"","meta":{"_acf_changed":false,"neve_meta_sidebar":"","neve_meta_container":"","neve_meta_enable_content_width":"","neve_meta_content_width":0,"neve_meta_title_alignment":"","neve_meta_author_avatar":"","neve_post_elements_order":"","neve_meta_disable_header":"","neve_meta_disable_footer":"","neve_meta_disable_title":"","neve_meta_reading_time":"","_surfaces":[],"_ver_product_tabs":[],"footnotes":""},"product_brand":[],"product_cat":[2170,2219,2408,2418,2484,3081],"product_tag":[],"class_list":{"0":"post-145268","1":"product","2":"type-product","3":"status-publish","4":"has-post-thumbnail","6":"product_cat-uszczelnianie-samochodu","7":"product_cat-uszczelnianie-do-szkla-i-ceramiki","8":"product_cat-uszczelnienie-metalowe-i-plastikowe","9":"product_cat-srodki-czystosci","10":"product_cat-uszczelka-uniwersalna","11":"product_cat-ekwipunek","13":"first","14":"instock","15":"taxable","16":"shipping-taxable","17":"purchasable","18":"product-type-simple"},"acf":[],"yoast_head":"<!-- This site is optimized with the Yoast SEO Premium plugin v22.8 (Yoast SEO v27.5) - https:\/\/yoast.com\/product\/yoast-seo-premium-wordpress\/ -->\n<title>Kupuj gumki do mazania tanio online - Versiegelung24.com<\/title>\n<meta name=\"description\" content=\"Kup gumk\u0119 do brudu tanio online na Versiegelung24.com i usuwaj uporczywe zabrudzenia z r\u00f3\u017cnych powierzchni bez wysi\u0142ku.\" \/>\n<meta name=\"robots\" content=\"index, follow, max-snippet:-1, max-image-preview:large, max-video-preview:-1\" \/>\n<link rel=\"canonical\" href=\"https:\/\/www.versiegelung24.com\/pl\/v24-schmutzradierer-100x70x30mm.html\" \/>\n<meta property=\"og:locale\" content=\"pl_PL\" \/>\n<meta property=\"og:type\" content=\"article\" \/>\n<meta property=\"og:title\" content=\"V24 Gumka do brudu 100x70x30mm\" \/>\n<meta property=\"og:description\" content=\"Kup gumk\u0119 do brudu tanio online na Versiegelung24.com i usuwaj uporczywe zabrudzenia z r\u00f3\u017cnych powierzchni bez wysi\u0142ku.\" \/>\n<meta property=\"og:url\" content=\"https:\/\/www.versiegelung24.com\/pl\/v24-schmutzradierer-100x70x30mm.html\" \/>\n<meta property=\"og:site_name\" content=\"versiegelung24.com\" \/>\n<meta property=\"article:modified_time\" content=\"2025-01-05T14:45:11+00:00\" \/>\n<meta property=\"og:image\" content=\"https:\/\/www.versiegelung24.com\/wp-content\/uploads\/2024\/01\/V24-9020-3.webp\" \/>\n\t<meta property=\"og:image:width\" content=\"600\" \/>\n\t<meta property=\"og:image:height\" content=\"600\" \/>\n\t<meta property=\"og:image:type\" content=\"image\/webp\" \/>\n<meta name=\"twitter:card\" content=\"summary_large_image\" \/>\n<meta name=\"twitter:label1\" content=\"Cena\" \/>\n\t<meta name=\"twitter:data1\" content=\"0,99&euro;\" \/>\n\t<meta name=\"twitter:label2\" content=\"Dost\u0119pno\u015b\u0107\" \/>\n\t<meta name=\"twitter:data2\" content=\"Dost\u0119pny\" \/>\n<script type=\"application\/ld+json\" class=\"yoast-schema-graph\">{\"@context\":\"https:\\\/\\\/schema.org\",\"@graph\":[{\"@type\":\"WebPage\",\"@id\":\"https:\\\/\\\/www.versiegelung24.com\\\/pl\\\/v24-schmutzradierer-100x70x30mm.html\",\"url\":\"https:\\\/\\\/www.versiegelung24.com\\\/pl\\\/v24-schmutzradierer-100x70x30mm.html\",\"name\":\"Kupuj gumki do mazania tanio online - Versiegelung24.com\",\"isPartOf\":{\"@id\":\"https:\\\/\\\/www.versiegelung24.com\\\/pl\\\/#website\"},\"primaryImageOfPage\":{\"@id\":\"https:\\\/\\\/www.versiegelung24.com\\\/pl\\\/v24-schmutzradierer-100x70x30mm.html#primaryimage\"},\"image\":{\"@id\":\"https:\\\/\\\/www.versiegelung24.com\\\/pl\\\/v24-schmutzradierer-100x70x30mm.html#primaryimage\"},\"thumbnailUrl\":\"https:\\\/\\\/www.versiegelung24.com\\\/wp-content\\\/uploads\\\/2024\\\/01\\\/V24-9020-3.webp\",\"datePublished\":\"2024-01-13T10:21:31+00:00\",\"dateModified\":\"2025-01-05T14:45:11+00:00\",\"description\":\"Kup gumk\u0119 do brudu tanio online na Versiegelung24.com i usuwaj uporczywe zabrudzenia z r\u00f3\u017cnych powierzchni bez wysi\u0142ku.\",\"breadcrumb\":{\"@id\":\"https:\\\/\\\/www.versiegelung24.com\\\/pl\\\/v24-schmutzradierer-100x70x30mm.html#breadcrumb\"},\"inLanguage\":\"pl-PL\",\"potentialAction\":[{\"@type\":\"ReadAction\",\"target\":[\"https:\\\/\\\/www.versiegelung24.com\\\/pl\\\/v24-schmutzradierer-100x70x30mm.html\"]}]},{\"@type\":\"ImageObject\",\"inLanguage\":\"pl-PL\",\"@id\":\"https:\\\/\\\/www.versiegelung24.com\\\/pl\\\/v24-schmutzradierer-100x70x30mm.html#primaryimage\",\"url\":\"https:\\\/\\\/www.versiegelung24.com\\\/wp-content\\\/uploads\\\/2024\\\/01\\\/V24-9020-3.webp\",\"contentUrl\":\"https:\\\/\\\/www.versiegelung24.com\\\/wp-content\\\/uploads\\\/2024\\\/01\\\/V24-9020-3.webp\",\"width\":600,\"height\":600},{\"@type\":\"BreadcrumbList\",\"@id\":\"https:\\\/\\\/www.versiegelung24.com\\\/pl\\\/v24-schmutzradierer-100x70x30mm.html#breadcrumb\",\"itemListElement\":[{\"@type\":\"ListItem\",\"position\":1,\"name\":\"Strona g\u0142\u00f3wna\",\"item\":\"https:\\\/\\\/www.versiegelung24.com\\\/pl\\\/przod\\\/\"},{\"@type\":\"ListItem\",\"position\":2,\"name\":\"Sklep\",\"item\":\"https:\\\/\\\/www.versiegelung24.com\\\/pl\\\/sklep\\\/\"},{\"@type\":\"ListItem\",\"position\":3,\"name\":\"V24 Gumka do brudu 100x70x30mm\"}]},{\"@type\":\"WebSite\",\"@id\":\"https:\\\/\\\/www.versiegelung24.com\\\/pl\\\/#website\",\"url\":\"https:\\\/\\\/www.versiegelung24.com\\\/pl\\\/\",\"name\":\"versiegelung24.com\",\"description\":\"Fl\u00fcssigglas-Versiegelung - Made in Germany\",\"publisher\":{\"@id\":\"https:\\\/\\\/www.versiegelung24.com\\\/pl\\\/#organization\"},\"potentialAction\":[{\"@type\":\"SearchAction\",\"target\":{\"@type\":\"EntryPoint\",\"urlTemplate\":\"https:\\\/\\\/www.versiegelung24.com\\\/pl\\\/?s={search_term_string}\"},\"query-input\":{\"@type\":\"PropertyValueSpecification\",\"valueRequired\":true,\"valueName\":\"search_term_string\"}}],\"inLanguage\":\"pl-PL\"},{\"@type\":\"Organization\",\"@id\":\"https:\\\/\\\/www.versiegelung24.com\\\/pl\\\/#organization\",\"name\":\"versiegelung24\",\"url\":\"https:\\\/\\\/www.versiegelung24.com\\\/pl\\\/\",\"logo\":{\"@type\":\"ImageObject\",\"inLanguage\":\"pl-PL\",\"@id\":\"https:\\\/\\\/www.versiegelung24.com\\\/pl\\\/#\\\/schema\\\/logo\\\/image\\\/\",\"url\":\"https:\\\/\\\/www.versiegelung24.com\\\/wp-content\\\/uploads\\\/2020\\\/04\\\/versiegelung24.png\",\"contentUrl\":\"https:\\\/\\\/www.versiegelung24.com\\\/wp-content\\\/uploads\\\/2020\\\/04\\\/versiegelung24.png\",\"width\":470,\"height\":102,\"caption\":\"versiegelung24\"},\"image\":{\"@id\":\"https:\\\/\\\/www.versiegelung24.com\\\/pl\\\/#\\\/schema\\\/logo\\\/image\\\/\"}}]}<\/script>\n<meta property=\"product:price:amount\" content=\"0.99\" \/>\n<meta property=\"product:price:currency\" content=\"EUR\" \/>\n<meta property=\"og:availability\" content=\"instock\" \/>\n<meta property=\"product:availability\" content=\"instock\" \/>\n<meta property=\"product:retailer_item_id\" content=\"V24-9020-1\" \/>\n<meta property=\"product:condition\" content=\"new\" \/>\n<!-- \/ Yoast SEO Premium plugin. -->","yoast_head_json":{"title":"Kupuj gumki do mazania tanio online - Versiegelung24.com","description":"Kup gumk\u0119 do brudu tanio online na Versiegelung24.com i usuwaj uporczywe zabrudzenia z r\u00f3\u017cnych powierzchni bez wysi\u0142ku.","robots":{"index":"index","follow":"follow","max-snippet":"max-snippet:-1","max-image-preview":"max-image-preview:large","max-video-preview":"max-video-preview:-1"},"canonical":"https:\/\/www.versiegelung24.com\/pl\/v24-schmutzradierer-100x70x30mm.html","og_locale":"pl_PL","og_type":"article","og_title":"V24 Gumka do brudu 100x70x30mm","og_description":"Kup gumk\u0119 do brudu tanio online na Versiegelung24.com i usuwaj uporczywe zabrudzenia z r\u00f3\u017cnych powierzchni bez wysi\u0142ku.","og_url":"https:\/\/www.versiegelung24.com\/pl\/v24-schmutzradierer-100x70x30mm.html","og_site_name":"versiegelung24.com","article_modified_time":"2025-01-05T14:45:11+00:00","og_image":[{"width":600,"height":600,"url":"https:\/\/www.versiegelung24.com\/wp-content\/uploads\/2024\/01\/V24-9020-3.webp","type":"image\/webp"}],"twitter_card":"summary_large_image","twitter_misc":{"Cena":"0,99&euro;","Dost\u0119pno\u015b\u0107":"Dost\u0119pny"},"schema":{"@context":"https:\/\/schema.org","@graph":[{"@type":"WebPage","@id":"https:\/\/www.versiegelung24.com\/pl\/v24-schmutzradierer-100x70x30mm.html","url":"https:\/\/www.versiegelung24.com\/pl\/v24-schmutzradierer-100x70x30mm.html","name":"Kupuj gumki do mazania tanio online - Versiegelung24.com","isPartOf":{"@id":"https:\/\/www.versiegelung24.com\/pl\/#website"},"primaryImageOfPage":{"@id":"https:\/\/www.versiegelung24.com\/pl\/v24-schmutzradierer-100x70x30mm.html#primaryimage"},"image":{"@id":"https:\/\/www.versiegelung24.com\/pl\/v24-schmutzradierer-100x70x30mm.html#primaryimage"},"thumbnailUrl":"https:\/\/www.versiegelung24.com\/wp-content\/uploads\/2024\/01\/V24-9020-3.webp","datePublished":"2024-01-13T10:21:31+00:00","dateModified":"2025-01-05T14:45:11+00:00","description":"Kup gumk\u0119 do brudu tanio online na Versiegelung24.com i usuwaj uporczywe zabrudzenia z r\u00f3\u017cnych powierzchni bez wysi\u0142ku.","breadcrumb":{"@id":"https:\/\/www.versiegelung24.com\/pl\/v24-schmutzradierer-100x70x30mm.html#breadcrumb"},"inLanguage":"pl-PL","potentialAction":[{"@type":"ReadAction","target":["https:\/\/www.versiegelung24.com\/pl\/v24-schmutzradierer-100x70x30mm.html"]}]},{"@type":"ImageObject","inLanguage":"pl-PL","@id":"https:\/\/www.versiegelung24.com\/pl\/v24-schmutzradierer-100x70x30mm.html#primaryimage","url":"https:\/\/www.versiegelung24.com\/wp-content\/uploads\/2024\/01\/V24-9020-3.webp","contentUrl":"https:\/\/www.versiegelung24.com\/wp-content\/uploads\/2024\/01\/V24-9020-3.webp","width":600,"height":600},{"@type":"BreadcrumbList","@id":"https:\/\/www.versiegelung24.com\/pl\/v24-schmutzradierer-100x70x30mm.html#breadcrumb","itemListElement":[{"@type":"ListItem","position":1,"name":"Strona g\u0142\u00f3wna","item":"https:\/\/www.versiegelung24.com\/pl\/przod\/"},{"@type":"ListItem","position":2,"name":"Sklep","item":"https:\/\/www.versiegelung24.com\/pl\/sklep\/"},{"@type":"ListItem","position":3,"name":"V24 Gumka do brudu 100x70x30mm"}]},{"@type":"WebSite","@id":"https:\/\/www.versiegelung24.com\/pl\/#website","url":"https:\/\/www.versiegelung24.com\/pl\/","name":"versiegelung24.com","description":"Fl\u00fcssigglas-Versiegelung - Made in Germany","publisher":{"@id":"https:\/\/www.versiegelung24.com\/pl\/#organization"},"potentialAction":[{"@type":"SearchAction","target":{"@type":"EntryPoint","urlTemplate":"https:\/\/www.versiegelung24.com\/pl\/?s={search_term_string}"},"query-input":{"@type":"PropertyValueSpecification","valueRequired":true,"valueName":"search_term_string"}}],"inLanguage":"pl-PL"},{"@type":"Organization","@id":"https:\/\/www.versiegelung24.com\/pl\/#organization","name":"versiegelung24","url":"https:\/\/www.versiegelung24.com\/pl\/","logo":{"@type":"ImageObject","inLanguage":"pl-PL","@id":"https:\/\/www.versiegelung24.com\/pl\/#\/schema\/logo\/image\/","url":"https:\/\/www.versiegelung24.com\/wp-content\/uploads\/2020\/04\/versiegelung24.png","contentUrl":"https:\/\/www.versiegelung24.com\/wp-content\/uploads\/2020\/04\/versiegelung24.png","width":470,"height":102,"caption":"versiegelung24"},"image":{"@id":"https:\/\/www.versiegelung24.com\/pl\/#\/schema\/logo\/image\/"}}]},"product_price_amount":"0.99","product_price_currency":"EUR","og_availability":"instock","product_availability":"instock","product_retailer_item_id":"V24-9020-1","product_condition":"new"},"_links":{"self":[{"href":"https:\/\/www.versiegelung24.com\/pl\/wp-json\/wp\/v2\/product\/145268","targetHints":{"allow":["GET"]}}],"collection":[{"href":"https:\/\/www.versiegelung24.com\/pl\/wp-json\/wp\/v2\/product"}],"about":[{"href":"https:\/\/www.versiegelung24.com\/pl\/wp-json\/wp\/v2\/types\/product"}],"version-history":[{"count":1,"href":"https:\/\/www.versiegelung24.com\/pl\/wp-json\/wp\/v2\/product\/145268\/revisions"}],"predecessor-version":[{"id":145274,"href":"https:\/\/www.versiegelung24.com\/pl\/wp-json\/wp\/v2\/product\/145268\/revisions\/145274"}],"wp:featuredmedia":[{"embeddable":true,"href":"https:\/\/www.versiegelung24.com\/pl\/wp-json\/wp\/v2\/media\/138040"}],"wp:attachment":[{"href":"https:\/\/www.versiegelung24.com\/pl\/wp-json\/wp\/v2\/media?parent=145268"}],"wp:term":[{"taxonomy":"product_brand","embeddable":true,"href":"https:\/\/www.versiegelung24.com\/pl\/wp-json\/wp\/v2\/product_brand?post=145268"},{"taxonomy":"product_cat","embeddable":true,"href":"https:\/\/www.versiegelung24.com\/pl\/wp-json\/wp\/v2\/product_cat?post=145268"},{"taxonomy":"product_tag","embeddable":true,"href":"https:\/\/www.versiegelung24.com\/pl\/wp-json\/wp\/v2\/product_tag?post=145268"}],"curies":[{"name":"wp","href":"https:\/\/api.w.org\/{rel}","templated":true}]}}