{"id":149444,"date":"2022-02-11T08:49:15","date_gmt":"2024-01-29T19:41:22","guid":{"rendered":"https:\/\/www.versiegelung24.com\/product\/sciereczka-z-mikrofibry-40x40-cm-do-czyszczenia-wstepnego-lub-polerowania-w-kolorze-zoltym\/"},"modified":"2025-01-05T15:32:37","modified_gmt":"2025-01-05T14:32:37","slug":"sciereczka-z-mikrofibry-40x40cm-do-preparowania-lub-polerowania-zolta","status":"publish","type":"product","link":"https:\/\/www.versiegelung24.com\/pl\/sciereczka-z-mikrofibry-40x40-cm-do-czyszczenia-wstepnego-lub-polerowania-w-kolorze-zoltym.html","title":{"rendered":"\u015aciereczka z mikrofibry 40&#215;40 cm do czyszczenia wst\u0119pnego lub polerowania w kolorze \u017c\u00f3\u0142tym"},"content":{"rendered":"\n<p>\u015aciereczka z mikrofibry do czyszczenia wst\u0119pnego lub ko\u0144cowego polerowania.<\/p>\n\n<p>Ze wzgl\u0119du na wysok\u0105 ch\u0142onno\u015b\u0107 zalecamy r\u00f3wnie\u017c <a href=\"https:\/\/www.versiegelung24.com\/applikationstuch-20x20cm.html\">\u015bciereczk\u0119 z mikrofibry do nak\u0142adania naszych p\u0142ynnych uszczelniaczy<\/a> do szk\u0142a<\/p>\n\n<p>Zalecamy u\u017cywanie oddzielnej \u015bciereczki z mikrofibry do ka\u017cdego etapu aplikacji naszych uszczelniaczy i impregnat\u00f3w powierzchniowych.<\/p>\n\n<p>Je\u015bli po czyszczeniu na \u015bciereczce pozostanie brud, oznacza to, \u017ce powierzchnia nie zosta\u0142a jeszcze ca\u0142kowicie i optymalnie wyczyszczona. Dobry efekt uszczelnienia mo\u017cna osi\u0105gn\u0105\u0107 tylko wtedy, gdy na powierzchni nie ma ju\u017c brudu.<\/p>\n\n<hr\/>\n\n<h4 class=\"wp-block-heading\" id=\"properties\">Cechy produktu<\/h4>\n\n<div class=\"wp-block-columns is-layout-flex wp-container-core-columns-is-layout-9d6595d7 wp-block-columns-is-layout-flex\">\n<div class=\"wp-block-column is-layout-flow wp-block-column-is-layout-flow\">\n<p><br\/>Sk\u0142ad: 80% poliester, 20% poliamid Rozmiar: 40x40cm<\/p>\n<\/div>\n\n\n\n<div class=\"wp-block-column is-layout-flow wp-block-column-is-layout-flow\">\n<p>Wysoka jako\u015b\u0107 przy suchej masie 280 g\/m kw.<\/p>\n<\/div>\n<\/div>\n\n<hr\/>\n\n<h4 class=\"wp-block-heading\" id=\"application\">Zastosowanie<\/h4>\n\n<p>Mo\u017ce by\u0107 u\u017cywany uniwersalnie w pomieszczeniach i na zewn\u0105trz. Idealny rozmiar do czyszczenia szk\u0142a, ceramiki, \u0142odzi, samochod\u00f3w i kamper\u00f3w.<\/p>\n\n<p>Nierozmazuj\u0105ce si\u0119, odporne na zarysowania i szybkoschn\u0105ce czyszczenie. Cz\u0105steczki brudu i kurzu s\u0105 wch\u0142aniane praktycznie bez pozosta\u0142o\u015bci.<\/p>\n\n<p>Materia\u0142 jest wielokrotnego u\u017cytku, a zatem bardzo przyjazny dla \u015brodowiska. \u0141atwe do prania w pralce bez u\u017cycia detergent\u00f3w.<\/p>\n","protected":false},"excerpt":{"rendered":"<p><strong>\u015aciereczka z mikrofibry do czyszczenia wst\u0119pnego lub ko\u0144cowego polerowania:<\/strong><\/p>\n<p>Wielokrotnego u\u017cytku<\/p>\n<p>Przyjazny dla \u015brodowiska<\/p>\n<p>Wyj\u0105tkowa ch\u0142onno\u015b\u0107<\/p>\n<p>Szybkoschn\u0105ca<\/p>\n<p>Nie pozostawiaj\u0105ce k\u0142aczk\u00f3w<\/p>\n<p>Bez zarysowa\u0144<\/p>\n<p>80% poliester \/ 20% poliamid<\/p>\n<p>Waga na sucho 280 g\/m\u00b2<\/p>\n","protected":false},"featured_media":64791,"template":"","meta":{"_acf_changed":false,"neve_meta_sidebar":"","neve_meta_container":"","neve_meta_enable_content_width":"","neve_meta_content_width":0,"neve_meta_title_alignment":"","neve_meta_author_avatar":"","neve_post_elements_order":"","neve_meta_disable_header":"","neve_meta_disable_footer":"","neve_meta_disable_title":"","neve_meta_reading_time":"","_surfaces":[],"_ver_product_tabs":[],"footnotes":""},"product_brand":[],"product_cat":[2170,3081,2219,2407,2408,2418,2458,2459,2484,2767],"product_tag":[],"class_list":{"0":"post-149444","1":"product","2":"type-product","3":"status-publish","4":"has-post-thumbnail","6":"product_cat-uszczelnianie-samochodu","7":"product_cat-ekwipunek","8":"product_cat-uszczelnianie-do-szkla-i-ceramiki","9":"product_cat-srodki-dezynfekujace","10":"product_cat-uszczelnienie-metalowe-i-plastikowe","11":"product_cat-srodki-czystosci","12":"product_cat-srodki-do-dezynfekcji-powierzchni","13":"product_cat-koncentraty-dezynfekcyjne","14":"product_cat-uszczelka-uniwersalna","15":"product_cat-odkazacz-do-rak","16":"pa_farbe-niebieski","17":"pa_farbe-bialy","19":"first","20":"instock","21":"taxable","22":"shipping-taxable","23":"purchasable","24":"product-type-simple"},"acf":[],"yoast_head":"<!-- This site is optimized with the Yoast SEO Premium plugin v22.8 (Yoast SEO v27.5) - https:\/\/yoast.com\/product\/yoast-seo-premium-wordpress\/ -->\n<title>\u015aciereczka z mikrofibry 40x40 cm do czyszczenia wst\u0119pnego lub polerowania w kolorze \u017c\u00f3\u0142tym - versiegelung24.com<\/title>\n<meta name=\"description\" content=\"\u015aciereczka z mikrofibry &quot; Wyj\u0105tkowo ch\u0142onna &quot; Szybkoschn\u0105ca &quot; Nie pozostawiaj\u0105ca k\u0142aczk\u00f3w &quot; Odporna na zarysowania &quot; 80% poliester \/ 20% poliamid &quot; Sucha waga 280 g\/m kw.\" \/>\n<meta name=\"robots\" content=\"index, follow, max-snippet:-1, max-image-preview:large, max-video-preview:-1\" \/>\n<link rel=\"canonical\" href=\"https:\/\/www.versiegelung24.com\/pl\/sciereczka-z-mikrofibry-40x40-cm-do-czyszczenia-wstepnego-lub-polerowania-w-kolorze-zoltym.html\" \/>\n<meta property=\"og:locale\" content=\"pl_PL\" \/>\n<meta property=\"og:type\" content=\"article\" \/>\n<meta property=\"og:title\" content=\"\u015aciereczka z mikrofibry 40x40 cm do czyszczenia wst\u0119pnego lub polerowania w kolorze \u017c\u00f3\u0142tym\" \/>\n<meta property=\"og:description\" content=\"\u015aciereczka z mikrofibry &quot; Wyj\u0105tkowo ch\u0142onna &quot; Szybkoschn\u0105ca &quot; Nie pozostawiaj\u0105ca k\u0142aczk\u00f3w &quot; Odporna na zarysowania &quot; 80% poliester \/ 20% poliamid &quot; Sucha waga 280 g\/m kw.\" \/>\n<meta property=\"og:url\" content=\"https:\/\/www.versiegelung24.com\/pl\/sciereczka-z-mikrofibry-40x40-cm-do-czyszczenia-wstepnego-lub-polerowania-w-kolorze-zoltym.html\" \/>\n<meta property=\"og:site_name\" content=\"versiegelung24.com\" \/>\n<meta property=\"article:modified_time\" content=\"2025-01-05T14:32:37+00:00\" \/>\n<meta property=\"og:image\" content=\"https:\/\/www.versiegelung24.com\/wp-content\/uploads\/2022\/02\/V24-9004-1-Mikrofaser-gelb-40x40cm-Custom.jpg\" \/>\n\t<meta property=\"og:image:width\" content=\"1024\" \/>\n\t<meta property=\"og:image:height\" content=\"1024\" \/>\n\t<meta property=\"og:image:type\" content=\"image\/jpeg\" \/>\n<meta name=\"twitter:card\" content=\"summary_large_image\" \/>\n<meta name=\"twitter:label1\" content=\"Cena\" \/>\n\t<meta name=\"twitter:data1\" content=\"1,25&euro;\" \/>\n\t<meta name=\"twitter:label2\" content=\"Dost\u0119pno\u015b\u0107\" \/>\n\t<meta name=\"twitter:data2\" content=\"Dost\u0119pny\" \/>\n<script type=\"application\/ld+json\" class=\"yoast-schema-graph\">{\"@context\":\"https:\\\/\\\/schema.org\",\"@graph\":[{\"@type\":\"WebPage\",\"@id\":\"https:\\\/\\\/www.versiegelung24.com\\\/pl\\\/sciereczka-z-mikrofibry-40x40-cm-do-czyszczenia-wstepnego-lub-polerowania-w-kolorze-zoltym.html\",\"url\":\"https:\\\/\\\/www.versiegelung24.com\\\/pl\\\/sciereczka-z-mikrofibry-40x40-cm-do-czyszczenia-wstepnego-lub-polerowania-w-kolorze-zoltym.html\",\"name\":\"\u015aciereczka z mikrofibry 40x40 cm do czyszczenia wst\u0119pnego lub polerowania w kolorze \u017c\u00f3\u0142tym - versiegelung24.com\",\"isPartOf\":{\"@id\":\"https:\\\/\\\/www.versiegelung24.com\\\/pl\\\/#website\"},\"primaryImageOfPage\":{\"@id\":\"https:\\\/\\\/www.versiegelung24.com\\\/pl\\\/sciereczka-z-mikrofibry-40x40-cm-do-czyszczenia-wstepnego-lub-polerowania-w-kolorze-zoltym.html#primaryimage\"},\"image\":{\"@id\":\"https:\\\/\\\/www.versiegelung24.com\\\/pl\\\/sciereczka-z-mikrofibry-40x40-cm-do-czyszczenia-wstepnego-lub-polerowania-w-kolorze-zoltym.html#primaryimage\"},\"thumbnailUrl\":\"https:\\\/\\\/www.versiegelung24.com\\\/wp-content\\\/uploads\\\/2022\\\/02\\\/V24-9004-1-Mikrofaser-gelb-40x40cm-Custom.jpg\",\"datePublished\":\"2024-01-29T19:41:22+00:00\",\"dateModified\":\"2025-01-05T14:32:37+00:00\",\"description\":\"\u015aciereczka z mikrofibry \\\" Wyj\u0105tkowo ch\u0142onna \\\" Szybkoschn\u0105ca \\\" Nie pozostawiaj\u0105ca k\u0142aczk\u00f3w \\\" Odporna na zarysowania \\\" 80% poliester \\\/ 20% poliamid \\\" Sucha waga 280 g\\\/m kw.\",\"breadcrumb\":{\"@id\":\"https:\\\/\\\/www.versiegelung24.com\\\/pl\\\/sciereczka-z-mikrofibry-40x40-cm-do-czyszczenia-wstepnego-lub-polerowania-w-kolorze-zoltym.html#breadcrumb\"},\"inLanguage\":\"pl-PL\",\"potentialAction\":[{\"@type\":\"ReadAction\",\"target\":[\"https:\\\/\\\/www.versiegelung24.com\\\/pl\\\/sciereczka-z-mikrofibry-40x40-cm-do-czyszczenia-wstepnego-lub-polerowania-w-kolorze-zoltym.html\"]}]},{\"@type\":\"ImageObject\",\"inLanguage\":\"pl-PL\",\"@id\":\"https:\\\/\\\/www.versiegelung24.com\\\/pl\\\/sciereczka-z-mikrofibry-40x40-cm-do-czyszczenia-wstepnego-lub-polerowania-w-kolorze-zoltym.html#primaryimage\",\"url\":\"https:\\\/\\\/www.versiegelung24.com\\\/wp-content\\\/uploads\\\/2022\\\/02\\\/V24-9004-1-Mikrofaser-gelb-40x40cm-Custom.jpg\",\"contentUrl\":\"https:\\\/\\\/www.versiegelung24.com\\\/wp-content\\\/uploads\\\/2022\\\/02\\\/V24-9004-1-Mikrofaser-gelb-40x40cm-Custom.jpg\",\"width\":1024,\"height\":1024},{\"@type\":\"BreadcrumbList\",\"@id\":\"https:\\\/\\\/www.versiegelung24.com\\\/pl\\\/sciereczka-z-mikrofibry-40x40-cm-do-czyszczenia-wstepnego-lub-polerowania-w-kolorze-zoltym.html#breadcrumb\",\"itemListElement\":[{\"@type\":\"ListItem\",\"position\":1,\"name\":\"Strona g\u0142\u00f3wna\",\"item\":\"https:\\\/\\\/www.versiegelung24.com\\\/pl\\\/przod\\\/\"},{\"@type\":\"ListItem\",\"position\":2,\"name\":\"Sklep\",\"item\":\"https:\\\/\\\/www.versiegelung24.com\\\/pl\\\/sklep\\\/\"},{\"@type\":\"ListItem\",\"position\":3,\"name\":\"\u015aciereczka z mikrofibry 40&#215;40 cm do czyszczenia wst\u0119pnego lub polerowania w kolorze \u017c\u00f3\u0142tym\"}]},{\"@type\":\"WebSite\",\"@id\":\"https:\\\/\\\/www.versiegelung24.com\\\/pl\\\/#website\",\"url\":\"https:\\\/\\\/www.versiegelung24.com\\\/pl\\\/\",\"name\":\"versiegelung24.com\",\"description\":\"Fl\u00fcssigglas-Versiegelung - Made in Germany\",\"publisher\":{\"@id\":\"https:\\\/\\\/www.versiegelung24.com\\\/pl\\\/#organization\"},\"potentialAction\":[{\"@type\":\"SearchAction\",\"target\":{\"@type\":\"EntryPoint\",\"urlTemplate\":\"https:\\\/\\\/www.versiegelung24.com\\\/pl\\\/?s={search_term_string}\"},\"query-input\":{\"@type\":\"PropertyValueSpecification\",\"valueRequired\":true,\"valueName\":\"search_term_string\"}}],\"inLanguage\":\"pl-PL\"},{\"@type\":\"Organization\",\"@id\":\"https:\\\/\\\/www.versiegelung24.com\\\/pl\\\/#organization\",\"name\":\"versiegelung24\",\"url\":\"https:\\\/\\\/www.versiegelung24.com\\\/pl\\\/\",\"logo\":{\"@type\":\"ImageObject\",\"inLanguage\":\"pl-PL\",\"@id\":\"https:\\\/\\\/www.versiegelung24.com\\\/pl\\\/#\\\/schema\\\/logo\\\/image\\\/\",\"url\":\"https:\\\/\\\/www.versiegelung24.com\\\/wp-content\\\/uploads\\\/2020\\\/04\\\/versiegelung24.png\",\"contentUrl\":\"https:\\\/\\\/www.versiegelung24.com\\\/wp-content\\\/uploads\\\/2020\\\/04\\\/versiegelung24.png\",\"width\":470,\"height\":102,\"caption\":\"versiegelung24\"},\"image\":{\"@id\":\"https:\\\/\\\/www.versiegelung24.com\\\/pl\\\/#\\\/schema\\\/logo\\\/image\\\/\"}}]}<\/script>\n<meta property=\"product:price:amount\" content=\"1.25\" \/>\n<meta property=\"product:price:currency\" content=\"EUR\" \/>\n<meta property=\"og:availability\" content=\"instock\" \/>\n<meta property=\"product:availability\" content=\"instock\" \/>\n<meta property=\"product:retailer_item_id\" content=\"V24-9004\" \/>\n<meta property=\"product:condition\" content=\"new\" \/>\n<!-- \/ Yoast SEO Premium plugin. -->","yoast_head_json":{"title":"\u015aciereczka z mikrofibry 40x40 cm do czyszczenia wst\u0119pnego lub polerowania w kolorze \u017c\u00f3\u0142tym - versiegelung24.com","description":"\u015aciereczka z mikrofibry \" Wyj\u0105tkowo ch\u0142onna \" Szybkoschn\u0105ca \" Nie pozostawiaj\u0105ca k\u0142aczk\u00f3w \" Odporna na zarysowania \" 80% poliester \/ 20% poliamid \" Sucha waga 280 g\/m kw.","robots":{"index":"index","follow":"follow","max-snippet":"max-snippet:-1","max-image-preview":"max-image-preview:large","max-video-preview":"max-video-preview:-1"},"canonical":"https:\/\/www.versiegelung24.com\/pl\/sciereczka-z-mikrofibry-40x40-cm-do-czyszczenia-wstepnego-lub-polerowania-w-kolorze-zoltym.html","og_locale":"pl_PL","og_type":"article","og_title":"\u015aciereczka z mikrofibry 40x40 cm do czyszczenia wst\u0119pnego lub polerowania w kolorze \u017c\u00f3\u0142tym","og_description":"\u015aciereczka z mikrofibry \" Wyj\u0105tkowo ch\u0142onna \" Szybkoschn\u0105ca \" Nie pozostawiaj\u0105ca k\u0142aczk\u00f3w \" Odporna na zarysowania \" 80% poliester \/ 20% poliamid \" Sucha waga 280 g\/m kw.","og_url":"https:\/\/www.versiegelung24.com\/pl\/sciereczka-z-mikrofibry-40x40-cm-do-czyszczenia-wstepnego-lub-polerowania-w-kolorze-zoltym.html","og_site_name":"versiegelung24.com","article_modified_time":"2025-01-05T14:32:37+00:00","og_image":[{"width":1024,"height":1024,"url":"https:\/\/www.versiegelung24.com\/wp-content\/uploads\/2022\/02\/V24-9004-1-Mikrofaser-gelb-40x40cm-Custom.jpg","type":"image\/jpeg"}],"twitter_card":"summary_large_image","twitter_misc":{"Cena":"1,25&euro;","Dost\u0119pno\u015b\u0107":"Dost\u0119pny"},"schema":{"@context":"https:\/\/schema.org","@graph":[{"@type":"WebPage","@id":"https:\/\/www.versiegelung24.com\/pl\/sciereczka-z-mikrofibry-40x40-cm-do-czyszczenia-wstepnego-lub-polerowania-w-kolorze-zoltym.html","url":"https:\/\/www.versiegelung24.com\/pl\/sciereczka-z-mikrofibry-40x40-cm-do-czyszczenia-wstepnego-lub-polerowania-w-kolorze-zoltym.html","name":"\u015aciereczka z mikrofibry 40x40 cm do czyszczenia wst\u0119pnego lub polerowania w kolorze \u017c\u00f3\u0142tym - versiegelung24.com","isPartOf":{"@id":"https:\/\/www.versiegelung24.com\/pl\/#website"},"primaryImageOfPage":{"@id":"https:\/\/www.versiegelung24.com\/pl\/sciereczka-z-mikrofibry-40x40-cm-do-czyszczenia-wstepnego-lub-polerowania-w-kolorze-zoltym.html#primaryimage"},"image":{"@id":"https:\/\/www.versiegelung24.com\/pl\/sciereczka-z-mikrofibry-40x40-cm-do-czyszczenia-wstepnego-lub-polerowania-w-kolorze-zoltym.html#primaryimage"},"thumbnailUrl":"https:\/\/www.versiegelung24.com\/wp-content\/uploads\/2022\/02\/V24-9004-1-Mikrofaser-gelb-40x40cm-Custom.jpg","datePublished":"2024-01-29T19:41:22+00:00","dateModified":"2025-01-05T14:32:37+00:00","description":"\u015aciereczka z mikrofibry \" Wyj\u0105tkowo ch\u0142onna \" Szybkoschn\u0105ca \" Nie pozostawiaj\u0105ca k\u0142aczk\u00f3w \" Odporna na zarysowania \" 80% poliester \/ 20% poliamid \" Sucha waga 280 g\/m kw.","breadcrumb":{"@id":"https:\/\/www.versiegelung24.com\/pl\/sciereczka-z-mikrofibry-40x40-cm-do-czyszczenia-wstepnego-lub-polerowania-w-kolorze-zoltym.html#breadcrumb"},"inLanguage":"pl-PL","potentialAction":[{"@type":"ReadAction","target":["https:\/\/www.versiegelung24.com\/pl\/sciereczka-z-mikrofibry-40x40-cm-do-czyszczenia-wstepnego-lub-polerowania-w-kolorze-zoltym.html"]}]},{"@type":"ImageObject","inLanguage":"pl-PL","@id":"https:\/\/www.versiegelung24.com\/pl\/sciereczka-z-mikrofibry-40x40-cm-do-czyszczenia-wstepnego-lub-polerowania-w-kolorze-zoltym.html#primaryimage","url":"https:\/\/www.versiegelung24.com\/wp-content\/uploads\/2022\/02\/V24-9004-1-Mikrofaser-gelb-40x40cm-Custom.jpg","contentUrl":"https:\/\/www.versiegelung24.com\/wp-content\/uploads\/2022\/02\/V24-9004-1-Mikrofaser-gelb-40x40cm-Custom.jpg","width":1024,"height":1024},{"@type":"BreadcrumbList","@id":"https:\/\/www.versiegelung24.com\/pl\/sciereczka-z-mikrofibry-40x40-cm-do-czyszczenia-wstepnego-lub-polerowania-w-kolorze-zoltym.html#breadcrumb","itemListElement":[{"@type":"ListItem","position":1,"name":"Strona g\u0142\u00f3wna","item":"https:\/\/www.versiegelung24.com\/pl\/przod\/"},{"@type":"ListItem","position":2,"name":"Sklep","item":"https:\/\/www.versiegelung24.com\/pl\/sklep\/"},{"@type":"ListItem","position":3,"name":"\u015aciereczka z mikrofibry 40&#215;40 cm do czyszczenia wst\u0119pnego lub polerowania w kolorze \u017c\u00f3\u0142tym"}]},{"@type":"WebSite","@id":"https:\/\/www.versiegelung24.com\/pl\/#website","url":"https:\/\/www.versiegelung24.com\/pl\/","name":"versiegelung24.com","description":"Fl\u00fcssigglas-Versiegelung - Made in Germany","publisher":{"@id":"https:\/\/www.versiegelung24.com\/pl\/#organization"},"potentialAction":[{"@type":"SearchAction","target":{"@type":"EntryPoint","urlTemplate":"https:\/\/www.versiegelung24.com\/pl\/?s={search_term_string}"},"query-input":{"@type":"PropertyValueSpecification","valueRequired":true,"valueName":"search_term_string"}}],"inLanguage":"pl-PL"},{"@type":"Organization","@id":"https:\/\/www.versiegelung24.com\/pl\/#organization","name":"versiegelung24","url":"https:\/\/www.versiegelung24.com\/pl\/","logo":{"@type":"ImageObject","inLanguage":"pl-PL","@id":"https:\/\/www.versiegelung24.com\/pl\/#\/schema\/logo\/image\/","url":"https:\/\/www.versiegelung24.com\/wp-content\/uploads\/2020\/04\/versiegelung24.png","contentUrl":"https:\/\/www.versiegelung24.com\/wp-content\/uploads\/2020\/04\/versiegelung24.png","width":470,"height":102,"caption":"versiegelung24"},"image":{"@id":"https:\/\/www.versiegelung24.com\/pl\/#\/schema\/logo\/image\/"}}]},"product_price_amount":"1.25","product_price_currency":"EUR","og_availability":"instock","product_availability":"instock","product_retailer_item_id":"V24-9004","product_condition":"new"},"_links":{"self":[{"href":"https:\/\/www.versiegelung24.com\/pl\/wp-json\/wp\/v2\/product\/149444","targetHints":{"allow":["GET"]}}],"collection":[{"href":"https:\/\/www.versiegelung24.com\/pl\/wp-json\/wp\/v2\/product"}],"about":[{"href":"https:\/\/www.versiegelung24.com\/pl\/wp-json\/wp\/v2\/types\/product"}],"version-history":[{"count":8,"href":"https:\/\/www.versiegelung24.com\/pl\/wp-json\/wp\/v2\/product\/149444\/revisions"}],"predecessor-version":[{"id":178223,"href":"https:\/\/www.versiegelung24.com\/pl\/wp-json\/wp\/v2\/product\/149444\/revisions\/178223"}],"wp:featuredmedia":[{"embeddable":true,"href":"https:\/\/www.versiegelung24.com\/pl\/wp-json\/wp\/v2\/media\/64791"}],"wp:attachment":[{"href":"https:\/\/www.versiegelung24.com\/pl\/wp-json\/wp\/v2\/media?parent=149444"}],"wp:term":[{"taxonomy":"product_brand","embeddable":true,"href":"https:\/\/www.versiegelung24.com\/pl\/wp-json\/wp\/v2\/product_brand?post=149444"},{"taxonomy":"product_cat","embeddable":true,"href":"https:\/\/www.versiegelung24.com\/pl\/wp-json\/wp\/v2\/product_cat?post=149444"},{"taxonomy":"product_tag","embeddable":true,"href":"https:\/\/www.versiegelung24.com\/pl\/wp-json\/wp\/v2\/product_tag?post=149444"}],"curies":[{"name":"wp","href":"https:\/\/api.w.org\/{rel}","templated":true}]}}